{"id":76416,"date":"2024-08-23T10:34:13","date_gmt":"2024-08-23T10:34:13","guid":{"rendered":"https:\/\/my.stlflix.com\/?post_type=product&#038;p=76416"},"modified":"2024-12-22T11:35:49","modified_gmt":"2024-12-22T11:35:49","slug":"cat-and-yarn-echo-dot-holder-66c5237e72f46","status":"publish","type":"product","link":"https:\/\/my.stlflix.com\/es\/product\/cat-and-yarn-echo-dot-holder-66c5237e72f46\/","title":{"rendered":"Cat and Yarn Echo Dot Holder single Colour"},"content":{"rendered":"<div class=\"elementor-element elementor-element-031b7d8 e-con-full e-flex e-con e-child\" data-id=\"031b7d8\" data-element_type=\"container\">\n<div class=\"elementor-element elementor-element-1f4c9a2 elementor-widget elementor-widget-text-editor\" data-id=\"1f4c9a2\" data-element_type=\"widget\" data-widget_type=\"text-editor.default\">\n<div class=\"elementor-widget-container\">\n<p>\u201cAlexa, wer ist die sch\u00f6nste Katze im ganzen Land?\u201d \u2013 Ganz klar dieser Amazon Echo Halter in Katzenform. Spielerisch h\u00e4lt die Katze den Sprachassistenten unter Kontrolle.<\/p>\n<p>Dieses Produkt wird f\u00fcr Sie individuell in der Farbe angepasst und hergestellt.<\/p>\n<p>Ihre Auswahlm\u00f6glichkeiten:<\/p>\n<ul>\n<li>Einfarbig [24,99 \u20ac]<\/li>\n<\/ul>\n<p><a href=\"mailto:info@yvoprojects.de\">Hier Anfragen<\/a><\/p>\n<\/div>\n<\/div>\n<\/div>\n","protected":false},"excerpt":{"rendered":"<p>\u201cAlexa, wer ist die sch\u00f6nste Katze im ganzen Land?\u201d \u2013 Ganz klar dieser Amazon Echo Halter in Katzenform. Spielerisch h\u00e4lt die Katze den Sprachassistenten unter Kontrolle. Dieses Produkt wird f\u00fcr Sie individuell in der Farbe angepasst und hergestellt. Ihre Auswahlm\u00f6glichkeiten: Einfarbig [24,99 \u20ac] Hier Anfragen<\/p>\n","protected":false},"featured_media":4793,"comment_status":"open","ping_status":"closed","template":"","meta":[],"product_brand":[],"product_cat":[19],"product_tag":[759,823],"class_list":{"0":"post-76416","1":"product","2":"type-product","3":"status-publish","4":"has-post-thumbnail","6":"product_cat-animals","7":"product_tag-alexa","8":"product_tag-dekor","10":"first","11":"instock","12":"purchasable","13":"product-type-simple"},"yoast_head":"<!-- This site is optimized with the Yoast SEO plugin v25.1 - https:\/\/yoast.com\/wordpress\/plugins\/seo\/ -->\n<title>Katzen Echo Dot Halter<\/title>\n<meta name=\"description\" content=\"Ihre Katze spielt gern mit einem Wollkn\u00e4uel? Diese spielt gern mit Ihrem Echo Dot.\" \/>\n<meta name=\"robots\" content=\"index, follow, max-snippet:-1, max-image-preview:large, max-video-preview:-1\" \/>\n<link rel=\"canonical\" href=\"https:\/\/my.stlflix.com\/es\/product\/cat-and-yarn-echo-dot-holder-66c5237e72f46\/\" \/>\n<meta property=\"og:locale\" content=\"es_ES\" \/>\n<meta property=\"og:type\" content=\"article\" \/>\n<meta property=\"og:title\" content=\"Katzen Echo Dot Halter\" \/>\n<meta property=\"og:description\" content=\"Ihre Katze spielt gern mit einem Wollkn\u00e4uel? Diese spielt gern mit Ihrem Echo Dot.\" \/>\n<meta property=\"og:url\" content=\"https:\/\/my.stlflix.com\/es\/product\/cat-and-yarn-echo-dot-holder-66c5237e72f46\/\" \/>\n<meta property=\"og:site_name\" content=\"MyStore - By STLFLIX\" \/>\n<meta property=\"article:publisher\" content=\"https:\/\/www.facebook.com\/STLFLIX\" \/>\n<meta property=\"article:modified_time\" content=\"2024-12-22T11:35:49+00:00\" \/>\n<meta property=\"og:image\" content=\"https:\/\/my.stlflix.com\/wp-content\/uploads\/2024\/03\/Cat_and_Yarn_Echo_Dot_Holder_thumb_ec30874f70.jpg\" \/>\n\t<meta property=\"og:image:width\" content=\"1080\" \/>\n\t<meta property=\"og:image:height\" content=\"1350\" \/>\n\t<meta property=\"og:image:type\" content=\"image\/jpeg\" \/>\n<meta name=\"twitter:card\" content=\"summary_large_image\" \/>\n<script type=\"application\/ld+json\" class=\"yoast-schema-graph\">{\"@context\":\"https:\/\/schema.org\",\"@graph\":[{\"@type\":\"WebPage\",\"@id\":\"https:\/\/my.stlflix.com\/es\/product\/cat-and-yarn-echo-dot-holder-66c5237e72f46\/\",\"url\":\"https:\/\/my.stlflix.com\/es\/product\/cat-and-yarn-echo-dot-holder-66c5237e72f46\/\",\"name\":\"Katzen Echo Dot Halter\",\"isPartOf\":{\"@id\":\"https:\/\/my.stlflix.com\/#website\"},\"primaryImageOfPage\":{\"@id\":\"https:\/\/my.stlflix.com\/es\/product\/cat-and-yarn-echo-dot-holder-66c5237e72f46\/#primaryimage\"},\"image\":{\"@id\":\"https:\/\/my.stlflix.com\/es\/product\/cat-and-yarn-echo-dot-holder-66c5237e72f46\/#primaryimage\"},\"thumbnailUrl\":\"https:\/\/my.stlflix.com\/wp-content\/uploads\/2024\/03\/Cat_and_Yarn_Echo_Dot_Holder_thumb_ec30874f70.jpg\",\"datePublished\":\"2024-08-23T10:34:13+00:00\",\"dateModified\":\"2024-12-22T11:35:49+00:00\",\"description\":\"Ihre Katze spielt gern mit einem Wollkn\u00e4uel? Diese spielt gern mit Ihrem Echo Dot.\",\"breadcrumb\":{\"@id\":\"https:\/\/my.stlflix.com\/es\/product\/cat-and-yarn-echo-dot-holder-66c5237e72f46\/#breadcrumb\"},\"inLanguage\":\"es-ES\",\"potentialAction\":[{\"@type\":\"ReadAction\",\"target\":[\"https:\/\/my.stlflix.com\/es\/product\/cat-and-yarn-echo-dot-holder-66c5237e72f46\/\"]}]},{\"@type\":\"ImageObject\",\"inLanguage\":\"es-ES\",\"@id\":\"https:\/\/my.stlflix.com\/es\/product\/cat-and-yarn-echo-dot-holder-66c5237e72f46\/#primaryimage\",\"url\":\"https:\/\/my.stlflix.com\/wp-content\/uploads\/2024\/03\/Cat_and_Yarn_Echo_Dot_Holder_thumb_ec30874f70.jpg\",\"contentUrl\":\"https:\/\/my.stlflix.com\/wp-content\/uploads\/2024\/03\/Cat_and_Yarn_Echo_Dot_Holder_thumb_ec30874f70.jpg\",\"width\":1080,\"height\":1350},{\"@type\":\"BreadcrumbList\",\"@id\":\"https:\/\/my.stlflix.com\/es\/product\/cat-and-yarn-echo-dot-holder-66c5237e72f46\/#breadcrumb\",\"itemListElement\":[{\"@type\":\"ListItem\",\"position\":1,\"name\":\"Home\",\"item\":\"https:\/\/www.stlflix-store.com\/\"},{\"@type\":\"ListItem\",\"position\":2,\"name\":\"Products\",\"item\":\"https:\/\/www.stlflix-store.com\/shop\/\"},{\"@type\":\"ListItem\",\"position\":3,\"name\":\"Cat and Yarn Echo Dot Holder single Colour\"}]},{\"@type\":\"WebSite\",\"@id\":\"https:\/\/my.stlflix.com\/#website\",\"url\":\"https:\/\/my.stlflix.com\/\",\"name\":\"MyStore - By STLFLIX\",\"description\":\"\",\"publisher\":{\"@id\":\"https:\/\/my.stlflix.com\/#organization\"},\"potentialAction\":[{\"@type\":\"SearchAction\",\"target\":{\"@type\":\"EntryPoint\",\"urlTemplate\":\"https:\/\/my.stlflix.com\/?s={search_term_string}\"},\"query-input\":{\"@type\":\"PropertyValueSpecification\",\"valueRequired\":true,\"valueName\":\"search_term_string\"}}],\"inLanguage\":\"es-ES\"},{\"@type\":\"Organization\",\"@id\":\"https:\/\/my.stlflix.com\/#organization\",\"name\":\"MyStore - By STLFLIX\",\"url\":\"https:\/\/my.stlflix.com\/\",\"logo\":{\"@type\":\"ImageObject\",\"inLanguage\":\"es-ES\",\"@id\":\"https:\/\/my.stlflix.com\/#\/schema\/logo\/image\/\",\"url\":\"https:\/\/my.stlflix.com\/wp-content\/uploads\/2024\/06\/logo-mystore.png\",\"contentUrl\":\"https:\/\/my.stlflix.com\/wp-content\/uploads\/2024\/06\/logo-mystore.png\",\"width\":150,\"height\":41,\"caption\":\"MyStore - By STLFLIX\"},\"image\":{\"@id\":\"https:\/\/my.stlflix.com\/#\/schema\/logo\/image\/\"},\"sameAs\":[\"https:\/\/www.facebook.com\/STLFLIX\",\"https:\/\/www.instagram.com\/stlflix_\/\",\"https:\/\/www.tiktok.com\/@stlflix\"]}]}<\/script>\n<!-- \/ Yoast SEO plugin. -->","yoast_head_json":{"title":"Katzen Echo Dot Halter","description":"Ihre Katze spielt gern mit einem Wollkn\u00e4uel? Diese spielt gern mit Ihrem Echo Dot.","robots":{"index":"index","follow":"follow","max-snippet":"max-snippet:-1","max-image-preview":"max-image-preview:large","max-video-preview":"max-video-preview:-1"},"canonical":"https:\/\/my.stlflix.com\/es\/product\/cat-and-yarn-echo-dot-holder-66c5237e72f46\/","og_locale":"es_ES","og_type":"article","og_title":"Katzen Echo Dot Halter","og_description":"Ihre Katze spielt gern mit einem Wollkn\u00e4uel? Diese spielt gern mit Ihrem Echo Dot.","og_url":"https:\/\/my.stlflix.com\/es\/product\/cat-and-yarn-echo-dot-holder-66c5237e72f46\/","og_site_name":"MyStore - By STLFLIX","article_publisher":"https:\/\/www.facebook.com\/STLFLIX","article_modified_time":"2024-12-22T11:35:49+00:00","og_image":[{"width":1080,"height":1350,"url":"https:\/\/my.stlflix.com\/wp-content\/uploads\/2024\/03\/Cat_and_Yarn_Echo_Dot_Holder_thumb_ec30874f70.jpg","type":"image\/jpeg"}],"twitter_card":"summary_large_image","schema":{"@context":"https:\/\/schema.org","@graph":[{"@type":"WebPage","@id":"https:\/\/my.stlflix.com\/es\/product\/cat-and-yarn-echo-dot-holder-66c5237e72f46\/","url":"https:\/\/my.stlflix.com\/es\/product\/cat-and-yarn-echo-dot-holder-66c5237e72f46\/","name":"Katzen Echo Dot Halter","isPartOf":{"@id":"https:\/\/my.stlflix.com\/#website"},"primaryImageOfPage":{"@id":"https:\/\/my.stlflix.com\/es\/product\/cat-and-yarn-echo-dot-holder-66c5237e72f46\/#primaryimage"},"image":{"@id":"https:\/\/my.stlflix.com\/es\/product\/cat-and-yarn-echo-dot-holder-66c5237e72f46\/#primaryimage"},"thumbnailUrl":"https:\/\/my.stlflix.com\/wp-content\/uploads\/2024\/03\/Cat_and_Yarn_Echo_Dot_Holder_thumb_ec30874f70.jpg","datePublished":"2024-08-23T10:34:13+00:00","dateModified":"2024-12-22T11:35:49+00:00","description":"Ihre Katze spielt gern mit einem Wollkn\u00e4uel? Diese spielt gern mit Ihrem Echo Dot.","breadcrumb":{"@id":"https:\/\/my.stlflix.com\/es\/product\/cat-and-yarn-echo-dot-holder-66c5237e72f46\/#breadcrumb"},"inLanguage":"es-ES","potentialAction":[{"@type":"ReadAction","target":["https:\/\/my.stlflix.com\/es\/product\/cat-and-yarn-echo-dot-holder-66c5237e72f46\/"]}]},{"@type":"ImageObject","inLanguage":"es-ES","@id":"https:\/\/my.stlflix.com\/es\/product\/cat-and-yarn-echo-dot-holder-66c5237e72f46\/#primaryimage","url":"https:\/\/my.stlflix.com\/wp-content\/uploads\/2024\/03\/Cat_and_Yarn_Echo_Dot_Holder_thumb_ec30874f70.jpg","contentUrl":"https:\/\/my.stlflix.com\/wp-content\/uploads\/2024\/03\/Cat_and_Yarn_Echo_Dot_Holder_thumb_ec30874f70.jpg","width":1080,"height":1350},{"@type":"BreadcrumbList","@id":"https:\/\/my.stlflix.com\/es\/product\/cat-and-yarn-echo-dot-holder-66c5237e72f46\/#breadcrumb","itemListElement":[{"@type":"ListItem","position":1,"name":"Home","item":"https:\/\/www.stlflix-store.com\/"},{"@type":"ListItem","position":2,"name":"Products","item":"https:\/\/www.stlflix-store.com\/shop\/"},{"@type":"ListItem","position":3,"name":"Cat and Yarn Echo Dot Holder single Colour"}]},{"@type":"WebSite","@id":"https:\/\/my.stlflix.com\/#website","url":"https:\/\/my.stlflix.com\/","name":"MyStore - By STLFLIX","description":"","publisher":{"@id":"https:\/\/my.stlflix.com\/#organization"},"potentialAction":[{"@type":"SearchAction","target":{"@type":"EntryPoint","urlTemplate":"https:\/\/my.stlflix.com\/?s={search_term_string}"},"query-input":{"@type":"PropertyValueSpecification","valueRequired":true,"valueName":"search_term_string"}}],"inLanguage":"es-ES"},{"@type":"Organization","@id":"https:\/\/my.stlflix.com\/#organization","name":"MyStore - By STLFLIX","url":"https:\/\/my.stlflix.com\/","logo":{"@type":"ImageObject","inLanguage":"es-ES","@id":"https:\/\/my.stlflix.com\/#\/schema\/logo\/image\/","url":"https:\/\/my.stlflix.com\/wp-content\/uploads\/2024\/06\/logo-mystore.png","contentUrl":"https:\/\/my.stlflix.com\/wp-content\/uploads\/2024\/06\/logo-mystore.png","width":150,"height":41,"caption":"MyStore - By STLFLIX"},"image":{"@id":"https:\/\/my.stlflix.com\/#\/schema\/logo\/image\/"},"sameAs":["https:\/\/www.facebook.com\/STLFLIX","https:\/\/www.instagram.com\/stlflix_\/","https:\/\/www.tiktok.com\/@stlflix"]}]}},"_links":{"self":[{"href":"https:\/\/my.stlflix.com\/es\/wp-json\/wp\/v2\/product\/76416","targetHints":{"allow":["GET"]}}],"collection":[{"href":"https:\/\/my.stlflix.com\/es\/wp-json\/wp\/v2\/product"}],"about":[{"href":"https:\/\/my.stlflix.com\/es\/wp-json\/wp\/v2\/types\/product"}],"replies":[{"embeddable":true,"href":"https:\/\/my.stlflix.com\/es\/wp-json\/wp\/v2\/comments?post=76416"}],"wp:featuredmedia":[{"embeddable":true,"href":"https:\/\/my.stlflix.com\/es\/wp-json\/wp\/v2\/media\/4793"}],"wp:attachment":[{"href":"https:\/\/my.stlflix.com\/es\/wp-json\/wp\/v2\/media?parent=76416"}],"wp:term":[{"taxonomy":"product_brand","embeddable":true,"href":"https:\/\/my.stlflix.com\/es\/wp-json\/wp\/v2\/product_brand?post=76416"},{"taxonomy":"product_cat","embeddable":true,"href":"https:\/\/my.stlflix.com\/es\/wp-json\/wp\/v2\/product_cat?post=76416"},{"taxonomy":"product_tag","embeddable":true,"href":"https:\/\/my.stlflix.com\/es\/wp-json\/wp\/v2\/product_tag?post=76416"}],"curies":[{"name":"wp","href":"https:\/\/api.w.org\/{rel}","templated":true}]}}