{"id":76423,"date":"2024-08-23T10:47:25","date_gmt":"2024-08-23T10:47:25","guid":{"rendered":"https:\/\/my.stlflix.com\/?post_type=product&#038;p=76423"},"modified":"2024-12-22T11:35:50","modified_gmt":"2024-12-22T11:35:50","slug":"sea-turtle-soap-dish","status":"publish","type":"product","link":"https:\/\/my.stlflix.com\/es\/product\/sea-turtle-soap-dish\/","title":{"rendered":"Sea Turtle Soap Dish"},"content":{"rendered":"<div class=\"elementor-element elementor-element-abd5b6f e-con-full e-flex e-con e-child\" data-id=\"abd5b6f\" data-element_type=\"container\">\n<div class=\"elementor-element elementor-element-38cc112 elementor-widget elementor-widget-text-editor\" data-id=\"38cc112\" data-element_type=\"widget\" data-widget_type=\"text-editor.default\">\n<div class=\"elementor-widget-container\">\n<p>Ach wie S\u00fc\u00df! Die kleine Schildkr\u00f6te tr\u00e4gt Ihre Lieblingsseife auf ihrem R\u00fccken. Pimpen Sie Ihr Bad mit einem kleinen Accessoire auf und es wird zum Hingucker!<\/p>\n<p>Dieses Produkt wird f\u00fcr Sie individuell in der Farbe angepasst und hergestellt.<\/p>\n<p>Ihre Auswahlm\u00f6glichkeiten:<\/p>\n<ul>\n<li>Farbe K\u00f6rper<\/li>\n<li>Farbe Augen<\/li>\n<\/ul>\n<p>[11,90 \u20ac]<\/p>\n<p><a href=\"mailto:info@yvoprojects.de\">Hier Anfragen<\/a><\/p>\n<\/div>\n<\/div>\n<\/div>\n","protected":false},"excerpt":{"rendered":"<p>Ach wie S\u00fc\u00df! Die kleine Schildkr\u00f6te tr\u00e4gt Ihre Lieblingsseife auf ihrem R\u00fccken. Pimpen Sie Ihr Bad mit einem kleinen Accessoire auf und es wird zum Hingucker! Dieses Produkt wird f\u00fcr Sie individuell in der Farbe angepasst und hergestellt. Ihre Auswahlm\u00f6glichkeiten: Farbe K\u00f6rper Farbe Augen [11,90 \u20ac] Hier Anfragen<\/p>\n","protected":false},"featured_media":6691,"comment_status":"open","ping_status":"closed","template":"","meta":[],"product_brand":[],"product_cat":[19],"product_tag":[827,823],"class_list":{"0":"post-76423","1":"product","2":"type-product","3":"status-publish","4":"has-post-thumbnail","6":"product_cat-animals","7":"product_tag-bathroom","8":"product_tag-dekor","10":"first","11":"instock","12":"purchasable","13":"product-type-simple"},"yoast_head":"<!-- This site is optimized with the Yoast SEO plugin v25.1 - https:\/\/yoast.com\/wordpress\/plugins\/seo\/ -->\n<title>Sea Turtle Soap Dish<\/title>\n<meta name=\"description\" content=\"Sie brauchen noch ein Blockseifenhalter? Dann finden Sie hier den richtigen f\u00fcr Ihr Bad. Oder als Geschenk f\u00fcr einen Meerliebhaber.\" \/>\n<meta name=\"robots\" content=\"index, follow, max-snippet:-1, max-image-preview:large, max-video-preview:-1\" \/>\n<link rel=\"canonical\" href=\"https:\/\/www.testeminhalojamandela.biz\/product\/sea-turtle-soap-dish\/\" \/>\n<meta property=\"og:locale\" content=\"es_ES\" \/>\n<meta property=\"og:type\" content=\"article\" \/>\n<meta property=\"og:title\" content=\"Sea Turtle Soap Dish\" \/>\n<meta property=\"og:description\" content=\"Sie brauchen noch ein Blockseifenhalter? Dann finden Sie hier den richtigen f\u00fcr Ihr Bad. Oder als Geschenk f\u00fcr einen Meerliebhaber.\" \/>\n<meta property=\"og:url\" content=\"https:\/\/www.testeminhalojamandela.biz\/product\/sea-turtle-soap-dish\/\" \/>\n<meta property=\"og:site_name\" content=\"MyStore - By STLFLIX\" \/>\n<meta property=\"article:publisher\" content=\"https:\/\/www.facebook.com\/STLFLIX\" \/>\n<meta property=\"article:modified_time\" content=\"2024-12-22T11:35:50+00:00\" \/>\n<meta property=\"og:image\" content=\"https:\/\/www.testeminhalojamandela.biz\/wp-content\/uploads\/2024\/03\/FEED_e3d5db8485.jpg\" \/>\n\t<meta property=\"og:image:width\" content=\"1079\" \/>\n\t<meta property=\"og:image:height\" content=\"1350\" \/>\n\t<meta property=\"og:image:type\" content=\"image\/jpeg\" \/>\n<meta name=\"twitter:card\" content=\"summary_large_image\" \/>\n<script type=\"application\/ld+json\" class=\"yoast-schema-graph\">{\"@context\":\"https:\/\/schema.org\",\"@graph\":[{\"@type\":\"WebPage\",\"@id\":\"https:\/\/www.testeminhalojamandela.biz\/product\/sea-turtle-soap-dish\/\",\"url\":\"https:\/\/www.testeminhalojamandela.biz\/product\/sea-turtle-soap-dish\/\",\"name\":\"Sea Turtle Soap Dish\",\"isPartOf\":{\"@id\":\"https:\/\/my.stlflix.com\/#website\"},\"primaryImageOfPage\":{\"@id\":\"https:\/\/www.testeminhalojamandela.biz\/product\/sea-turtle-soap-dish\/#primaryimage\"},\"image\":{\"@id\":\"https:\/\/www.testeminhalojamandela.biz\/product\/sea-turtle-soap-dish\/#primaryimage\"},\"thumbnailUrl\":\"https:\/\/my.stlflix.com\/wp-content\/uploads\/2024\/03\/FEED_e3d5db8485.jpg\",\"datePublished\":\"2024-08-23T10:47:25+00:00\",\"dateModified\":\"2024-12-22T11:35:50+00:00\",\"description\":\"Sie brauchen noch ein Blockseifenhalter? Dann finden Sie hier den richtigen f\u00fcr Ihr Bad. Oder als Geschenk f\u00fcr einen Meerliebhaber.\",\"breadcrumb\":{\"@id\":\"https:\/\/www.testeminhalojamandela.biz\/product\/sea-turtle-soap-dish\/#breadcrumb\"},\"inLanguage\":\"es-ES\",\"potentialAction\":[{\"@type\":\"ReadAction\",\"target\":[\"https:\/\/www.testeminhalojamandela.biz\/product\/sea-turtle-soap-dish\/\"]}]},{\"@type\":\"ImageObject\",\"inLanguage\":\"es-ES\",\"@id\":\"https:\/\/www.testeminhalojamandela.biz\/product\/sea-turtle-soap-dish\/#primaryimage\",\"url\":\"https:\/\/my.stlflix.com\/wp-content\/uploads\/2024\/03\/FEED_e3d5db8485.jpg\",\"contentUrl\":\"https:\/\/my.stlflix.com\/wp-content\/uploads\/2024\/03\/FEED_e3d5db8485.jpg\",\"width\":1079,\"height\":1350},{\"@type\":\"BreadcrumbList\",\"@id\":\"https:\/\/www.testeminhalojamandela.biz\/product\/sea-turtle-soap-dish\/#breadcrumb\",\"itemListElement\":[{\"@type\":\"ListItem\",\"position\":1,\"name\":\"Home\",\"item\":\"https:\/\/www.stlflix-store.com\/\"},{\"@type\":\"ListItem\",\"position\":2,\"name\":\"Products\",\"item\":\"https:\/\/www.stlflix-store.com\/shop\/\"},{\"@type\":\"ListItem\",\"position\":3,\"name\":\"Sea Turtle Soap Dish\"}]},{\"@type\":\"WebSite\",\"@id\":\"https:\/\/my.stlflix.com\/#website\",\"url\":\"https:\/\/my.stlflix.com\/\",\"name\":\"MyStore - By STLFLIX\",\"description\":\"\",\"publisher\":{\"@id\":\"https:\/\/my.stlflix.com\/#organization\"},\"potentialAction\":[{\"@type\":\"SearchAction\",\"target\":{\"@type\":\"EntryPoint\",\"urlTemplate\":\"https:\/\/my.stlflix.com\/?s={search_term_string}\"},\"query-input\":{\"@type\":\"PropertyValueSpecification\",\"valueRequired\":true,\"valueName\":\"search_term_string\"}}],\"inLanguage\":\"es-ES\"},{\"@type\":\"Organization\",\"@id\":\"https:\/\/my.stlflix.com\/#organization\",\"name\":\"MyStore - By STLFLIX\",\"url\":\"https:\/\/my.stlflix.com\/\",\"logo\":{\"@type\":\"ImageObject\",\"inLanguage\":\"es-ES\",\"@id\":\"https:\/\/my.stlflix.com\/#\/schema\/logo\/image\/\",\"url\":\"https:\/\/my.stlflix.com\/wp-content\/uploads\/2024\/06\/logo-mystore.png\",\"contentUrl\":\"https:\/\/my.stlflix.com\/wp-content\/uploads\/2024\/06\/logo-mystore.png\",\"width\":150,\"height\":41,\"caption\":\"MyStore - By STLFLIX\"},\"image\":{\"@id\":\"https:\/\/my.stlflix.com\/#\/schema\/logo\/image\/\"},\"sameAs\":[\"https:\/\/www.facebook.com\/STLFLIX\",\"https:\/\/www.instagram.com\/stlflix_\/\",\"https:\/\/www.tiktok.com\/@stlflix\"]}]}<\/script>\n<!-- \/ Yoast SEO plugin. -->","yoast_head_json":{"title":"Sea Turtle Soap Dish","description":"Sie brauchen noch ein Blockseifenhalter? Dann finden Sie hier den richtigen f\u00fcr Ihr Bad. Oder als Geschenk f\u00fcr einen Meerliebhaber.","robots":{"index":"index","follow":"follow","max-snippet":"max-snippet:-1","max-image-preview":"max-image-preview:large","max-video-preview":"max-video-preview:-1"},"canonical":"https:\/\/www.testeminhalojamandela.biz\/product\/sea-turtle-soap-dish\/","og_locale":"es_ES","og_type":"article","og_title":"Sea Turtle Soap Dish","og_description":"Sie brauchen noch ein Blockseifenhalter? Dann finden Sie hier den richtigen f\u00fcr Ihr Bad. Oder als Geschenk f\u00fcr einen Meerliebhaber.","og_url":"https:\/\/www.testeminhalojamandela.biz\/product\/sea-turtle-soap-dish\/","og_site_name":"MyStore - By STLFLIX","article_publisher":"https:\/\/www.facebook.com\/STLFLIX","article_modified_time":"2024-12-22T11:35:50+00:00","og_image":[{"width":1079,"height":1350,"url":"https:\/\/www.testeminhalojamandela.biz\/wp-content\/uploads\/2024\/03\/FEED_e3d5db8485.jpg","type":"image\/jpeg"}],"twitter_card":"summary_large_image","schema":{"@context":"https:\/\/schema.org","@graph":[{"@type":"WebPage","@id":"https:\/\/www.testeminhalojamandela.biz\/product\/sea-turtle-soap-dish\/","url":"https:\/\/www.testeminhalojamandela.biz\/product\/sea-turtle-soap-dish\/","name":"Sea Turtle Soap Dish","isPartOf":{"@id":"https:\/\/my.stlflix.com\/#website"},"primaryImageOfPage":{"@id":"https:\/\/www.testeminhalojamandela.biz\/product\/sea-turtle-soap-dish\/#primaryimage"},"image":{"@id":"https:\/\/www.testeminhalojamandela.biz\/product\/sea-turtle-soap-dish\/#primaryimage"},"thumbnailUrl":"https:\/\/my.stlflix.com\/wp-content\/uploads\/2024\/03\/FEED_e3d5db8485.jpg","datePublished":"2024-08-23T10:47:25+00:00","dateModified":"2024-12-22T11:35:50+00:00","description":"Sie brauchen noch ein Blockseifenhalter? Dann finden Sie hier den richtigen f\u00fcr Ihr Bad. Oder als Geschenk f\u00fcr einen Meerliebhaber.","breadcrumb":{"@id":"https:\/\/www.testeminhalojamandela.biz\/product\/sea-turtle-soap-dish\/#breadcrumb"},"inLanguage":"es-ES","potentialAction":[{"@type":"ReadAction","target":["https:\/\/www.testeminhalojamandela.biz\/product\/sea-turtle-soap-dish\/"]}]},{"@type":"ImageObject","inLanguage":"es-ES","@id":"https:\/\/www.testeminhalojamandela.biz\/product\/sea-turtle-soap-dish\/#primaryimage","url":"https:\/\/my.stlflix.com\/wp-content\/uploads\/2024\/03\/FEED_e3d5db8485.jpg","contentUrl":"https:\/\/my.stlflix.com\/wp-content\/uploads\/2024\/03\/FEED_e3d5db8485.jpg","width":1079,"height":1350},{"@type":"BreadcrumbList","@id":"https:\/\/www.testeminhalojamandela.biz\/product\/sea-turtle-soap-dish\/#breadcrumb","itemListElement":[{"@type":"ListItem","position":1,"name":"Home","item":"https:\/\/www.stlflix-store.com\/"},{"@type":"ListItem","position":2,"name":"Products","item":"https:\/\/www.stlflix-store.com\/shop\/"},{"@type":"ListItem","position":3,"name":"Sea Turtle Soap Dish"}]},{"@type":"WebSite","@id":"https:\/\/my.stlflix.com\/#website","url":"https:\/\/my.stlflix.com\/","name":"MyStore - By STLFLIX","description":"","publisher":{"@id":"https:\/\/my.stlflix.com\/#organization"},"potentialAction":[{"@type":"SearchAction","target":{"@type":"EntryPoint","urlTemplate":"https:\/\/my.stlflix.com\/?s={search_term_string}"},"query-input":{"@type":"PropertyValueSpecification","valueRequired":true,"valueName":"search_term_string"}}],"inLanguage":"es-ES"},{"@type":"Organization","@id":"https:\/\/my.stlflix.com\/#organization","name":"MyStore - By STLFLIX","url":"https:\/\/my.stlflix.com\/","logo":{"@type":"ImageObject","inLanguage":"es-ES","@id":"https:\/\/my.stlflix.com\/#\/schema\/logo\/image\/","url":"https:\/\/my.stlflix.com\/wp-content\/uploads\/2024\/06\/logo-mystore.png","contentUrl":"https:\/\/my.stlflix.com\/wp-content\/uploads\/2024\/06\/logo-mystore.png","width":150,"height":41,"caption":"MyStore - By STLFLIX"},"image":{"@id":"https:\/\/my.stlflix.com\/#\/schema\/logo\/image\/"},"sameAs":["https:\/\/www.facebook.com\/STLFLIX","https:\/\/www.instagram.com\/stlflix_\/","https:\/\/www.tiktok.com\/@stlflix"]}]}},"_links":{"self":[{"href":"https:\/\/my.stlflix.com\/es\/wp-json\/wp\/v2\/product\/76423","targetHints":{"allow":["GET"]}}],"collection":[{"href":"https:\/\/my.stlflix.com\/es\/wp-json\/wp\/v2\/product"}],"about":[{"href":"https:\/\/my.stlflix.com\/es\/wp-json\/wp\/v2\/types\/product"}],"replies":[{"embeddable":true,"href":"https:\/\/my.stlflix.com\/es\/wp-json\/wp\/v2\/comments?post=76423"}],"wp:featuredmedia":[{"embeddable":true,"href":"https:\/\/my.stlflix.com\/es\/wp-json\/wp\/v2\/media\/6691"}],"wp:attachment":[{"href":"https:\/\/my.stlflix.com\/es\/wp-json\/wp\/v2\/media?parent=76423"}],"wp:term":[{"taxonomy":"product_brand","embeddable":true,"href":"https:\/\/my.stlflix.com\/es\/wp-json\/wp\/v2\/product_brand?post=76423"},{"taxonomy":"product_cat","embeddable":true,"href":"https:\/\/my.stlflix.com\/es\/wp-json\/wp\/v2\/product_cat?post=76423"},{"taxonomy":"product_tag","embeddable":true,"href":"https:\/\/my.stlflix.com\/es\/wp-json\/wp\/v2\/product_tag?post=76423"}],"curies":[{"name":"wp","href":"https:\/\/api.w.org\/{rel}","templated":true}]}}