{"id":76426,"date":"2024-08-23T10:31:25","date_gmt":"2024-08-23T10:31:25","guid":{"rendered":"https:\/\/my.stlflix.com\/?post_type=product&#038;p=76426"},"modified":"2024-12-22T11:35:50","modified_gmt":"2024-12-22T11:35:50","slug":"bear-wine-holder-66c523a7c2011","status":"publish","type":"product","link":"https:\/\/my.stlflix.com\/es\/product\/bear-wine-holder-66c523a7c2011\/","title":{"rendered":"Bear Wine Holder"},"content":{"rendered":"<div class=\"elementor-element elementor-element-cd0da0f e-con-full e-flex e-con e-child\" data-id=\"cd0da0f\" data-element_type=\"container\">\n<div class=\"elementor-element elementor-element-0ae476d elementor-widget elementor-widget-text-editor\" data-id=\"0ae476d\" data-element_type=\"widget\" data-widget_type=\"text-editor.default\">\n<div class=\"elementor-widget-container\">\n<p>Oje \u2026 der B\u00e4r hat getrunken. Stylisch, aber mit Humor, h\u00e4lt der B\u00e4r Ihr Weinflasche in den Pfoten. Aber passen Sie auf, dass er nicht einen gro\u00dfen Schluck nimmt.<\/p>\n<p>Dieses Produkt wird f\u00fcr Sie individuell in der Farbe angepasst und hergestellt.<\/p>\n<p>Ihre Auswahlm\u00f6glichkeiten:<\/p>\n<ul>\n<li>Farbe<\/li>\n<\/ul>\n<p>[34,90 \u20ac]<\/p>\n<p><a href=\"mailto:info@yvoprojects.de\">Hier Anfragen<\/a><\/p>\n<\/div>\n<\/div>\n<\/div>\n","protected":false},"excerpt":{"rendered":"<p>Oje \u2026 der B\u00e4r hat getrunken. Stylisch, aber mit Humor, h\u00e4lt der B\u00e4r Ihr Weinflasche in den Pfoten. Aber passen Sie auf, dass er nicht einen gro\u00dfen Schluck nimmt. Dieses Produkt wird f\u00fcr Sie individuell in der Farbe angepasst und hergestellt. Ihre Auswahlm\u00f6glichkeiten: Farbe [34,90 \u20ac] Hier Anfragen<\/p>\n","protected":false},"featured_media":9099,"comment_status":"open","ping_status":"closed","template":"","meta":[],"product_brand":[],"product_cat":[19],"product_tag":[824],"class_list":{"0":"post-76426","1":"product","2":"type-product","3":"status-publish","4":"has-post-thumbnail","6":"product_cat-animals","7":"product_tag-wein","9":"first","10":"instock","11":"purchasable","12":"product-type-simple"},"yoast_head":"<!-- This site is optimized with the Yoast SEO plugin v25.1 - https:\/\/yoast.com\/wordpress\/plugins\/seo\/ -->\n<title>Bear Wine Holder<\/title>\n<meta name=\"description\" content=\"Ihr Weinhalter in Form eines B\u00e4ren. Aber passen Sie auf, nicht das er Ihre kostbaren Tropfen wegtrinkt ;)\" \/>\n<meta name=\"robots\" content=\"index, follow, max-snippet:-1, max-image-preview:large, max-video-preview:-1\" \/>\n<link rel=\"canonical\" href=\"https:\/\/my.stlflix.com\/es\/product\/bear-wine-holder-66c523a7c2011\/\" \/>\n<meta property=\"og:locale\" content=\"es_ES\" \/>\n<meta property=\"og:type\" content=\"article\" \/>\n<meta property=\"og:title\" content=\"Bear Wine Holder\" \/>\n<meta property=\"og:description\" content=\"Ihr Weinhalter in Form eines B\u00e4ren. Aber passen Sie auf, nicht das er Ihre kostbaren Tropfen wegtrinkt ;)\" \/>\n<meta property=\"og:url\" content=\"https:\/\/my.stlflix.com\/es\/product\/bear-wine-holder-66c523a7c2011\/\" \/>\n<meta property=\"og:site_name\" content=\"MyStore - By STLFLIX\" \/>\n<meta property=\"article:publisher\" content=\"https:\/\/www.facebook.com\/STLFLIX\" \/>\n<meta property=\"article:modified_time\" content=\"2024-12-22T11:35:50+00:00\" \/>\n<meta property=\"og:image\" content=\"https:\/\/my.stlflix.com\/wp-content\/uploads\/2024\/03\/Bear_wine_holder_8e4e727e37.png\" \/>\n\t<meta property=\"og:image:width\" content=\"542\" \/>\n\t<meta property=\"og:image:height\" content=\"678\" \/>\n\t<meta property=\"og:image:type\" content=\"image\/png\" \/>\n<meta name=\"twitter:card\" content=\"summary_large_image\" \/>\n<script type=\"application\/ld+json\" class=\"yoast-schema-graph\">{\"@context\":\"https:\/\/schema.org\",\"@graph\":[{\"@type\":\"WebPage\",\"@id\":\"https:\/\/my.stlflix.com\/es\/product\/bear-wine-holder-66c523a7c2011\/\",\"url\":\"https:\/\/my.stlflix.com\/es\/product\/bear-wine-holder-66c523a7c2011\/\",\"name\":\"Bear Wine Holder\",\"isPartOf\":{\"@id\":\"https:\/\/www.monitorstlflix.com\/#website\"},\"primaryImageOfPage\":{\"@id\":\"https:\/\/my.stlflix.com\/es\/product\/bear-wine-holder-66c523a7c2011\/#primaryimage\"},\"image\":{\"@id\":\"https:\/\/my.stlflix.com\/es\/product\/bear-wine-holder-66c523a7c2011\/#primaryimage\"},\"thumbnailUrl\":\"https:\/\/my.stlflix.com\/wp-content\/uploads\/2024\/03\/Bear_wine_holder_8e4e727e37.png\",\"datePublished\":\"2024-08-23T10:31:25+00:00\",\"dateModified\":\"2024-12-22T11:35:50+00:00\",\"description\":\"Ihr Weinhalter in Form eines B\u00e4ren. Aber passen Sie auf, nicht das er Ihre kostbaren Tropfen wegtrinkt ;)\",\"breadcrumb\":{\"@id\":\"https:\/\/my.stlflix.com\/es\/product\/bear-wine-holder-66c523a7c2011\/#breadcrumb\"},\"inLanguage\":\"es-ES\",\"potentialAction\":[{\"@type\":\"ReadAction\",\"target\":[\"https:\/\/my.stlflix.com\/es\/product\/bear-wine-holder-66c523a7c2011\/\"]}]},{\"@type\":\"ImageObject\",\"inLanguage\":\"es-ES\",\"@id\":\"https:\/\/my.stlflix.com\/es\/product\/bear-wine-holder-66c523a7c2011\/#primaryimage\",\"url\":\"https:\/\/my.stlflix.com\/wp-content\/uploads\/2024\/03\/Bear_wine_holder_8e4e727e37.png\",\"contentUrl\":\"https:\/\/my.stlflix.com\/wp-content\/uploads\/2024\/03\/Bear_wine_holder_8e4e727e37.png\",\"width\":542,\"height\":678},{\"@type\":\"BreadcrumbList\",\"@id\":\"https:\/\/my.stlflix.com\/es\/product\/bear-wine-holder-66c523a7c2011\/#breadcrumb\",\"itemListElement\":[{\"@type\":\"ListItem\",\"position\":1,\"name\":\"Home\",\"item\":\"https:\/\/www.monitorstlflix.online\/\"},{\"@type\":\"ListItem\",\"position\":2,\"name\":\"Products\",\"item\":\"https:\/\/www.testeminhalojamandela.biz\/shop\/\"},{\"@type\":\"ListItem\",\"position\":3,\"name\":\"Bear Wine Holder\"}]},{\"@type\":\"WebSite\",\"@id\":\"https:\/\/www.monitorstlflix.com\/#website\",\"url\":\"https:\/\/www.monitorstlflix.com\/\",\"name\":\"MyStore - By STLFLIX\",\"description\":\"\",\"publisher\":{\"@id\":\"https:\/\/www.monitorstlflix.com\/#organization\"},\"potentialAction\":[{\"@type\":\"SearchAction\",\"target\":{\"@type\":\"EntryPoint\",\"urlTemplate\":\"https:\/\/www.monitorstlflix.com\/?s={search_term_string}\"},\"query-input\":{\"@type\":\"PropertyValueSpecification\",\"valueRequired\":true,\"valueName\":\"search_term_string\"}}],\"inLanguage\":\"es-ES\"},{\"@type\":\"Organization\",\"@id\":\"https:\/\/www.monitorstlflix.com\/#organization\",\"name\":\"MyStore - By STLFLIX\",\"url\":\"https:\/\/www.monitorstlflix.com\/\",\"logo\":{\"@type\":\"ImageObject\",\"inLanguage\":\"es-ES\",\"@id\":\"https:\/\/www.monitorstlflix.com\/#\/schema\/logo\/image\/\",\"url\":\"https:\/\/my.stlflix.com\/wp-content\/uploads\/2024\/06\/logo-mystore.png\",\"contentUrl\":\"https:\/\/my.stlflix.com\/wp-content\/uploads\/2024\/06\/logo-mystore.png\",\"width\":150,\"height\":41,\"caption\":\"MyStore - By STLFLIX\"},\"image\":{\"@id\":\"https:\/\/www.monitorstlflix.com\/#\/schema\/logo\/image\/\"},\"sameAs\":[\"https:\/\/www.facebook.com\/STLFLIX\",\"https:\/\/www.instagram.com\/stlflix_\/\",\"https:\/\/www.tiktok.com\/@stlflix\"]}]}<\/script>\n<!-- \/ Yoast SEO plugin. -->","yoast_head_json":{"title":"Bear Wine Holder","description":"Ihr Weinhalter in Form eines B\u00e4ren. Aber passen Sie auf, nicht das er Ihre kostbaren Tropfen wegtrinkt ;)","robots":{"index":"index","follow":"follow","max-snippet":"max-snippet:-1","max-image-preview":"max-image-preview:large","max-video-preview":"max-video-preview:-1"},"canonical":"https:\/\/my.stlflix.com\/es\/product\/bear-wine-holder-66c523a7c2011\/","og_locale":"es_ES","og_type":"article","og_title":"Bear Wine Holder","og_description":"Ihr Weinhalter in Form eines B\u00e4ren. Aber passen Sie auf, nicht das er Ihre kostbaren Tropfen wegtrinkt ;)","og_url":"https:\/\/my.stlflix.com\/es\/product\/bear-wine-holder-66c523a7c2011\/","og_site_name":"MyStore - By STLFLIX","article_publisher":"https:\/\/www.facebook.com\/STLFLIX","article_modified_time":"2024-12-22T11:35:50+00:00","og_image":[{"width":542,"height":678,"url":"https:\/\/my.stlflix.com\/wp-content\/uploads\/2024\/03\/Bear_wine_holder_8e4e727e37.png","type":"image\/png"}],"twitter_card":"summary_large_image","schema":{"@context":"https:\/\/schema.org","@graph":[{"@type":"WebPage","@id":"https:\/\/my.stlflix.com\/es\/product\/bear-wine-holder-66c523a7c2011\/","url":"https:\/\/my.stlflix.com\/es\/product\/bear-wine-holder-66c523a7c2011\/","name":"Bear Wine Holder","isPartOf":{"@id":"https:\/\/www.monitorstlflix.com\/#website"},"primaryImageOfPage":{"@id":"https:\/\/my.stlflix.com\/es\/product\/bear-wine-holder-66c523a7c2011\/#primaryimage"},"image":{"@id":"https:\/\/my.stlflix.com\/es\/product\/bear-wine-holder-66c523a7c2011\/#primaryimage"},"thumbnailUrl":"https:\/\/my.stlflix.com\/wp-content\/uploads\/2024\/03\/Bear_wine_holder_8e4e727e37.png","datePublished":"2024-08-23T10:31:25+00:00","dateModified":"2024-12-22T11:35:50+00:00","description":"Ihr Weinhalter in Form eines B\u00e4ren. Aber passen Sie auf, nicht das er Ihre kostbaren Tropfen wegtrinkt ;)","breadcrumb":{"@id":"https:\/\/my.stlflix.com\/es\/product\/bear-wine-holder-66c523a7c2011\/#breadcrumb"},"inLanguage":"es-ES","potentialAction":[{"@type":"ReadAction","target":["https:\/\/my.stlflix.com\/es\/product\/bear-wine-holder-66c523a7c2011\/"]}]},{"@type":"ImageObject","inLanguage":"es-ES","@id":"https:\/\/my.stlflix.com\/es\/product\/bear-wine-holder-66c523a7c2011\/#primaryimage","url":"https:\/\/my.stlflix.com\/wp-content\/uploads\/2024\/03\/Bear_wine_holder_8e4e727e37.png","contentUrl":"https:\/\/my.stlflix.com\/wp-content\/uploads\/2024\/03\/Bear_wine_holder_8e4e727e37.png","width":542,"height":678},{"@type":"BreadcrumbList","@id":"https:\/\/my.stlflix.com\/es\/product\/bear-wine-holder-66c523a7c2011\/#breadcrumb","itemListElement":[{"@type":"ListItem","position":1,"name":"Home","item":"https:\/\/www.monitorstlflix.online\/"},{"@type":"ListItem","position":2,"name":"Products","item":"https:\/\/www.testeminhalojamandela.biz\/shop\/"},{"@type":"ListItem","position":3,"name":"Bear Wine Holder"}]},{"@type":"WebSite","@id":"https:\/\/www.monitorstlflix.com\/#website","url":"https:\/\/www.monitorstlflix.com\/","name":"MyStore - By STLFLIX","description":"","publisher":{"@id":"https:\/\/www.monitorstlflix.com\/#organization"},"potentialAction":[{"@type":"SearchAction","target":{"@type":"EntryPoint","urlTemplate":"https:\/\/www.monitorstlflix.com\/?s={search_term_string}"},"query-input":{"@type":"PropertyValueSpecification","valueRequired":true,"valueName":"search_term_string"}}],"inLanguage":"es-ES"},{"@type":"Organization","@id":"https:\/\/www.monitorstlflix.com\/#organization","name":"MyStore - By STLFLIX","url":"https:\/\/www.monitorstlflix.com\/","logo":{"@type":"ImageObject","inLanguage":"es-ES","@id":"https:\/\/www.monitorstlflix.com\/#\/schema\/logo\/image\/","url":"https:\/\/my.stlflix.com\/wp-content\/uploads\/2024\/06\/logo-mystore.png","contentUrl":"https:\/\/my.stlflix.com\/wp-content\/uploads\/2024\/06\/logo-mystore.png","width":150,"height":41,"caption":"MyStore - By STLFLIX"},"image":{"@id":"https:\/\/www.monitorstlflix.com\/#\/schema\/logo\/image\/"},"sameAs":["https:\/\/www.facebook.com\/STLFLIX","https:\/\/www.instagram.com\/stlflix_\/","https:\/\/www.tiktok.com\/@stlflix"]}]}},"_links":{"self":[{"href":"https:\/\/my.stlflix.com\/es\/wp-json\/wp\/v2\/product\/76426","targetHints":{"allow":["GET"]}}],"collection":[{"href":"https:\/\/my.stlflix.com\/es\/wp-json\/wp\/v2\/product"}],"about":[{"href":"https:\/\/my.stlflix.com\/es\/wp-json\/wp\/v2\/types\/product"}],"replies":[{"embeddable":true,"href":"https:\/\/my.stlflix.com\/es\/wp-json\/wp\/v2\/comments?post=76426"}],"wp:featuredmedia":[{"embeddable":true,"href":"https:\/\/my.stlflix.com\/es\/wp-json\/wp\/v2\/media\/9099"}],"wp:attachment":[{"href":"https:\/\/my.stlflix.com\/es\/wp-json\/wp\/v2\/media?parent=76426"}],"wp:term":[{"taxonomy":"product_brand","embeddable":true,"href":"https:\/\/my.stlflix.com\/es\/wp-json\/wp\/v2\/product_brand?post=76426"},{"taxonomy":"product_cat","embeddable":true,"href":"https:\/\/my.stlflix.com\/es\/wp-json\/wp\/v2\/product_cat?post=76426"},{"taxonomy":"product_tag","embeddable":true,"href":"https:\/\/my.stlflix.com\/es\/wp-json\/wp\/v2\/product_tag?post=76426"}],"curies":[{"name":"wp","href":"https:\/\/api.w.org\/{rel}","templated":true}]}}