{"id":76431,"date":"2024-08-23T11:50:09","date_gmt":"2024-08-23T11:50:09","guid":{"rendered":"https:\/\/my.stlflix.com\/?post_type=product&#038;p=76431"},"modified":"2024-12-22T11:35:51","modified_gmt":"2024-12-22T11:35:51","slug":"the-astronaut-66c523c1640d1","status":"publish","type":"product","link":"https:\/\/my.stlflix.com\/es\/product\/the-astronaut-66c523c1640d1\/","title":{"rendered":"The Astronaut"},"content":{"rendered":"<div class=\"elementor-element elementor-element-5fdb379 e-con-full e-flex e-con e-child\" data-id=\"5fdb379\" data-element_type=\"container\">\n<div class=\"elementor-element elementor-element-b958ced elementor-widget elementor-widget-text-editor\" data-id=\"b958ced\" data-element_type=\"widget\" data-widget_type=\"text-editor.default\">\n<div class=\"elementor-widget-container\">\n<p>Der hebt gleich ab! Up in Space, dieser Astronaut will ganz hoch hinaus, aber das ganz sch\u00f6n stylisch.<\/p>\n<p>Dieses Produkt wird f\u00fcr Sie individuell in der Farbe angepasst und hergestellt.<\/p>\n<p>Ihre Auswahlm\u00f6glichkeiten:<\/p>\n<ul>\n<li>Portal \/ F\u00e4den Farbe<\/li>\n<li>Astronaut Farbe<\/li>\n<li>Visierfarbe<\/li>\n<\/ul>\n<p>[34,90 \u20ac]<\/p>\n<p><a href=\"mailto:info@yvoprojects.de\">Hier Anfragen<\/a><\/p>\n<\/div>\n<\/div>\n<\/div>\n","protected":false},"excerpt":{"rendered":"<p>Der hebt gleich ab! Up in Space, dieser Astronaut will ganz hoch hinaus, aber das ganz sch\u00f6n stylisch. Dieses Produkt wird f\u00fcr Sie individuell in der Farbe angepasst und hergestellt. Ihre Auswahlm\u00f6glichkeiten: Portal \/ F\u00e4den Farbe Astronaut Farbe Visierfarbe [34,90 \u20ac] Hier Anfragen<\/p>\n","protected":false},"featured_media":3349,"comment_status":"open","ping_status":"closed","template":"","meta":[],"product_brand":[],"product_cat":[25],"product_tag":[823],"class_list":{"0":"post-76431","1":"product","2":"type-product","3":"status-publish","4":"has-post-thumbnail","6":"product_cat-home-decor","7":"product_tag-dekor","9":"first","10":"instock","11":"purchasable","12":"product-type-simple"},"yoast_head":"<!-- This site is optimized with the Yoast SEO plugin v25.1 - https:\/\/yoast.com\/wordpress\/plugins\/seo\/ -->\n<title>The Astronaut<\/title>\n<meta name=\"description\" content=\"V\u00f6llig upgespaced! Holen Sie sich das Universum in Ihr Zimmer.\" \/>\n<meta name=\"robots\" content=\"index, follow, max-snippet:-1, max-image-preview:large, max-video-preview:-1\" \/>\n<link rel=\"canonical\" href=\"https:\/\/my.stlflix.com\/es\/product\/the-astronaut-66c523c1640d1\/\" \/>\n<meta property=\"og:locale\" content=\"es_ES\" \/>\n<meta property=\"og:type\" content=\"article\" \/>\n<meta property=\"og:title\" content=\"The Astronaut\" \/>\n<meta property=\"og:description\" content=\"V\u00f6llig upgespaced! Holen Sie sich das Universum in Ihr Zimmer.\" \/>\n<meta property=\"og:url\" content=\"https:\/\/my.stlflix.com\/es\/product\/the-astronaut-66c523c1640d1\/\" \/>\n<meta property=\"og:site_name\" content=\"MyStore - By STLFLIX\" \/>\n<meta property=\"article:publisher\" content=\"https:\/\/www.facebook.com\/STLFLIX\" \/>\n<meta property=\"article:modified_time\" content=\"2024-12-22T11:35:51+00:00\" \/>\n<meta property=\"og:image\" content=\"https:\/\/my.stlflix.com\/wp-content\/uploads\/2024\/03\/THE_ASTRONAUT_thumb_4e31605749.jpg\" \/>\n\t<meta property=\"og:image:width\" content=\"1080\" \/>\n\t<meta property=\"og:image:height\" content=\"1350\" \/>\n\t<meta property=\"og:image:type\" content=\"image\/jpeg\" \/>\n<meta name=\"twitter:card\" content=\"summary_large_image\" \/>\n<script type=\"application\/ld+json\" class=\"yoast-schema-graph\">{\"@context\":\"https:\/\/schema.org\",\"@graph\":[{\"@type\":\"WebPage\",\"@id\":\"https:\/\/my.stlflix.com\/es\/product\/the-astronaut-66c523c1640d1\/\",\"url\":\"https:\/\/my.stlflix.com\/es\/product\/the-astronaut-66c523c1640d1\/\",\"name\":\"The Astronaut\",\"isPartOf\":{\"@id\":\"https:\/\/my.stlflix.com\/#website\"},\"primaryImageOfPage\":{\"@id\":\"https:\/\/my.stlflix.com\/es\/product\/the-astronaut-66c523c1640d1\/#primaryimage\"},\"image\":{\"@id\":\"https:\/\/my.stlflix.com\/es\/product\/the-astronaut-66c523c1640d1\/#primaryimage\"},\"thumbnailUrl\":\"https:\/\/my.stlflix.com\/wp-content\/uploads\/2024\/03\/THE_ASTRONAUT_thumb_4e31605749.jpg\",\"datePublished\":\"2024-08-23T11:50:09+00:00\",\"dateModified\":\"2024-12-22T11:35:51+00:00\",\"description\":\"V\u00f6llig upgespaced! Holen Sie sich das Universum in Ihr Zimmer.\",\"breadcrumb\":{\"@id\":\"https:\/\/my.stlflix.com\/es\/product\/the-astronaut-66c523c1640d1\/#breadcrumb\"},\"inLanguage\":\"es-ES\",\"potentialAction\":[{\"@type\":\"ReadAction\",\"target\":[\"https:\/\/my.stlflix.com\/es\/product\/the-astronaut-66c523c1640d1\/\"]}]},{\"@type\":\"ImageObject\",\"inLanguage\":\"es-ES\",\"@id\":\"https:\/\/my.stlflix.com\/es\/product\/the-astronaut-66c523c1640d1\/#primaryimage\",\"url\":\"https:\/\/my.stlflix.com\/wp-content\/uploads\/2024\/03\/THE_ASTRONAUT_thumb_4e31605749.jpg\",\"contentUrl\":\"https:\/\/my.stlflix.com\/wp-content\/uploads\/2024\/03\/THE_ASTRONAUT_thumb_4e31605749.jpg\",\"width\":1080,\"height\":1350},{\"@type\":\"BreadcrumbList\",\"@id\":\"https:\/\/my.stlflix.com\/es\/product\/the-astronaut-66c523c1640d1\/#breadcrumb\",\"itemListElement\":[{\"@type\":\"ListItem\",\"position\":1,\"name\":\"Home\",\"item\":\"https:\/\/www.stlflix-store.com\/\"},{\"@type\":\"ListItem\",\"position\":2,\"name\":\"Products\",\"item\":\"https:\/\/www.stlflix-store.com\/shop\/\"},{\"@type\":\"ListItem\",\"position\":3,\"name\":\"The Astronaut\"}]},{\"@type\":\"WebSite\",\"@id\":\"https:\/\/my.stlflix.com\/#website\",\"url\":\"https:\/\/my.stlflix.com\/\",\"name\":\"MyStore - By STLFLIX\",\"description\":\"\",\"publisher\":{\"@id\":\"https:\/\/my.stlflix.com\/#organization\"},\"potentialAction\":[{\"@type\":\"SearchAction\",\"target\":{\"@type\":\"EntryPoint\",\"urlTemplate\":\"https:\/\/my.stlflix.com\/?s={search_term_string}\"},\"query-input\":{\"@type\":\"PropertyValueSpecification\",\"valueRequired\":true,\"valueName\":\"search_term_string\"}}],\"inLanguage\":\"es-ES\"},{\"@type\":\"Organization\",\"@id\":\"https:\/\/my.stlflix.com\/#organization\",\"name\":\"MyStore - By STLFLIX\",\"url\":\"https:\/\/my.stlflix.com\/\",\"logo\":{\"@type\":\"ImageObject\",\"inLanguage\":\"es-ES\",\"@id\":\"https:\/\/my.stlflix.com\/#\/schema\/logo\/image\/\",\"url\":\"https:\/\/my.stlflix.com\/wp-content\/uploads\/2024\/06\/logo-mystore.png\",\"contentUrl\":\"https:\/\/my.stlflix.com\/wp-content\/uploads\/2024\/06\/logo-mystore.png\",\"width\":150,\"height\":41,\"caption\":\"MyStore - By STLFLIX\"},\"image\":{\"@id\":\"https:\/\/my.stlflix.com\/#\/schema\/logo\/image\/\"},\"sameAs\":[\"https:\/\/www.facebook.com\/STLFLIX\",\"https:\/\/www.instagram.com\/stlflix_\/\",\"https:\/\/www.tiktok.com\/@stlflix\"]}]}<\/script>\n<!-- \/ Yoast SEO plugin. -->","yoast_head_json":{"title":"The Astronaut","description":"V\u00f6llig upgespaced! Holen Sie sich das Universum in Ihr Zimmer.","robots":{"index":"index","follow":"follow","max-snippet":"max-snippet:-1","max-image-preview":"max-image-preview:large","max-video-preview":"max-video-preview:-1"},"canonical":"https:\/\/my.stlflix.com\/es\/product\/the-astronaut-66c523c1640d1\/","og_locale":"es_ES","og_type":"article","og_title":"The Astronaut","og_description":"V\u00f6llig upgespaced! Holen Sie sich das Universum in Ihr Zimmer.","og_url":"https:\/\/my.stlflix.com\/es\/product\/the-astronaut-66c523c1640d1\/","og_site_name":"MyStore - By STLFLIX","article_publisher":"https:\/\/www.facebook.com\/STLFLIX","article_modified_time":"2024-12-22T11:35:51+00:00","og_image":[{"width":1080,"height":1350,"url":"https:\/\/my.stlflix.com\/wp-content\/uploads\/2024\/03\/THE_ASTRONAUT_thumb_4e31605749.jpg","type":"image\/jpeg"}],"twitter_card":"summary_large_image","schema":{"@context":"https:\/\/schema.org","@graph":[{"@type":"WebPage","@id":"https:\/\/my.stlflix.com\/es\/product\/the-astronaut-66c523c1640d1\/","url":"https:\/\/my.stlflix.com\/es\/product\/the-astronaut-66c523c1640d1\/","name":"The Astronaut","isPartOf":{"@id":"https:\/\/my.stlflix.com\/#website"},"primaryImageOfPage":{"@id":"https:\/\/my.stlflix.com\/es\/product\/the-astronaut-66c523c1640d1\/#primaryimage"},"image":{"@id":"https:\/\/my.stlflix.com\/es\/product\/the-astronaut-66c523c1640d1\/#primaryimage"},"thumbnailUrl":"https:\/\/my.stlflix.com\/wp-content\/uploads\/2024\/03\/THE_ASTRONAUT_thumb_4e31605749.jpg","datePublished":"2024-08-23T11:50:09+00:00","dateModified":"2024-12-22T11:35:51+00:00","description":"V\u00f6llig upgespaced! Holen Sie sich das Universum in Ihr Zimmer.","breadcrumb":{"@id":"https:\/\/my.stlflix.com\/es\/product\/the-astronaut-66c523c1640d1\/#breadcrumb"},"inLanguage":"es-ES","potentialAction":[{"@type":"ReadAction","target":["https:\/\/my.stlflix.com\/es\/product\/the-astronaut-66c523c1640d1\/"]}]},{"@type":"ImageObject","inLanguage":"es-ES","@id":"https:\/\/my.stlflix.com\/es\/product\/the-astronaut-66c523c1640d1\/#primaryimage","url":"https:\/\/my.stlflix.com\/wp-content\/uploads\/2024\/03\/THE_ASTRONAUT_thumb_4e31605749.jpg","contentUrl":"https:\/\/my.stlflix.com\/wp-content\/uploads\/2024\/03\/THE_ASTRONAUT_thumb_4e31605749.jpg","width":1080,"height":1350},{"@type":"BreadcrumbList","@id":"https:\/\/my.stlflix.com\/es\/product\/the-astronaut-66c523c1640d1\/#breadcrumb","itemListElement":[{"@type":"ListItem","position":1,"name":"Home","item":"https:\/\/www.stlflix-store.com\/"},{"@type":"ListItem","position":2,"name":"Products","item":"https:\/\/www.stlflix-store.com\/shop\/"},{"@type":"ListItem","position":3,"name":"The Astronaut"}]},{"@type":"WebSite","@id":"https:\/\/my.stlflix.com\/#website","url":"https:\/\/my.stlflix.com\/","name":"MyStore - By STLFLIX","description":"","publisher":{"@id":"https:\/\/my.stlflix.com\/#organization"},"potentialAction":[{"@type":"SearchAction","target":{"@type":"EntryPoint","urlTemplate":"https:\/\/my.stlflix.com\/?s={search_term_string}"},"query-input":{"@type":"PropertyValueSpecification","valueRequired":true,"valueName":"search_term_string"}}],"inLanguage":"es-ES"},{"@type":"Organization","@id":"https:\/\/my.stlflix.com\/#organization","name":"MyStore - By STLFLIX","url":"https:\/\/my.stlflix.com\/","logo":{"@type":"ImageObject","inLanguage":"es-ES","@id":"https:\/\/my.stlflix.com\/#\/schema\/logo\/image\/","url":"https:\/\/my.stlflix.com\/wp-content\/uploads\/2024\/06\/logo-mystore.png","contentUrl":"https:\/\/my.stlflix.com\/wp-content\/uploads\/2024\/06\/logo-mystore.png","width":150,"height":41,"caption":"MyStore - By STLFLIX"},"image":{"@id":"https:\/\/my.stlflix.com\/#\/schema\/logo\/image\/"},"sameAs":["https:\/\/www.facebook.com\/STLFLIX","https:\/\/www.instagram.com\/stlflix_\/","https:\/\/www.tiktok.com\/@stlflix"]}]}},"_links":{"self":[{"href":"https:\/\/my.stlflix.com\/es\/wp-json\/wp\/v2\/product\/76431","targetHints":{"allow":["GET"]}}],"collection":[{"href":"https:\/\/my.stlflix.com\/es\/wp-json\/wp\/v2\/product"}],"about":[{"href":"https:\/\/my.stlflix.com\/es\/wp-json\/wp\/v2\/types\/product"}],"replies":[{"embeddable":true,"href":"https:\/\/my.stlflix.com\/es\/wp-json\/wp\/v2\/comments?post=76431"}],"wp:featuredmedia":[{"embeddable":true,"href":"https:\/\/my.stlflix.com\/es\/wp-json\/wp\/v2\/media\/3349"}],"wp:attachment":[{"href":"https:\/\/my.stlflix.com\/es\/wp-json\/wp\/v2\/media?parent=76431"}],"wp:term":[{"taxonomy":"product_brand","embeddable":true,"href":"https:\/\/my.stlflix.com\/es\/wp-json\/wp\/v2\/product_brand?post=76431"},{"taxonomy":"product_cat","embeddable":true,"href":"https:\/\/my.stlflix.com\/es\/wp-json\/wp\/v2\/product_cat?post=76431"},{"taxonomy":"product_tag","embeddable":true,"href":"https:\/\/my.stlflix.com\/es\/wp-json\/wp\/v2\/product_tag?post=76431"}],"curies":[{"name":"wp","href":"https:\/\/api.w.org\/{rel}","templated":true}]}}