{"id":76432,"date":"2024-08-23T11:52:51","date_gmt":"2024-08-23T11:52:51","guid":{"rendered":"https:\/\/my.stlflix.com\/?post_type=product&#038;p=76432"},"modified":"2024-12-22T11:35:51","modified_gmt":"2024-12-22T11:35:51","slug":"vitruvian-man-66c523c45f46b","status":"publish","type":"product","link":"https:\/\/my.stlflix.com\/es\/product\/vitruvian-man-66c523c45f46b\/","title":{"rendered":"Vitruvian Man"},"content":{"rendered":"<div class=\"elementor-element elementor-element-c2b80f8 e-con-full e-flex e-con e-child\" data-id=\"c2b80f8\" data-element_type=\"container\">\n<div class=\"elementor-element elementor-element-24fa9b9 elementor-widget elementor-widget-text-editor\" data-id=\"24fa9b9\" data-element_type=\"widget\" data-widget_type=\"text-editor.default\">\n<div class=\"elementor-widget-container\">\n<p>Wer seinem Stern folgt, der kehre nicht um. [Zitat Leonardo da Vinci]. Der vom Stern tragende von Leonardo gezeichnete Vitruvianische Mensch versch\u00f6nert durch den Glanz der Anatomie jeden Raum.<\/p>\n<p>Dieses Produkt wird f\u00fcr Sie individuell in der Farbe angepasst und hergestellt.<\/p>\n<p>Ihre Auswahlm\u00f6glichkeiten:<\/p>\n<ul>\n<li>Podest farbe<\/li>\n<li>Ring und Mann Farbe<\/li>\n<li>F\u00e4den Farbe<\/li>\n<\/ul>\n<p>[19,90 \u20ac]<\/p>\n<p><a href=\"mailto:info@yvoprojects.de\">Hier Anfragen<\/a><\/p>\n<\/div>\n<\/div>\n<\/div>\n","protected":false},"excerpt":{"rendered":"<p>Wer seinem Stern folgt, der kehre nicht um. [Zitat Leonardo da Vinci]. Der vom Stern tragende von Leonardo gezeichnete Vitruvianische Mensch versch\u00f6nert durch den Glanz der Anatomie jeden Raum. Dieses Produkt wird f\u00fcr Sie individuell in der Farbe angepasst und hergestellt. Ihre Auswahlm\u00f6glichkeiten: Podest farbe Ring und Mann Farbe F\u00e4den Farbe [19,90 \u20ac] Hier Anfragen<\/p>\n","protected":false},"featured_media":3377,"comment_status":"open","ping_status":"closed","template":"","meta":[],"product_brand":[],"product_cat":[25],"product_tag":[823],"class_list":{"0":"post-76432","1":"product","2":"type-product","3":"status-publish","4":"has-post-thumbnail","6":"product_cat-home-decor","7":"product_tag-dekor","9":"first","10":"instock","11":"purchasable","12":"product-type-simple"},"yoast_head":"<!-- This site is optimized with the Yoast SEO plugin v25.1 - https:\/\/yoast.com\/wordpress\/plugins\/seo\/ -->\n<title>Vitruvian Man<\/title>\n<meta name=\"description\" content=\"Der jedem bekannte Vitruvianische Mensch von Leonardo da Vinci - f\u00fcr Ihr Zuhause.\" \/>\n<meta name=\"robots\" content=\"index, follow, max-snippet:-1, max-image-preview:large, max-video-preview:-1\" \/>\n<link rel=\"canonical\" href=\"https:\/\/www.testeminhalojamandela.biz\/product\/vitruvian-man-66c523c45f46b\/\" \/>\n<meta property=\"og:locale\" content=\"es_ES\" \/>\n<meta property=\"og:type\" content=\"article\" \/>\n<meta property=\"og:title\" content=\"Vitruvian Man\" \/>\n<meta property=\"og:description\" content=\"Der jedem bekannte Vitruvianische Mensch von Leonardo da Vinci - f\u00fcr Ihr Zuhause.\" \/>\n<meta property=\"og:url\" content=\"https:\/\/www.testeminhalojamandela.biz\/product\/vitruvian-man-66c523c45f46b\/\" \/>\n<meta property=\"og:site_name\" content=\"MyStore - By STLFLIX\" \/>\n<meta property=\"article:publisher\" content=\"https:\/\/www.facebook.com\/STLFLIX\" \/>\n<meta property=\"article:modified_time\" content=\"2024-12-22T11:35:51+00:00\" \/>\n<meta property=\"og:image\" content=\"https:\/\/www.testeminhalojamandela.biz\/wp-content\/uploads\/2024\/03\/VITRUVIAN_MAN_thumb_30e0ec1c57.jpg\" \/>\n\t<meta property=\"og:image:width\" content=\"1080\" \/>\n\t<meta property=\"og:image:height\" content=\"1350\" \/>\n\t<meta property=\"og:image:type\" content=\"image\/jpeg\" \/>\n<meta name=\"twitter:card\" content=\"summary_large_image\" \/>\n<script type=\"application\/ld+json\" class=\"yoast-schema-graph\">{\"@context\":\"https:\/\/schema.org\",\"@graph\":[{\"@type\":\"WebPage\",\"@id\":\"https:\/\/www.testeminhalojamandela.biz\/product\/vitruvian-man-66c523c45f46b\/\",\"url\":\"https:\/\/www.testeminhalojamandela.biz\/product\/vitruvian-man-66c523c45f46b\/\",\"name\":\"Vitruvian Man\",\"isPartOf\":{\"@id\":\"https:\/\/my.stlflix.com\/#website\"},\"primaryImageOfPage\":{\"@id\":\"https:\/\/www.testeminhalojamandela.biz\/product\/vitruvian-man-66c523c45f46b\/#primaryimage\"},\"image\":{\"@id\":\"https:\/\/www.testeminhalojamandela.biz\/product\/vitruvian-man-66c523c45f46b\/#primaryimage\"},\"thumbnailUrl\":\"https:\/\/my.stlflix.com\/wp-content\/uploads\/2024\/03\/VITRUVIAN_MAN_thumb_30e0ec1c57.jpg\",\"datePublished\":\"2024-08-23T11:52:51+00:00\",\"dateModified\":\"2024-12-22T11:35:51+00:00\",\"description\":\"Der jedem bekannte Vitruvianische Mensch von Leonardo da Vinci - f\u00fcr Ihr Zuhause.\",\"breadcrumb\":{\"@id\":\"https:\/\/www.testeminhalojamandela.biz\/product\/vitruvian-man-66c523c45f46b\/#breadcrumb\"},\"inLanguage\":\"es-ES\",\"potentialAction\":[{\"@type\":\"ReadAction\",\"target\":[\"https:\/\/www.testeminhalojamandela.biz\/product\/vitruvian-man-66c523c45f46b\/\"]}]},{\"@type\":\"ImageObject\",\"inLanguage\":\"es-ES\",\"@id\":\"https:\/\/www.testeminhalojamandela.biz\/product\/vitruvian-man-66c523c45f46b\/#primaryimage\",\"url\":\"https:\/\/my.stlflix.com\/wp-content\/uploads\/2024\/03\/VITRUVIAN_MAN_thumb_30e0ec1c57.jpg\",\"contentUrl\":\"https:\/\/my.stlflix.com\/wp-content\/uploads\/2024\/03\/VITRUVIAN_MAN_thumb_30e0ec1c57.jpg\",\"width\":1080,\"height\":1350},{\"@type\":\"BreadcrumbList\",\"@id\":\"https:\/\/www.testeminhalojamandela.biz\/product\/vitruvian-man-66c523c45f46b\/#breadcrumb\",\"itemListElement\":[{\"@type\":\"ListItem\",\"position\":1,\"name\":\"Home\",\"item\":\"https:\/\/www.stlflix-store.com\/\"},{\"@type\":\"ListItem\",\"position\":2,\"name\":\"Products\",\"item\":\"https:\/\/www.stlflix-store.com\/shop\/\"},{\"@type\":\"ListItem\",\"position\":3,\"name\":\"Vitruvian Man\"}]},{\"@type\":\"WebSite\",\"@id\":\"https:\/\/my.stlflix.com\/#website\",\"url\":\"https:\/\/my.stlflix.com\/\",\"name\":\"MyStore - By STLFLIX\",\"description\":\"\",\"publisher\":{\"@id\":\"https:\/\/my.stlflix.com\/#organization\"},\"potentialAction\":[{\"@type\":\"SearchAction\",\"target\":{\"@type\":\"EntryPoint\",\"urlTemplate\":\"https:\/\/my.stlflix.com\/?s={search_term_string}\"},\"query-input\":{\"@type\":\"PropertyValueSpecification\",\"valueRequired\":true,\"valueName\":\"search_term_string\"}}],\"inLanguage\":\"es-ES\"},{\"@type\":\"Organization\",\"@id\":\"https:\/\/my.stlflix.com\/#organization\",\"name\":\"MyStore - By STLFLIX\",\"url\":\"https:\/\/my.stlflix.com\/\",\"logo\":{\"@type\":\"ImageObject\",\"inLanguage\":\"es-ES\",\"@id\":\"https:\/\/my.stlflix.com\/#\/schema\/logo\/image\/\",\"url\":\"https:\/\/my.stlflix.com\/wp-content\/uploads\/2024\/06\/logo-mystore.png\",\"contentUrl\":\"https:\/\/my.stlflix.com\/wp-content\/uploads\/2024\/06\/logo-mystore.png\",\"width\":150,\"height\":41,\"caption\":\"MyStore - By STLFLIX\"},\"image\":{\"@id\":\"https:\/\/my.stlflix.com\/#\/schema\/logo\/image\/\"},\"sameAs\":[\"https:\/\/www.facebook.com\/STLFLIX\",\"https:\/\/www.instagram.com\/stlflix_\/\",\"https:\/\/www.tiktok.com\/@stlflix\"]}]}<\/script>\n<!-- \/ Yoast SEO plugin. -->","yoast_head_json":{"title":"Vitruvian Man","description":"Der jedem bekannte Vitruvianische Mensch von Leonardo da Vinci - f\u00fcr Ihr Zuhause.","robots":{"index":"index","follow":"follow","max-snippet":"max-snippet:-1","max-image-preview":"max-image-preview:large","max-video-preview":"max-video-preview:-1"},"canonical":"https:\/\/www.testeminhalojamandela.biz\/product\/vitruvian-man-66c523c45f46b\/","og_locale":"es_ES","og_type":"article","og_title":"Vitruvian Man","og_description":"Der jedem bekannte Vitruvianische Mensch von Leonardo da Vinci - f\u00fcr Ihr Zuhause.","og_url":"https:\/\/www.testeminhalojamandela.biz\/product\/vitruvian-man-66c523c45f46b\/","og_site_name":"MyStore - By STLFLIX","article_publisher":"https:\/\/www.facebook.com\/STLFLIX","article_modified_time":"2024-12-22T11:35:51+00:00","og_image":[{"width":1080,"height":1350,"url":"https:\/\/www.testeminhalojamandela.biz\/wp-content\/uploads\/2024\/03\/VITRUVIAN_MAN_thumb_30e0ec1c57.jpg","type":"image\/jpeg"}],"twitter_card":"summary_large_image","schema":{"@context":"https:\/\/schema.org","@graph":[{"@type":"WebPage","@id":"https:\/\/www.testeminhalojamandela.biz\/product\/vitruvian-man-66c523c45f46b\/","url":"https:\/\/www.testeminhalojamandela.biz\/product\/vitruvian-man-66c523c45f46b\/","name":"Vitruvian Man","isPartOf":{"@id":"https:\/\/my.stlflix.com\/#website"},"primaryImageOfPage":{"@id":"https:\/\/www.testeminhalojamandela.biz\/product\/vitruvian-man-66c523c45f46b\/#primaryimage"},"image":{"@id":"https:\/\/www.testeminhalojamandela.biz\/product\/vitruvian-man-66c523c45f46b\/#primaryimage"},"thumbnailUrl":"https:\/\/my.stlflix.com\/wp-content\/uploads\/2024\/03\/VITRUVIAN_MAN_thumb_30e0ec1c57.jpg","datePublished":"2024-08-23T11:52:51+00:00","dateModified":"2024-12-22T11:35:51+00:00","description":"Der jedem bekannte Vitruvianische Mensch von Leonardo da Vinci - f\u00fcr Ihr Zuhause.","breadcrumb":{"@id":"https:\/\/www.testeminhalojamandela.biz\/product\/vitruvian-man-66c523c45f46b\/#breadcrumb"},"inLanguage":"es-ES","potentialAction":[{"@type":"ReadAction","target":["https:\/\/www.testeminhalojamandela.biz\/product\/vitruvian-man-66c523c45f46b\/"]}]},{"@type":"ImageObject","inLanguage":"es-ES","@id":"https:\/\/www.testeminhalojamandela.biz\/product\/vitruvian-man-66c523c45f46b\/#primaryimage","url":"https:\/\/my.stlflix.com\/wp-content\/uploads\/2024\/03\/VITRUVIAN_MAN_thumb_30e0ec1c57.jpg","contentUrl":"https:\/\/my.stlflix.com\/wp-content\/uploads\/2024\/03\/VITRUVIAN_MAN_thumb_30e0ec1c57.jpg","width":1080,"height":1350},{"@type":"BreadcrumbList","@id":"https:\/\/www.testeminhalojamandela.biz\/product\/vitruvian-man-66c523c45f46b\/#breadcrumb","itemListElement":[{"@type":"ListItem","position":1,"name":"Home","item":"https:\/\/www.stlflix-store.com\/"},{"@type":"ListItem","position":2,"name":"Products","item":"https:\/\/www.stlflix-store.com\/shop\/"},{"@type":"ListItem","position":3,"name":"Vitruvian Man"}]},{"@type":"WebSite","@id":"https:\/\/my.stlflix.com\/#website","url":"https:\/\/my.stlflix.com\/","name":"MyStore - By STLFLIX","description":"","publisher":{"@id":"https:\/\/my.stlflix.com\/#organization"},"potentialAction":[{"@type":"SearchAction","target":{"@type":"EntryPoint","urlTemplate":"https:\/\/my.stlflix.com\/?s={search_term_string}"},"query-input":{"@type":"PropertyValueSpecification","valueRequired":true,"valueName":"search_term_string"}}],"inLanguage":"es-ES"},{"@type":"Organization","@id":"https:\/\/my.stlflix.com\/#organization","name":"MyStore - By STLFLIX","url":"https:\/\/my.stlflix.com\/","logo":{"@type":"ImageObject","inLanguage":"es-ES","@id":"https:\/\/my.stlflix.com\/#\/schema\/logo\/image\/","url":"https:\/\/my.stlflix.com\/wp-content\/uploads\/2024\/06\/logo-mystore.png","contentUrl":"https:\/\/my.stlflix.com\/wp-content\/uploads\/2024\/06\/logo-mystore.png","width":150,"height":41,"caption":"MyStore - By STLFLIX"},"image":{"@id":"https:\/\/my.stlflix.com\/#\/schema\/logo\/image\/"},"sameAs":["https:\/\/www.facebook.com\/STLFLIX","https:\/\/www.instagram.com\/stlflix_\/","https:\/\/www.tiktok.com\/@stlflix"]}]}},"_links":{"self":[{"href":"https:\/\/my.stlflix.com\/es\/wp-json\/wp\/v2\/product\/76432","targetHints":{"allow":["GET"]}}],"collection":[{"href":"https:\/\/my.stlflix.com\/es\/wp-json\/wp\/v2\/product"}],"about":[{"href":"https:\/\/my.stlflix.com\/es\/wp-json\/wp\/v2\/types\/product"}],"replies":[{"embeddable":true,"href":"https:\/\/my.stlflix.com\/es\/wp-json\/wp\/v2\/comments?post=76432"}],"wp:featuredmedia":[{"embeddable":true,"href":"https:\/\/my.stlflix.com\/es\/wp-json\/wp\/v2\/media\/3377"}],"wp:attachment":[{"href":"https:\/\/my.stlflix.com\/es\/wp-json\/wp\/v2\/media?parent=76432"}],"wp:term":[{"taxonomy":"product_brand","embeddable":true,"href":"https:\/\/my.stlflix.com\/es\/wp-json\/wp\/v2\/product_brand?post=76432"},{"taxonomy":"product_cat","embeddable":true,"href":"https:\/\/my.stlflix.com\/es\/wp-json\/wp\/v2\/product_cat?post=76432"},{"taxonomy":"product_tag","embeddable":true,"href":"https:\/\/my.stlflix.com\/es\/wp-json\/wp\/v2\/product_tag?post=76432"}],"curies":[{"name":"wp","href":"https:\/\/api.w.org\/{rel}","templated":true}]}}