{"id":77567,"date":"2024-08-21T15:39:40","date_gmt":"2024-08-21T15:39:40","guid":{"rendered":"https:\/\/my.stlflix.com\/?post_type=product&#038;p=77567"},"modified":"2024-12-22T11:35:59","modified_gmt":"2024-12-22T11:35:59","slug":"frog-wine-holder-2-66c5fa31c83b3","status":"publish","type":"product","link":"https:\/\/my.stlflix.com\/es\/product\/frog-wine-holder-2-66c5fa31c83b3\/","title":{"rendered":"Frog Wine Holder 2"},"content":{"rendered":"<div><strong><span style=\"vertical-align: inherit\"><span style=\"vertical-align: inherit\"><span style=\"vertical-align: inherit\"><span style=\"vertical-align: inherit\">Support de Bouteille en Forme de Grenouille<\/span><\/span><\/span><\/span><\/strong><\/div>\n<div dir=\"auto\"><\/div>\n<div dir=\"auto\"><span style=\"vertical-align: inherit\"><span style=\"vertical-align: inherit\"><span style=\"vertical-align: inherit\"><span style=\"vertical-align: inherit\">Ajoutez une touche unique et amusante \u00e0 votre espace avec ce support de bouteille en forme de grenouille.\u00a0<\/span><\/span><\/span><\/span><\/div>\n<div dir=\"auto\"><span style=\"vertical-align: inherit\"><span style=\"vertical-align: inherit\"><span style=\"vertical-align: inherit\"><span style=\"vertical-align: inherit\">Con\u00e7u et imprim\u00e9 en 3D, ce porte-bouteille est \u00e0 la fois pratique et d\u00e9coratif, id\u00e9al pour pr\u00e9senter vos meilleures bouteilles de vin ou autres boissons.\u00a0<\/span><\/span><\/span><\/span><\/div>\n<div dir=\"auto\"><span style=\"vertical-align: inherit\"><span style=\"vertical-align: inherit\"><span style=\"vertical-align: inherit\"><span style=\"vertical-align: inherit\">La grenouille, solidement pos\u00e9e sur le dos, tient la bouteille avec ses pattes, offrant une pr\u00e9sentation \u00e9l\u00e9gante et d\u00e9cal\u00e9e.<\/span><\/span><\/span><\/span><\/div>\n<div dir=\"auto\"><\/div>\n<div dir=\"auto\"><strong><span style=\"vertical-align: inherit\"><span style=\"vertical-align: inherit\"><span style=\"vertical-align: inherit\"><span style=\"vertical-align: inherit\">Caract\u00e9ristiques<\/span><\/span><\/span><\/span><\/strong><span style=\"vertical-align: inherit\"><span style=\"vertical-align: inherit\"><span style=\"vertical-align: inherit\"><span style=\"vertical-align: inherit\"> :<\/span><\/span><\/span><\/span><\/div>\n<div dir=\"auto\"><\/div>\n<div dir=\"auto\"><strong><span style=\"vertical-align: inherit\"><span style=\"vertical-align: inherit\"><span style=\"vertical-align: inherit\"><span style=\"vertical-align: inherit\">Mat\u00e9riau<\/span><\/span><\/span><\/span><\/strong><span style=\"vertical-align: inherit\"><span style=\"vertical-align: inherit\"><span style=\"vertical-align: inherit\"><span style=\"vertical-align: inherit\"> \u00a0: Impression 3D en <\/span><\/span><\/span><\/span><em><strong><span style=\"vertical-align: inherit\"><span style=\"vertical-align: inherit\"><span style=\"vertical-align: inherit\"><span style=\"vertical-align: inherit\">PLA+pro de haute qualit\u00e9<\/span><\/span><\/span><\/span><\/strong><\/em><span style=\"vertical-align: inherit\"><span style=\"vertical-align: inherit\"><span style=\"vertical-align: inherit\"><span style=\"vertical-align: inherit\"> , durable et r\u00e9sistant.<\/span><\/span><\/span><\/span><\/div>\n<div dir=\"auto\"><\/div>\n<div dir=\"auto\"><strong><span style=\"vertical-align: inherit\"><span style=\"vertical-align: inherit\"><span style=\"vertical-align: inherit\"><span style=\"vertical-align: inherit\">Design original<\/span><\/span><\/span><\/span><\/strong><span style=\"vertical-align: inherit\"><span style=\"vertical-align: inherit\"><span style=\"vertical-align: inherit\"><span style=\"vertical-align: inherit\"> : Forme de grenouille, parfaite pour un int\u00e9rieur d\u00e9contract\u00e9 ou nature.<\/span><\/span><\/span><\/span><\/div>\n<div dir=\"auto\"><\/div>\n<div dir=\"auto\"><strong><span style=\"vertical-align: inherit\"><span style=\"vertical-align: inherit\"><span style=\"vertical-align: inherit\"><span style=\"vertical-align: inherit\">Personnalisable<\/span><\/span><\/span><\/span><\/strong><span style=\"vertical-align: inherit\"><span style=\"vertical-align: inherit\"><span style=\"vertical-align: inherit\"><span style=\"vertical-align: inherit\"> : Choisissez vos couleurs pr\u00e9f\u00e9r\u00e9es pour un support unique et \u00e0 votre go\u00fbt.<\/span><\/span><\/span><\/span><\/div>\n<div dir=\"auto\"><\/div>\n<div dir=\"auto\"><strong><span style=\"vertical-align: inherit\"><span style=\"vertical-align: inherit\"><span style=\"vertical-align: inherit\"><span style=\"vertical-align: inherit\">Taille<\/span><\/span><\/span><\/span><\/strong><span style=\"vertical-align: inherit\"><span style=\"vertical-align: inherit\"><span style=\"vertical-align: inherit\"><span style=\"vertical-align: inherit\"> : Adapt\u00e9 pour la plupart des bouteilles de vin standard (75 cl).\u00a0<\/span><\/span><\/span><\/span><\/div>\n<div dir=\"auto\"><\/div>\n<div dir=\"auto\"><span style=\"vertical-align: inherit\"><span style=\"vertical-align: inherit\"><span style=\"vertical-align: inherit\"><span style=\"vertical-align: inherit\">Id\u00e9e cadeau originale pour les amateurs de vin et de d\u00e9coration atypique.<\/span><\/span><\/span><\/span><\/div>\n<div dir=\"auto\"><span style=\"vertical-align: inherit\"><span style=\"vertical-align: inherit\"><span style=\"vertical-align: inherit\"><span style=\"vertical-align: inherit\">Am\u00e9liorez votre d\u00e9cor tout en gardant vos bouteilles \u00e0 port\u00e9e de main avec ce support en forme de grenouille imprim\u00e9 en 3D. Disponible en plusieurs coloris selon vos envies !<\/span><\/span><\/span><\/span><\/div>\n<div dir=\"auto\"><\/div>\n<div dir=\"auto\"><span style=\"vertical-align: inherit\"><span style=\"vertical-align: inherit\">PORT EN SUS<\/span><\/span><\/div>\n<div dir=\"auto\">DISPONIBLE A LA FABRICATION<\/div>\n<div dir=\"auto\"><a href=\"https:\/\/www.instagram.com\/manufac_3d\/\">Contactez-moi<\/a><\/div>\n<div><\/div>\n","protected":false},"excerpt":{"rendered":"<p>Support de Bouteille en Forme de Grenouille Ajoutez une touche unique et amusante \u00e0 votre espace avec ce support de bouteille en forme de grenouille.\u00a0 Con\u00e7u et imprim\u00e9 en 3D, ce porte-bouteille est \u00e0 la fois pratique et d\u00e9coratif, id\u00e9al pour pr\u00e9senter vos meilleures bouteilles de vin ou autres boissons.\u00a0 La grenouille, solidement pos\u00e9e sur [&hellip;]<\/p>\n","protected":false},"featured_media":5332,"comment_status":"open","ping_status":"closed","template":"","meta":[],"product_brand":[],"product_cat":[25],"product_tag":[554],"class_list":{"0":"post-77567","1":"product","2":"type-product","3":"status-publish","4":"has-post-thumbnail","6":"product_cat-home-decor","7":"product_tag-wine-bottle-holders","9":"first","10":"outofstock","11":"sold-individually","12":"purchasable","13":"product-type-simple"},"yoast_head":"<!-- This site is optimized with the Yoast SEO plugin v25.1 - https:\/\/yoast.com\/wordpress\/plugins\/seo\/ -->\n<title>Frog Wine Holder 2 - MyStore - By STLFLIX<\/title>\n<meta name=\"robots\" content=\"index, follow, max-snippet:-1, max-image-preview:large, max-video-preview:-1\" \/>\n<link rel=\"canonical\" href=\"https:\/\/my.stlflix.com\/es\/product\/frog-wine-holder-2-66c5fa31c83b3\/\" \/>\n<meta property=\"og:locale\" content=\"es_ES\" \/>\n<meta property=\"og:type\" content=\"article\" \/>\n<meta property=\"og:title\" content=\"Frog Wine Holder 2 - MyStore - By STLFLIX\" \/>\n<meta property=\"og:description\" content=\"Support de Bouteille en Forme de Grenouille Ajoutez une touche unique et amusante \u00e0 votre espace avec ce support de bouteille en forme de grenouille.\u00a0 Con\u00e7u et imprim\u00e9 en 3D, ce porte-bouteille est \u00e0 la fois pratique et d\u00e9coratif, id\u00e9al pour pr\u00e9senter vos meilleures bouteilles de vin ou autres boissons.\u00a0 La grenouille, solidement pos\u00e9e sur [&hellip;]\" \/>\n<meta property=\"og:url\" content=\"https:\/\/my.stlflix.com\/es\/product\/frog-wine-holder-2-66c5fa31c83b3\/\" \/>\n<meta property=\"og:site_name\" content=\"MyStore - By STLFLIX\" \/>\n<meta property=\"article:publisher\" content=\"https:\/\/www.facebook.com\/STLFLIX\" \/>\n<meta property=\"article:modified_time\" content=\"2024-12-22T11:35:59+00:00\" \/>\n<meta property=\"og:image\" content=\"https:\/\/my.stlflix.com\/wp-content\/uploads\/2024\/03\/FEED_f4546696a6.jpg\" \/>\n\t<meta property=\"og:image:width\" content=\"1079\" \/>\n\t<meta property=\"og:image:height\" content=\"1350\" \/>\n\t<meta property=\"og:image:type\" content=\"image\/jpeg\" \/>\n<meta name=\"twitter:card\" content=\"summary_large_image\" \/>\n<meta name=\"twitter:label1\" content=\"Est. reading time\" \/>\n\t<meta name=\"twitter:data1\" content=\"1 minute\" \/>\n<script type=\"application\/ld+json\" class=\"yoast-schema-graph\">{\"@context\":\"https:\/\/schema.org\",\"@graph\":[{\"@type\":\"WebPage\",\"@id\":\"https:\/\/my.stlflix.com\/es\/product\/frog-wine-holder-2-66c5fa31c83b3\/\",\"url\":\"https:\/\/my.stlflix.com\/es\/product\/frog-wine-holder-2-66c5fa31c83b3\/\",\"name\":\"Frog Wine Holder 2 - MyStore - By STLFLIX\",\"isPartOf\":{\"@id\":\"https:\/\/my.stlflix.com\/#website\"},\"primaryImageOfPage\":{\"@id\":\"https:\/\/my.stlflix.com\/es\/product\/frog-wine-holder-2-66c5fa31c83b3\/#primaryimage\"},\"image\":{\"@id\":\"https:\/\/my.stlflix.com\/es\/product\/frog-wine-holder-2-66c5fa31c83b3\/#primaryimage\"},\"thumbnailUrl\":\"https:\/\/my.stlflix.com\/wp-content\/uploads\/2024\/03\/FEED_f4546696a6.jpg\",\"datePublished\":\"2024-08-21T15:39:40+00:00\",\"dateModified\":\"2024-12-22T11:35:59+00:00\",\"breadcrumb\":{\"@id\":\"https:\/\/my.stlflix.com\/es\/product\/frog-wine-holder-2-66c5fa31c83b3\/#breadcrumb\"},\"inLanguage\":\"es-ES\",\"potentialAction\":[{\"@type\":\"ReadAction\",\"target\":[\"https:\/\/my.stlflix.com\/es\/product\/frog-wine-holder-2-66c5fa31c83b3\/\"]}]},{\"@type\":\"ImageObject\",\"inLanguage\":\"es-ES\",\"@id\":\"https:\/\/my.stlflix.com\/es\/product\/frog-wine-holder-2-66c5fa31c83b3\/#primaryimage\",\"url\":\"https:\/\/my.stlflix.com\/wp-content\/uploads\/2024\/03\/FEED_f4546696a6.jpg\",\"contentUrl\":\"https:\/\/my.stlflix.com\/wp-content\/uploads\/2024\/03\/FEED_f4546696a6.jpg\",\"width\":1079,\"height\":1350},{\"@type\":\"BreadcrumbList\",\"@id\":\"https:\/\/my.stlflix.com\/es\/product\/frog-wine-holder-2-66c5fa31c83b3\/#breadcrumb\",\"itemListElement\":[{\"@type\":\"ListItem\",\"position\":1,\"name\":\"Home\",\"item\":\"https:\/\/www.stlflix-store.com\/\"},{\"@type\":\"ListItem\",\"position\":2,\"name\":\"Products\",\"item\":\"https:\/\/www.stlflix-store.com\/shop\/\"},{\"@type\":\"ListItem\",\"position\":3,\"name\":\"Frog Wine Holder 2\"}]},{\"@type\":\"WebSite\",\"@id\":\"https:\/\/my.stlflix.com\/#website\",\"url\":\"https:\/\/my.stlflix.com\/\",\"name\":\"MyStore - By STLFLIX\",\"description\":\"\",\"publisher\":{\"@id\":\"https:\/\/my.stlflix.com\/#organization\"},\"potentialAction\":[{\"@type\":\"SearchAction\",\"target\":{\"@type\":\"EntryPoint\",\"urlTemplate\":\"https:\/\/my.stlflix.com\/?s={search_term_string}\"},\"query-input\":{\"@type\":\"PropertyValueSpecification\",\"valueRequired\":true,\"valueName\":\"search_term_string\"}}],\"inLanguage\":\"es-ES\"},{\"@type\":\"Organization\",\"@id\":\"https:\/\/my.stlflix.com\/#organization\",\"name\":\"MyStore - By STLFLIX\",\"url\":\"https:\/\/my.stlflix.com\/\",\"logo\":{\"@type\":\"ImageObject\",\"inLanguage\":\"es-ES\",\"@id\":\"https:\/\/my.stlflix.com\/#\/schema\/logo\/image\/\",\"url\":\"https:\/\/my.stlflix.com\/wp-content\/uploads\/2024\/06\/logo-mystore.png\",\"contentUrl\":\"https:\/\/my.stlflix.com\/wp-content\/uploads\/2024\/06\/logo-mystore.png\",\"width\":150,\"height\":41,\"caption\":\"MyStore - By STLFLIX\"},\"image\":{\"@id\":\"https:\/\/my.stlflix.com\/#\/schema\/logo\/image\/\"},\"sameAs\":[\"https:\/\/www.facebook.com\/STLFLIX\",\"https:\/\/www.instagram.com\/stlflix_\/\",\"https:\/\/www.tiktok.com\/@stlflix\"]}]}<\/script>\n<!-- \/ Yoast SEO plugin. -->","yoast_head_json":{"title":"Frog Wine Holder 2 - MyStore - By STLFLIX","robots":{"index":"index","follow":"follow","max-snippet":"max-snippet:-1","max-image-preview":"max-image-preview:large","max-video-preview":"max-video-preview:-1"},"canonical":"https:\/\/my.stlflix.com\/es\/product\/frog-wine-holder-2-66c5fa31c83b3\/","og_locale":"es_ES","og_type":"article","og_title":"Frog Wine Holder 2 - MyStore - By STLFLIX","og_description":"Support de Bouteille en Forme de Grenouille Ajoutez une touche unique et amusante \u00e0 votre espace avec ce support de bouteille en forme de grenouille.\u00a0 Con\u00e7u et imprim\u00e9 en 3D, ce porte-bouteille est \u00e0 la fois pratique et d\u00e9coratif, id\u00e9al pour pr\u00e9senter vos meilleures bouteilles de vin ou autres boissons.\u00a0 La grenouille, solidement pos\u00e9e sur [&hellip;]","og_url":"https:\/\/my.stlflix.com\/es\/product\/frog-wine-holder-2-66c5fa31c83b3\/","og_site_name":"MyStore - By STLFLIX","article_publisher":"https:\/\/www.facebook.com\/STLFLIX","article_modified_time":"2024-12-22T11:35:59+00:00","og_image":[{"width":1079,"height":1350,"url":"https:\/\/my.stlflix.com\/wp-content\/uploads\/2024\/03\/FEED_f4546696a6.jpg","type":"image\/jpeg"}],"twitter_card":"summary_large_image","twitter_misc":{"Est. reading time":"1 minute"},"schema":{"@context":"https:\/\/schema.org","@graph":[{"@type":"WebPage","@id":"https:\/\/my.stlflix.com\/es\/product\/frog-wine-holder-2-66c5fa31c83b3\/","url":"https:\/\/my.stlflix.com\/es\/product\/frog-wine-holder-2-66c5fa31c83b3\/","name":"Frog Wine Holder 2 - MyStore - By STLFLIX","isPartOf":{"@id":"https:\/\/my.stlflix.com\/#website"},"primaryImageOfPage":{"@id":"https:\/\/my.stlflix.com\/es\/product\/frog-wine-holder-2-66c5fa31c83b3\/#primaryimage"},"image":{"@id":"https:\/\/my.stlflix.com\/es\/product\/frog-wine-holder-2-66c5fa31c83b3\/#primaryimage"},"thumbnailUrl":"https:\/\/my.stlflix.com\/wp-content\/uploads\/2024\/03\/FEED_f4546696a6.jpg","datePublished":"2024-08-21T15:39:40+00:00","dateModified":"2024-12-22T11:35:59+00:00","breadcrumb":{"@id":"https:\/\/my.stlflix.com\/es\/product\/frog-wine-holder-2-66c5fa31c83b3\/#breadcrumb"},"inLanguage":"es-ES","potentialAction":[{"@type":"ReadAction","target":["https:\/\/my.stlflix.com\/es\/product\/frog-wine-holder-2-66c5fa31c83b3\/"]}]},{"@type":"ImageObject","inLanguage":"es-ES","@id":"https:\/\/my.stlflix.com\/es\/product\/frog-wine-holder-2-66c5fa31c83b3\/#primaryimage","url":"https:\/\/my.stlflix.com\/wp-content\/uploads\/2024\/03\/FEED_f4546696a6.jpg","contentUrl":"https:\/\/my.stlflix.com\/wp-content\/uploads\/2024\/03\/FEED_f4546696a6.jpg","width":1079,"height":1350},{"@type":"BreadcrumbList","@id":"https:\/\/my.stlflix.com\/es\/product\/frog-wine-holder-2-66c5fa31c83b3\/#breadcrumb","itemListElement":[{"@type":"ListItem","position":1,"name":"Home","item":"https:\/\/www.stlflix-store.com\/"},{"@type":"ListItem","position":2,"name":"Products","item":"https:\/\/www.stlflix-store.com\/shop\/"},{"@type":"ListItem","position":3,"name":"Frog Wine Holder 2"}]},{"@type":"WebSite","@id":"https:\/\/my.stlflix.com\/#website","url":"https:\/\/my.stlflix.com\/","name":"MyStore - By STLFLIX","description":"","publisher":{"@id":"https:\/\/my.stlflix.com\/#organization"},"potentialAction":[{"@type":"SearchAction","target":{"@type":"EntryPoint","urlTemplate":"https:\/\/my.stlflix.com\/?s={search_term_string}"},"query-input":{"@type":"PropertyValueSpecification","valueRequired":true,"valueName":"search_term_string"}}],"inLanguage":"es-ES"},{"@type":"Organization","@id":"https:\/\/my.stlflix.com\/#organization","name":"MyStore - By STLFLIX","url":"https:\/\/my.stlflix.com\/","logo":{"@type":"ImageObject","inLanguage":"es-ES","@id":"https:\/\/my.stlflix.com\/#\/schema\/logo\/image\/","url":"https:\/\/my.stlflix.com\/wp-content\/uploads\/2024\/06\/logo-mystore.png","contentUrl":"https:\/\/my.stlflix.com\/wp-content\/uploads\/2024\/06\/logo-mystore.png","width":150,"height":41,"caption":"MyStore - By STLFLIX"},"image":{"@id":"https:\/\/my.stlflix.com\/#\/schema\/logo\/image\/"},"sameAs":["https:\/\/www.facebook.com\/STLFLIX","https:\/\/www.instagram.com\/stlflix_\/","https:\/\/www.tiktok.com\/@stlflix"]}]}},"_links":{"self":[{"href":"https:\/\/my.stlflix.com\/es\/wp-json\/wp\/v2\/product\/77567","targetHints":{"allow":["GET"]}}],"collection":[{"href":"https:\/\/my.stlflix.com\/es\/wp-json\/wp\/v2\/product"}],"about":[{"href":"https:\/\/my.stlflix.com\/es\/wp-json\/wp\/v2\/types\/product"}],"replies":[{"embeddable":true,"href":"https:\/\/my.stlflix.com\/es\/wp-json\/wp\/v2\/comments?post=77567"}],"wp:featuredmedia":[{"embeddable":true,"href":"https:\/\/my.stlflix.com\/es\/wp-json\/wp\/v2\/media\/5332"}],"wp:attachment":[{"href":"https:\/\/my.stlflix.com\/es\/wp-json\/wp\/v2\/media?parent=77567"}],"wp:term":[{"taxonomy":"product_brand","embeddable":true,"href":"https:\/\/my.stlflix.com\/es\/wp-json\/wp\/v2\/product_brand?post=77567"},{"taxonomy":"product_cat","embeddable":true,"href":"https:\/\/my.stlflix.com\/es\/wp-json\/wp\/v2\/product_cat?post=77567"},{"taxonomy":"product_tag","embeddable":true,"href":"https:\/\/my.stlflix.com\/es\/wp-json\/wp\/v2\/product_tag?post=77567"}],"curies":[{"name":"wp","href":"https:\/\/api.w.org\/{rel}","templated":true}]}}