{"id":77573,"date":"2024-08-22T16:06:59","date_gmt":"2024-08-22T16:06:59","guid":{"rendered":"https:\/\/my.stlflix.com\/?post_type=product&#038;p=77573"},"modified":"2024-12-22T11:36:00","modified_gmt":"2024-12-22T11:36:00","slug":"bordeaux-the-octopus-wine-holder-66c5fa5c098f1","status":"publish","type":"product","link":"https:\/\/my.stlflix.com\/es\/product\/bordeaux-the-octopus-wine-holder-66c5fa5c098f1\/","title":{"rendered":"Bordeaux, The Octopus Wine Holder"},"content":{"rendered":"<div><strong>Support de Bouteille Pieuvre &#8211; Impression 3D<\/strong><\/div>\n<div><\/div>\n<div>Sublimez votre pr\u00e9sentation de vin avec ce magnifique support de bouteille en forme de pieuvre. Imprim\u00e9 en 3D avec des d\u00e9tails r\u00e9alistes et des finitions impeccables, cette pieuvre entoure d\u00e9licatement votre bouteille de ses tentacules, offrant \u00e0 la fois une touche d&#8217;\u00e9l\u00e9gance marine et une fonctionnalit\u00e9 pratique. Que vous soyez un amateur de vin ou un passionn\u00e9 de d\u00e9coration originale, cet objet saura attirer l&#8217;attention et enrichir votre int\u00e9rieur.<\/div>\n<div><\/div>\n<div><strong>Caract\u00e9ristiques :<\/strong><\/div>\n<div><\/div>\n<div><strong>Mat\u00e9riau : PLA+pro<\/strong>\u00a0imprim\u00e9 en 3D pour une solidit\u00e9 et une durabilit\u00e9 maximales.<\/div>\n<div><\/div>\n<div><strong>Design artistique et r\u00e9aliste :<\/strong> Une pieuvre parfaitement d\u00e9taill\u00e9e, avec des textures r\u00e9alistes, tenant la bouteille entre ses tentacules.<\/div>\n<div><\/div>\n<div><strong>Adaptabilit\u00e9 :<\/strong> Con\u00e7u pour accueillir diff\u00e9rents types de bouteilles, qu&#8217;il s&#8217;agisse de vin ou d&#8217;autres boissons.<\/div>\n<div><\/div>\n<div><strong>Personnalisation :<\/strong> Disponible en diff\u00e9rentes couleurs pour s&#8217;harmoniser avec votre d\u00e9cor ou cr\u00e9er un effet unique.<\/div>\n<div><\/div>\n<div><strong>Finition soign\u00e9e :<\/strong> Ses ventouses et ses courbes d\u00e9taill\u00e9es ajoutent une touche authentique et captivante.<\/div>\n<div>Ce support de bouteille pieuvre allie un design artistique impressionnant \u00e0 une fonctionnalit\u00e9 pratique, en faisant une pi\u00e8ce ma\u00eetresse id\u00e9ale pour toute collection de vin ou d\u00e9coration marine.<\/div>\n<div><\/div>\n<div>port en sus<\/div>\n<div>disponible \u00e0 la fabrication<\/div>\n<div><a href=\"https:\/\/www.instagram.com\/manufac_3d\/\">CONTACTEZ-MOI<\/a><\/div>\n<div><\/div>\n","protected":false},"excerpt":{"rendered":"<p>Support de Bouteille Pieuvre &#8211; Impression 3D Sublimez votre pr\u00e9sentation de vin avec ce magnifique support de bouteille en forme de pieuvre. Imprim\u00e9 en 3D avec des d\u00e9tails r\u00e9alistes et des finitions impeccables, cette pieuvre entoure d\u00e9licatement votre bouteille de ses tentacules, offrant \u00e0 la fois une touche d&#8217;\u00e9l\u00e9gance marine et une fonctionnalit\u00e9 pratique. Que [&hellip;]<\/p>\n","protected":false},"featured_media":9320,"comment_status":"open","ping_status":"closed","template":"","meta":[],"product_brand":[],"product_cat":[52],"product_tag":[554],"class_list":{"0":"post-77573","1":"product","2":"type-product","3":"status-publish","4":"has-post-thumbnail","6":"product_cat-best-sellers","7":"product_tag-wine-bottle-holders","9":"first","10":"outofstock","11":"taxable","12":"shipping-taxable","13":"purchasable","14":"product-type-simple"},"yoast_head":"<!-- This site is optimized with the Yoast SEO plugin v25.1 - https:\/\/yoast.com\/wordpress\/plugins\/seo\/ -->\n<title>Bordeaux, The Octopus Wine Holder - MyStore - By STLFLIX<\/title>\n<meta name=\"robots\" content=\"index, follow, max-snippet:-1, max-image-preview:large, max-video-preview:-1\" \/>\n<link rel=\"canonical\" href=\"https:\/\/my.stlflix.com\/pt-br\/product\/bordeaux-the-octopus-wine-holder-66c5fa5c098f1\/\" \/>\n<meta property=\"og:locale\" content=\"es_ES\" \/>\n<meta property=\"og:type\" content=\"article\" \/>\n<meta property=\"og:title\" content=\"Bordeaux, The Octopus Wine Holder - MyStore - By STLFLIX\" \/>\n<meta property=\"og:description\" content=\"Support de Bouteille Pieuvre &#8211; Impression 3D Sublimez votre pr\u00e9sentation de vin avec ce magnifique support de bouteille en forme de pieuvre. Imprim\u00e9 en 3D avec des d\u00e9tails r\u00e9alistes et des finitions impeccables, cette pieuvre entoure d\u00e9licatement votre bouteille de ses tentacules, offrant \u00e0 la fois une touche d&#8217;\u00e9l\u00e9gance marine et une fonctionnalit\u00e9 pratique. Que [&hellip;]\" \/>\n<meta property=\"og:url\" content=\"https:\/\/my.stlflix.com\/pt-br\/product\/bordeaux-the-octopus-wine-holder-66c5fa5c098f1\/\" \/>\n<meta property=\"og:site_name\" content=\"MyStore - By STLFLIX\" \/>\n<meta property=\"article:publisher\" content=\"https:\/\/www.facebook.com\/STLFLIX\" \/>\n<meta property=\"article:modified_time\" content=\"2024-12-22T11:36:00+00:00\" \/>\n<meta property=\"og:image\" content=\"https:\/\/my.stlflix.com\/wp-content\/uploads\/2024\/03\/Bordeaux_the_octopus_142bcaedc2.png\" \/>\n\t<meta property=\"og:image:width\" content=\"542\" \/>\n\t<meta property=\"og:image:height\" content=\"678\" \/>\n\t<meta property=\"og:image:type\" content=\"image\/png\" \/>\n<meta name=\"twitter:card\" content=\"summary_large_image\" \/>\n<meta name=\"twitter:label1\" content=\"Est. reading time\" \/>\n\t<meta name=\"twitter:data1\" content=\"1 minute\" \/>\n<script type=\"application\/ld+json\" class=\"yoast-schema-graph\">{\"@context\":\"https:\/\/schema.org\",\"@graph\":[{\"@type\":\"WebPage\",\"@id\":\"https:\/\/my.stlflix.com\/pt-br\/product\/bordeaux-the-octopus-wine-holder-66c5fa5c098f1\/\",\"url\":\"https:\/\/my.stlflix.com\/pt-br\/product\/bordeaux-the-octopus-wine-holder-66c5fa5c098f1\/\",\"name\":\"Bordeaux, The Octopus Wine Holder - MyStore - By STLFLIX\",\"isPartOf\":{\"@id\":\"https:\/\/my.stlflix.com\/#website\"},\"primaryImageOfPage\":{\"@id\":\"https:\/\/my.stlflix.com\/pt-br\/product\/bordeaux-the-octopus-wine-holder-66c5fa5c098f1\/#primaryimage\"},\"image\":{\"@id\":\"https:\/\/my.stlflix.com\/pt-br\/product\/bordeaux-the-octopus-wine-holder-66c5fa5c098f1\/#primaryimage\"},\"thumbnailUrl\":\"https:\/\/my.stlflix.com\/wp-content\/uploads\/2024\/03\/Bordeaux_the_octopus_142bcaedc2.png\",\"datePublished\":\"2024-08-22T16:06:59+00:00\",\"dateModified\":\"2024-12-22T11:36:00+00:00\",\"breadcrumb\":{\"@id\":\"https:\/\/my.stlflix.com\/pt-br\/product\/bordeaux-the-octopus-wine-holder-66c5fa5c098f1\/#breadcrumb\"},\"inLanguage\":\"es-ES\",\"potentialAction\":[{\"@type\":\"ReadAction\",\"target\":[\"https:\/\/my.stlflix.com\/pt-br\/product\/bordeaux-the-octopus-wine-holder-66c5fa5c098f1\/\"]}]},{\"@type\":\"ImageObject\",\"inLanguage\":\"es-ES\",\"@id\":\"https:\/\/my.stlflix.com\/pt-br\/product\/bordeaux-the-octopus-wine-holder-66c5fa5c098f1\/#primaryimage\",\"url\":\"https:\/\/my.stlflix.com\/wp-content\/uploads\/2024\/03\/Bordeaux_the_octopus_142bcaedc2.png\",\"contentUrl\":\"https:\/\/my.stlflix.com\/wp-content\/uploads\/2024\/03\/Bordeaux_the_octopus_142bcaedc2.png\",\"width\":542,\"height\":678},{\"@type\":\"BreadcrumbList\",\"@id\":\"https:\/\/my.stlflix.com\/pt-br\/product\/bordeaux-the-octopus-wine-holder-66c5fa5c098f1\/#breadcrumb\",\"itemListElement\":[{\"@type\":\"ListItem\",\"position\":1,\"name\":\"Home\",\"item\":\"https:\/\/www.stlflix-store.com\/\"},{\"@type\":\"ListItem\",\"position\":2,\"name\":\"Products\",\"item\":\"https:\/\/www.stlflix-store.com\/shop\/\"},{\"@type\":\"ListItem\",\"position\":3,\"name\":\"Bordeaux, The Octopus Wine Holder\"}]},{\"@type\":\"WebSite\",\"@id\":\"https:\/\/my.stlflix.com\/#website\",\"url\":\"https:\/\/my.stlflix.com\/\",\"name\":\"MyStore - By STLFLIX\",\"description\":\"\",\"publisher\":{\"@id\":\"https:\/\/my.stlflix.com\/#organization\"},\"potentialAction\":[{\"@type\":\"SearchAction\",\"target\":{\"@type\":\"EntryPoint\",\"urlTemplate\":\"https:\/\/my.stlflix.com\/?s={search_term_string}\"},\"query-input\":{\"@type\":\"PropertyValueSpecification\",\"valueRequired\":true,\"valueName\":\"search_term_string\"}}],\"inLanguage\":\"es-ES\"},{\"@type\":\"Organization\",\"@id\":\"https:\/\/my.stlflix.com\/#organization\",\"name\":\"MyStore - By STLFLIX\",\"url\":\"https:\/\/my.stlflix.com\/\",\"logo\":{\"@type\":\"ImageObject\",\"inLanguage\":\"es-ES\",\"@id\":\"https:\/\/my.stlflix.com\/#\/schema\/logo\/image\/\",\"url\":\"https:\/\/my.stlflix.com\/wp-content\/uploads\/2024\/06\/logo-mystore.png\",\"contentUrl\":\"https:\/\/my.stlflix.com\/wp-content\/uploads\/2024\/06\/logo-mystore.png\",\"width\":150,\"height\":41,\"caption\":\"MyStore - By STLFLIX\"},\"image\":{\"@id\":\"https:\/\/my.stlflix.com\/#\/schema\/logo\/image\/\"},\"sameAs\":[\"https:\/\/www.facebook.com\/STLFLIX\",\"https:\/\/www.instagram.com\/stlflix_\/\",\"https:\/\/www.tiktok.com\/@stlflix\"]}]}<\/script>\n<!-- \/ Yoast SEO plugin. -->","yoast_head_json":{"title":"Bordeaux, The Octopus Wine Holder - MyStore - By STLFLIX","robots":{"index":"index","follow":"follow","max-snippet":"max-snippet:-1","max-image-preview":"max-image-preview:large","max-video-preview":"max-video-preview:-1"},"canonical":"https:\/\/my.stlflix.com\/pt-br\/product\/bordeaux-the-octopus-wine-holder-66c5fa5c098f1\/","og_locale":"es_ES","og_type":"article","og_title":"Bordeaux, The Octopus Wine Holder - MyStore - By STLFLIX","og_description":"Support de Bouteille Pieuvre &#8211; Impression 3D Sublimez votre pr\u00e9sentation de vin avec ce magnifique support de bouteille en forme de pieuvre. Imprim\u00e9 en 3D avec des d\u00e9tails r\u00e9alistes et des finitions impeccables, cette pieuvre entoure d\u00e9licatement votre bouteille de ses tentacules, offrant \u00e0 la fois une touche d&#8217;\u00e9l\u00e9gance marine et une fonctionnalit\u00e9 pratique. Que [&hellip;]","og_url":"https:\/\/my.stlflix.com\/pt-br\/product\/bordeaux-the-octopus-wine-holder-66c5fa5c098f1\/","og_site_name":"MyStore - By STLFLIX","article_publisher":"https:\/\/www.facebook.com\/STLFLIX","article_modified_time":"2024-12-22T11:36:00+00:00","og_image":[{"width":542,"height":678,"url":"https:\/\/my.stlflix.com\/wp-content\/uploads\/2024\/03\/Bordeaux_the_octopus_142bcaedc2.png","type":"image\/png"}],"twitter_card":"summary_large_image","twitter_misc":{"Est. reading time":"1 minute"},"schema":{"@context":"https:\/\/schema.org","@graph":[{"@type":"WebPage","@id":"https:\/\/my.stlflix.com\/pt-br\/product\/bordeaux-the-octopus-wine-holder-66c5fa5c098f1\/","url":"https:\/\/my.stlflix.com\/pt-br\/product\/bordeaux-the-octopus-wine-holder-66c5fa5c098f1\/","name":"Bordeaux, The Octopus Wine Holder - MyStore - By STLFLIX","isPartOf":{"@id":"https:\/\/my.stlflix.com\/#website"},"primaryImageOfPage":{"@id":"https:\/\/my.stlflix.com\/pt-br\/product\/bordeaux-the-octopus-wine-holder-66c5fa5c098f1\/#primaryimage"},"image":{"@id":"https:\/\/my.stlflix.com\/pt-br\/product\/bordeaux-the-octopus-wine-holder-66c5fa5c098f1\/#primaryimage"},"thumbnailUrl":"https:\/\/my.stlflix.com\/wp-content\/uploads\/2024\/03\/Bordeaux_the_octopus_142bcaedc2.png","datePublished":"2024-08-22T16:06:59+00:00","dateModified":"2024-12-22T11:36:00+00:00","breadcrumb":{"@id":"https:\/\/my.stlflix.com\/pt-br\/product\/bordeaux-the-octopus-wine-holder-66c5fa5c098f1\/#breadcrumb"},"inLanguage":"es-ES","potentialAction":[{"@type":"ReadAction","target":["https:\/\/my.stlflix.com\/pt-br\/product\/bordeaux-the-octopus-wine-holder-66c5fa5c098f1\/"]}]},{"@type":"ImageObject","inLanguage":"es-ES","@id":"https:\/\/my.stlflix.com\/pt-br\/product\/bordeaux-the-octopus-wine-holder-66c5fa5c098f1\/#primaryimage","url":"https:\/\/my.stlflix.com\/wp-content\/uploads\/2024\/03\/Bordeaux_the_octopus_142bcaedc2.png","contentUrl":"https:\/\/my.stlflix.com\/wp-content\/uploads\/2024\/03\/Bordeaux_the_octopus_142bcaedc2.png","width":542,"height":678},{"@type":"BreadcrumbList","@id":"https:\/\/my.stlflix.com\/pt-br\/product\/bordeaux-the-octopus-wine-holder-66c5fa5c098f1\/#breadcrumb","itemListElement":[{"@type":"ListItem","position":1,"name":"Home","item":"https:\/\/www.stlflix-store.com\/"},{"@type":"ListItem","position":2,"name":"Products","item":"https:\/\/www.stlflix-store.com\/shop\/"},{"@type":"ListItem","position":3,"name":"Bordeaux, The Octopus Wine Holder"}]},{"@type":"WebSite","@id":"https:\/\/my.stlflix.com\/#website","url":"https:\/\/my.stlflix.com\/","name":"MyStore - By STLFLIX","description":"","publisher":{"@id":"https:\/\/my.stlflix.com\/#organization"},"potentialAction":[{"@type":"SearchAction","target":{"@type":"EntryPoint","urlTemplate":"https:\/\/my.stlflix.com\/?s={search_term_string}"},"query-input":{"@type":"PropertyValueSpecification","valueRequired":true,"valueName":"search_term_string"}}],"inLanguage":"es-ES"},{"@type":"Organization","@id":"https:\/\/my.stlflix.com\/#organization","name":"MyStore - By STLFLIX","url":"https:\/\/my.stlflix.com\/","logo":{"@type":"ImageObject","inLanguage":"es-ES","@id":"https:\/\/my.stlflix.com\/#\/schema\/logo\/image\/","url":"https:\/\/my.stlflix.com\/wp-content\/uploads\/2024\/06\/logo-mystore.png","contentUrl":"https:\/\/my.stlflix.com\/wp-content\/uploads\/2024\/06\/logo-mystore.png","width":150,"height":41,"caption":"MyStore - By STLFLIX"},"image":{"@id":"https:\/\/my.stlflix.com\/#\/schema\/logo\/image\/"},"sameAs":["https:\/\/www.facebook.com\/STLFLIX","https:\/\/www.instagram.com\/stlflix_\/","https:\/\/www.tiktok.com\/@stlflix"]}]}},"_links":{"self":[{"href":"https:\/\/my.stlflix.com\/es\/wp-json\/wp\/v2\/product\/77573","targetHints":{"allow":["GET"]}}],"collection":[{"href":"https:\/\/my.stlflix.com\/es\/wp-json\/wp\/v2\/product"}],"about":[{"href":"https:\/\/my.stlflix.com\/es\/wp-json\/wp\/v2\/types\/product"}],"replies":[{"embeddable":true,"href":"https:\/\/my.stlflix.com\/es\/wp-json\/wp\/v2\/comments?post=77573"}],"wp:featuredmedia":[{"embeddable":true,"href":"https:\/\/my.stlflix.com\/es\/wp-json\/wp\/v2\/media\/9320"}],"wp:attachment":[{"href":"https:\/\/my.stlflix.com\/es\/wp-json\/wp\/v2\/media?parent=77573"}],"wp:term":[{"taxonomy":"product_brand","embeddable":true,"href":"https:\/\/my.stlflix.com\/es\/wp-json\/wp\/v2\/product_brand?post=77573"},{"taxonomy":"product_cat","embeddable":true,"href":"https:\/\/my.stlflix.com\/es\/wp-json\/wp\/v2\/product_cat?post=77573"},{"taxonomy":"product_tag","embeddable":true,"href":"https:\/\/my.stlflix.com\/es\/wp-json\/wp\/v2\/product_tag?post=77573"}],"curies":[{"name":"wp","href":"https:\/\/api.w.org\/{rel}","templated":true}]}}