{"id":78538,"date":"2024-08-22T15:59:25","date_gmt":"2024-08-22T15:59:25","guid":{"rendered":"https:\/\/my.stlflix.com\/?post_type=product&#038;p=78538"},"modified":"2024-12-22T11:36:38","modified_gmt":"2024-12-22T11:36:38","slug":"sticky-situation-phone-stand-66c75da809ab9","status":"publish","type":"product","link":"https:\/\/my.stlflix.com\/es\/product\/sticky-situation-phone-stand-66c75da809ab9\/","title":{"rendered":"Sticky Situation Phone Stand"},"content":{"rendered":"<div>D\u00e9couvrez notre support de smartphone <em><strong>&#8220;Glue Art&#8221;<\/strong><\/em>, une cr\u00e9ation originale et audacieuse, imprim\u00e9e en 3D avec du <strong><em>PLA+ Pro<\/em><\/strong> pour un rendu \u00e0 la fois solide et raffin\u00e9.<\/div>\n<div>Inspir\u00e9 par l&#8217;apparence d&#8217;une glue visuellement captivante, ce support donne l&#8217;illusion que votre t\u00e9l\u00e9phone est d\u00e9licatement suspendu dans une masse de colle en mouvement.<\/div>\n<div><\/div>\n<div>Son design fluide et organique ne passe pas inaper\u00e7u, transformant un accessoire pratique en v\u00e9ritable pi\u00e8ce artistique. Con\u00e7u pour offrir une stabilit\u00e9 optimale \u00e0 votre appareil tout en ajoutant une touche de cr\u00e9ativit\u00e9 \u00e0 votre espace, il est id\u00e9al pour les amateurs de technologie et de design contemporain.<\/div>\n<div>Chaque pi\u00e8ce est soigneusement imprim\u00e9e avec des mat\u00e9riaux de haute qualit\u00e9, garantissant r\u00e9sistance et durabilit\u00e9. Que ce soit sur votre bureau, votre table de chevet ou dans votre espace de travail, ce support est l\u2019alliance parfaite entre fonction et style. Ajoutez une touche d\u2019originalit\u00e9 \u00e0 votre quotidien avec notre support<em><strong> &#8220;Glue Art&#8221;<\/strong><\/em> !<\/div>\n<div><\/div>\n<div>port en sus<\/div>\n<div>disponible a la fabrication<\/div>\n<div><\/div>\n<div><a href=\"https:\/\/www.instagram.com\/manufac_3d\/\">CONTACTEZ-MOI<\/a><\/div>\n<div><\/div>\n","protected":false},"excerpt":{"rendered":"<p>D\u00e9couvrez notre support de smartphone &#8220;Glue Art&#8221;, une cr\u00e9ation originale et audacieuse, imprim\u00e9e en 3D avec du PLA+ Pro pour un rendu \u00e0 la fois solide et raffin\u00e9. Inspir\u00e9 par l&#8217;apparence d&#8217;une glue visuellement captivante, ce support donne l&#8217;illusion que votre t\u00e9l\u00e9phone est d\u00e9licatement suspendu dans une masse de colle en mouvement. Son design fluide [&hellip;]<\/p>\n","protected":false},"featured_media":54332,"comment_status":"open","ping_status":"closed","template":"","meta":[],"product_brand":[],"product_cat":[25],"product_tag":[485],"class_list":{"0":"post-78538","1":"product","2":"type-product","3":"status-publish","4":"has-post-thumbnail","6":"product_cat-home-decor","7":"product_tag-phone-holder","9":"first","10":"outofstock","11":"purchasable","12":"product-type-simple"},"yoast_head":"<!-- This site is optimized with the Yoast SEO plugin v25.1 - https:\/\/yoast.com\/wordpress\/plugins\/seo\/ -->\n<title>Sticky Situation Phone Stand - MyStore - By STLFLIX<\/title>\n<meta name=\"robots\" content=\"index, follow, max-snippet:-1, max-image-preview:large, max-video-preview:-1\" \/>\n<link rel=\"canonical\" href=\"https:\/\/www.lojadomandela3d.biz\/product\/sticky-situation-phone-stand-66c75da809ab9\/\" \/>\n<meta property=\"og:locale\" content=\"es_ES\" \/>\n<meta property=\"og:type\" content=\"article\" \/>\n<meta property=\"og:title\" content=\"Sticky Situation Phone Stand - MyStore - By STLFLIX\" \/>\n<meta property=\"og:description\" content=\"D\u00e9couvrez notre support de smartphone &#8220;Glue Art&#8221;, une cr\u00e9ation originale et audacieuse, imprim\u00e9e en 3D avec du PLA+ Pro pour un rendu \u00e0 la fois solide et raffin\u00e9. Inspir\u00e9 par l&#8217;apparence d&#8217;une glue visuellement captivante, ce support donne l&#8217;illusion que votre t\u00e9l\u00e9phone est d\u00e9licatement suspendu dans une masse de colle en mouvement. Son design fluide [&hellip;]\" \/>\n<meta property=\"og:url\" content=\"https:\/\/www.lojadomandela3d.biz\/product\/sticky-situation-phone-stand-66c75da809ab9\/\" \/>\n<meta property=\"og:site_name\" content=\"MyStore - By STLFLIX\" \/>\n<meta property=\"article:publisher\" content=\"https:\/\/www.facebook.com\/STLFLIX\" \/>\n<meta property=\"article:modified_time\" content=\"2024-12-22T11:36:38+00:00\" \/>\n<meta property=\"og:image\" content=\"https:\/\/www.lojadomandela3d.biz\/wp-content\/uploads\/2024\/08\/Sticky_Situation_Phone_Stand_thumb_22307fd3aa.jpg\" \/>\n\t<meta property=\"og:image:width\" content=\"1080\" \/>\n\t<meta property=\"og:image:height\" content=\"1350\" \/>\n\t<meta property=\"og:image:type\" content=\"image\/jpeg\" \/>\n<meta name=\"twitter:card\" content=\"summary_large_image\" \/>\n<meta name=\"twitter:label1\" content=\"Est. reading time\" \/>\n\t<meta name=\"twitter:data1\" content=\"1 minute\" \/>\n<script type=\"application\/ld+json\" class=\"yoast-schema-graph\">{\"@context\":\"https:\/\/schema.org\",\"@graph\":[{\"@type\":\"WebPage\",\"@id\":\"https:\/\/www.lojadomandela3d.biz\/product\/sticky-situation-phone-stand-66c75da809ab9\/\",\"url\":\"https:\/\/www.lojadomandela3d.biz\/product\/sticky-situation-phone-stand-66c75da809ab9\/\",\"name\":\"Sticky Situation Phone Stand - MyStore - By STLFLIX\",\"isPartOf\":{\"@id\":\"https:\/\/my.stlflix.com\/#website\"},\"primaryImageOfPage\":{\"@id\":\"https:\/\/www.lojadomandela3d.biz\/product\/sticky-situation-phone-stand-66c75da809ab9\/#primaryimage\"},\"image\":{\"@id\":\"https:\/\/www.lojadomandela3d.biz\/product\/sticky-situation-phone-stand-66c75da809ab9\/#primaryimage\"},\"thumbnailUrl\":\"https:\/\/my.stlflix.com\/wp-content\/uploads\/2024\/08\/Sticky_Situation_Phone_Stand_thumb_22307fd3aa.jpg\",\"datePublished\":\"2024-08-22T15:59:25+00:00\",\"dateModified\":\"2024-12-22T11:36:38+00:00\",\"breadcrumb\":{\"@id\":\"https:\/\/www.lojadomandela3d.biz\/product\/sticky-situation-phone-stand-66c75da809ab9\/#breadcrumb\"},\"inLanguage\":\"es-ES\",\"potentialAction\":[{\"@type\":\"ReadAction\",\"target\":[\"https:\/\/www.lojadomandela3d.biz\/product\/sticky-situation-phone-stand-66c75da809ab9\/\"]}]},{\"@type\":\"ImageObject\",\"inLanguage\":\"es-ES\",\"@id\":\"https:\/\/www.lojadomandela3d.biz\/product\/sticky-situation-phone-stand-66c75da809ab9\/#primaryimage\",\"url\":\"https:\/\/my.stlflix.com\/wp-content\/uploads\/2024\/08\/Sticky_Situation_Phone_Stand_thumb_22307fd3aa.jpg\",\"contentUrl\":\"https:\/\/my.stlflix.com\/wp-content\/uploads\/2024\/08\/Sticky_Situation_Phone_Stand_thumb_22307fd3aa.jpg\",\"width\":1080,\"height\":1350},{\"@type\":\"BreadcrumbList\",\"@id\":\"https:\/\/www.lojadomandela3d.biz\/product\/sticky-situation-phone-stand-66c75da809ab9\/#breadcrumb\",\"itemListElement\":[{\"@type\":\"ListItem\",\"position\":1,\"name\":\"Home\",\"item\":\"https:\/\/www.stlflix-store.com\/\"},{\"@type\":\"ListItem\",\"position\":2,\"name\":\"Products\",\"item\":\"https:\/\/www.stlflix-store.com\/shop\/\"},{\"@type\":\"ListItem\",\"position\":3,\"name\":\"Sticky Situation Phone Stand\"}]},{\"@type\":\"WebSite\",\"@id\":\"https:\/\/my.stlflix.com\/#website\",\"url\":\"https:\/\/my.stlflix.com\/\",\"name\":\"MyStore - By STLFLIX\",\"description\":\"\",\"publisher\":{\"@id\":\"https:\/\/my.stlflix.com\/#organization\"},\"potentialAction\":[{\"@type\":\"SearchAction\",\"target\":{\"@type\":\"EntryPoint\",\"urlTemplate\":\"https:\/\/my.stlflix.com\/?s={search_term_string}\"},\"query-input\":{\"@type\":\"PropertyValueSpecification\",\"valueRequired\":true,\"valueName\":\"search_term_string\"}}],\"inLanguage\":\"es-ES\"},{\"@type\":\"Organization\",\"@id\":\"https:\/\/my.stlflix.com\/#organization\",\"name\":\"MyStore - By STLFLIX\",\"url\":\"https:\/\/my.stlflix.com\/\",\"logo\":{\"@type\":\"ImageObject\",\"inLanguage\":\"es-ES\",\"@id\":\"https:\/\/my.stlflix.com\/#\/schema\/logo\/image\/\",\"url\":\"https:\/\/my.stlflix.com\/wp-content\/uploads\/2024\/06\/logo-mystore.png\",\"contentUrl\":\"https:\/\/my.stlflix.com\/wp-content\/uploads\/2024\/06\/logo-mystore.png\",\"width\":150,\"height\":41,\"caption\":\"MyStore - By STLFLIX\"},\"image\":{\"@id\":\"https:\/\/my.stlflix.com\/#\/schema\/logo\/image\/\"},\"sameAs\":[\"https:\/\/www.facebook.com\/STLFLIX\",\"https:\/\/www.instagram.com\/stlflix_\/\",\"https:\/\/www.tiktok.com\/@stlflix\"]}]}<\/script>\n<!-- \/ Yoast SEO plugin. -->","yoast_head_json":{"title":"Sticky Situation Phone Stand - MyStore - By STLFLIX","robots":{"index":"index","follow":"follow","max-snippet":"max-snippet:-1","max-image-preview":"max-image-preview:large","max-video-preview":"max-video-preview:-1"},"canonical":"https:\/\/www.lojadomandela3d.biz\/product\/sticky-situation-phone-stand-66c75da809ab9\/","og_locale":"es_ES","og_type":"article","og_title":"Sticky Situation Phone Stand - MyStore - By STLFLIX","og_description":"D\u00e9couvrez notre support de smartphone &#8220;Glue Art&#8221;, une cr\u00e9ation originale et audacieuse, imprim\u00e9e en 3D avec du PLA+ Pro pour un rendu \u00e0 la fois solide et raffin\u00e9. Inspir\u00e9 par l&#8217;apparence d&#8217;une glue visuellement captivante, ce support donne l&#8217;illusion que votre t\u00e9l\u00e9phone est d\u00e9licatement suspendu dans une masse de colle en mouvement. Son design fluide [&hellip;]","og_url":"https:\/\/www.lojadomandela3d.biz\/product\/sticky-situation-phone-stand-66c75da809ab9\/","og_site_name":"MyStore - By STLFLIX","article_publisher":"https:\/\/www.facebook.com\/STLFLIX","article_modified_time":"2024-12-22T11:36:38+00:00","og_image":[{"width":1080,"height":1350,"url":"https:\/\/www.lojadomandela3d.biz\/wp-content\/uploads\/2024\/08\/Sticky_Situation_Phone_Stand_thumb_22307fd3aa.jpg","type":"image\/jpeg"}],"twitter_card":"summary_large_image","twitter_misc":{"Est. reading time":"1 minute"},"schema":{"@context":"https:\/\/schema.org","@graph":[{"@type":"WebPage","@id":"https:\/\/www.lojadomandela3d.biz\/product\/sticky-situation-phone-stand-66c75da809ab9\/","url":"https:\/\/www.lojadomandela3d.biz\/product\/sticky-situation-phone-stand-66c75da809ab9\/","name":"Sticky Situation Phone Stand - MyStore - By STLFLIX","isPartOf":{"@id":"https:\/\/my.stlflix.com\/#website"},"primaryImageOfPage":{"@id":"https:\/\/www.lojadomandela3d.biz\/product\/sticky-situation-phone-stand-66c75da809ab9\/#primaryimage"},"image":{"@id":"https:\/\/www.lojadomandela3d.biz\/product\/sticky-situation-phone-stand-66c75da809ab9\/#primaryimage"},"thumbnailUrl":"https:\/\/my.stlflix.com\/wp-content\/uploads\/2024\/08\/Sticky_Situation_Phone_Stand_thumb_22307fd3aa.jpg","datePublished":"2024-08-22T15:59:25+00:00","dateModified":"2024-12-22T11:36:38+00:00","breadcrumb":{"@id":"https:\/\/www.lojadomandela3d.biz\/product\/sticky-situation-phone-stand-66c75da809ab9\/#breadcrumb"},"inLanguage":"es-ES","potentialAction":[{"@type":"ReadAction","target":["https:\/\/www.lojadomandela3d.biz\/product\/sticky-situation-phone-stand-66c75da809ab9\/"]}]},{"@type":"ImageObject","inLanguage":"es-ES","@id":"https:\/\/www.lojadomandela3d.biz\/product\/sticky-situation-phone-stand-66c75da809ab9\/#primaryimage","url":"https:\/\/my.stlflix.com\/wp-content\/uploads\/2024\/08\/Sticky_Situation_Phone_Stand_thumb_22307fd3aa.jpg","contentUrl":"https:\/\/my.stlflix.com\/wp-content\/uploads\/2024\/08\/Sticky_Situation_Phone_Stand_thumb_22307fd3aa.jpg","width":1080,"height":1350},{"@type":"BreadcrumbList","@id":"https:\/\/www.lojadomandela3d.biz\/product\/sticky-situation-phone-stand-66c75da809ab9\/#breadcrumb","itemListElement":[{"@type":"ListItem","position":1,"name":"Home","item":"https:\/\/www.stlflix-store.com\/"},{"@type":"ListItem","position":2,"name":"Products","item":"https:\/\/www.stlflix-store.com\/shop\/"},{"@type":"ListItem","position":3,"name":"Sticky Situation Phone Stand"}]},{"@type":"WebSite","@id":"https:\/\/my.stlflix.com\/#website","url":"https:\/\/my.stlflix.com\/","name":"MyStore - By STLFLIX","description":"","publisher":{"@id":"https:\/\/my.stlflix.com\/#organization"},"potentialAction":[{"@type":"SearchAction","target":{"@type":"EntryPoint","urlTemplate":"https:\/\/my.stlflix.com\/?s={search_term_string}"},"query-input":{"@type":"PropertyValueSpecification","valueRequired":true,"valueName":"search_term_string"}}],"inLanguage":"es-ES"},{"@type":"Organization","@id":"https:\/\/my.stlflix.com\/#organization","name":"MyStore - By STLFLIX","url":"https:\/\/my.stlflix.com\/","logo":{"@type":"ImageObject","inLanguage":"es-ES","@id":"https:\/\/my.stlflix.com\/#\/schema\/logo\/image\/","url":"https:\/\/my.stlflix.com\/wp-content\/uploads\/2024\/06\/logo-mystore.png","contentUrl":"https:\/\/my.stlflix.com\/wp-content\/uploads\/2024\/06\/logo-mystore.png","width":150,"height":41,"caption":"MyStore - By STLFLIX"},"image":{"@id":"https:\/\/my.stlflix.com\/#\/schema\/logo\/image\/"},"sameAs":["https:\/\/www.facebook.com\/STLFLIX","https:\/\/www.instagram.com\/stlflix_\/","https:\/\/www.tiktok.com\/@stlflix"]}]}},"_links":{"self":[{"href":"https:\/\/my.stlflix.com\/es\/wp-json\/wp\/v2\/product\/78538","targetHints":{"allow":["GET"]}}],"collection":[{"href":"https:\/\/my.stlflix.com\/es\/wp-json\/wp\/v2\/product"}],"about":[{"href":"https:\/\/my.stlflix.com\/es\/wp-json\/wp\/v2\/types\/product"}],"replies":[{"embeddable":true,"href":"https:\/\/my.stlflix.com\/es\/wp-json\/wp\/v2\/comments?post=78538"}],"wp:featuredmedia":[{"embeddable":true,"href":"https:\/\/my.stlflix.com\/es\/wp-json\/wp\/v2\/media\/54332"}],"wp:attachment":[{"href":"https:\/\/my.stlflix.com\/es\/wp-json\/wp\/v2\/media?parent=78538"}],"wp:term":[{"taxonomy":"product_brand","embeddable":true,"href":"https:\/\/my.stlflix.com\/es\/wp-json\/wp\/v2\/product_brand?post=78538"},{"taxonomy":"product_cat","embeddable":true,"href":"https:\/\/my.stlflix.com\/es\/wp-json\/wp\/v2\/product_cat?post=78538"},{"taxonomy":"product_tag","embeddable":true,"href":"https:\/\/my.stlflix.com\/es\/wp-json\/wp\/v2\/product_tag?post=78538"}],"curies":[{"name":"wp","href":"https:\/\/api.w.org\/{rel}","templated":true}]}}