{"id":79524,"date":"2024-08-23T14:55:24","date_gmt":"2024-08-23T14:55:24","guid":{"rendered":"https:\/\/my.stlflix.com\/?post_type=product&#038;p=79524"},"modified":"2024-12-22T11:37:04","modified_gmt":"2024-12-22T11:37:04","slug":"purrfect-cat-multipurpose-holder-66c89d936728b","status":"publish","type":"product","link":"https:\/\/my.stlflix.com\/es\/product\/purrfect-cat-multipurpose-holder-66c89d936728b\/","title":{"rendered":"Purrfect Cat Multipurpose Holder"},"content":{"rendered":"<div><span style=\"vertical-align: inherit\"><span style=\"vertical-align: inherit\"><strong>Porte-manette et T\u00e9l\u00e9phone en Forme de Chat &#8211; Impression 3D en PLA+ Pro<\/strong><\/span><\/span><\/div>\n<div><span style=\"vertical-align: inherit\"><span style=\"vertical-align: inherit\">Alliez praticit\u00e9 et style avec ce porte-manette et t\u00e9l\u00e9phone en forme de chat, con\u00e7u pour apporter une touche mignonne et fonctionnelle \u00e0 votre espace de jeu ou de bureau. Imprim\u00e9 en 3D \u00e0 partir de PLA+ Pro, un mat\u00e9riau r\u00e9sistant et \u00e9cologique, ce support est aussi durable qu&#8217;esth\u00e9tique.<\/span><\/span><\/div>\n<div><\/div>\n<div><span style=\"vertical-align: inherit\"><span style=\"vertical-align: inherit\"><strong>Caract\u00e9ristiques :<\/strong><\/span><\/span><\/div>\n<div><\/div>\n<div><span style=\"vertical-align: inherit\"><span style=\"vertical-align: inherit\"><strong>Design Adorable et Pratique :<\/strong> Ce petit chat tient fermement votre manette de jeu et votre t\u00e9l\u00e9phone, les gardant \u00e0 port\u00e9e de main tout en ajoutant une touche de charme \u00e0 votre bureau, table de chevet ou espace gaming. <\/span><\/span><\/div>\n<div><\/div>\n<div><span style=\"vertical-align: inherit\"><span style=\"vertical-align: inherit\"><strong>Impression 3D de haute qualit\u00e9 :<\/strong> <\/span><\/span><\/div>\n<div><span style=\"vertical-align: inherit\"><span style=\"vertical-align: inherit\">R\u00e9alis\u00e9 en PLA+ Pro, un mat\u00e9riau respectueux de l&#8217;environnement et plus solide que le PLA classique, ce porte-accessoires est con\u00e7u pour tout durer en offrant une finition lisse et soign\u00e9e.<\/span><\/span><\/div>\n<div><\/div>\n<div><span style=\"vertical-align: inherit\"><span style=\"vertical-align: inherit\"><strong>Compatibilit\u00e9 :<\/strong> <\/span><\/span><\/div>\n<div><span style=\"vertical-align: inherit\"><span style=\"vertical-align: inherit\">Ce porte-manette est compatible avec la plupart des manettes de console (PS5, Xbox, etc.) ainsi que les t\u00e9l\u00e9phones de tailles standard. Parfait pour organiser vos appareils en toute \u00e9l\u00e9gance.<\/span><\/span><\/div>\n<div><\/div>\n<div><span style=\"vertical-align: inherit\"><span style=\"vertical-align: inherit\"><strong>Couleur :<\/strong> Disponible dans plusieurs coloris (selon vos options), pour s&#8217;adapter \u00e0 toutes les ambiances et d\u00e9corations.<\/span><\/span><\/div>\n<div><\/div>\n<div><span style=\"vertical-align: inherit\"><span style=\"vertical-align: inherit\"><strong>Avantages :<\/strong><\/span><\/span><\/div>\n<div><span style=\"vertical-align: inherit\"><span style=\"vertical-align: inherit\"><strong>Organisation Styl\u00e9e :<\/strong> <\/span><\/span><\/div>\n<div><span style=\"vertical-align: inherit\"><span style=\"vertical-align: inherit\">Gardez vos accessoires bien rang\u00e9s avec ce support qui allie utilit\u00e9 et design mignonne. Le chat, avec ses petites pattes, maintient fermement vos appareils tout en apportant une touche amusante \u00e0 votre environnement.<\/span><\/span><\/div>\n<div><\/div>\n<div><span style=\"vertical-align: inherit\"><span style=\"vertical-align: inherit\"><strong>Fabrication Locale :<\/strong> Chaque pi\u00e8ce est minutieusement imprim\u00e9e \u00e0 la demande avec une technologie d&#8217;impression 3D de pointe.<\/span><\/span><\/div>\n<div><\/div>\n<div><span style=\"vertical-align: inherit\"><span style=\"vertical-align: inherit\"><strong>Entretien Facile :<\/strong> Le PLA+ Pro ne n\u00e9cessite qu&#8217;un entretien minimal : il suffit de le nettoyer avec un chiffon doux pour garder son \u00e9clat. Ce porte-manette et t\u00e9l\u00e9phone en forme de chat est l&#8217;accessoire parfait pour tous les amoureux des f\u00e9lins et des jeux vid\u00e9o, ou pour toute personne souhaitant organiser ses appareils avec style. Ajoutez une touche de douceur et de fonctionnalit\u00e9 \u00e0 votre espace d\u00e8s aujourd&#8217;hui !<\/span><\/span><\/div>\n<div><\/div>\n<div>PORT EN SUS<\/div>\n<div>DISPONIBLE A LA FABRICATION<\/div>\n<div><a href=\"https:\/\/www.instagram.com\/manufac_3d\/\">CONTACTEZ-MOI<\/a><\/div>\n","protected":false},"excerpt":{"rendered":"<p>Porte-manette et T\u00e9l\u00e9phone en Forme de Chat &#8211; Impression 3D en PLA+ Pro Alliez praticit\u00e9 et style avec ce porte-manette et t\u00e9l\u00e9phone en forme de chat, con\u00e7u pour apporter une touche mignonne et fonctionnelle \u00e0 votre espace de jeu ou de bureau. Imprim\u00e9 en 3D \u00e0 partir de PLA+ Pro, un mat\u00e9riau r\u00e9sistant et \u00e9cologique, [&hellip;]<\/p>\n","protected":false},"featured_media":54182,"comment_status":"open","ping_status":"closed","template":"","meta":[],"product_brand":[],"product_cat":[25],"product_tag":[515,485],"class_list":{"0":"post-79524","1":"product","2":"type-product","3":"status-publish","4":"has-post-thumbnail","6":"product_cat-home-decor","7":"product_tag-gaming-controller-stand","8":"product_tag-phone-holder","10":"first","11":"outofstock","12":"purchasable","13":"product-type-simple"},"yoast_head":"<!-- This site is optimized with the Yoast SEO plugin v25.1 - https:\/\/yoast.com\/wordpress\/plugins\/seo\/ -->\n<title>Purrfect Cat Multipurpose Holder - MyStore - By STLFLIX<\/title>\n<meta name=\"robots\" content=\"index, follow, max-snippet:-1, max-image-preview:large, max-video-preview:-1\" \/>\n<link rel=\"canonical\" href=\"https:\/\/my.stlflix.com\/product\/purrfect-cat-multipurpose-holder-66c89d936728b\/\" \/>\n<meta property=\"og:locale\" content=\"es_ES\" \/>\n<meta property=\"og:type\" content=\"article\" \/>\n<meta property=\"og:title\" content=\"Purrfect Cat Multipurpose Holder - MyStore - By STLFLIX\" \/>\n<meta property=\"og:description\" content=\"Porte-manette et T\u00e9l\u00e9phone en Forme de Chat &#8211; Impression 3D en PLA+ Pro Alliez praticit\u00e9 et style avec ce porte-manette et t\u00e9l\u00e9phone en forme de chat, con\u00e7u pour apporter une touche mignonne et fonctionnelle \u00e0 votre espace de jeu ou de bureau. Imprim\u00e9 en 3D \u00e0 partir de PLA+ Pro, un mat\u00e9riau r\u00e9sistant et \u00e9cologique, [&hellip;]\" \/>\n<meta property=\"og:url\" content=\"https:\/\/my.stlflix.com\/product\/purrfect-cat-multipurpose-holder-66c89d936728b\/\" \/>\n<meta property=\"og:site_name\" content=\"MyStore - By STLFLIX\" \/>\n<meta property=\"article:publisher\" content=\"https:\/\/www.facebook.com\/STLFLIX\" \/>\n<meta property=\"article:modified_time\" content=\"2024-12-22T11:37:04+00:00\" \/>\n<meta property=\"og:image\" content=\"https:\/\/my.stlflix.com\/wp-content\/uploads\/2024\/08\/Purrfect_Cat_Multipurpose_Holder_thumb_198077c4df.jpg\" \/>\n\t<meta property=\"og:image:width\" content=\"1080\" \/>\n\t<meta property=\"og:image:height\" content=\"1350\" \/>\n\t<meta property=\"og:image:type\" content=\"image\/jpeg\" \/>\n<meta name=\"twitter:card\" content=\"summary_large_image\" \/>\n<meta name=\"twitter:label1\" content=\"Est. reading time\" \/>\n\t<meta name=\"twitter:data1\" content=\"2 minutes\" \/>\n<script type=\"application\/ld+json\" class=\"yoast-schema-graph\">{\"@context\":\"https:\/\/schema.org\",\"@graph\":[{\"@type\":\"WebPage\",\"@id\":\"https:\/\/my.stlflix.com\/product\/purrfect-cat-multipurpose-holder-66c89d936728b\/\",\"url\":\"https:\/\/my.stlflix.com\/product\/purrfect-cat-multipurpose-holder-66c89d936728b\/\",\"name\":\"Purrfect Cat Multipurpose Holder - MyStore - By STLFLIX\",\"isPartOf\":{\"@id\":\"https:\/\/my.stlflix.com\/#website\"},\"primaryImageOfPage\":{\"@id\":\"https:\/\/my.stlflix.com\/product\/purrfect-cat-multipurpose-holder-66c89d936728b\/#primaryimage\"},\"image\":{\"@id\":\"https:\/\/my.stlflix.com\/product\/purrfect-cat-multipurpose-holder-66c89d936728b\/#primaryimage\"},\"thumbnailUrl\":\"https:\/\/my.stlflix.com\/wp-content\/uploads\/2024\/08\/Purrfect_Cat_Multipurpose_Holder_thumb_198077c4df.jpg\",\"datePublished\":\"2024-08-23T14:55:24+00:00\",\"dateModified\":\"2024-12-22T11:37:04+00:00\",\"breadcrumb\":{\"@id\":\"https:\/\/my.stlflix.com\/product\/purrfect-cat-multipurpose-holder-66c89d936728b\/#breadcrumb\"},\"inLanguage\":\"es-ES\",\"potentialAction\":[{\"@type\":\"ReadAction\",\"target\":[\"https:\/\/my.stlflix.com\/product\/purrfect-cat-multipurpose-holder-66c89d936728b\/\"]}]},{\"@type\":\"ImageObject\",\"inLanguage\":\"es-ES\",\"@id\":\"https:\/\/my.stlflix.com\/product\/purrfect-cat-multipurpose-holder-66c89d936728b\/#primaryimage\",\"url\":\"https:\/\/my.stlflix.com\/wp-content\/uploads\/2024\/08\/Purrfect_Cat_Multipurpose_Holder_thumb_198077c4df.jpg\",\"contentUrl\":\"https:\/\/my.stlflix.com\/wp-content\/uploads\/2024\/08\/Purrfect_Cat_Multipurpose_Holder_thumb_198077c4df.jpg\",\"width\":1080,\"height\":1350},{\"@type\":\"BreadcrumbList\",\"@id\":\"https:\/\/my.stlflix.com\/product\/purrfect-cat-multipurpose-holder-66c89d936728b\/#breadcrumb\",\"itemListElement\":[{\"@type\":\"ListItem\",\"position\":1,\"name\":\"Home\",\"item\":\"https:\/\/www.stlflix-store.com\/\"},{\"@type\":\"ListItem\",\"position\":2,\"name\":\"Products\",\"item\":\"https:\/\/www.stlflix-store.com\/shop\/\"},{\"@type\":\"ListItem\",\"position\":3,\"name\":\"Purrfect Cat Multipurpose Holder\"}]},{\"@type\":\"WebSite\",\"@id\":\"https:\/\/my.stlflix.com\/#website\",\"url\":\"https:\/\/my.stlflix.com\/\",\"name\":\"MyStore - By STLFLIX\",\"description\":\"\",\"publisher\":{\"@id\":\"https:\/\/my.stlflix.com\/#organization\"},\"potentialAction\":[{\"@type\":\"SearchAction\",\"target\":{\"@type\":\"EntryPoint\",\"urlTemplate\":\"https:\/\/my.stlflix.com\/?s={search_term_string}\"},\"query-input\":{\"@type\":\"PropertyValueSpecification\",\"valueRequired\":true,\"valueName\":\"search_term_string\"}}],\"inLanguage\":\"es-ES\"},{\"@type\":\"Organization\",\"@id\":\"https:\/\/my.stlflix.com\/#organization\",\"name\":\"MyStore - By STLFLIX\",\"url\":\"https:\/\/my.stlflix.com\/\",\"logo\":{\"@type\":\"ImageObject\",\"inLanguage\":\"es-ES\",\"@id\":\"https:\/\/my.stlflix.com\/#\/schema\/logo\/image\/\",\"url\":\"https:\/\/my.stlflix.com\/wp-content\/uploads\/2024\/06\/logo-mystore.png\",\"contentUrl\":\"https:\/\/my.stlflix.com\/wp-content\/uploads\/2024\/06\/logo-mystore.png\",\"width\":150,\"height\":41,\"caption\":\"MyStore - By STLFLIX\"},\"image\":{\"@id\":\"https:\/\/my.stlflix.com\/#\/schema\/logo\/image\/\"},\"sameAs\":[\"https:\/\/www.facebook.com\/STLFLIX\",\"https:\/\/www.instagram.com\/stlflix_\/\",\"https:\/\/www.tiktok.com\/@stlflix\"]}]}<\/script>\n<!-- \/ Yoast SEO plugin. -->","yoast_head_json":{"title":"Purrfect Cat Multipurpose Holder - MyStore - By STLFLIX","robots":{"index":"index","follow":"follow","max-snippet":"max-snippet:-1","max-image-preview":"max-image-preview:large","max-video-preview":"max-video-preview:-1"},"canonical":"https:\/\/my.stlflix.com\/product\/purrfect-cat-multipurpose-holder-66c89d936728b\/","og_locale":"es_ES","og_type":"article","og_title":"Purrfect Cat Multipurpose Holder - MyStore - By STLFLIX","og_description":"Porte-manette et T\u00e9l\u00e9phone en Forme de Chat &#8211; Impression 3D en PLA+ Pro Alliez praticit\u00e9 et style avec ce porte-manette et t\u00e9l\u00e9phone en forme de chat, con\u00e7u pour apporter une touche mignonne et fonctionnelle \u00e0 votre espace de jeu ou de bureau. Imprim\u00e9 en 3D \u00e0 partir de PLA+ Pro, un mat\u00e9riau r\u00e9sistant et \u00e9cologique, [&hellip;]","og_url":"https:\/\/my.stlflix.com\/product\/purrfect-cat-multipurpose-holder-66c89d936728b\/","og_site_name":"MyStore - By STLFLIX","article_publisher":"https:\/\/www.facebook.com\/STLFLIX","article_modified_time":"2024-12-22T11:37:04+00:00","og_image":[{"width":1080,"height":1350,"url":"https:\/\/my.stlflix.com\/wp-content\/uploads\/2024\/08\/Purrfect_Cat_Multipurpose_Holder_thumb_198077c4df.jpg","type":"image\/jpeg"}],"twitter_card":"summary_large_image","twitter_misc":{"Est. reading time":"2 minutes"},"schema":{"@context":"https:\/\/schema.org","@graph":[{"@type":"WebPage","@id":"https:\/\/my.stlflix.com\/product\/purrfect-cat-multipurpose-holder-66c89d936728b\/","url":"https:\/\/my.stlflix.com\/product\/purrfect-cat-multipurpose-holder-66c89d936728b\/","name":"Purrfect Cat Multipurpose Holder - MyStore - By STLFLIX","isPartOf":{"@id":"https:\/\/my.stlflix.com\/#website"},"primaryImageOfPage":{"@id":"https:\/\/my.stlflix.com\/product\/purrfect-cat-multipurpose-holder-66c89d936728b\/#primaryimage"},"image":{"@id":"https:\/\/my.stlflix.com\/product\/purrfect-cat-multipurpose-holder-66c89d936728b\/#primaryimage"},"thumbnailUrl":"https:\/\/my.stlflix.com\/wp-content\/uploads\/2024\/08\/Purrfect_Cat_Multipurpose_Holder_thumb_198077c4df.jpg","datePublished":"2024-08-23T14:55:24+00:00","dateModified":"2024-12-22T11:37:04+00:00","breadcrumb":{"@id":"https:\/\/my.stlflix.com\/product\/purrfect-cat-multipurpose-holder-66c89d936728b\/#breadcrumb"},"inLanguage":"es-ES","potentialAction":[{"@type":"ReadAction","target":["https:\/\/my.stlflix.com\/product\/purrfect-cat-multipurpose-holder-66c89d936728b\/"]}]},{"@type":"ImageObject","inLanguage":"es-ES","@id":"https:\/\/my.stlflix.com\/product\/purrfect-cat-multipurpose-holder-66c89d936728b\/#primaryimage","url":"https:\/\/my.stlflix.com\/wp-content\/uploads\/2024\/08\/Purrfect_Cat_Multipurpose_Holder_thumb_198077c4df.jpg","contentUrl":"https:\/\/my.stlflix.com\/wp-content\/uploads\/2024\/08\/Purrfect_Cat_Multipurpose_Holder_thumb_198077c4df.jpg","width":1080,"height":1350},{"@type":"BreadcrumbList","@id":"https:\/\/my.stlflix.com\/product\/purrfect-cat-multipurpose-holder-66c89d936728b\/#breadcrumb","itemListElement":[{"@type":"ListItem","position":1,"name":"Home","item":"https:\/\/www.stlflix-store.com\/"},{"@type":"ListItem","position":2,"name":"Products","item":"https:\/\/www.stlflix-store.com\/shop\/"},{"@type":"ListItem","position":3,"name":"Purrfect Cat Multipurpose Holder"}]},{"@type":"WebSite","@id":"https:\/\/my.stlflix.com\/#website","url":"https:\/\/my.stlflix.com\/","name":"MyStore - By STLFLIX","description":"","publisher":{"@id":"https:\/\/my.stlflix.com\/#organization"},"potentialAction":[{"@type":"SearchAction","target":{"@type":"EntryPoint","urlTemplate":"https:\/\/my.stlflix.com\/?s={search_term_string}"},"query-input":{"@type":"PropertyValueSpecification","valueRequired":true,"valueName":"search_term_string"}}],"inLanguage":"es-ES"},{"@type":"Organization","@id":"https:\/\/my.stlflix.com\/#organization","name":"MyStore - By STLFLIX","url":"https:\/\/my.stlflix.com\/","logo":{"@type":"ImageObject","inLanguage":"es-ES","@id":"https:\/\/my.stlflix.com\/#\/schema\/logo\/image\/","url":"https:\/\/my.stlflix.com\/wp-content\/uploads\/2024\/06\/logo-mystore.png","contentUrl":"https:\/\/my.stlflix.com\/wp-content\/uploads\/2024\/06\/logo-mystore.png","width":150,"height":41,"caption":"MyStore - By STLFLIX"},"image":{"@id":"https:\/\/my.stlflix.com\/#\/schema\/logo\/image\/"},"sameAs":["https:\/\/www.facebook.com\/STLFLIX","https:\/\/www.instagram.com\/stlflix_\/","https:\/\/www.tiktok.com\/@stlflix"]}]}},"_links":{"self":[{"href":"https:\/\/my.stlflix.com\/es\/wp-json\/wp\/v2\/product\/79524","targetHints":{"allow":["GET"]}}],"collection":[{"href":"https:\/\/my.stlflix.com\/es\/wp-json\/wp\/v2\/product"}],"about":[{"href":"https:\/\/my.stlflix.com\/es\/wp-json\/wp\/v2\/types\/product"}],"replies":[{"embeddable":true,"href":"https:\/\/my.stlflix.com\/es\/wp-json\/wp\/v2\/comments?post=79524"}],"wp:featuredmedia":[{"embeddable":true,"href":"https:\/\/my.stlflix.com\/es\/wp-json\/wp\/v2\/media\/54182"}],"wp:attachment":[{"href":"https:\/\/my.stlflix.com\/es\/wp-json\/wp\/v2\/media?parent=79524"}],"wp:term":[{"taxonomy":"product_brand","embeddable":true,"href":"https:\/\/my.stlflix.com\/es\/wp-json\/wp\/v2\/product_brand?post=79524"},{"taxonomy":"product_cat","embeddable":true,"href":"https:\/\/my.stlflix.com\/es\/wp-json\/wp\/v2\/product_cat?post=79524"},{"taxonomy":"product_tag","embeddable":true,"href":"https:\/\/my.stlflix.com\/es\/wp-json\/wp\/v2\/product_tag?post=79524"}],"curies":[{"name":"wp","href":"https:\/\/api.w.org\/{rel}","templated":true}]}}