{"id":80324,"date":"2024-10-26T14:46:24","date_gmt":"2024-10-26T14:46:24","guid":{"rendered":"https:\/\/my.stlflix.com\/?post_type=product&#038;p=80324"},"modified":"2024-12-22T11:37:10","modified_gmt":"2024-12-22T11:37:10","slug":"town-cavalry-66c96af94b75f","status":"publish","type":"product","link":"https:\/\/my.stlflix.com\/es\/product\/town-cavalry-66c96af94b75f\/","title":{"rendered":"Town Cavalry"},"content":{"rendered":"<p><strong>Miniaturas em Resina ABS-Like &#8211; 32mm<\/strong><br \/>\nNossas miniaturas s\u00e3o feitas em resina ABS-like na cor cinza, com um acabamento suave que valoriza cada detalhe! Com propor\u00e7\u00e3o de 32mm (tamanho da base), elas s\u00e3o perfeitas para dar vida aos seus jogos de mesa, cole\u00e7\u00f5es e projetos criativos.<\/p>\n<p><em>Observa\u00e7\u00f5es:<\/em><\/p>\n<ol>\n<li>As miniaturas n\u00e3o v\u00eam pintadas, deixando em aberto a possibilidade de personaliza\u00e7\u00e3o total.<\/li>\n<li>As miniaturas v\u00e3o coladas na Base; mas podem ser enviadas separadas com contato antecipado.<\/li>\n<\/ol>\n<p>As miniaturas s\u00e3o produzidas com qualidade suficiente para serem fabricadas em outros tamanhos. Para solicita\u00e7\u00f5es personalizadas, entre em contato conosco!<\/p>\n<p><!--more--><\/p>\n<p>Para mais imagens do produto voc\u00ea pode ver em <strong>https:\/\/www.instagram.com\/gulira_workshop<\/strong><\/p>\n","protected":false},"excerpt":{"rendered":"<p>Miniaturas em Resina ABS-Like &#8211; 32mm Nossas miniaturas s\u00e3o feitas em resina ABS-like na cor cinza, com um acabamento suave que valoriza cada detalhe! Com propor\u00e7\u00e3o de 32mm (tamanho da base), elas s\u00e3o perfeitas para dar vida aos seus jogos de mesa, cole\u00e7\u00f5es e projetos criativos. Observa\u00e7\u00f5es: As miniaturas n\u00e3o v\u00eam pintadas, deixando em aberto [&hellip;]<\/p>\n","protected":false},"featured_media":3165,"comment_status":"open","ping_status":"closed","template":"","meta":[],"product_brand":[],"product_cat":[47],"product_tag":[836],"class_list":{"0":"post-80324","1":"product","2":"type-product","3":"status-publish","4":"has-post-thumbnail","6":"product_cat-goblin-invasion","7":"product_tag-miniaturas","9":"first","10":"onbackorder","11":"taxable","12":"shipping-taxable","13":"purchasable","14":"product-type-simple"},"yoast_head":"<!-- This site is optimized with the Yoast SEO plugin v25.1 - https:\/\/yoast.com\/wordpress\/plugins\/seo\/ -->\n<title>Town Cavalry - MyStore - By STLFLIX<\/title>\n<meta name=\"robots\" content=\"index, follow, max-snippet:-1, max-image-preview:large, max-video-preview:-1\" \/>\n<link rel=\"canonical\" href=\"https:\/\/my.stlflix.com\/es\/product\/town-cavalry-66c96af94b75f\/\" \/>\n<meta property=\"og:locale\" content=\"es_ES\" \/>\n<meta property=\"og:type\" content=\"article\" \/>\n<meta property=\"og:title\" content=\"Town Cavalry - MyStore - By STLFLIX\" \/>\n<meta property=\"og:description\" content=\"Miniaturas em Resina ABS-Like &#8211; 32mm Nossas miniaturas s\u00e3o feitas em resina ABS-like na cor cinza, com um acabamento suave que valoriza cada detalhe! Com propor\u00e7\u00e3o de 32mm (tamanho da base), elas s\u00e3o perfeitas para dar vida aos seus jogos de mesa, cole\u00e7\u00f5es e projetos criativos. Observa\u00e7\u00f5es: As miniaturas n\u00e3o v\u00eam pintadas, deixando em aberto [&hellip;]\" \/>\n<meta property=\"og:url\" content=\"https:\/\/my.stlflix.com\/es\/product\/town-cavalry-66c96af94b75f\/\" \/>\n<meta property=\"og:site_name\" content=\"MyStore - By STLFLIX\" \/>\n<meta property=\"article:publisher\" content=\"https:\/\/www.facebook.com\/STLFLIX\" \/>\n<meta property=\"article:modified_time\" content=\"2024-12-22T11:37:10+00:00\" \/>\n<meta property=\"og:image\" content=\"https:\/\/my.stlflix.com\/wp-content\/uploads\/2024\/03\/Town_Cavalry_thumb_43f1924833.jpg\" \/>\n\t<meta property=\"og:image:width\" content=\"1080\" \/>\n\t<meta property=\"og:image:height\" content=\"1350\" \/>\n\t<meta property=\"og:image:type\" content=\"image\/jpeg\" \/>\n<meta name=\"twitter:card\" content=\"summary_large_image\" \/>\n<meta name=\"twitter:label1\" content=\"Est. reading time\" \/>\n\t<meta name=\"twitter:data1\" content=\"1 minute\" \/>\n<script type=\"application\/ld+json\" class=\"yoast-schema-graph\">{\"@context\":\"https:\/\/schema.org\",\"@graph\":[{\"@type\":\"WebPage\",\"@id\":\"https:\/\/my.stlflix.com\/es\/product\/town-cavalry-66c96af94b75f\/\",\"url\":\"https:\/\/my.stlflix.com\/es\/product\/town-cavalry-66c96af94b75f\/\",\"name\":\"Town Cavalry - MyStore - By STLFLIX\",\"isPartOf\":{\"@id\":\"https:\/\/my.stlflix.com\/tr\/#website\"},\"primaryImageOfPage\":{\"@id\":\"https:\/\/my.stlflix.com\/es\/product\/town-cavalry-66c96af94b75f\/#primaryimage\"},\"image\":{\"@id\":\"https:\/\/my.stlflix.com\/es\/product\/town-cavalry-66c96af94b75f\/#primaryimage\"},\"thumbnailUrl\":\"https:\/\/my.stlflix.com\/wp-content\/uploads\/2024\/03\/Town_Cavalry_thumb_43f1924833.jpg\",\"datePublished\":\"2024-10-26T14:46:24+00:00\",\"dateModified\":\"2024-12-22T11:37:10+00:00\",\"breadcrumb\":{\"@id\":\"https:\/\/my.stlflix.com\/es\/product\/town-cavalry-66c96af94b75f\/#breadcrumb\"},\"inLanguage\":\"es-ES\",\"potentialAction\":[{\"@type\":\"ReadAction\",\"target\":[\"https:\/\/my.stlflix.com\/es\/product\/town-cavalry-66c96af94b75f\/\"]}]},{\"@type\":\"ImageObject\",\"inLanguage\":\"es-ES\",\"@id\":\"https:\/\/my.stlflix.com\/es\/product\/town-cavalry-66c96af94b75f\/#primaryimage\",\"url\":\"https:\/\/my.stlflix.com\/wp-content\/uploads\/2024\/03\/Town_Cavalry_thumb_43f1924833.jpg\",\"contentUrl\":\"https:\/\/my.stlflix.com\/wp-content\/uploads\/2024\/03\/Town_Cavalry_thumb_43f1924833.jpg\",\"width\":1080,\"height\":1350},{\"@type\":\"BreadcrumbList\",\"@id\":\"https:\/\/my.stlflix.com\/es\/product\/town-cavalry-66c96af94b75f\/#breadcrumb\",\"itemListElement\":[{\"@type\":\"ListItem\",\"position\":1,\"name\":\"Home\",\"item\":\"https:\/\/my.stlflix.com\/\"},{\"@type\":\"ListItem\",\"position\":2,\"name\":\"Products\",\"item\":\"https:\/\/my.stlflix.com\/fr\/shop\/\"},{\"@type\":\"ListItem\",\"position\":3,\"name\":\"Town Cavalry\"}]},{\"@type\":\"WebSite\",\"@id\":\"https:\/\/my.stlflix.com\/tr\/#website\",\"url\":\"https:\/\/my.stlflix.com\/tr\/\",\"name\":\"MyStore - By STLFLIX\",\"description\":\"\",\"publisher\":{\"@id\":\"https:\/\/my.stlflix.com\/tr\/#organization\"},\"potentialAction\":[{\"@type\":\"SearchAction\",\"target\":{\"@type\":\"EntryPoint\",\"urlTemplate\":\"https:\/\/my.stlflix.com\/tr\/?s={search_term_string}\"},\"query-input\":{\"@type\":\"PropertyValueSpecification\",\"valueRequired\":true,\"valueName\":\"search_term_string\"}}],\"inLanguage\":\"es-ES\"},{\"@type\":\"Organization\",\"@id\":\"https:\/\/my.stlflix.com\/tr\/#organization\",\"name\":\"MyStore - By STLFLIX\",\"url\":\"https:\/\/my.stlflix.com\/tr\/\",\"logo\":{\"@type\":\"ImageObject\",\"inLanguage\":\"es-ES\",\"@id\":\"https:\/\/my.stlflix.com\/tr\/#\/schema\/logo\/image\/\",\"url\":\"https:\/\/my.stlflix.com\/wp-content\/uploads\/2024\/06\/logo-mystore.png\",\"contentUrl\":\"https:\/\/my.stlflix.com\/wp-content\/uploads\/2024\/06\/logo-mystore.png\",\"width\":150,\"height\":41,\"caption\":\"MyStore - By STLFLIX\"},\"image\":{\"@id\":\"https:\/\/my.stlflix.com\/tr\/#\/schema\/logo\/image\/\"},\"sameAs\":[\"https:\/\/www.facebook.com\/STLFLIX\",\"https:\/\/www.instagram.com\/stlflix_\/\",\"https:\/\/www.tiktok.com\/@stlflix\"]}]}<\/script>\n<!-- \/ Yoast SEO plugin. -->","yoast_head_json":{"title":"Town Cavalry - MyStore - By STLFLIX","robots":{"index":"index","follow":"follow","max-snippet":"max-snippet:-1","max-image-preview":"max-image-preview:large","max-video-preview":"max-video-preview:-1"},"canonical":"https:\/\/my.stlflix.com\/es\/product\/town-cavalry-66c96af94b75f\/","og_locale":"es_ES","og_type":"article","og_title":"Town Cavalry - MyStore - By STLFLIX","og_description":"Miniaturas em Resina ABS-Like &#8211; 32mm Nossas miniaturas s\u00e3o feitas em resina ABS-like na cor cinza, com um acabamento suave que valoriza cada detalhe! Com propor\u00e7\u00e3o de 32mm (tamanho da base), elas s\u00e3o perfeitas para dar vida aos seus jogos de mesa, cole\u00e7\u00f5es e projetos criativos. Observa\u00e7\u00f5es: As miniaturas n\u00e3o v\u00eam pintadas, deixando em aberto [&hellip;]","og_url":"https:\/\/my.stlflix.com\/es\/product\/town-cavalry-66c96af94b75f\/","og_site_name":"MyStore - By STLFLIX","article_publisher":"https:\/\/www.facebook.com\/STLFLIX","article_modified_time":"2024-12-22T11:37:10+00:00","og_image":[{"width":1080,"height":1350,"url":"https:\/\/my.stlflix.com\/wp-content\/uploads\/2024\/03\/Town_Cavalry_thumb_43f1924833.jpg","type":"image\/jpeg"}],"twitter_card":"summary_large_image","twitter_misc":{"Est. reading time":"1 minute"},"schema":{"@context":"https:\/\/schema.org","@graph":[{"@type":"WebPage","@id":"https:\/\/my.stlflix.com\/es\/product\/town-cavalry-66c96af94b75f\/","url":"https:\/\/my.stlflix.com\/es\/product\/town-cavalry-66c96af94b75f\/","name":"Town Cavalry - MyStore - By STLFLIX","isPartOf":{"@id":"https:\/\/my.stlflix.com\/tr\/#website"},"primaryImageOfPage":{"@id":"https:\/\/my.stlflix.com\/es\/product\/town-cavalry-66c96af94b75f\/#primaryimage"},"image":{"@id":"https:\/\/my.stlflix.com\/es\/product\/town-cavalry-66c96af94b75f\/#primaryimage"},"thumbnailUrl":"https:\/\/my.stlflix.com\/wp-content\/uploads\/2024\/03\/Town_Cavalry_thumb_43f1924833.jpg","datePublished":"2024-10-26T14:46:24+00:00","dateModified":"2024-12-22T11:37:10+00:00","breadcrumb":{"@id":"https:\/\/my.stlflix.com\/es\/product\/town-cavalry-66c96af94b75f\/#breadcrumb"},"inLanguage":"es-ES","potentialAction":[{"@type":"ReadAction","target":["https:\/\/my.stlflix.com\/es\/product\/town-cavalry-66c96af94b75f\/"]}]},{"@type":"ImageObject","inLanguage":"es-ES","@id":"https:\/\/my.stlflix.com\/es\/product\/town-cavalry-66c96af94b75f\/#primaryimage","url":"https:\/\/my.stlflix.com\/wp-content\/uploads\/2024\/03\/Town_Cavalry_thumb_43f1924833.jpg","contentUrl":"https:\/\/my.stlflix.com\/wp-content\/uploads\/2024\/03\/Town_Cavalry_thumb_43f1924833.jpg","width":1080,"height":1350},{"@type":"BreadcrumbList","@id":"https:\/\/my.stlflix.com\/es\/product\/town-cavalry-66c96af94b75f\/#breadcrumb","itemListElement":[{"@type":"ListItem","position":1,"name":"Home","item":"https:\/\/my.stlflix.com\/"},{"@type":"ListItem","position":2,"name":"Products","item":"https:\/\/my.stlflix.com\/fr\/shop\/"},{"@type":"ListItem","position":3,"name":"Town Cavalry"}]},{"@type":"WebSite","@id":"https:\/\/my.stlflix.com\/tr\/#website","url":"https:\/\/my.stlflix.com\/tr\/","name":"MyStore - By STLFLIX","description":"","publisher":{"@id":"https:\/\/my.stlflix.com\/tr\/#organization"},"potentialAction":[{"@type":"SearchAction","target":{"@type":"EntryPoint","urlTemplate":"https:\/\/my.stlflix.com\/tr\/?s={search_term_string}"},"query-input":{"@type":"PropertyValueSpecification","valueRequired":true,"valueName":"search_term_string"}}],"inLanguage":"es-ES"},{"@type":"Organization","@id":"https:\/\/my.stlflix.com\/tr\/#organization","name":"MyStore - By STLFLIX","url":"https:\/\/my.stlflix.com\/tr\/","logo":{"@type":"ImageObject","inLanguage":"es-ES","@id":"https:\/\/my.stlflix.com\/tr\/#\/schema\/logo\/image\/","url":"https:\/\/my.stlflix.com\/wp-content\/uploads\/2024\/06\/logo-mystore.png","contentUrl":"https:\/\/my.stlflix.com\/wp-content\/uploads\/2024\/06\/logo-mystore.png","width":150,"height":41,"caption":"MyStore - By STLFLIX"},"image":{"@id":"https:\/\/my.stlflix.com\/tr\/#\/schema\/logo\/image\/"},"sameAs":["https:\/\/www.facebook.com\/STLFLIX","https:\/\/www.instagram.com\/stlflix_\/","https:\/\/www.tiktok.com\/@stlflix"]}]}},"_links":{"self":[{"href":"https:\/\/my.stlflix.com\/es\/wp-json\/wp\/v2\/product\/80324","targetHints":{"allow":["GET"]}}],"collection":[{"href":"https:\/\/my.stlflix.com\/es\/wp-json\/wp\/v2\/product"}],"about":[{"href":"https:\/\/my.stlflix.com\/es\/wp-json\/wp\/v2\/types\/product"}],"replies":[{"embeddable":true,"href":"https:\/\/my.stlflix.com\/es\/wp-json\/wp\/v2\/comments?post=80324"}],"wp:featuredmedia":[{"embeddable":true,"href":"https:\/\/my.stlflix.com\/es\/wp-json\/wp\/v2\/media\/3165"}],"wp:attachment":[{"href":"https:\/\/my.stlflix.com\/es\/wp-json\/wp\/v2\/media?parent=80324"}],"wp:term":[{"taxonomy":"product_brand","embeddable":true,"href":"https:\/\/my.stlflix.com\/es\/wp-json\/wp\/v2\/product_brand?post=80324"},{"taxonomy":"product_cat","embeddable":true,"href":"https:\/\/my.stlflix.com\/es\/wp-json\/wp\/v2\/product_cat?post=80324"},{"taxonomy":"product_tag","embeddable":true,"href":"https:\/\/my.stlflix.com\/es\/wp-json\/wp\/v2\/product_tag?post=80324"}],"curies":[{"name":"wp","href":"https:\/\/api.w.org\/{rel}","templated":true}]}}