{"id":85289,"date":"2024-09-08T14:11:23","date_gmt":"2024-09-08T14:11:23","guid":{"rendered":"https:\/\/my.stlflix.com\/?post_type=product&#038;p=85289"},"modified":"2024-12-22T11:47:14","modified_gmt":"2024-12-22T11:47:14","slug":"cats-curiosity-book-nook-66cce7d7eb3fb","status":"publish","type":"product","link":"https:\/\/my.stlflix.com\/es\/product\/cats-curiosity-book-nook-66cce7d7eb3fb\/","title":{"rendered":"Katzen-B\u00fccherecke \u2013 Neugierige Katze unter B\u00fcchern, Geschenk f\u00fcr Katzenliebhaber"},"content":{"rendered":"<p>F\u00fcgen Sie diese entz\u00fcckende neugierige Katze Ihrer Heimbibliothek hinzu. Bei der gro\u00dfen Auswahl an Farben finden Sie mit Sicherheit die perfekte Kombination f\u00fcr Sie. Perfekt, um es einem geliebten Menschen zu schenken oder sich selbst eine Freude zu machen.<\/p>\n<p>Ideal, um es zwischen B\u00fcchern zu platzieren und als Geschenk an alle Katzenliebhaber, die wir alle kennen.<br \/>\nEs besteht aus zwei Teilen: dem Katze und dem Rahmen darum herum. Dieser Rahmen wird immer in Schwarz gedruckt, es sei denn, Sie f\u00fcgen der Bestellung einen Kommentar mit der gew\u00fcnschten Farbe bei.<\/p>\n<p>Der Dank f\u00fcr das Design geht an das STLFLIX-Entwicklungsteam. Autorisierter STLFLIX-H\u00e4ndler.<\/p>\n<p>Gr\u00f6\u00dfen (ungef\u00e4hr Breite x H\u00f6he x Tiefe):<br \/>\nKlein: 5 x 10 x 7 cm (1,96 x 3,9 x 2,75 Zoll)<br \/>\nMittel: 7,4 x 15 x 10,6 cm (2,91 x 5,9 x 4,17 Zoll)<br \/>\nGro\u00df: 10,3 x 21 x 14,8 cm (4 x 8,26 x 5,8 Zoll)<\/p>\n<p>Pflegehinweise:<br \/>\nBehandeln Sie Ihre B\u00fccherecke mit gr\u00f6\u00dfter Sorgfalt, damit sie nicht zerbricht. Verwenden Sie zum Reinigen nur ein weiches, trockenes Tuch und halten Sie das Modell von direkter und l\u00e4ngerer Sonneneinstrahlung, extremer Hitze und Feuchtigkeit fern, um seinen Zustand zu erhalten.<\/p>\n","protected":false},"excerpt":{"rendered":"<p>F\u00fcgen Sie diese entz\u00fcckende neugierige Katze Ihrer Heimbibliothek hinzu. Bei der gro\u00dfen Auswahl an Farben finden Sie mit Sicherheit die perfekte Kombination f\u00fcr Sie. Perfekt, um es einem geliebten Menschen zu schenken oder sich selbst eine Freude zu machen. Ideal, um es zwischen B\u00fcchern zu platzieren und als Geschenk an alle Katzenliebhaber, die wir alle [&hellip;]<\/p>\n","protected":false},"featured_media":53831,"comment_status":"open","ping_status":"closed","template":"","meta":[],"product_brand":[],"product_cat":[25],"product_tag":[493],"class_list":{"0":"post-85289","1":"product","2":"type-product","3":"status-publish","4":"has-post-thumbnail","6":"product_cat-home-decor","7":"product_tag-book-nook","9":"first","10":"instock","11":"shipping-taxable","12":"purchasable","13":"product-type-variable"},"yoast_head":"<!-- This site is optimized with the Yoast SEO plugin v25.1 - https:\/\/yoast.com\/wordpress\/plugins\/seo\/ -->\n<title>Katzen-B\u00fccherecke \u2013 Neugierige Katze unter B\u00fcchern, Geschenk f\u00fcr Katzenliebhaber - MyStore - By STLFLIX<\/title>\n<meta name=\"robots\" content=\"index, follow, max-snippet:-1, max-image-preview:large, max-video-preview:-1\" \/>\n<link rel=\"canonical\" href=\"https:\/\/my.stlflix.com\/es\/product\/cats-curiosity-book-nook-66cce7d7eb3fb\/\" \/>\n<meta property=\"og:locale\" content=\"es_ES\" \/>\n<meta property=\"og:type\" content=\"article\" \/>\n<meta property=\"og:title\" content=\"Katzen-B\u00fccherecke \u2013 Neugierige Katze unter B\u00fcchern, Geschenk f\u00fcr Katzenliebhaber - MyStore - By STLFLIX\" \/>\n<meta property=\"og:description\" content=\"F\u00fcgen Sie diese entz\u00fcckende neugierige Katze Ihrer Heimbibliothek hinzu. Bei der gro\u00dfen Auswahl an Farben finden Sie mit Sicherheit die perfekte Kombination f\u00fcr Sie. Perfekt, um es einem geliebten Menschen zu schenken oder sich selbst eine Freude zu machen. Ideal, um es zwischen B\u00fcchern zu platzieren und als Geschenk an alle Katzenliebhaber, die wir alle [&hellip;]\" \/>\n<meta property=\"og:url\" content=\"https:\/\/my.stlflix.com\/es\/product\/cats-curiosity-book-nook-66cce7d7eb3fb\/\" \/>\n<meta property=\"og:site_name\" content=\"MyStore - By STLFLIX\" \/>\n<meta property=\"article:publisher\" content=\"https:\/\/www.facebook.com\/STLFLIX\" \/>\n<meta property=\"article:modified_time\" content=\"2024-12-22T11:47:14+00:00\" \/>\n<meta property=\"og:image\" content=\"https:\/\/my.stlflix.com\/wp-content\/uploads\/2024\/07\/Cat_s_Curiosity_Book_Nook_thumb_5569215fa3.jpg\" \/>\n\t<meta property=\"og:image:width\" content=\"1080\" \/>\n\t<meta property=\"og:image:height\" content=\"1350\" \/>\n\t<meta property=\"og:image:type\" content=\"image\/jpeg\" \/>\n<meta name=\"twitter:card\" content=\"summary_large_image\" \/>\n<meta name=\"twitter:label1\" content=\"Est. reading time\" \/>\n\t<meta name=\"twitter:data1\" content=\"1 minute\" \/>\n<script type=\"application\/ld+json\" class=\"yoast-schema-graph\">{\"@context\":\"https:\/\/schema.org\",\"@graph\":[{\"@type\":\"WebPage\",\"@id\":\"https:\/\/my.stlflix.com\/es\/product\/cats-curiosity-book-nook-66cce7d7eb3fb\/\",\"url\":\"https:\/\/my.stlflix.com\/es\/product\/cats-curiosity-book-nook-66cce7d7eb3fb\/\",\"name\":\"Katzen-B\u00fccherecke \u2013 Neugierige Katze unter B\u00fcchern, Geschenk f\u00fcr Katzenliebhaber - MyStore - By STLFLIX\",\"isPartOf\":{\"@id\":\"https:\/\/my.stlflix.com\/#website\"},\"primaryImageOfPage\":{\"@id\":\"https:\/\/my.stlflix.com\/es\/product\/cats-curiosity-book-nook-66cce7d7eb3fb\/#primaryimage\"},\"image\":{\"@id\":\"https:\/\/my.stlflix.com\/es\/product\/cats-curiosity-book-nook-66cce7d7eb3fb\/#primaryimage\"},\"thumbnailUrl\":\"https:\/\/my.stlflix.com\/wp-content\/uploads\/2024\/07\/Cat_s_Curiosity_Book_Nook_thumb_5569215fa3.jpg\",\"datePublished\":\"2024-09-08T14:11:23+00:00\",\"dateModified\":\"2024-12-22T11:47:14+00:00\",\"breadcrumb\":{\"@id\":\"https:\/\/my.stlflix.com\/es\/product\/cats-curiosity-book-nook-66cce7d7eb3fb\/#breadcrumb\"},\"inLanguage\":\"es-ES\",\"potentialAction\":[{\"@type\":\"ReadAction\",\"target\":[\"https:\/\/my.stlflix.com\/es\/product\/cats-curiosity-book-nook-66cce7d7eb3fb\/\"]}]},{\"@type\":\"ImageObject\",\"inLanguage\":\"es-ES\",\"@id\":\"https:\/\/my.stlflix.com\/es\/product\/cats-curiosity-book-nook-66cce7d7eb3fb\/#primaryimage\",\"url\":\"https:\/\/my.stlflix.com\/wp-content\/uploads\/2024\/07\/Cat_s_Curiosity_Book_Nook_thumb_5569215fa3.jpg\",\"contentUrl\":\"https:\/\/my.stlflix.com\/wp-content\/uploads\/2024\/07\/Cat_s_Curiosity_Book_Nook_thumb_5569215fa3.jpg\",\"width\":1080,\"height\":1350},{\"@type\":\"BreadcrumbList\",\"@id\":\"https:\/\/my.stlflix.com\/es\/product\/cats-curiosity-book-nook-66cce7d7eb3fb\/#breadcrumb\",\"itemListElement\":[{\"@type\":\"ListItem\",\"position\":1,\"name\":\"Home\",\"item\":\"https:\/\/www.stlflix-store.com\/\"},{\"@type\":\"ListItem\",\"position\":2,\"name\":\"Products\",\"item\":\"https:\/\/www.stlflix-store.com\/shop\/\"},{\"@type\":\"ListItem\",\"position\":3,\"name\":\"Katzen-B\u00fccherecke \u2013 Neugierige Katze unter B\u00fcchern, Geschenk f\u00fcr Katzenliebhaber\"}]},{\"@type\":\"WebSite\",\"@id\":\"https:\/\/my.stlflix.com\/#website\",\"url\":\"https:\/\/my.stlflix.com\/\",\"name\":\"MyStore - By STLFLIX\",\"description\":\"\",\"publisher\":{\"@id\":\"https:\/\/my.stlflix.com\/#organization\"},\"potentialAction\":[{\"@type\":\"SearchAction\",\"target\":{\"@type\":\"EntryPoint\",\"urlTemplate\":\"https:\/\/my.stlflix.com\/?s={search_term_string}\"},\"query-input\":{\"@type\":\"PropertyValueSpecification\",\"valueRequired\":true,\"valueName\":\"search_term_string\"}}],\"inLanguage\":\"es-ES\"},{\"@type\":\"Organization\",\"@id\":\"https:\/\/my.stlflix.com\/#organization\",\"name\":\"MyStore - By STLFLIX\",\"url\":\"https:\/\/my.stlflix.com\/\",\"logo\":{\"@type\":\"ImageObject\",\"inLanguage\":\"es-ES\",\"@id\":\"https:\/\/my.stlflix.com\/#\/schema\/logo\/image\/\",\"url\":\"https:\/\/my.stlflix.com\/wp-content\/uploads\/2024\/06\/logo-mystore.png\",\"contentUrl\":\"https:\/\/my.stlflix.com\/wp-content\/uploads\/2024\/06\/logo-mystore.png\",\"width\":150,\"height\":41,\"caption\":\"MyStore - By STLFLIX\"},\"image\":{\"@id\":\"https:\/\/my.stlflix.com\/#\/schema\/logo\/image\/\"},\"sameAs\":[\"https:\/\/www.facebook.com\/STLFLIX\",\"https:\/\/www.instagram.com\/stlflix_\/\",\"https:\/\/www.tiktok.com\/@stlflix\"]}]}<\/script>\n<!-- \/ Yoast SEO plugin. -->","yoast_head_json":{"title":"Katzen-B\u00fccherecke \u2013 Neugierige Katze unter B\u00fcchern, Geschenk f\u00fcr Katzenliebhaber - MyStore - By STLFLIX","robots":{"index":"index","follow":"follow","max-snippet":"max-snippet:-1","max-image-preview":"max-image-preview:large","max-video-preview":"max-video-preview:-1"},"canonical":"https:\/\/my.stlflix.com\/es\/product\/cats-curiosity-book-nook-66cce7d7eb3fb\/","og_locale":"es_ES","og_type":"article","og_title":"Katzen-B\u00fccherecke \u2013 Neugierige Katze unter B\u00fcchern, Geschenk f\u00fcr Katzenliebhaber - MyStore - By STLFLIX","og_description":"F\u00fcgen Sie diese entz\u00fcckende neugierige Katze Ihrer Heimbibliothek hinzu. Bei der gro\u00dfen Auswahl an Farben finden Sie mit Sicherheit die perfekte Kombination f\u00fcr Sie. Perfekt, um es einem geliebten Menschen zu schenken oder sich selbst eine Freude zu machen. Ideal, um es zwischen B\u00fcchern zu platzieren und als Geschenk an alle Katzenliebhaber, die wir alle [&hellip;]","og_url":"https:\/\/my.stlflix.com\/es\/product\/cats-curiosity-book-nook-66cce7d7eb3fb\/","og_site_name":"MyStore - By STLFLIX","article_publisher":"https:\/\/www.facebook.com\/STLFLIX","article_modified_time":"2024-12-22T11:47:14+00:00","og_image":[{"width":1080,"height":1350,"url":"https:\/\/my.stlflix.com\/wp-content\/uploads\/2024\/07\/Cat_s_Curiosity_Book_Nook_thumb_5569215fa3.jpg","type":"image\/jpeg"}],"twitter_card":"summary_large_image","twitter_misc":{"Est. reading time":"1 minute"},"schema":{"@context":"https:\/\/schema.org","@graph":[{"@type":"WebPage","@id":"https:\/\/my.stlflix.com\/es\/product\/cats-curiosity-book-nook-66cce7d7eb3fb\/","url":"https:\/\/my.stlflix.com\/es\/product\/cats-curiosity-book-nook-66cce7d7eb3fb\/","name":"Katzen-B\u00fccherecke \u2013 Neugierige Katze unter B\u00fcchern, Geschenk f\u00fcr Katzenliebhaber - MyStore - By STLFLIX","isPartOf":{"@id":"https:\/\/my.stlflix.com\/#website"},"primaryImageOfPage":{"@id":"https:\/\/my.stlflix.com\/es\/product\/cats-curiosity-book-nook-66cce7d7eb3fb\/#primaryimage"},"image":{"@id":"https:\/\/my.stlflix.com\/es\/product\/cats-curiosity-book-nook-66cce7d7eb3fb\/#primaryimage"},"thumbnailUrl":"https:\/\/my.stlflix.com\/wp-content\/uploads\/2024\/07\/Cat_s_Curiosity_Book_Nook_thumb_5569215fa3.jpg","datePublished":"2024-09-08T14:11:23+00:00","dateModified":"2024-12-22T11:47:14+00:00","breadcrumb":{"@id":"https:\/\/my.stlflix.com\/es\/product\/cats-curiosity-book-nook-66cce7d7eb3fb\/#breadcrumb"},"inLanguage":"es-ES","potentialAction":[{"@type":"ReadAction","target":["https:\/\/my.stlflix.com\/es\/product\/cats-curiosity-book-nook-66cce7d7eb3fb\/"]}]},{"@type":"ImageObject","inLanguage":"es-ES","@id":"https:\/\/my.stlflix.com\/es\/product\/cats-curiosity-book-nook-66cce7d7eb3fb\/#primaryimage","url":"https:\/\/my.stlflix.com\/wp-content\/uploads\/2024\/07\/Cat_s_Curiosity_Book_Nook_thumb_5569215fa3.jpg","contentUrl":"https:\/\/my.stlflix.com\/wp-content\/uploads\/2024\/07\/Cat_s_Curiosity_Book_Nook_thumb_5569215fa3.jpg","width":1080,"height":1350},{"@type":"BreadcrumbList","@id":"https:\/\/my.stlflix.com\/es\/product\/cats-curiosity-book-nook-66cce7d7eb3fb\/#breadcrumb","itemListElement":[{"@type":"ListItem","position":1,"name":"Home","item":"https:\/\/www.stlflix-store.com\/"},{"@type":"ListItem","position":2,"name":"Products","item":"https:\/\/www.stlflix-store.com\/shop\/"},{"@type":"ListItem","position":3,"name":"Katzen-B\u00fccherecke \u2013 Neugierige Katze unter B\u00fcchern, Geschenk f\u00fcr Katzenliebhaber"}]},{"@type":"WebSite","@id":"https:\/\/my.stlflix.com\/#website","url":"https:\/\/my.stlflix.com\/","name":"MyStore - By STLFLIX","description":"","publisher":{"@id":"https:\/\/my.stlflix.com\/#organization"},"potentialAction":[{"@type":"SearchAction","target":{"@type":"EntryPoint","urlTemplate":"https:\/\/my.stlflix.com\/?s={search_term_string}"},"query-input":{"@type":"PropertyValueSpecification","valueRequired":true,"valueName":"search_term_string"}}],"inLanguage":"es-ES"},{"@type":"Organization","@id":"https:\/\/my.stlflix.com\/#organization","name":"MyStore - By STLFLIX","url":"https:\/\/my.stlflix.com\/","logo":{"@type":"ImageObject","inLanguage":"es-ES","@id":"https:\/\/my.stlflix.com\/#\/schema\/logo\/image\/","url":"https:\/\/my.stlflix.com\/wp-content\/uploads\/2024\/06\/logo-mystore.png","contentUrl":"https:\/\/my.stlflix.com\/wp-content\/uploads\/2024\/06\/logo-mystore.png","width":150,"height":41,"caption":"MyStore - By STLFLIX"},"image":{"@id":"https:\/\/my.stlflix.com\/#\/schema\/logo\/image\/"},"sameAs":["https:\/\/www.facebook.com\/STLFLIX","https:\/\/www.instagram.com\/stlflix_\/","https:\/\/www.tiktok.com\/@stlflix"]}]}},"_links":{"self":[{"href":"https:\/\/my.stlflix.com\/es\/wp-json\/wp\/v2\/product\/85289","targetHints":{"allow":["GET"]}}],"collection":[{"href":"https:\/\/my.stlflix.com\/es\/wp-json\/wp\/v2\/product"}],"about":[{"href":"https:\/\/my.stlflix.com\/es\/wp-json\/wp\/v2\/types\/product"}],"replies":[{"embeddable":true,"href":"https:\/\/my.stlflix.com\/es\/wp-json\/wp\/v2\/comments?post=85289"}],"wp:featuredmedia":[{"embeddable":true,"href":"https:\/\/my.stlflix.com\/es\/wp-json\/wp\/v2\/media\/53831"}],"wp:attachment":[{"href":"https:\/\/my.stlflix.com\/es\/wp-json\/wp\/v2\/media?parent=85289"}],"wp:term":[{"taxonomy":"product_brand","embeddable":true,"href":"https:\/\/my.stlflix.com\/es\/wp-json\/wp\/v2\/product_brand?post=85289"},{"taxonomy":"product_cat","embeddable":true,"href":"https:\/\/my.stlflix.com\/es\/wp-json\/wp\/v2\/product_cat?post=85289"},{"taxonomy":"product_tag","embeddable":true,"href":"https:\/\/my.stlflix.com\/es\/wp-json\/wp\/v2\/product_tag?post=85289"}],"curies":[{"name":"wp","href":"https:\/\/api.w.org\/{rel}","templated":true}]}}