{"id":97631,"date":"2024-09-13T17:19:38","date_gmt":"2024-09-13T17:19:38","guid":{"rendered":"https:\/\/my.stlflix.com\/?post_type=product&#038;p=97631"},"modified":"2024-12-22T11:54:38","modified_gmt":"2024-12-22T11:54:38","slug":"loong-swirl-66db107f18b9f","status":"publish","type":"product","link":"https:\/\/my.stlflix.com\/es\/product\/loong-swirl-66db107f18b9f\/","title":{"rendered":"Loong Swirl"},"content":{"rendered":"<p>Que tal um modelo decorativo para sua casa? A torre da longa serpente pode ser ideal para voc\u00ea!<\/p>\n<p>Elegante e com a serpente podendo ser removida da torre, este modelo \u00e9 \u00f3timo para decorar ambientes variados. As cores s\u00e3o por escolha do cliente, sem taxa adicional, por\u00e9m voc\u00ea pode optar por nossa pintura premium, por um precinho a mais! o tamanho padr\u00e3o \u00e9 de 13cm de altura, mas se for de sua prefer\u00eancia, os tamanho pode ser alterado e o pre\u00e7o tamb\u00e9m!<\/p>\n<p>Especifica\u00e7\u00f5es:<\/p>\n<p>-Altura 13cm;<\/p>\n<p>-Largura 7,5cm;<\/p>\n<p>-Peso 101g;<\/p>\n<p>-Cor padr\u00e3o: Torre preta e serpente branca.<\/p>\n<p>&nbsp;<\/p>\n","protected":false},"excerpt":{"rendered":"<p>Que tal um modelo decorativo para sua casa? A torre da longa serpente pode ser ideal para voc\u00ea! Elegante e com a serpente podendo ser removida da torre, este modelo \u00e9 \u00f3timo para decorar ambientes variados. As cores s\u00e3o por escolha do cliente, sem taxa adicional, por\u00e9m voc\u00ea pode optar por nossa pintura premium, por [&hellip;]<\/p>\n","protected":false},"featured_media":91749,"comment_status":"open","ping_status":"closed","template":"","meta":[],"product_brand":[],"product_cat":[908],"product_tag":[1563,1562],"class_list":{"0":"post-97631","1":"product","2":"type-product","3":"status-publish","4":"has-post-thumbnail","6":"product_cat-fidgets","7":"product_tag-cultura-japonesa","8":"product_tag-decoracao-de-mesa","10":"first","11":"onbackorder","12":"sale","13":"taxable","14":"shipping-taxable","15":"purchasable","16":"product-type-simple"},"yoast_head":"<!-- This site is optimized with the Yoast SEO plugin v25.1 - https:\/\/yoast.com\/wordpress\/plugins\/seo\/ -->\n<title>Loong Swirl - MyStore - By STLFLIX<\/title>\n<meta name=\"robots\" content=\"index, follow, max-snippet:-1, max-image-preview:large, max-video-preview:-1\" \/>\n<link rel=\"canonical\" href=\"https:\/\/www.lojadomandela3d.biz\/product\/loong-swirl-66db107f18b9f\/\" \/>\n<meta property=\"og:locale\" content=\"es_ES\" \/>\n<meta property=\"og:type\" content=\"article\" \/>\n<meta property=\"og:title\" content=\"Loong Swirl - MyStore - By STLFLIX\" \/>\n<meta property=\"og:description\" content=\"Que tal um modelo decorativo para sua casa? A torre da longa serpente pode ser ideal para voc\u00ea! Elegante e com a serpente podendo ser removida da torre, este modelo \u00e9 \u00f3timo para decorar ambientes variados. As cores s\u00e3o por escolha do cliente, sem taxa adicional, por\u00e9m voc\u00ea pode optar por nossa pintura premium, por [&hellip;]\" \/>\n<meta property=\"og:url\" content=\"https:\/\/www.lojadomandela3d.biz\/product\/loong-swirl-66db107f18b9f\/\" \/>\n<meta property=\"og:site_name\" content=\"MyStore - By STLFLIX\" \/>\n<meta property=\"article:publisher\" content=\"https:\/\/www.facebook.com\/STLFLIX\" \/>\n<meta property=\"article:modified_time\" content=\"2024-12-22T11:54:38+00:00\" \/>\n<meta property=\"og:image\" content=\"https:\/\/www.lojadomandela3d.biz\/wp-content\/uploads\/2024\/09\/Loong_Swirl_thumb_f6b95cdcd9.png\" \/>\n\t<meta property=\"og:image:width\" content=\"1080\" \/>\n\t<meta property=\"og:image:height\" content=\"1350\" \/>\n\t<meta property=\"og:image:type\" content=\"image\/png\" \/>\n<meta name=\"twitter:card\" content=\"summary_large_image\" \/>\n<meta name=\"twitter:label1\" content=\"Est. reading time\" \/>\n\t<meta name=\"twitter:data1\" content=\"1 minute\" \/>\n<script type=\"application\/ld+json\" class=\"yoast-schema-graph\">{\"@context\":\"https:\/\/schema.org\",\"@graph\":[{\"@type\":\"WebPage\",\"@id\":\"https:\/\/www.lojadomandela3d.biz\/product\/loong-swirl-66db107f18b9f\/\",\"url\":\"https:\/\/www.lojadomandela3d.biz\/product\/loong-swirl-66db107f18b9f\/\",\"name\":\"Loong Swirl - MyStore - By STLFLIX\",\"isPartOf\":{\"@id\":\"https:\/\/my.stlflix.com\/#website\"},\"primaryImageOfPage\":{\"@id\":\"https:\/\/www.lojadomandela3d.biz\/product\/loong-swirl-66db107f18b9f\/#primaryimage\"},\"image\":{\"@id\":\"https:\/\/www.lojadomandela3d.biz\/product\/loong-swirl-66db107f18b9f\/#primaryimage\"},\"thumbnailUrl\":\"https:\/\/my.stlflix.com\/wp-content\/uploads\/2024\/09\/Loong_Swirl_thumb_f6b95cdcd9.png\",\"datePublished\":\"2024-09-13T17:19:38+00:00\",\"dateModified\":\"2024-12-22T11:54:38+00:00\",\"breadcrumb\":{\"@id\":\"https:\/\/www.lojadomandela3d.biz\/product\/loong-swirl-66db107f18b9f\/#breadcrumb\"},\"inLanguage\":\"es-ES\",\"potentialAction\":[{\"@type\":\"ReadAction\",\"target\":[\"https:\/\/www.lojadomandela3d.biz\/product\/loong-swirl-66db107f18b9f\/\"]}]},{\"@type\":\"ImageObject\",\"inLanguage\":\"es-ES\",\"@id\":\"https:\/\/www.lojadomandela3d.biz\/product\/loong-swirl-66db107f18b9f\/#primaryimage\",\"url\":\"https:\/\/my.stlflix.com\/wp-content\/uploads\/2024\/09\/Loong_Swirl_thumb_f6b95cdcd9.png\",\"contentUrl\":\"https:\/\/my.stlflix.com\/wp-content\/uploads\/2024\/09\/Loong_Swirl_thumb_f6b95cdcd9.png\",\"width\":1080,\"height\":1350},{\"@type\":\"BreadcrumbList\",\"@id\":\"https:\/\/www.lojadomandela3d.biz\/product\/loong-swirl-66db107f18b9f\/#breadcrumb\",\"itemListElement\":[{\"@type\":\"ListItem\",\"position\":1,\"name\":\"Home\",\"item\":\"https:\/\/www.stlflix-store.com\/\"},{\"@type\":\"ListItem\",\"position\":2,\"name\":\"Products\",\"item\":\"https:\/\/www.stlflix-store.com\/shop\/\"},{\"@type\":\"ListItem\",\"position\":3,\"name\":\"Loong Swirl\"}]},{\"@type\":\"WebSite\",\"@id\":\"https:\/\/my.stlflix.com\/#website\",\"url\":\"https:\/\/my.stlflix.com\/\",\"name\":\"MyStore - By STLFLIX\",\"description\":\"\",\"publisher\":{\"@id\":\"https:\/\/my.stlflix.com\/#organization\"},\"potentialAction\":[{\"@type\":\"SearchAction\",\"target\":{\"@type\":\"EntryPoint\",\"urlTemplate\":\"https:\/\/my.stlflix.com\/?s={search_term_string}\"},\"query-input\":{\"@type\":\"PropertyValueSpecification\",\"valueRequired\":true,\"valueName\":\"search_term_string\"}}],\"inLanguage\":\"es-ES\"},{\"@type\":\"Organization\",\"@id\":\"https:\/\/my.stlflix.com\/#organization\",\"name\":\"MyStore - By STLFLIX\",\"url\":\"https:\/\/my.stlflix.com\/\",\"logo\":{\"@type\":\"ImageObject\",\"inLanguage\":\"es-ES\",\"@id\":\"https:\/\/my.stlflix.com\/#\/schema\/logo\/image\/\",\"url\":\"https:\/\/my.stlflix.com\/wp-content\/uploads\/2024\/06\/logo-mystore.png\",\"contentUrl\":\"https:\/\/my.stlflix.com\/wp-content\/uploads\/2024\/06\/logo-mystore.png\",\"width\":150,\"height\":41,\"caption\":\"MyStore - By STLFLIX\"},\"image\":{\"@id\":\"https:\/\/my.stlflix.com\/#\/schema\/logo\/image\/\"},\"sameAs\":[\"https:\/\/www.facebook.com\/STLFLIX\",\"https:\/\/www.instagram.com\/stlflix_\/\",\"https:\/\/www.tiktok.com\/@stlflix\"]}]}<\/script>\n<!-- \/ Yoast SEO plugin. -->","yoast_head_json":{"title":"Loong Swirl - MyStore - By STLFLIX","robots":{"index":"index","follow":"follow","max-snippet":"max-snippet:-1","max-image-preview":"max-image-preview:large","max-video-preview":"max-video-preview:-1"},"canonical":"https:\/\/www.lojadomandela3d.biz\/product\/loong-swirl-66db107f18b9f\/","og_locale":"es_ES","og_type":"article","og_title":"Loong Swirl - MyStore - By STLFLIX","og_description":"Que tal um modelo decorativo para sua casa? A torre da longa serpente pode ser ideal para voc\u00ea! Elegante e com a serpente podendo ser removida da torre, este modelo \u00e9 \u00f3timo para decorar ambientes variados. As cores s\u00e3o por escolha do cliente, sem taxa adicional, por\u00e9m voc\u00ea pode optar por nossa pintura premium, por [&hellip;]","og_url":"https:\/\/www.lojadomandela3d.biz\/product\/loong-swirl-66db107f18b9f\/","og_site_name":"MyStore - By STLFLIX","article_publisher":"https:\/\/www.facebook.com\/STLFLIX","article_modified_time":"2024-12-22T11:54:38+00:00","og_image":[{"width":1080,"height":1350,"url":"https:\/\/www.lojadomandela3d.biz\/wp-content\/uploads\/2024\/09\/Loong_Swirl_thumb_f6b95cdcd9.png","type":"image\/png"}],"twitter_card":"summary_large_image","twitter_misc":{"Est. reading time":"1 minute"},"schema":{"@context":"https:\/\/schema.org","@graph":[{"@type":"WebPage","@id":"https:\/\/www.lojadomandela3d.biz\/product\/loong-swirl-66db107f18b9f\/","url":"https:\/\/www.lojadomandela3d.biz\/product\/loong-swirl-66db107f18b9f\/","name":"Loong Swirl - MyStore - By STLFLIX","isPartOf":{"@id":"https:\/\/my.stlflix.com\/#website"},"primaryImageOfPage":{"@id":"https:\/\/www.lojadomandela3d.biz\/product\/loong-swirl-66db107f18b9f\/#primaryimage"},"image":{"@id":"https:\/\/www.lojadomandela3d.biz\/product\/loong-swirl-66db107f18b9f\/#primaryimage"},"thumbnailUrl":"https:\/\/my.stlflix.com\/wp-content\/uploads\/2024\/09\/Loong_Swirl_thumb_f6b95cdcd9.png","datePublished":"2024-09-13T17:19:38+00:00","dateModified":"2024-12-22T11:54:38+00:00","breadcrumb":{"@id":"https:\/\/www.lojadomandela3d.biz\/product\/loong-swirl-66db107f18b9f\/#breadcrumb"},"inLanguage":"es-ES","potentialAction":[{"@type":"ReadAction","target":["https:\/\/www.lojadomandela3d.biz\/product\/loong-swirl-66db107f18b9f\/"]}]},{"@type":"ImageObject","inLanguage":"es-ES","@id":"https:\/\/www.lojadomandela3d.biz\/product\/loong-swirl-66db107f18b9f\/#primaryimage","url":"https:\/\/my.stlflix.com\/wp-content\/uploads\/2024\/09\/Loong_Swirl_thumb_f6b95cdcd9.png","contentUrl":"https:\/\/my.stlflix.com\/wp-content\/uploads\/2024\/09\/Loong_Swirl_thumb_f6b95cdcd9.png","width":1080,"height":1350},{"@type":"BreadcrumbList","@id":"https:\/\/www.lojadomandela3d.biz\/product\/loong-swirl-66db107f18b9f\/#breadcrumb","itemListElement":[{"@type":"ListItem","position":1,"name":"Home","item":"https:\/\/www.stlflix-store.com\/"},{"@type":"ListItem","position":2,"name":"Products","item":"https:\/\/www.stlflix-store.com\/shop\/"},{"@type":"ListItem","position":3,"name":"Loong Swirl"}]},{"@type":"WebSite","@id":"https:\/\/my.stlflix.com\/#website","url":"https:\/\/my.stlflix.com\/","name":"MyStore - By STLFLIX","description":"","publisher":{"@id":"https:\/\/my.stlflix.com\/#organization"},"potentialAction":[{"@type":"SearchAction","target":{"@type":"EntryPoint","urlTemplate":"https:\/\/my.stlflix.com\/?s={search_term_string}"},"query-input":{"@type":"PropertyValueSpecification","valueRequired":true,"valueName":"search_term_string"}}],"inLanguage":"es-ES"},{"@type":"Organization","@id":"https:\/\/my.stlflix.com\/#organization","name":"MyStore - By STLFLIX","url":"https:\/\/my.stlflix.com\/","logo":{"@type":"ImageObject","inLanguage":"es-ES","@id":"https:\/\/my.stlflix.com\/#\/schema\/logo\/image\/","url":"https:\/\/my.stlflix.com\/wp-content\/uploads\/2024\/06\/logo-mystore.png","contentUrl":"https:\/\/my.stlflix.com\/wp-content\/uploads\/2024\/06\/logo-mystore.png","width":150,"height":41,"caption":"MyStore - By STLFLIX"},"image":{"@id":"https:\/\/my.stlflix.com\/#\/schema\/logo\/image\/"},"sameAs":["https:\/\/www.facebook.com\/STLFLIX","https:\/\/www.instagram.com\/stlflix_\/","https:\/\/www.tiktok.com\/@stlflix"]}]}},"_links":{"self":[{"href":"https:\/\/my.stlflix.com\/es\/wp-json\/wp\/v2\/product\/97631","targetHints":{"allow":["GET"]}}],"collection":[{"href":"https:\/\/my.stlflix.com\/es\/wp-json\/wp\/v2\/product"}],"about":[{"href":"https:\/\/my.stlflix.com\/es\/wp-json\/wp\/v2\/types\/product"}],"replies":[{"embeddable":true,"href":"https:\/\/my.stlflix.com\/es\/wp-json\/wp\/v2\/comments?post=97631"}],"wp:featuredmedia":[{"embeddable":true,"href":"https:\/\/my.stlflix.com\/es\/wp-json\/wp\/v2\/media\/91749"}],"wp:attachment":[{"href":"https:\/\/my.stlflix.com\/es\/wp-json\/wp\/v2\/media?parent=97631"}],"wp:term":[{"taxonomy":"product_brand","embeddable":true,"href":"https:\/\/my.stlflix.com\/es\/wp-json\/wp\/v2\/product_brand?post=97631"},{"taxonomy":"product_cat","embeddable":true,"href":"https:\/\/my.stlflix.com\/es\/wp-json\/wp\/v2\/product_cat?post=97631"},{"taxonomy":"product_tag","embeddable":true,"href":"https:\/\/my.stlflix.com\/es\/wp-json\/wp\/v2\/product_tag?post=97631"}],"curies":[{"name":"wp","href":"https:\/\/api.w.org\/{rel}","templated":true}]}}