{"id":99134,"date":"2024-09-08T15:41:41","date_gmt":"2024-09-08T15:41:41","guid":{"rendered":"https:\/\/my.stlflix.com\/?post_type=product&#038;p=99134"},"modified":"2024-12-22T11:55:43","modified_gmt":"2024-12-22T11:55:43","slug":"blind-decadence-dice-tower-66ddb3d439ab1","status":"publish","type":"product","link":"https:\/\/my.stlflix.com\/es\/product\/blind-decadence-dice-tower-66ddb3d439ab1\/","title":{"rendered":"Blind Decadence Dice Tower"},"content":{"rendered":"<p>Vielleicht ist es f\u00fcr diesen coolen Totenkopf ja auch so, dass man das Ergebnis sowieso nicht sehen kann \u2013 wie aufregend!<\/p>\n<p>Mit einer beeindruckenden H\u00f6he von etwa 18 cm ist dieser Totenkopf ein wahrer Blickfang!<\/p>\n<p>Dieses absolut geniale Teil gibt es in zwei Farben, wobei die Prim\u00e4rfarbe die Farbe des Sch\u00e4dels und die Sekund\u00e4rfarbe die Farbe des Dolches bestimmt.<br \/>\nAus versandtechnischen Gr\u00fcnden wird das Teil zerlegt versendet, aber keine Sorge, das ist \u00fcberhaupt kein Problem! Es sind zwei Stifte vorhanden, die eingeklebt werden m\u00fcssen, um den Dolch zu halten. Sekundenkleber reicht oft schon aus. Der Zusammenbau ist einfach, aber wenn du irgendwelche Fragen oder Probleme hast, kontaktiere mich bitte jederzeit, ich helfe dir gerne!<\/p>\n<p>Gedruckt in PLA<\/p>\n<p>Farbe per Farbcode W\u00e4hlbar &#8211; Sonst wird der Kopf in Silber\/grau. Schwert immer in Gold<\/p>\n<p>Dieser erstaunliche 3D-Druck aus PLA-Kunststoff ist eine vielseitige und umweltfreundliche L\u00f6sung f\u00fcr verschiedenste Anwendungen. PLA, oder Polylactid, ist ein biologisch abbaubarer Kunststoff, der aus nachwachsenden Rohstoffen wie Maisst\u00e4rke hergestellt wird.<\/p>\n","protected":false},"excerpt":{"rendered":"<p>Vielleicht ist es f\u00fcr diesen coolen Totenkopf ja auch so, dass man das Ergebnis sowieso nicht sehen kann \u2013 wie aufregend! Mit einer beeindruckenden H\u00f6he von etwa 18 cm ist dieser Totenkopf ein wahrer Blickfang! Dieses absolut geniale Teil gibt es in zwei Farben, wobei die Prim\u00e4rfarbe die Farbe des Sch\u00e4dels und die Sekund\u00e4rfarbe die [&hellip;]<\/p>\n","protected":false},"featured_media":99149,"comment_status":"open","ping_status":"closed","template":"","meta":[],"product_brand":[],"product_cat":[46],"product_tag":[434],"class_list":{"0":"post-99134","1":"product","2":"type-product","3":"status-publish","4":"has-post-thumbnail","6":"product_cat-rpg-accessories","7":"product_tag-dice-rolling-tower","9":"first","10":"instock","11":"shipping-taxable","12":"purchasable","13":"product-type-simple"},"yoast_head":"<!-- This site is optimized with the Yoast SEO plugin v25.1 - https:\/\/yoast.com\/wordpress\/plugins\/seo\/ -->\n<title>Blind Decadence Dice Tower - MyStore - By STLFLIX<\/title>\n<meta name=\"robots\" content=\"index, follow, max-snippet:-1, max-image-preview:large, max-video-preview:-1\" \/>\n<link rel=\"canonical\" href=\"https:\/\/www.lojadomandela3d.biz\/product\/blind-decadence-dice-tower-66ddb3d439ab1\/\" \/>\n<meta property=\"og:locale\" content=\"es_ES\" \/>\n<meta property=\"og:type\" content=\"article\" \/>\n<meta property=\"og:title\" content=\"Blind Decadence Dice Tower - MyStore - By STLFLIX\" \/>\n<meta property=\"og:description\" content=\"Vielleicht ist es f\u00fcr diesen coolen Totenkopf ja auch so, dass man das Ergebnis sowieso nicht sehen kann \u2013 wie aufregend! Mit einer beeindruckenden H\u00f6he von etwa 18 cm ist dieser Totenkopf ein wahrer Blickfang! Dieses absolut geniale Teil gibt es in zwei Farben, wobei die Prim\u00e4rfarbe die Farbe des Sch\u00e4dels und die Sekund\u00e4rfarbe die [&hellip;]\" \/>\n<meta property=\"og:url\" content=\"https:\/\/www.lojadomandela3d.biz\/product\/blind-decadence-dice-tower-66ddb3d439ab1\/\" \/>\n<meta property=\"og:site_name\" content=\"MyStore - By STLFLIX\" \/>\n<meta property=\"article:publisher\" content=\"https:\/\/www.facebook.com\/STLFLIX\" \/>\n<meta property=\"article:modified_time\" content=\"2024-12-22T11:55:43+00:00\" \/>\n<meta property=\"og:image\" content=\"https:\/\/www.lojadomandela3d.biz\/wp-content\/uploads\/2024\/09\/AI_1_3c2c79f3cb.jpg\" \/>\n\t<meta property=\"og:image:width\" content=\"1080\" \/>\n\t<meta property=\"og:image:height\" content=\"1350\" \/>\n\t<meta property=\"og:image:type\" content=\"image\/jpeg\" \/>\n<meta name=\"twitter:card\" content=\"summary_large_image\" \/>\n<meta name=\"twitter:label1\" content=\"Est. reading time\" \/>\n\t<meta name=\"twitter:data1\" content=\"1 minute\" \/>\n<script type=\"application\/ld+json\" class=\"yoast-schema-graph\">{\"@context\":\"https:\/\/schema.org\",\"@graph\":[{\"@type\":\"WebPage\",\"@id\":\"https:\/\/www.lojadomandela3d.biz\/product\/blind-decadence-dice-tower-66ddb3d439ab1\/\",\"url\":\"https:\/\/www.lojadomandela3d.biz\/product\/blind-decadence-dice-tower-66ddb3d439ab1\/\",\"name\":\"Blind Decadence Dice Tower - MyStore - By STLFLIX\",\"isPartOf\":{\"@id\":\"https:\/\/my.stlflix.com\/#website\"},\"primaryImageOfPage\":{\"@id\":\"https:\/\/www.lojadomandela3d.biz\/product\/blind-decadence-dice-tower-66ddb3d439ab1\/#primaryimage\"},\"image\":{\"@id\":\"https:\/\/www.lojadomandela3d.biz\/product\/blind-decadence-dice-tower-66ddb3d439ab1\/#primaryimage\"},\"thumbnailUrl\":\"https:\/\/my.stlflix.com\/wp-content\/uploads\/2024\/09\/AI_1_3c2c79f3cb.jpg\",\"datePublished\":\"2024-09-08T15:41:41+00:00\",\"dateModified\":\"2024-12-22T11:55:43+00:00\",\"breadcrumb\":{\"@id\":\"https:\/\/www.lojadomandela3d.biz\/product\/blind-decadence-dice-tower-66ddb3d439ab1\/#breadcrumb\"},\"inLanguage\":\"es-ES\",\"potentialAction\":[{\"@type\":\"ReadAction\",\"target\":[\"https:\/\/www.lojadomandela3d.biz\/product\/blind-decadence-dice-tower-66ddb3d439ab1\/\"]}]},{\"@type\":\"ImageObject\",\"inLanguage\":\"es-ES\",\"@id\":\"https:\/\/www.lojadomandela3d.biz\/product\/blind-decadence-dice-tower-66ddb3d439ab1\/#primaryimage\",\"url\":\"https:\/\/my.stlflix.com\/wp-content\/uploads\/2024\/09\/AI_1_3c2c79f3cb.jpg\",\"contentUrl\":\"https:\/\/my.stlflix.com\/wp-content\/uploads\/2024\/09\/AI_1_3c2c79f3cb.jpg\",\"width\":1080,\"height\":1350},{\"@type\":\"BreadcrumbList\",\"@id\":\"https:\/\/www.lojadomandela3d.biz\/product\/blind-decadence-dice-tower-66ddb3d439ab1\/#breadcrumb\",\"itemListElement\":[{\"@type\":\"ListItem\",\"position\":1,\"name\":\"Home\",\"item\":\"https:\/\/www.stlflix-store.com\/\"},{\"@type\":\"ListItem\",\"position\":2,\"name\":\"Products\",\"item\":\"https:\/\/www.stlflix-store.com\/shop\/\"},{\"@type\":\"ListItem\",\"position\":3,\"name\":\"Blind Decadence Dice Tower\"}]},{\"@type\":\"WebSite\",\"@id\":\"https:\/\/my.stlflix.com\/#website\",\"url\":\"https:\/\/my.stlflix.com\/\",\"name\":\"MyStore - By STLFLIX\",\"description\":\"\",\"publisher\":{\"@id\":\"https:\/\/my.stlflix.com\/#organization\"},\"potentialAction\":[{\"@type\":\"SearchAction\",\"target\":{\"@type\":\"EntryPoint\",\"urlTemplate\":\"https:\/\/my.stlflix.com\/?s={search_term_string}\"},\"query-input\":{\"@type\":\"PropertyValueSpecification\",\"valueRequired\":true,\"valueName\":\"search_term_string\"}}],\"inLanguage\":\"es-ES\"},{\"@type\":\"Organization\",\"@id\":\"https:\/\/my.stlflix.com\/#organization\",\"name\":\"MyStore - By STLFLIX\",\"url\":\"https:\/\/my.stlflix.com\/\",\"logo\":{\"@type\":\"ImageObject\",\"inLanguage\":\"es-ES\",\"@id\":\"https:\/\/my.stlflix.com\/#\/schema\/logo\/image\/\",\"url\":\"https:\/\/my.stlflix.com\/wp-content\/uploads\/2024\/06\/logo-mystore.png\",\"contentUrl\":\"https:\/\/my.stlflix.com\/wp-content\/uploads\/2024\/06\/logo-mystore.png\",\"width\":150,\"height\":41,\"caption\":\"MyStore - By STLFLIX\"},\"image\":{\"@id\":\"https:\/\/my.stlflix.com\/#\/schema\/logo\/image\/\"},\"sameAs\":[\"https:\/\/www.facebook.com\/STLFLIX\",\"https:\/\/www.instagram.com\/stlflix_\/\",\"https:\/\/www.tiktok.com\/@stlflix\"]}]}<\/script>\n<!-- \/ Yoast SEO plugin. -->","yoast_head_json":{"title":"Blind Decadence Dice Tower - MyStore - By STLFLIX","robots":{"index":"index","follow":"follow","max-snippet":"max-snippet:-1","max-image-preview":"max-image-preview:large","max-video-preview":"max-video-preview:-1"},"canonical":"https:\/\/www.lojadomandela3d.biz\/product\/blind-decadence-dice-tower-66ddb3d439ab1\/","og_locale":"es_ES","og_type":"article","og_title":"Blind Decadence Dice Tower - MyStore - By STLFLIX","og_description":"Vielleicht ist es f\u00fcr diesen coolen Totenkopf ja auch so, dass man das Ergebnis sowieso nicht sehen kann \u2013 wie aufregend! Mit einer beeindruckenden H\u00f6he von etwa 18 cm ist dieser Totenkopf ein wahrer Blickfang! Dieses absolut geniale Teil gibt es in zwei Farben, wobei die Prim\u00e4rfarbe die Farbe des Sch\u00e4dels und die Sekund\u00e4rfarbe die [&hellip;]","og_url":"https:\/\/www.lojadomandela3d.biz\/product\/blind-decadence-dice-tower-66ddb3d439ab1\/","og_site_name":"MyStore - By STLFLIX","article_publisher":"https:\/\/www.facebook.com\/STLFLIX","article_modified_time":"2024-12-22T11:55:43+00:00","og_image":[{"width":1080,"height":1350,"url":"https:\/\/www.lojadomandela3d.biz\/wp-content\/uploads\/2024\/09\/AI_1_3c2c79f3cb.jpg","type":"image\/jpeg"}],"twitter_card":"summary_large_image","twitter_misc":{"Est. reading time":"1 minute"},"schema":{"@context":"https:\/\/schema.org","@graph":[{"@type":"WebPage","@id":"https:\/\/www.lojadomandela3d.biz\/product\/blind-decadence-dice-tower-66ddb3d439ab1\/","url":"https:\/\/www.lojadomandela3d.biz\/product\/blind-decadence-dice-tower-66ddb3d439ab1\/","name":"Blind Decadence Dice Tower - MyStore - By STLFLIX","isPartOf":{"@id":"https:\/\/my.stlflix.com\/#website"},"primaryImageOfPage":{"@id":"https:\/\/www.lojadomandela3d.biz\/product\/blind-decadence-dice-tower-66ddb3d439ab1\/#primaryimage"},"image":{"@id":"https:\/\/www.lojadomandela3d.biz\/product\/blind-decadence-dice-tower-66ddb3d439ab1\/#primaryimage"},"thumbnailUrl":"https:\/\/my.stlflix.com\/wp-content\/uploads\/2024\/09\/AI_1_3c2c79f3cb.jpg","datePublished":"2024-09-08T15:41:41+00:00","dateModified":"2024-12-22T11:55:43+00:00","breadcrumb":{"@id":"https:\/\/www.lojadomandela3d.biz\/product\/blind-decadence-dice-tower-66ddb3d439ab1\/#breadcrumb"},"inLanguage":"es-ES","potentialAction":[{"@type":"ReadAction","target":["https:\/\/www.lojadomandela3d.biz\/product\/blind-decadence-dice-tower-66ddb3d439ab1\/"]}]},{"@type":"ImageObject","inLanguage":"es-ES","@id":"https:\/\/www.lojadomandela3d.biz\/product\/blind-decadence-dice-tower-66ddb3d439ab1\/#primaryimage","url":"https:\/\/my.stlflix.com\/wp-content\/uploads\/2024\/09\/AI_1_3c2c79f3cb.jpg","contentUrl":"https:\/\/my.stlflix.com\/wp-content\/uploads\/2024\/09\/AI_1_3c2c79f3cb.jpg","width":1080,"height":1350},{"@type":"BreadcrumbList","@id":"https:\/\/www.lojadomandela3d.biz\/product\/blind-decadence-dice-tower-66ddb3d439ab1\/#breadcrumb","itemListElement":[{"@type":"ListItem","position":1,"name":"Home","item":"https:\/\/www.stlflix-store.com\/"},{"@type":"ListItem","position":2,"name":"Products","item":"https:\/\/www.stlflix-store.com\/shop\/"},{"@type":"ListItem","position":3,"name":"Blind Decadence Dice Tower"}]},{"@type":"WebSite","@id":"https:\/\/my.stlflix.com\/#website","url":"https:\/\/my.stlflix.com\/","name":"MyStore - By STLFLIX","description":"","publisher":{"@id":"https:\/\/my.stlflix.com\/#organization"},"potentialAction":[{"@type":"SearchAction","target":{"@type":"EntryPoint","urlTemplate":"https:\/\/my.stlflix.com\/?s={search_term_string}"},"query-input":{"@type":"PropertyValueSpecification","valueRequired":true,"valueName":"search_term_string"}}],"inLanguage":"es-ES"},{"@type":"Organization","@id":"https:\/\/my.stlflix.com\/#organization","name":"MyStore - By STLFLIX","url":"https:\/\/my.stlflix.com\/","logo":{"@type":"ImageObject","inLanguage":"es-ES","@id":"https:\/\/my.stlflix.com\/#\/schema\/logo\/image\/","url":"https:\/\/my.stlflix.com\/wp-content\/uploads\/2024\/06\/logo-mystore.png","contentUrl":"https:\/\/my.stlflix.com\/wp-content\/uploads\/2024\/06\/logo-mystore.png","width":150,"height":41,"caption":"MyStore - By STLFLIX"},"image":{"@id":"https:\/\/my.stlflix.com\/#\/schema\/logo\/image\/"},"sameAs":["https:\/\/www.facebook.com\/STLFLIX","https:\/\/www.instagram.com\/stlflix_\/","https:\/\/www.tiktok.com\/@stlflix"]}]}},"_links":{"self":[{"href":"https:\/\/my.stlflix.com\/es\/wp-json\/wp\/v2\/product\/99134","targetHints":{"allow":["GET"]}}],"collection":[{"href":"https:\/\/my.stlflix.com\/es\/wp-json\/wp\/v2\/product"}],"about":[{"href":"https:\/\/my.stlflix.com\/es\/wp-json\/wp\/v2\/types\/product"}],"replies":[{"embeddable":true,"href":"https:\/\/my.stlflix.com\/es\/wp-json\/wp\/v2\/comments?post=99134"}],"wp:featuredmedia":[{"embeddable":true,"href":"https:\/\/my.stlflix.com\/es\/wp-json\/wp\/v2\/media\/99149"}],"wp:attachment":[{"href":"https:\/\/my.stlflix.com\/es\/wp-json\/wp\/v2\/media?parent=99134"}],"wp:term":[{"taxonomy":"product_brand","embeddable":true,"href":"https:\/\/my.stlflix.com\/es\/wp-json\/wp\/v2\/product_brand?post=99134"},{"taxonomy":"product_cat","embeddable":true,"href":"https:\/\/my.stlflix.com\/es\/wp-json\/wp\/v2\/product_cat?post=99134"},{"taxonomy":"product_tag","embeddable":true,"href":"https:\/\/my.stlflix.com\/es\/wp-json\/wp\/v2\/product_tag?post=99134"}],"curies":[{"name":"wp","href":"https:\/\/api.w.org\/{rel}","templated":true}]}}