{"id":155128,"date":"2024-11-13T17:52:49","date_gmt":"2024-11-13T17:52:49","guid":{"rendered":"https:\/\/my.stlflix.com\/help_setupstore\/"},"modified":"2024-11-18T13:44:34","modified_gmt":"2024-11-18T13:44:34","slug":"help_setupstore","status":"publish","type":"page","link":"https:\/\/my.stlflix.com\/fr\/help_setupstore\/","title":{"rendered":"Help_SetupStore"},"content":{"rendered":"\t\t<div data-elementor-type=\"wp-page\" data-elementor-id=\"155128\" class=\"elementor elementor-155128\" data-elementor-post-type=\"page\">\n\t\t\t\t<div class=\"elementor-element elementor-element-49523b3 e-flex e-con-boxed e-con e-parent\" data-id=\"49523b3\" data-element_type=\"container\">\n\t\t\t\t\t<div class=\"e-con-inner\">\n\t\t<div class=\"elementor-element elementor-element-bcea037 e-con-full e-flex e-con e-child\" data-id=\"bcea037\" data-element_type=\"container\">\n\t\t\t\t<div class=\"elementor-element elementor-element-f518122 elementor-view-default elementor-widget elementor-widget-icon\" data-id=\"f518122\" data-element_type=\"widget\" data-widget_type=\"icon.default\">\n\t\t\t\t<div class=\"elementor-widget-container\">\n\t\t\t\t\t\t\t<div class=\"elementor-icon-wrapper\">\n\t\t\t<a class=\"elementor-icon\" href=\"https:\/\/my.stlflix.com\/fr\/help\/\">\n\t\t\t<svg aria-hidden=\"true\" class=\"e-font-icon-svg e-fas-arrow-left\" viewBox=\"0 0 448 512\" xmlns=\"http:\/\/www.w3.org\/2000\/svg\"><path d=\"M257.5 445.1l-22.2 22.2c-9.4 9.4-24.6 9.4-33.9 0L7 273c-9.4-9.4-9.4-24.6 0-33.9L201.4 44.7c9.4-9.4 24.6-9.4 33.9 0l22.2 22.2c9.5 9.5 9.3 25-.4 34.3L136.6 216H424c13.3 0 24 10.7 24 24v32c0 13.3-10.7 24-24 24H136.6l120.5 114.8c9.8 9.3 10 24.8.4 34.3z\"><\/path><\/svg>\t\t\t<\/a>\n\t\t<\/div>\n\t\t\t\t\t\t<\/div>\n\t\t\t\t<\/div>\n\t\t\t\t<div class=\"elementor-element elementor-element-ed54734 elementor-widget elementor-widget-heading\" data-id=\"ed54734\" data-element_type=\"widget\" data-widget_type=\"heading.default\">\n\t\t\t\t<div class=\"elementor-widget-container\">\n\t\t\t\t\t<h2 class=\"elementor-heading-title elementor-size-default\"><a href=\"https:\/\/my.stlflix.com\/fr\/help\/\">Retour au Menu d'Aide<\/a><\/h2>\t\t\t\t<\/div>\n\t\t\t\t<\/div>\n\t\t\t\t<\/div>\n\t\t\t\t<div class=\"elementor-element elementor-element-8608621 elementor-widget elementor-widget-heading\" data-id=\"8608621\" data-element_type=\"widget\" data-widget_type=\"heading.default\">\n\t\t\t\t<div class=\"elementor-widget-container\">\n\t\t\t\t\t<h2 class=\"elementor-heading-title elementor-size-default\">Comment cr\u00e9er ma boutique sur MYSTORE STLFLIX ?<\/h2>\t\t\t\t<\/div>\n\t\t\t\t<\/div>\n\t\t\t\t<div class=\"elementor-element elementor-element-980a3fc elementor-widget elementor-widget-text-editor\" data-id=\"980a3fc\" data-element_type=\"widget\" data-widget_type=\"text-editor.default\">\n\t\t\t\t<div class=\"elementor-widget-container\">\n\t\t\t\t\t\t\t\t\t<div><div dir=\"auto\" data-message-author-role=\"assistant\" data-message-id=\"b2af02f2-2d2a-4c28-8107-165bdc21b7f1\" data-message-model-slug=\"gpt-4o-mini\"><div><div><p>La premi\u00e8re \u00e9tape pour configurer votre boutique est de devenir un abonn\u00e9 commercial. Si vous n&#8217;\u00eates pas encore abonn\u00e9 commercial, <a href=\"https:\/\/www.stlflix.com\/fr\"><span style=\"text-decoration: underline;\"><strong>vous pouvez commencer votre abonnement ici<\/strong><\/span><\/a>. Pour ceux qui sont d\u00e9j\u00e0 abonn\u00e9s commercialement, vous pouvez cr\u00e9er votre boutique via la plateforme (<b><a href=\"https:\/\/platform.stlflix.com\/\">https:\/\/platform.stlflix.com\/<\/a><\/b>).<\/p><p>1.\u00a0<span style=\"color: var( --e-global-color-text ); text-align: var(--text-align); background-color: var(--background-color);\">Allez sur\u00a0<\/span><span style=\"--tw-border-spacing-x: 0; --tw-border-spacing-y: 0; --tw-translate-x: 0; --tw-translate-y: 0; --tw-rotate: 0; --tw-skew-x: 0; --tw-skew-y: 0; --tw-scale-x: 1; --tw-scale-y: 1; --tw-scroll-snap-strictness: proximity; --tw-ring-offset-width: 0px; --tw-ring-offset-color: #fff; --tw-ring-color: rgb(59 130 246 \/ 0.5); --tw-ring-offset-shadow: 0 0 #0000; --tw-ring-shadow: 0 0 #0000; --tw-shadow: 0 0 #0000; --tw-shadow-colored: 0 0 #0000; font-weight: bold;\"><a style=\"--tw-border-spacing-x: 0; --tw-border-spacing-y: 0; --tw-translate-x: 0; --tw-translate-y: 0; --tw-rotate: 0; --tw-skew-x: 0; --tw-skew-y: 0; --tw-scale-x: 1; --tw-scale-y: 1; --tw-scroll-snap-strictness: proximity; --tw-ring-offset-width: 0px; --tw-ring-offset-color: #fff; --tw-ring-color: rgb(59 130 246 \/ 0.5); --tw-ring-offset-shadow: 0 0 #0000; --tw-ring-shadow: 0 0 #0000; --tw-shadow: 0 0 #0000; --tw-shadow-colored: 0 0 #0000;\" href=\"https:\/\/platform.stlflix.com\/\">https:\/\/platform.stlflix.com\/<\/a><\/span><span style=\"color: var( --e-global-color-text ); text-align: var(--text-align); background-color: var(--background-color);\">\u00a0et dans l&#8217;en-t\u00eate de la page, vous trouverez le lien MYSTORE en haut, avant l&#8217;option STLACADEMY. Cliquez sur le lien, et vous serez redirig\u00e9 vers le panneau de gestion de MYSTORE.<\/span><\/p><\/div><\/div><\/div><\/div>\t\t\t\t\t\t\t\t<\/div>\n\t\t\t\t<\/div>\n\t\t\t\t<div class=\"elementor-element elementor-element-6c02f97 elementor-widget elementor-widget-image\" data-id=\"6c02f97\" data-element_type=\"widget\" data-widget_type=\"image.default\">\n\t\t\t\t<div class=\"elementor-widget-container\">\n\t\t\t\t\t\t\t\t\t\t\t\t\t\t\t<img fetchpriority=\"high\" decoding=\"async\" width=\"1024\" height=\"583\" src=\"https:\/\/my.stlflix.com\/wp-content\/uploads\/2024\/11\/Frame-427319904-1024x583.png\" class=\"attachment-large size-large wp-image-155142\" alt=\"\" srcset=\"https:\/\/my.stlflix.com\/wp-content\/uploads\/2024\/11\/Frame-427319904-1024x583.png 1024w, https:\/\/my.stlflix.com\/wp-content\/uploads\/2024\/11\/Frame-427319904-300x171.png 300w, https:\/\/my.stlflix.com\/wp-content\/uploads\/2024\/11\/Frame-427319904-768x437.png 768w, https:\/\/my.stlflix.com\/wp-content\/uploads\/2024\/11\/Frame-427319904-1536x874.png 1536w, https:\/\/my.stlflix.com\/wp-content\/uploads\/2024\/11\/Frame-427319904-600x341.png 600w, https:\/\/my.stlflix.com\/wp-content\/uploads\/2024\/11\/Frame-427319904-500x285.png 500w, https:\/\/my.stlflix.com\/wp-content\/uploads\/2024\/11\/Frame-427319904.png 1692w\" sizes=\"(max-width: 1024px) 100vw, 1024px\" \/>\t\t\t\t\t\t\t\t\t\t\t\t\t\t\t<\/div>\n\t\t\t\t<\/div>\n\t\t\t\t<div class=\"elementor-element elementor-element-69faed4 elementor-widget elementor-widget-text-editor\" data-id=\"69faed4\" data-element_type=\"widget\" data-widget_type=\"text-editor.default\">\n\t\t\t\t<div class=\"elementor-widget-container\">\n\t\t\t\t\t\t\t\t\t<div class=\"flex max-w-full flex-col flex-grow\"><div class=\"min-h-8 text-message flex w-full flex-col items-end gap-2 whitespace-normal break-words [.text-message+&amp;]:mt-5\" dir=\"auto\" data-message-author-role=\"assistant\" data-message-id=\"b2af02f2-2d2a-4c28-8107-165bdc21b7f1\" data-message-model-slug=\"gpt-4o-mini\"><div class=\"flex w-full flex-col gap-1 empty:hidden first:pt-[3px]\"><div class=\"markdown prose w-full break-words dark:prose-invert light\"><p>2. Dans le menu de gauche, vous trouverez l&#8217;ic\u00f4ne de la roue dent\u00e9e pour \u00ab Param\u00e8tres \u00bb. Lorsque vous ouvrez les options, choisissez \u00ab Boutique \u00bb. C&#8217;est ici que vous pouvez enregistrer toutes les informations de votre boutique, telles que le nom, l&#8217;URL, la devise utilis\u00e9e dans la boutique, s\u00e9lectionner votre banni\u00e8re, votre logo, votre adresse, etc.<\/p><\/div><\/div><\/div><\/div>\t\t\t\t\t\t\t\t<\/div>\n\t\t\t\t<\/div>\n\t\t\t\t<div class=\"elementor-element elementor-element-677da4e elementor-widget elementor-widget-image\" data-id=\"677da4e\" data-element_type=\"widget\" data-widget_type=\"image.default\">\n\t\t\t\t<div class=\"elementor-widget-container\">\n\t\t\t\t\t\t\t\t\t\t\t\t\t\t\t<img decoding=\"async\" width=\"1024\" height=\"584\" src=\"https:\/\/my.stlflix.com\/wp-content\/uploads\/2024\/11\/Frame-427319905-1024x584.png\" class=\"attachment-large size-large wp-image-155147\" alt=\"\" srcset=\"https:\/\/my.stlflix.com\/wp-content\/uploads\/2024\/11\/Frame-427319905-1024x584.png 1024w, https:\/\/my.stlflix.com\/wp-content\/uploads\/2024\/11\/Frame-427319905-300x171.png 300w, https:\/\/my.stlflix.com\/wp-content\/uploads\/2024\/11\/Frame-427319905-768x438.png 768w, https:\/\/my.stlflix.com\/wp-content\/uploads\/2024\/11\/Frame-427319905-1536x876.png 1536w, https:\/\/my.stlflix.com\/wp-content\/uploads\/2024\/11\/Frame-427319905-600x342.png 600w, https:\/\/my.stlflix.com\/wp-content\/uploads\/2024\/11\/Frame-427319905-500x285.png 500w, https:\/\/my.stlflix.com\/wp-content\/uploads\/2024\/11\/Frame-427319905.png 1697w\" sizes=\"(max-width: 1024px) 100vw, 1024px\" \/>\t\t\t\t\t\t\t\t\t\t\t\t\t\t\t<\/div>\n\t\t\t\t<\/div>\n\t\t\t\t<div class=\"elementor-element elementor-element-471e886 elementor-widget elementor-widget-text-editor\" data-id=\"471e886\" data-element_type=\"widget\" data-widget_type=\"text-editor.default\">\n\t\t\t\t<div class=\"elementor-widget-container\">\n\t\t\t\t\t\t\t\t\t<p>3. Apr\u00e8s avoir rempli les informations de votre boutique, il vous suffit d&#8217;aller en bas de la page et d&#8217;enregistrer vos modifications en cliquant sur \u00ab Mettre \u00e0 jour les param\u00e8tres \u00bb. C&#8217;est fait, les param\u00e8tres de votre boutique sont maintenant mis \u00e0 jour !<\/p>\t\t\t\t\t\t\t\t<\/div>\n\t\t\t\t<\/div>\n\t\t\t\t<div class=\"elementor-element elementor-element-055d285 elementor-widget elementor-widget-image\" data-id=\"055d285\" data-element_type=\"widget\" data-widget_type=\"image.default\">\n\t\t\t\t<div class=\"elementor-widget-container\">\n\t\t\t\t\t\t\t\t\t\t\t\t\t\t\t<img decoding=\"async\" width=\"1024\" height=\"584\" src=\"https:\/\/my.stlflix.com\/wp-content\/uploads\/2024\/11\/Frame-427319906-1024x584.png\" class=\"attachment-large size-large wp-image-155152\" alt=\"\" srcset=\"https:\/\/my.stlflix.com\/wp-content\/uploads\/2024\/11\/Frame-427319906-1024x584.png 1024w, https:\/\/my.stlflix.com\/wp-content\/uploads\/2024\/11\/Frame-427319906-300x171.png 300w, https:\/\/my.stlflix.com\/wp-content\/uploads\/2024\/11\/Frame-427319906-768x438.png 768w, https:\/\/my.stlflix.com\/wp-content\/uploads\/2024\/11\/Frame-427319906-1536x876.png 1536w, https:\/\/my.stlflix.com\/wp-content\/uploads\/2024\/11\/Frame-427319906-600x342.png 600w, https:\/\/my.stlflix.com\/wp-content\/uploads\/2024\/11\/Frame-427319906-500x285.png 500w, https:\/\/my.stlflix.com\/wp-content\/uploads\/2024\/11\/Frame-427319906.png 1697w\" sizes=\"(max-width: 1024px) 100vw, 1024px\" \/>\t\t\t\t\t\t\t\t\t\t\t\t\t\t\t<\/div>\n\t\t\t\t<\/div>\n\t\t\t\t\t<\/div>\n\t\t\t\t<\/div>\n\t\t\t\t<\/div>\n\t\t","protected":false},"excerpt":{"rendered":"<p>Retour au Menu d&#8217;Aide Comment cr\u00e9er ma boutique sur MYSTORE STLFLIX ? La premi\u00e8re \u00e9tape pour configurer votre boutique est de devenir un abonn\u00e9 commercial. Si vous n&#8217;\u00eates pas encore abonn\u00e9 commercial, vous pouvez commencer votre abonnement ici. Pour ceux qui sont d\u00e9j\u00e0 abonn\u00e9s commercialement, vous pouvez cr\u00e9er votre boutique via la plateforme (https:\/\/platform.stlflix.com\/). 1.\u00a0Allez [&hellip;]<\/p>\n","protected":false},"author":358,"featured_media":0,"parent":0,"menu_order":0,"comment_status":"closed","ping_status":"closed","template":"","meta":{"footnotes":""},"class_list":["post-155128","page","type-page","status-publish","hentry"],"yoast_head":"<!-- This site is optimized with the Yoast SEO plugin v25.1 - https:\/\/yoast.com\/wordpress\/plugins\/seo\/ -->\n<title>Help_SetupStore - MyStore - By STLFLIX<\/title>\n<meta name=\"robots\" content=\"index, follow, max-snippet:-1, max-image-preview:large, max-video-preview:-1\" \/>\n<link rel=\"canonical\" href=\"https:\/\/my.stlflix.com\/help_setupstore\/\" \/>\n<meta property=\"og:locale\" content=\"fr_FR\" \/>\n<meta property=\"og:type\" content=\"article\" \/>\n<meta property=\"og:title\" content=\"Help_SetupStore - MyStore - By STLFLIX\" \/>\n<meta property=\"og:description\" content=\"Retour au Menu d&#8217;Aide Comment cr\u00e9er ma boutique sur MYSTORE STLFLIX ? La premi\u00e8re \u00e9tape pour configurer votre boutique est de devenir un abonn\u00e9 commercial. Si vous n&#8217;\u00eates pas encore abonn\u00e9 commercial, vous pouvez commencer votre abonnement ici. Pour ceux qui sont d\u00e9j\u00e0 abonn\u00e9s commercialement, vous pouvez cr\u00e9er votre boutique via la plateforme (https:\/\/platform.stlflix.com\/). 1.\u00a0Allez [&hellip;]\" \/>\n<meta property=\"og:url\" content=\"https:\/\/my.stlflix.com\/help_setupstore\/\" \/>\n<meta property=\"og:site_name\" content=\"MyStore - By STLFLIX\" \/>\n<meta property=\"article:publisher\" content=\"https:\/\/www.facebook.com\/STLFLIX\" \/>\n<meta property=\"article:modified_time\" content=\"2024-11-18T13:44:34+00:00\" \/>\n<meta property=\"og:image\" content=\"https:\/\/my.stlflix.com\/wp-content\/uploads\/2024\/11\/Frame-427319904-1024x583.png\" \/>\n<meta name=\"twitter:card\" content=\"summary_large_image\" \/>\n<meta name=\"twitter:label1\" content=\"Est. reading time\" \/>\n\t<meta name=\"twitter:data1\" content=\"2 minutes\" \/>\n<script type=\"application\/ld+json\" class=\"yoast-schema-graph\">{\"@context\":\"https:\/\/schema.org\",\"@graph\":[{\"@type\":\"WebPage\",\"@id\":\"https:\/\/my.stlflix.com\/help_setupstore\/\",\"url\":\"https:\/\/my.stlflix.com\/help_setupstore\/\",\"name\":\"Help_SetupStore - MyStore - By STLFLIX\",\"isPartOf\":{\"@id\":\"https:\/\/my.stlflix.com\/tr\/#website\"},\"primaryImageOfPage\":{\"@id\":\"https:\/\/my.stlflix.com\/help_setupstore\/#primaryimage\"},\"image\":{\"@id\":\"https:\/\/my.stlflix.com\/help_setupstore\/#primaryimage\"},\"thumbnailUrl\":\"https:\/\/my.stlflix.com\/wp-content\/uploads\/2024\/11\/Frame-427319904-1024x583.png\",\"datePublished\":\"2024-11-13T17:52:49+00:00\",\"dateModified\":\"2024-11-18T13:44:34+00:00\",\"breadcrumb\":{\"@id\":\"https:\/\/my.stlflix.com\/help_setupstore\/#breadcrumb\"},\"inLanguage\":\"fr-FR\",\"potentialAction\":[{\"@type\":\"ReadAction\",\"target\":[\"https:\/\/my.stlflix.com\/help_setupstore\/\"]}]},{\"@type\":\"ImageObject\",\"inLanguage\":\"fr-FR\",\"@id\":\"https:\/\/my.stlflix.com\/help_setupstore\/#primaryimage\",\"url\":\"https:\/\/my.stlflix.com\/wp-content\/uploads\/2024\/11\/Frame-427319904-1024x583.png\",\"contentUrl\":\"https:\/\/my.stlflix.com\/wp-content\/uploads\/2024\/11\/Frame-427319904-1024x583.png\"},{\"@type\":\"BreadcrumbList\",\"@id\":\"https:\/\/my.stlflix.com\/help_setupstore\/#breadcrumb\",\"itemListElement\":[{\"@type\":\"ListItem\",\"position\":1,\"name\":\"Home\",\"item\":\"https:\/\/my.stlflix.com\/\"},{\"@type\":\"ListItem\",\"position\":2,\"name\":\"Help_SetupStore\"}]},{\"@type\":\"WebSite\",\"@id\":\"https:\/\/my.stlflix.com\/tr\/#website\",\"url\":\"https:\/\/my.stlflix.com\/tr\/\",\"name\":\"MyStore - By STLFLIX\",\"description\":\"\",\"publisher\":{\"@id\":\"https:\/\/my.stlflix.com\/tr\/#organization\"},\"potentialAction\":[{\"@type\":\"SearchAction\",\"target\":{\"@type\":\"EntryPoint\",\"urlTemplate\":\"https:\/\/my.stlflix.com\/tr\/?s={search_term_string}\"},\"query-input\":{\"@type\":\"PropertyValueSpecification\",\"valueRequired\":true,\"valueName\":\"search_term_string\"}}],\"inLanguage\":\"fr-FR\"},{\"@type\":\"Organization\",\"@id\":\"https:\/\/my.stlflix.com\/tr\/#organization\",\"name\":\"MyStore - By STLFLIX\",\"url\":\"https:\/\/my.stlflix.com\/tr\/\",\"logo\":{\"@type\":\"ImageObject\",\"inLanguage\":\"fr-FR\",\"@id\":\"https:\/\/my.stlflix.com\/tr\/#\/schema\/logo\/image\/\",\"url\":\"https:\/\/my.stlflix.com\/wp-content\/uploads\/2024\/06\/logo-mystore.png\",\"contentUrl\":\"https:\/\/my.stlflix.com\/wp-content\/uploads\/2024\/06\/logo-mystore.png\",\"width\":150,\"height\":41,\"caption\":\"MyStore - By STLFLIX\"},\"image\":{\"@id\":\"https:\/\/my.stlflix.com\/tr\/#\/schema\/logo\/image\/\"},\"sameAs\":[\"https:\/\/www.facebook.com\/STLFLIX\",\"https:\/\/www.instagram.com\/stlflix_\/\",\"https:\/\/www.tiktok.com\/@stlflix\"]}]}<\/script>\n<!-- \/ Yoast SEO plugin. -->","yoast_head_json":{"title":"Help_SetupStore - MyStore - By STLFLIX","robots":{"index":"index","follow":"follow","max-snippet":"max-snippet:-1","max-image-preview":"max-image-preview:large","max-video-preview":"max-video-preview:-1"},"canonical":"https:\/\/my.stlflix.com\/help_setupstore\/","og_locale":"fr_FR","og_type":"article","og_title":"Help_SetupStore - MyStore - By STLFLIX","og_description":"Retour au Menu d&#8217;Aide Comment cr\u00e9er ma boutique sur MYSTORE STLFLIX ? La premi\u00e8re \u00e9tape pour configurer votre boutique est de devenir un abonn\u00e9 commercial. Si vous n&#8217;\u00eates pas encore abonn\u00e9 commercial, vous pouvez commencer votre abonnement ici. Pour ceux qui sont d\u00e9j\u00e0 abonn\u00e9s commercialement, vous pouvez cr\u00e9er votre boutique via la plateforme (https:\/\/platform.stlflix.com\/). 1.\u00a0Allez [&hellip;]","og_url":"https:\/\/my.stlflix.com\/help_setupstore\/","og_site_name":"MyStore - By STLFLIX","article_publisher":"https:\/\/www.facebook.com\/STLFLIX","article_modified_time":"2024-11-18T13:44:34+00:00","og_image":[{"url":"https:\/\/my.stlflix.com\/wp-content\/uploads\/2024\/11\/Frame-427319904-1024x583.png","type":"","width":"","height":""}],"twitter_card":"summary_large_image","twitter_misc":{"Est. reading time":"2 minutes"},"schema":{"@context":"https:\/\/schema.org","@graph":[{"@type":"WebPage","@id":"https:\/\/my.stlflix.com\/help_setupstore\/","url":"https:\/\/my.stlflix.com\/help_setupstore\/","name":"Help_SetupStore - MyStore - By STLFLIX","isPartOf":{"@id":"https:\/\/my.stlflix.com\/tr\/#website"},"primaryImageOfPage":{"@id":"https:\/\/my.stlflix.com\/help_setupstore\/#primaryimage"},"image":{"@id":"https:\/\/my.stlflix.com\/help_setupstore\/#primaryimage"},"thumbnailUrl":"https:\/\/my.stlflix.com\/wp-content\/uploads\/2024\/11\/Frame-427319904-1024x583.png","datePublished":"2024-11-13T17:52:49+00:00","dateModified":"2024-11-18T13:44:34+00:00","breadcrumb":{"@id":"https:\/\/my.stlflix.com\/help_setupstore\/#breadcrumb"},"inLanguage":"fr-FR","potentialAction":[{"@type":"ReadAction","target":["https:\/\/my.stlflix.com\/help_setupstore\/"]}]},{"@type":"ImageObject","inLanguage":"fr-FR","@id":"https:\/\/my.stlflix.com\/help_setupstore\/#primaryimage","url":"https:\/\/my.stlflix.com\/wp-content\/uploads\/2024\/11\/Frame-427319904-1024x583.png","contentUrl":"https:\/\/my.stlflix.com\/wp-content\/uploads\/2024\/11\/Frame-427319904-1024x583.png"},{"@type":"BreadcrumbList","@id":"https:\/\/my.stlflix.com\/help_setupstore\/#breadcrumb","itemListElement":[{"@type":"ListItem","position":1,"name":"Home","item":"https:\/\/my.stlflix.com\/"},{"@type":"ListItem","position":2,"name":"Help_SetupStore"}]},{"@type":"WebSite","@id":"https:\/\/my.stlflix.com\/tr\/#website","url":"https:\/\/my.stlflix.com\/tr\/","name":"MyStore - By STLFLIX","description":"","publisher":{"@id":"https:\/\/my.stlflix.com\/tr\/#organization"},"potentialAction":[{"@type":"SearchAction","target":{"@type":"EntryPoint","urlTemplate":"https:\/\/my.stlflix.com\/tr\/?s={search_term_string}"},"query-input":{"@type":"PropertyValueSpecification","valueRequired":true,"valueName":"search_term_string"}}],"inLanguage":"fr-FR"},{"@type":"Organization","@id":"https:\/\/my.stlflix.com\/tr\/#organization","name":"MyStore - By STLFLIX","url":"https:\/\/my.stlflix.com\/tr\/","logo":{"@type":"ImageObject","inLanguage":"fr-FR","@id":"https:\/\/my.stlflix.com\/tr\/#\/schema\/logo\/image\/","url":"https:\/\/my.stlflix.com\/wp-content\/uploads\/2024\/06\/logo-mystore.png","contentUrl":"https:\/\/my.stlflix.com\/wp-content\/uploads\/2024\/06\/logo-mystore.png","width":150,"height":41,"caption":"MyStore - By STLFLIX"},"image":{"@id":"https:\/\/my.stlflix.com\/tr\/#\/schema\/logo\/image\/"},"sameAs":["https:\/\/www.facebook.com\/STLFLIX","https:\/\/www.instagram.com\/stlflix_\/","https:\/\/www.tiktok.com\/@stlflix"]}]}},"_links":{"self":[{"href":"https:\/\/my.stlflix.com\/fr\/wp-json\/wp\/v2\/pages\/155128","targetHints":{"allow":["GET"]}}],"collection":[{"href":"https:\/\/my.stlflix.com\/fr\/wp-json\/wp\/v2\/pages"}],"about":[{"href":"https:\/\/my.stlflix.com\/fr\/wp-json\/wp\/v2\/types\/page"}],"author":[{"embeddable":true,"href":"https:\/\/my.stlflix.com\/fr\/wp-json\/wp\/v2\/users\/358"}],"replies":[{"embeddable":true,"href":"https:\/\/my.stlflix.com\/fr\/wp-json\/wp\/v2\/comments?post=155128"}],"version-history":[{"count":5,"href":"https:\/\/my.stlflix.com\/fr\/wp-json\/wp\/v2\/pages\/155128\/revisions"}],"predecessor-version":[{"id":160437,"href":"https:\/\/my.stlflix.com\/fr\/wp-json\/wp\/v2\/pages\/155128\/revisions\/160437"}],"wp:attachment":[{"href":"https:\/\/my.stlflix.com\/fr\/wp-json\/wp\/v2\/media?parent=155128"}],"curies":[{"name":"wp","href":"https:\/\/api.w.org\/{rel}","templated":true}]}}