{"id":155141,"date":"2024-11-13T18:53:23","date_gmt":"2024-11-13T18:53:23","guid":{"rendered":"https:\/\/my.stlflix.com\/help_export\/"},"modified":"2024-11-18T13:46:24","modified_gmt":"2024-11-18T13:46:24","slug":"help_export","status":"publish","type":"page","link":"https:\/\/my.stlflix.com\/fr\/help_export\/","title":{"rendered":"Help_Export"},"content":{"rendered":"\t\t<div data-elementor-type=\"wp-page\" data-elementor-id=\"155141\" class=\"elementor elementor-155141\" data-elementor-post-type=\"page\">\n\t\t\t\t<div class=\"elementor-element elementor-element-7bc1057 e-flex e-con-boxed e-con e-parent\" data-id=\"7bc1057\" data-element_type=\"container\">\n\t\t\t\t\t<div class=\"e-con-inner\">\n\t\t<div class=\"elementor-element elementor-element-e01344b e-con-full e-flex e-con e-child\" data-id=\"e01344b\" data-element_type=\"container\">\n\t\t\t\t<div class=\"elementor-element elementor-element-b90d16a elementor-view-default elementor-widget elementor-widget-icon\" data-id=\"b90d16a\" data-element_type=\"widget\" data-widget_type=\"icon.default\">\n\t\t\t\t<div class=\"elementor-widget-container\">\n\t\t\t\t\t\t\t<div class=\"elementor-icon-wrapper\">\n\t\t\t<a class=\"elementor-icon\" href=\"https:\/\/my.stlflix.com\/fr\/help\/\">\n\t\t\t<svg aria-hidden=\"true\" class=\"e-font-icon-svg e-fas-arrow-left\" viewBox=\"0 0 448 512\" xmlns=\"http:\/\/www.w3.org\/2000\/svg\"><path d=\"M257.5 445.1l-22.2 22.2c-9.4 9.4-24.6 9.4-33.9 0L7 273c-9.4-9.4-9.4-24.6 0-33.9L201.4 44.7c9.4-9.4 24.6-9.4 33.9 0l22.2 22.2c9.5 9.5 9.3 25-.4 34.3L136.6 216H424c13.3 0 24 10.7 24 24v32c0 13.3-10.7 24-24 24H136.6l120.5 114.8c9.8 9.3 10 24.8.4 34.3z\"><\/path><\/svg>\t\t\t<\/a>\n\t\t<\/div>\n\t\t\t\t\t\t<\/div>\n\t\t\t\t<\/div>\n\t\t\t\t<div class=\"elementor-element elementor-element-203d00f elementor-widget elementor-widget-heading\" data-id=\"203d00f\" data-element_type=\"widget\" data-widget_type=\"heading.default\">\n\t\t\t\t<div class=\"elementor-widget-container\">\n\t\t\t\t\t<h2 class=\"elementor-heading-title elementor-size-default\"><a href=\"https:\/\/my.stlflix.com\/fr\/help\/\">Retour au Menu d'Aide<\/a><\/h2>\t\t\t\t<\/div>\n\t\t\t\t<\/div>\n\t\t\t\t<\/div>\n\t\t\t\t<div class=\"elementor-element elementor-element-424ab0d elementor-widget elementor-widget-heading\" data-id=\"424ab0d\" data-element_type=\"widget\" data-widget_type=\"heading.default\">\n\t\t\t\t<div class=\"elementor-widget-container\">\n\t\t\t\t\t<h2 class=\"elementor-heading-title elementor-size-default\">Comment puis-je exporter ma collection de Seller's vers la nouvelle zone de produits ?\u200b<\/h2>\t\t\t\t<\/div>\n\t\t\t\t<\/div>\n\t\t\t\t<div class=\"elementor-element elementor-element-0261231 elementor-widget elementor-widget-text-editor\" data-id=\"0261231\" data-element_type=\"widget\" data-widget_type=\"text-editor.default\">\n\t\t\t\t<div class=\"elementor-widget-container\">\n\t\t\t\t\t\t\t\t\t<p>Si vous aviez d\u00e9j\u00e0 un dossier de catalogue de vendeurs avec vos fichiers s\u00e9par\u00e9s et que vous souhaitez les transf\u00e9rer pour enregistrer vos produits sur MYSTORE, c&#8217;est simple :<\/p><p>Sur la plateforme b\u00eata, allez dans la zone utilisateur et choisissez l&#8217;option Collections de Seller dans le menu de gauche. Ensuite, il vous suffit de cliquer sur l&#8217;ic\u00f4ne d&#8217;exportation sur la carte souhait\u00e9e et d&#8217;attendre quelques secondes. Vos produits seront bient\u00f4t enregistr\u00e9s dans votre gestionnaire de produits MYSTORE.<\/p>\t\t\t\t\t\t\t\t<\/div>\n\t\t\t\t<\/div>\n\t\t\t\t<div class=\"elementor-element elementor-element-3f8afd4 elementor-widget elementor-widget-image\" data-id=\"3f8afd4\" data-element_type=\"widget\" data-widget_type=\"image.default\">\n\t\t\t\t<div class=\"elementor-widget-container\">\n\t\t\t\t\t\t\t\t\t\t\t\t\t\t\t<img fetchpriority=\"high\" decoding=\"async\" width=\"600\" height=\"348\" src=\"https:\/\/my.stlflix.com\/wp-content\/uploads\/2024\/06\/gif_export.gif\" class=\"attachment-large size-large wp-image-41884\" alt=\"\" \/>\t\t\t\t\t\t\t\t\t\t\t\t\t\t\t<\/div>\n\t\t\t\t<\/div>\n\t\t\t\t\t<\/div>\n\t\t\t\t<\/div>\n\t\t\t\t<\/div>\n\t\t","protected":false},"excerpt":{"rendered":"<p>Retour au Menu d&#8217;Aide Comment puis-je exporter ma collection de Seller&#8217;s vers la nouvelle zone de produits ?\u200b Si vous aviez d\u00e9j\u00e0 un dossier de catalogue de vendeurs avec vos fichiers s\u00e9par\u00e9s et que vous souhaitez les transf\u00e9rer pour enregistrer vos produits sur MYSTORE, c&#8217;est simple : Sur la plateforme b\u00eata, allez dans la zone [&hellip;]<\/p>\n","protected":false},"author":358,"featured_media":0,"parent":0,"menu_order":0,"comment_status":"closed","ping_status":"closed","template":"","meta":{"footnotes":""},"class_list":["post-155141","page","type-page","status-publish","hentry"],"yoast_head":"<!-- This site is optimized with the Yoast SEO plugin v25.1 - https:\/\/yoast.com\/wordpress\/plugins\/seo\/ -->\n<title>Help_Export - MyStore - By STLFLIX<\/title>\n<meta name=\"robots\" content=\"index, follow, max-snippet:-1, max-image-preview:large, max-video-preview:-1\" \/>\n<link rel=\"canonical\" href=\"https:\/\/my.stlflix.com\/help_export\/\" \/>\n<meta property=\"og:locale\" content=\"fr_FR\" \/>\n<meta property=\"og:type\" content=\"article\" \/>\n<meta property=\"og:title\" content=\"Help_Export - MyStore - By STLFLIX\" \/>\n<meta property=\"og:description\" content=\"Retour au Menu d&#8217;Aide Comment puis-je exporter ma collection de Seller&#8217;s vers la nouvelle zone de produits ?\u200b Si vous aviez d\u00e9j\u00e0 un dossier de catalogue de vendeurs avec vos fichiers s\u00e9par\u00e9s et que vous souhaitez les transf\u00e9rer pour enregistrer vos produits sur MYSTORE, c&#8217;est simple : Sur la plateforme b\u00eata, allez dans la zone [&hellip;]\" \/>\n<meta property=\"og:url\" content=\"https:\/\/my.stlflix.com\/help_export\/\" \/>\n<meta property=\"og:site_name\" content=\"MyStore - By STLFLIX\" \/>\n<meta property=\"article:publisher\" content=\"https:\/\/www.facebook.com\/STLFLIX\" \/>\n<meta property=\"article:modified_time\" content=\"2024-11-18T13:46:24+00:00\" \/>\n<meta property=\"og:image\" content=\"https:\/\/my.stlflix.com\/wp-content\/uploads\/2024\/06\/gif_export.gif\" \/>\n<meta name=\"twitter:card\" content=\"summary_large_image\" \/>\n<meta name=\"twitter:label1\" content=\"Est. reading time\" \/>\n\t<meta name=\"twitter:data1\" content=\"1 minute\" \/>\n<script type=\"application\/ld+json\" class=\"yoast-schema-graph\">{\"@context\":\"https:\/\/schema.org\",\"@graph\":[{\"@type\":\"WebPage\",\"@id\":\"https:\/\/my.stlflix.com\/help_export\/\",\"url\":\"https:\/\/my.stlflix.com\/help_export\/\",\"name\":\"Help_Export - MyStore - By STLFLIX\",\"isPartOf\":{\"@id\":\"https:\/\/my.stlflix.com\/tr\/#website\"},\"primaryImageOfPage\":{\"@id\":\"https:\/\/my.stlflix.com\/help_export\/#primaryimage\"},\"image\":{\"@id\":\"https:\/\/my.stlflix.com\/help_export\/#primaryimage\"},\"thumbnailUrl\":\"https:\/\/my.stlflix.com\/wp-content\/uploads\/2024\/06\/gif_export.gif\",\"datePublished\":\"2024-11-13T18:53:23+00:00\",\"dateModified\":\"2024-11-18T13:46:24+00:00\",\"breadcrumb\":{\"@id\":\"https:\/\/my.stlflix.com\/help_export\/#breadcrumb\"},\"inLanguage\":\"fr-FR\",\"potentialAction\":[{\"@type\":\"ReadAction\",\"target\":[\"https:\/\/my.stlflix.com\/help_export\/\"]}]},{\"@type\":\"ImageObject\",\"inLanguage\":\"fr-FR\",\"@id\":\"https:\/\/my.stlflix.com\/help_export\/#primaryimage\",\"url\":\"https:\/\/my.stlflix.com\/wp-content\/uploads\/2024\/06\/gif_export.gif\",\"contentUrl\":\"https:\/\/my.stlflix.com\/wp-content\/uploads\/2024\/06\/gif_export.gif\"},{\"@type\":\"BreadcrumbList\",\"@id\":\"https:\/\/my.stlflix.com\/help_export\/#breadcrumb\",\"itemListElement\":[{\"@type\":\"ListItem\",\"position\":1,\"name\":\"Home\",\"item\":\"https:\/\/my.stlflix.com\/\"},{\"@type\":\"ListItem\",\"position\":2,\"name\":\"Help_Export\"}]},{\"@type\":\"WebSite\",\"@id\":\"https:\/\/my.stlflix.com\/tr\/#website\",\"url\":\"https:\/\/my.stlflix.com\/tr\/\",\"name\":\"MyStore - By STLFLIX\",\"description\":\"\",\"publisher\":{\"@id\":\"https:\/\/my.stlflix.com\/tr\/#organization\"},\"potentialAction\":[{\"@type\":\"SearchAction\",\"target\":{\"@type\":\"EntryPoint\",\"urlTemplate\":\"https:\/\/my.stlflix.com\/tr\/?s={search_term_string}\"},\"query-input\":{\"@type\":\"PropertyValueSpecification\",\"valueRequired\":true,\"valueName\":\"search_term_string\"}}],\"inLanguage\":\"fr-FR\"},{\"@type\":\"Organization\",\"@id\":\"https:\/\/my.stlflix.com\/tr\/#organization\",\"name\":\"MyStore - By STLFLIX\",\"url\":\"https:\/\/my.stlflix.com\/tr\/\",\"logo\":{\"@type\":\"ImageObject\",\"inLanguage\":\"fr-FR\",\"@id\":\"https:\/\/my.stlflix.com\/tr\/#\/schema\/logo\/image\/\",\"url\":\"https:\/\/my.stlflix.com\/wp-content\/uploads\/2024\/06\/logo-mystore.png\",\"contentUrl\":\"https:\/\/my.stlflix.com\/wp-content\/uploads\/2024\/06\/logo-mystore.png\",\"width\":150,\"height\":41,\"caption\":\"MyStore - By STLFLIX\"},\"image\":{\"@id\":\"https:\/\/my.stlflix.com\/tr\/#\/schema\/logo\/image\/\"},\"sameAs\":[\"https:\/\/www.facebook.com\/STLFLIX\",\"https:\/\/www.instagram.com\/stlflix_\/\",\"https:\/\/www.tiktok.com\/@stlflix\"]}]}<\/script>\n<!-- \/ Yoast SEO plugin. -->","yoast_head_json":{"title":"Help_Export - MyStore - By STLFLIX","robots":{"index":"index","follow":"follow","max-snippet":"max-snippet:-1","max-image-preview":"max-image-preview:large","max-video-preview":"max-video-preview:-1"},"canonical":"https:\/\/my.stlflix.com\/help_export\/","og_locale":"fr_FR","og_type":"article","og_title":"Help_Export - MyStore - By STLFLIX","og_description":"Retour au Menu d&#8217;Aide Comment puis-je exporter ma collection de Seller&#8217;s vers la nouvelle zone de produits ?\u200b Si vous aviez d\u00e9j\u00e0 un dossier de catalogue de vendeurs avec vos fichiers s\u00e9par\u00e9s et que vous souhaitez les transf\u00e9rer pour enregistrer vos produits sur MYSTORE, c&#8217;est simple : Sur la plateforme b\u00eata, allez dans la zone [&hellip;]","og_url":"https:\/\/my.stlflix.com\/help_export\/","og_site_name":"MyStore - By STLFLIX","article_publisher":"https:\/\/www.facebook.com\/STLFLIX","article_modified_time":"2024-11-18T13:46:24+00:00","og_image":[{"url":"https:\/\/my.stlflix.com\/wp-content\/uploads\/2024\/06\/gif_export.gif","type":"","width":"","height":""}],"twitter_card":"summary_large_image","twitter_misc":{"Est. reading time":"1 minute"},"schema":{"@context":"https:\/\/schema.org","@graph":[{"@type":"WebPage","@id":"https:\/\/my.stlflix.com\/help_export\/","url":"https:\/\/my.stlflix.com\/help_export\/","name":"Help_Export - MyStore - By STLFLIX","isPartOf":{"@id":"https:\/\/my.stlflix.com\/tr\/#website"},"primaryImageOfPage":{"@id":"https:\/\/my.stlflix.com\/help_export\/#primaryimage"},"image":{"@id":"https:\/\/my.stlflix.com\/help_export\/#primaryimage"},"thumbnailUrl":"https:\/\/my.stlflix.com\/wp-content\/uploads\/2024\/06\/gif_export.gif","datePublished":"2024-11-13T18:53:23+00:00","dateModified":"2024-11-18T13:46:24+00:00","breadcrumb":{"@id":"https:\/\/my.stlflix.com\/help_export\/#breadcrumb"},"inLanguage":"fr-FR","potentialAction":[{"@type":"ReadAction","target":["https:\/\/my.stlflix.com\/help_export\/"]}]},{"@type":"ImageObject","inLanguage":"fr-FR","@id":"https:\/\/my.stlflix.com\/help_export\/#primaryimage","url":"https:\/\/my.stlflix.com\/wp-content\/uploads\/2024\/06\/gif_export.gif","contentUrl":"https:\/\/my.stlflix.com\/wp-content\/uploads\/2024\/06\/gif_export.gif"},{"@type":"BreadcrumbList","@id":"https:\/\/my.stlflix.com\/help_export\/#breadcrumb","itemListElement":[{"@type":"ListItem","position":1,"name":"Home","item":"https:\/\/my.stlflix.com\/"},{"@type":"ListItem","position":2,"name":"Help_Export"}]},{"@type":"WebSite","@id":"https:\/\/my.stlflix.com\/tr\/#website","url":"https:\/\/my.stlflix.com\/tr\/","name":"MyStore - By STLFLIX","description":"","publisher":{"@id":"https:\/\/my.stlflix.com\/tr\/#organization"},"potentialAction":[{"@type":"SearchAction","target":{"@type":"EntryPoint","urlTemplate":"https:\/\/my.stlflix.com\/tr\/?s={search_term_string}"},"query-input":{"@type":"PropertyValueSpecification","valueRequired":true,"valueName":"search_term_string"}}],"inLanguage":"fr-FR"},{"@type":"Organization","@id":"https:\/\/my.stlflix.com\/tr\/#organization","name":"MyStore - By STLFLIX","url":"https:\/\/my.stlflix.com\/tr\/","logo":{"@type":"ImageObject","inLanguage":"fr-FR","@id":"https:\/\/my.stlflix.com\/tr\/#\/schema\/logo\/image\/","url":"https:\/\/my.stlflix.com\/wp-content\/uploads\/2024\/06\/logo-mystore.png","contentUrl":"https:\/\/my.stlflix.com\/wp-content\/uploads\/2024\/06\/logo-mystore.png","width":150,"height":41,"caption":"MyStore - By STLFLIX"},"image":{"@id":"https:\/\/my.stlflix.com\/tr\/#\/schema\/logo\/image\/"},"sameAs":["https:\/\/www.facebook.com\/STLFLIX","https:\/\/www.instagram.com\/stlflix_\/","https:\/\/www.tiktok.com\/@stlflix"]}]}},"_links":{"self":[{"href":"https:\/\/my.stlflix.com\/fr\/wp-json\/wp\/v2\/pages\/155141","targetHints":{"allow":["GET"]}}],"collection":[{"href":"https:\/\/my.stlflix.com\/fr\/wp-json\/wp\/v2\/pages"}],"about":[{"href":"https:\/\/my.stlflix.com\/fr\/wp-json\/wp\/v2\/types\/page"}],"author":[{"embeddable":true,"href":"https:\/\/my.stlflix.com\/fr\/wp-json\/wp\/v2\/users\/358"}],"replies":[{"embeddable":true,"href":"https:\/\/my.stlflix.com\/fr\/wp-json\/wp\/v2\/comments?post=155141"}],"version-history":[{"count":5,"href":"https:\/\/my.stlflix.com\/fr\/wp-json\/wp\/v2\/pages\/155141\/revisions"}],"predecessor-version":[{"id":160472,"href":"https:\/\/my.stlflix.com\/fr\/wp-json\/wp\/v2\/pages\/155141\/revisions\/160472"}],"wp:attachment":[{"href":"https:\/\/my.stlflix.com\/fr\/wp-json\/wp\/v2\/media?parent=155141"}],"curies":[{"name":"wp","href":"https:\/\/api.w.org\/{rel}","templated":true}]}}