{"id":129457,"date":"2024-10-28T20:38:22","date_gmt":"2024-10-28T20:38:22","guid":{"rendered":"https:\/\/my.stlflix.com\/?post_type=product&#038;p=129457"},"modified":"2024-12-22T12:14:35","modified_gmt":"2024-12-22T12:14:35","slug":"play-catch-controller-holder-671ff1ef437d5","status":"publish","type":"product","link":"https:\/\/my.stlflix.com\/fr\/product\/play-catch-controller-holder-671ff1ef437d5\/","title":{"rendered":"Play Catch Controller Holder"},"content":{"rendered":"<p><strong>Chega de Acidentes com seu Controle! Prepare-se para a Base Definitiva para Gamers! \ud83c\udfae<\/strong><\/p>\n<p>Imagine o seu controle, bem posicionado e seguro, enquanto voc\u00ea se concentra totalmente no jogo \u2013 sem mais quedas inesperadas ou escorreg\u00f5es do sof\u00e1. Nossa base de impress\u00e3o 3D n\u00e3o \u00e9 apenas um suporte; \u00e9 a solu\u00e7\u00e3o elegante e pr\u00e1tica que todo gamer precisa! E tem um detalhe especial: com uma bola remov\u00edvel, voc\u00ea pode personalizar o suporte com uma bola de baseball pr\u00f3pria, dando um toque \u00fanico ao seu setup!<\/p>\n<p>\ud83d\udda8\ufe0f <strong>Especifica\u00e7\u00f5es de Impress\u00e3o para Resultados Impec\u00e1veis:<\/strong> Para garantir uma impress\u00e3o de qualidade e f\u00e1cil de montar, esse projeto foi otimizado para impressoras FDM, proporcionando um acabamento suave e resistente. Nosso suporte foi cuidadosamente planejado para adaptar-se aos modelos de controle <strong>PS5 e Xbox<\/strong>, ent\u00e3o voc\u00ea n\u00e3o precisa se preocupar com compatibilidade!<\/p>\n<p>\u23f1\ufe0f <strong>Tempo de Impress\u00e3o (Exemplo Ender 3):<\/strong><\/p>\n<ul>\n<li>03 Dias,<\/li>\n<\/ul>\n<p>\ud83d\udccf <strong>Altura Aproximada:<\/strong><\/p>\n<ul>\n<li>19 cm<\/li>\n<\/ul>\n<p>\u2728 N\u00e3o deixe essa oportunidade escapar! D\u00ea ao seu setup o upgrade que ele merece com um toque de estilo e seguran\u00e7a. Compre agora e comece a impress\u00e3o do suporte que vai fazer toda a diferen\u00e7a no seu espa\u00e7o gamer!<\/p>\n","protected":false},"excerpt":{"rendered":"<p>Chega de Acidentes com seu Controle! Prepare-se para a Base Definitiva para Gamers! \ud83c\udfae Imagine o seu controle, bem posicionado e seguro, enquanto voc\u00ea se concentra totalmente no jogo \u2013 sem mais quedas inesperadas ou escorreg\u00f5es do sof\u00e1. Nossa base de impress\u00e3o 3D n\u00e3o \u00e9 apenas um suporte; \u00e9 a solu\u00e7\u00e3o elegante e pr\u00e1tica que [&hellip;]<\/p>\n","protected":false},"featured_media":120713,"comment_status":"open","ping_status":"closed","template":"","meta":[],"product_brand":[],"product_cat":[578],"product_tag":[792],"class_list":{"0":"post-129457","1":"product","2":"type-product","3":"status-publish","4":"has-post-thumbnail","6":"product_cat-useful","7":"product_tag-accessories-for-gamers","9":"first","10":"instock","11":"taxable","12":"shipping-taxable","13":"purchasable","14":"product-type-simple"},"yoast_head":"<!-- This site is optimized with the Yoast SEO plugin v25.1 - https:\/\/yoast.com\/wordpress\/plugins\/seo\/ -->\n<title>Play Catch Controller Holder - MyStore - By STLFLIX MyStore - By STLFLIX<\/title>\n<meta name=\"description\" content=\"Suporte para controle PS5 Suporte para controle Xbox Suporte de controle para impress\u00e3o 3D Arquivo STL para suporte de controle Suporte de controle impresso em 3D Arquivo 3D para suporte de controle PS5\/Xbox Suporte para videogame 3D Base para controle PS5 e Xbox Suporte de controle customiz\u00e1vel Suporte 3D para controles de videogame Arquivo STL para impressora FDM Suporte de controle com bola de baseball Suporte para controles de consoles Acess\u00f3rio de suporte gamer para impress\u00e3o 3D Arquivo STL suporte para controle PS5\/Xbox personaliz\u00e1vel Suporte impresso em 3D para controles de console PS5 e Xbox Base de controle 3D com bola remov\u00edvel para personaliza\u00e7\u00e3o Suporte gamer impresso em 3D para PS5 e Xbox Arquivo para impress\u00e3o 3D suporte de controle de videogame Modelo 3D para suporte de controles PS5 e Xbox com personaliza\u00e7\u00e3o Arquivo STL para impress\u00e3o FDM de suporte de controle Configura\u00e7\u00e3o de impress\u00e3o 3D para suporte de controle Impress\u00e3o 3D suporte para acess\u00f3rios de controle Modelo STL para suporte de controles de videogame\" \/>\n<meta name=\"robots\" content=\"index, follow, max-snippet:-1, max-image-preview:large, max-video-preview:-1\" \/>\n<link rel=\"canonical\" href=\"https:\/\/my.stlflix.com\/es\/product\/play-catch-controller-holder-671ff1ef437d5\/\" \/>\n<meta property=\"og:locale\" content=\"fr_FR\" \/>\n<meta property=\"og:type\" content=\"article\" \/>\n<meta property=\"og:title\" content=\"Play Catch Controller Holder - MyStore - By STLFLIX MyStore - By STLFLIX\" \/>\n<meta property=\"og:description\" content=\"Suporte para controle PS5 Suporte para controle Xbox Suporte de controle para impress\u00e3o 3D Arquivo STL para suporte de controle Suporte de controle impresso em 3D Arquivo 3D para suporte de controle PS5\/Xbox Suporte para videogame 3D Base para controle PS5 e Xbox Suporte de controle customiz\u00e1vel Suporte 3D para controles de videogame Arquivo STL para impressora FDM Suporte de controle com bola de baseball Suporte para controles de consoles Acess\u00f3rio de suporte gamer para impress\u00e3o 3D Arquivo STL suporte para controle PS5\/Xbox personaliz\u00e1vel Suporte impresso em 3D para controles de console PS5 e Xbox Base de controle 3D com bola remov\u00edvel para personaliza\u00e7\u00e3o Suporte gamer impresso em 3D para PS5 e Xbox Arquivo para impress\u00e3o 3D suporte de controle de videogame Modelo 3D para suporte de controles PS5 e Xbox com personaliza\u00e7\u00e3o Arquivo STL para impress\u00e3o FDM de suporte de controle Configura\u00e7\u00e3o de impress\u00e3o 3D para suporte de controle Impress\u00e3o 3D suporte para acess\u00f3rios de controle Modelo STL para suporte de controles de videogame\" \/>\n<meta property=\"og:url\" content=\"https:\/\/my.stlflix.com\/es\/product\/play-catch-controller-holder-671ff1ef437d5\/\" \/>\n<meta property=\"og:site_name\" content=\"MyStore - By STLFLIX\" \/>\n<meta property=\"article:publisher\" content=\"https:\/\/www.facebook.com\/STLFLIX\" \/>\n<meta property=\"article:modified_time\" content=\"2024-12-22T12:14:35+00:00\" \/>\n<meta property=\"og:image\" content=\"https:\/\/my.stlflix.com\/wp-content\/uploads\/2024\/10\/Play_Catch_Controller_Holder_thumb_d67beea852.jpg\" \/>\n\t<meta property=\"og:image:width\" content=\"1080\" \/>\n\t<meta property=\"og:image:height\" content=\"1350\" \/>\n\t<meta property=\"og:image:type\" content=\"image\/jpeg\" \/>\n<meta name=\"twitter:card\" content=\"summary_large_image\" \/>\n<meta name=\"twitter:label1\" content=\"Est. reading time\" \/>\n\t<meta name=\"twitter:data1\" content=\"1 minute\" \/>\n<script type=\"application\/ld+json\" class=\"yoast-schema-graph\">{\"@context\":\"https:\/\/schema.org\",\"@graph\":[{\"@type\":\"WebPage\",\"@id\":\"https:\/\/my.stlflix.com\/es\/product\/play-catch-controller-holder-671ff1ef437d5\/\",\"url\":\"https:\/\/my.stlflix.com\/es\/product\/play-catch-controller-holder-671ff1ef437d5\/\",\"name\":\"Play Catch Controller Holder - MyStore - By STLFLIX MyStore - By STLFLIX\",\"isPartOf\":{\"@id\":\"https:\/\/my.stlflix.com\/#website\"},\"primaryImageOfPage\":{\"@id\":\"https:\/\/my.stlflix.com\/es\/product\/play-catch-controller-holder-671ff1ef437d5\/#primaryimage\"},\"image\":{\"@id\":\"https:\/\/my.stlflix.com\/es\/product\/play-catch-controller-holder-671ff1ef437d5\/#primaryimage\"},\"thumbnailUrl\":\"https:\/\/my.stlflix.com\/wp-content\/uploads\/2024\/10\/Play_Catch_Controller_Holder_thumb_d67beea852.jpg\",\"datePublished\":\"2024-10-28T20:38:22+00:00\",\"dateModified\":\"2024-12-22T12:14:35+00:00\",\"description\":\"Suporte para controle PS5 Suporte para controle Xbox Suporte de controle para impress\u00e3o 3D Arquivo STL para suporte de controle Suporte de controle impresso em 3D Arquivo 3D para suporte de controle PS5\/Xbox Suporte para videogame 3D Base para controle PS5 e Xbox Suporte de controle customiz\u00e1vel Suporte 3D para controles de videogame Arquivo STL para impressora FDM Suporte de controle com bola de baseball Suporte para controles de consoles Acess\u00f3rio de suporte gamer para impress\u00e3o 3D Arquivo STL suporte para controle PS5\/Xbox personaliz\u00e1vel Suporte impresso em 3D para controles de console PS5 e Xbox Base de controle 3D com bola remov\u00edvel para personaliza\u00e7\u00e3o Suporte gamer impresso em 3D para PS5 e Xbox Arquivo para impress\u00e3o 3D suporte de controle de videogame Modelo 3D para suporte de controles PS5 e Xbox com personaliza\u00e7\u00e3o Arquivo STL para impress\u00e3o FDM de suporte de controle Configura\u00e7\u00e3o de impress\u00e3o 3D para suporte de controle Impress\u00e3o 3D suporte para acess\u00f3rios de controle Modelo STL para suporte de controles de videogame\",\"breadcrumb\":{\"@id\":\"https:\/\/my.stlflix.com\/es\/product\/play-catch-controller-holder-671ff1ef437d5\/#breadcrumb\"},\"inLanguage\":\"fr-FR\",\"potentialAction\":[{\"@type\":\"ReadAction\",\"target\":[\"https:\/\/my.stlflix.com\/es\/product\/play-catch-controller-holder-671ff1ef437d5\/\"]}]},{\"@type\":\"ImageObject\",\"inLanguage\":\"fr-FR\",\"@id\":\"https:\/\/my.stlflix.com\/es\/product\/play-catch-controller-holder-671ff1ef437d5\/#primaryimage\",\"url\":\"https:\/\/my.stlflix.com\/wp-content\/uploads\/2024\/10\/Play_Catch_Controller_Holder_thumb_d67beea852.jpg\",\"contentUrl\":\"https:\/\/my.stlflix.com\/wp-content\/uploads\/2024\/10\/Play_Catch_Controller_Holder_thumb_d67beea852.jpg\",\"width\":1080,\"height\":1350},{\"@type\":\"BreadcrumbList\",\"@id\":\"https:\/\/my.stlflix.com\/es\/product\/play-catch-controller-holder-671ff1ef437d5\/#breadcrumb\",\"itemListElement\":[{\"@type\":\"ListItem\",\"position\":1,\"name\":\"Home\",\"item\":\"https:\/\/www.stlflix-store.com\/\"},{\"@type\":\"ListItem\",\"position\":2,\"name\":\"Products\",\"item\":\"https:\/\/www.stlflix-store.com\/shop\/\"},{\"@type\":\"ListItem\",\"position\":3,\"name\":\"Play Catch Controller Holder\"}]},{\"@type\":\"WebSite\",\"@id\":\"https:\/\/my.stlflix.com\/#website\",\"url\":\"https:\/\/my.stlflix.com\/\",\"name\":\"MyStore - By STLFLIX\",\"description\":\"\",\"publisher\":{\"@id\":\"https:\/\/my.stlflix.com\/#organization\"},\"potentialAction\":[{\"@type\":\"SearchAction\",\"target\":{\"@type\":\"EntryPoint\",\"urlTemplate\":\"https:\/\/my.stlflix.com\/?s={search_term_string}\"},\"query-input\":{\"@type\":\"PropertyValueSpecification\",\"valueRequired\":true,\"valueName\":\"search_term_string\"}}],\"inLanguage\":\"fr-FR\"},{\"@type\":\"Organization\",\"@id\":\"https:\/\/my.stlflix.com\/#organization\",\"name\":\"MyStore - By STLFLIX\",\"url\":\"https:\/\/my.stlflix.com\/\",\"logo\":{\"@type\":\"ImageObject\",\"inLanguage\":\"fr-FR\",\"@id\":\"https:\/\/my.stlflix.com\/#\/schema\/logo\/image\/\",\"url\":\"https:\/\/my.stlflix.com\/wp-content\/uploads\/2024\/06\/logo-mystore.png\",\"contentUrl\":\"https:\/\/my.stlflix.com\/wp-content\/uploads\/2024\/06\/logo-mystore.png\",\"width\":150,\"height\":41,\"caption\":\"MyStore - By STLFLIX\"},\"image\":{\"@id\":\"https:\/\/my.stlflix.com\/#\/schema\/logo\/image\/\"},\"sameAs\":[\"https:\/\/www.facebook.com\/STLFLIX\",\"https:\/\/www.instagram.com\/stlflix_\/\",\"https:\/\/www.tiktok.com\/@stlflix\"]}]}<\/script>\n<!-- \/ Yoast SEO plugin. -->","yoast_head_json":{"title":"Play Catch Controller Holder - MyStore - By STLFLIX MyStore - By STLFLIX","description":"Suporte para controle PS5 Suporte para controle Xbox Suporte de controle para impress\u00e3o 3D Arquivo STL para suporte de controle Suporte de controle impresso em 3D Arquivo 3D para suporte de controle PS5\/Xbox Suporte para videogame 3D Base para controle PS5 e Xbox Suporte de controle customiz\u00e1vel Suporte 3D para controles de videogame Arquivo STL para impressora FDM Suporte de controle com bola de baseball Suporte para controles de consoles Acess\u00f3rio de suporte gamer para impress\u00e3o 3D Arquivo STL suporte para controle PS5\/Xbox personaliz\u00e1vel Suporte impresso em 3D para controles de console PS5 e Xbox Base de controle 3D com bola remov\u00edvel para personaliza\u00e7\u00e3o Suporte gamer impresso em 3D para PS5 e Xbox Arquivo para impress\u00e3o 3D suporte de controle de videogame Modelo 3D para suporte de controles PS5 e Xbox com personaliza\u00e7\u00e3o Arquivo STL para impress\u00e3o FDM de suporte de controle Configura\u00e7\u00e3o de impress\u00e3o 3D para suporte de controle Impress\u00e3o 3D suporte para acess\u00f3rios de controle Modelo STL para suporte de controles de videogame","robots":{"index":"index","follow":"follow","max-snippet":"max-snippet:-1","max-image-preview":"max-image-preview:large","max-video-preview":"max-video-preview:-1"},"canonical":"https:\/\/my.stlflix.com\/es\/product\/play-catch-controller-holder-671ff1ef437d5\/","og_locale":"fr_FR","og_type":"article","og_title":"Play Catch Controller Holder - MyStore - By STLFLIX MyStore - By STLFLIX","og_description":"Suporte para controle PS5 Suporte para controle Xbox Suporte de controle para impress\u00e3o 3D Arquivo STL para suporte de controle Suporte de controle impresso em 3D Arquivo 3D para suporte de controle PS5\/Xbox Suporte para videogame 3D Base para controle PS5 e Xbox Suporte de controle customiz\u00e1vel Suporte 3D para controles de videogame Arquivo STL para impressora FDM Suporte de controle com bola de baseball Suporte para controles de consoles Acess\u00f3rio de suporte gamer para impress\u00e3o 3D Arquivo STL suporte para controle PS5\/Xbox personaliz\u00e1vel Suporte impresso em 3D para controles de console PS5 e Xbox Base de controle 3D com bola remov\u00edvel para personaliza\u00e7\u00e3o Suporte gamer impresso em 3D para PS5 e Xbox Arquivo para impress\u00e3o 3D suporte de controle de videogame Modelo 3D para suporte de controles PS5 e Xbox com personaliza\u00e7\u00e3o Arquivo STL para impress\u00e3o FDM de suporte de controle Configura\u00e7\u00e3o de impress\u00e3o 3D para suporte de controle Impress\u00e3o 3D suporte para acess\u00f3rios de controle Modelo STL para suporte de controles de videogame","og_url":"https:\/\/my.stlflix.com\/es\/product\/play-catch-controller-holder-671ff1ef437d5\/","og_site_name":"MyStore - By STLFLIX","article_publisher":"https:\/\/www.facebook.com\/STLFLIX","article_modified_time":"2024-12-22T12:14:35+00:00","og_image":[{"width":1080,"height":1350,"url":"https:\/\/my.stlflix.com\/wp-content\/uploads\/2024\/10\/Play_Catch_Controller_Holder_thumb_d67beea852.jpg","type":"image\/jpeg"}],"twitter_card":"summary_large_image","twitter_misc":{"Est. reading time":"1 minute"},"schema":{"@context":"https:\/\/schema.org","@graph":[{"@type":"WebPage","@id":"https:\/\/my.stlflix.com\/es\/product\/play-catch-controller-holder-671ff1ef437d5\/","url":"https:\/\/my.stlflix.com\/es\/product\/play-catch-controller-holder-671ff1ef437d5\/","name":"Play Catch Controller Holder - MyStore - By STLFLIX MyStore - By STLFLIX","isPartOf":{"@id":"https:\/\/my.stlflix.com\/#website"},"primaryImageOfPage":{"@id":"https:\/\/my.stlflix.com\/es\/product\/play-catch-controller-holder-671ff1ef437d5\/#primaryimage"},"image":{"@id":"https:\/\/my.stlflix.com\/es\/product\/play-catch-controller-holder-671ff1ef437d5\/#primaryimage"},"thumbnailUrl":"https:\/\/my.stlflix.com\/wp-content\/uploads\/2024\/10\/Play_Catch_Controller_Holder_thumb_d67beea852.jpg","datePublished":"2024-10-28T20:38:22+00:00","dateModified":"2024-12-22T12:14:35+00:00","description":"Suporte para controle PS5 Suporte para controle Xbox Suporte de controle para impress\u00e3o 3D Arquivo STL para suporte de controle Suporte de controle impresso em 3D Arquivo 3D para suporte de controle PS5\/Xbox Suporte para videogame 3D Base para controle PS5 e Xbox Suporte de controle customiz\u00e1vel Suporte 3D para controles de videogame Arquivo STL para impressora FDM Suporte de controle com bola de baseball Suporte para controles de consoles Acess\u00f3rio de suporte gamer para impress\u00e3o 3D Arquivo STL suporte para controle PS5\/Xbox personaliz\u00e1vel Suporte impresso em 3D para controles de console PS5 e Xbox Base de controle 3D com bola remov\u00edvel para personaliza\u00e7\u00e3o Suporte gamer impresso em 3D para PS5 e Xbox Arquivo para impress\u00e3o 3D suporte de controle de videogame Modelo 3D para suporte de controles PS5 e Xbox com personaliza\u00e7\u00e3o Arquivo STL para impress\u00e3o FDM de suporte de controle Configura\u00e7\u00e3o de impress\u00e3o 3D para suporte de controle Impress\u00e3o 3D suporte para acess\u00f3rios de controle Modelo STL para suporte de controles de videogame","breadcrumb":{"@id":"https:\/\/my.stlflix.com\/es\/product\/play-catch-controller-holder-671ff1ef437d5\/#breadcrumb"},"inLanguage":"fr-FR","potentialAction":[{"@type":"ReadAction","target":["https:\/\/my.stlflix.com\/es\/product\/play-catch-controller-holder-671ff1ef437d5\/"]}]},{"@type":"ImageObject","inLanguage":"fr-FR","@id":"https:\/\/my.stlflix.com\/es\/product\/play-catch-controller-holder-671ff1ef437d5\/#primaryimage","url":"https:\/\/my.stlflix.com\/wp-content\/uploads\/2024\/10\/Play_Catch_Controller_Holder_thumb_d67beea852.jpg","contentUrl":"https:\/\/my.stlflix.com\/wp-content\/uploads\/2024\/10\/Play_Catch_Controller_Holder_thumb_d67beea852.jpg","width":1080,"height":1350},{"@type":"BreadcrumbList","@id":"https:\/\/my.stlflix.com\/es\/product\/play-catch-controller-holder-671ff1ef437d5\/#breadcrumb","itemListElement":[{"@type":"ListItem","position":1,"name":"Home","item":"https:\/\/www.stlflix-store.com\/"},{"@type":"ListItem","position":2,"name":"Products","item":"https:\/\/www.stlflix-store.com\/shop\/"},{"@type":"ListItem","position":3,"name":"Play Catch Controller Holder"}]},{"@type":"WebSite","@id":"https:\/\/my.stlflix.com\/#website","url":"https:\/\/my.stlflix.com\/","name":"MyStore - By STLFLIX","description":"","publisher":{"@id":"https:\/\/my.stlflix.com\/#organization"},"potentialAction":[{"@type":"SearchAction","target":{"@type":"EntryPoint","urlTemplate":"https:\/\/my.stlflix.com\/?s={search_term_string}"},"query-input":{"@type":"PropertyValueSpecification","valueRequired":true,"valueName":"search_term_string"}}],"inLanguage":"fr-FR"},{"@type":"Organization","@id":"https:\/\/my.stlflix.com\/#organization","name":"MyStore - By STLFLIX","url":"https:\/\/my.stlflix.com\/","logo":{"@type":"ImageObject","inLanguage":"fr-FR","@id":"https:\/\/my.stlflix.com\/#\/schema\/logo\/image\/","url":"https:\/\/my.stlflix.com\/wp-content\/uploads\/2024\/06\/logo-mystore.png","contentUrl":"https:\/\/my.stlflix.com\/wp-content\/uploads\/2024\/06\/logo-mystore.png","width":150,"height":41,"caption":"MyStore - By STLFLIX"},"image":{"@id":"https:\/\/my.stlflix.com\/#\/schema\/logo\/image\/"},"sameAs":["https:\/\/www.facebook.com\/STLFLIX","https:\/\/www.instagram.com\/stlflix_\/","https:\/\/www.tiktok.com\/@stlflix"]}]}},"_links":{"self":[{"href":"https:\/\/my.stlflix.com\/fr\/wp-json\/wp\/v2\/product\/129457","targetHints":{"allow":["GET"]}}],"collection":[{"href":"https:\/\/my.stlflix.com\/fr\/wp-json\/wp\/v2\/product"}],"about":[{"href":"https:\/\/my.stlflix.com\/fr\/wp-json\/wp\/v2\/types\/product"}],"replies":[{"embeddable":true,"href":"https:\/\/my.stlflix.com\/fr\/wp-json\/wp\/v2\/comments?post=129457"}],"wp:featuredmedia":[{"embeddable":true,"href":"https:\/\/my.stlflix.com\/fr\/wp-json\/wp\/v2\/media\/120713"}],"wp:attachment":[{"href":"https:\/\/my.stlflix.com\/fr\/wp-json\/wp\/v2\/media?parent=129457"}],"wp:term":[{"taxonomy":"product_brand","embeddable":true,"href":"https:\/\/my.stlflix.com\/fr\/wp-json\/wp\/v2\/product_brand?post=129457"},{"taxonomy":"product_cat","embeddable":true,"href":"https:\/\/my.stlflix.com\/fr\/wp-json\/wp\/v2\/product_cat?post=129457"},{"taxonomy":"product_tag","embeddable":true,"href":"https:\/\/my.stlflix.com\/fr\/wp-json\/wp\/v2\/product_tag?post=129457"}],"curies":[{"name":"wp","href":"https:\/\/api.w.org\/{rel}","templated":true}]}}