{"id":207385,"date":"2024-12-30T12:38:36","date_gmt":"2024-12-30T12:38:36","guid":{"rendered":"https:\/\/my.stlflix.com\/?post_type=product&#038;p=207385"},"modified":"2025-01-18T11:07:36","modified_gmt":"2025-01-18T11:07:36","slug":"boucles-doreilles-artisanales-fleuries-et-resine-scintillante-les-joyaux-de-mdaaame","status":"publish","type":"product","link":"https:\/\/my.stlflix.com\/fr\/product\/boucles-doreilles-artisanales-fleuries-et-resine-scintillante-les-joyaux-de-mdaaame\/","title":{"rendered":"Boucles d&#8217;oreilles artisanales fleuries et r\u00e9sine scintillante"},"content":{"rendered":"<p>Les Jouyaux De M@Daaame !<\/p>\n<p>Ces boucles d&#8217;oreilles uniques associent un pendentif rond orn\u00e9 d&#8217;un motif floral d\u00e9licat et d&#8217;une finition en r\u00e9sine brillante \u00e0 une perle facett\u00e9e en r\u00e9sine dans des tons roses scintillants. L\u00e9g\u00e8res et \u00e9l\u00e9gantes, elles ajoutent une touche boh\u00e8me et raffin\u00e9e \u00e0 toutes vos tenues.Ces boucles d&#8217;oreilles uniques associent un pendentif rond orn\u00e9 d&#8217;un motif floral d\u00e9licat et d&#8217;une finition en r\u00e9sine brillante \u00e0 une perle facett\u00e9e en r\u00e9sine dans des tons roses scintillants. L\u00e9g\u00e8res et \u00e9l\u00e9gantes, elles ajoutent une touche boh\u00e8me et raffin\u00e9e \u00e0 toutes vos tenues.<\/p>\n","protected":false},"excerpt":{"rendered":"<p>Les Jouyaux De M@Daaame ! Ces boucles d&#8217;oreilles uniques associent un pendentif rond orn\u00e9 d&#8217;un motif floral d\u00e9licat et d&#8217;une finition en r\u00e9sine brillante \u00e0 une perle facett\u00e9e en r\u00e9sine dans des tons roses scintillants. L\u00e9g\u00e8res et \u00e9l\u00e9gantes, elles ajoutent une touche boh\u00e8me et raffin\u00e9e \u00e0 toutes vos tenues.Ces boucles d&#8217;oreilles uniques associent un pendentif [&hellip;]<\/p>\n","protected":false},"featured_media":207396,"comment_status":"open","ping_status":"closed","template":"","meta":[],"product_brand":[],"product_cat":[15],"product_tag":[3592],"class_list":{"0":"post-207385","1":"product","2":"type-product","3":"status-publish","4":"has-post-thumbnail","6":"product_cat-uncategorized","7":"product_tag-earings","9":"first","10":"instock","11":"purchasable","12":"product-type-simple"},"yoast_head":"<!-- This site is optimized with the Yoast SEO plugin v25.1 - https:\/\/yoast.com\/wordpress\/plugins\/seo\/ -->\n<title>Boucles d&#039;oreilles artisanales fleuries et r\u00e9sine scintillante - MyStore - By STLFLIX<\/title>\n<meta name=\"robots\" content=\"index, follow, max-snippet:-1, max-image-preview:large, max-video-preview:-1\" \/>\n<link rel=\"canonical\" href=\"https:\/\/my.stlflix.com\/es\/product\/boucles-doreilles-artisanales-fleuries-et-resine-scintillante-les-joyaux-de-mdaaame\/\" \/>\n<meta property=\"og:locale\" content=\"fr_FR\" \/>\n<meta property=\"og:type\" content=\"article\" \/>\n<meta property=\"og:title\" content=\"Boucles d&#039;oreilles artisanales fleuries et r\u00e9sine scintillante - MyStore - By STLFLIX\" \/>\n<meta property=\"og:description\" content=\"Les Jouyaux De M@Daaame ! Ces boucles d&#8217;oreilles uniques associent un pendentif rond orn\u00e9 d&#8217;un motif floral d\u00e9licat et d&#8217;une finition en r\u00e9sine brillante \u00e0 une perle facett\u00e9e en r\u00e9sine dans des tons roses scintillants. L\u00e9g\u00e8res et \u00e9l\u00e9gantes, elles ajoutent une touche boh\u00e8me et raffin\u00e9e \u00e0 toutes vos tenues.Ces boucles d&#8217;oreilles uniques associent un pendentif [&hellip;]\" \/>\n<meta property=\"og:url\" content=\"https:\/\/my.stlflix.com\/es\/product\/boucles-doreilles-artisanales-fleuries-et-resine-scintillante-les-joyaux-de-mdaaame\/\" \/>\n<meta property=\"og:site_name\" content=\"MyStore - By STLFLIX\" \/>\n<meta property=\"article:publisher\" content=\"https:\/\/www.facebook.com\/STLFLIX\" \/>\n<meta property=\"article:modified_time\" content=\"2025-01-18T11:07:36+00:00\" \/>\n<meta property=\"og:image\" content=\"https:\/\/my.stlflix.com\/wp-content\/uploads\/2024\/12\/IMG20241229173445-scaled.jpg\" \/>\n\t<meta property=\"og:image:width\" content=\"2560\" \/>\n\t<meta property=\"og:image:height\" content=\"1160\" \/>\n\t<meta property=\"og:image:type\" content=\"image\/jpeg\" \/>\n<meta name=\"twitter:card\" content=\"summary_large_image\" \/>\n<meta name=\"twitter:label1\" content=\"Est. reading time\" \/>\n\t<meta name=\"twitter:data1\" content=\"1 minute\" \/>\n<script type=\"application\/ld+json\" class=\"yoast-schema-graph\">{\"@context\":\"https:\/\/schema.org\",\"@graph\":[{\"@type\":\"WebPage\",\"@id\":\"https:\/\/my.stlflix.com\/es\/product\/boucles-doreilles-artisanales-fleuries-et-resine-scintillante-les-joyaux-de-mdaaame\/\",\"url\":\"https:\/\/my.stlflix.com\/es\/product\/boucles-doreilles-artisanales-fleuries-et-resine-scintillante-les-joyaux-de-mdaaame\/\",\"name\":\"Boucles d'oreilles artisanales fleuries et r\u00e9sine scintillante - MyStore - By STLFLIX\",\"isPartOf\":{\"@id\":\"https:\/\/my.stlflix.com\/#website\"},\"primaryImageOfPage\":{\"@id\":\"https:\/\/my.stlflix.com\/es\/product\/boucles-doreilles-artisanales-fleuries-et-resine-scintillante-les-joyaux-de-mdaaame\/#primaryimage\"},\"image\":{\"@id\":\"https:\/\/my.stlflix.com\/es\/product\/boucles-doreilles-artisanales-fleuries-et-resine-scintillante-les-joyaux-de-mdaaame\/#primaryimage\"},\"thumbnailUrl\":\"https:\/\/my.stlflix.com\/wp-content\/uploads\/2024\/12\/IMG20241229173445-scaled.jpg\",\"datePublished\":\"2024-12-30T12:38:36+00:00\",\"dateModified\":\"2025-01-18T11:07:36+00:00\",\"breadcrumb\":{\"@id\":\"https:\/\/my.stlflix.com\/es\/product\/boucles-doreilles-artisanales-fleuries-et-resine-scintillante-les-joyaux-de-mdaaame\/#breadcrumb\"},\"inLanguage\":\"fr-FR\",\"potentialAction\":[{\"@type\":\"ReadAction\",\"target\":[\"https:\/\/my.stlflix.com\/es\/product\/boucles-doreilles-artisanales-fleuries-et-resine-scintillante-les-joyaux-de-mdaaame\/\"]}]},{\"@type\":\"ImageObject\",\"inLanguage\":\"fr-FR\",\"@id\":\"https:\/\/my.stlflix.com\/es\/product\/boucles-doreilles-artisanales-fleuries-et-resine-scintillante-les-joyaux-de-mdaaame\/#primaryimage\",\"url\":\"https:\/\/my.stlflix.com\/wp-content\/uploads\/2024\/12\/IMG20241229173445-scaled.jpg\",\"contentUrl\":\"https:\/\/my.stlflix.com\/wp-content\/uploads\/2024\/12\/IMG20241229173445-scaled.jpg\",\"width\":2560,\"height\":1160,\"caption\":\"oplus_256\"},{\"@type\":\"BreadcrumbList\",\"@id\":\"https:\/\/my.stlflix.com\/es\/product\/boucles-doreilles-artisanales-fleuries-et-resine-scintillante-les-joyaux-de-mdaaame\/#breadcrumb\",\"itemListElement\":[{\"@type\":\"ListItem\",\"position\":1,\"name\":\"Home\",\"item\":\"https:\/\/www.stlflix-store.com\/\"},{\"@type\":\"ListItem\",\"position\":2,\"name\":\"Products\",\"item\":\"https:\/\/www.stlflix-store.com\/shop\/\"},{\"@type\":\"ListItem\",\"position\":3,\"name\":\"Boucles d&#8217;oreilles artisanales fleuries et r\u00e9sine scintillante\"}]},{\"@type\":\"WebSite\",\"@id\":\"https:\/\/my.stlflix.com\/#website\",\"url\":\"https:\/\/my.stlflix.com\/\",\"name\":\"MyStore - By STLFLIX\",\"description\":\"\",\"publisher\":{\"@id\":\"https:\/\/my.stlflix.com\/#organization\"},\"potentialAction\":[{\"@type\":\"SearchAction\",\"target\":{\"@type\":\"EntryPoint\",\"urlTemplate\":\"https:\/\/my.stlflix.com\/?s={search_term_string}\"},\"query-input\":{\"@type\":\"PropertyValueSpecification\",\"valueRequired\":true,\"valueName\":\"search_term_string\"}}],\"inLanguage\":\"fr-FR\"},{\"@type\":\"Organization\",\"@id\":\"https:\/\/my.stlflix.com\/#organization\",\"name\":\"MyStore - By STLFLIX\",\"url\":\"https:\/\/my.stlflix.com\/\",\"logo\":{\"@type\":\"ImageObject\",\"inLanguage\":\"fr-FR\",\"@id\":\"https:\/\/my.stlflix.com\/#\/schema\/logo\/image\/\",\"url\":\"https:\/\/my.stlflix.com\/wp-content\/uploads\/2024\/06\/logo-mystore.png\",\"contentUrl\":\"https:\/\/my.stlflix.com\/wp-content\/uploads\/2024\/06\/logo-mystore.png\",\"width\":150,\"height\":41,\"caption\":\"MyStore - By STLFLIX\"},\"image\":{\"@id\":\"https:\/\/my.stlflix.com\/#\/schema\/logo\/image\/\"},\"sameAs\":[\"https:\/\/www.facebook.com\/STLFLIX\",\"https:\/\/www.instagram.com\/stlflix_\/\",\"https:\/\/www.tiktok.com\/@stlflix\"]}]}<\/script>\n<!-- \/ Yoast SEO plugin. -->","yoast_head_json":{"title":"Boucles d'oreilles artisanales fleuries et r\u00e9sine scintillante - MyStore - By STLFLIX","robots":{"index":"index","follow":"follow","max-snippet":"max-snippet:-1","max-image-preview":"max-image-preview:large","max-video-preview":"max-video-preview:-1"},"canonical":"https:\/\/my.stlflix.com\/es\/product\/boucles-doreilles-artisanales-fleuries-et-resine-scintillante-les-joyaux-de-mdaaame\/","og_locale":"fr_FR","og_type":"article","og_title":"Boucles d'oreilles artisanales fleuries et r\u00e9sine scintillante - MyStore - By STLFLIX","og_description":"Les Jouyaux De M@Daaame ! Ces boucles d&#8217;oreilles uniques associent un pendentif rond orn\u00e9 d&#8217;un motif floral d\u00e9licat et d&#8217;une finition en r\u00e9sine brillante \u00e0 une perle facett\u00e9e en r\u00e9sine dans des tons roses scintillants. L\u00e9g\u00e8res et \u00e9l\u00e9gantes, elles ajoutent une touche boh\u00e8me et raffin\u00e9e \u00e0 toutes vos tenues.Ces boucles d&#8217;oreilles uniques associent un pendentif [&hellip;]","og_url":"https:\/\/my.stlflix.com\/es\/product\/boucles-doreilles-artisanales-fleuries-et-resine-scintillante-les-joyaux-de-mdaaame\/","og_site_name":"MyStore - By STLFLIX","article_publisher":"https:\/\/www.facebook.com\/STLFLIX","article_modified_time":"2025-01-18T11:07:36+00:00","og_image":[{"width":2560,"height":1160,"url":"https:\/\/my.stlflix.com\/wp-content\/uploads\/2024\/12\/IMG20241229173445-scaled.jpg","type":"image\/jpeg"}],"twitter_card":"summary_large_image","twitter_misc":{"Est. reading time":"1 minute"},"schema":{"@context":"https:\/\/schema.org","@graph":[{"@type":"WebPage","@id":"https:\/\/my.stlflix.com\/es\/product\/boucles-doreilles-artisanales-fleuries-et-resine-scintillante-les-joyaux-de-mdaaame\/","url":"https:\/\/my.stlflix.com\/es\/product\/boucles-doreilles-artisanales-fleuries-et-resine-scintillante-les-joyaux-de-mdaaame\/","name":"Boucles d'oreilles artisanales fleuries et r\u00e9sine scintillante - MyStore - By STLFLIX","isPartOf":{"@id":"https:\/\/my.stlflix.com\/#website"},"primaryImageOfPage":{"@id":"https:\/\/my.stlflix.com\/es\/product\/boucles-doreilles-artisanales-fleuries-et-resine-scintillante-les-joyaux-de-mdaaame\/#primaryimage"},"image":{"@id":"https:\/\/my.stlflix.com\/es\/product\/boucles-doreilles-artisanales-fleuries-et-resine-scintillante-les-joyaux-de-mdaaame\/#primaryimage"},"thumbnailUrl":"https:\/\/my.stlflix.com\/wp-content\/uploads\/2024\/12\/IMG20241229173445-scaled.jpg","datePublished":"2024-12-30T12:38:36+00:00","dateModified":"2025-01-18T11:07:36+00:00","breadcrumb":{"@id":"https:\/\/my.stlflix.com\/es\/product\/boucles-doreilles-artisanales-fleuries-et-resine-scintillante-les-joyaux-de-mdaaame\/#breadcrumb"},"inLanguage":"fr-FR","potentialAction":[{"@type":"ReadAction","target":["https:\/\/my.stlflix.com\/es\/product\/boucles-doreilles-artisanales-fleuries-et-resine-scintillante-les-joyaux-de-mdaaame\/"]}]},{"@type":"ImageObject","inLanguage":"fr-FR","@id":"https:\/\/my.stlflix.com\/es\/product\/boucles-doreilles-artisanales-fleuries-et-resine-scintillante-les-joyaux-de-mdaaame\/#primaryimage","url":"https:\/\/my.stlflix.com\/wp-content\/uploads\/2024\/12\/IMG20241229173445-scaled.jpg","contentUrl":"https:\/\/my.stlflix.com\/wp-content\/uploads\/2024\/12\/IMG20241229173445-scaled.jpg","width":2560,"height":1160,"caption":"oplus_256"},{"@type":"BreadcrumbList","@id":"https:\/\/my.stlflix.com\/es\/product\/boucles-doreilles-artisanales-fleuries-et-resine-scintillante-les-joyaux-de-mdaaame\/#breadcrumb","itemListElement":[{"@type":"ListItem","position":1,"name":"Home","item":"https:\/\/www.stlflix-store.com\/"},{"@type":"ListItem","position":2,"name":"Products","item":"https:\/\/www.stlflix-store.com\/shop\/"},{"@type":"ListItem","position":3,"name":"Boucles d&#8217;oreilles artisanales fleuries et r\u00e9sine scintillante"}]},{"@type":"WebSite","@id":"https:\/\/my.stlflix.com\/#website","url":"https:\/\/my.stlflix.com\/","name":"MyStore - By STLFLIX","description":"","publisher":{"@id":"https:\/\/my.stlflix.com\/#organization"},"potentialAction":[{"@type":"SearchAction","target":{"@type":"EntryPoint","urlTemplate":"https:\/\/my.stlflix.com\/?s={search_term_string}"},"query-input":{"@type":"PropertyValueSpecification","valueRequired":true,"valueName":"search_term_string"}}],"inLanguage":"fr-FR"},{"@type":"Organization","@id":"https:\/\/my.stlflix.com\/#organization","name":"MyStore - By STLFLIX","url":"https:\/\/my.stlflix.com\/","logo":{"@type":"ImageObject","inLanguage":"fr-FR","@id":"https:\/\/my.stlflix.com\/#\/schema\/logo\/image\/","url":"https:\/\/my.stlflix.com\/wp-content\/uploads\/2024\/06\/logo-mystore.png","contentUrl":"https:\/\/my.stlflix.com\/wp-content\/uploads\/2024\/06\/logo-mystore.png","width":150,"height":41,"caption":"MyStore - By STLFLIX"},"image":{"@id":"https:\/\/my.stlflix.com\/#\/schema\/logo\/image\/"},"sameAs":["https:\/\/www.facebook.com\/STLFLIX","https:\/\/www.instagram.com\/stlflix_\/","https:\/\/www.tiktok.com\/@stlflix"]}]}},"_links":{"self":[{"href":"https:\/\/my.stlflix.com\/fr\/wp-json\/wp\/v2\/product\/207385","targetHints":{"allow":["GET"]}}],"collection":[{"href":"https:\/\/my.stlflix.com\/fr\/wp-json\/wp\/v2\/product"}],"about":[{"href":"https:\/\/my.stlflix.com\/fr\/wp-json\/wp\/v2\/types\/product"}],"replies":[{"embeddable":true,"href":"https:\/\/my.stlflix.com\/fr\/wp-json\/wp\/v2\/comments?post=207385"}],"wp:featuredmedia":[{"embeddable":true,"href":"https:\/\/my.stlflix.com\/fr\/wp-json\/wp\/v2\/media\/207396"}],"wp:attachment":[{"href":"https:\/\/my.stlflix.com\/fr\/wp-json\/wp\/v2\/media?parent=207385"}],"wp:term":[{"taxonomy":"product_brand","embeddable":true,"href":"https:\/\/my.stlflix.com\/fr\/wp-json\/wp\/v2\/product_brand?post=207385"},{"taxonomy":"product_cat","embeddable":true,"href":"https:\/\/my.stlflix.com\/fr\/wp-json\/wp\/v2\/product_cat?post=207385"},{"taxonomy":"product_tag","embeddable":true,"href":"https:\/\/my.stlflix.com\/fr\/wp-json\/wp\/v2\/product_tag?post=207385"}],"curies":[{"name":"wp","href":"https:\/\/api.w.org\/{rel}","templated":true}]}}