{"id":236794,"date":"2025-01-24T03:37:26","date_gmt":"2025-01-24T03:37:26","guid":{"rendered":"https:\/\/my.stlflix.com\/?post_type=product&#038;p=236794"},"modified":"2025-02-10T14:50:45","modified_gmt":"2025-02-10T14:50:45","slug":"der-bodenlose-humpen-2","status":"publish","type":"product","link":"https:\/\/my.stlflix.com\/fr\/product\/der-bodenlose-humpen-2\/","title":{"rendered":"Der bodenlose Humpen"},"content":{"rendered":"<p><span id=\"wpaicg-chat-message-55761\" class=\"wpaicg-chat-message\">Dieser 0,5 Liter Humpen ist ein einzigartiges und nachhaltiges Trinkgef\u00e4\u00df, das aus recyceltem Palettenholz gefertigt wurde. Mit viel Liebe zum Detail gedrechselt und in Handarbeit hergestellt, vereint er Funktionalit\u00e4t und \u00e4sthetisches Design. Der Humpen ist gebeizt, um die nat\u00fcrliche Holzmaserung hervorzuheben, und innen mit einem alkoholbest\u00e4ndigen und lebensmittelechtem Kunstharzlack lackiert, sodass er ideal f\u00fcr verschiedene Getr\u00e4nke ist.<\/span><\/p>\n<p>Ein besonderes Highlight ist der doppelte Boden, der ein geheimes Fach verbirgt \u2013 perfekt f\u00fcr kleine Sch\u00e4tze oder geheime Notizen! Dieser Humpen ist nicht nur ein praktisches Trinkgef\u00e4\u00df, sondern auch ein tolles Accessoire f\u00fcr LARP-Events oder mittelalterliche Feiern. Er bringt einen Hauch von Authentizit\u00e4t und Stil in jede Veranstaltung und ist ein wunderbares Geschenk f\u00fcr Mittelalter-Fans!<\/p>\n<p>&nbsp;<\/p>\n<p>Lieferumfang: 1 Humpen<\/p>\n","protected":false},"excerpt":{"rendered":"<p>Dieser 0,5 Liter Humpen ist ein einzigartiges und nachhaltiges Trinkgef\u00e4\u00df, das aus recyceltem Palettenholz gefertigt wurde. Mit viel Liebe zum Detail gedrechselt und in Handarbeit hergestellt, vereint er Funktionalit\u00e4t und \u00e4sthetisches Design. Der Humpen ist gebeizt, um die nat\u00fcrliche Holzmaserung hervorzuheben, und innen mit einem alkoholbest\u00e4ndigen und lebensmittelechtem Kunstharzlack lackiert, sodass er ideal f\u00fcr verschiedene [&hellip;]<\/p>\n","protected":false},"featured_media":255541,"comment_status":"open","ping_status":"closed","template":"","meta":[],"product_brand":[],"product_cat":[15],"product_tag":[5141,5004,4828],"class_list":{"0":"post-236794","1":"product","2":"type-product","3":"status-publish","4":"has-post-thumbnail","6":"product_cat-uncategorized","7":"product_tag-bhk","8":"product_tag-holzarbeiten","9":"product_tag-humpen","11":"first","12":"instock","13":"purchasable","14":"product-type-simple"},"yoast_head":"<!-- This site is optimized with the Yoast SEO plugin v25.1 - https:\/\/yoast.com\/wordpress\/plugins\/seo\/ -->\n<title>Der bodenlose Humpen<\/title>\n<meta name=\"description\" content=\"Der Humpen mit doppeltem Boden. Verschlie\u00dfbares Fach dient als Versteck\" \/>\n<meta name=\"robots\" content=\"index, follow, max-snippet:-1, max-image-preview:large, max-video-preview:-1\" \/>\n<link rel=\"canonical\" href=\"https:\/\/my.stlflix.com\/fr\/product\/der-bodenlose-humpen-2\/\" \/>\n<meta property=\"og:locale\" content=\"fr_FR\" \/>\n<meta property=\"og:type\" content=\"article\" \/>\n<meta property=\"og:title\" content=\"Der bodenlose Humpen\" \/>\n<meta property=\"og:description\" content=\"Der Humpen mit doppeltem Boden. Verschlie\u00dfbares Fach dient als Versteck\" \/>\n<meta property=\"og:url\" content=\"https:\/\/my.stlflix.com\/fr\/product\/der-bodenlose-humpen-2\/\" \/>\n<meta property=\"og:site_name\" content=\"MyStore - By STLFLIX\" \/>\n<meta property=\"article:publisher\" content=\"https:\/\/www.facebook.com\/STLFLIX\" \/>\n<meta property=\"article:modified_time\" content=\"2025-02-10T14:50:45+00:00\" \/>\n<meta property=\"og:image\" content=\"https:\/\/my.stlflix.com\/wp-content\/uploads\/2025\/02\/IMG_20250113_141640860.jpg\" \/>\n\t<meta property=\"og:image:width\" content=\"810\" \/>\n\t<meta property=\"og:image:height\" content=\"1080\" \/>\n\t<meta property=\"og:image:type\" content=\"image\/jpeg\" \/>\n<meta name=\"twitter:card\" content=\"summary_large_image\" \/>\n<meta name=\"twitter:label1\" content=\"Est. reading time\" \/>\n\t<meta name=\"twitter:data1\" content=\"1 minute\" \/>\n<script type=\"application\/ld+json\" class=\"yoast-schema-graph\">{\"@context\":\"https:\/\/schema.org\",\"@graph\":[{\"@type\":\"WebPage\",\"@id\":\"https:\/\/my.stlflix.com\/fr\/product\/der-bodenlose-humpen-2\/\",\"url\":\"https:\/\/my.stlflix.com\/fr\/product\/der-bodenlose-humpen-2\/\",\"name\":\"Der bodenlose Humpen\",\"isPartOf\":{\"@id\":\"https:\/\/my.stlflix.com\/tr\/#website\"},\"primaryImageOfPage\":{\"@id\":\"https:\/\/my.stlflix.com\/fr\/product\/der-bodenlose-humpen-2\/#primaryimage\"},\"image\":{\"@id\":\"https:\/\/my.stlflix.com\/fr\/product\/der-bodenlose-humpen-2\/#primaryimage\"},\"thumbnailUrl\":\"https:\/\/my.stlflix.com\/wp-content\/uploads\/2025\/02\/IMG_20250113_141640860.jpg\",\"datePublished\":\"2025-01-24T03:37:26+00:00\",\"dateModified\":\"2025-02-10T14:50:45+00:00\",\"description\":\"Der Humpen mit doppeltem Boden. Verschlie\u00dfbares Fach dient als Versteck\",\"breadcrumb\":{\"@id\":\"https:\/\/my.stlflix.com\/fr\/product\/der-bodenlose-humpen-2\/#breadcrumb\"},\"inLanguage\":\"fr-FR\",\"potentialAction\":[{\"@type\":\"ReadAction\",\"target\":[\"https:\/\/my.stlflix.com\/fr\/product\/der-bodenlose-humpen-2\/\"]}]},{\"@type\":\"ImageObject\",\"inLanguage\":\"fr-FR\",\"@id\":\"https:\/\/my.stlflix.com\/fr\/product\/der-bodenlose-humpen-2\/#primaryimage\",\"url\":\"https:\/\/my.stlflix.com\/wp-content\/uploads\/2025\/02\/IMG_20250113_141640860.jpg\",\"contentUrl\":\"https:\/\/my.stlflix.com\/wp-content\/uploads\/2025\/02\/IMG_20250113_141640860.jpg\",\"width\":810,\"height\":1080},{\"@type\":\"BreadcrumbList\",\"@id\":\"https:\/\/my.stlflix.com\/fr\/product\/der-bodenlose-humpen-2\/#breadcrumb\",\"itemListElement\":[{\"@type\":\"ListItem\",\"position\":1,\"name\":\"Home\",\"item\":\"https:\/\/my.stlflix.com\/\"},{\"@type\":\"ListItem\",\"position\":2,\"name\":\"Products\",\"item\":\"https:\/\/my.stlflix.com\/fr\/shop\/\"},{\"@type\":\"ListItem\",\"position\":3,\"name\":\"Der bodenlose Humpen\"}]},{\"@type\":\"WebSite\",\"@id\":\"https:\/\/my.stlflix.com\/tr\/#website\",\"url\":\"https:\/\/my.stlflix.com\/tr\/\",\"name\":\"MyStore - By STLFLIX\",\"description\":\"\",\"publisher\":{\"@id\":\"https:\/\/my.stlflix.com\/tr\/#organization\"},\"potentialAction\":[{\"@type\":\"SearchAction\",\"target\":{\"@type\":\"EntryPoint\",\"urlTemplate\":\"https:\/\/my.stlflix.com\/tr\/?s={search_term_string}\"},\"query-input\":{\"@type\":\"PropertyValueSpecification\",\"valueRequired\":true,\"valueName\":\"search_term_string\"}}],\"inLanguage\":\"fr-FR\"},{\"@type\":\"Organization\",\"@id\":\"https:\/\/my.stlflix.com\/tr\/#organization\",\"name\":\"MyStore - By STLFLIX\",\"url\":\"https:\/\/my.stlflix.com\/tr\/\",\"logo\":{\"@type\":\"ImageObject\",\"inLanguage\":\"fr-FR\",\"@id\":\"https:\/\/my.stlflix.com\/tr\/#\/schema\/logo\/image\/\",\"url\":\"https:\/\/my.stlflix.com\/wp-content\/uploads\/2024\/06\/logo-mystore.png\",\"contentUrl\":\"https:\/\/my.stlflix.com\/wp-content\/uploads\/2024\/06\/logo-mystore.png\",\"width\":150,\"height\":41,\"caption\":\"MyStore - By STLFLIX\"},\"image\":{\"@id\":\"https:\/\/my.stlflix.com\/tr\/#\/schema\/logo\/image\/\"},\"sameAs\":[\"https:\/\/www.facebook.com\/STLFLIX\",\"https:\/\/www.instagram.com\/stlflix_\/\",\"https:\/\/www.tiktok.com\/@stlflix\"]}]}<\/script>\n<!-- \/ Yoast SEO plugin. -->","yoast_head_json":{"title":"Der bodenlose Humpen","description":"Der Humpen mit doppeltem Boden. Verschlie\u00dfbares Fach dient als Versteck","robots":{"index":"index","follow":"follow","max-snippet":"max-snippet:-1","max-image-preview":"max-image-preview:large","max-video-preview":"max-video-preview:-1"},"canonical":"https:\/\/my.stlflix.com\/fr\/product\/der-bodenlose-humpen-2\/","og_locale":"fr_FR","og_type":"article","og_title":"Der bodenlose Humpen","og_description":"Der Humpen mit doppeltem Boden. Verschlie\u00dfbares Fach dient als Versteck","og_url":"https:\/\/my.stlflix.com\/fr\/product\/der-bodenlose-humpen-2\/","og_site_name":"MyStore - By STLFLIX","article_publisher":"https:\/\/www.facebook.com\/STLFLIX","article_modified_time":"2025-02-10T14:50:45+00:00","og_image":[{"width":810,"height":1080,"url":"https:\/\/my.stlflix.com\/wp-content\/uploads\/2025\/02\/IMG_20250113_141640860.jpg","type":"image\/jpeg"}],"twitter_card":"summary_large_image","twitter_misc":{"Est. reading time":"1 minute"},"schema":{"@context":"https:\/\/schema.org","@graph":[{"@type":"WebPage","@id":"https:\/\/my.stlflix.com\/fr\/product\/der-bodenlose-humpen-2\/","url":"https:\/\/my.stlflix.com\/fr\/product\/der-bodenlose-humpen-2\/","name":"Der bodenlose Humpen","isPartOf":{"@id":"https:\/\/my.stlflix.com\/tr\/#website"},"primaryImageOfPage":{"@id":"https:\/\/my.stlflix.com\/fr\/product\/der-bodenlose-humpen-2\/#primaryimage"},"image":{"@id":"https:\/\/my.stlflix.com\/fr\/product\/der-bodenlose-humpen-2\/#primaryimage"},"thumbnailUrl":"https:\/\/my.stlflix.com\/wp-content\/uploads\/2025\/02\/IMG_20250113_141640860.jpg","datePublished":"2025-01-24T03:37:26+00:00","dateModified":"2025-02-10T14:50:45+00:00","description":"Der Humpen mit doppeltem Boden. Verschlie\u00dfbares Fach dient als Versteck","breadcrumb":{"@id":"https:\/\/my.stlflix.com\/fr\/product\/der-bodenlose-humpen-2\/#breadcrumb"},"inLanguage":"fr-FR","potentialAction":[{"@type":"ReadAction","target":["https:\/\/my.stlflix.com\/fr\/product\/der-bodenlose-humpen-2\/"]}]},{"@type":"ImageObject","inLanguage":"fr-FR","@id":"https:\/\/my.stlflix.com\/fr\/product\/der-bodenlose-humpen-2\/#primaryimage","url":"https:\/\/my.stlflix.com\/wp-content\/uploads\/2025\/02\/IMG_20250113_141640860.jpg","contentUrl":"https:\/\/my.stlflix.com\/wp-content\/uploads\/2025\/02\/IMG_20250113_141640860.jpg","width":810,"height":1080},{"@type":"BreadcrumbList","@id":"https:\/\/my.stlflix.com\/fr\/product\/der-bodenlose-humpen-2\/#breadcrumb","itemListElement":[{"@type":"ListItem","position":1,"name":"Home","item":"https:\/\/my.stlflix.com\/"},{"@type":"ListItem","position":2,"name":"Products","item":"https:\/\/my.stlflix.com\/fr\/shop\/"},{"@type":"ListItem","position":3,"name":"Der bodenlose Humpen"}]},{"@type":"WebSite","@id":"https:\/\/my.stlflix.com\/tr\/#website","url":"https:\/\/my.stlflix.com\/tr\/","name":"MyStore - By STLFLIX","description":"","publisher":{"@id":"https:\/\/my.stlflix.com\/tr\/#organization"},"potentialAction":[{"@type":"SearchAction","target":{"@type":"EntryPoint","urlTemplate":"https:\/\/my.stlflix.com\/tr\/?s={search_term_string}"},"query-input":{"@type":"PropertyValueSpecification","valueRequired":true,"valueName":"search_term_string"}}],"inLanguage":"fr-FR"},{"@type":"Organization","@id":"https:\/\/my.stlflix.com\/tr\/#organization","name":"MyStore - By STLFLIX","url":"https:\/\/my.stlflix.com\/tr\/","logo":{"@type":"ImageObject","inLanguage":"fr-FR","@id":"https:\/\/my.stlflix.com\/tr\/#\/schema\/logo\/image\/","url":"https:\/\/my.stlflix.com\/wp-content\/uploads\/2024\/06\/logo-mystore.png","contentUrl":"https:\/\/my.stlflix.com\/wp-content\/uploads\/2024\/06\/logo-mystore.png","width":150,"height":41,"caption":"MyStore - By STLFLIX"},"image":{"@id":"https:\/\/my.stlflix.com\/tr\/#\/schema\/logo\/image\/"},"sameAs":["https:\/\/www.facebook.com\/STLFLIX","https:\/\/www.instagram.com\/stlflix_\/","https:\/\/www.tiktok.com\/@stlflix"]}]}},"_links":{"self":[{"href":"https:\/\/my.stlflix.com\/fr\/wp-json\/wp\/v2\/product\/236794","targetHints":{"allow":["GET"]}}],"collection":[{"href":"https:\/\/my.stlflix.com\/fr\/wp-json\/wp\/v2\/product"}],"about":[{"href":"https:\/\/my.stlflix.com\/fr\/wp-json\/wp\/v2\/types\/product"}],"replies":[{"embeddable":true,"href":"https:\/\/my.stlflix.com\/fr\/wp-json\/wp\/v2\/comments?post=236794"}],"wp:featuredmedia":[{"embeddable":true,"href":"https:\/\/my.stlflix.com\/fr\/wp-json\/wp\/v2\/media\/255541"}],"wp:attachment":[{"href":"https:\/\/my.stlflix.com\/fr\/wp-json\/wp\/v2\/media?parent=236794"}],"wp:term":[{"taxonomy":"product_brand","embeddable":true,"href":"https:\/\/my.stlflix.com\/fr\/wp-json\/wp\/v2\/product_brand?post=236794"},{"taxonomy":"product_cat","embeddable":true,"href":"https:\/\/my.stlflix.com\/fr\/wp-json\/wp\/v2\/product_cat?post=236794"},{"taxonomy":"product_tag","embeddable":true,"href":"https:\/\/my.stlflix.com\/fr\/wp-json\/wp\/v2\/product_tag?post=236794"}],"curies":[{"name":"wp","href":"https:\/\/api.w.org\/{rel}","templated":true}]}}