{"id":238135,"date":"2025-01-26T19:29:51","date_gmt":"2025-01-26T19:29:51","guid":{"rendered":"https:\/\/my.stlflix.com\/?post_type=product&#038;p=238135"},"modified":"2025-02-13T00:24:13","modified_gmt":"2025-02-13T00:24:13","slug":"beary-handy-phone-holder-679430ca84609","status":"publish","type":"product","link":"https:\/\/my.stlflix.com\/fr\/product\/beary-handy-phone-holder-679430ca84609\/","title":{"rendered":"Beary Handy Phone Holder"},"content":{"rendered":"<p><strong>\ud83c\udf1f Suporte de Celular Beary Hand &#8211; Seu Novo Companheiro para Assistir, Jogar e Navegar! \ud83d\udcf1<\/strong><\/p>\n<p>Voc\u00ea sabia que um bom suporte faz toda a diferen\u00e7a no uso do seu celular? O <strong>Beary Hand <\/strong>\u00a0foi desenvolvido para trazer mais conforto, praticidade e estabilidade no seu dia a dia. Ideal para assistir filmes, jogar, fazer videochamadas ou at\u00e9 mesmo ler! Ele \u00e9 a escolha perfeita para quem busca qualidade e efici\u00eancia.<\/p>\n<p><strong>Caracter\u00edsticas principais:<\/strong><\/p>\n<p>\u2705 <strong>Design Ergon\u00f4mico:<\/strong><\/p>\n<p>\u2705 <strong>Alta Estabilidade:<\/strong><\/p>\n<p>\u2705 <strong>Versatilidade:<\/strong> Compat\u00edvel com celulares de diversos tamanhos.<\/p>\n<p>\u2705 <strong>Material Resistente:<\/strong> Feito com material de alta durabilidade para uso prolongado.<\/p>\n<p>\u2705 <strong><span style=\"vertical-align: inherit\"><span style=\"vertical-align: inherit\"><span style=\"vertical-align: inherit\"><span style=\"vertical-align: inherit\"><span style=\"vertical-align: inherit\"><span style=\"vertical-align: inherit\"><span style=\"vertical-align: inherit\"><span style=\"vertical-align: inherit\">Portabilidade:<\/span><\/span><\/span><\/span><\/span><\/span><\/span><\/span><\/strong><span style=\"vertical-align: inherit\"><span style=\"vertical-align: inherit\"><span style=\"vertical-align: inherit\"><span style=\"vertical-align: inherit\"><span style=\"vertical-align: inherit\"><span style=\"vertical-align: inherit\"><span style=\"vertical-align: inherit\"><span style=\"vertical-align: inherit\"> Compacto e f\u00e1cil de carregar.<\/span><\/span><\/span><\/span><\/span><\/span><\/span><\/span><\/p>\n<p><strong>\ud83d\udd39 Tabela de Descri\u00e7\u00e3o do Produto \ud83d\udd39<\/strong><\/p>\n<table style=\"height: 335px\" width=\"353\">\n<thead>\n<tr>\n<th><strong>Caracter\u00edstica<\/strong><\/th>\n<th><strong><span style=\"vertical-align: inherit\"><span style=\"vertical-align: inherit\"><span style=\"vertical-align: inherit\"><span style=\"vertical-align: inherit\"><span style=\"vertical-align: inherit\"><span style=\"vertical-align: inherit\">Descri\u00e7\u00e3o<\/span><\/span><\/span><\/span><\/span><\/span><\/strong><\/th>\n<\/tr>\n<\/thead>\n<tbody>\n<tr>\n<td><strong>Modelo<\/strong><\/td>\n<td><span style=\"vertical-align: inherit\"><span style=\"vertical-align: inherit\">M\u00e3o de urso<\/span><\/span><\/td>\n<\/tr>\n<tr>\n<td><strong>Marca<\/strong><\/td>\n<td><span style=\"vertical-align: inherit\"><span style=\"vertical-align: inherit\"><span style=\"vertical-align: inherit\"><span style=\"vertical-align: inherit\"><span style=\"vertical-align: inherit\"><span style=\"vertical-align: inherit\"><span style=\"vertical-align: inherit\"><span style=\"vertical-align: inherit\">BRAAVUS 3D<\/span><\/span><\/span><\/span><\/span><\/span><\/span><\/span><\/td>\n<\/tr>\n<tr>\n<td><strong>Compatibilidade<\/strong><\/td>\n<td>Celulares de at\u00e9 7 polegadas<\/td>\n<\/tr>\n<tr>\n<td><strong><span style=\"vertical-align: inherit\"><span style=\"vertical-align: inherit\"><span style=\"vertical-align: inherit\"><span style=\"vertical-align: inherit\"><span style=\"vertical-align: inherit\"><span style=\"vertical-align: inherit\"><span style=\"vertical-align: inherit\"><span style=\"vertical-align: inherit\">Material<\/span><\/span><\/span><\/span><\/span><\/span><\/span><\/span><\/strong><\/td>\n<td>Pl\u00e1stico<\/td>\n<\/tr>\n<tr>\n<td><strong>Cores Dispon\u00edveis<\/strong><\/td>\n<td>Marrom , Rosa<\/td>\n<\/tr>\n<tr>\n<td><strong><span style=\"vertical-align: inherit\"><span style=\"vertical-align: inherit\"><span style=\"vertical-align: inherit\"><span style=\"vertical-align: inherit\"><span style=\"vertical-align: inherit\"><span style=\"vertical-align: inherit\"><span style=\"vertical-align: inherit\"><span style=\"vertical-align: inherit\">Peso<\/span><\/span><\/span><\/span><\/span><\/span><\/span><\/span><\/strong><\/td>\n<td><span style=\"vertical-align: inherit\"><span style=\"vertical-align: inherit\"><span style=\"vertical-align: inherit\"><span style=\"vertical-align: inherit\"><span style=\"vertical-align: inherit\"><span style=\"vertical-align: inherit\"><span style=\"vertical-align: inherit\"><span style=\"vertical-align: inherit\">150g<\/span><\/span><\/span><\/span><\/span><\/span><\/span><\/span><\/td>\n<\/tr>\n<tr>\n<td><strong>Dimens\u00f5es<\/strong><\/td>\n<td><span style=\"vertical-align: inherit\"><span style=\"vertical-align: inherit\"><span style=\"vertical-align: inherit\"><span style=\"vertical-align: inherit\"><span style=\"vertical-align: inherit\"><span style=\"vertical-align: inherit\"><span style=\"vertical-align: inherit\"><span style=\"vertical-align: inherit\">10 cm x 15 cm x 5 cm<\/span><\/span><\/span><\/span><\/span><\/span><\/span><\/span><\/td>\n<\/tr>\n<tr>\n<td><\/td>\n<td><\/td>\n<\/tr>\n<tr>\n<td><\/td>\n<td><\/td>\n<\/tr>\n<tr>\n<td><\/td>\n<td><\/td>\n<\/tr>\n<tr>\n<td><\/td>\n<td><\/td>\n<\/tr>\n<\/tbody>\n<\/table>\n<p><strong>Por que escolher o Beary Hand da STLFlix?<\/strong><\/p>\n<ul>\n<li><strong>Conforto em qualquer situa\u00e7\u00e3o<\/strong>: ajuste perfeito para assistir seus v\u00eddeos sem desconforto.<\/li>\n<li><strong>Design moderno e minimalista<\/strong>: combina com qualquer ambiente.<\/li>\n<li><strong>Ajuste f\u00e1cil e r\u00e1pido<\/strong>: basta encaixar seu celular e pronto!<\/li>\n<\/ul>\n<p>\ud83d\udd39 <strong>Aproveite agora!<\/strong> \ud83d\udd39<br \/>\nN\u00e3o perca a chance de adquirir o <strong>Beary Hand<\/strong> e transformar sua experi\u00eancia com o celular!<\/p>\n","protected":false},"excerpt":{"rendered":"<p>\ud83c\udf1f Suporte de Celular Beary Hand &#8211; Seu Novo Companheiro para Assistir, Jogar e Navegar! \ud83d\udcf1 Voc\u00ea sabia que um bom suporte faz toda a diferen\u00e7a no uso do seu celular? O Beary Hand \u00a0foi desenvolvido para trazer mais conforto, praticidade e estabilidade no seu dia a dia. Ideal para assistir filmes, jogar, fazer videochamadas [&hellip;]<\/p>\n","protected":false},"featured_media":239848,"comment_status":"open","ping_status":"closed","template":"","meta":[],"product_brand":[],"product_cat":[15],"product_tag":[5095,738,5096],"class_list":{"0":"post-238135","1":"product","2":"type-product","3":"status-publish","4":"has-post-thumbnail","6":"product_cat-uncategorized","7":"product_tag-acessorios-celular","8":"product_tag-decoracao","9":"product_tag-ursos","11":"first","12":"instock","13":"sale","14":"taxable","15":"shipping-taxable","16":"purchasable","17":"product-type-variable"},"yoast_head":"<!-- This site is optimized with the Yoast SEO plugin v25.1 - https:\/\/yoast.com\/wordpress\/plugins\/seo\/ -->\n<title>Beary Handy Phone Holder - MyStore - By STLFLIX<\/title>\n<meta name=\"robots\" content=\"index, follow, max-snippet:-1, max-image-preview:large, max-video-preview:-1\" \/>\n<link rel=\"canonical\" href=\"https:\/\/my.stlflix.com\/product\/beary-handy-phone-holder-679430ca84609\/\" \/>\n<meta property=\"og:locale\" content=\"fr_FR\" \/>\n<meta property=\"og:type\" content=\"article\" \/>\n<meta property=\"og:title\" content=\"Beary Handy Phone Holder - MyStore - By STLFLIX\" \/>\n<meta property=\"og:description\" content=\"\ud83c\udf1f Suporte de Celular Beary Hand &#8211; Seu Novo Companheiro para Assistir, Jogar e Navegar! \ud83d\udcf1 Voc\u00ea sabia que um bom suporte faz toda a diferen\u00e7a no uso do seu celular? O Beary Hand \u00a0foi desenvolvido para trazer mais conforto, praticidade e estabilidade no seu dia a dia. Ideal para assistir filmes, jogar, fazer videochamadas [&hellip;]\" \/>\n<meta property=\"og:url\" content=\"https:\/\/my.stlflix.com\/product\/beary-handy-phone-holder-679430ca84609\/\" \/>\n<meta property=\"og:site_name\" content=\"MyStore - By STLFLIX\" \/>\n<meta property=\"article:publisher\" content=\"https:\/\/www.facebook.com\/STLFLIX\" \/>\n<meta property=\"article:modified_time\" content=\"2025-02-13T00:24:13+00:00\" \/>\n<meta property=\"og:image\" content=\"https:\/\/my.stlflix.com\/wp-content\/uploads\/2025\/01\/\ud83c\udf1f-Suporte-de-Celular-Beary-Hand-da-STLFlix-Seu-Novo-Companheiro-para-Assistir-Jogar-e-Navegar-\ud83d\udcf1-Voce-sabia-que-um-bom-suporte-faz-toda-a-diferenca-no-uso-do-seu-celular-O-Beary-Hand-da-STLFl-6.png\" \/>\n\t<meta property=\"og:image:width\" content=\"1280\" \/>\n\t<meta property=\"og:image:height\" content=\"720\" \/>\n\t<meta property=\"og:image:type\" content=\"image\/png\" \/>\n<meta name=\"twitter:card\" content=\"summary_large_image\" \/>\n<meta name=\"twitter:label1\" content=\"Est. reading time\" \/>\n\t<meta name=\"twitter:data1\" content=\"1 minute\" \/>\n<script type=\"application\/ld+json\" class=\"yoast-schema-graph\">{\"@context\":\"https:\/\/schema.org\",\"@graph\":[{\"@type\":\"WebPage\",\"@id\":\"https:\/\/my.stlflix.com\/product\/beary-handy-phone-holder-679430ca84609\/\",\"url\":\"https:\/\/my.stlflix.com\/product\/beary-handy-phone-holder-679430ca84609\/\",\"name\":\"Beary Handy Phone Holder - MyStore - By STLFLIX\",\"isPartOf\":{\"@id\":\"https:\/\/my.stlflix.com\/tr\/#website\"},\"primaryImageOfPage\":{\"@id\":\"https:\/\/my.stlflix.com\/product\/beary-handy-phone-holder-679430ca84609\/#primaryimage\"},\"image\":{\"@id\":\"https:\/\/my.stlflix.com\/product\/beary-handy-phone-holder-679430ca84609\/#primaryimage\"},\"thumbnailUrl\":\"https:\/\/my.stlflix.com\/wp-content\/uploads\/2025\/01\/\ud83c\udf1f-Suporte-de-Celular-Beary-Hand-da-STLFlix-Seu-Novo-Companheiro-para-Assistir-Jogar-e-Navegar-\ud83d\udcf1-Voce-sabia-que-um-bom-suporte-faz-toda-a-diferenca-no-uso-do-seu-celular-O-Beary-Hand-da-STLFl-6.png\",\"datePublished\":\"2025-01-26T19:29:51+00:00\",\"dateModified\":\"2025-02-13T00:24:13+00:00\",\"breadcrumb\":{\"@id\":\"https:\/\/my.stlflix.com\/product\/beary-handy-phone-holder-679430ca84609\/#breadcrumb\"},\"inLanguage\":\"fr-FR\",\"potentialAction\":[{\"@type\":\"ReadAction\",\"target\":[\"https:\/\/my.stlflix.com\/product\/beary-handy-phone-holder-679430ca84609\/\"]}]},{\"@type\":\"ImageObject\",\"inLanguage\":\"fr-FR\",\"@id\":\"https:\/\/my.stlflix.com\/product\/beary-handy-phone-holder-679430ca84609\/#primaryimage\",\"url\":\"https:\/\/my.stlflix.com\/wp-content\/uploads\/2025\/01\/\ud83c\udf1f-Suporte-de-Celular-Beary-Hand-da-STLFlix-Seu-Novo-Companheiro-para-Assistir-Jogar-e-Navegar-\ud83d\udcf1-Voce-sabia-que-um-bom-suporte-faz-toda-a-diferenca-no-uso-do-seu-celular-O-Beary-Hand-da-STLFl-6.png\",\"contentUrl\":\"https:\/\/my.stlflix.com\/wp-content\/uploads\/2025\/01\/\ud83c\udf1f-Suporte-de-Celular-Beary-Hand-da-STLFlix-Seu-Novo-Companheiro-para-Assistir-Jogar-e-Navegar-\ud83d\udcf1-Voce-sabia-que-um-bom-suporte-faz-toda-a-diferenca-no-uso-do-seu-celular-O-Beary-Hand-da-STLFl-6.png\",\"width\":1280,\"height\":720},{\"@type\":\"BreadcrumbList\",\"@id\":\"https:\/\/my.stlflix.com\/product\/beary-handy-phone-holder-679430ca84609\/#breadcrumb\",\"itemListElement\":[{\"@type\":\"ListItem\",\"position\":1,\"name\":\"Home\",\"item\":\"https:\/\/my.stlflix.com\/\"},{\"@type\":\"ListItem\",\"position\":2,\"name\":\"Products\",\"item\":\"https:\/\/my.stlflix.com\/fr\/shop\/\"},{\"@type\":\"ListItem\",\"position\":3,\"name\":\"Beary Handy Phone Holder\"}]},{\"@type\":\"WebSite\",\"@id\":\"https:\/\/my.stlflix.com\/tr\/#website\",\"url\":\"https:\/\/my.stlflix.com\/tr\/\",\"name\":\"MyStore - By STLFLIX\",\"description\":\"\",\"publisher\":{\"@id\":\"https:\/\/my.stlflix.com\/tr\/#organization\"},\"potentialAction\":[{\"@type\":\"SearchAction\",\"target\":{\"@type\":\"EntryPoint\",\"urlTemplate\":\"https:\/\/my.stlflix.com\/tr\/?s={search_term_string}\"},\"query-input\":{\"@type\":\"PropertyValueSpecification\",\"valueRequired\":true,\"valueName\":\"search_term_string\"}}],\"inLanguage\":\"fr-FR\"},{\"@type\":\"Organization\",\"@id\":\"https:\/\/my.stlflix.com\/tr\/#organization\",\"name\":\"MyStore - By STLFLIX\",\"url\":\"https:\/\/my.stlflix.com\/tr\/\",\"logo\":{\"@type\":\"ImageObject\",\"inLanguage\":\"fr-FR\",\"@id\":\"https:\/\/my.stlflix.com\/tr\/#\/schema\/logo\/image\/\",\"url\":\"https:\/\/my.stlflix.com\/wp-content\/uploads\/2024\/06\/logo-mystore.png\",\"contentUrl\":\"https:\/\/my.stlflix.com\/wp-content\/uploads\/2024\/06\/logo-mystore.png\",\"width\":150,\"height\":41,\"caption\":\"MyStore - By STLFLIX\"},\"image\":{\"@id\":\"https:\/\/my.stlflix.com\/tr\/#\/schema\/logo\/image\/\"},\"sameAs\":[\"https:\/\/www.facebook.com\/STLFLIX\",\"https:\/\/www.instagram.com\/stlflix_\/\",\"https:\/\/www.tiktok.com\/@stlflix\"]}]}<\/script>\n<!-- \/ Yoast SEO plugin. -->","yoast_head_json":{"title":"Beary Handy Phone Holder - MyStore - By STLFLIX","robots":{"index":"index","follow":"follow","max-snippet":"max-snippet:-1","max-image-preview":"max-image-preview:large","max-video-preview":"max-video-preview:-1"},"canonical":"https:\/\/my.stlflix.com\/product\/beary-handy-phone-holder-679430ca84609\/","og_locale":"fr_FR","og_type":"article","og_title":"Beary Handy Phone Holder - MyStore - By STLFLIX","og_description":"\ud83c\udf1f Suporte de Celular Beary Hand &#8211; Seu Novo Companheiro para Assistir, Jogar e Navegar! \ud83d\udcf1 Voc\u00ea sabia que um bom suporte faz toda a diferen\u00e7a no uso do seu celular? O Beary Hand \u00a0foi desenvolvido para trazer mais conforto, praticidade e estabilidade no seu dia a dia. Ideal para assistir filmes, jogar, fazer videochamadas [&hellip;]","og_url":"https:\/\/my.stlflix.com\/product\/beary-handy-phone-holder-679430ca84609\/","og_site_name":"MyStore - By STLFLIX","article_publisher":"https:\/\/www.facebook.com\/STLFLIX","article_modified_time":"2025-02-13T00:24:13+00:00","og_image":[{"width":1280,"height":720,"url":"https:\/\/my.stlflix.com\/wp-content\/uploads\/2025\/01\/\ud83c\udf1f-Suporte-de-Celular-Beary-Hand-da-STLFlix-Seu-Novo-Companheiro-para-Assistir-Jogar-e-Navegar-\ud83d\udcf1-Voce-sabia-que-um-bom-suporte-faz-toda-a-diferenca-no-uso-do-seu-celular-O-Beary-Hand-da-STLFl-6.png","type":"image\/png"}],"twitter_card":"summary_large_image","twitter_misc":{"Est. reading time":"1 minute"},"schema":{"@context":"https:\/\/schema.org","@graph":[{"@type":"WebPage","@id":"https:\/\/my.stlflix.com\/product\/beary-handy-phone-holder-679430ca84609\/","url":"https:\/\/my.stlflix.com\/product\/beary-handy-phone-holder-679430ca84609\/","name":"Beary Handy Phone Holder - MyStore - By STLFLIX","isPartOf":{"@id":"https:\/\/my.stlflix.com\/tr\/#website"},"primaryImageOfPage":{"@id":"https:\/\/my.stlflix.com\/product\/beary-handy-phone-holder-679430ca84609\/#primaryimage"},"image":{"@id":"https:\/\/my.stlflix.com\/product\/beary-handy-phone-holder-679430ca84609\/#primaryimage"},"thumbnailUrl":"https:\/\/my.stlflix.com\/wp-content\/uploads\/2025\/01\/\ud83c\udf1f-Suporte-de-Celular-Beary-Hand-da-STLFlix-Seu-Novo-Companheiro-para-Assistir-Jogar-e-Navegar-\ud83d\udcf1-Voce-sabia-que-um-bom-suporte-faz-toda-a-diferenca-no-uso-do-seu-celular-O-Beary-Hand-da-STLFl-6.png","datePublished":"2025-01-26T19:29:51+00:00","dateModified":"2025-02-13T00:24:13+00:00","breadcrumb":{"@id":"https:\/\/my.stlflix.com\/product\/beary-handy-phone-holder-679430ca84609\/#breadcrumb"},"inLanguage":"fr-FR","potentialAction":[{"@type":"ReadAction","target":["https:\/\/my.stlflix.com\/product\/beary-handy-phone-holder-679430ca84609\/"]}]},{"@type":"ImageObject","inLanguage":"fr-FR","@id":"https:\/\/my.stlflix.com\/product\/beary-handy-phone-holder-679430ca84609\/#primaryimage","url":"https:\/\/my.stlflix.com\/wp-content\/uploads\/2025\/01\/\ud83c\udf1f-Suporte-de-Celular-Beary-Hand-da-STLFlix-Seu-Novo-Companheiro-para-Assistir-Jogar-e-Navegar-\ud83d\udcf1-Voce-sabia-que-um-bom-suporte-faz-toda-a-diferenca-no-uso-do-seu-celular-O-Beary-Hand-da-STLFl-6.png","contentUrl":"https:\/\/my.stlflix.com\/wp-content\/uploads\/2025\/01\/\ud83c\udf1f-Suporte-de-Celular-Beary-Hand-da-STLFlix-Seu-Novo-Companheiro-para-Assistir-Jogar-e-Navegar-\ud83d\udcf1-Voce-sabia-que-um-bom-suporte-faz-toda-a-diferenca-no-uso-do-seu-celular-O-Beary-Hand-da-STLFl-6.png","width":1280,"height":720},{"@type":"BreadcrumbList","@id":"https:\/\/my.stlflix.com\/product\/beary-handy-phone-holder-679430ca84609\/#breadcrumb","itemListElement":[{"@type":"ListItem","position":1,"name":"Home","item":"https:\/\/my.stlflix.com\/"},{"@type":"ListItem","position":2,"name":"Products","item":"https:\/\/my.stlflix.com\/fr\/shop\/"},{"@type":"ListItem","position":3,"name":"Beary Handy Phone Holder"}]},{"@type":"WebSite","@id":"https:\/\/my.stlflix.com\/tr\/#website","url":"https:\/\/my.stlflix.com\/tr\/","name":"MyStore - By STLFLIX","description":"","publisher":{"@id":"https:\/\/my.stlflix.com\/tr\/#organization"},"potentialAction":[{"@type":"SearchAction","target":{"@type":"EntryPoint","urlTemplate":"https:\/\/my.stlflix.com\/tr\/?s={search_term_string}"},"query-input":{"@type":"PropertyValueSpecification","valueRequired":true,"valueName":"search_term_string"}}],"inLanguage":"fr-FR"},{"@type":"Organization","@id":"https:\/\/my.stlflix.com\/tr\/#organization","name":"MyStore - By STLFLIX","url":"https:\/\/my.stlflix.com\/tr\/","logo":{"@type":"ImageObject","inLanguage":"fr-FR","@id":"https:\/\/my.stlflix.com\/tr\/#\/schema\/logo\/image\/","url":"https:\/\/my.stlflix.com\/wp-content\/uploads\/2024\/06\/logo-mystore.png","contentUrl":"https:\/\/my.stlflix.com\/wp-content\/uploads\/2024\/06\/logo-mystore.png","width":150,"height":41,"caption":"MyStore - By STLFLIX"},"image":{"@id":"https:\/\/my.stlflix.com\/tr\/#\/schema\/logo\/image\/"},"sameAs":["https:\/\/www.facebook.com\/STLFLIX","https:\/\/www.instagram.com\/stlflix_\/","https:\/\/www.tiktok.com\/@stlflix"]}]}},"_links":{"self":[{"href":"https:\/\/my.stlflix.com\/fr\/wp-json\/wp\/v2\/product\/238135","targetHints":{"allow":["GET"]}}],"collection":[{"href":"https:\/\/my.stlflix.com\/fr\/wp-json\/wp\/v2\/product"}],"about":[{"href":"https:\/\/my.stlflix.com\/fr\/wp-json\/wp\/v2\/types\/product"}],"replies":[{"embeddable":true,"href":"https:\/\/my.stlflix.com\/fr\/wp-json\/wp\/v2\/comments?post=238135"}],"wp:featuredmedia":[{"embeddable":true,"href":"https:\/\/my.stlflix.com\/fr\/wp-json\/wp\/v2\/media\/239848"}],"wp:attachment":[{"href":"https:\/\/my.stlflix.com\/fr\/wp-json\/wp\/v2\/media?parent=238135"}],"wp:term":[{"taxonomy":"product_brand","embeddable":true,"href":"https:\/\/my.stlflix.com\/fr\/wp-json\/wp\/v2\/product_brand?post=238135"},{"taxonomy":"product_cat","embeddable":true,"href":"https:\/\/my.stlflix.com\/fr\/wp-json\/wp\/v2\/product_cat?post=238135"},{"taxonomy":"product_tag","embeddable":true,"href":"https:\/\/my.stlflix.com\/fr\/wp-json\/wp\/v2\/product_tag?post=238135"}],"curies":[{"name":"wp","href":"https:\/\/api.w.org\/{rel}","templated":true}]}}