{"id":238983,"date":"2025-01-25T23:33:53","date_gmt":"2025-01-25T23:33:53","guid":{"rendered":"https:\/\/my.stlflix.com\/?post_type=product&#038;p=238983"},"modified":"2025-02-10T14:55:54","modified_gmt":"2025-02-10T14:55:54","slug":"1-liter-humpen-2","status":"publish","type":"product","link":"https:\/\/my.stlflix.com\/fr\/product\/1-liter-humpen-2\/","title":{"rendered":"1 Liter Humpen"},"content":{"rendered":"<p><span id=\"wpaicg-chat-message-27477\" class=\"wpaicg-chat-message\">Dieser 1 Liter Humpen ist ein wundersch\u00f6nes und nachhaltiges Trinkgef\u00e4\u00df, das aus recyceltem Palettenholz gefertigt wurde. Dieser formsch\u00f6ne gro\u00dfe Humpen besticht durch seine Gr\u00f6\u00dfe und Formsch\u00f6nen Griff. Innen ist der Becher mit einem alkoholbest\u00e4ndigen Kunstharzlack und au\u00dfen mit einem speichelechten Wasserlack behandelt. Die Lacke sorgen nicht nur f\u00fcr eine ansprechend nat\u00fcrliche Optik, sondern gew\u00e4hrleisten auch die Langlebigkeit und Funktionalit\u00e4t des Bechers.<\/span><\/p>\n<p>Dieser Humpen ist perfekt f\u00fcr mittelalterliche Veranstaltungen und LARP-Events, da er sowohl stilvoll als auch praktisch ist. Er bringt einen Hauch von Authentizit\u00e4t in jede Feier und ist ideal f\u00fcr alle, die das mittelalterliche Flair lieben. Ein tolles Accessoire f\u00fcr jeden, der gerne in die Welt des Mittelalters eintaucht.<\/p>\n","protected":false},"excerpt":{"rendered":"<p>Dieser 1 Liter Humpen ist ein wundersch\u00f6nes und nachhaltiges Trinkgef\u00e4\u00df, das aus recyceltem Palettenholz gefertigt wurde. Dieser formsch\u00f6ne gro\u00dfe Humpen besticht durch seine Gr\u00f6\u00dfe und Formsch\u00f6nen Griff. Innen ist der Becher mit einem alkoholbest\u00e4ndigen Kunstharzlack und au\u00dfen mit einem speichelechten Wasserlack behandelt. Die Lacke sorgen nicht nur f\u00fcr eine ansprechend nat\u00fcrliche Optik, sondern gew\u00e4hrleisten auch [&hellip;]<\/p>\n","protected":false},"featured_media":255661,"comment_status":"open","ping_status":"closed","template":"","meta":[],"product_brand":[],"product_cat":[15],"product_tag":[5141,5004,4828],"class_list":{"0":"post-238983","1":"product","2":"type-product","3":"status-publish","4":"has-post-thumbnail","6":"product_cat-uncategorized","7":"product_tag-bhk","8":"product_tag-holzarbeiten","9":"product_tag-humpen","11":"first","12":"instock","13":"purchasable","14":"product-type-simple"},"yoast_head":"<!-- This site is optimized with the Yoast SEO plugin v25.1 - https:\/\/yoast.com\/wordpress\/plugins\/seo\/ -->\n<title>1 Liter Humpen<\/title>\n<meta name=\"description\" content=\"Formsch\u00f6ner Humpen f\u00fcr Mittelalter, LARP, besondere Anl\u00e4sse\" \/>\n<meta name=\"robots\" content=\"index, follow, max-snippet:-1, max-image-preview:large, max-video-preview:-1\" \/>\n<link rel=\"canonical\" href=\"https:\/\/my.stlflix.com\/tr\/product\/1-liter-humpen-2\/\" \/>\n<meta property=\"og:locale\" content=\"fr_FR\" \/>\n<meta property=\"og:type\" content=\"article\" \/>\n<meta property=\"og:title\" content=\"1 Liter Humpen\" \/>\n<meta property=\"og:description\" content=\"Formsch\u00f6ner Humpen f\u00fcr Mittelalter, LARP, besondere Anl\u00e4sse\" \/>\n<meta property=\"og:url\" content=\"https:\/\/my.stlflix.com\/tr\/product\/1-liter-humpen-2\/\" \/>\n<meta property=\"og:site_name\" content=\"MyStore - By STLFLIX\" \/>\n<meta property=\"article:publisher\" content=\"https:\/\/www.facebook.com\/STLFLIX\" \/>\n<meta property=\"article:modified_time\" content=\"2025-02-10T14:55:54+00:00\" \/>\n<meta property=\"og:image\" content=\"https:\/\/my.stlflix.com\/wp-content\/uploads\/2025\/02\/IMG_20250113_145209799.jpg\" \/>\n\t<meta property=\"og:image:width\" content=\"810\" \/>\n\t<meta property=\"og:image:height\" content=\"1080\" \/>\n\t<meta property=\"og:image:type\" content=\"image\/jpeg\" \/>\n<meta name=\"twitter:card\" content=\"summary_large_image\" \/>\n<meta name=\"twitter:label1\" content=\"Est. reading time\" \/>\n\t<meta name=\"twitter:data1\" content=\"1 minute\" \/>\n<script type=\"application\/ld+json\" class=\"yoast-schema-graph\">{\"@context\":\"https:\/\/schema.org\",\"@graph\":[{\"@type\":\"WebPage\",\"@id\":\"https:\/\/my.stlflix.com\/tr\/product\/1-liter-humpen-2\/\",\"url\":\"https:\/\/my.stlflix.com\/tr\/product\/1-liter-humpen-2\/\",\"name\":\"1 Liter Humpen\",\"isPartOf\":{\"@id\":\"https:\/\/www.monitorstlflix.com\/#website\"},\"primaryImageOfPage\":{\"@id\":\"https:\/\/my.stlflix.com\/tr\/product\/1-liter-humpen-2\/#primaryimage\"},\"image\":{\"@id\":\"https:\/\/my.stlflix.com\/tr\/product\/1-liter-humpen-2\/#primaryimage\"},\"thumbnailUrl\":\"https:\/\/my.stlflix.com\/wp-content\/uploads\/2025\/02\/IMG_20250113_145209799.jpg\",\"datePublished\":\"2025-01-25T23:33:53+00:00\",\"dateModified\":\"2025-02-10T14:55:54+00:00\",\"description\":\"Formsch\u00f6ner Humpen f\u00fcr Mittelalter, LARP, besondere Anl\u00e4sse\",\"breadcrumb\":{\"@id\":\"https:\/\/my.stlflix.com\/tr\/product\/1-liter-humpen-2\/#breadcrumb\"},\"inLanguage\":\"fr-FR\",\"potentialAction\":[{\"@type\":\"ReadAction\",\"target\":[\"https:\/\/my.stlflix.com\/tr\/product\/1-liter-humpen-2\/\"]}]},{\"@type\":\"ImageObject\",\"inLanguage\":\"fr-FR\",\"@id\":\"https:\/\/my.stlflix.com\/tr\/product\/1-liter-humpen-2\/#primaryimage\",\"url\":\"https:\/\/my.stlflix.com\/wp-content\/uploads\/2025\/02\/IMG_20250113_145209799.jpg\",\"contentUrl\":\"https:\/\/my.stlflix.com\/wp-content\/uploads\/2025\/02\/IMG_20250113_145209799.jpg\",\"width\":810,\"height\":1080},{\"@type\":\"BreadcrumbList\",\"@id\":\"https:\/\/my.stlflix.com\/tr\/product\/1-liter-humpen-2\/#breadcrumb\",\"itemListElement\":[{\"@type\":\"ListItem\",\"position\":1,\"name\":\"Home\",\"item\":\"https:\/\/www.monitorstlflix.online\/\"},{\"@type\":\"ListItem\",\"position\":2,\"name\":\"Products\",\"item\":\"https:\/\/www.testeminhalojamandela.biz\/shop\/\"},{\"@type\":\"ListItem\",\"position\":3,\"name\":\"1 Liter Humpen\"}]},{\"@type\":\"WebSite\",\"@id\":\"https:\/\/www.monitorstlflix.com\/#website\",\"url\":\"https:\/\/www.monitorstlflix.com\/\",\"name\":\"MyStore - By STLFLIX\",\"description\":\"\",\"publisher\":{\"@id\":\"https:\/\/www.monitorstlflix.com\/#organization\"},\"potentialAction\":[{\"@type\":\"SearchAction\",\"target\":{\"@type\":\"EntryPoint\",\"urlTemplate\":\"https:\/\/www.monitorstlflix.com\/?s={search_term_string}\"},\"query-input\":{\"@type\":\"PropertyValueSpecification\",\"valueRequired\":true,\"valueName\":\"search_term_string\"}}],\"inLanguage\":\"fr-FR\"},{\"@type\":\"Organization\",\"@id\":\"https:\/\/www.monitorstlflix.com\/#organization\",\"name\":\"MyStore - By STLFLIX\",\"url\":\"https:\/\/www.monitorstlflix.com\/\",\"logo\":{\"@type\":\"ImageObject\",\"inLanguage\":\"fr-FR\",\"@id\":\"https:\/\/www.monitorstlflix.com\/#\/schema\/logo\/image\/\",\"url\":\"https:\/\/my.stlflix.com\/wp-content\/uploads\/2024\/06\/logo-mystore.png\",\"contentUrl\":\"https:\/\/my.stlflix.com\/wp-content\/uploads\/2024\/06\/logo-mystore.png\",\"width\":150,\"height\":41,\"caption\":\"MyStore - By STLFLIX\"},\"image\":{\"@id\":\"https:\/\/www.monitorstlflix.com\/#\/schema\/logo\/image\/\"},\"sameAs\":[\"https:\/\/www.facebook.com\/STLFLIX\",\"https:\/\/www.instagram.com\/stlflix_\/\",\"https:\/\/www.tiktok.com\/@stlflix\"]}]}<\/script>\n<!-- \/ Yoast SEO plugin. -->","yoast_head_json":{"title":"1 Liter Humpen","description":"Formsch\u00f6ner Humpen f\u00fcr Mittelalter, LARP, besondere Anl\u00e4sse","robots":{"index":"index","follow":"follow","max-snippet":"max-snippet:-1","max-image-preview":"max-image-preview:large","max-video-preview":"max-video-preview:-1"},"canonical":"https:\/\/my.stlflix.com\/tr\/product\/1-liter-humpen-2\/","og_locale":"fr_FR","og_type":"article","og_title":"1 Liter Humpen","og_description":"Formsch\u00f6ner Humpen f\u00fcr Mittelalter, LARP, besondere Anl\u00e4sse","og_url":"https:\/\/my.stlflix.com\/tr\/product\/1-liter-humpen-2\/","og_site_name":"MyStore - By STLFLIX","article_publisher":"https:\/\/www.facebook.com\/STLFLIX","article_modified_time":"2025-02-10T14:55:54+00:00","og_image":[{"width":810,"height":1080,"url":"https:\/\/my.stlflix.com\/wp-content\/uploads\/2025\/02\/IMG_20250113_145209799.jpg","type":"image\/jpeg"}],"twitter_card":"summary_large_image","twitter_misc":{"Est. reading time":"1 minute"},"schema":{"@context":"https:\/\/schema.org","@graph":[{"@type":"WebPage","@id":"https:\/\/my.stlflix.com\/tr\/product\/1-liter-humpen-2\/","url":"https:\/\/my.stlflix.com\/tr\/product\/1-liter-humpen-2\/","name":"1 Liter Humpen","isPartOf":{"@id":"https:\/\/www.monitorstlflix.com\/#website"},"primaryImageOfPage":{"@id":"https:\/\/my.stlflix.com\/tr\/product\/1-liter-humpen-2\/#primaryimage"},"image":{"@id":"https:\/\/my.stlflix.com\/tr\/product\/1-liter-humpen-2\/#primaryimage"},"thumbnailUrl":"https:\/\/my.stlflix.com\/wp-content\/uploads\/2025\/02\/IMG_20250113_145209799.jpg","datePublished":"2025-01-25T23:33:53+00:00","dateModified":"2025-02-10T14:55:54+00:00","description":"Formsch\u00f6ner Humpen f\u00fcr Mittelalter, LARP, besondere Anl\u00e4sse","breadcrumb":{"@id":"https:\/\/my.stlflix.com\/tr\/product\/1-liter-humpen-2\/#breadcrumb"},"inLanguage":"fr-FR","potentialAction":[{"@type":"ReadAction","target":["https:\/\/my.stlflix.com\/tr\/product\/1-liter-humpen-2\/"]}]},{"@type":"ImageObject","inLanguage":"fr-FR","@id":"https:\/\/my.stlflix.com\/tr\/product\/1-liter-humpen-2\/#primaryimage","url":"https:\/\/my.stlflix.com\/wp-content\/uploads\/2025\/02\/IMG_20250113_145209799.jpg","contentUrl":"https:\/\/my.stlflix.com\/wp-content\/uploads\/2025\/02\/IMG_20250113_145209799.jpg","width":810,"height":1080},{"@type":"BreadcrumbList","@id":"https:\/\/my.stlflix.com\/tr\/product\/1-liter-humpen-2\/#breadcrumb","itemListElement":[{"@type":"ListItem","position":1,"name":"Home","item":"https:\/\/www.monitorstlflix.online\/"},{"@type":"ListItem","position":2,"name":"Products","item":"https:\/\/www.testeminhalojamandela.biz\/shop\/"},{"@type":"ListItem","position":3,"name":"1 Liter Humpen"}]},{"@type":"WebSite","@id":"https:\/\/www.monitorstlflix.com\/#website","url":"https:\/\/www.monitorstlflix.com\/","name":"MyStore - By STLFLIX","description":"","publisher":{"@id":"https:\/\/www.monitorstlflix.com\/#organization"},"potentialAction":[{"@type":"SearchAction","target":{"@type":"EntryPoint","urlTemplate":"https:\/\/www.monitorstlflix.com\/?s={search_term_string}"},"query-input":{"@type":"PropertyValueSpecification","valueRequired":true,"valueName":"search_term_string"}}],"inLanguage":"fr-FR"},{"@type":"Organization","@id":"https:\/\/www.monitorstlflix.com\/#organization","name":"MyStore - By STLFLIX","url":"https:\/\/www.monitorstlflix.com\/","logo":{"@type":"ImageObject","inLanguage":"fr-FR","@id":"https:\/\/www.monitorstlflix.com\/#\/schema\/logo\/image\/","url":"https:\/\/my.stlflix.com\/wp-content\/uploads\/2024\/06\/logo-mystore.png","contentUrl":"https:\/\/my.stlflix.com\/wp-content\/uploads\/2024\/06\/logo-mystore.png","width":150,"height":41,"caption":"MyStore - By STLFLIX"},"image":{"@id":"https:\/\/www.monitorstlflix.com\/#\/schema\/logo\/image\/"},"sameAs":["https:\/\/www.facebook.com\/STLFLIX","https:\/\/www.instagram.com\/stlflix_\/","https:\/\/www.tiktok.com\/@stlflix"]}]}},"_links":{"self":[{"href":"https:\/\/my.stlflix.com\/fr\/wp-json\/wp\/v2\/product\/238983","targetHints":{"allow":["GET"]}}],"collection":[{"href":"https:\/\/my.stlflix.com\/fr\/wp-json\/wp\/v2\/product"}],"about":[{"href":"https:\/\/my.stlflix.com\/fr\/wp-json\/wp\/v2\/types\/product"}],"replies":[{"embeddable":true,"href":"https:\/\/my.stlflix.com\/fr\/wp-json\/wp\/v2\/comments?post=238983"}],"wp:featuredmedia":[{"embeddable":true,"href":"https:\/\/my.stlflix.com\/fr\/wp-json\/wp\/v2\/media\/255661"}],"wp:attachment":[{"href":"https:\/\/my.stlflix.com\/fr\/wp-json\/wp\/v2\/media?parent=238983"}],"wp:term":[{"taxonomy":"product_brand","embeddable":true,"href":"https:\/\/my.stlflix.com\/fr\/wp-json\/wp\/v2\/product_brand?post=238983"},{"taxonomy":"product_cat","embeddable":true,"href":"https:\/\/my.stlflix.com\/fr\/wp-json\/wp\/v2\/product_cat?post=238983"},{"taxonomy":"product_tag","embeddable":true,"href":"https:\/\/my.stlflix.com\/fr\/wp-json\/wp\/v2\/product_tag?post=238983"}],"curies":[{"name":"wp","href":"https:\/\/api.w.org\/{rel}","templated":true}]}}