{"id":240815,"date":"2025-01-27T17:32:12","date_gmt":"2025-01-27T17:32:12","guid":{"rendered":"https:\/\/my.stlflix.com\/?post_type=product&#038;p=240815"},"modified":"2025-02-10T15:14:45","modified_gmt":"2025-02-10T15:14:45","slug":"1-liter-doppelbecher","status":"publish","type":"product","link":"https:\/\/my.stlflix.com\/fr\/product\/1-liter-doppelbecher\/","title":{"rendered":"1 Liter Doppelbecher"},"content":{"rendered":"<p>Entdecken Sie unsere absolute Neuheit \u2013 den einzigartigen 1 Liter Doppelbecher, der f\u00fcr jede Mittelalter- und LARP-Event ein unverzichtbarer Begleiter ist! Diese handgefertigten Becher sind nicht nur praktisch, sondern auch ein echter Blickfang.<\/p>\n<p><strong>Einzigartiges Design<\/strong><br \/>\nUnser Doppelbecher besteht aus zwei perfekt verbundenen Bechern, die sich durch einen stabilen Griff leicht halten lassen. Die Becher sind mit einem Loch verbunden, wodurch man ganz normal draus trinken kann, ohne dass etwas \u00fcberschwappt. Wenn der Durst doppelt so gro\u00df ist, sorgt das innovative Design daf\u00fcr, dass du deine Getr\u00e4nke stilvoll genie\u00dfen kannst, ein absoluter Hingucker, sei es bei festlichen Anl\u00e4ssen oder in geselliger Runde mit Freunden.<\/p>\n<p><strong>Handarbeit trifft auf Qualit\u00e4t<\/strong><br \/>\nJeder Becher wird sorgf\u00e4ltig von Hand gefertigt und gebeizt, um ein hochwertiges Finish zu gew\u00e4hrleisten. Die innere Oberfl\u00e4che ist mit einem alkoholbest\u00e4ndigen Kunstharzlack, die \u00c4u\u00dfere mit einem speichelechten Lack behandelt, die optimalen Schutz bieten und die Langlebigkeit des Produktes sichern. Damit bleibt der Geschmack Ihrer Getr\u00e4nke unverf\u00e4lscht \u2013 genie\u00dfe also Bier, Met oder andere Getr\u00e4nke ganz nach deinen Vorlieben.<\/p>\n<p><strong>F\u00fcr jeden Anlass geeignet<\/strong><br \/>\nOb beim n\u00e4chsten Mittelaltermarkt, einer LARP-Veranstaltung oder einfach nur bei einer Feier mit Freunden \u2013 dieser Doppelbecher macht jede Runde zu etwas Besonderem. Setze neue Ma\u00dfst\u00e4be in deiner Getr\u00e4nkewahl und beeindrucke deine G\u00e4ste mit diesem au\u00dfergew\u00f6hnlichen St\u00fcck.<\/p>\n","protected":false},"excerpt":{"rendered":"<p>Entdecken Sie unsere absolute Neuheit \u2013 den einzigartigen 1 Liter Doppelbecher, der f\u00fcr jede Mittelalter- und LARP-Event ein unverzichtbarer Begleiter ist! Diese handgefertigten Becher sind nicht nur praktisch, sondern auch ein echter Blickfang. Einzigartiges Design Unser Doppelbecher besteht aus zwei perfekt verbundenen Bechern, die sich durch einen stabilen Griff leicht halten lassen. Die Becher sind [&hellip;]<\/p>\n","protected":false},"featured_media":255806,"comment_status":"open","ping_status":"closed","template":"","meta":[],"product_brand":[],"product_cat":[15],"product_tag":[4983,5141,5004],"class_list":{"0":"post-240815","1":"product","2":"type-product","3":"status-publish","4":"has-post-thumbnail","6":"product_cat-uncategorized","7":"product_tag-becher","8":"product_tag-bhk","9":"product_tag-holzarbeiten","11":"first","12":"instock","13":"purchasable","14":"product-type-simple"},"yoast_head":"<!-- This site is optimized with the Yoast SEO plugin v25.1 - https:\/\/yoast.com\/wordpress\/plugins\/seo\/ -->\n<title>1 Liter Doppelbecher<\/title>\n<meta name=\"description\" content=\"Einzigartiger Doppelbecher, zwei in eins, DER Hingucker\" \/>\n<meta name=\"robots\" content=\"index, follow, max-snippet:-1, max-image-preview:large, max-video-preview:-1\" \/>\n<link rel=\"canonical\" href=\"https:\/\/my.stlflix.com\/es\/product\/1-liter-doppelbecher\/\" \/>\n<meta property=\"og:locale\" content=\"fr_FR\" \/>\n<meta property=\"og:type\" content=\"article\" \/>\n<meta property=\"og:title\" content=\"1 Liter Doppelbecher\" \/>\n<meta property=\"og:description\" content=\"Einzigartiger Doppelbecher, zwei in eins, DER Hingucker\" \/>\n<meta property=\"og:url\" content=\"https:\/\/my.stlflix.com\/es\/product\/1-liter-doppelbecher\/\" \/>\n<meta property=\"og:site_name\" content=\"MyStore - By STLFLIX\" \/>\n<meta property=\"article:publisher\" content=\"https:\/\/www.facebook.com\/STLFLIX\" \/>\n<meta property=\"article:modified_time\" content=\"2025-02-10T15:14:45+00:00\" \/>\n<meta property=\"og:image\" content=\"https:\/\/my.stlflix.com\/wp-content\/uploads\/2025\/02\/IMG_20250113_145950498.jpg\" \/>\n\t<meta property=\"og:image:width\" content=\"810\" \/>\n\t<meta property=\"og:image:height\" content=\"1080\" \/>\n\t<meta property=\"og:image:type\" content=\"image\/jpeg\" \/>\n<meta name=\"twitter:card\" content=\"summary_large_image\" \/>\n<meta name=\"twitter:label1\" content=\"Est. reading time\" \/>\n\t<meta name=\"twitter:data1\" content=\"1 minute\" \/>\n<script type=\"application\/ld+json\" class=\"yoast-schema-graph\">{\"@context\":\"https:\/\/schema.org\",\"@graph\":[{\"@type\":\"WebPage\",\"@id\":\"https:\/\/my.stlflix.com\/es\/product\/1-liter-doppelbecher\/\",\"url\":\"https:\/\/my.stlflix.com\/es\/product\/1-liter-doppelbecher\/\",\"name\":\"1 Liter Doppelbecher\",\"isPartOf\":{\"@id\":\"https:\/\/my.stlflix.com\/tr\/#website\"},\"primaryImageOfPage\":{\"@id\":\"https:\/\/my.stlflix.com\/es\/product\/1-liter-doppelbecher\/#primaryimage\"},\"image\":{\"@id\":\"https:\/\/my.stlflix.com\/es\/product\/1-liter-doppelbecher\/#primaryimage\"},\"thumbnailUrl\":\"https:\/\/my.stlflix.com\/wp-content\/uploads\/2025\/02\/IMG_20250113_145950498.jpg\",\"datePublished\":\"2025-01-27T17:32:12+00:00\",\"dateModified\":\"2025-02-10T15:14:45+00:00\",\"description\":\"Einzigartiger Doppelbecher, zwei in eins, DER Hingucker\",\"breadcrumb\":{\"@id\":\"https:\/\/my.stlflix.com\/es\/product\/1-liter-doppelbecher\/#breadcrumb\"},\"inLanguage\":\"fr-FR\",\"potentialAction\":[{\"@type\":\"ReadAction\",\"target\":[\"https:\/\/my.stlflix.com\/es\/product\/1-liter-doppelbecher\/\"]}]},{\"@type\":\"ImageObject\",\"inLanguage\":\"fr-FR\",\"@id\":\"https:\/\/my.stlflix.com\/es\/product\/1-liter-doppelbecher\/#primaryimage\",\"url\":\"https:\/\/my.stlflix.com\/wp-content\/uploads\/2025\/02\/IMG_20250113_145950498.jpg\",\"contentUrl\":\"https:\/\/my.stlflix.com\/wp-content\/uploads\/2025\/02\/IMG_20250113_145950498.jpg\",\"width\":810,\"height\":1080},{\"@type\":\"BreadcrumbList\",\"@id\":\"https:\/\/my.stlflix.com\/es\/product\/1-liter-doppelbecher\/#breadcrumb\",\"itemListElement\":[{\"@type\":\"ListItem\",\"position\":1,\"name\":\"Home\",\"item\":\"https:\/\/my.stlflix.com\/\"},{\"@type\":\"ListItem\",\"position\":2,\"name\":\"Products\",\"item\":\"https:\/\/my.stlflix.com\/fr\/shop\/\"},{\"@type\":\"ListItem\",\"position\":3,\"name\":\"1 Liter Doppelbecher\"}]},{\"@type\":\"WebSite\",\"@id\":\"https:\/\/my.stlflix.com\/tr\/#website\",\"url\":\"https:\/\/my.stlflix.com\/tr\/\",\"name\":\"MyStore - By STLFLIX\",\"description\":\"\",\"publisher\":{\"@id\":\"https:\/\/my.stlflix.com\/tr\/#organization\"},\"potentialAction\":[{\"@type\":\"SearchAction\",\"target\":{\"@type\":\"EntryPoint\",\"urlTemplate\":\"https:\/\/my.stlflix.com\/tr\/?s={search_term_string}\"},\"query-input\":{\"@type\":\"PropertyValueSpecification\",\"valueRequired\":true,\"valueName\":\"search_term_string\"}}],\"inLanguage\":\"fr-FR\"},{\"@type\":\"Organization\",\"@id\":\"https:\/\/my.stlflix.com\/tr\/#organization\",\"name\":\"MyStore - By STLFLIX\",\"url\":\"https:\/\/my.stlflix.com\/tr\/\",\"logo\":{\"@type\":\"ImageObject\",\"inLanguage\":\"fr-FR\",\"@id\":\"https:\/\/my.stlflix.com\/tr\/#\/schema\/logo\/image\/\",\"url\":\"https:\/\/my.stlflix.com\/wp-content\/uploads\/2024\/06\/logo-mystore.png\",\"contentUrl\":\"https:\/\/my.stlflix.com\/wp-content\/uploads\/2024\/06\/logo-mystore.png\",\"width\":150,\"height\":41,\"caption\":\"MyStore - By STLFLIX\"},\"image\":{\"@id\":\"https:\/\/my.stlflix.com\/tr\/#\/schema\/logo\/image\/\"},\"sameAs\":[\"https:\/\/www.facebook.com\/STLFLIX\",\"https:\/\/www.instagram.com\/stlflix_\/\",\"https:\/\/www.tiktok.com\/@stlflix\"]}]}<\/script>\n<!-- \/ Yoast SEO plugin. -->","yoast_head_json":{"title":"1 Liter Doppelbecher","description":"Einzigartiger Doppelbecher, zwei in eins, DER Hingucker","robots":{"index":"index","follow":"follow","max-snippet":"max-snippet:-1","max-image-preview":"max-image-preview:large","max-video-preview":"max-video-preview:-1"},"canonical":"https:\/\/my.stlflix.com\/es\/product\/1-liter-doppelbecher\/","og_locale":"fr_FR","og_type":"article","og_title":"1 Liter Doppelbecher","og_description":"Einzigartiger Doppelbecher, zwei in eins, DER Hingucker","og_url":"https:\/\/my.stlflix.com\/es\/product\/1-liter-doppelbecher\/","og_site_name":"MyStore - By STLFLIX","article_publisher":"https:\/\/www.facebook.com\/STLFLIX","article_modified_time":"2025-02-10T15:14:45+00:00","og_image":[{"width":810,"height":1080,"url":"https:\/\/my.stlflix.com\/wp-content\/uploads\/2025\/02\/IMG_20250113_145950498.jpg","type":"image\/jpeg"}],"twitter_card":"summary_large_image","twitter_misc":{"Est. reading time":"1 minute"},"schema":{"@context":"https:\/\/schema.org","@graph":[{"@type":"WebPage","@id":"https:\/\/my.stlflix.com\/es\/product\/1-liter-doppelbecher\/","url":"https:\/\/my.stlflix.com\/es\/product\/1-liter-doppelbecher\/","name":"1 Liter Doppelbecher","isPartOf":{"@id":"https:\/\/my.stlflix.com\/tr\/#website"},"primaryImageOfPage":{"@id":"https:\/\/my.stlflix.com\/es\/product\/1-liter-doppelbecher\/#primaryimage"},"image":{"@id":"https:\/\/my.stlflix.com\/es\/product\/1-liter-doppelbecher\/#primaryimage"},"thumbnailUrl":"https:\/\/my.stlflix.com\/wp-content\/uploads\/2025\/02\/IMG_20250113_145950498.jpg","datePublished":"2025-01-27T17:32:12+00:00","dateModified":"2025-02-10T15:14:45+00:00","description":"Einzigartiger Doppelbecher, zwei in eins, DER Hingucker","breadcrumb":{"@id":"https:\/\/my.stlflix.com\/es\/product\/1-liter-doppelbecher\/#breadcrumb"},"inLanguage":"fr-FR","potentialAction":[{"@type":"ReadAction","target":["https:\/\/my.stlflix.com\/es\/product\/1-liter-doppelbecher\/"]}]},{"@type":"ImageObject","inLanguage":"fr-FR","@id":"https:\/\/my.stlflix.com\/es\/product\/1-liter-doppelbecher\/#primaryimage","url":"https:\/\/my.stlflix.com\/wp-content\/uploads\/2025\/02\/IMG_20250113_145950498.jpg","contentUrl":"https:\/\/my.stlflix.com\/wp-content\/uploads\/2025\/02\/IMG_20250113_145950498.jpg","width":810,"height":1080},{"@type":"BreadcrumbList","@id":"https:\/\/my.stlflix.com\/es\/product\/1-liter-doppelbecher\/#breadcrumb","itemListElement":[{"@type":"ListItem","position":1,"name":"Home","item":"https:\/\/my.stlflix.com\/"},{"@type":"ListItem","position":2,"name":"Products","item":"https:\/\/my.stlflix.com\/fr\/shop\/"},{"@type":"ListItem","position":3,"name":"1 Liter Doppelbecher"}]},{"@type":"WebSite","@id":"https:\/\/my.stlflix.com\/tr\/#website","url":"https:\/\/my.stlflix.com\/tr\/","name":"MyStore - By STLFLIX","description":"","publisher":{"@id":"https:\/\/my.stlflix.com\/tr\/#organization"},"potentialAction":[{"@type":"SearchAction","target":{"@type":"EntryPoint","urlTemplate":"https:\/\/my.stlflix.com\/tr\/?s={search_term_string}"},"query-input":{"@type":"PropertyValueSpecification","valueRequired":true,"valueName":"search_term_string"}}],"inLanguage":"fr-FR"},{"@type":"Organization","@id":"https:\/\/my.stlflix.com\/tr\/#organization","name":"MyStore - By STLFLIX","url":"https:\/\/my.stlflix.com\/tr\/","logo":{"@type":"ImageObject","inLanguage":"fr-FR","@id":"https:\/\/my.stlflix.com\/tr\/#\/schema\/logo\/image\/","url":"https:\/\/my.stlflix.com\/wp-content\/uploads\/2024\/06\/logo-mystore.png","contentUrl":"https:\/\/my.stlflix.com\/wp-content\/uploads\/2024\/06\/logo-mystore.png","width":150,"height":41,"caption":"MyStore - By STLFLIX"},"image":{"@id":"https:\/\/my.stlflix.com\/tr\/#\/schema\/logo\/image\/"},"sameAs":["https:\/\/www.facebook.com\/STLFLIX","https:\/\/www.instagram.com\/stlflix_\/","https:\/\/www.tiktok.com\/@stlflix"]}]}},"_links":{"self":[{"href":"https:\/\/my.stlflix.com\/fr\/wp-json\/wp\/v2\/product\/240815","targetHints":{"allow":["GET"]}}],"collection":[{"href":"https:\/\/my.stlflix.com\/fr\/wp-json\/wp\/v2\/product"}],"about":[{"href":"https:\/\/my.stlflix.com\/fr\/wp-json\/wp\/v2\/types\/product"}],"replies":[{"embeddable":true,"href":"https:\/\/my.stlflix.com\/fr\/wp-json\/wp\/v2\/comments?post=240815"}],"wp:featuredmedia":[{"embeddable":true,"href":"https:\/\/my.stlflix.com\/fr\/wp-json\/wp\/v2\/media\/255806"}],"wp:attachment":[{"href":"https:\/\/my.stlflix.com\/fr\/wp-json\/wp\/v2\/media?parent=240815"}],"wp:term":[{"taxonomy":"product_brand","embeddable":true,"href":"https:\/\/my.stlflix.com\/fr\/wp-json\/wp\/v2\/product_brand?post=240815"},{"taxonomy":"product_cat","embeddable":true,"href":"https:\/\/my.stlflix.com\/fr\/wp-json\/wp\/v2\/product_cat?post=240815"},{"taxonomy":"product_tag","embeddable":true,"href":"https:\/\/my.stlflix.com\/fr\/wp-json\/wp\/v2\/product_tag?post=240815"}],"curies":[{"name":"wp","href":"https:\/\/api.w.org\/{rel}","templated":true}]}}