{"id":241426,"date":"2025-01-27T19:18:23","date_gmt":"2025-01-27T19:18:23","guid":{"rendered":"https:\/\/my.stlflix.com\/?post_type=product&#038;p=241426"},"modified":"2025-02-10T15:47:33","modified_gmt":"2025-02-10T15:47:33","slug":"05-liter-becher-diamant","status":"publish","type":"product","link":"https:\/\/my.stlflix.com\/fr\/product\/05-liter-becher-diamant\/","title":{"rendered":"0,5 Liter Becher, Diamant"},"content":{"rendered":"<p>Entdecken Sie unseren einzigartigen 0,5 Liter Becher, der mit Liebe zum in sorgf\u00e4ltiger Handarbeit gefertigt wurde.<\/p>\n<p>Dieser wurde nach dem drechseln wieder kantig geschliffen, um mit seiner Form einen Diamanten an zu deuten und ihm diesen einzigartigen Charakter zu verleiehen. Perfekt f\u00fcr LARP-Events und Mittelalterpartys, ist er nicht nur ein praktisches Trinkgef\u00e4\u00df, sondern auch ein stilvolles Accessoire, das die Atmosph\u00e4re vergangener Zeiten heraufbeschw\u00f6rt.<\/p>\n<p>Der Becher ist gebeizt, um die nat\u00fcrliche Maserung des Holzes hervorzuheben, und macht ihn zu einem echten Blickfang. Dar\u00fcber hinaus ist die Innenfl\u00e4che mit einem alkoholbest\u00e4ndigen Kunstharzlack versiegelt, damit er den Herausforderungen geselligen Beisammenseins standh\u00e4lt \u2013 egal ob f\u00fcr Met, Bier oder andere edle Tropfen.<\/p>\n<p>Machen Sie Ihre n\u00e4chste Feier zu einem unvergesslichen Erlebnis mit diesem charmanten Becher, der garantiert Gespr\u00e4chsstoff liefert und das mittelalterliche Flair perfekt unterstreicht. Ideal f\u00fcr alle, die die Welt des LARPs und der historischen Darstellungen lieben! Greifen Sie jetzt zu und bringen Sie einen Hauch von Geschichte und Handwerkskunst auf Ihren Tisch.<\/p>\n","protected":false},"excerpt":{"rendered":"<p>Entdecken Sie unseren einzigartigen 0,5 Liter Becher, der mit Liebe zum in sorgf\u00e4ltiger Handarbeit gefertigt wurde. Dieser wurde nach dem drechseln wieder kantig geschliffen, um mit seiner Form einen Diamanten an zu deuten und ihm diesen einzigartigen Charakter zu verleiehen. Perfekt f\u00fcr LARP-Events und Mittelalterpartys, ist er nicht nur ein praktisches Trinkgef\u00e4\u00df, sondern auch ein [&hellip;]<\/p>\n","protected":false},"featured_media":256321,"comment_status":"open","ping_status":"closed","template":"","meta":[],"product_brand":[],"product_cat":[15],"product_tag":[4983,5241,5444,5004],"class_list":{"0":"post-241426","1":"product","2":"type-product","3":"status-publish","4":"has-post-thumbnail","6":"product_cat-uncategorized","7":"product_tag-becher","8":"product_tag-becher-humpen-kelche","9":"product_tag-hbk","10":"product_tag-holzarbeiten","12":"first","13":"instock","14":"purchasable","15":"product-type-simple"},"yoast_head":"<!-- This site is optimized with the Yoast SEO plugin v25.1 - https:\/\/yoast.com\/wordpress\/plugins\/seo\/ -->\n<title>0,5 Liter Becher, Diamant<\/title>\n<meta name=\"description\" content=\"Formsch\u00f6ner Holzbecher f\u00fcr Mittelalter, LARP, besondere Anl\u00e4sse\" \/>\n<meta name=\"robots\" content=\"index, follow, max-snippet:-1, max-image-preview:large, max-video-preview:-1\" \/>\n<link rel=\"canonical\" href=\"https:\/\/www.testeminhalojamandela.biz\/product\/05-liter-becher-diamant\/\" \/>\n<meta property=\"og:locale\" content=\"fr_FR\" \/>\n<meta property=\"og:type\" content=\"article\" \/>\n<meta property=\"og:title\" content=\"0,5 Liter Becher, Diamant\" \/>\n<meta property=\"og:description\" content=\"Formsch\u00f6ner Holzbecher f\u00fcr Mittelalter, LARP, besondere Anl\u00e4sse\" \/>\n<meta property=\"og:url\" content=\"https:\/\/www.testeminhalojamandela.biz\/product\/05-liter-becher-diamant\/\" \/>\n<meta property=\"og:site_name\" content=\"MyStore - By STLFLIX\" \/>\n<meta property=\"article:publisher\" content=\"https:\/\/www.facebook.com\/STLFLIX\" \/>\n<meta property=\"article:modified_time\" content=\"2025-02-10T15:47:33+00:00\" \/>\n<meta property=\"og:image\" content=\"https:\/\/www.testeminhalojamandela.biz\/wp-content\/uploads\/2025\/02\/IMG_20250113_153200779.jpg\" \/>\n\t<meta property=\"og:image:width\" content=\"810\" \/>\n\t<meta property=\"og:image:height\" content=\"1080\" \/>\n\t<meta property=\"og:image:type\" content=\"image\/jpeg\" \/>\n<meta name=\"twitter:card\" content=\"summary_large_image\" \/>\n<meta name=\"twitter:label1\" content=\"Est. reading time\" \/>\n\t<meta name=\"twitter:data1\" content=\"1 minute\" \/>\n<script type=\"application\/ld+json\" class=\"yoast-schema-graph\">{\"@context\":\"https:\/\/schema.org\",\"@graph\":[{\"@type\":\"WebPage\",\"@id\":\"https:\/\/www.testeminhalojamandela.biz\/product\/05-liter-becher-diamant\/\",\"url\":\"https:\/\/www.testeminhalojamandela.biz\/product\/05-liter-becher-diamant\/\",\"name\":\"0,5 Liter Becher, Diamant\",\"isPartOf\":{\"@id\":\"https:\/\/my.stlflix.com\/tr\/#website\"},\"primaryImageOfPage\":{\"@id\":\"https:\/\/www.testeminhalojamandela.biz\/product\/05-liter-becher-diamant\/#primaryimage\"},\"image\":{\"@id\":\"https:\/\/www.testeminhalojamandela.biz\/product\/05-liter-becher-diamant\/#primaryimage\"},\"thumbnailUrl\":\"https:\/\/my.stlflix.com\/wp-content\/uploads\/2025\/02\/IMG_20250113_153200779.jpg\",\"datePublished\":\"2025-01-27T19:18:23+00:00\",\"dateModified\":\"2025-02-10T15:47:33+00:00\",\"description\":\"Formsch\u00f6ner Holzbecher f\u00fcr Mittelalter, LARP, besondere Anl\u00e4sse\",\"breadcrumb\":{\"@id\":\"https:\/\/www.testeminhalojamandela.biz\/product\/05-liter-becher-diamant\/#breadcrumb\"},\"inLanguage\":\"fr-FR\",\"potentialAction\":[{\"@type\":\"ReadAction\",\"target\":[\"https:\/\/www.testeminhalojamandela.biz\/product\/05-liter-becher-diamant\/\"]}]},{\"@type\":\"ImageObject\",\"inLanguage\":\"fr-FR\",\"@id\":\"https:\/\/www.testeminhalojamandela.biz\/product\/05-liter-becher-diamant\/#primaryimage\",\"url\":\"https:\/\/my.stlflix.com\/wp-content\/uploads\/2025\/02\/IMG_20250113_153200779.jpg\",\"contentUrl\":\"https:\/\/my.stlflix.com\/wp-content\/uploads\/2025\/02\/IMG_20250113_153200779.jpg\",\"width\":810,\"height\":1080},{\"@type\":\"BreadcrumbList\",\"@id\":\"https:\/\/www.testeminhalojamandela.biz\/product\/05-liter-becher-diamant\/#breadcrumb\",\"itemListElement\":[{\"@type\":\"ListItem\",\"position\":1,\"name\":\"Home\",\"item\":\"https:\/\/my.stlflix.com\/\"},{\"@type\":\"ListItem\",\"position\":2,\"name\":\"Products\",\"item\":\"https:\/\/my.stlflix.com\/fr\/shop\/\"},{\"@type\":\"ListItem\",\"position\":3,\"name\":\"0,5 Liter Becher, Diamant\"}]},{\"@type\":\"WebSite\",\"@id\":\"https:\/\/my.stlflix.com\/tr\/#website\",\"url\":\"https:\/\/my.stlflix.com\/tr\/\",\"name\":\"MyStore - By STLFLIX\",\"description\":\"\",\"publisher\":{\"@id\":\"https:\/\/my.stlflix.com\/tr\/#organization\"},\"potentialAction\":[{\"@type\":\"SearchAction\",\"target\":{\"@type\":\"EntryPoint\",\"urlTemplate\":\"https:\/\/my.stlflix.com\/tr\/?s={search_term_string}\"},\"query-input\":{\"@type\":\"PropertyValueSpecification\",\"valueRequired\":true,\"valueName\":\"search_term_string\"}}],\"inLanguage\":\"fr-FR\"},{\"@type\":\"Organization\",\"@id\":\"https:\/\/my.stlflix.com\/tr\/#organization\",\"name\":\"MyStore - By STLFLIX\",\"url\":\"https:\/\/my.stlflix.com\/tr\/\",\"logo\":{\"@type\":\"ImageObject\",\"inLanguage\":\"fr-FR\",\"@id\":\"https:\/\/my.stlflix.com\/tr\/#\/schema\/logo\/image\/\",\"url\":\"https:\/\/my.stlflix.com\/wp-content\/uploads\/2024\/06\/logo-mystore.png\",\"contentUrl\":\"https:\/\/my.stlflix.com\/wp-content\/uploads\/2024\/06\/logo-mystore.png\",\"width\":150,\"height\":41,\"caption\":\"MyStore - By STLFLIX\"},\"image\":{\"@id\":\"https:\/\/my.stlflix.com\/tr\/#\/schema\/logo\/image\/\"},\"sameAs\":[\"https:\/\/www.facebook.com\/STLFLIX\",\"https:\/\/www.instagram.com\/stlflix_\/\",\"https:\/\/www.tiktok.com\/@stlflix\"]}]}<\/script>\n<!-- \/ Yoast SEO plugin. -->","yoast_head_json":{"title":"0,5 Liter Becher, Diamant","description":"Formsch\u00f6ner Holzbecher f\u00fcr Mittelalter, LARP, besondere Anl\u00e4sse","robots":{"index":"index","follow":"follow","max-snippet":"max-snippet:-1","max-image-preview":"max-image-preview:large","max-video-preview":"max-video-preview:-1"},"canonical":"https:\/\/www.testeminhalojamandela.biz\/product\/05-liter-becher-diamant\/","og_locale":"fr_FR","og_type":"article","og_title":"0,5 Liter Becher, Diamant","og_description":"Formsch\u00f6ner Holzbecher f\u00fcr Mittelalter, LARP, besondere Anl\u00e4sse","og_url":"https:\/\/www.testeminhalojamandela.biz\/product\/05-liter-becher-diamant\/","og_site_name":"MyStore - By STLFLIX","article_publisher":"https:\/\/www.facebook.com\/STLFLIX","article_modified_time":"2025-02-10T15:47:33+00:00","og_image":[{"width":810,"height":1080,"url":"https:\/\/www.testeminhalojamandela.biz\/wp-content\/uploads\/2025\/02\/IMG_20250113_153200779.jpg","type":"image\/jpeg"}],"twitter_card":"summary_large_image","twitter_misc":{"Est. reading time":"1 minute"},"schema":{"@context":"https:\/\/schema.org","@graph":[{"@type":"WebPage","@id":"https:\/\/www.testeminhalojamandela.biz\/product\/05-liter-becher-diamant\/","url":"https:\/\/www.testeminhalojamandela.biz\/product\/05-liter-becher-diamant\/","name":"0,5 Liter Becher, Diamant","isPartOf":{"@id":"https:\/\/my.stlflix.com\/tr\/#website"},"primaryImageOfPage":{"@id":"https:\/\/www.testeminhalojamandela.biz\/product\/05-liter-becher-diamant\/#primaryimage"},"image":{"@id":"https:\/\/www.testeminhalojamandela.biz\/product\/05-liter-becher-diamant\/#primaryimage"},"thumbnailUrl":"https:\/\/my.stlflix.com\/wp-content\/uploads\/2025\/02\/IMG_20250113_153200779.jpg","datePublished":"2025-01-27T19:18:23+00:00","dateModified":"2025-02-10T15:47:33+00:00","description":"Formsch\u00f6ner Holzbecher f\u00fcr Mittelalter, LARP, besondere Anl\u00e4sse","breadcrumb":{"@id":"https:\/\/www.testeminhalojamandela.biz\/product\/05-liter-becher-diamant\/#breadcrumb"},"inLanguage":"fr-FR","potentialAction":[{"@type":"ReadAction","target":["https:\/\/www.testeminhalojamandela.biz\/product\/05-liter-becher-diamant\/"]}]},{"@type":"ImageObject","inLanguage":"fr-FR","@id":"https:\/\/www.testeminhalojamandela.biz\/product\/05-liter-becher-diamant\/#primaryimage","url":"https:\/\/my.stlflix.com\/wp-content\/uploads\/2025\/02\/IMG_20250113_153200779.jpg","contentUrl":"https:\/\/my.stlflix.com\/wp-content\/uploads\/2025\/02\/IMG_20250113_153200779.jpg","width":810,"height":1080},{"@type":"BreadcrumbList","@id":"https:\/\/www.testeminhalojamandela.biz\/product\/05-liter-becher-diamant\/#breadcrumb","itemListElement":[{"@type":"ListItem","position":1,"name":"Home","item":"https:\/\/my.stlflix.com\/"},{"@type":"ListItem","position":2,"name":"Products","item":"https:\/\/my.stlflix.com\/fr\/shop\/"},{"@type":"ListItem","position":3,"name":"0,5 Liter Becher, Diamant"}]},{"@type":"WebSite","@id":"https:\/\/my.stlflix.com\/tr\/#website","url":"https:\/\/my.stlflix.com\/tr\/","name":"MyStore - By STLFLIX","description":"","publisher":{"@id":"https:\/\/my.stlflix.com\/tr\/#organization"},"potentialAction":[{"@type":"SearchAction","target":{"@type":"EntryPoint","urlTemplate":"https:\/\/my.stlflix.com\/tr\/?s={search_term_string}"},"query-input":{"@type":"PropertyValueSpecification","valueRequired":true,"valueName":"search_term_string"}}],"inLanguage":"fr-FR"},{"@type":"Organization","@id":"https:\/\/my.stlflix.com\/tr\/#organization","name":"MyStore - By STLFLIX","url":"https:\/\/my.stlflix.com\/tr\/","logo":{"@type":"ImageObject","inLanguage":"fr-FR","@id":"https:\/\/my.stlflix.com\/tr\/#\/schema\/logo\/image\/","url":"https:\/\/my.stlflix.com\/wp-content\/uploads\/2024\/06\/logo-mystore.png","contentUrl":"https:\/\/my.stlflix.com\/wp-content\/uploads\/2024\/06\/logo-mystore.png","width":150,"height":41,"caption":"MyStore - By STLFLIX"},"image":{"@id":"https:\/\/my.stlflix.com\/tr\/#\/schema\/logo\/image\/"},"sameAs":["https:\/\/www.facebook.com\/STLFLIX","https:\/\/www.instagram.com\/stlflix_\/","https:\/\/www.tiktok.com\/@stlflix"]}]}},"_links":{"self":[{"href":"https:\/\/my.stlflix.com\/fr\/wp-json\/wp\/v2\/product\/241426","targetHints":{"allow":["GET"]}}],"collection":[{"href":"https:\/\/my.stlflix.com\/fr\/wp-json\/wp\/v2\/product"}],"about":[{"href":"https:\/\/my.stlflix.com\/fr\/wp-json\/wp\/v2\/types\/product"}],"replies":[{"embeddable":true,"href":"https:\/\/my.stlflix.com\/fr\/wp-json\/wp\/v2\/comments?post=241426"}],"wp:featuredmedia":[{"embeddable":true,"href":"https:\/\/my.stlflix.com\/fr\/wp-json\/wp\/v2\/media\/256321"}],"wp:attachment":[{"href":"https:\/\/my.stlflix.com\/fr\/wp-json\/wp\/v2\/media?parent=241426"}],"wp:term":[{"taxonomy":"product_brand","embeddable":true,"href":"https:\/\/my.stlflix.com\/fr\/wp-json\/wp\/v2\/product_brand?post=241426"},{"taxonomy":"product_cat","embeddable":true,"href":"https:\/\/my.stlflix.com\/fr\/wp-json\/wp\/v2\/product_cat?post=241426"},{"taxonomy":"product_tag","embeddable":true,"href":"https:\/\/my.stlflix.com\/fr\/wp-json\/wp\/v2\/product_tag?post=241426"}],"curies":[{"name":"wp","href":"https:\/\/api.w.org\/{rel}","templated":true}]}}