{"id":297563,"date":"2025-03-27T21:16:22","date_gmt":"2025-03-27T21:16:22","guid":{"rendered":"https:\/\/my.stlflix.com\/?post_type=product&#038;p=297563"},"modified":"2025-03-27T21:19:56","modified_gmt":"2025-03-27T21:19:56","slug":"octopus-controller-headphone-holder-67e475a56537c","status":"publish","type":"product","link":"https:\/\/my.stlflix.com\/fr\/product\/octopus-controller-headphone-holder-67e475a56537c\/","title":{"rendered":"Octopus Mando &amp; Soporte Headphone"},"content":{"rendered":"<article class=\"w-full text-token-text-primary\" dir=\"auto\" data-testid=\"conversation-turn-7\" data-scroll-anchor=\"false\">\n<div class=\"text-base my-auto mx-auto py-5 px-6\">\n<div class=\"mx-auto flex flex-1 text-base gap-4 md:gap-5 lg:gap-6 md:max-w-3xl group\/turn-messages focus-visible:outline-none\">\n<div class=\"group\/conversation-turn relative flex w-full min-w-0 flex-col @xs\/thread:px-0 @sm\/thread:px-1.5 @md\/thread:px-4\">\n<div class=\"relative flex-col gap-1 md:gap-3\">\n<div class=\"flex max-w-full flex-col flex-grow\">\n<div class=\"min-h-8 text-message relative flex w-full flex-col items-end gap-2 whitespace-normal break-words text-start [.text-message+&amp;]:mt-5\" dir=\"auto\" data-message-author-role=\"user\" data-message-id=\"c2b64729-4cc8-47e4-b28d-1d0cbb3c4f90\">\n<div class=\"w-full\">\n<div class=\"flex w-full flex-col gap-1 empty:hidden items-end rtl:items-start\">\n<div class=\"relative max-w-[var(--user-chat-width,70%)] rounded-3xl bg-token-message-surface px-5 py-2.5\">\n<div class=\"whitespace-pre-wrap\"><\/div>\n<\/div>\n<\/div>\n<\/div>\n<\/div>\n<\/div>\n<div class=\"flex absolute left-0 right-0 flex justify-end\">\n<div class=\"-me-1 -ms-2.5 flex select-none items-center p-1 touch:-me-2 touch:-ms-3.5 focus-within:transition-none hover:transition-none duration-300 group-hover\/turn-messages:delay-300 pointer-events-none opacity-0 motion-safe:transition-opacity group-hover\/turn-messages:pointer-events-auto group-hover\/turn-messages:opacity-100 group-focus-within\/turn-messages:pointer-events-auto group-focus-within\/turn-messages:opacity-100 has-[[data-state=open]]:pointer-events-auto has-[[data-state=open]]:opacity-100\"><\/div>\n<\/div>\n<\/div>\n<\/div>\n<\/div>\n<\/div>\n<\/article>\n<article class=\"w-full text-token-text-primary\" dir=\"auto\" data-testid=\"conversation-turn-8\" data-scroll-anchor=\"true\">\n<h6 class=\"sr-only\">ChatGPT Plus<\/h6>\n<div class=\"text-base my-auto mx-auto py-5 px-6\">\n<div class=\"mx-auto flex flex-1 text-base gap-4 md:gap-5 lg:gap-6 md:max-w-3xl group\/turn-messages focus-visible:outline-none\">\n<div class=\"group\/conversation-turn relative flex w-full min-w-0 flex-col agent-turn @xs\/thread:px-0 @sm\/thread:px-1.5 @md\/thread:px-4\">\n<div class=\"relative flex-col gap-1 md:gap-3\">\n<div class=\"flex max-w-full flex-col flex-grow\">\n<div class=\"min-h-8 text-message relative flex w-full flex-col items-end gap-2 whitespace-normal break-words text-start [.text-message+&amp;]:mt-5\" dir=\"auto\" data-message-author-role=\"assistant\" data-message-id=\"c5412445-306c-44a5-8a9f-3e9c12b48f26\" data-message-model-slug=\"gpt-4o\">\n<div class=\"flex w-full flex-col gap-1 empty:hidden first:pt-[3px]\">\n<div class=\"markdown prose w-full break-words dark:prose-invert dark\">\n<h3 class=\"\" data-start=\"0\" data-end=\"36\">Soporte de Polvo Impreso en 3D<\/h3>\n<p class=\"\" data-start=\"38\" data-end=\"403\">Este soporte de polvo, fabricado mediante impresi\u00f3n 3D en <strong data-start=\"96\" data-end=\"113\">PLA ecol\u00f3gico<\/strong>, es la soluci\u00f3n ideal para mantener organizados y protegidos tus objetos en espacios como talleres, escritorios o estanter\u00edas. Su dise\u00f1o resistente y funcional permite un almacenamiento eficiente, evitando la acumulaci\u00f3n de suciedad y facilitando el acceso a los elementos que necesitas.<\/p>\n<p class=\"\" data-start=\"405\" data-end=\"1003\">\ud83d\udd39 <strong data-start=\"408\" data-end=\"421\">Material:<\/strong> PLA biodegradable, resistente y duradero<br data-start=\"462\" data-end=\"465\" \/>\ud83d\udd39 <strong data-start=\"468\" data-end=\"479\" data-is-only-node=\"\">Dise\u00f1o:<\/strong> Compacto y ligero, ideal para organizar diferentes tipos de polvo o materiales<br data-start=\"558\" data-end=\"561\" \/>\ud83d\udd39 <strong data-start=\"564\" data-end=\"584\">Personalizaci\u00f3n:<\/strong> Elige el color que prefieras para adaptarlo a tu estilo o entorno<br data-start=\"650\" data-end=\"653\" \/>\ud83d\udd39 <strong data-start=\"656\" data-end=\"673\">Aplicaciones:<\/strong> Perfecto para uso en laboratorios, talleres, manualidades y m\u00e1s<br data-start=\"737\" data-end=\"740\" \/>\ud83d\udd39 <strong data-start=\"743\" data-end=\"764\">F\u00e1cil de limpiar:<\/strong> Superficie lisa para una limpieza sencilla y r\u00e1pida<br data-start=\"816\" data-end=\"819\" \/>\ud83d\udd39 <strong data-start=\"822\" data-end=\"844\">Ideal para gamers:<\/strong> Mant\u00e9n tu setup limpio y libre de polvo para un mejor rendimiento<br data-start=\"910\" data-end=\"913\" \/>\ud83d\udd39 <strong data-start=\"916\" data-end=\"936\">Regalo perfecto:<\/strong> Un accesorio \u00fatil y original para sorprender a cualquier persona<\/p>\n<p class=\"\" data-start=\"1005\" data-end=\"1146\">Dale un toque de orden y funcionalidad a tu espacio con este soporte de polvo impreso en 3D, dise\u00f1ado para adaptarse a tus necesidades. \ud83c\udfe1\u2728\ud83c\udfae<\/p>\n<\/div>\n<\/div>\n<\/div>\n<\/div>\n<\/div>\n<\/div>\n<\/div>\n<\/div>\n<\/article>\n","protected":false},"excerpt":{"rendered":"<p>ChatGPT Plus Soporte de Polvo Impreso en 3D Este soporte de polvo, fabricado mediante impresi\u00f3n 3D en PLA ecol\u00f3gico, es la soluci\u00f3n ideal para mantener organizados y protegidos tus objetos en espacios como talleres, escritorios o estanter\u00edas. Su dise\u00f1o resistente y funcional permite un almacenamiento eficiente, evitando la acumulaci\u00f3n de suciedad y facilitando el acceso [&hellip;]<\/p>\n","protected":false},"featured_media":33693,"comment_status":"open","ping_status":"closed","template":"","meta":[],"product_brand":[],"product_cat":[22],"product_tag":[806],"class_list":{"0":"post-297563","1":"product","2":"type-product","3":"status-publish","4":"has-post-thumbnail","6":"product_cat-gadgets","7":"product_tag-mando","9":"first","10":"instock","11":"purchasable","12":"product-type-simple"},"yoast_head":"<!-- This site is optimized with the Yoast SEO plugin v25.1 - https:\/\/yoast.com\/wordpress\/plugins\/seo\/ -->\n<title>Octopus Mando &amp; Soporte Headphone - MyStore - By STLFLIX<\/title>\n<meta name=\"robots\" content=\"index, follow, max-snippet:-1, max-image-preview:large, max-video-preview:-1\" \/>\n<link rel=\"canonical\" href=\"https:\/\/www.monitorstlflix.com\/product\/octopus-controller-headphone-holder-67e475a56537c\/\" \/>\n<meta property=\"og:locale\" content=\"fr_FR\" \/>\n<meta property=\"og:type\" content=\"article\" \/>\n<meta property=\"og:title\" content=\"Octopus Mando &amp; Soporte Headphone - MyStore - By STLFLIX\" \/>\n<meta property=\"og:description\" content=\"ChatGPT Plus Soporte de Polvo Impreso en 3D Este soporte de polvo, fabricado mediante impresi\u00f3n 3D en PLA ecol\u00f3gico, es la soluci\u00f3n ideal para mantener organizados y protegidos tus objetos en espacios como talleres, escritorios o estanter\u00edas. Su dise\u00f1o resistente y funcional permite un almacenamiento eficiente, evitando la acumulaci\u00f3n de suciedad y facilitando el acceso [&hellip;]\" \/>\n<meta property=\"og:url\" content=\"https:\/\/www.monitorstlflix.com\/product\/octopus-controller-headphone-holder-67e475a56537c\/\" \/>\n<meta property=\"og:site_name\" content=\"MyStore - By STLFLIX\" \/>\n<meta property=\"article:publisher\" content=\"https:\/\/www.facebook.com\/STLFLIX\" \/>\n<meta property=\"article:modified_time\" content=\"2025-03-27T21:19:56+00:00\" \/>\n<meta property=\"og:image\" content=\"https:\/\/www.monitorstlflix.com\/wp-content\/uploads\/2024\/05\/Octopus_Controller_and_Headphone_Holder_thumb_4e815d131e.png\" \/>\n\t<meta property=\"og:image:width\" content=\"1080\" \/>\n\t<meta property=\"og:image:height\" content=\"1350\" \/>\n\t<meta property=\"og:image:type\" content=\"image\/png\" \/>\n<meta name=\"twitter:card\" content=\"summary_large_image\" \/>\n<meta name=\"twitter:label1\" content=\"Est. reading time\" \/>\n\t<meta name=\"twitter:data1\" content=\"1 minute\" \/>\n<script type=\"application\/ld+json\" class=\"yoast-schema-graph\">{\"@context\":\"https:\/\/schema.org\",\"@graph\":[{\"@type\":\"WebPage\",\"@id\":\"https:\/\/www.monitorstlflix.com\/product\/octopus-controller-headphone-holder-67e475a56537c\/\",\"url\":\"https:\/\/www.monitorstlflix.com\/product\/octopus-controller-headphone-holder-67e475a56537c\/\",\"name\":\"Octopus Mando &amp; Soporte Headphone - MyStore - By STLFLIX\",\"isPartOf\":{\"@id\":\"https:\/\/www.stlflix-store.com\/#website\"},\"primaryImageOfPage\":{\"@id\":\"https:\/\/www.monitorstlflix.com\/product\/octopus-controller-headphone-holder-67e475a56537c\/#primaryimage\"},\"image\":{\"@id\":\"https:\/\/www.monitorstlflix.com\/product\/octopus-controller-headphone-holder-67e475a56537c\/#primaryimage\"},\"thumbnailUrl\":\"https:\/\/my.stlflix.com\/wp-content\/uploads\/2024\/05\/Octopus_Controller_and_Headphone_Holder_thumb_4e815d131e.png\",\"datePublished\":\"2025-03-27T21:16:22+00:00\",\"dateModified\":\"2025-03-27T21:19:56+00:00\",\"breadcrumb\":{\"@id\":\"https:\/\/www.monitorstlflix.com\/product\/octopus-controller-headphone-holder-67e475a56537c\/#breadcrumb\"},\"inLanguage\":\"fr-FR\",\"potentialAction\":[{\"@type\":\"ReadAction\",\"target\":[\"https:\/\/www.monitorstlflix.com\/product\/octopus-controller-headphone-holder-67e475a56537c\/\"]}]},{\"@type\":\"ImageObject\",\"inLanguage\":\"fr-FR\",\"@id\":\"https:\/\/www.monitorstlflix.com\/product\/octopus-controller-headphone-holder-67e475a56537c\/#primaryimage\",\"url\":\"https:\/\/my.stlflix.com\/wp-content\/uploads\/2024\/05\/Octopus_Controller_and_Headphone_Holder_thumb_4e815d131e.png\",\"contentUrl\":\"https:\/\/my.stlflix.com\/wp-content\/uploads\/2024\/05\/Octopus_Controller_and_Headphone_Holder_thumb_4e815d131e.png\",\"width\":1080,\"height\":1350},{\"@type\":\"BreadcrumbList\",\"@id\":\"https:\/\/www.monitorstlflix.com\/product\/octopus-controller-headphone-holder-67e475a56537c\/#breadcrumb\",\"itemListElement\":[{\"@type\":\"ListItem\",\"position\":1,\"name\":\"Home\",\"item\":\"https:\/\/www.lojadomandela3d.biz\/\"},{\"@type\":\"ListItem\",\"position\":2,\"name\":\"Products\",\"item\":\"https:\/\/www.lojadomandela3d.biz\/shop\/\"},{\"@type\":\"ListItem\",\"position\":3,\"name\":\"Octopus Mando &amp; Soporte Headphone\"}]},{\"@type\":\"WebSite\",\"@id\":\"https:\/\/www.stlflix-store.com\/#website\",\"url\":\"https:\/\/www.stlflix-store.com\/\",\"name\":\"MyStore - By STLFLIX\",\"description\":\"\",\"publisher\":{\"@id\":\"https:\/\/www.stlflix-store.com\/#organization\"},\"potentialAction\":[{\"@type\":\"SearchAction\",\"target\":{\"@type\":\"EntryPoint\",\"urlTemplate\":\"https:\/\/www.stlflix-store.com\/?s={search_term_string}\"},\"query-input\":{\"@type\":\"PropertyValueSpecification\",\"valueRequired\":true,\"valueName\":\"search_term_string\"}}],\"inLanguage\":\"fr-FR\"},{\"@type\":\"Organization\",\"@id\":\"https:\/\/www.stlflix-store.com\/#organization\",\"name\":\"MyStore - By STLFLIX\",\"url\":\"https:\/\/www.stlflix-store.com\/\",\"logo\":{\"@type\":\"ImageObject\",\"inLanguage\":\"fr-FR\",\"@id\":\"https:\/\/www.stlflix-store.com\/#\/schema\/logo\/image\/\",\"url\":\"https:\/\/my.stlflix.com\/wp-content\/uploads\/2024\/06\/logo-mystore.png\",\"contentUrl\":\"https:\/\/my.stlflix.com\/wp-content\/uploads\/2024\/06\/logo-mystore.png\",\"width\":150,\"height\":41,\"caption\":\"MyStore - By STLFLIX\"},\"image\":{\"@id\":\"https:\/\/www.stlflix-store.com\/#\/schema\/logo\/image\/\"},\"sameAs\":[\"https:\/\/www.facebook.com\/STLFLIX\",\"https:\/\/www.instagram.com\/stlflix_\/\",\"https:\/\/www.tiktok.com\/@stlflix\"]}]}<\/script>\n<!-- \/ Yoast SEO plugin. -->","yoast_head_json":{"title":"Octopus Mando &amp; Soporte Headphone - MyStore - By STLFLIX","robots":{"index":"index","follow":"follow","max-snippet":"max-snippet:-1","max-image-preview":"max-image-preview:large","max-video-preview":"max-video-preview:-1"},"canonical":"https:\/\/www.monitorstlflix.com\/product\/octopus-controller-headphone-holder-67e475a56537c\/","og_locale":"fr_FR","og_type":"article","og_title":"Octopus Mando &amp; Soporte Headphone - MyStore - By STLFLIX","og_description":"ChatGPT Plus Soporte de Polvo Impreso en 3D Este soporte de polvo, fabricado mediante impresi\u00f3n 3D en PLA ecol\u00f3gico, es la soluci\u00f3n ideal para mantener organizados y protegidos tus objetos en espacios como talleres, escritorios o estanter\u00edas. Su dise\u00f1o resistente y funcional permite un almacenamiento eficiente, evitando la acumulaci\u00f3n de suciedad y facilitando el acceso [&hellip;]","og_url":"https:\/\/www.monitorstlflix.com\/product\/octopus-controller-headphone-holder-67e475a56537c\/","og_site_name":"MyStore - By STLFLIX","article_publisher":"https:\/\/www.facebook.com\/STLFLIX","article_modified_time":"2025-03-27T21:19:56+00:00","og_image":[{"width":1080,"height":1350,"url":"https:\/\/www.monitorstlflix.com\/wp-content\/uploads\/2024\/05\/Octopus_Controller_and_Headphone_Holder_thumb_4e815d131e.png","type":"image\/png"}],"twitter_card":"summary_large_image","twitter_misc":{"Est. reading time":"1 minute"},"schema":{"@context":"https:\/\/schema.org","@graph":[{"@type":"WebPage","@id":"https:\/\/www.monitorstlflix.com\/product\/octopus-controller-headphone-holder-67e475a56537c\/","url":"https:\/\/www.monitorstlflix.com\/product\/octopus-controller-headphone-holder-67e475a56537c\/","name":"Octopus Mando &amp; Soporte Headphone - MyStore - By STLFLIX","isPartOf":{"@id":"https:\/\/www.stlflix-store.com\/#website"},"primaryImageOfPage":{"@id":"https:\/\/www.monitorstlflix.com\/product\/octopus-controller-headphone-holder-67e475a56537c\/#primaryimage"},"image":{"@id":"https:\/\/www.monitorstlflix.com\/product\/octopus-controller-headphone-holder-67e475a56537c\/#primaryimage"},"thumbnailUrl":"https:\/\/my.stlflix.com\/wp-content\/uploads\/2024\/05\/Octopus_Controller_and_Headphone_Holder_thumb_4e815d131e.png","datePublished":"2025-03-27T21:16:22+00:00","dateModified":"2025-03-27T21:19:56+00:00","breadcrumb":{"@id":"https:\/\/www.monitorstlflix.com\/product\/octopus-controller-headphone-holder-67e475a56537c\/#breadcrumb"},"inLanguage":"fr-FR","potentialAction":[{"@type":"ReadAction","target":["https:\/\/www.monitorstlflix.com\/product\/octopus-controller-headphone-holder-67e475a56537c\/"]}]},{"@type":"ImageObject","inLanguage":"fr-FR","@id":"https:\/\/www.monitorstlflix.com\/product\/octopus-controller-headphone-holder-67e475a56537c\/#primaryimage","url":"https:\/\/my.stlflix.com\/wp-content\/uploads\/2024\/05\/Octopus_Controller_and_Headphone_Holder_thumb_4e815d131e.png","contentUrl":"https:\/\/my.stlflix.com\/wp-content\/uploads\/2024\/05\/Octopus_Controller_and_Headphone_Holder_thumb_4e815d131e.png","width":1080,"height":1350},{"@type":"BreadcrumbList","@id":"https:\/\/www.monitorstlflix.com\/product\/octopus-controller-headphone-holder-67e475a56537c\/#breadcrumb","itemListElement":[{"@type":"ListItem","position":1,"name":"Home","item":"https:\/\/www.lojadomandela3d.biz\/"},{"@type":"ListItem","position":2,"name":"Products","item":"https:\/\/www.lojadomandela3d.biz\/shop\/"},{"@type":"ListItem","position":3,"name":"Octopus Mando &amp; Soporte Headphone"}]},{"@type":"WebSite","@id":"https:\/\/www.stlflix-store.com\/#website","url":"https:\/\/www.stlflix-store.com\/","name":"MyStore - By STLFLIX","description":"","publisher":{"@id":"https:\/\/www.stlflix-store.com\/#organization"},"potentialAction":[{"@type":"SearchAction","target":{"@type":"EntryPoint","urlTemplate":"https:\/\/www.stlflix-store.com\/?s={search_term_string}"},"query-input":{"@type":"PropertyValueSpecification","valueRequired":true,"valueName":"search_term_string"}}],"inLanguage":"fr-FR"},{"@type":"Organization","@id":"https:\/\/www.stlflix-store.com\/#organization","name":"MyStore - By STLFLIX","url":"https:\/\/www.stlflix-store.com\/","logo":{"@type":"ImageObject","inLanguage":"fr-FR","@id":"https:\/\/www.stlflix-store.com\/#\/schema\/logo\/image\/","url":"https:\/\/my.stlflix.com\/wp-content\/uploads\/2024\/06\/logo-mystore.png","contentUrl":"https:\/\/my.stlflix.com\/wp-content\/uploads\/2024\/06\/logo-mystore.png","width":150,"height":41,"caption":"MyStore - By STLFLIX"},"image":{"@id":"https:\/\/www.stlflix-store.com\/#\/schema\/logo\/image\/"},"sameAs":["https:\/\/www.facebook.com\/STLFLIX","https:\/\/www.instagram.com\/stlflix_\/","https:\/\/www.tiktok.com\/@stlflix"]}]}},"_links":{"self":[{"href":"https:\/\/my.stlflix.com\/fr\/wp-json\/wp\/v2\/product\/297563","targetHints":{"allow":["GET"]}}],"collection":[{"href":"https:\/\/my.stlflix.com\/fr\/wp-json\/wp\/v2\/product"}],"about":[{"href":"https:\/\/my.stlflix.com\/fr\/wp-json\/wp\/v2\/types\/product"}],"replies":[{"embeddable":true,"href":"https:\/\/my.stlflix.com\/fr\/wp-json\/wp\/v2\/comments?post=297563"}],"wp:featuredmedia":[{"embeddable":true,"href":"https:\/\/my.stlflix.com\/fr\/wp-json\/wp\/v2\/media\/33693"}],"wp:attachment":[{"href":"https:\/\/my.stlflix.com\/fr\/wp-json\/wp\/v2\/media?parent=297563"}],"wp:term":[{"taxonomy":"product_brand","embeddable":true,"href":"https:\/\/my.stlflix.com\/fr\/wp-json\/wp\/v2\/product_brand?post=297563"},{"taxonomy":"product_cat","embeddable":true,"href":"https:\/\/my.stlflix.com\/fr\/wp-json\/wp\/v2\/product_cat?post=297563"},{"taxonomy":"product_tag","embeddable":true,"href":"https:\/\/my.stlflix.com\/fr\/wp-json\/wp\/v2\/product_tag?post=297563"}],"curies":[{"name":"wp","href":"https:\/\/api.w.org\/{rel}","templated":true}]}}