{"id":297955,"date":"2025-03-27T20:41:51","date_gmt":"2025-03-27T20:41:51","guid":{"rendered":"https:\/\/my.stlflix.com\/?post_type=product&#038;p=297955"},"modified":"2025-03-27T21:34:41","modified_gmt":"2025-03-27T21:34:41","slug":"quick-snack-phone-holder-67e5b2ec568e6","status":"publish","type":"product","link":"https:\/\/my.stlflix.com\/fr\/product\/quick-snack-phone-holder-67e5b2ec568e6\/","title":{"rendered":"Soporte M\u00f3vil Patatas Fritas"},"content":{"rendered":"<h3 class=\"\" data-start=\"0\" data-end=\"43\">Soporte para Smartphone Impreso en 3D<\/h3>\n<p class=\"\" data-start=\"45\" data-end=\"375\">Este soporte para smartphone, dise\u00f1ado y fabricado mediante impresi\u00f3n 3D, ofrece una soluci\u00f3n pr\u00e1ctica y elegante para sostener tu dispositivo de manera estable en cualquier superficie. Su dise\u00f1o ergon\u00f3mico y compacto permite un ajuste perfecto para diferentes tama\u00f1os de tel\u00e9fonos m\u00f3viles, asegurando comodidad y funcionalidad.<\/p>\n<p class=\"\" data-start=\"377\" data-end=\"779\">\ud83d\udd39 <strong data-start=\"380\" data-end=\"393\">Material:<\/strong> PLA<br data-start=\"430\" data-end=\"433\" \/>\ud83d\udd39 <strong data-start=\"436\" data-end=\"447\" data-is-only-node=\"\">Dise\u00f1o:<\/strong> Minimalista y ligero,\u00a0 mesas de noche o espacios de trabajo<br data-start=\"530\" data-end=\"533\" \/>\ud83d\udd39 <strong data-start=\"536\" data-end=\"555\">Compatibilidad:<\/strong> Compatible con la mayor\u00eda de los smartphones del mercado<br data-start=\"612\" data-end=\"615\" \/>\ud83d\udd39 <strong data-start=\"618\" data-end=\"639\">\u00c1ngulo de Visi\u00f3n:<\/strong> Optimizado para videollamadas, visualizaci\u00f3n de contenido o navegaci\u00f3n<br data-start=\"710\" data-end=\"713\" \/>\ud83d\udd39 <strong data-start=\"716\" data-end=\"735\">Personalizable:<\/strong> Disponible en distintos colores y tama\u00f1os<\/p>\n<p class=\"\" data-start=\"781\" data-end=\"897\">Perfecto para quienes buscan una soluci\u00f3n eficiente, resistente y moderna para sostener su smartphone con estilo. \ud83d\ude80<\/p>\n","protected":false},"excerpt":{"rendered":"<p>Soporte para Smartphone Impreso en 3D Este soporte para smartphone, dise\u00f1ado y fabricado mediante impresi\u00f3n 3D, ofrece una soluci\u00f3n pr\u00e1ctica y elegante para sostener tu dispositivo de manera estable en cualquier superficie. Su dise\u00f1o ergon\u00f3mico y compacto permite un ajuste perfecto para diferentes tama\u00f1os de tel\u00e9fonos m\u00f3viles, asegurando comodidad y funcionalidad. \ud83d\udd39 Material: PLA\ud83d\udd39 Dise\u00f1o: [&hellip;]<\/p>\n","protected":false},"featured_media":93865,"comment_status":"open","ping_status":"closed","template":"","meta":[],"product_brand":[],"product_cat":[22],"product_tag":[2276],"class_list":{"0":"post-297955","1":"product","2":"type-product","3":"status-publish","4":"has-post-thumbnail","6":"product_cat-gadgets","7":"product_tag-soporte-movil","9":"first","10":"onbackorder","11":"sold-individually","12":"purchasable","13":"product-type-simple"},"yoast_head":"<!-- This site is optimized with the Yoast SEO plugin v25.1 - https:\/\/yoast.com\/wordpress\/plugins\/seo\/ -->\n<title>Soporte M\u00f3vil Patatas Fritas - MyStore - By STLFLIX<\/title>\n<meta name=\"robots\" content=\"index, follow, max-snippet:-1, max-image-preview:large, max-video-preview:-1\" \/>\n<link rel=\"canonical\" href=\"https:\/\/www.monitorstlflix.online\/product\/quick-snack-phone-holder-67e5b2ec568e6\/\" \/>\n<meta property=\"og:locale\" content=\"fr_FR\" \/>\n<meta property=\"og:type\" content=\"article\" \/>\n<meta property=\"og:title\" content=\"Soporte M\u00f3vil Patatas Fritas - MyStore - By STLFLIX\" \/>\n<meta property=\"og:description\" content=\"Soporte para Smartphone Impreso en 3D Este soporte para smartphone, dise\u00f1ado y fabricado mediante impresi\u00f3n 3D, ofrece una soluci\u00f3n pr\u00e1ctica y elegante para sostener tu dispositivo de manera estable en cualquier superficie. Su dise\u00f1o ergon\u00f3mico y compacto permite un ajuste perfecto para diferentes tama\u00f1os de tel\u00e9fonos m\u00f3viles, asegurando comodidad y funcionalidad. \ud83d\udd39 Material: PLA\ud83d\udd39 Dise\u00f1o: [&hellip;]\" \/>\n<meta property=\"og:url\" content=\"https:\/\/www.monitorstlflix.online\/product\/quick-snack-phone-holder-67e5b2ec568e6\/\" \/>\n<meta property=\"og:site_name\" content=\"MyStore - By STLFLIX\" \/>\n<meta property=\"article:publisher\" content=\"https:\/\/www.facebook.com\/STLFLIX\" \/>\n<meta property=\"article:modified_time\" content=\"2025-03-27T21:34:41+00:00\" \/>\n<meta property=\"og:image\" content=\"https:\/\/www.monitorstlflix.online\/wp-content\/uploads\/2024\/09\/Quick_Snack_Phone_Holder_thumb_3b55ffac43.jpg\" \/>\n\t<meta property=\"og:image:width\" content=\"1080\" \/>\n\t<meta property=\"og:image:height\" content=\"1350\" \/>\n\t<meta property=\"og:image:type\" content=\"image\/jpeg\" \/>\n<meta name=\"twitter:card\" content=\"summary_large_image\" \/>\n<meta name=\"twitter:label1\" content=\"Est. reading time\" \/>\n\t<meta name=\"twitter:data1\" content=\"1 minute\" \/>\n<script type=\"application\/ld+json\" class=\"yoast-schema-graph\">{\"@context\":\"https:\/\/schema.org\",\"@graph\":[{\"@type\":\"WebPage\",\"@id\":\"https:\/\/www.monitorstlflix.online\/product\/quick-snack-phone-holder-67e5b2ec568e6\/\",\"url\":\"https:\/\/www.monitorstlflix.online\/product\/quick-snack-phone-holder-67e5b2ec568e6\/\",\"name\":\"Soporte M\u00f3vil Patatas Fritas - MyStore - By STLFLIX\",\"isPartOf\":{\"@id\":\"https:\/\/www.stlflix-store.com\/#website\"},\"primaryImageOfPage\":{\"@id\":\"https:\/\/www.monitorstlflix.online\/product\/quick-snack-phone-holder-67e5b2ec568e6\/#primaryimage\"},\"image\":{\"@id\":\"https:\/\/www.monitorstlflix.online\/product\/quick-snack-phone-holder-67e5b2ec568e6\/#primaryimage\"},\"thumbnailUrl\":\"https:\/\/my.stlflix.com\/wp-content\/uploads\/2024\/09\/Quick_Snack_Phone_Holder_thumb_3b55ffac43.jpg\",\"datePublished\":\"2025-03-27T20:41:51+00:00\",\"dateModified\":\"2025-03-27T21:34:41+00:00\",\"breadcrumb\":{\"@id\":\"https:\/\/www.monitorstlflix.online\/product\/quick-snack-phone-holder-67e5b2ec568e6\/#breadcrumb\"},\"inLanguage\":\"fr-FR\",\"potentialAction\":[{\"@type\":\"ReadAction\",\"target\":[\"https:\/\/www.monitorstlflix.online\/product\/quick-snack-phone-holder-67e5b2ec568e6\/\"]}]},{\"@type\":\"ImageObject\",\"inLanguage\":\"fr-FR\",\"@id\":\"https:\/\/www.monitorstlflix.online\/product\/quick-snack-phone-holder-67e5b2ec568e6\/#primaryimage\",\"url\":\"https:\/\/my.stlflix.com\/wp-content\/uploads\/2024\/09\/Quick_Snack_Phone_Holder_thumb_3b55ffac43.jpg\",\"contentUrl\":\"https:\/\/my.stlflix.com\/wp-content\/uploads\/2024\/09\/Quick_Snack_Phone_Holder_thumb_3b55ffac43.jpg\",\"width\":1080,\"height\":1350},{\"@type\":\"BreadcrumbList\",\"@id\":\"https:\/\/www.monitorstlflix.online\/product\/quick-snack-phone-holder-67e5b2ec568e6\/#breadcrumb\",\"itemListElement\":[{\"@type\":\"ListItem\",\"position\":1,\"name\":\"Home\",\"item\":\"https:\/\/www.lojadomandela3d.biz\/\"},{\"@type\":\"ListItem\",\"position\":2,\"name\":\"Products\",\"item\":\"https:\/\/www.lojadomandela3d.biz\/shop\/\"},{\"@type\":\"ListItem\",\"position\":3,\"name\":\"Soporte M\u00f3vil Patatas Fritas\"}]},{\"@type\":\"WebSite\",\"@id\":\"https:\/\/www.stlflix-store.com\/#website\",\"url\":\"https:\/\/www.stlflix-store.com\/\",\"name\":\"MyStore - By STLFLIX\",\"description\":\"\",\"publisher\":{\"@id\":\"https:\/\/www.stlflix-store.com\/#organization\"},\"potentialAction\":[{\"@type\":\"SearchAction\",\"target\":{\"@type\":\"EntryPoint\",\"urlTemplate\":\"https:\/\/www.stlflix-store.com\/?s={search_term_string}\"},\"query-input\":{\"@type\":\"PropertyValueSpecification\",\"valueRequired\":true,\"valueName\":\"search_term_string\"}}],\"inLanguage\":\"fr-FR\"},{\"@type\":\"Organization\",\"@id\":\"https:\/\/www.stlflix-store.com\/#organization\",\"name\":\"MyStore - By STLFLIX\",\"url\":\"https:\/\/www.stlflix-store.com\/\",\"logo\":{\"@type\":\"ImageObject\",\"inLanguage\":\"fr-FR\",\"@id\":\"https:\/\/www.stlflix-store.com\/#\/schema\/logo\/image\/\",\"url\":\"https:\/\/my.stlflix.com\/wp-content\/uploads\/2024\/06\/logo-mystore.png\",\"contentUrl\":\"https:\/\/my.stlflix.com\/wp-content\/uploads\/2024\/06\/logo-mystore.png\",\"width\":150,\"height\":41,\"caption\":\"MyStore - By STLFLIX\"},\"image\":{\"@id\":\"https:\/\/www.stlflix-store.com\/#\/schema\/logo\/image\/\"},\"sameAs\":[\"https:\/\/www.facebook.com\/STLFLIX\",\"https:\/\/www.instagram.com\/stlflix_\/\",\"https:\/\/www.tiktok.com\/@stlflix\"]}]}<\/script>\n<!-- \/ Yoast SEO plugin. -->","yoast_head_json":{"title":"Soporte M\u00f3vil Patatas Fritas - MyStore - By STLFLIX","robots":{"index":"index","follow":"follow","max-snippet":"max-snippet:-1","max-image-preview":"max-image-preview:large","max-video-preview":"max-video-preview:-1"},"canonical":"https:\/\/www.monitorstlflix.online\/product\/quick-snack-phone-holder-67e5b2ec568e6\/","og_locale":"fr_FR","og_type":"article","og_title":"Soporte M\u00f3vil Patatas Fritas - MyStore - By STLFLIX","og_description":"Soporte para Smartphone Impreso en 3D Este soporte para smartphone, dise\u00f1ado y fabricado mediante impresi\u00f3n 3D, ofrece una soluci\u00f3n pr\u00e1ctica y elegante para sostener tu dispositivo de manera estable en cualquier superficie. Su dise\u00f1o ergon\u00f3mico y compacto permite un ajuste perfecto para diferentes tama\u00f1os de tel\u00e9fonos m\u00f3viles, asegurando comodidad y funcionalidad. \ud83d\udd39 Material: PLA\ud83d\udd39 Dise\u00f1o: [&hellip;]","og_url":"https:\/\/www.monitorstlflix.online\/product\/quick-snack-phone-holder-67e5b2ec568e6\/","og_site_name":"MyStore - By STLFLIX","article_publisher":"https:\/\/www.facebook.com\/STLFLIX","article_modified_time":"2025-03-27T21:34:41+00:00","og_image":[{"width":1080,"height":1350,"url":"https:\/\/www.monitorstlflix.online\/wp-content\/uploads\/2024\/09\/Quick_Snack_Phone_Holder_thumb_3b55ffac43.jpg","type":"image\/jpeg"}],"twitter_card":"summary_large_image","twitter_misc":{"Est. reading time":"1 minute"},"schema":{"@context":"https:\/\/schema.org","@graph":[{"@type":"WebPage","@id":"https:\/\/www.monitorstlflix.online\/product\/quick-snack-phone-holder-67e5b2ec568e6\/","url":"https:\/\/www.monitorstlflix.online\/product\/quick-snack-phone-holder-67e5b2ec568e6\/","name":"Soporte M\u00f3vil Patatas Fritas - MyStore - By STLFLIX","isPartOf":{"@id":"https:\/\/www.stlflix-store.com\/#website"},"primaryImageOfPage":{"@id":"https:\/\/www.monitorstlflix.online\/product\/quick-snack-phone-holder-67e5b2ec568e6\/#primaryimage"},"image":{"@id":"https:\/\/www.monitorstlflix.online\/product\/quick-snack-phone-holder-67e5b2ec568e6\/#primaryimage"},"thumbnailUrl":"https:\/\/my.stlflix.com\/wp-content\/uploads\/2024\/09\/Quick_Snack_Phone_Holder_thumb_3b55ffac43.jpg","datePublished":"2025-03-27T20:41:51+00:00","dateModified":"2025-03-27T21:34:41+00:00","breadcrumb":{"@id":"https:\/\/www.monitorstlflix.online\/product\/quick-snack-phone-holder-67e5b2ec568e6\/#breadcrumb"},"inLanguage":"fr-FR","potentialAction":[{"@type":"ReadAction","target":["https:\/\/www.monitorstlflix.online\/product\/quick-snack-phone-holder-67e5b2ec568e6\/"]}]},{"@type":"ImageObject","inLanguage":"fr-FR","@id":"https:\/\/www.monitorstlflix.online\/product\/quick-snack-phone-holder-67e5b2ec568e6\/#primaryimage","url":"https:\/\/my.stlflix.com\/wp-content\/uploads\/2024\/09\/Quick_Snack_Phone_Holder_thumb_3b55ffac43.jpg","contentUrl":"https:\/\/my.stlflix.com\/wp-content\/uploads\/2024\/09\/Quick_Snack_Phone_Holder_thumb_3b55ffac43.jpg","width":1080,"height":1350},{"@type":"BreadcrumbList","@id":"https:\/\/www.monitorstlflix.online\/product\/quick-snack-phone-holder-67e5b2ec568e6\/#breadcrumb","itemListElement":[{"@type":"ListItem","position":1,"name":"Home","item":"https:\/\/www.lojadomandela3d.biz\/"},{"@type":"ListItem","position":2,"name":"Products","item":"https:\/\/www.lojadomandela3d.biz\/shop\/"},{"@type":"ListItem","position":3,"name":"Soporte M\u00f3vil Patatas Fritas"}]},{"@type":"WebSite","@id":"https:\/\/www.stlflix-store.com\/#website","url":"https:\/\/www.stlflix-store.com\/","name":"MyStore - By STLFLIX","description":"","publisher":{"@id":"https:\/\/www.stlflix-store.com\/#organization"},"potentialAction":[{"@type":"SearchAction","target":{"@type":"EntryPoint","urlTemplate":"https:\/\/www.stlflix-store.com\/?s={search_term_string}"},"query-input":{"@type":"PropertyValueSpecification","valueRequired":true,"valueName":"search_term_string"}}],"inLanguage":"fr-FR"},{"@type":"Organization","@id":"https:\/\/www.stlflix-store.com\/#organization","name":"MyStore - By STLFLIX","url":"https:\/\/www.stlflix-store.com\/","logo":{"@type":"ImageObject","inLanguage":"fr-FR","@id":"https:\/\/www.stlflix-store.com\/#\/schema\/logo\/image\/","url":"https:\/\/my.stlflix.com\/wp-content\/uploads\/2024\/06\/logo-mystore.png","contentUrl":"https:\/\/my.stlflix.com\/wp-content\/uploads\/2024\/06\/logo-mystore.png","width":150,"height":41,"caption":"MyStore - By STLFLIX"},"image":{"@id":"https:\/\/www.stlflix-store.com\/#\/schema\/logo\/image\/"},"sameAs":["https:\/\/www.facebook.com\/STLFLIX","https:\/\/www.instagram.com\/stlflix_\/","https:\/\/www.tiktok.com\/@stlflix"]}]}},"_links":{"self":[{"href":"https:\/\/my.stlflix.com\/fr\/wp-json\/wp\/v2\/product\/297955","targetHints":{"allow":["GET"]}}],"collection":[{"href":"https:\/\/my.stlflix.com\/fr\/wp-json\/wp\/v2\/product"}],"about":[{"href":"https:\/\/my.stlflix.com\/fr\/wp-json\/wp\/v2\/types\/product"}],"replies":[{"embeddable":true,"href":"https:\/\/my.stlflix.com\/fr\/wp-json\/wp\/v2\/comments?post=297955"}],"wp:featuredmedia":[{"embeddable":true,"href":"https:\/\/my.stlflix.com\/fr\/wp-json\/wp\/v2\/media\/93865"}],"wp:attachment":[{"href":"https:\/\/my.stlflix.com\/fr\/wp-json\/wp\/v2\/media?parent=297955"}],"wp:term":[{"taxonomy":"product_brand","embeddable":true,"href":"https:\/\/my.stlflix.com\/fr\/wp-json\/wp\/v2\/product_brand?post=297955"},{"taxonomy":"product_cat","embeddable":true,"href":"https:\/\/my.stlflix.com\/fr\/wp-json\/wp\/v2\/product_cat?post=297955"},{"taxonomy":"product_tag","embeddable":true,"href":"https:\/\/my.stlflix.com\/fr\/wp-json\/wp\/v2\/product_tag?post=297955"}],"curies":[{"name":"wp","href":"https:\/\/api.w.org\/{rel}","templated":true}]}}