{"id":307153,"date":"2025-04-08T13:15:20","date_gmt":"2025-04-08T13:15:20","guid":{"rendered":"https:\/\/my.stlflix.com\/?post_type=product&#038;p=307153"},"modified":"2025-04-18T08:01:19","modified_gmt":"2025-04-18T08:01:19","slug":"stone-baby-dragon-67f4f8a34cc47","status":"publish","type":"product","link":"https:\/\/my.stlflix.com\/fr\/product\/stone-baby-dragon-67f4f8a34cc47\/","title":{"rendered":"Stone Baby Dragon"},"content":{"rendered":"<h3 class=\"\" data-start=\"201\" data-end=\"257\"><strong data-start=\"208\" data-end=\"257\">Stone Baby Dragon \u2014 Le petit dragon de pierre<\/strong><\/h3>\n<p class=\"\" data-start=\"259\" data-end=\"557\">Adorable, sto\u00efque et d\u00e9j\u00e0 rempli de sagesse, ce petit dragon de pierre ne demande qu\u2019\u00e0 grandir ! Sculpt\u00e9 avec finesse, il incarne toute la puissance tranquille d\u2019un rocher\u2026 mais en version miniature.<br data-start=\"458\" data-end=\"461\" \/>Parfait pour les amateurs de fantasy, de d\u00e9coration geek ou de cr\u00e9ations artisanales originales.<\/p>\n<p class=\"\" data-start=\"559\" data-end=\"653\">Imprim\u00e9, il tr\u00f4nera fi\u00e8rement sur votre bureau, votre \u00e9tag\u00e8re ou au c\u0153ur d\u2019un diorama magique.<\/p>\n","protected":false},"excerpt":{"rendered":"<p>Stone Baby Dragon \u2014 Le petit dragon de pierre Adorable, sto\u00efque et d\u00e9j\u00e0 rempli de sagesse, ce petit dragon de pierre ne demande qu\u2019\u00e0 grandir ! Sculpt\u00e9 avec finesse, il incarne toute la puissance tranquille d\u2019un rocher\u2026 mais en version miniature.Parfait pour les amateurs de fantasy, de d\u00e9coration geek ou de cr\u00e9ations artisanales originales. Imprim\u00e9, [&hellip;]<\/p>\n","protected":false},"featured_media":6502,"comment_status":"open","ping_status":"closed","template":"","meta":[],"product_brand":[],"product_cat":[20],"product_tag":[4026,5781,1590],"class_list":{"0":"post-307153","1":"product","2":"type-product","3":"status-publish","4":"has-post-thumbnail","6":"product_cat-articulated","7":"product_tag-articulated-2","8":"product_tag-articulated-toys-2","9":"product_tag-creature","11":"first","12":"instock","13":"purchasable","14":"product-type-simple"},"yoast_head":"<!-- This site is optimized with the Yoast SEO plugin v25.1 - https:\/\/yoast.com\/wordpress\/plugins\/seo\/ -->\n<title>Stone Baby Dragon - MyStore - By STLFLIX<\/title>\n<meta name=\"description\" content=\"Adorable, sto\u00efque et d\u00e9j\u00e0 rempli de sagesse, ce petit dragon de pierre ne demande qu\u2019\u00e0 grandir ! Sculpt\u00e9 avec finesse, il incarne toute la puissance tranquille d\u2019un rocher\" \/>\n<meta name=\"robots\" content=\"index, follow, max-snippet:-1, max-image-preview:large, max-video-preview:-1\" \/>\n<link rel=\"canonical\" href=\"https:\/\/www.testeminhalojamandela.biz\/product\/stone-baby-dragon-67f4f8a34cc47\/\" \/>\n<meta property=\"og:locale\" content=\"fr_FR\" \/>\n<meta property=\"og:type\" content=\"article\" \/>\n<meta property=\"og:title\" content=\"Stone Baby Dragon - MyStore - By STLFLIX\" \/>\n<meta property=\"og:description\" content=\"Adorable, sto\u00efque et d\u00e9j\u00e0 rempli de sagesse, ce petit dragon de pierre ne demande qu\u2019\u00e0 grandir ! Sculpt\u00e9 avec finesse, il incarne toute la puissance tranquille d\u2019un rocher\" \/>\n<meta property=\"og:url\" content=\"https:\/\/www.testeminhalojamandela.biz\/product\/stone-baby-dragon-67f4f8a34cc47\/\" \/>\n<meta property=\"og:site_name\" content=\"MyStore - By STLFLIX\" \/>\n<meta property=\"article:publisher\" content=\"https:\/\/www.facebook.com\/STLFLIX\" \/>\n<meta property=\"article:modified_time\" content=\"2025-04-18T08:01:19+00:00\" \/>\n<meta property=\"og:image\" content=\"https:\/\/www.testeminhalojamandela.biz\/wp-content\/uploads\/2024\/03\/FEED_d52fc59cc6.jpg\" \/>\n\t<meta property=\"og:image:width\" content=\"1079\" \/>\n\t<meta property=\"og:image:height\" content=\"1350\" \/>\n\t<meta property=\"og:image:type\" content=\"image\/jpeg\" \/>\n<meta name=\"twitter:card\" content=\"summary_large_image\" \/>\n<script type=\"application\/ld+json\" class=\"yoast-schema-graph\">{\"@context\":\"https:\/\/schema.org\",\"@graph\":[{\"@type\":\"WebPage\",\"@id\":\"https:\/\/www.testeminhalojamandela.biz\/product\/stone-baby-dragon-67f4f8a34cc47\/\",\"url\":\"https:\/\/www.testeminhalojamandela.biz\/product\/stone-baby-dragon-67f4f8a34cc47\/\",\"name\":\"Stone Baby Dragon - MyStore - By STLFLIX\",\"isPartOf\":{\"@id\":\"https:\/\/my.stlflix.com\/tr\/#website\"},\"primaryImageOfPage\":{\"@id\":\"https:\/\/www.testeminhalojamandela.biz\/product\/stone-baby-dragon-67f4f8a34cc47\/#primaryimage\"},\"image\":{\"@id\":\"https:\/\/www.testeminhalojamandela.biz\/product\/stone-baby-dragon-67f4f8a34cc47\/#primaryimage\"},\"thumbnailUrl\":\"https:\/\/my.stlflix.com\/wp-content\/uploads\/2024\/03\/FEED_d52fc59cc6.jpg\",\"datePublished\":\"2025-04-08T13:15:20+00:00\",\"dateModified\":\"2025-04-18T08:01:19+00:00\",\"description\":\"Adorable, sto\u00efque et d\u00e9j\u00e0 rempli de sagesse, ce petit dragon de pierre ne demande qu\u2019\u00e0 grandir ! Sculpt\u00e9 avec finesse, il incarne toute la puissance tranquille d\u2019un rocher\",\"breadcrumb\":{\"@id\":\"https:\/\/www.testeminhalojamandela.biz\/product\/stone-baby-dragon-67f4f8a34cc47\/#breadcrumb\"},\"inLanguage\":\"fr-FR\",\"potentialAction\":[{\"@type\":\"ReadAction\",\"target\":[\"https:\/\/www.testeminhalojamandela.biz\/product\/stone-baby-dragon-67f4f8a34cc47\/\"]}]},{\"@type\":\"ImageObject\",\"inLanguage\":\"fr-FR\",\"@id\":\"https:\/\/www.testeminhalojamandela.biz\/product\/stone-baby-dragon-67f4f8a34cc47\/#primaryimage\",\"url\":\"https:\/\/my.stlflix.com\/wp-content\/uploads\/2024\/03\/FEED_d52fc59cc6.jpg\",\"contentUrl\":\"https:\/\/my.stlflix.com\/wp-content\/uploads\/2024\/03\/FEED_d52fc59cc6.jpg\",\"width\":1079,\"height\":1350},{\"@type\":\"BreadcrumbList\",\"@id\":\"https:\/\/www.testeminhalojamandela.biz\/product\/stone-baby-dragon-67f4f8a34cc47\/#breadcrumb\",\"itemListElement\":[{\"@type\":\"ListItem\",\"position\":1,\"name\":\"Home\",\"item\":\"https:\/\/my.stlflix.com\/\"},{\"@type\":\"ListItem\",\"position\":2,\"name\":\"Products\",\"item\":\"https:\/\/my.stlflix.com\/fr\/shop\/\"},{\"@type\":\"ListItem\",\"position\":3,\"name\":\"Stone Baby Dragon\"}]},{\"@type\":\"WebSite\",\"@id\":\"https:\/\/my.stlflix.com\/tr\/#website\",\"url\":\"https:\/\/my.stlflix.com\/tr\/\",\"name\":\"MyStore - By STLFLIX\",\"description\":\"\",\"publisher\":{\"@id\":\"https:\/\/my.stlflix.com\/tr\/#organization\"},\"potentialAction\":[{\"@type\":\"SearchAction\",\"target\":{\"@type\":\"EntryPoint\",\"urlTemplate\":\"https:\/\/my.stlflix.com\/tr\/?s={search_term_string}\"},\"query-input\":{\"@type\":\"PropertyValueSpecification\",\"valueRequired\":true,\"valueName\":\"search_term_string\"}}],\"inLanguage\":\"fr-FR\"},{\"@type\":\"Organization\",\"@id\":\"https:\/\/my.stlflix.com\/tr\/#organization\",\"name\":\"MyStore - By STLFLIX\",\"url\":\"https:\/\/my.stlflix.com\/tr\/\",\"logo\":{\"@type\":\"ImageObject\",\"inLanguage\":\"fr-FR\",\"@id\":\"https:\/\/my.stlflix.com\/tr\/#\/schema\/logo\/image\/\",\"url\":\"https:\/\/my.stlflix.com\/wp-content\/uploads\/2024\/06\/logo-mystore.png\",\"contentUrl\":\"https:\/\/my.stlflix.com\/wp-content\/uploads\/2024\/06\/logo-mystore.png\",\"width\":150,\"height\":41,\"caption\":\"MyStore - By STLFLIX\"},\"image\":{\"@id\":\"https:\/\/my.stlflix.com\/tr\/#\/schema\/logo\/image\/\"},\"sameAs\":[\"https:\/\/www.facebook.com\/STLFLIX\",\"https:\/\/www.instagram.com\/stlflix_\/\",\"https:\/\/www.tiktok.com\/@stlflix\"]}]}<\/script>\n<!-- \/ Yoast SEO plugin. -->","yoast_head_json":{"title":"Stone Baby Dragon - MyStore - By STLFLIX","description":"Adorable, sto\u00efque et d\u00e9j\u00e0 rempli de sagesse, ce petit dragon de pierre ne demande qu\u2019\u00e0 grandir ! Sculpt\u00e9 avec finesse, il incarne toute la puissance tranquille d\u2019un rocher","robots":{"index":"index","follow":"follow","max-snippet":"max-snippet:-1","max-image-preview":"max-image-preview:large","max-video-preview":"max-video-preview:-1"},"canonical":"https:\/\/www.testeminhalojamandela.biz\/product\/stone-baby-dragon-67f4f8a34cc47\/","og_locale":"fr_FR","og_type":"article","og_title":"Stone Baby Dragon - MyStore - By STLFLIX","og_description":"Adorable, sto\u00efque et d\u00e9j\u00e0 rempli de sagesse, ce petit dragon de pierre ne demande qu\u2019\u00e0 grandir ! Sculpt\u00e9 avec finesse, il incarne toute la puissance tranquille d\u2019un rocher","og_url":"https:\/\/www.testeminhalojamandela.biz\/product\/stone-baby-dragon-67f4f8a34cc47\/","og_site_name":"MyStore - By STLFLIX","article_publisher":"https:\/\/www.facebook.com\/STLFLIX","article_modified_time":"2025-04-18T08:01:19+00:00","og_image":[{"width":1079,"height":1350,"url":"https:\/\/www.testeminhalojamandela.biz\/wp-content\/uploads\/2024\/03\/FEED_d52fc59cc6.jpg","type":"image\/jpeg"}],"twitter_card":"summary_large_image","schema":{"@context":"https:\/\/schema.org","@graph":[{"@type":"WebPage","@id":"https:\/\/www.testeminhalojamandela.biz\/product\/stone-baby-dragon-67f4f8a34cc47\/","url":"https:\/\/www.testeminhalojamandela.biz\/product\/stone-baby-dragon-67f4f8a34cc47\/","name":"Stone Baby Dragon - MyStore - By STLFLIX","isPartOf":{"@id":"https:\/\/my.stlflix.com\/tr\/#website"},"primaryImageOfPage":{"@id":"https:\/\/www.testeminhalojamandela.biz\/product\/stone-baby-dragon-67f4f8a34cc47\/#primaryimage"},"image":{"@id":"https:\/\/www.testeminhalojamandela.biz\/product\/stone-baby-dragon-67f4f8a34cc47\/#primaryimage"},"thumbnailUrl":"https:\/\/my.stlflix.com\/wp-content\/uploads\/2024\/03\/FEED_d52fc59cc6.jpg","datePublished":"2025-04-08T13:15:20+00:00","dateModified":"2025-04-18T08:01:19+00:00","description":"Adorable, sto\u00efque et d\u00e9j\u00e0 rempli de sagesse, ce petit dragon de pierre ne demande qu\u2019\u00e0 grandir ! Sculpt\u00e9 avec finesse, il incarne toute la puissance tranquille d\u2019un rocher","breadcrumb":{"@id":"https:\/\/www.testeminhalojamandela.biz\/product\/stone-baby-dragon-67f4f8a34cc47\/#breadcrumb"},"inLanguage":"fr-FR","potentialAction":[{"@type":"ReadAction","target":["https:\/\/www.testeminhalojamandela.biz\/product\/stone-baby-dragon-67f4f8a34cc47\/"]}]},{"@type":"ImageObject","inLanguage":"fr-FR","@id":"https:\/\/www.testeminhalojamandela.biz\/product\/stone-baby-dragon-67f4f8a34cc47\/#primaryimage","url":"https:\/\/my.stlflix.com\/wp-content\/uploads\/2024\/03\/FEED_d52fc59cc6.jpg","contentUrl":"https:\/\/my.stlflix.com\/wp-content\/uploads\/2024\/03\/FEED_d52fc59cc6.jpg","width":1079,"height":1350},{"@type":"BreadcrumbList","@id":"https:\/\/www.testeminhalojamandela.biz\/product\/stone-baby-dragon-67f4f8a34cc47\/#breadcrumb","itemListElement":[{"@type":"ListItem","position":1,"name":"Home","item":"https:\/\/my.stlflix.com\/"},{"@type":"ListItem","position":2,"name":"Products","item":"https:\/\/my.stlflix.com\/fr\/shop\/"},{"@type":"ListItem","position":3,"name":"Stone Baby Dragon"}]},{"@type":"WebSite","@id":"https:\/\/my.stlflix.com\/tr\/#website","url":"https:\/\/my.stlflix.com\/tr\/","name":"MyStore - By STLFLIX","description":"","publisher":{"@id":"https:\/\/my.stlflix.com\/tr\/#organization"},"potentialAction":[{"@type":"SearchAction","target":{"@type":"EntryPoint","urlTemplate":"https:\/\/my.stlflix.com\/tr\/?s={search_term_string}"},"query-input":{"@type":"PropertyValueSpecification","valueRequired":true,"valueName":"search_term_string"}}],"inLanguage":"fr-FR"},{"@type":"Organization","@id":"https:\/\/my.stlflix.com\/tr\/#organization","name":"MyStore - By STLFLIX","url":"https:\/\/my.stlflix.com\/tr\/","logo":{"@type":"ImageObject","inLanguage":"fr-FR","@id":"https:\/\/my.stlflix.com\/tr\/#\/schema\/logo\/image\/","url":"https:\/\/my.stlflix.com\/wp-content\/uploads\/2024\/06\/logo-mystore.png","contentUrl":"https:\/\/my.stlflix.com\/wp-content\/uploads\/2024\/06\/logo-mystore.png","width":150,"height":41,"caption":"MyStore - By STLFLIX"},"image":{"@id":"https:\/\/my.stlflix.com\/tr\/#\/schema\/logo\/image\/"},"sameAs":["https:\/\/www.facebook.com\/STLFLIX","https:\/\/www.instagram.com\/stlflix_\/","https:\/\/www.tiktok.com\/@stlflix"]}]}},"_links":{"self":[{"href":"https:\/\/my.stlflix.com\/fr\/wp-json\/wp\/v2\/product\/307153","targetHints":{"allow":["GET"]}}],"collection":[{"href":"https:\/\/my.stlflix.com\/fr\/wp-json\/wp\/v2\/product"}],"about":[{"href":"https:\/\/my.stlflix.com\/fr\/wp-json\/wp\/v2\/types\/product"}],"replies":[{"embeddable":true,"href":"https:\/\/my.stlflix.com\/fr\/wp-json\/wp\/v2\/comments?post=307153"}],"wp:featuredmedia":[{"embeddable":true,"href":"https:\/\/my.stlflix.com\/fr\/wp-json\/wp\/v2\/media\/6502"}],"wp:attachment":[{"href":"https:\/\/my.stlflix.com\/fr\/wp-json\/wp\/v2\/media?parent=307153"}],"wp:term":[{"taxonomy":"product_brand","embeddable":true,"href":"https:\/\/my.stlflix.com\/fr\/wp-json\/wp\/v2\/product_brand?post=307153"},{"taxonomy":"product_cat","embeddable":true,"href":"https:\/\/my.stlflix.com\/fr\/wp-json\/wp\/v2\/product_cat?post=307153"},{"taxonomy":"product_tag","embeddable":true,"href":"https:\/\/my.stlflix.com\/fr\/wp-json\/wp\/v2\/product_tag?post=307153"}],"curies":[{"name":"wp","href":"https:\/\/api.w.org\/{rel}","templated":true}]}}