{"id":315810,"date":"2025-05-08T20:14:46","date_gmt":"2025-05-08T20:14:46","guid":{"rendered":"https:\/\/my.stlflix.com\/?post_type=product&#038;p=315810"},"modified":"2025-05-08T20:14:47","modified_gmt":"2025-05-08T20:14:47","slug":"exploding-volcano-67ff1a5c61a7c","status":"publish","type":"product","link":"https:\/\/my.stlflix.com\/fr\/product\/exploding-volcano-67ff1a5c61a7c\/","title":{"rendered":"Exploding Volcano"},"content":{"rendered":"<p><!--StartFragment --><\/p>\n<p>A impress\u00e3o 3D <strong>Exploding Volcano<\/strong> captura toda a for\u00e7a e impon\u00eancia de uma erup\u00e7\u00e3o vulc\u00e2nica em detalhes incr\u00edveis. O modelo apresenta um vulc\u00e3o com texturas realistas de rocha e lava, com uma explos\u00e3o din\u00e2mica no topo, representando a energia bruta da natureza.<\/p>\n<p>Para um efeito visual ainda mais impactante, luzes LED podem ser adicionadas para simular o brilho intenso da lava em meio \u00e0 fuma\u00e7a e \u00e0s cinzas. Ideal para entusiastas da geologia, apaixonados por fen\u00f4menos naturais e colecionadores que buscam uma pe\u00e7a dram\u00e1tica e cheia de vida!<\/p>\n<p><!--EndFragment --><\/p>\n","protected":false},"excerpt":{"rendered":"<p>A impress\u00e3o 3D Exploding Volcano captura toda a for\u00e7a e impon\u00eancia de uma erup\u00e7\u00e3o vulc\u00e2nica em detalhes incr\u00edveis. O modelo apresenta um vulc\u00e3o com texturas realistas de rocha e lava, com uma explos\u00e3o din\u00e2mica no topo, representando a energia bruta da natureza. Para um efeito visual ainda mais impactante, luzes LED podem ser adicionadas para [&hellip;]<\/p>\n","protected":false},"featured_media":30899,"comment_status":"open","ping_status":"closed","template":"","meta":[],"product_brand":[],"product_cat":[25],"product_tag":[],"class_list":{"0":"post-315810","1":"product","2":"type-product","3":"status-publish","4":"has-post-thumbnail","6":"product_cat-home-decor","8":"first","9":"instock","10":"taxable","11":"shipping-taxable","12":"purchasable","13":"product-type-simple"},"yoast_head":"<!-- This site is optimized with the Yoast SEO plugin v25.1 - https:\/\/yoast.com\/wordpress\/plugins\/seo\/ -->\n<title>Exploding Volcano - MyStore - By STLFLIX<\/title>\n<meta name=\"robots\" content=\"index, follow, max-snippet:-1, max-image-preview:large, max-video-preview:-1\" \/>\n<link rel=\"canonical\" href=\"https:\/\/my.stlflix.com\/fr\/product\/exploding-volcano-67ff1a5c61a7c\/\" \/>\n<meta property=\"og:locale\" content=\"fr_FR\" \/>\n<meta property=\"og:type\" content=\"article\" \/>\n<meta property=\"og:title\" content=\"Exploding Volcano - MyStore - By STLFLIX\" \/>\n<meta property=\"og:description\" content=\"A impress\u00e3o 3D Exploding Volcano captura toda a for\u00e7a e impon\u00eancia de uma erup\u00e7\u00e3o vulc\u00e2nica em detalhes incr\u00edveis. O modelo apresenta um vulc\u00e3o com texturas realistas de rocha e lava, com uma explos\u00e3o din\u00e2mica no topo, representando a energia bruta da natureza. Para um efeito visual ainda mais impactante, luzes LED podem ser adicionadas para [&hellip;]\" \/>\n<meta property=\"og:url\" content=\"https:\/\/my.stlflix.com\/fr\/product\/exploding-volcano-67ff1a5c61a7c\/\" \/>\n<meta property=\"og:site_name\" content=\"MyStore - By STLFLIX\" \/>\n<meta property=\"article:publisher\" content=\"https:\/\/www.facebook.com\/STLFLIX\" \/>\n<meta property=\"article:modified_time\" content=\"2025-05-08T20:14:47+00:00\" \/>\n<meta property=\"og:image\" content=\"https:\/\/my.stlflix.com\/wp-content\/uploads\/2024\/05\/Exploding_Volcano_thumb_96712b036c.jpg\" \/>\n\t<meta property=\"og:image:width\" content=\"1080\" \/>\n\t<meta property=\"og:image:height\" content=\"1350\" \/>\n\t<meta property=\"og:image:type\" content=\"image\/jpeg\" \/>\n<meta name=\"twitter:card\" content=\"summary_large_image\" \/>\n<meta name=\"twitter:label1\" content=\"Est. reading time\" \/>\n\t<meta name=\"twitter:data1\" content=\"1 minute\" \/>\n<script type=\"application\/ld+json\" class=\"yoast-schema-graph\">{\"@context\":\"https:\/\/schema.org\",\"@graph\":[{\"@type\":\"WebPage\",\"@id\":\"https:\/\/my.stlflix.com\/fr\/product\/exploding-volcano-67ff1a5c61a7c\/\",\"url\":\"https:\/\/my.stlflix.com\/fr\/product\/exploding-volcano-67ff1a5c61a7c\/\",\"name\":\"Exploding Volcano - MyStore - By STLFLIX\",\"isPartOf\":{\"@id\":\"https:\/\/my.stlflix.com\/tr\/#website\"},\"primaryImageOfPage\":{\"@id\":\"https:\/\/my.stlflix.com\/fr\/product\/exploding-volcano-67ff1a5c61a7c\/#primaryimage\"},\"image\":{\"@id\":\"https:\/\/my.stlflix.com\/fr\/product\/exploding-volcano-67ff1a5c61a7c\/#primaryimage\"},\"thumbnailUrl\":\"https:\/\/my.stlflix.com\/wp-content\/uploads\/2024\/05\/Exploding_Volcano_thumb_96712b036c.jpg\",\"datePublished\":\"2025-05-08T20:14:46+00:00\",\"dateModified\":\"2025-05-08T20:14:47+00:00\",\"breadcrumb\":{\"@id\":\"https:\/\/my.stlflix.com\/fr\/product\/exploding-volcano-67ff1a5c61a7c\/#breadcrumb\"},\"inLanguage\":\"fr-FR\",\"potentialAction\":[{\"@type\":\"ReadAction\",\"target\":[\"https:\/\/my.stlflix.com\/fr\/product\/exploding-volcano-67ff1a5c61a7c\/\"]}]},{\"@type\":\"ImageObject\",\"inLanguage\":\"fr-FR\",\"@id\":\"https:\/\/my.stlflix.com\/fr\/product\/exploding-volcano-67ff1a5c61a7c\/#primaryimage\",\"url\":\"https:\/\/my.stlflix.com\/wp-content\/uploads\/2024\/05\/Exploding_Volcano_thumb_96712b036c.jpg\",\"contentUrl\":\"https:\/\/my.stlflix.com\/wp-content\/uploads\/2024\/05\/Exploding_Volcano_thumb_96712b036c.jpg\",\"width\":1080,\"height\":1350},{\"@type\":\"BreadcrumbList\",\"@id\":\"https:\/\/my.stlflix.com\/fr\/product\/exploding-volcano-67ff1a5c61a7c\/#breadcrumb\",\"itemListElement\":[{\"@type\":\"ListItem\",\"position\":1,\"name\":\"Home\",\"item\":\"https:\/\/my.stlflix.com\/\"},{\"@type\":\"ListItem\",\"position\":2,\"name\":\"Products\",\"item\":\"https:\/\/my.stlflix.com\/fr\/shop\/\"},{\"@type\":\"ListItem\",\"position\":3,\"name\":\"Exploding Volcano\"}]},{\"@type\":\"WebSite\",\"@id\":\"https:\/\/my.stlflix.com\/tr\/#website\",\"url\":\"https:\/\/my.stlflix.com\/tr\/\",\"name\":\"MyStore - By STLFLIX\",\"description\":\"\",\"publisher\":{\"@id\":\"https:\/\/my.stlflix.com\/tr\/#organization\"},\"potentialAction\":[{\"@type\":\"SearchAction\",\"target\":{\"@type\":\"EntryPoint\",\"urlTemplate\":\"https:\/\/my.stlflix.com\/tr\/?s={search_term_string}\"},\"query-input\":{\"@type\":\"PropertyValueSpecification\",\"valueRequired\":true,\"valueName\":\"search_term_string\"}}],\"inLanguage\":\"fr-FR\"},{\"@type\":\"Organization\",\"@id\":\"https:\/\/my.stlflix.com\/tr\/#organization\",\"name\":\"MyStore - By STLFLIX\",\"url\":\"https:\/\/my.stlflix.com\/tr\/\",\"logo\":{\"@type\":\"ImageObject\",\"inLanguage\":\"fr-FR\",\"@id\":\"https:\/\/my.stlflix.com\/tr\/#\/schema\/logo\/image\/\",\"url\":\"https:\/\/my.stlflix.com\/wp-content\/uploads\/2024\/06\/logo-mystore.png\",\"contentUrl\":\"https:\/\/my.stlflix.com\/wp-content\/uploads\/2024\/06\/logo-mystore.png\",\"width\":150,\"height\":41,\"caption\":\"MyStore - By STLFLIX\"},\"image\":{\"@id\":\"https:\/\/my.stlflix.com\/tr\/#\/schema\/logo\/image\/\"},\"sameAs\":[\"https:\/\/www.facebook.com\/STLFLIX\",\"https:\/\/www.instagram.com\/stlflix_\/\",\"https:\/\/www.tiktok.com\/@stlflix\"]}]}<\/script>\n<!-- \/ Yoast SEO plugin. -->","yoast_head_json":{"title":"Exploding Volcano - MyStore - By STLFLIX","robots":{"index":"index","follow":"follow","max-snippet":"max-snippet:-1","max-image-preview":"max-image-preview:large","max-video-preview":"max-video-preview:-1"},"canonical":"https:\/\/my.stlflix.com\/fr\/product\/exploding-volcano-67ff1a5c61a7c\/","og_locale":"fr_FR","og_type":"article","og_title":"Exploding Volcano - MyStore - By STLFLIX","og_description":"A impress\u00e3o 3D Exploding Volcano captura toda a for\u00e7a e impon\u00eancia de uma erup\u00e7\u00e3o vulc\u00e2nica em detalhes incr\u00edveis. O modelo apresenta um vulc\u00e3o com texturas realistas de rocha e lava, com uma explos\u00e3o din\u00e2mica no topo, representando a energia bruta da natureza. Para um efeito visual ainda mais impactante, luzes LED podem ser adicionadas para [&hellip;]","og_url":"https:\/\/my.stlflix.com\/fr\/product\/exploding-volcano-67ff1a5c61a7c\/","og_site_name":"MyStore - By STLFLIX","article_publisher":"https:\/\/www.facebook.com\/STLFLIX","article_modified_time":"2025-05-08T20:14:47+00:00","og_image":[{"width":1080,"height":1350,"url":"https:\/\/my.stlflix.com\/wp-content\/uploads\/2024\/05\/Exploding_Volcano_thumb_96712b036c.jpg","type":"image\/jpeg"}],"twitter_card":"summary_large_image","twitter_misc":{"Est. reading time":"1 minute"},"schema":{"@context":"https:\/\/schema.org","@graph":[{"@type":"WebPage","@id":"https:\/\/my.stlflix.com\/fr\/product\/exploding-volcano-67ff1a5c61a7c\/","url":"https:\/\/my.stlflix.com\/fr\/product\/exploding-volcano-67ff1a5c61a7c\/","name":"Exploding Volcano - MyStore - By STLFLIX","isPartOf":{"@id":"https:\/\/my.stlflix.com\/tr\/#website"},"primaryImageOfPage":{"@id":"https:\/\/my.stlflix.com\/fr\/product\/exploding-volcano-67ff1a5c61a7c\/#primaryimage"},"image":{"@id":"https:\/\/my.stlflix.com\/fr\/product\/exploding-volcano-67ff1a5c61a7c\/#primaryimage"},"thumbnailUrl":"https:\/\/my.stlflix.com\/wp-content\/uploads\/2024\/05\/Exploding_Volcano_thumb_96712b036c.jpg","datePublished":"2025-05-08T20:14:46+00:00","dateModified":"2025-05-08T20:14:47+00:00","breadcrumb":{"@id":"https:\/\/my.stlflix.com\/fr\/product\/exploding-volcano-67ff1a5c61a7c\/#breadcrumb"},"inLanguage":"fr-FR","potentialAction":[{"@type":"ReadAction","target":["https:\/\/my.stlflix.com\/fr\/product\/exploding-volcano-67ff1a5c61a7c\/"]}]},{"@type":"ImageObject","inLanguage":"fr-FR","@id":"https:\/\/my.stlflix.com\/fr\/product\/exploding-volcano-67ff1a5c61a7c\/#primaryimage","url":"https:\/\/my.stlflix.com\/wp-content\/uploads\/2024\/05\/Exploding_Volcano_thumb_96712b036c.jpg","contentUrl":"https:\/\/my.stlflix.com\/wp-content\/uploads\/2024\/05\/Exploding_Volcano_thumb_96712b036c.jpg","width":1080,"height":1350},{"@type":"BreadcrumbList","@id":"https:\/\/my.stlflix.com\/fr\/product\/exploding-volcano-67ff1a5c61a7c\/#breadcrumb","itemListElement":[{"@type":"ListItem","position":1,"name":"Home","item":"https:\/\/my.stlflix.com\/"},{"@type":"ListItem","position":2,"name":"Products","item":"https:\/\/my.stlflix.com\/fr\/shop\/"},{"@type":"ListItem","position":3,"name":"Exploding Volcano"}]},{"@type":"WebSite","@id":"https:\/\/my.stlflix.com\/tr\/#website","url":"https:\/\/my.stlflix.com\/tr\/","name":"MyStore - By STLFLIX","description":"","publisher":{"@id":"https:\/\/my.stlflix.com\/tr\/#organization"},"potentialAction":[{"@type":"SearchAction","target":{"@type":"EntryPoint","urlTemplate":"https:\/\/my.stlflix.com\/tr\/?s={search_term_string}"},"query-input":{"@type":"PropertyValueSpecification","valueRequired":true,"valueName":"search_term_string"}}],"inLanguage":"fr-FR"},{"@type":"Organization","@id":"https:\/\/my.stlflix.com\/tr\/#organization","name":"MyStore - By STLFLIX","url":"https:\/\/my.stlflix.com\/tr\/","logo":{"@type":"ImageObject","inLanguage":"fr-FR","@id":"https:\/\/my.stlflix.com\/tr\/#\/schema\/logo\/image\/","url":"https:\/\/my.stlflix.com\/wp-content\/uploads\/2024\/06\/logo-mystore.png","contentUrl":"https:\/\/my.stlflix.com\/wp-content\/uploads\/2024\/06\/logo-mystore.png","width":150,"height":41,"caption":"MyStore - By STLFLIX"},"image":{"@id":"https:\/\/my.stlflix.com\/tr\/#\/schema\/logo\/image\/"},"sameAs":["https:\/\/www.facebook.com\/STLFLIX","https:\/\/www.instagram.com\/stlflix_\/","https:\/\/www.tiktok.com\/@stlflix"]}]}},"_links":{"self":[{"href":"https:\/\/my.stlflix.com\/fr\/wp-json\/wp\/v2\/product\/315810","targetHints":{"allow":["GET"]}}],"collection":[{"href":"https:\/\/my.stlflix.com\/fr\/wp-json\/wp\/v2\/product"}],"about":[{"href":"https:\/\/my.stlflix.com\/fr\/wp-json\/wp\/v2\/types\/product"}],"replies":[{"embeddable":true,"href":"https:\/\/my.stlflix.com\/fr\/wp-json\/wp\/v2\/comments?post=315810"}],"wp:featuredmedia":[{"embeddable":true,"href":"https:\/\/my.stlflix.com\/fr\/wp-json\/wp\/v2\/media\/30899"}],"wp:attachment":[{"href":"https:\/\/my.stlflix.com\/fr\/wp-json\/wp\/v2\/media?parent=315810"}],"wp:term":[{"taxonomy":"product_brand","embeddable":true,"href":"https:\/\/my.stlflix.com\/fr\/wp-json\/wp\/v2\/product_brand?post=315810"},{"taxonomy":"product_cat","embeddable":true,"href":"https:\/\/my.stlflix.com\/fr\/wp-json\/wp\/v2\/product_cat?post=315810"},{"taxonomy":"product_tag","embeddable":true,"href":"https:\/\/my.stlflix.com\/fr\/wp-json\/wp\/v2\/product_tag?post=315810"}],"curies":[{"name":"wp","href":"https:\/\/api.w.org\/{rel}","templated":true}]}}