{"id":350113,"date":"2025-05-15T08:27:13","date_gmt":"2025-05-15T08:27:13","guid":{"rendered":"https:\/\/my.stlflix.com\/?post_type=product&#038;p=350113"},"modified":"2025-05-15T08:27:14","modified_gmt":"2025-05-15T08:27:14","slug":"heartstring-photo-string-6825a328c605b","status":"publish","type":"product","link":"https:\/\/my.stlflix.com\/fr\/product\/heartstring-photo-string-6825a328c605b\/","title":{"rendered":"Porta-Retrato 3D \u201clinha do destino\u201d"},"content":{"rendered":"<p class=\"\" data-start=\"102\" data-end=\"169\"><strong data-start=\"102\" data-end=\"169\">Porta-Retrato 3D \u201clinha do destino\u201d com M\u00e3os e Linha Vermelha \u2013 At\u00e9 3 Fotos<\/strong><\/p>\n<p class=\"\" data-start=\"171\" data-end=\"465\">Transforme suas lembran\u00e7as em uma obra de arte com este porta-retrato exclusivo impresso em 3D! Com um design delicado e cheio de significado, ele apresenta <strong data-start=\"328\" data-end=\"386\">duas m\u00e3os estendidas conectadas por uma linha vermelha<\/strong> \u2014 o famoso \u201cfio do destino\u201d, que simboliza la\u00e7os eternos e afetos verdadeiros.<\/p>\n<p class=\"\" data-start=\"467\" data-end=\"687\">Entre as m\u00e3os, a linha do destino\u00a0est\u00e1 delicadamente \u201camarrada\u201d ao dedo mindinho, criando um visual rom\u00e2ntico e simb\u00f3lico. A pe\u00e7a comporta <strong data-start=\"606\" data-end=\"621\">at\u00e9 3 fotos<\/strong> e \u00e9 perfeita para eternizar momentos especiais com quem voc\u00ea ama.<\/p>\n<p class=\"\" data-start=\"689\" data-end=\"800\">Ideal para presentear em datas como Dia dos Namorados, anivers\u00e1rios ou para dar um toque \u00fanico \u00e0 sua decora\u00e7\u00e3o.<\/p>\n<p class=\"\" data-start=\"802\" data-end=\"1060\">\ud83e\udde1 <strong data-start=\"805\" data-end=\"860\">Feito com impress\u00e3o 3D de alta qualidade<\/strong><br data-start=\"860\" data-end=\"863\" \/>\ud83d\uddbc\ufe0f <strong data-start=\"867\" data-end=\"898\">Capacidade para at\u00e9 3 fotos<\/strong>\u00a0<br data-start=\"940\" data-end=\"943\" \/>\ud83d\udca1 <strong data-start=\"946\" data-end=\"999\">Design moderno e sentimental, com toque artesanal<\/strong><br data-start=\"999\" data-end=\"1002\" \/>\ud83c\udf81 <strong data-start=\"1005\" data-end=\"1060\">Presente perfeito para casais, amigos ou familiares<\/strong><\/p>\n<p class=\"\" data-start=\"1062\" data-end=\"1123\">Leve para casa um pedacinho do amor impresso em cada detalhe!<\/p>\n<p data-start=\"1062\" data-end=\"1123\">Consulte diponibilidade de outras cores<\/p>\n","protected":false},"excerpt":{"rendered":"<p>Porta-Retrato 3D \u201clinha do destino\u201d com M\u00e3os e Linha Vermelha \u2013 At\u00e9 3 Fotos Transforme suas lembran\u00e7as em uma obra de arte com este porta-retrato exclusivo impresso em 3D! Com um design delicado e cheio de significado, ele apresenta duas m\u00e3os estendidas conectadas por uma linha vermelha \u2014 o famoso \u201cfio do destino\u201d, que simboliza [&hellip;]<\/p>\n","protected":false},"featured_media":237467,"comment_status":"open","ping_status":"closed","template":"","meta":[],"product_brand":[],"product_cat":[15],"product_tag":[725,5917,705,565,5918],"class_list":{"0":"post-350113","1":"product","2":"type-product","3":"status-publish","4":"has-post-thumbnail","6":"product_cat-uncategorized","7":"product_tag-dia-dos-namorados","8":"product_tag-foto","9":"product_tag-fotos","10":"product_tag-love","11":"product_tag-namorados","13":"first","14":"instock","15":"sale","16":"taxable","17":"shipping-taxable","18":"purchasable","19":"product-type-simple"},"yoast_head":"<!-- This site is optimized with the Yoast SEO plugin v25.1 - https:\/\/yoast.com\/wordpress\/plugins\/seo\/ -->\n<title>Porta retrato linha do destino 3DLincon<\/title>\n<meta name=\"description\" content=\"Transforme suas lembran\u00e7as em uma obra de arte com este porta-retrato exclusivo impresso em 3D! Com um design delicado e cheio de significado, ele apresenta duas m\u00e3os estendidas conectadas por uma linha vermelha \u2014 o famoso \u201cfio do destino\u201d, que simboliza la\u00e7os eternos e afetos verdadeiros.\" \/>\n<meta name=\"robots\" content=\"index, follow, max-snippet:-1, max-image-preview:large, max-video-preview:-1\" \/>\n<link rel=\"canonical\" href=\"https:\/\/my.stlflix.com\/tr\/product\/heartstring-photo-string-6825a328c605b\/\" \/>\n<meta property=\"og:locale\" content=\"fr_FR\" \/>\n<meta property=\"og:type\" content=\"article\" \/>\n<meta property=\"og:title\" content=\"Porta retrato linha do destino 3DLincon\" \/>\n<meta property=\"og:description\" content=\"Transforme suas lembran\u00e7as em uma obra de arte com este porta-retrato exclusivo impresso em 3D! Com um design delicado e cheio de significado, ele apresenta duas m\u00e3os estendidas conectadas por uma linha vermelha \u2014 o famoso \u201cfio do destino\u201d, que simboliza la\u00e7os eternos e afetos verdadeiros.\" \/>\n<meta property=\"og:url\" content=\"https:\/\/my.stlflix.com\/tr\/product\/heartstring-photo-string-6825a328c605b\/\" \/>\n<meta property=\"og:site_name\" content=\"MyStore - By STLFLIX\" \/>\n<meta property=\"article:publisher\" content=\"https:\/\/www.facebook.com\/STLFLIX\" \/>\n<meta property=\"article:modified_time\" content=\"2025-05-15T08:27:14+00:00\" \/>\n<meta property=\"og:image\" content=\"https:\/\/my.stlflix.com\/wp-content\/uploads\/2025\/01\/Heartstring_Photo_String_thumb_0e54fcd16d.png\" \/>\n\t<meta property=\"og:image:width\" content=\"1080\" \/>\n\t<meta property=\"og:image:height\" content=\"1350\" \/>\n\t<meta property=\"og:image:type\" content=\"image\/png\" \/>\n<meta name=\"twitter:card\" content=\"summary_large_image\" \/>\n<meta name=\"twitter:label1\" content=\"Est. reading time\" \/>\n\t<meta name=\"twitter:data1\" content=\"1 minute\" \/>\n<script type=\"application\/ld+json\" class=\"yoast-schema-graph\">{\"@context\":\"https:\/\/schema.org\",\"@graph\":[{\"@type\":\"WebPage\",\"@id\":\"https:\/\/my.stlflix.com\/tr\/product\/heartstring-photo-string-6825a328c605b\/\",\"url\":\"https:\/\/my.stlflix.com\/tr\/product\/heartstring-photo-string-6825a328c605b\/\",\"name\":\"Porta retrato linha do destino 3DLincon\",\"isPartOf\":{\"@id\":\"https:\/\/my.stlflix.com\/#website\"},\"primaryImageOfPage\":{\"@id\":\"https:\/\/my.stlflix.com\/tr\/product\/heartstring-photo-string-6825a328c605b\/#primaryimage\"},\"image\":{\"@id\":\"https:\/\/my.stlflix.com\/tr\/product\/heartstring-photo-string-6825a328c605b\/#primaryimage\"},\"thumbnailUrl\":\"https:\/\/my.stlflix.com\/wp-content\/uploads\/2025\/01\/Heartstring_Photo_String_thumb_0e54fcd16d.png\",\"datePublished\":\"2025-05-15T08:27:13+00:00\",\"dateModified\":\"2025-05-15T08:27:14+00:00\",\"description\":\"Transforme suas lembran\u00e7as em uma obra de arte com este porta-retrato exclusivo impresso em 3D! Com um design delicado e cheio de significado, ele apresenta duas m\u00e3os estendidas conectadas por uma linha vermelha \u2014 o famoso \u201cfio do destino\u201d, que simboliza la\u00e7os eternos e afetos verdadeiros.\",\"breadcrumb\":{\"@id\":\"https:\/\/my.stlflix.com\/tr\/product\/heartstring-photo-string-6825a328c605b\/#breadcrumb\"},\"inLanguage\":\"fr-FR\",\"potentialAction\":[{\"@type\":\"ReadAction\",\"target\":[\"https:\/\/my.stlflix.com\/tr\/product\/heartstring-photo-string-6825a328c605b\/\"]}]},{\"@type\":\"ImageObject\",\"inLanguage\":\"fr-FR\",\"@id\":\"https:\/\/my.stlflix.com\/tr\/product\/heartstring-photo-string-6825a328c605b\/#primaryimage\",\"url\":\"https:\/\/my.stlflix.com\/wp-content\/uploads\/2025\/01\/Heartstring_Photo_String_thumb_0e54fcd16d.png\",\"contentUrl\":\"https:\/\/my.stlflix.com\/wp-content\/uploads\/2025\/01\/Heartstring_Photo_String_thumb_0e54fcd16d.png\",\"width\":1080,\"height\":1350},{\"@type\":\"BreadcrumbList\",\"@id\":\"https:\/\/my.stlflix.com\/tr\/product\/heartstring-photo-string-6825a328c605b\/#breadcrumb\",\"itemListElement\":[{\"@type\":\"ListItem\",\"position\":1,\"name\":\"Home\",\"item\":\"https:\/\/www.stlflix-store.com\/\"},{\"@type\":\"ListItem\",\"position\":2,\"name\":\"Products\",\"item\":\"https:\/\/www.stlflix-store.com\/shop\/\"},{\"@type\":\"ListItem\",\"position\":3,\"name\":\"Porta-Retrato 3D \u201clinha do destino\u201d\"}]},{\"@type\":\"WebSite\",\"@id\":\"https:\/\/my.stlflix.com\/#website\",\"url\":\"https:\/\/my.stlflix.com\/\",\"name\":\"MyStore - By STLFLIX\",\"description\":\"\",\"publisher\":{\"@id\":\"https:\/\/my.stlflix.com\/#organization\"},\"potentialAction\":[{\"@type\":\"SearchAction\",\"target\":{\"@type\":\"EntryPoint\",\"urlTemplate\":\"https:\/\/my.stlflix.com\/?s={search_term_string}\"},\"query-input\":{\"@type\":\"PropertyValueSpecification\",\"valueRequired\":true,\"valueName\":\"search_term_string\"}}],\"inLanguage\":\"fr-FR\"},{\"@type\":\"Organization\",\"@id\":\"https:\/\/my.stlflix.com\/#organization\",\"name\":\"MyStore - By STLFLIX\",\"url\":\"https:\/\/my.stlflix.com\/\",\"logo\":{\"@type\":\"ImageObject\",\"inLanguage\":\"fr-FR\",\"@id\":\"https:\/\/my.stlflix.com\/#\/schema\/logo\/image\/\",\"url\":\"https:\/\/my.stlflix.com\/wp-content\/uploads\/2024\/06\/logo-mystore.png\",\"contentUrl\":\"https:\/\/my.stlflix.com\/wp-content\/uploads\/2024\/06\/logo-mystore.png\",\"width\":150,\"height\":41,\"caption\":\"MyStore - By STLFLIX\"},\"image\":{\"@id\":\"https:\/\/my.stlflix.com\/#\/schema\/logo\/image\/\"},\"sameAs\":[\"https:\/\/www.facebook.com\/STLFLIX\",\"https:\/\/www.instagram.com\/stlflix_\/\",\"https:\/\/www.tiktok.com\/@stlflix\"]}]}<\/script>\n<!-- \/ Yoast SEO plugin. -->","yoast_head_json":{"title":"Porta retrato linha do destino 3DLincon","description":"Transforme suas lembran\u00e7as em uma obra de arte com este porta-retrato exclusivo impresso em 3D! Com um design delicado e cheio de significado, ele apresenta duas m\u00e3os estendidas conectadas por uma linha vermelha \u2014 o famoso \u201cfio do destino\u201d, que simboliza la\u00e7os eternos e afetos verdadeiros.","robots":{"index":"index","follow":"follow","max-snippet":"max-snippet:-1","max-image-preview":"max-image-preview:large","max-video-preview":"max-video-preview:-1"},"canonical":"https:\/\/my.stlflix.com\/tr\/product\/heartstring-photo-string-6825a328c605b\/","og_locale":"fr_FR","og_type":"article","og_title":"Porta retrato linha do destino 3DLincon","og_description":"Transforme suas lembran\u00e7as em uma obra de arte com este porta-retrato exclusivo impresso em 3D! Com um design delicado e cheio de significado, ele apresenta duas m\u00e3os estendidas conectadas por uma linha vermelha \u2014 o famoso \u201cfio do destino\u201d, que simboliza la\u00e7os eternos e afetos verdadeiros.","og_url":"https:\/\/my.stlflix.com\/tr\/product\/heartstring-photo-string-6825a328c605b\/","og_site_name":"MyStore - By STLFLIX","article_publisher":"https:\/\/www.facebook.com\/STLFLIX","article_modified_time":"2025-05-15T08:27:14+00:00","og_image":[{"width":1080,"height":1350,"url":"https:\/\/my.stlflix.com\/wp-content\/uploads\/2025\/01\/Heartstring_Photo_String_thumb_0e54fcd16d.png","type":"image\/png"}],"twitter_card":"summary_large_image","twitter_misc":{"Est. reading time":"1 minute"},"schema":{"@context":"https:\/\/schema.org","@graph":[{"@type":"WebPage","@id":"https:\/\/my.stlflix.com\/tr\/product\/heartstring-photo-string-6825a328c605b\/","url":"https:\/\/my.stlflix.com\/tr\/product\/heartstring-photo-string-6825a328c605b\/","name":"Porta retrato linha do destino 3DLincon","isPartOf":{"@id":"https:\/\/my.stlflix.com\/#website"},"primaryImageOfPage":{"@id":"https:\/\/my.stlflix.com\/tr\/product\/heartstring-photo-string-6825a328c605b\/#primaryimage"},"image":{"@id":"https:\/\/my.stlflix.com\/tr\/product\/heartstring-photo-string-6825a328c605b\/#primaryimage"},"thumbnailUrl":"https:\/\/my.stlflix.com\/wp-content\/uploads\/2025\/01\/Heartstring_Photo_String_thumb_0e54fcd16d.png","datePublished":"2025-05-15T08:27:13+00:00","dateModified":"2025-05-15T08:27:14+00:00","description":"Transforme suas lembran\u00e7as em uma obra de arte com este porta-retrato exclusivo impresso em 3D! Com um design delicado e cheio de significado, ele apresenta duas m\u00e3os estendidas conectadas por uma linha vermelha \u2014 o famoso \u201cfio do destino\u201d, que simboliza la\u00e7os eternos e afetos verdadeiros.","breadcrumb":{"@id":"https:\/\/my.stlflix.com\/tr\/product\/heartstring-photo-string-6825a328c605b\/#breadcrumb"},"inLanguage":"fr-FR","potentialAction":[{"@type":"ReadAction","target":["https:\/\/my.stlflix.com\/tr\/product\/heartstring-photo-string-6825a328c605b\/"]}]},{"@type":"ImageObject","inLanguage":"fr-FR","@id":"https:\/\/my.stlflix.com\/tr\/product\/heartstring-photo-string-6825a328c605b\/#primaryimage","url":"https:\/\/my.stlflix.com\/wp-content\/uploads\/2025\/01\/Heartstring_Photo_String_thumb_0e54fcd16d.png","contentUrl":"https:\/\/my.stlflix.com\/wp-content\/uploads\/2025\/01\/Heartstring_Photo_String_thumb_0e54fcd16d.png","width":1080,"height":1350},{"@type":"BreadcrumbList","@id":"https:\/\/my.stlflix.com\/tr\/product\/heartstring-photo-string-6825a328c605b\/#breadcrumb","itemListElement":[{"@type":"ListItem","position":1,"name":"Home","item":"https:\/\/www.stlflix-store.com\/"},{"@type":"ListItem","position":2,"name":"Products","item":"https:\/\/www.stlflix-store.com\/shop\/"},{"@type":"ListItem","position":3,"name":"Porta-Retrato 3D \u201clinha do destino\u201d"}]},{"@type":"WebSite","@id":"https:\/\/my.stlflix.com\/#website","url":"https:\/\/my.stlflix.com\/","name":"MyStore - By STLFLIX","description":"","publisher":{"@id":"https:\/\/my.stlflix.com\/#organization"},"potentialAction":[{"@type":"SearchAction","target":{"@type":"EntryPoint","urlTemplate":"https:\/\/my.stlflix.com\/?s={search_term_string}"},"query-input":{"@type":"PropertyValueSpecification","valueRequired":true,"valueName":"search_term_string"}}],"inLanguage":"fr-FR"},{"@type":"Organization","@id":"https:\/\/my.stlflix.com\/#organization","name":"MyStore - By STLFLIX","url":"https:\/\/my.stlflix.com\/","logo":{"@type":"ImageObject","inLanguage":"fr-FR","@id":"https:\/\/my.stlflix.com\/#\/schema\/logo\/image\/","url":"https:\/\/my.stlflix.com\/wp-content\/uploads\/2024\/06\/logo-mystore.png","contentUrl":"https:\/\/my.stlflix.com\/wp-content\/uploads\/2024\/06\/logo-mystore.png","width":150,"height":41,"caption":"MyStore - By STLFLIX"},"image":{"@id":"https:\/\/my.stlflix.com\/#\/schema\/logo\/image\/"},"sameAs":["https:\/\/www.facebook.com\/STLFLIX","https:\/\/www.instagram.com\/stlflix_\/","https:\/\/www.tiktok.com\/@stlflix"]}]}},"_links":{"self":[{"href":"https:\/\/my.stlflix.com\/fr\/wp-json\/wp\/v2\/product\/350113","targetHints":{"allow":["GET"]}}],"collection":[{"href":"https:\/\/my.stlflix.com\/fr\/wp-json\/wp\/v2\/product"}],"about":[{"href":"https:\/\/my.stlflix.com\/fr\/wp-json\/wp\/v2\/types\/product"}],"replies":[{"embeddable":true,"href":"https:\/\/my.stlflix.com\/fr\/wp-json\/wp\/v2\/comments?post=350113"}],"wp:featuredmedia":[{"embeddable":true,"href":"https:\/\/my.stlflix.com\/fr\/wp-json\/wp\/v2\/media\/237467"}],"wp:attachment":[{"href":"https:\/\/my.stlflix.com\/fr\/wp-json\/wp\/v2\/media?parent=350113"}],"wp:term":[{"taxonomy":"product_brand","embeddable":true,"href":"https:\/\/my.stlflix.com\/fr\/wp-json\/wp\/v2\/product_brand?post=350113"},{"taxonomy":"product_cat","embeddable":true,"href":"https:\/\/my.stlflix.com\/fr\/wp-json\/wp\/v2\/product_cat?post=350113"},{"taxonomy":"product_tag","embeddable":true,"href":"https:\/\/my.stlflix.com\/fr\/wp-json\/wp\/v2\/product_tag?post=350113"}],"curies":[{"name":"wp","href":"https:\/\/api.w.org\/{rel}","templated":true}]}}