{"id":355196,"date":"2025-05-17T22:02:27","date_gmt":"2025-05-17T22:02:27","guid":{"rendered":"https:\/\/my.stlflix.com\/?post_type=product&#038;p=355196"},"modified":"2025-05-20T01:53:42","modified_gmt":"2025-05-20T01:53:42","slug":"gator-skull-bag-clip-682903eb990f2","status":"publish","type":"product","link":"https:\/\/my.stlflix.com\/fr\/product\/gator-skull-bag-clip-682903eb990f2\/","title":{"rendered":"Prendedor de jacar\u00e9"},"content":{"rendered":"<p><strong>Prendedor de Jacar\u00e9 \u2013 Gator Skull Bag Clip<\/strong><\/p>\n<p>Organize e prenda com estilo! Este prendedor em formato de cr\u00e2nio de jacar\u00e9 \u00e9 ideal para fechar embalagens de forma pr\u00e1tica e divertida.<\/p>\n<ul>\n<li><strong>Material:<\/strong> PLA (\u00e1cido polil\u00e1tico) \u2013 pl\u00e1stico biodegrad\u00e1vel derivado de fontes renov\u00e1veis como o amido de milho.<\/li>\n<li><strong>Impress\u00e3o 3D:<\/strong> Fabricado com precis\u00e3o em impressoras 3D de alta qualidade.<\/li>\n<li><strong>Utiliza\u00e7\u00e3o:<\/strong> Ideal para sacos de mantimentos, snacks, caf\u00e9s, ra\u00e7\u00f5es ou qualquer embalagem que precise de um bom fechamento.<\/li>\n<li><strong>Variedade de Cores:<\/strong> Dispon\u00edvel nas cores <strong>branco<\/strong> e <strong>verde<\/strong>.<\/li>\n<\/ul>\n<p>Al\u00e9m de funcional, \u00e9 uma pe\u00e7a decorativa que traz personalidade \u00e0 sua cozinha ou espa\u00e7o de trabalho!<\/p>\n<p><em>Observa\u00e7\u00e3o:<\/em> Por ser impresso em 3D, pode haver pequenas varia\u00e7\u00f5es entre as unidades. A cor do produto pode ser variav\u00e9l.<\/p>\n","protected":false},"excerpt":{"rendered":"<p>Prendedor de Jacar\u00e9 \u2013 Gator Skull Bag Clip Organize e prenda com estilo! Este prendedor em formato de cr\u00e2nio de jacar\u00e9 \u00e9 ideal para fechar embalagens de forma pr\u00e1tica e divertida. Material: PLA (\u00e1cido polil\u00e1tico) \u2013 pl\u00e1stico biodegrad\u00e1vel derivado de fontes renov\u00e1veis como o amido de milho. Impress\u00e3o 3D: Fabricado com precis\u00e3o em impressoras 3D [&hellip;]<\/p>\n","protected":false},"featured_media":267990,"comment_status":"open","ping_status":"closed","template":"","meta":[],"product_brand":[],"product_cat":[15],"product_tag":[5929,5629,5928,3597],"class_list":{"0":"post-355196","1":"product","2":"type-product","3":"status-publish","4":"has-post-thumbnail","6":"product_cat-uncategorized","7":"product_tag-bagclip","8":"product_tag-casa","9":"product_tag-organizadores","10":"product_tag-utilitarios","12":"first","13":"instock","14":"purchasable","15":"product-type-simple"},"yoast_head":"<!-- This site is optimized with the Yoast SEO plugin v25.1 - https:\/\/yoast.com\/wordpress\/plugins\/seo\/ -->\n<title>Prendedor de jacar\u00e9 - MyStore - By STLFLIX<\/title>\n<meta name=\"robots\" content=\"index, follow, max-snippet:-1, max-image-preview:large, max-video-preview:-1\" \/>\n<link rel=\"canonical\" href=\"https:\/\/www.monitorstlflix.online\/product\/gator-skull-bag-clip-682903eb990f2\/\" \/>\n<meta property=\"og:locale\" content=\"fr_FR\" \/>\n<meta property=\"og:type\" content=\"article\" \/>\n<meta property=\"og:title\" content=\"Prendedor de jacar\u00e9 - MyStore - By STLFLIX\" \/>\n<meta property=\"og:description\" content=\"Prendedor de Jacar\u00e9 \u2013 Gator Skull Bag Clip Organize e prenda com estilo! Este prendedor em formato de cr\u00e2nio de jacar\u00e9 \u00e9 ideal para fechar embalagens de forma pr\u00e1tica e divertida. Material: PLA (\u00e1cido polil\u00e1tico) \u2013 pl\u00e1stico biodegrad\u00e1vel derivado de fontes renov\u00e1veis como o amido de milho. Impress\u00e3o 3D: Fabricado com precis\u00e3o em impressoras 3D [&hellip;]\" \/>\n<meta property=\"og:url\" content=\"https:\/\/www.monitorstlflix.online\/product\/gator-skull-bag-clip-682903eb990f2\/\" \/>\n<meta property=\"og:site_name\" content=\"MyStore - By STLFLIX\" \/>\n<meta property=\"article:publisher\" content=\"https:\/\/www.facebook.com\/STLFLIX\" \/>\n<meta property=\"article:modified_time\" content=\"2025-05-20T01:53:42+00:00\" \/>\n<meta property=\"og:image\" content=\"https:\/\/www.monitorstlflix.online\/wp-content\/uploads\/2025\/02\/Gator_Skull_Bag_Clip_thumb_b86f89766f.jpg\" \/>\n\t<meta property=\"og:image:width\" content=\"1080\" \/>\n\t<meta property=\"og:image:height\" content=\"1350\" \/>\n\t<meta property=\"og:image:type\" content=\"image\/jpeg\" \/>\n<meta name=\"twitter:card\" content=\"summary_large_image\" \/>\n<meta name=\"twitter:label1\" content=\"Est. reading time\" \/>\n\t<meta name=\"twitter:data1\" content=\"1 minute\" \/>\n<script type=\"application\/ld+json\" class=\"yoast-schema-graph\">{\"@context\":\"https:\/\/schema.org\",\"@graph\":[{\"@type\":\"WebPage\",\"@id\":\"https:\/\/www.monitorstlflix.online\/product\/gator-skull-bag-clip-682903eb990f2\/\",\"url\":\"https:\/\/www.monitorstlflix.online\/product\/gator-skull-bag-clip-682903eb990f2\/\",\"name\":\"Prendedor de jacar\u00e9 - MyStore - By STLFLIX\",\"isPartOf\":{\"@id\":\"https:\/\/my.stlflix.com\/#website\"},\"primaryImageOfPage\":{\"@id\":\"https:\/\/www.monitorstlflix.online\/product\/gator-skull-bag-clip-682903eb990f2\/#primaryimage\"},\"image\":{\"@id\":\"https:\/\/www.monitorstlflix.online\/product\/gator-skull-bag-clip-682903eb990f2\/#primaryimage\"},\"thumbnailUrl\":\"https:\/\/my.stlflix.com\/wp-content\/uploads\/2025\/02\/Gator_Skull_Bag_Clip_thumb_b86f89766f.jpg\",\"datePublished\":\"2025-05-17T22:02:27+00:00\",\"dateModified\":\"2025-05-20T01:53:42+00:00\",\"breadcrumb\":{\"@id\":\"https:\/\/www.monitorstlflix.online\/product\/gator-skull-bag-clip-682903eb990f2\/#breadcrumb\"},\"inLanguage\":\"fr-FR\",\"potentialAction\":[{\"@type\":\"ReadAction\",\"target\":[\"https:\/\/www.monitorstlflix.online\/product\/gator-skull-bag-clip-682903eb990f2\/\"]}]},{\"@type\":\"ImageObject\",\"inLanguage\":\"fr-FR\",\"@id\":\"https:\/\/www.monitorstlflix.online\/product\/gator-skull-bag-clip-682903eb990f2\/#primaryimage\",\"url\":\"https:\/\/my.stlflix.com\/wp-content\/uploads\/2025\/02\/Gator_Skull_Bag_Clip_thumb_b86f89766f.jpg\",\"contentUrl\":\"https:\/\/my.stlflix.com\/wp-content\/uploads\/2025\/02\/Gator_Skull_Bag_Clip_thumb_b86f89766f.jpg\",\"width\":1080,\"height\":1350},{\"@type\":\"BreadcrumbList\",\"@id\":\"https:\/\/www.monitorstlflix.online\/product\/gator-skull-bag-clip-682903eb990f2\/#breadcrumb\",\"itemListElement\":[{\"@type\":\"ListItem\",\"position\":1,\"name\":\"Home\",\"item\":\"https:\/\/www.stlflix-store.com\/\"},{\"@type\":\"ListItem\",\"position\":2,\"name\":\"Products\",\"item\":\"https:\/\/www.stlflix-store.com\/shop\/\"},{\"@type\":\"ListItem\",\"position\":3,\"name\":\"Prendedor de jacar\u00e9\"}]},{\"@type\":\"WebSite\",\"@id\":\"https:\/\/my.stlflix.com\/#website\",\"url\":\"https:\/\/my.stlflix.com\/\",\"name\":\"MyStore - By STLFLIX\",\"description\":\"\",\"publisher\":{\"@id\":\"https:\/\/my.stlflix.com\/#organization\"},\"potentialAction\":[{\"@type\":\"SearchAction\",\"target\":{\"@type\":\"EntryPoint\",\"urlTemplate\":\"https:\/\/my.stlflix.com\/?s={search_term_string}\"},\"query-input\":{\"@type\":\"PropertyValueSpecification\",\"valueRequired\":true,\"valueName\":\"search_term_string\"}}],\"inLanguage\":\"fr-FR\"},{\"@type\":\"Organization\",\"@id\":\"https:\/\/my.stlflix.com\/#organization\",\"name\":\"MyStore - By STLFLIX\",\"url\":\"https:\/\/my.stlflix.com\/\",\"logo\":{\"@type\":\"ImageObject\",\"inLanguage\":\"fr-FR\",\"@id\":\"https:\/\/my.stlflix.com\/#\/schema\/logo\/image\/\",\"url\":\"https:\/\/my.stlflix.com\/wp-content\/uploads\/2024\/06\/logo-mystore.png\",\"contentUrl\":\"https:\/\/my.stlflix.com\/wp-content\/uploads\/2024\/06\/logo-mystore.png\",\"width\":150,\"height\":41,\"caption\":\"MyStore - By STLFLIX\"},\"image\":{\"@id\":\"https:\/\/my.stlflix.com\/#\/schema\/logo\/image\/\"},\"sameAs\":[\"https:\/\/www.facebook.com\/STLFLIX\",\"https:\/\/www.instagram.com\/stlflix_\/\",\"https:\/\/www.tiktok.com\/@stlflix\"]}]}<\/script>\n<!-- \/ Yoast SEO plugin. -->","yoast_head_json":{"title":"Prendedor de jacar\u00e9 - MyStore - By STLFLIX","robots":{"index":"index","follow":"follow","max-snippet":"max-snippet:-1","max-image-preview":"max-image-preview:large","max-video-preview":"max-video-preview:-1"},"canonical":"https:\/\/www.monitorstlflix.online\/product\/gator-skull-bag-clip-682903eb990f2\/","og_locale":"fr_FR","og_type":"article","og_title":"Prendedor de jacar\u00e9 - MyStore - By STLFLIX","og_description":"Prendedor de Jacar\u00e9 \u2013 Gator Skull Bag Clip Organize e prenda com estilo! Este prendedor em formato de cr\u00e2nio de jacar\u00e9 \u00e9 ideal para fechar embalagens de forma pr\u00e1tica e divertida. Material: PLA (\u00e1cido polil\u00e1tico) \u2013 pl\u00e1stico biodegrad\u00e1vel derivado de fontes renov\u00e1veis como o amido de milho. Impress\u00e3o 3D: Fabricado com precis\u00e3o em impressoras 3D [&hellip;]","og_url":"https:\/\/www.monitorstlflix.online\/product\/gator-skull-bag-clip-682903eb990f2\/","og_site_name":"MyStore - By STLFLIX","article_publisher":"https:\/\/www.facebook.com\/STLFLIX","article_modified_time":"2025-05-20T01:53:42+00:00","og_image":[{"width":1080,"height":1350,"url":"https:\/\/www.monitorstlflix.online\/wp-content\/uploads\/2025\/02\/Gator_Skull_Bag_Clip_thumb_b86f89766f.jpg","type":"image\/jpeg"}],"twitter_card":"summary_large_image","twitter_misc":{"Est. reading time":"1 minute"},"schema":{"@context":"https:\/\/schema.org","@graph":[{"@type":"WebPage","@id":"https:\/\/www.monitorstlflix.online\/product\/gator-skull-bag-clip-682903eb990f2\/","url":"https:\/\/www.monitorstlflix.online\/product\/gator-skull-bag-clip-682903eb990f2\/","name":"Prendedor de jacar\u00e9 - MyStore - By STLFLIX","isPartOf":{"@id":"https:\/\/my.stlflix.com\/#website"},"primaryImageOfPage":{"@id":"https:\/\/www.monitorstlflix.online\/product\/gator-skull-bag-clip-682903eb990f2\/#primaryimage"},"image":{"@id":"https:\/\/www.monitorstlflix.online\/product\/gator-skull-bag-clip-682903eb990f2\/#primaryimage"},"thumbnailUrl":"https:\/\/my.stlflix.com\/wp-content\/uploads\/2025\/02\/Gator_Skull_Bag_Clip_thumb_b86f89766f.jpg","datePublished":"2025-05-17T22:02:27+00:00","dateModified":"2025-05-20T01:53:42+00:00","breadcrumb":{"@id":"https:\/\/www.monitorstlflix.online\/product\/gator-skull-bag-clip-682903eb990f2\/#breadcrumb"},"inLanguage":"fr-FR","potentialAction":[{"@type":"ReadAction","target":["https:\/\/www.monitorstlflix.online\/product\/gator-skull-bag-clip-682903eb990f2\/"]}]},{"@type":"ImageObject","inLanguage":"fr-FR","@id":"https:\/\/www.monitorstlflix.online\/product\/gator-skull-bag-clip-682903eb990f2\/#primaryimage","url":"https:\/\/my.stlflix.com\/wp-content\/uploads\/2025\/02\/Gator_Skull_Bag_Clip_thumb_b86f89766f.jpg","contentUrl":"https:\/\/my.stlflix.com\/wp-content\/uploads\/2025\/02\/Gator_Skull_Bag_Clip_thumb_b86f89766f.jpg","width":1080,"height":1350},{"@type":"BreadcrumbList","@id":"https:\/\/www.monitorstlflix.online\/product\/gator-skull-bag-clip-682903eb990f2\/#breadcrumb","itemListElement":[{"@type":"ListItem","position":1,"name":"Home","item":"https:\/\/www.stlflix-store.com\/"},{"@type":"ListItem","position":2,"name":"Products","item":"https:\/\/www.stlflix-store.com\/shop\/"},{"@type":"ListItem","position":3,"name":"Prendedor de jacar\u00e9"}]},{"@type":"WebSite","@id":"https:\/\/my.stlflix.com\/#website","url":"https:\/\/my.stlflix.com\/","name":"MyStore - By STLFLIX","description":"","publisher":{"@id":"https:\/\/my.stlflix.com\/#organization"},"potentialAction":[{"@type":"SearchAction","target":{"@type":"EntryPoint","urlTemplate":"https:\/\/my.stlflix.com\/?s={search_term_string}"},"query-input":{"@type":"PropertyValueSpecification","valueRequired":true,"valueName":"search_term_string"}}],"inLanguage":"fr-FR"},{"@type":"Organization","@id":"https:\/\/my.stlflix.com\/#organization","name":"MyStore - By STLFLIX","url":"https:\/\/my.stlflix.com\/","logo":{"@type":"ImageObject","inLanguage":"fr-FR","@id":"https:\/\/my.stlflix.com\/#\/schema\/logo\/image\/","url":"https:\/\/my.stlflix.com\/wp-content\/uploads\/2024\/06\/logo-mystore.png","contentUrl":"https:\/\/my.stlflix.com\/wp-content\/uploads\/2024\/06\/logo-mystore.png","width":150,"height":41,"caption":"MyStore - By STLFLIX"},"image":{"@id":"https:\/\/my.stlflix.com\/#\/schema\/logo\/image\/"},"sameAs":["https:\/\/www.facebook.com\/STLFLIX","https:\/\/www.instagram.com\/stlflix_\/","https:\/\/www.tiktok.com\/@stlflix"]}]}},"_links":{"self":[{"href":"https:\/\/my.stlflix.com\/fr\/wp-json\/wp\/v2\/product\/355196","targetHints":{"allow":["GET"]}}],"collection":[{"href":"https:\/\/my.stlflix.com\/fr\/wp-json\/wp\/v2\/product"}],"about":[{"href":"https:\/\/my.stlflix.com\/fr\/wp-json\/wp\/v2\/types\/product"}],"replies":[{"embeddable":true,"href":"https:\/\/my.stlflix.com\/fr\/wp-json\/wp\/v2\/comments?post=355196"}],"wp:featuredmedia":[{"embeddable":true,"href":"https:\/\/my.stlflix.com\/fr\/wp-json\/wp\/v2\/media\/267990"}],"wp:attachment":[{"href":"https:\/\/my.stlflix.com\/fr\/wp-json\/wp\/v2\/media?parent=355196"}],"wp:term":[{"taxonomy":"product_brand","embeddable":true,"href":"https:\/\/my.stlflix.com\/fr\/wp-json\/wp\/v2\/product_brand?post=355196"},{"taxonomy":"product_cat","embeddable":true,"href":"https:\/\/my.stlflix.com\/fr\/wp-json\/wp\/v2\/product_cat?post=355196"},{"taxonomy":"product_tag","embeddable":true,"href":"https:\/\/my.stlflix.com\/fr\/wp-json\/wp\/v2\/product_tag?post=355196"}],"curies":[{"name":"wp","href":"https:\/\/api.w.org\/{rel}","templated":true}]}}