{"id":367601,"date":"2025-05-30T00:06:31","date_gmt":"2025-05-30T00:06:31","guid":{"rendered":"https:\/\/my.stlflix.com\/?post_type=product&#038;p=367601"},"modified":"2025-05-30T00:14:12","modified_gmt":"2025-05-30T00:14:12","slug":"moeda-de-bitcoin-3d-decorativa-10-cm-de-diametro","status":"publish","type":"product","link":"https:\/\/my.stlflix.com\/fr\/product\/moeda-de-bitcoin-3d-decorativa-10-cm-de-diametro\/","title":{"rendered":"Moeda de Bitcoin 3D Decorativa \u2013 10 cm de Di\u00e2metro"},"content":{"rendered":"<h3 data-start=\"170\" data-end=\"231\">\ud83c\udf1f <strong data-start=\"177\" data-end=\"231\">Moeda de Bitcoin 3D Decorativa \u2013 10 cm de Di\u00e2metro<\/strong><\/h3>\n<p data-start=\"233\" data-end=\"602\">Esta moeda de Bitcoin 3D \u00e9 um verdadeiro destaque para qualquer ambiente! Impressa em material Silk de alta qualidade, ela combina durabilidade e eleg\u00e2ncia com um acabamento brilhante metalizado que reflete a luz de forma incr\u00edvel. Com seus 10 cm de di\u00e2metro, a pe\u00e7a tem presen\u00e7a marcante e \u00e9 perfeita para compor a decora\u00e7\u00e3o de escrit\u00f3rios, salas ou espa\u00e7os tem\u00e1ticos.<\/p>\n<p data-start=\"604\" data-end=\"903\">Cada moeda \u00e9 impressa com cuidado, capturando todos os detalhes do ic\u00f4nico design do Bitcoin. O resultado \u00e9 uma pe\u00e7a de alto padr\u00e3o, que valoriza qualquer cole\u00e7\u00e3o ou cen\u00e1rio. E para maior praticidade, ela vem acompanhada de uma base de apoio que permite exibir a moeda em p\u00e9 sobre a mesa ou estante.<\/p>\n<p data-start=\"905\" data-end=\"936\"><strong data-start=\"905\" data-end=\"936\">Caracter\u00edsticas do Produto:<\/strong><\/p>\n<ul data-start=\"937\" data-end=\"1101\">\n<li data-start=\"937\" data-end=\"956\">\n<p data-start=\"939\" data-end=\"956\">Di\u00e2metro: 10 cm<\/p>\n<\/li>\n<li data-start=\"957\" data-end=\"993\">\n<p data-start=\"959\" data-end=\"993\">Material: Silk de alta qualidade<\/p>\n<\/li>\n<li data-start=\"994\" data-end=\"1030\">\n<p data-start=\"996\" data-end=\"1030\">Acabamento: Brilhante metalizado<\/p>\n<\/li>\n<li data-start=\"1031\" data-end=\"1066\">\n<p data-start=\"1033\" data-end=\"1066\">Impress\u00e3o detalhada e cuidadosa<\/p>\n<\/li>\n<li data-start=\"1067\" data-end=\"1101\">\n<p data-start=\"1069\" data-end=\"1101\">Base inclusa para manter em p\u00e9<\/p>\n<\/li>\n<\/ul>\n<p data-start=\"1103\" data-end=\"1245\">Leve para sua casa ou escrit\u00f3rio essa representa\u00e7\u00e3o elegante e moderna do Bitcoin \u2013 uma pe\u00e7a \u00fanica que chama a aten\u00e7\u00e3o e desperta curiosidade!<\/p>\n","protected":false},"excerpt":{"rendered":"<p>\ud83c\udf1f Moeda de Bitcoin 3D Decorativa \u2013 10 cm de Di\u00e2metro Esta moeda de Bitcoin 3D \u00e9 um verdadeiro destaque para qualquer ambiente! Impressa em material Silk de alta qualidade, ela combina durabilidade e eleg\u00e2ncia com um acabamento brilhante metalizado que reflete a luz de forma incr\u00edvel. Com seus 10 cm de di\u00e2metro, a pe\u00e7a [&hellip;]<\/p>\n","protected":false},"featured_media":367603,"comment_status":"open","ping_status":"closed","template":"","meta":[],"product_brand":[],"product_cat":[15],"product_tag":[3773],"class_list":{"0":"post-367601","1":"product","2":"type-product","3":"status-publish","4":"has-post-thumbnail","6":"product_cat-uncategorized","7":"product_tag-colecionavel","9":"first","10":"instock","11":"taxable","12":"shipping-taxable","13":"purchasable","14":"product-type-simple"},"yoast_head":"<!-- This site is optimized with the Yoast SEO plugin v25.1 - https:\/\/yoast.com\/wordpress\/plugins\/seo\/ -->\n<title>Moeda de Bitcoin 3D Decorativa \u2013 10 cm de Di\u00e2metro - MyStore - By STLFLIX<\/title>\n<meta name=\"robots\" content=\"index, follow, max-snippet:-1, max-image-preview:large, max-video-preview:-1\" \/>\n<link rel=\"canonical\" href=\"https:\/\/www.stlflix-store.com\/product\/moeda-de-bitcoin-3d-decorativa-10-cm-de-diametro\/\" \/>\n<meta property=\"og:locale\" content=\"fr_FR\" \/>\n<meta property=\"og:type\" content=\"article\" \/>\n<meta property=\"og:title\" content=\"Moeda de Bitcoin 3D Decorativa \u2013 10 cm de Di\u00e2metro - MyStore - By STLFLIX\" \/>\n<meta property=\"og:description\" content=\"\ud83c\udf1f Moeda de Bitcoin 3D Decorativa \u2013 10 cm de Di\u00e2metro Esta moeda de Bitcoin 3D \u00e9 um verdadeiro destaque para qualquer ambiente! Impressa em material Silk de alta qualidade, ela combina durabilidade e eleg\u00e2ncia com um acabamento brilhante metalizado que reflete a luz de forma incr\u00edvel. Com seus 10 cm de di\u00e2metro, a pe\u00e7a [&hellip;]\" \/>\n<meta property=\"og:url\" content=\"https:\/\/www.stlflix-store.com\/product\/moeda-de-bitcoin-3d-decorativa-10-cm-de-diametro\/\" \/>\n<meta property=\"og:site_name\" content=\"MyStore - By STLFLIX\" \/>\n<meta property=\"article:publisher\" content=\"https:\/\/www.facebook.com\/STLFLIX\" \/>\n<meta property=\"article:modified_time\" content=\"2025-05-30T00:14:12+00:00\" \/>\n<meta property=\"og:image\" content=\"https:\/\/www.stlflix-store.com\/wp-content\/uploads\/2025\/05\/10cm-bitcoin.png\" \/>\n\t<meta property=\"og:image:width\" content=\"1024\" \/>\n\t<meta property=\"og:image:height\" content=\"1024\" \/>\n\t<meta property=\"og:image:type\" content=\"image\/png\" \/>\n<meta name=\"twitter:card\" content=\"summary_large_image\" \/>\n<meta name=\"twitter:label1\" content=\"Est. reading time\" \/>\n\t<meta name=\"twitter:data1\" content=\"1 minute\" \/>\n<script type=\"application\/ld+json\" class=\"yoast-schema-graph\">{\"@context\":\"https:\/\/schema.org\",\"@graph\":[{\"@type\":\"WebPage\",\"@id\":\"https:\/\/www.stlflix-store.com\/product\/moeda-de-bitcoin-3d-decorativa-10-cm-de-diametro\/\",\"url\":\"https:\/\/www.stlflix-store.com\/product\/moeda-de-bitcoin-3d-decorativa-10-cm-de-diametro\/\",\"name\":\"Moeda de Bitcoin 3D Decorativa \u2013 10 cm de Di\u00e2metro - MyStore - By STLFLIX\",\"isPartOf\":{\"@id\":\"https:\/\/my.stlflix.com\/tr\/#website\"},\"primaryImageOfPage\":{\"@id\":\"https:\/\/www.stlflix-store.com\/product\/moeda-de-bitcoin-3d-decorativa-10-cm-de-diametro\/#primaryimage\"},\"image\":{\"@id\":\"https:\/\/www.stlflix-store.com\/product\/moeda-de-bitcoin-3d-decorativa-10-cm-de-diametro\/#primaryimage\"},\"thumbnailUrl\":\"https:\/\/my.stlflix.com\/wp-content\/uploads\/2025\/05\/10cm-bitcoin.png\",\"datePublished\":\"2025-05-30T00:06:31+00:00\",\"dateModified\":\"2025-05-30T00:14:12+00:00\",\"breadcrumb\":{\"@id\":\"https:\/\/www.stlflix-store.com\/product\/moeda-de-bitcoin-3d-decorativa-10-cm-de-diametro\/#breadcrumb\"},\"inLanguage\":\"fr-FR\",\"potentialAction\":[{\"@type\":\"ReadAction\",\"target\":[\"https:\/\/www.stlflix-store.com\/product\/moeda-de-bitcoin-3d-decorativa-10-cm-de-diametro\/\"]}]},{\"@type\":\"ImageObject\",\"inLanguage\":\"fr-FR\",\"@id\":\"https:\/\/www.stlflix-store.com\/product\/moeda-de-bitcoin-3d-decorativa-10-cm-de-diametro\/#primaryimage\",\"url\":\"https:\/\/my.stlflix.com\/wp-content\/uploads\/2025\/05\/10cm-bitcoin.png\",\"contentUrl\":\"https:\/\/my.stlflix.com\/wp-content\/uploads\/2025\/05\/10cm-bitcoin.png\",\"width\":1024,\"height\":1024},{\"@type\":\"BreadcrumbList\",\"@id\":\"https:\/\/www.stlflix-store.com\/product\/moeda-de-bitcoin-3d-decorativa-10-cm-de-diametro\/#breadcrumb\",\"itemListElement\":[{\"@type\":\"ListItem\",\"position\":1,\"name\":\"Home\",\"item\":\"https:\/\/my.stlflix.com\/\"},{\"@type\":\"ListItem\",\"position\":2,\"name\":\"Products\",\"item\":\"https:\/\/my.stlflix.com\/fr\/shop\/\"},{\"@type\":\"ListItem\",\"position\":3,\"name\":\"Moeda de Bitcoin 3D Decorativa \u2013 10 cm de Di\u00e2metro\"}]},{\"@type\":\"WebSite\",\"@id\":\"https:\/\/my.stlflix.com\/tr\/#website\",\"url\":\"https:\/\/my.stlflix.com\/tr\/\",\"name\":\"MyStore - By STLFLIX\",\"description\":\"\",\"publisher\":{\"@id\":\"https:\/\/my.stlflix.com\/tr\/#organization\"},\"potentialAction\":[{\"@type\":\"SearchAction\",\"target\":{\"@type\":\"EntryPoint\",\"urlTemplate\":\"https:\/\/my.stlflix.com\/tr\/?s={search_term_string}\"},\"query-input\":{\"@type\":\"PropertyValueSpecification\",\"valueRequired\":true,\"valueName\":\"search_term_string\"}}],\"inLanguage\":\"fr-FR\"},{\"@type\":\"Organization\",\"@id\":\"https:\/\/my.stlflix.com\/tr\/#organization\",\"name\":\"MyStore - By STLFLIX\",\"url\":\"https:\/\/my.stlflix.com\/tr\/\",\"logo\":{\"@type\":\"ImageObject\",\"inLanguage\":\"fr-FR\",\"@id\":\"https:\/\/my.stlflix.com\/tr\/#\/schema\/logo\/image\/\",\"url\":\"https:\/\/my.stlflix.com\/wp-content\/uploads\/2024\/06\/logo-mystore.png\",\"contentUrl\":\"https:\/\/my.stlflix.com\/wp-content\/uploads\/2024\/06\/logo-mystore.png\",\"width\":150,\"height\":41,\"caption\":\"MyStore - By STLFLIX\"},\"image\":{\"@id\":\"https:\/\/my.stlflix.com\/tr\/#\/schema\/logo\/image\/\"},\"sameAs\":[\"https:\/\/www.facebook.com\/STLFLIX\",\"https:\/\/www.instagram.com\/stlflix_\/\",\"https:\/\/www.tiktok.com\/@stlflix\"]}]}<\/script>\n<!-- \/ Yoast SEO plugin. -->","yoast_head_json":{"title":"Moeda de Bitcoin 3D Decorativa \u2013 10 cm de Di\u00e2metro - MyStore - By STLFLIX","robots":{"index":"index","follow":"follow","max-snippet":"max-snippet:-1","max-image-preview":"max-image-preview:large","max-video-preview":"max-video-preview:-1"},"canonical":"https:\/\/www.stlflix-store.com\/product\/moeda-de-bitcoin-3d-decorativa-10-cm-de-diametro\/","og_locale":"fr_FR","og_type":"article","og_title":"Moeda de Bitcoin 3D Decorativa \u2013 10 cm de Di\u00e2metro - MyStore - By STLFLIX","og_description":"\ud83c\udf1f Moeda de Bitcoin 3D Decorativa \u2013 10 cm de Di\u00e2metro Esta moeda de Bitcoin 3D \u00e9 um verdadeiro destaque para qualquer ambiente! Impressa em material Silk de alta qualidade, ela combina durabilidade e eleg\u00e2ncia com um acabamento brilhante metalizado que reflete a luz de forma incr\u00edvel. Com seus 10 cm de di\u00e2metro, a pe\u00e7a [&hellip;]","og_url":"https:\/\/www.stlflix-store.com\/product\/moeda-de-bitcoin-3d-decorativa-10-cm-de-diametro\/","og_site_name":"MyStore - By STLFLIX","article_publisher":"https:\/\/www.facebook.com\/STLFLIX","article_modified_time":"2025-05-30T00:14:12+00:00","og_image":[{"width":1024,"height":1024,"url":"https:\/\/www.stlflix-store.com\/wp-content\/uploads\/2025\/05\/10cm-bitcoin.png","type":"image\/png"}],"twitter_card":"summary_large_image","twitter_misc":{"Est. reading time":"1 minute"},"schema":{"@context":"https:\/\/schema.org","@graph":[{"@type":"WebPage","@id":"https:\/\/www.stlflix-store.com\/product\/moeda-de-bitcoin-3d-decorativa-10-cm-de-diametro\/","url":"https:\/\/www.stlflix-store.com\/product\/moeda-de-bitcoin-3d-decorativa-10-cm-de-diametro\/","name":"Moeda de Bitcoin 3D Decorativa \u2013 10 cm de Di\u00e2metro - MyStore - By STLFLIX","isPartOf":{"@id":"https:\/\/my.stlflix.com\/tr\/#website"},"primaryImageOfPage":{"@id":"https:\/\/www.stlflix-store.com\/product\/moeda-de-bitcoin-3d-decorativa-10-cm-de-diametro\/#primaryimage"},"image":{"@id":"https:\/\/www.stlflix-store.com\/product\/moeda-de-bitcoin-3d-decorativa-10-cm-de-diametro\/#primaryimage"},"thumbnailUrl":"https:\/\/my.stlflix.com\/wp-content\/uploads\/2025\/05\/10cm-bitcoin.png","datePublished":"2025-05-30T00:06:31+00:00","dateModified":"2025-05-30T00:14:12+00:00","breadcrumb":{"@id":"https:\/\/www.stlflix-store.com\/product\/moeda-de-bitcoin-3d-decorativa-10-cm-de-diametro\/#breadcrumb"},"inLanguage":"fr-FR","potentialAction":[{"@type":"ReadAction","target":["https:\/\/www.stlflix-store.com\/product\/moeda-de-bitcoin-3d-decorativa-10-cm-de-diametro\/"]}]},{"@type":"ImageObject","inLanguage":"fr-FR","@id":"https:\/\/www.stlflix-store.com\/product\/moeda-de-bitcoin-3d-decorativa-10-cm-de-diametro\/#primaryimage","url":"https:\/\/my.stlflix.com\/wp-content\/uploads\/2025\/05\/10cm-bitcoin.png","contentUrl":"https:\/\/my.stlflix.com\/wp-content\/uploads\/2025\/05\/10cm-bitcoin.png","width":1024,"height":1024},{"@type":"BreadcrumbList","@id":"https:\/\/www.stlflix-store.com\/product\/moeda-de-bitcoin-3d-decorativa-10-cm-de-diametro\/#breadcrumb","itemListElement":[{"@type":"ListItem","position":1,"name":"Home","item":"https:\/\/my.stlflix.com\/"},{"@type":"ListItem","position":2,"name":"Products","item":"https:\/\/my.stlflix.com\/fr\/shop\/"},{"@type":"ListItem","position":3,"name":"Moeda de Bitcoin 3D Decorativa \u2013 10 cm de Di\u00e2metro"}]},{"@type":"WebSite","@id":"https:\/\/my.stlflix.com\/tr\/#website","url":"https:\/\/my.stlflix.com\/tr\/","name":"MyStore - By STLFLIX","description":"","publisher":{"@id":"https:\/\/my.stlflix.com\/tr\/#organization"},"potentialAction":[{"@type":"SearchAction","target":{"@type":"EntryPoint","urlTemplate":"https:\/\/my.stlflix.com\/tr\/?s={search_term_string}"},"query-input":{"@type":"PropertyValueSpecification","valueRequired":true,"valueName":"search_term_string"}}],"inLanguage":"fr-FR"},{"@type":"Organization","@id":"https:\/\/my.stlflix.com\/tr\/#organization","name":"MyStore - By STLFLIX","url":"https:\/\/my.stlflix.com\/tr\/","logo":{"@type":"ImageObject","inLanguage":"fr-FR","@id":"https:\/\/my.stlflix.com\/tr\/#\/schema\/logo\/image\/","url":"https:\/\/my.stlflix.com\/wp-content\/uploads\/2024\/06\/logo-mystore.png","contentUrl":"https:\/\/my.stlflix.com\/wp-content\/uploads\/2024\/06\/logo-mystore.png","width":150,"height":41,"caption":"MyStore - By STLFLIX"},"image":{"@id":"https:\/\/my.stlflix.com\/tr\/#\/schema\/logo\/image\/"},"sameAs":["https:\/\/www.facebook.com\/STLFLIX","https:\/\/www.instagram.com\/stlflix_\/","https:\/\/www.tiktok.com\/@stlflix"]}]}},"_links":{"self":[{"href":"https:\/\/my.stlflix.com\/fr\/wp-json\/wp\/v2\/product\/367601","targetHints":{"allow":["GET"]}}],"collection":[{"href":"https:\/\/my.stlflix.com\/fr\/wp-json\/wp\/v2\/product"}],"about":[{"href":"https:\/\/my.stlflix.com\/fr\/wp-json\/wp\/v2\/types\/product"}],"replies":[{"embeddable":true,"href":"https:\/\/my.stlflix.com\/fr\/wp-json\/wp\/v2\/comments?post=367601"}],"wp:featuredmedia":[{"embeddable":true,"href":"https:\/\/my.stlflix.com\/fr\/wp-json\/wp\/v2\/media\/367603"}],"wp:attachment":[{"href":"https:\/\/my.stlflix.com\/fr\/wp-json\/wp\/v2\/media?parent=367601"}],"wp:term":[{"taxonomy":"product_brand","embeddable":true,"href":"https:\/\/my.stlflix.com\/fr\/wp-json\/wp\/v2\/product_brand?post=367601"},{"taxonomy":"product_cat","embeddable":true,"href":"https:\/\/my.stlflix.com\/fr\/wp-json\/wp\/v2\/product_cat?post=367601"},{"taxonomy":"product_tag","embeddable":true,"href":"https:\/\/my.stlflix.com\/fr\/wp-json\/wp\/v2\/product_tag?post=367601"}],"curies":[{"name":"wp","href":"https:\/\/api.w.org\/{rel}","templated":true}]}}