{"id":369800,"date":"2025-09-17T13:03:24","date_gmt":"2025-09-17T13:03:24","guid":{"rendered":"https:\/\/my.stlflix.com\/?post_type=product&#038;p=369800"},"modified":"2025-11-03T11:32:18","modified_gmt":"2025-11-03T11:32:18","slug":"suporte-para-controle-mao-alien-6-dedos","status":"publish","type":"product","link":"https:\/\/my.stlflix.com\/fr\/product\/suporte-para-controle-mao-alien-6-dedos\/","title":{"rendered":"6-Finger Alien Hand Controller Holder"},"content":{"rendered":"<p>Suporte para controle de v\u00eddeo game &#8211; m\u00e3o Alien\u00edgena com 6 dedos. Imagine o quanto o seu jogo melhoraria com SEIS dedos! Ser\u00e1 que isso seria permitido em torneios oficiais? (:D<\/p>\n<p>Aten\u00e7\u00e3o: N\u00c3O acompanha o controle! somente o suporte!<\/p>\n<p>Fabricada em impress\u00e3o 3D com pl\u00e1stico ecol\u00f3gico PLA &#8216;Duo Color&#8217; met\u00e1lico azul e roxo (duas cores).<\/p>\n<p>Al\u00e9m de ser um item de grande utilidade para organiza\u00e7\u00e3o do seu setup gamer, d\u00e1 ao seu ambiente um toque de humor e beleza.<\/p>\n<p>Garantia de 3 meses.<\/p>\n<p>Dimens\u00f5es do produto: 24 cm (altura) x 11 cm x 11 cm.<\/p>\n<p>Peso do produto: 126 g.<\/p>\n","protected":false},"excerpt":{"rendered":"<p>Suporte para controle de v\u00eddeo game &#8211; m\u00e3o Alien\u00edgena com 6 dedos. Imagine o quanto o seu jogo melhoraria com SEIS dedos! Ser\u00e1 que isso seria permitido em torneios oficiais? (:D Aten\u00e7\u00e3o: N\u00c3O acompanha o controle! somente o suporte! Fabricada em impress\u00e3o 3D com pl\u00e1stico ecol\u00f3gico PLA &#8216;Duo Color&#8217; met\u00e1lico azul e roxo (duas cores). [&hellip;]<\/p>\n","protected":false},"featured_media":7131,"comment_status":"open","ping_status":"closed","template":"","meta":[],"product_brand":[],"product_cat":[22],"product_tag":[],"class_list":{"0":"post-369800","1":"product","2":"type-product","3":"status-publish","4":"has-post-thumbnail","6":"product_cat-gadgets","8":"first","9":"instock","10":"purchasable","11":"product-type-simple"},"yoast_head":"<!-- This site is optimized with the Yoast SEO plugin v25.1 - https:\/\/yoast.com\/wordpress\/plugins\/seo\/ -->\n<title>6-Finger Alien Hand Controller Holder - MyStore - By STLFLIX<\/title>\n<meta name=\"robots\" content=\"index, follow, max-snippet:-1, max-image-preview:large, max-video-preview:-1\" \/>\n<link rel=\"canonical\" href=\"https:\/\/my.stlflix.com\/fr\/product\/suporte-para-controle-mao-alien-6-dedos\/\" \/>\n<meta property=\"og:locale\" content=\"fr_FR\" \/>\n<meta property=\"og:type\" content=\"article\" \/>\n<meta property=\"og:title\" content=\"6-Finger Alien Hand Controller Holder - MyStore - By STLFLIX\" \/>\n<meta property=\"og:description\" content=\"Suporte para controle de v\u00eddeo game &#8211; m\u00e3o Alien\u00edgena com 6 dedos. Imagine o quanto o seu jogo melhoraria com SEIS dedos! Ser\u00e1 que isso seria permitido em torneios oficiais? (:D Aten\u00e7\u00e3o: N\u00c3O acompanha o controle! somente o suporte! Fabricada em impress\u00e3o 3D com pl\u00e1stico ecol\u00f3gico PLA &#8216;Duo Color&#8217; met\u00e1lico azul e roxo (duas cores). [&hellip;]\" \/>\n<meta property=\"og:url\" content=\"https:\/\/my.stlflix.com\/fr\/product\/suporte-para-controle-mao-alien-6-dedos\/\" \/>\n<meta property=\"og:site_name\" content=\"MyStore - By STLFLIX\" \/>\n<meta property=\"article:publisher\" content=\"https:\/\/www.facebook.com\/STLFLIX\" \/>\n<meta property=\"article:modified_time\" content=\"2025-11-03T11:32:18+00:00\" \/>\n<meta property=\"og:image\" content=\"https:\/\/my.stlflix.com\/wp-content\/uploads\/2024\/03\/FEED_c71399e2b8.jpg\" \/>\n\t<meta property=\"og:image:width\" content=\"1079\" \/>\n\t<meta property=\"og:image:height\" content=\"1350\" \/>\n\t<meta property=\"og:image:type\" content=\"image\/jpeg\" \/>\n<meta name=\"twitter:card\" content=\"summary_large_image\" \/>\n<meta name=\"twitter:label1\" content=\"Est. reading time\" \/>\n\t<meta name=\"twitter:data1\" content=\"1 minute\" \/>\n<script type=\"application\/ld+json\" class=\"yoast-schema-graph\">{\"@context\":\"https:\/\/schema.org\",\"@graph\":[{\"@type\":\"WebPage\",\"@id\":\"https:\/\/my.stlflix.com\/fr\/product\/suporte-para-controle-mao-alien-6-dedos\/\",\"url\":\"https:\/\/my.stlflix.com\/fr\/product\/suporte-para-controle-mao-alien-6-dedos\/\",\"name\":\"6-Finger Alien Hand Controller Holder - MyStore - By STLFLIX\",\"isPartOf\":{\"@id\":\"https:\/\/www.monitorstlflix.com\/#website\"},\"primaryImageOfPage\":{\"@id\":\"https:\/\/my.stlflix.com\/fr\/product\/suporte-para-controle-mao-alien-6-dedos\/#primaryimage\"},\"image\":{\"@id\":\"https:\/\/my.stlflix.com\/fr\/product\/suporte-para-controle-mao-alien-6-dedos\/#primaryimage\"},\"thumbnailUrl\":\"https:\/\/my.stlflix.com\/wp-content\/uploads\/2024\/03\/FEED_c71399e2b8.jpg\",\"datePublished\":\"2025-09-17T13:03:24+00:00\",\"dateModified\":\"2025-11-03T11:32:18+00:00\",\"breadcrumb\":{\"@id\":\"https:\/\/my.stlflix.com\/fr\/product\/suporte-para-controle-mao-alien-6-dedos\/#breadcrumb\"},\"inLanguage\":\"fr-FR\",\"potentialAction\":[{\"@type\":\"ReadAction\",\"target\":[\"https:\/\/my.stlflix.com\/fr\/product\/suporte-para-controle-mao-alien-6-dedos\/\"]}]},{\"@type\":\"ImageObject\",\"inLanguage\":\"fr-FR\",\"@id\":\"https:\/\/my.stlflix.com\/fr\/product\/suporte-para-controle-mao-alien-6-dedos\/#primaryimage\",\"url\":\"https:\/\/my.stlflix.com\/wp-content\/uploads\/2024\/03\/FEED_c71399e2b8.jpg\",\"contentUrl\":\"https:\/\/my.stlflix.com\/wp-content\/uploads\/2024\/03\/FEED_c71399e2b8.jpg\",\"width\":1079,\"height\":1350},{\"@type\":\"BreadcrumbList\",\"@id\":\"https:\/\/my.stlflix.com\/fr\/product\/suporte-para-controle-mao-alien-6-dedos\/#breadcrumb\",\"itemListElement\":[{\"@type\":\"ListItem\",\"position\":1,\"name\":\"Home\",\"item\":\"https:\/\/my.stlflix.com\/\"},{\"@type\":\"ListItem\",\"position\":2,\"name\":\"Products\",\"item\":\"https:\/\/my.stlflix.com\/fr\/shop\/\"},{\"@type\":\"ListItem\",\"position\":3,\"name\":\"6-Finger Alien Hand Controller Holder\"}]},{\"@type\":\"WebSite\",\"@id\":\"https:\/\/www.monitorstlflix.com\/#website\",\"url\":\"https:\/\/www.monitorstlflix.com\/\",\"name\":\"MyStore - By STLFLIX\",\"description\":\"\",\"publisher\":{\"@id\":\"https:\/\/www.monitorstlflix.com\/#organization\"},\"potentialAction\":[{\"@type\":\"SearchAction\",\"target\":{\"@type\":\"EntryPoint\",\"urlTemplate\":\"https:\/\/www.monitorstlflix.com\/?s={search_term_string}\"},\"query-input\":{\"@type\":\"PropertyValueSpecification\",\"valueRequired\":true,\"valueName\":\"search_term_string\"}}],\"inLanguage\":\"fr-FR\"},{\"@type\":\"Organization\",\"@id\":\"https:\/\/www.monitorstlflix.com\/#organization\",\"name\":\"MyStore - By STLFLIX\",\"url\":\"https:\/\/www.monitorstlflix.com\/\",\"logo\":{\"@type\":\"ImageObject\",\"inLanguage\":\"fr-FR\",\"@id\":\"https:\/\/www.monitorstlflix.com\/#\/schema\/logo\/image\/\",\"url\":\"https:\/\/my.stlflix.com\/wp-content\/uploads\/2024\/06\/logo-mystore.png\",\"contentUrl\":\"https:\/\/my.stlflix.com\/wp-content\/uploads\/2024\/06\/logo-mystore.png\",\"width\":150,\"height\":41,\"caption\":\"MyStore - By STLFLIX\"},\"image\":{\"@id\":\"https:\/\/www.monitorstlflix.com\/#\/schema\/logo\/image\/\"},\"sameAs\":[\"https:\/\/www.facebook.com\/STLFLIX\",\"https:\/\/www.instagram.com\/stlflix_\/\",\"https:\/\/www.tiktok.com\/@stlflix\"]}]}<\/script>\n<!-- \/ Yoast SEO plugin. -->","yoast_head_json":{"title":"6-Finger Alien Hand Controller Holder - MyStore - By STLFLIX","robots":{"index":"index","follow":"follow","max-snippet":"max-snippet:-1","max-image-preview":"max-image-preview:large","max-video-preview":"max-video-preview:-1"},"canonical":"https:\/\/my.stlflix.com\/fr\/product\/suporte-para-controle-mao-alien-6-dedos\/","og_locale":"fr_FR","og_type":"article","og_title":"6-Finger Alien Hand Controller Holder - MyStore - By STLFLIX","og_description":"Suporte para controle de v\u00eddeo game &#8211; m\u00e3o Alien\u00edgena com 6 dedos. Imagine o quanto o seu jogo melhoraria com SEIS dedos! Ser\u00e1 que isso seria permitido em torneios oficiais? (:D Aten\u00e7\u00e3o: N\u00c3O acompanha o controle! somente o suporte! Fabricada em impress\u00e3o 3D com pl\u00e1stico ecol\u00f3gico PLA &#8216;Duo Color&#8217; met\u00e1lico azul e roxo (duas cores). [&hellip;]","og_url":"https:\/\/my.stlflix.com\/fr\/product\/suporte-para-controle-mao-alien-6-dedos\/","og_site_name":"MyStore - By STLFLIX","article_publisher":"https:\/\/www.facebook.com\/STLFLIX","article_modified_time":"2025-11-03T11:32:18+00:00","og_image":[{"width":1079,"height":1350,"url":"https:\/\/my.stlflix.com\/wp-content\/uploads\/2024\/03\/FEED_c71399e2b8.jpg","type":"image\/jpeg"}],"twitter_card":"summary_large_image","twitter_misc":{"Est. reading time":"1 minute"},"schema":{"@context":"https:\/\/schema.org","@graph":[{"@type":"WebPage","@id":"https:\/\/my.stlflix.com\/fr\/product\/suporte-para-controle-mao-alien-6-dedos\/","url":"https:\/\/my.stlflix.com\/fr\/product\/suporte-para-controle-mao-alien-6-dedos\/","name":"6-Finger Alien Hand Controller Holder - MyStore - By STLFLIX","isPartOf":{"@id":"https:\/\/www.monitorstlflix.com\/#website"},"primaryImageOfPage":{"@id":"https:\/\/my.stlflix.com\/fr\/product\/suporte-para-controle-mao-alien-6-dedos\/#primaryimage"},"image":{"@id":"https:\/\/my.stlflix.com\/fr\/product\/suporte-para-controle-mao-alien-6-dedos\/#primaryimage"},"thumbnailUrl":"https:\/\/my.stlflix.com\/wp-content\/uploads\/2024\/03\/FEED_c71399e2b8.jpg","datePublished":"2025-09-17T13:03:24+00:00","dateModified":"2025-11-03T11:32:18+00:00","breadcrumb":{"@id":"https:\/\/my.stlflix.com\/fr\/product\/suporte-para-controle-mao-alien-6-dedos\/#breadcrumb"},"inLanguage":"fr-FR","potentialAction":[{"@type":"ReadAction","target":["https:\/\/my.stlflix.com\/fr\/product\/suporte-para-controle-mao-alien-6-dedos\/"]}]},{"@type":"ImageObject","inLanguage":"fr-FR","@id":"https:\/\/my.stlflix.com\/fr\/product\/suporte-para-controle-mao-alien-6-dedos\/#primaryimage","url":"https:\/\/my.stlflix.com\/wp-content\/uploads\/2024\/03\/FEED_c71399e2b8.jpg","contentUrl":"https:\/\/my.stlflix.com\/wp-content\/uploads\/2024\/03\/FEED_c71399e2b8.jpg","width":1079,"height":1350},{"@type":"BreadcrumbList","@id":"https:\/\/my.stlflix.com\/fr\/product\/suporte-para-controle-mao-alien-6-dedos\/#breadcrumb","itemListElement":[{"@type":"ListItem","position":1,"name":"Home","item":"https:\/\/my.stlflix.com\/"},{"@type":"ListItem","position":2,"name":"Products","item":"https:\/\/my.stlflix.com\/fr\/shop\/"},{"@type":"ListItem","position":3,"name":"6-Finger Alien Hand Controller Holder"}]},{"@type":"WebSite","@id":"https:\/\/www.monitorstlflix.com\/#website","url":"https:\/\/www.monitorstlflix.com\/","name":"MyStore - By STLFLIX","description":"","publisher":{"@id":"https:\/\/www.monitorstlflix.com\/#organization"},"potentialAction":[{"@type":"SearchAction","target":{"@type":"EntryPoint","urlTemplate":"https:\/\/www.monitorstlflix.com\/?s={search_term_string}"},"query-input":{"@type":"PropertyValueSpecification","valueRequired":true,"valueName":"search_term_string"}}],"inLanguage":"fr-FR"},{"@type":"Organization","@id":"https:\/\/www.monitorstlflix.com\/#organization","name":"MyStore - By STLFLIX","url":"https:\/\/www.monitorstlflix.com\/","logo":{"@type":"ImageObject","inLanguage":"fr-FR","@id":"https:\/\/www.monitorstlflix.com\/#\/schema\/logo\/image\/","url":"https:\/\/my.stlflix.com\/wp-content\/uploads\/2024\/06\/logo-mystore.png","contentUrl":"https:\/\/my.stlflix.com\/wp-content\/uploads\/2024\/06\/logo-mystore.png","width":150,"height":41,"caption":"MyStore - By STLFLIX"},"image":{"@id":"https:\/\/www.monitorstlflix.com\/#\/schema\/logo\/image\/"},"sameAs":["https:\/\/www.facebook.com\/STLFLIX","https:\/\/www.instagram.com\/stlflix_\/","https:\/\/www.tiktok.com\/@stlflix"]}]}},"_links":{"self":[{"href":"https:\/\/my.stlflix.com\/fr\/wp-json\/wp\/v2\/product\/369800","targetHints":{"allow":["GET"]}}],"collection":[{"href":"https:\/\/my.stlflix.com\/fr\/wp-json\/wp\/v2\/product"}],"about":[{"href":"https:\/\/my.stlflix.com\/fr\/wp-json\/wp\/v2\/types\/product"}],"replies":[{"embeddable":true,"href":"https:\/\/my.stlflix.com\/fr\/wp-json\/wp\/v2\/comments?post=369800"}],"wp:featuredmedia":[{"embeddable":true,"href":"https:\/\/my.stlflix.com\/fr\/wp-json\/wp\/v2\/media\/7131"}],"wp:attachment":[{"href":"https:\/\/my.stlflix.com\/fr\/wp-json\/wp\/v2\/media?parent=369800"}],"wp:term":[{"taxonomy":"product_brand","embeddable":true,"href":"https:\/\/my.stlflix.com\/fr\/wp-json\/wp\/v2\/product_brand?post=369800"},{"taxonomy":"product_cat","embeddable":true,"href":"https:\/\/my.stlflix.com\/fr\/wp-json\/wp\/v2\/product_cat?post=369800"},{"taxonomy":"product_tag","embeddable":true,"href":"https:\/\/my.stlflix.com\/fr\/wp-json\/wp\/v2\/product_tag?post=369800"}],"curies":[{"name":"wp","href":"https:\/\/api.w.org\/{rel}","templated":true}]}}