{"id":388857,"date":"2025-06-24T14:21:39","date_gmt":"2025-06-24T14:21:39","guid":{"rendered":"https:\/\/my.stlflix.com\/?post_type=product&#038;p=388857"},"modified":"2025-06-24T14:23:49","modified_gmt":"2025-06-24T14:23:49","slug":"barril-inspirado-no-donkey-kong-decoracao-unica","status":"publish","type":"product","link":"https:\/\/my.stlflix.com\/fr\/product\/barril-inspirado-no-donkey-kong-decoracao-unica\/","title":{"rendered":"Barril inspirado no Donkey Kong &#8211; Decora\u00e7\u00e3o \u00danica"},"content":{"rendered":"<blockquote><p>Este barril \u00e9 uma homenagem ao cl\u00e1ssico Donkey Kong, perfeito para f\u00e3s de games e decora\u00e7\u00e3o geek!<\/p>\n<p>Produzido com alta qualidade de impress\u00e3o, trazendo detalhes incr\u00edveis para qualquer espa\u00e7o.<\/p>\n<p>&nbsp;<\/p>\n<p>Medidas da pe\u00e7a:<\/p>\n<p>\ud83d\udccf 104,01mm (largura) x 106,40mm (profundidade) x 126,77mm (altura)<\/p>\n<p>&nbsp;<\/p>\n<p>Peso aproximado:<\/p>\n<p>\u2696\ufe0f 129g<\/p>\n<p>&nbsp;<\/p>\n<p>Material utilizado:<\/p>\n<p>Filamento Velvet e Filamento S\u00f3lido de PLA.<\/p><\/blockquote>\n","protected":false},"excerpt":{"rendered":"<p>Este barril \u00e9 uma homenagem ao cl\u00e1ssico Donkey Kong, perfeito para f\u00e3s de games e decora\u00e7\u00e3o geek! Produzido com alta qualidade de impress\u00e3o, trazendo detalhes incr\u00edveis para qualquer espa\u00e7o. &nbsp; Medidas da pe\u00e7a: \ud83d\udccf 104,01mm (largura) x 106,40mm (profundidade) x 126,77mm (altura) &nbsp; Peso aproximado: \u2696\ufe0f 129g &nbsp; Material utilizado: Filamento Velvet e Filamento S\u00f3lido [&hellip;]<\/p>\n","protected":false},"featured_media":0,"comment_status":"open","ping_status":"closed","template":"","meta":[],"product_brand":[],"product_cat":[15],"product_tag":[630,5864],"class_list":{"0":"post-388857","1":"product","2":"type-product","3":"status-publish","5":"product_cat-uncategorized","6":"product_tag-games","7":"product_tag-games-acessorios","9":"first","10":"instock","11":"taxable","12":"shipping-taxable","13":"purchasable","14":"product-type-simple"},"yoast_head":"<!-- This site is optimized with the Yoast SEO plugin v25.1 - https:\/\/yoast.com\/wordpress\/plugins\/seo\/ -->\n<title>Barril inspirado no Donkey Kong - Decora\u00e7\u00e3o \u00danica - MyStore - By STLFLIX<\/title>\n<meta name=\"robots\" content=\"index, follow, max-snippet:-1, max-image-preview:large, max-video-preview:-1\" \/>\n<link rel=\"canonical\" href=\"https:\/\/my.stlflix.com\/product\/barril-inspirado-no-donkey-kong-decoracao-unica\/\" \/>\n<meta property=\"og:locale\" content=\"fr_FR\" \/>\n<meta property=\"og:type\" content=\"article\" \/>\n<meta property=\"og:title\" content=\"Barril inspirado no Donkey Kong - Decora\u00e7\u00e3o \u00danica - MyStore - By STLFLIX\" \/>\n<meta property=\"og:description\" content=\"Este barril \u00e9 uma homenagem ao cl\u00e1ssico Donkey Kong, perfeito para f\u00e3s de games e decora\u00e7\u00e3o geek! Produzido com alta qualidade de impress\u00e3o, trazendo detalhes incr\u00edveis para qualquer espa\u00e7o. &nbsp; Medidas da pe\u00e7a: \ud83d\udccf 104,01mm (largura) x 106,40mm (profundidade) x 126,77mm (altura) &nbsp; Peso aproximado: \u2696\ufe0f 129g &nbsp; Material utilizado: Filamento Velvet e Filamento S\u00f3lido [&hellip;]\" \/>\n<meta property=\"og:url\" content=\"https:\/\/my.stlflix.com\/product\/barril-inspirado-no-donkey-kong-decoracao-unica\/\" \/>\n<meta property=\"og:site_name\" content=\"MyStore - By STLFLIX\" \/>\n<meta property=\"article:publisher\" content=\"https:\/\/www.facebook.com\/STLFLIX\" \/>\n<meta property=\"article:modified_time\" content=\"2025-06-24T14:23:49+00:00\" \/>\n<meta name=\"twitter:card\" content=\"summary_large_image\" \/>\n<script type=\"application\/ld+json\" class=\"yoast-schema-graph\">{\"@context\":\"https:\/\/schema.org\",\"@graph\":[{\"@type\":\"WebPage\",\"@id\":\"https:\/\/my.stlflix.com\/product\/barril-inspirado-no-donkey-kong-decoracao-unica\/\",\"url\":\"https:\/\/my.stlflix.com\/product\/barril-inspirado-no-donkey-kong-decoracao-unica\/\",\"name\":\"Barril inspirado no Donkey Kong - Decora\u00e7\u00e3o \u00danica - MyStore - By STLFLIX\",\"isPartOf\":{\"@id\":\"https:\/\/my.stlflix.com\/tr\/#website\"},\"datePublished\":\"2025-06-24T14:21:39+00:00\",\"dateModified\":\"2025-06-24T14:23:49+00:00\",\"breadcrumb\":{\"@id\":\"https:\/\/my.stlflix.com\/product\/barril-inspirado-no-donkey-kong-decoracao-unica\/#breadcrumb\"},\"inLanguage\":\"fr-FR\",\"potentialAction\":[{\"@type\":\"ReadAction\",\"target\":[\"https:\/\/my.stlflix.com\/product\/barril-inspirado-no-donkey-kong-decoracao-unica\/\"]}]},{\"@type\":\"BreadcrumbList\",\"@id\":\"https:\/\/my.stlflix.com\/product\/barril-inspirado-no-donkey-kong-decoracao-unica\/#breadcrumb\",\"itemListElement\":[{\"@type\":\"ListItem\",\"position\":1,\"name\":\"Home\",\"item\":\"https:\/\/my.stlflix.com\/\"},{\"@type\":\"ListItem\",\"position\":2,\"name\":\"Products\",\"item\":\"https:\/\/my.stlflix.com\/fr\/shop\/\"},{\"@type\":\"ListItem\",\"position\":3,\"name\":\"Barril inspirado no Donkey Kong &#8211; Decora\u00e7\u00e3o \u00danica\"}]},{\"@type\":\"WebSite\",\"@id\":\"https:\/\/my.stlflix.com\/tr\/#website\",\"url\":\"https:\/\/my.stlflix.com\/tr\/\",\"name\":\"MyStore - By STLFLIX\",\"description\":\"\",\"publisher\":{\"@id\":\"https:\/\/my.stlflix.com\/tr\/#organization\"},\"potentialAction\":[{\"@type\":\"SearchAction\",\"target\":{\"@type\":\"EntryPoint\",\"urlTemplate\":\"https:\/\/my.stlflix.com\/tr\/?s={search_term_string}\"},\"query-input\":{\"@type\":\"PropertyValueSpecification\",\"valueRequired\":true,\"valueName\":\"search_term_string\"}}],\"inLanguage\":\"fr-FR\"},{\"@type\":\"Organization\",\"@id\":\"https:\/\/my.stlflix.com\/tr\/#organization\",\"name\":\"MyStore - By STLFLIX\",\"url\":\"https:\/\/my.stlflix.com\/tr\/\",\"logo\":{\"@type\":\"ImageObject\",\"inLanguage\":\"fr-FR\",\"@id\":\"https:\/\/my.stlflix.com\/tr\/#\/schema\/logo\/image\/\",\"url\":\"https:\/\/my.stlflix.com\/wp-content\/uploads\/2024\/06\/logo-mystore.png\",\"contentUrl\":\"https:\/\/my.stlflix.com\/wp-content\/uploads\/2024\/06\/logo-mystore.png\",\"width\":150,\"height\":41,\"caption\":\"MyStore - By STLFLIX\"},\"image\":{\"@id\":\"https:\/\/my.stlflix.com\/tr\/#\/schema\/logo\/image\/\"},\"sameAs\":[\"https:\/\/www.facebook.com\/STLFLIX\",\"https:\/\/www.instagram.com\/stlflix_\/\",\"https:\/\/www.tiktok.com\/@stlflix\"]}]}<\/script>\n<!-- \/ Yoast SEO plugin. -->","yoast_head_json":{"title":"Barril inspirado no Donkey Kong - Decora\u00e7\u00e3o \u00danica - MyStore - By STLFLIX","robots":{"index":"index","follow":"follow","max-snippet":"max-snippet:-1","max-image-preview":"max-image-preview:large","max-video-preview":"max-video-preview:-1"},"canonical":"https:\/\/my.stlflix.com\/product\/barril-inspirado-no-donkey-kong-decoracao-unica\/","og_locale":"fr_FR","og_type":"article","og_title":"Barril inspirado no Donkey Kong - Decora\u00e7\u00e3o \u00danica - MyStore - By STLFLIX","og_description":"Este barril \u00e9 uma homenagem ao cl\u00e1ssico Donkey Kong, perfeito para f\u00e3s de games e decora\u00e7\u00e3o geek! Produzido com alta qualidade de impress\u00e3o, trazendo detalhes incr\u00edveis para qualquer espa\u00e7o. &nbsp; Medidas da pe\u00e7a: \ud83d\udccf 104,01mm (largura) x 106,40mm (profundidade) x 126,77mm (altura) &nbsp; Peso aproximado: \u2696\ufe0f 129g &nbsp; Material utilizado: Filamento Velvet e Filamento S\u00f3lido [&hellip;]","og_url":"https:\/\/my.stlflix.com\/product\/barril-inspirado-no-donkey-kong-decoracao-unica\/","og_site_name":"MyStore - By STLFLIX","article_publisher":"https:\/\/www.facebook.com\/STLFLIX","article_modified_time":"2025-06-24T14:23:49+00:00","twitter_card":"summary_large_image","schema":{"@context":"https:\/\/schema.org","@graph":[{"@type":"WebPage","@id":"https:\/\/my.stlflix.com\/product\/barril-inspirado-no-donkey-kong-decoracao-unica\/","url":"https:\/\/my.stlflix.com\/product\/barril-inspirado-no-donkey-kong-decoracao-unica\/","name":"Barril inspirado no Donkey Kong - Decora\u00e7\u00e3o \u00danica - MyStore - By STLFLIX","isPartOf":{"@id":"https:\/\/my.stlflix.com\/tr\/#website"},"datePublished":"2025-06-24T14:21:39+00:00","dateModified":"2025-06-24T14:23:49+00:00","breadcrumb":{"@id":"https:\/\/my.stlflix.com\/product\/barril-inspirado-no-donkey-kong-decoracao-unica\/#breadcrumb"},"inLanguage":"fr-FR","potentialAction":[{"@type":"ReadAction","target":["https:\/\/my.stlflix.com\/product\/barril-inspirado-no-donkey-kong-decoracao-unica\/"]}]},{"@type":"BreadcrumbList","@id":"https:\/\/my.stlflix.com\/product\/barril-inspirado-no-donkey-kong-decoracao-unica\/#breadcrumb","itemListElement":[{"@type":"ListItem","position":1,"name":"Home","item":"https:\/\/my.stlflix.com\/"},{"@type":"ListItem","position":2,"name":"Products","item":"https:\/\/my.stlflix.com\/fr\/shop\/"},{"@type":"ListItem","position":3,"name":"Barril inspirado no Donkey Kong &#8211; Decora\u00e7\u00e3o \u00danica"}]},{"@type":"WebSite","@id":"https:\/\/my.stlflix.com\/tr\/#website","url":"https:\/\/my.stlflix.com\/tr\/","name":"MyStore - By STLFLIX","description":"","publisher":{"@id":"https:\/\/my.stlflix.com\/tr\/#organization"},"potentialAction":[{"@type":"SearchAction","target":{"@type":"EntryPoint","urlTemplate":"https:\/\/my.stlflix.com\/tr\/?s={search_term_string}"},"query-input":{"@type":"PropertyValueSpecification","valueRequired":true,"valueName":"search_term_string"}}],"inLanguage":"fr-FR"},{"@type":"Organization","@id":"https:\/\/my.stlflix.com\/tr\/#organization","name":"MyStore - By STLFLIX","url":"https:\/\/my.stlflix.com\/tr\/","logo":{"@type":"ImageObject","inLanguage":"fr-FR","@id":"https:\/\/my.stlflix.com\/tr\/#\/schema\/logo\/image\/","url":"https:\/\/my.stlflix.com\/wp-content\/uploads\/2024\/06\/logo-mystore.png","contentUrl":"https:\/\/my.stlflix.com\/wp-content\/uploads\/2024\/06\/logo-mystore.png","width":150,"height":41,"caption":"MyStore - By STLFLIX"},"image":{"@id":"https:\/\/my.stlflix.com\/tr\/#\/schema\/logo\/image\/"},"sameAs":["https:\/\/www.facebook.com\/STLFLIX","https:\/\/www.instagram.com\/stlflix_\/","https:\/\/www.tiktok.com\/@stlflix"]}]}},"_links":{"self":[{"href":"https:\/\/my.stlflix.com\/fr\/wp-json\/wp\/v2\/product\/388857","targetHints":{"allow":["GET"]}}],"collection":[{"href":"https:\/\/my.stlflix.com\/fr\/wp-json\/wp\/v2\/product"}],"about":[{"href":"https:\/\/my.stlflix.com\/fr\/wp-json\/wp\/v2\/types\/product"}],"replies":[{"embeddable":true,"href":"https:\/\/my.stlflix.com\/fr\/wp-json\/wp\/v2\/comments?post=388857"}],"wp:attachment":[{"href":"https:\/\/my.stlflix.com\/fr\/wp-json\/wp\/v2\/media?parent=388857"}],"wp:term":[{"taxonomy":"product_brand","embeddable":true,"href":"https:\/\/my.stlflix.com\/fr\/wp-json\/wp\/v2\/product_brand?post=388857"},{"taxonomy":"product_cat","embeddable":true,"href":"https:\/\/my.stlflix.com\/fr\/wp-json\/wp\/v2\/product_cat?post=388857"},{"taxonomy":"product_tag","embeddable":true,"href":"https:\/\/my.stlflix.com\/fr\/wp-json\/wp\/v2\/product_tag?post=388857"}],"curies":[{"name":"wp","href":"https:\/\/api.w.org\/{rel}","templated":true}]}}