{"id":430434,"date":"2025-09-05T19:39:08","date_gmt":"2025-09-05T19:39:08","guid":{"rendered":"https:\/\/my.stlflix.com\/?post_type=product&#038;p=430434"},"modified":"2025-09-13T00:27:38","modified_gmt":"2025-09-13T00:27:38","slug":"sweet-rest-68bb3a1647c6b","status":"publish","type":"product","link":"https:\/\/my.stlflix.com\/fr\/product\/sweet-rest-68bb3a1647c6b\/","title":{"rendered":"Sweet Rest"},"content":{"rendered":"<p data-start=\"226\" data-end=\"288\">\ud83e\udea6 <strong data-start=\"229\" data-end=\"284\">Sweet Rest \u2013 Decora\u00e7\u00e3o de Halloween com Humor Negro<\/strong> \ud83d\udd77\ufe0f<\/p>\n<p data-start=\"290\" data-end=\"497\">Nem todos os descansos eternos s\u00e3o tristes.<br data-start=\"333\" data-end=\"336\" \/><strong data-start=\"336\" data-end=\"350\">Sweet Rest<\/strong> traz um toque de ironia \u00e0 decora\u00e7\u00e3o de Halloween, com uma figura encantadora que repousa tranquilamente&#8230; sob uma l\u00e1pide com <strong data-start=\"477\" data-end=\"484\">RIP<\/strong> bem vis\u00edvel.<\/p>\n<p data-start=\"499\" data-end=\"660\">Com um estilo \u00fanico e expressivo, esta pe\u00e7a mistura o sombrio com o divertido \u2014 perfeita para quem gosta de detalhes fora do comum e um sentido de humor apurado.<\/p>\n<p data-start=\"499\" data-end=\"660\">Tamanho: Aproximadamente 7cm<\/p>\n<p data-start=\"662\" data-end=\"679\">\ud83d\udda4 <strong data-start=\"665\" data-end=\"679\">Destaques:<\/strong><\/p>\n<ul data-start=\"680\" data-end=\"840\">\n<li data-start=\"680\" data-end=\"735\">\n<p data-start=\"682\" data-end=\"735\">Design original com est\u00e9tica g\u00f3tica e toque ir\u00f3nico<\/p>\n<\/li>\n<li data-start=\"736\" data-end=\"795\">\n<p data-start=\"738\" data-end=\"795\">Ideal para decora\u00e7\u00e3o tem\u00e1tica ou ambientes alternativos<\/p>\n<\/li>\n<li data-start=\"796\" data-end=\"840\">\n<p data-start=\"798\" data-end=\"840\">Acabamento detalhado e presen\u00e7a marcante<\/p>\n<\/li>\n<\/ul>\n<p data-start=\"842\" data-end=\"896\">\ud83d\udc80 Porque at\u00e9 o al\u00e9m merece um bom lugar para relaxar.<\/p>\n<h3 data-start=\"842\" data-end=\"896\"><strong>Gostou do modelo? Fa\u00e7a j\u00e1 a sua encomenda enviando uma mensagem para o nosso Instagram! Basta clicar <a href=\"https:\/\/www.instagram.com\/mind_3d_\/\" target=\"_blank\" rel=\"noopener\">aqui \u2197<\/a> e indicar o nome do artigo.<\/strong><\/h3>\n","protected":false},"excerpt":{"rendered":"<p>\ud83e\udea6 Sweet Rest \u2013 Decora\u00e7\u00e3o de Halloween com Humor Negro \ud83d\udd77\ufe0f Nem todos os descansos eternos s\u00e3o tristes.Sweet Rest traz um toque de ironia \u00e0 decora\u00e7\u00e3o de Halloween, com uma figura encantadora que repousa tranquilamente&#8230; sob uma l\u00e1pide com RIP bem vis\u00edvel. Com um estilo \u00fanico e expressivo, esta pe\u00e7a mistura o sombrio com o [&hellip;]<\/p>\n","protected":false},"featured_media":430192,"comment_status":"open","ping_status":"closed","template":"","meta":[],"product_brand":[],"product_cat":[15],"product_tag":[6371],"class_list":{"0":"post-430434","1":"product","2":"type-product","3":"status-publish","4":"has-post-thumbnail","6":"product_cat-uncategorized","7":"product_tag-especial-halloween","9":"first","10":"outofstock","11":"purchasable","12":"product-type-simple"},"yoast_head":"<!-- This site is optimized with the Yoast SEO plugin v25.1 - https:\/\/yoast.com\/wordpress\/plugins\/seo\/ -->\n<title>Sweet Rest - MyStore - By STLFLIX<\/title>\n<meta name=\"robots\" content=\"index, follow, max-snippet:-1, max-image-preview:large, max-video-preview:-1\" \/>\n<link rel=\"canonical\" href=\"https:\/\/www.stlflix-store.com\/product\/sweet-rest-68bb3a1647c6b\/\" \/>\n<meta property=\"og:locale\" content=\"fr_FR\" \/>\n<meta property=\"og:type\" content=\"article\" \/>\n<meta property=\"og:title\" content=\"Sweet Rest - MyStore - By STLFLIX\" \/>\n<meta property=\"og:description\" content=\"\ud83e\udea6 Sweet Rest \u2013 Decora\u00e7\u00e3o de Halloween com Humor Negro \ud83d\udd77\ufe0f Nem todos os descansos eternos s\u00e3o tristes.Sweet Rest traz um toque de ironia \u00e0 decora\u00e7\u00e3o de Halloween, com uma figura encantadora que repousa tranquilamente&#8230; sob uma l\u00e1pide com RIP bem vis\u00edvel. Com um estilo \u00fanico e expressivo, esta pe\u00e7a mistura o sombrio com o [&hellip;]\" \/>\n<meta property=\"og:url\" content=\"https:\/\/www.stlflix-store.com\/product\/sweet-rest-68bb3a1647c6b\/\" \/>\n<meta property=\"og:site_name\" content=\"MyStore - By STLFLIX\" \/>\n<meta property=\"article:publisher\" content=\"https:\/\/www.facebook.com\/STLFLIX\" \/>\n<meta property=\"article:modified_time\" content=\"2025-09-13T00:27:38+00:00\" \/>\n<meta property=\"og:image\" content=\"https:\/\/www.stlflix-store.com\/wp-content\/uploads\/2025\/09\/Sweet_Rest_thumb_299188291c.jpg\" \/>\n\t<meta property=\"og:image:width\" content=\"1080\" \/>\n\t<meta property=\"og:image:height\" content=\"1350\" \/>\n\t<meta property=\"og:image:type\" content=\"image\/jpeg\" \/>\n<meta name=\"twitter:card\" content=\"summary_large_image\" \/>\n<meta name=\"twitter:label1\" content=\"Est. reading time\" \/>\n\t<meta name=\"twitter:data1\" content=\"1 minute\" \/>\n<script type=\"application\/ld+json\" class=\"yoast-schema-graph\">{\"@context\":\"https:\/\/schema.org\",\"@graph\":[{\"@type\":\"WebPage\",\"@id\":\"https:\/\/www.stlflix-store.com\/product\/sweet-rest-68bb3a1647c6b\/\",\"url\":\"https:\/\/www.stlflix-store.com\/product\/sweet-rest-68bb3a1647c6b\/\",\"name\":\"Sweet Rest - MyStore - By STLFLIX\",\"isPartOf\":{\"@id\":\"https:\/\/my.stlflix.com\/tr\/#website\"},\"primaryImageOfPage\":{\"@id\":\"https:\/\/www.stlflix-store.com\/product\/sweet-rest-68bb3a1647c6b\/#primaryimage\"},\"image\":{\"@id\":\"https:\/\/www.stlflix-store.com\/product\/sweet-rest-68bb3a1647c6b\/#primaryimage\"},\"thumbnailUrl\":\"https:\/\/my.stlflix.com\/wp-content\/uploads\/2025\/09\/Sweet_Rest_thumb_299188291c.jpg\",\"datePublished\":\"2025-09-05T19:39:08+00:00\",\"dateModified\":\"2025-09-13T00:27:38+00:00\",\"breadcrumb\":{\"@id\":\"https:\/\/www.stlflix-store.com\/product\/sweet-rest-68bb3a1647c6b\/#breadcrumb\"},\"inLanguage\":\"fr-FR\",\"potentialAction\":[{\"@type\":\"ReadAction\",\"target\":[\"https:\/\/www.stlflix-store.com\/product\/sweet-rest-68bb3a1647c6b\/\"]}]},{\"@type\":\"ImageObject\",\"inLanguage\":\"fr-FR\",\"@id\":\"https:\/\/www.stlflix-store.com\/product\/sweet-rest-68bb3a1647c6b\/#primaryimage\",\"url\":\"https:\/\/my.stlflix.com\/wp-content\/uploads\/2025\/09\/Sweet_Rest_thumb_299188291c.jpg\",\"contentUrl\":\"https:\/\/my.stlflix.com\/wp-content\/uploads\/2025\/09\/Sweet_Rest_thumb_299188291c.jpg\",\"width\":1080,\"height\":1350},{\"@type\":\"BreadcrumbList\",\"@id\":\"https:\/\/www.stlflix-store.com\/product\/sweet-rest-68bb3a1647c6b\/#breadcrumb\",\"itemListElement\":[{\"@type\":\"ListItem\",\"position\":1,\"name\":\"Home\",\"item\":\"https:\/\/my.stlflix.com\/\"},{\"@type\":\"ListItem\",\"position\":2,\"name\":\"Products\",\"item\":\"https:\/\/my.stlflix.com\/fr\/shop\/\"},{\"@type\":\"ListItem\",\"position\":3,\"name\":\"Sweet Rest\"}]},{\"@type\":\"WebSite\",\"@id\":\"https:\/\/my.stlflix.com\/tr\/#website\",\"url\":\"https:\/\/my.stlflix.com\/tr\/\",\"name\":\"MyStore - By STLFLIX\",\"description\":\"\",\"publisher\":{\"@id\":\"https:\/\/my.stlflix.com\/tr\/#organization\"},\"potentialAction\":[{\"@type\":\"SearchAction\",\"target\":{\"@type\":\"EntryPoint\",\"urlTemplate\":\"https:\/\/my.stlflix.com\/tr\/?s={search_term_string}\"},\"query-input\":{\"@type\":\"PropertyValueSpecification\",\"valueRequired\":true,\"valueName\":\"search_term_string\"}}],\"inLanguage\":\"fr-FR\"},{\"@type\":\"Organization\",\"@id\":\"https:\/\/my.stlflix.com\/tr\/#organization\",\"name\":\"MyStore - By STLFLIX\",\"url\":\"https:\/\/my.stlflix.com\/tr\/\",\"logo\":{\"@type\":\"ImageObject\",\"inLanguage\":\"fr-FR\",\"@id\":\"https:\/\/my.stlflix.com\/tr\/#\/schema\/logo\/image\/\",\"url\":\"https:\/\/my.stlflix.com\/wp-content\/uploads\/2024\/06\/logo-mystore.png\",\"contentUrl\":\"https:\/\/my.stlflix.com\/wp-content\/uploads\/2024\/06\/logo-mystore.png\",\"width\":150,\"height\":41,\"caption\":\"MyStore - By STLFLIX\"},\"image\":{\"@id\":\"https:\/\/my.stlflix.com\/tr\/#\/schema\/logo\/image\/\"},\"sameAs\":[\"https:\/\/www.facebook.com\/STLFLIX\",\"https:\/\/www.instagram.com\/stlflix_\/\",\"https:\/\/www.tiktok.com\/@stlflix\"]}]}<\/script>\n<!-- \/ Yoast SEO plugin. -->","yoast_head_json":{"title":"Sweet Rest - MyStore - By STLFLIX","robots":{"index":"index","follow":"follow","max-snippet":"max-snippet:-1","max-image-preview":"max-image-preview:large","max-video-preview":"max-video-preview:-1"},"canonical":"https:\/\/www.stlflix-store.com\/product\/sweet-rest-68bb3a1647c6b\/","og_locale":"fr_FR","og_type":"article","og_title":"Sweet Rest - MyStore - By STLFLIX","og_description":"\ud83e\udea6 Sweet Rest \u2013 Decora\u00e7\u00e3o de Halloween com Humor Negro \ud83d\udd77\ufe0f Nem todos os descansos eternos s\u00e3o tristes.Sweet Rest traz um toque de ironia \u00e0 decora\u00e7\u00e3o de Halloween, com uma figura encantadora que repousa tranquilamente&#8230; sob uma l\u00e1pide com RIP bem vis\u00edvel. Com um estilo \u00fanico e expressivo, esta pe\u00e7a mistura o sombrio com o [&hellip;]","og_url":"https:\/\/www.stlflix-store.com\/product\/sweet-rest-68bb3a1647c6b\/","og_site_name":"MyStore - By STLFLIX","article_publisher":"https:\/\/www.facebook.com\/STLFLIX","article_modified_time":"2025-09-13T00:27:38+00:00","og_image":[{"width":1080,"height":1350,"url":"https:\/\/www.stlflix-store.com\/wp-content\/uploads\/2025\/09\/Sweet_Rest_thumb_299188291c.jpg","type":"image\/jpeg"}],"twitter_card":"summary_large_image","twitter_misc":{"Est. reading time":"1 minute"},"schema":{"@context":"https:\/\/schema.org","@graph":[{"@type":"WebPage","@id":"https:\/\/www.stlflix-store.com\/product\/sweet-rest-68bb3a1647c6b\/","url":"https:\/\/www.stlflix-store.com\/product\/sweet-rest-68bb3a1647c6b\/","name":"Sweet Rest - MyStore - By STLFLIX","isPartOf":{"@id":"https:\/\/my.stlflix.com\/tr\/#website"},"primaryImageOfPage":{"@id":"https:\/\/www.stlflix-store.com\/product\/sweet-rest-68bb3a1647c6b\/#primaryimage"},"image":{"@id":"https:\/\/www.stlflix-store.com\/product\/sweet-rest-68bb3a1647c6b\/#primaryimage"},"thumbnailUrl":"https:\/\/my.stlflix.com\/wp-content\/uploads\/2025\/09\/Sweet_Rest_thumb_299188291c.jpg","datePublished":"2025-09-05T19:39:08+00:00","dateModified":"2025-09-13T00:27:38+00:00","breadcrumb":{"@id":"https:\/\/www.stlflix-store.com\/product\/sweet-rest-68bb3a1647c6b\/#breadcrumb"},"inLanguage":"fr-FR","potentialAction":[{"@type":"ReadAction","target":["https:\/\/www.stlflix-store.com\/product\/sweet-rest-68bb3a1647c6b\/"]}]},{"@type":"ImageObject","inLanguage":"fr-FR","@id":"https:\/\/www.stlflix-store.com\/product\/sweet-rest-68bb3a1647c6b\/#primaryimage","url":"https:\/\/my.stlflix.com\/wp-content\/uploads\/2025\/09\/Sweet_Rest_thumb_299188291c.jpg","contentUrl":"https:\/\/my.stlflix.com\/wp-content\/uploads\/2025\/09\/Sweet_Rest_thumb_299188291c.jpg","width":1080,"height":1350},{"@type":"BreadcrumbList","@id":"https:\/\/www.stlflix-store.com\/product\/sweet-rest-68bb3a1647c6b\/#breadcrumb","itemListElement":[{"@type":"ListItem","position":1,"name":"Home","item":"https:\/\/my.stlflix.com\/"},{"@type":"ListItem","position":2,"name":"Products","item":"https:\/\/my.stlflix.com\/fr\/shop\/"},{"@type":"ListItem","position":3,"name":"Sweet Rest"}]},{"@type":"WebSite","@id":"https:\/\/my.stlflix.com\/tr\/#website","url":"https:\/\/my.stlflix.com\/tr\/","name":"MyStore - By STLFLIX","description":"","publisher":{"@id":"https:\/\/my.stlflix.com\/tr\/#organization"},"potentialAction":[{"@type":"SearchAction","target":{"@type":"EntryPoint","urlTemplate":"https:\/\/my.stlflix.com\/tr\/?s={search_term_string}"},"query-input":{"@type":"PropertyValueSpecification","valueRequired":true,"valueName":"search_term_string"}}],"inLanguage":"fr-FR"},{"@type":"Organization","@id":"https:\/\/my.stlflix.com\/tr\/#organization","name":"MyStore - By STLFLIX","url":"https:\/\/my.stlflix.com\/tr\/","logo":{"@type":"ImageObject","inLanguage":"fr-FR","@id":"https:\/\/my.stlflix.com\/tr\/#\/schema\/logo\/image\/","url":"https:\/\/my.stlflix.com\/wp-content\/uploads\/2024\/06\/logo-mystore.png","contentUrl":"https:\/\/my.stlflix.com\/wp-content\/uploads\/2024\/06\/logo-mystore.png","width":150,"height":41,"caption":"MyStore - By STLFLIX"},"image":{"@id":"https:\/\/my.stlflix.com\/tr\/#\/schema\/logo\/image\/"},"sameAs":["https:\/\/www.facebook.com\/STLFLIX","https:\/\/www.instagram.com\/stlflix_\/","https:\/\/www.tiktok.com\/@stlflix"]}]}},"_links":{"self":[{"href":"https:\/\/my.stlflix.com\/fr\/wp-json\/wp\/v2\/product\/430434","targetHints":{"allow":["GET"]}}],"collection":[{"href":"https:\/\/my.stlflix.com\/fr\/wp-json\/wp\/v2\/product"}],"about":[{"href":"https:\/\/my.stlflix.com\/fr\/wp-json\/wp\/v2\/types\/product"}],"replies":[{"embeddable":true,"href":"https:\/\/my.stlflix.com\/fr\/wp-json\/wp\/v2\/comments?post=430434"}],"wp:featuredmedia":[{"embeddable":true,"href":"https:\/\/my.stlflix.com\/fr\/wp-json\/wp\/v2\/media\/430192"}],"wp:attachment":[{"href":"https:\/\/my.stlflix.com\/fr\/wp-json\/wp\/v2\/media?parent=430434"}],"wp:term":[{"taxonomy":"product_brand","embeddable":true,"href":"https:\/\/my.stlflix.com\/fr\/wp-json\/wp\/v2\/product_brand?post=430434"},{"taxonomy":"product_cat","embeddable":true,"href":"https:\/\/my.stlflix.com\/fr\/wp-json\/wp\/v2\/product_cat?post=430434"},{"taxonomy":"product_tag","embeddable":true,"href":"https:\/\/my.stlflix.com\/fr\/wp-json\/wp\/v2\/product_tag?post=430434"}],"curies":[{"name":"wp","href":"https:\/\/api.w.org\/{rel}","templated":true}]}}