{"id":430436,"date":"2025-09-05T19:41:04","date_gmt":"2025-09-05T19:41:04","guid":{"rendered":"https:\/\/my.stlflix.com\/?post_type=product&#038;p=430436"},"modified":"2025-09-13T00:27:29","modified_gmt":"2025-09-13T00:27:29","slug":"groove-reaper-68bb3a1d312fb","status":"publish","type":"product","link":"https:\/\/my.stlflix.com\/fr\/product\/groove-reaper-68bb3a1d312fb\/","title":{"rendered":"Groove Reaper"},"content":{"rendered":"<p data-start=\"91\" data-end=\"155\">\ud83c\udfa7\u26b0\ufe0f <strong data-start=\"96\" data-end=\"150\">Groove Reaper \u2013 Decora\u00e7\u00e3o de Halloween com Atitude<\/strong> \ud83d\udc80\ud83c\udfb6<\/p>\n<p data-start=\"157\" data-end=\"362\">Quando a morte encontra o ritmo, nasce o <strong data-start=\"198\" data-end=\"215\">Groove Reaper<\/strong>. Uma figura que mistura o lado sombrio com uma vibra\u00e7\u00e3o \u00fanica, perfeita para quem quer uma decora\u00e7\u00e3o de Halloween cheia de estilo e personalidade.<\/p>\n<p data-start=\"364\" data-end=\"489\">Com um design arrojado e cheio de atitude, esta pe\u00e7a \u00e9 ideal para dar aquele toque diferente e irreverente a qualquer espa\u00e7o.<\/p>\n<p data-start=\"364\" data-end=\"489\">Tamanho: Aproximadamente 7,5cm<\/p>\n<p data-start=\"491\" data-end=\"508\">\ud83d\udda4 <strong data-start=\"494\" data-end=\"508\">Destaques:<\/strong><\/p>\n<ul data-start=\"509\" data-end=\"639\">\n<li data-start=\"509\" data-end=\"539\">\n<p data-start=\"511\" data-end=\"539\">Estilo marcante e original<\/p>\n<\/li>\n<li data-start=\"540\" data-end=\"588\">\n<p data-start=\"542\" data-end=\"588\">Mistura perfeita entre o sombrio e o moderno<\/p>\n<\/li>\n<li data-start=\"589\" data-end=\"639\">\n<p data-start=\"591\" data-end=\"639\">Pe\u00e7a decorativa \u00fanica para ambientes criativos<\/p>\n<\/li>\n<\/ul>\n<p data-start=\"641\" data-end=\"690\">\ud83d\udc80 Deixa o ceifeiro dan\u00e7ar ao ritmo do Halloween.<\/p>\n<h3 data-start=\"641\" data-end=\"690\"><strong>Gostou do modelo? Fa\u00e7a j\u00e1 a sua encomenda enviando uma mensagem para o nosso Instagram! Basta clicar <a href=\"https:\/\/www.instagram.com\/mind_3d_\/\" target=\"_blank\" rel=\"noopener\">aqui \u2197<\/a> e indicar o nome do artigo.<\/strong><\/h3>\n","protected":false},"excerpt":{"rendered":"<p>\ud83c\udfa7\u26b0\ufe0f Groove Reaper \u2013 Decora\u00e7\u00e3o de Halloween com Atitude \ud83d\udc80\ud83c\udfb6 Quando a morte encontra o ritmo, nasce o Groove Reaper. Uma figura que mistura o lado sombrio com uma vibra\u00e7\u00e3o \u00fanica, perfeita para quem quer uma decora\u00e7\u00e3o de Halloween cheia de estilo e personalidade. Com um design arrojado e cheio de atitude, esta pe\u00e7a \u00e9 [&hellip;]<\/p>\n","protected":false},"featured_media":429914,"comment_status":"open","ping_status":"closed","template":"","meta":[],"product_brand":[],"product_cat":[15],"product_tag":[6371],"class_list":{"0":"post-430436","1":"product","2":"type-product","3":"status-publish","4":"has-post-thumbnail","6":"product_cat-uncategorized","7":"product_tag-especial-halloween","9":"first","10":"outofstock","11":"purchasable","12":"product-type-simple"},"yoast_head":"<!-- This site is optimized with the Yoast SEO plugin v25.1 - https:\/\/yoast.com\/wordpress\/plugins\/seo\/ -->\n<title>Groove Reaper - MyStore - By STLFLIX<\/title>\n<meta name=\"robots\" content=\"index, follow, max-snippet:-1, max-image-preview:large, max-video-preview:-1\" \/>\n<link rel=\"canonical\" href=\"https:\/\/www.stlflix-store.com\/product\/groove-reaper-68bb3a1d312fb\/\" \/>\n<meta property=\"og:locale\" content=\"fr_FR\" \/>\n<meta property=\"og:type\" content=\"article\" \/>\n<meta property=\"og:title\" content=\"Groove Reaper - MyStore - By STLFLIX\" \/>\n<meta property=\"og:description\" content=\"\ud83c\udfa7\u26b0\ufe0f Groove Reaper \u2013 Decora\u00e7\u00e3o de Halloween com Atitude \ud83d\udc80\ud83c\udfb6 Quando a morte encontra o ritmo, nasce o Groove Reaper. Uma figura que mistura o lado sombrio com uma vibra\u00e7\u00e3o \u00fanica, perfeita para quem quer uma decora\u00e7\u00e3o de Halloween cheia de estilo e personalidade. Com um design arrojado e cheio de atitude, esta pe\u00e7a \u00e9 [&hellip;]\" \/>\n<meta property=\"og:url\" content=\"https:\/\/www.stlflix-store.com\/product\/groove-reaper-68bb3a1d312fb\/\" \/>\n<meta property=\"og:site_name\" content=\"MyStore - By STLFLIX\" \/>\n<meta property=\"article:publisher\" content=\"https:\/\/www.facebook.com\/STLFLIX\" \/>\n<meta property=\"article:modified_time\" content=\"2025-09-13T00:27:29+00:00\" \/>\n<meta property=\"og:image\" content=\"https:\/\/www.stlflix-store.com\/wp-content\/uploads\/2025\/09\/Groove_Reaperthumb_40176ff857.png\" \/>\n\t<meta property=\"og:image:width\" content=\"1080\" \/>\n\t<meta property=\"og:image:height\" content=\"1350\" \/>\n\t<meta property=\"og:image:type\" content=\"image\/png\" \/>\n<meta name=\"twitter:card\" content=\"summary_large_image\" \/>\n<meta name=\"twitter:label1\" content=\"Est. reading time\" \/>\n\t<meta name=\"twitter:data1\" content=\"1 minute\" \/>\n<script type=\"application\/ld+json\" class=\"yoast-schema-graph\">{\"@context\":\"https:\/\/schema.org\",\"@graph\":[{\"@type\":\"WebPage\",\"@id\":\"https:\/\/www.stlflix-store.com\/product\/groove-reaper-68bb3a1d312fb\/\",\"url\":\"https:\/\/www.stlflix-store.com\/product\/groove-reaper-68bb3a1d312fb\/\",\"name\":\"Groove Reaper - MyStore - By STLFLIX\",\"isPartOf\":{\"@id\":\"https:\/\/my.stlflix.com\/tr\/#website\"},\"primaryImageOfPage\":{\"@id\":\"https:\/\/www.stlflix-store.com\/product\/groove-reaper-68bb3a1d312fb\/#primaryimage\"},\"image\":{\"@id\":\"https:\/\/www.stlflix-store.com\/product\/groove-reaper-68bb3a1d312fb\/#primaryimage\"},\"thumbnailUrl\":\"https:\/\/my.stlflix.com\/wp-content\/uploads\/2025\/09\/Groove_Reaperthumb_40176ff857.png\",\"datePublished\":\"2025-09-05T19:41:04+00:00\",\"dateModified\":\"2025-09-13T00:27:29+00:00\",\"breadcrumb\":{\"@id\":\"https:\/\/www.stlflix-store.com\/product\/groove-reaper-68bb3a1d312fb\/#breadcrumb\"},\"inLanguage\":\"fr-FR\",\"potentialAction\":[{\"@type\":\"ReadAction\",\"target\":[\"https:\/\/www.stlflix-store.com\/product\/groove-reaper-68bb3a1d312fb\/\"]}]},{\"@type\":\"ImageObject\",\"inLanguage\":\"fr-FR\",\"@id\":\"https:\/\/www.stlflix-store.com\/product\/groove-reaper-68bb3a1d312fb\/#primaryimage\",\"url\":\"https:\/\/my.stlflix.com\/wp-content\/uploads\/2025\/09\/Groove_Reaperthumb_40176ff857.png\",\"contentUrl\":\"https:\/\/my.stlflix.com\/wp-content\/uploads\/2025\/09\/Groove_Reaperthumb_40176ff857.png\",\"width\":1080,\"height\":1350},{\"@type\":\"BreadcrumbList\",\"@id\":\"https:\/\/www.stlflix-store.com\/product\/groove-reaper-68bb3a1d312fb\/#breadcrumb\",\"itemListElement\":[{\"@type\":\"ListItem\",\"position\":1,\"name\":\"Home\",\"item\":\"https:\/\/my.stlflix.com\/\"},{\"@type\":\"ListItem\",\"position\":2,\"name\":\"Products\",\"item\":\"https:\/\/my.stlflix.com\/fr\/shop\/\"},{\"@type\":\"ListItem\",\"position\":3,\"name\":\"Groove Reaper\"}]},{\"@type\":\"WebSite\",\"@id\":\"https:\/\/my.stlflix.com\/tr\/#website\",\"url\":\"https:\/\/my.stlflix.com\/tr\/\",\"name\":\"MyStore - By STLFLIX\",\"description\":\"\",\"publisher\":{\"@id\":\"https:\/\/my.stlflix.com\/tr\/#organization\"},\"potentialAction\":[{\"@type\":\"SearchAction\",\"target\":{\"@type\":\"EntryPoint\",\"urlTemplate\":\"https:\/\/my.stlflix.com\/tr\/?s={search_term_string}\"},\"query-input\":{\"@type\":\"PropertyValueSpecification\",\"valueRequired\":true,\"valueName\":\"search_term_string\"}}],\"inLanguage\":\"fr-FR\"},{\"@type\":\"Organization\",\"@id\":\"https:\/\/my.stlflix.com\/tr\/#organization\",\"name\":\"MyStore - By STLFLIX\",\"url\":\"https:\/\/my.stlflix.com\/tr\/\",\"logo\":{\"@type\":\"ImageObject\",\"inLanguage\":\"fr-FR\",\"@id\":\"https:\/\/my.stlflix.com\/tr\/#\/schema\/logo\/image\/\",\"url\":\"https:\/\/my.stlflix.com\/wp-content\/uploads\/2024\/06\/logo-mystore.png\",\"contentUrl\":\"https:\/\/my.stlflix.com\/wp-content\/uploads\/2024\/06\/logo-mystore.png\",\"width\":150,\"height\":41,\"caption\":\"MyStore - By STLFLIX\"},\"image\":{\"@id\":\"https:\/\/my.stlflix.com\/tr\/#\/schema\/logo\/image\/\"},\"sameAs\":[\"https:\/\/www.facebook.com\/STLFLIX\",\"https:\/\/www.instagram.com\/stlflix_\/\",\"https:\/\/www.tiktok.com\/@stlflix\"]}]}<\/script>\n<!-- \/ Yoast SEO plugin. -->","yoast_head_json":{"title":"Groove Reaper - MyStore - By STLFLIX","robots":{"index":"index","follow":"follow","max-snippet":"max-snippet:-1","max-image-preview":"max-image-preview:large","max-video-preview":"max-video-preview:-1"},"canonical":"https:\/\/www.stlflix-store.com\/product\/groove-reaper-68bb3a1d312fb\/","og_locale":"fr_FR","og_type":"article","og_title":"Groove Reaper - MyStore - By STLFLIX","og_description":"\ud83c\udfa7\u26b0\ufe0f Groove Reaper \u2013 Decora\u00e7\u00e3o de Halloween com Atitude \ud83d\udc80\ud83c\udfb6 Quando a morte encontra o ritmo, nasce o Groove Reaper. Uma figura que mistura o lado sombrio com uma vibra\u00e7\u00e3o \u00fanica, perfeita para quem quer uma decora\u00e7\u00e3o de Halloween cheia de estilo e personalidade. Com um design arrojado e cheio de atitude, esta pe\u00e7a \u00e9 [&hellip;]","og_url":"https:\/\/www.stlflix-store.com\/product\/groove-reaper-68bb3a1d312fb\/","og_site_name":"MyStore - By STLFLIX","article_publisher":"https:\/\/www.facebook.com\/STLFLIX","article_modified_time":"2025-09-13T00:27:29+00:00","og_image":[{"width":1080,"height":1350,"url":"https:\/\/www.stlflix-store.com\/wp-content\/uploads\/2025\/09\/Groove_Reaperthumb_40176ff857.png","type":"image\/png"}],"twitter_card":"summary_large_image","twitter_misc":{"Est. reading time":"1 minute"},"schema":{"@context":"https:\/\/schema.org","@graph":[{"@type":"WebPage","@id":"https:\/\/www.stlflix-store.com\/product\/groove-reaper-68bb3a1d312fb\/","url":"https:\/\/www.stlflix-store.com\/product\/groove-reaper-68bb3a1d312fb\/","name":"Groove Reaper - MyStore - By STLFLIX","isPartOf":{"@id":"https:\/\/my.stlflix.com\/tr\/#website"},"primaryImageOfPage":{"@id":"https:\/\/www.stlflix-store.com\/product\/groove-reaper-68bb3a1d312fb\/#primaryimage"},"image":{"@id":"https:\/\/www.stlflix-store.com\/product\/groove-reaper-68bb3a1d312fb\/#primaryimage"},"thumbnailUrl":"https:\/\/my.stlflix.com\/wp-content\/uploads\/2025\/09\/Groove_Reaperthumb_40176ff857.png","datePublished":"2025-09-05T19:41:04+00:00","dateModified":"2025-09-13T00:27:29+00:00","breadcrumb":{"@id":"https:\/\/www.stlflix-store.com\/product\/groove-reaper-68bb3a1d312fb\/#breadcrumb"},"inLanguage":"fr-FR","potentialAction":[{"@type":"ReadAction","target":["https:\/\/www.stlflix-store.com\/product\/groove-reaper-68bb3a1d312fb\/"]}]},{"@type":"ImageObject","inLanguage":"fr-FR","@id":"https:\/\/www.stlflix-store.com\/product\/groove-reaper-68bb3a1d312fb\/#primaryimage","url":"https:\/\/my.stlflix.com\/wp-content\/uploads\/2025\/09\/Groove_Reaperthumb_40176ff857.png","contentUrl":"https:\/\/my.stlflix.com\/wp-content\/uploads\/2025\/09\/Groove_Reaperthumb_40176ff857.png","width":1080,"height":1350},{"@type":"BreadcrumbList","@id":"https:\/\/www.stlflix-store.com\/product\/groove-reaper-68bb3a1d312fb\/#breadcrumb","itemListElement":[{"@type":"ListItem","position":1,"name":"Home","item":"https:\/\/my.stlflix.com\/"},{"@type":"ListItem","position":2,"name":"Products","item":"https:\/\/my.stlflix.com\/fr\/shop\/"},{"@type":"ListItem","position":3,"name":"Groove Reaper"}]},{"@type":"WebSite","@id":"https:\/\/my.stlflix.com\/tr\/#website","url":"https:\/\/my.stlflix.com\/tr\/","name":"MyStore - By STLFLIX","description":"","publisher":{"@id":"https:\/\/my.stlflix.com\/tr\/#organization"},"potentialAction":[{"@type":"SearchAction","target":{"@type":"EntryPoint","urlTemplate":"https:\/\/my.stlflix.com\/tr\/?s={search_term_string}"},"query-input":{"@type":"PropertyValueSpecification","valueRequired":true,"valueName":"search_term_string"}}],"inLanguage":"fr-FR"},{"@type":"Organization","@id":"https:\/\/my.stlflix.com\/tr\/#organization","name":"MyStore - By STLFLIX","url":"https:\/\/my.stlflix.com\/tr\/","logo":{"@type":"ImageObject","inLanguage":"fr-FR","@id":"https:\/\/my.stlflix.com\/tr\/#\/schema\/logo\/image\/","url":"https:\/\/my.stlflix.com\/wp-content\/uploads\/2024\/06\/logo-mystore.png","contentUrl":"https:\/\/my.stlflix.com\/wp-content\/uploads\/2024\/06\/logo-mystore.png","width":150,"height":41,"caption":"MyStore - By STLFLIX"},"image":{"@id":"https:\/\/my.stlflix.com\/tr\/#\/schema\/logo\/image\/"},"sameAs":["https:\/\/www.facebook.com\/STLFLIX","https:\/\/www.instagram.com\/stlflix_\/","https:\/\/www.tiktok.com\/@stlflix"]}]}},"_links":{"self":[{"href":"https:\/\/my.stlflix.com\/fr\/wp-json\/wp\/v2\/product\/430436","targetHints":{"allow":["GET"]}}],"collection":[{"href":"https:\/\/my.stlflix.com\/fr\/wp-json\/wp\/v2\/product"}],"about":[{"href":"https:\/\/my.stlflix.com\/fr\/wp-json\/wp\/v2\/types\/product"}],"replies":[{"embeddable":true,"href":"https:\/\/my.stlflix.com\/fr\/wp-json\/wp\/v2\/comments?post=430436"}],"wp:featuredmedia":[{"embeddable":true,"href":"https:\/\/my.stlflix.com\/fr\/wp-json\/wp\/v2\/media\/429914"}],"wp:attachment":[{"href":"https:\/\/my.stlflix.com\/fr\/wp-json\/wp\/v2\/media?parent=430436"}],"wp:term":[{"taxonomy":"product_brand","embeddable":true,"href":"https:\/\/my.stlflix.com\/fr\/wp-json\/wp\/v2\/product_brand?post=430436"},{"taxonomy":"product_cat","embeddable":true,"href":"https:\/\/my.stlflix.com\/fr\/wp-json\/wp\/v2\/product_cat?post=430436"},{"taxonomy":"product_tag","embeddable":true,"href":"https:\/\/my.stlflix.com\/fr\/wp-json\/wp\/v2\/product_tag?post=430436"}],"curies":[{"name":"wp","href":"https:\/\/api.w.org\/{rel}","templated":true}]}}