{"id":430439,"date":"2025-09-05T19:44:48","date_gmt":"2025-09-05T19:44:48","guid":{"rendered":"https:\/\/my.stlflix.com\/?post_type=product&#038;p=430439"},"modified":"2025-09-13T00:20:28","modified_gmt":"2025-09-13T00:20:28","slug":"reap-in-peace-68bb3a258b246","status":"publish","type":"product","link":"https:\/\/my.stlflix.com\/fr\/product\/reap-in-peace-68bb3a258b246\/","title":{"rendered":"Reap in Peace"},"content":{"rendered":"<p data-start=\"88\" data-end=\"139\">\u26b0\ufe0f\ud83d\udd4a\ufe0f <strong data-start=\"94\" data-end=\"134\">Reap in Peace \u2013 A Serenidade do Al\u00e9m<\/strong> \ud83d\udc80\ud83c\udf19<\/p>\n<p data-start=\"141\" data-end=\"341\">Uma pe\u00e7a que combina o lado sombrio com uma calma envolvente. <strong data-start=\"203\" data-end=\"220\">Reap in Peace<\/strong> traz um toque de mist\u00e9rio e tranquilidade \u00e0 decora\u00e7\u00e3o de Halloween, ideal para quem gosta de algo com estilo e presen\u00e7a.<\/p>\n<p data-start=\"141\" data-end=\"341\">Tamanho: Aproximadamente 9cm<\/p>\n<p data-start=\"343\" data-end=\"366\">\ud83d\udda4 <strong data-start=\"346\" data-end=\"366\">Caracter\u00edsticas:<\/strong><\/p>\n<ul data-start=\"367\" data-end=\"512\">\n<li data-start=\"367\" data-end=\"399\">\n<p data-start=\"369\" data-end=\"399\">Design elegante e expressivo<\/p>\n<\/li>\n<li data-start=\"400\" data-end=\"458\">\n<p data-start=\"402\" data-end=\"458\">Perfeita para ambientes que unem mist\u00e9rio e serenidade<\/p>\n<\/li>\n<li data-start=\"459\" data-end=\"512\">\n<p data-start=\"461\" data-end=\"512\">Uma presen\u00e7a discreta, mas cheia de personalidade<\/p>\n<\/li>\n<\/ul>\n<p data-start=\"514\" data-end=\"578\">\ud83c\udf11 Para quem valoriza o charme do Halloween com um toque subtil.<\/p>\n<h3 data-start=\"514\" data-end=\"578\"><strong>Gostou do modelo? Fa\u00e7a j\u00e1 a sua encomenda enviando uma mensagem para o nosso Instagram! Basta clicar <a href=\"https:\/\/www.instagram.com\/mind_3d_\/\" target=\"_blank\" rel=\"noopener\">aqui \u2197<\/a> e indicar o nome do artigo.<\/strong><\/h3>\n","protected":false},"excerpt":{"rendered":"<p>\u26b0\ufe0f\ud83d\udd4a\ufe0f Reap in Peace \u2013 A Serenidade do Al\u00e9m \ud83d\udc80\ud83c\udf19 Uma pe\u00e7a que combina o lado sombrio com uma calma envolvente. Reap in Peace traz um toque de mist\u00e9rio e tranquilidade \u00e0 decora\u00e7\u00e3o de Halloween, ideal para quem gosta de algo com estilo e presen\u00e7a. Tamanho: Aproximadamente 9cm \ud83d\udda4 Caracter\u00edsticas: Design elegante e expressivo Perfeita [&hellip;]<\/p>\n","protected":false},"featured_media":430310,"comment_status":"open","ping_status":"closed","template":"","meta":[],"product_brand":[],"product_cat":[15],"product_tag":[6371],"class_list":{"0":"post-430439","1":"product","2":"type-product","3":"status-publish","4":"has-post-thumbnail","6":"product_cat-uncategorized","7":"product_tag-especial-halloween","9":"first","10":"outofstock","11":"purchasable","12":"product-type-simple"},"yoast_head":"<!-- This site is optimized with the Yoast SEO plugin v25.1 - https:\/\/yoast.com\/wordpress\/plugins\/seo\/ -->\n<title>Reap in Peace - MyStore - By STLFLIX<\/title>\n<meta name=\"robots\" content=\"index, follow, max-snippet:-1, max-image-preview:large, max-video-preview:-1\" \/>\n<link rel=\"canonical\" href=\"https:\/\/www.stlflix-store.com\/product\/reap-in-peace-68bb3a258b246\/\" \/>\n<meta property=\"og:locale\" content=\"fr_FR\" \/>\n<meta property=\"og:type\" content=\"article\" \/>\n<meta property=\"og:title\" content=\"Reap in Peace - MyStore - By STLFLIX\" \/>\n<meta property=\"og:description\" content=\"\u26b0\ufe0f\ud83d\udd4a\ufe0f Reap in Peace \u2013 A Serenidade do Al\u00e9m \ud83d\udc80\ud83c\udf19 Uma pe\u00e7a que combina o lado sombrio com uma calma envolvente. Reap in Peace traz um toque de mist\u00e9rio e tranquilidade \u00e0 decora\u00e7\u00e3o de Halloween, ideal para quem gosta de algo com estilo e presen\u00e7a. Tamanho: Aproximadamente 9cm \ud83d\udda4 Caracter\u00edsticas: Design elegante e expressivo Perfeita [&hellip;]\" \/>\n<meta property=\"og:url\" content=\"https:\/\/www.stlflix-store.com\/product\/reap-in-peace-68bb3a258b246\/\" \/>\n<meta property=\"og:site_name\" content=\"MyStore - By STLFLIX\" \/>\n<meta property=\"article:publisher\" content=\"https:\/\/www.facebook.com\/STLFLIX\" \/>\n<meta property=\"article:modified_time\" content=\"2025-09-13T00:20:28+00:00\" \/>\n<meta property=\"og:image\" content=\"https:\/\/www.stlflix-store.com\/wp-content\/uploads\/2025\/09\/Reap_in_Peace_thumb_80d7a3f461.png\" \/>\n\t<meta property=\"og:image:width\" content=\"1080\" \/>\n\t<meta property=\"og:image:height\" content=\"1350\" \/>\n\t<meta property=\"og:image:type\" content=\"image\/png\" \/>\n<meta name=\"twitter:card\" content=\"summary_large_image\" \/>\n<meta name=\"twitter:label1\" content=\"Est. reading time\" \/>\n\t<meta name=\"twitter:data1\" content=\"1 minute\" \/>\n<script type=\"application\/ld+json\" class=\"yoast-schema-graph\">{\"@context\":\"https:\/\/schema.org\",\"@graph\":[{\"@type\":\"WebPage\",\"@id\":\"https:\/\/www.stlflix-store.com\/product\/reap-in-peace-68bb3a258b246\/\",\"url\":\"https:\/\/www.stlflix-store.com\/product\/reap-in-peace-68bb3a258b246\/\",\"name\":\"Reap in Peace - MyStore - By STLFLIX\",\"isPartOf\":{\"@id\":\"https:\/\/my.stlflix.com\/tr\/#website\"},\"primaryImageOfPage\":{\"@id\":\"https:\/\/www.stlflix-store.com\/product\/reap-in-peace-68bb3a258b246\/#primaryimage\"},\"image\":{\"@id\":\"https:\/\/www.stlflix-store.com\/product\/reap-in-peace-68bb3a258b246\/#primaryimage\"},\"thumbnailUrl\":\"https:\/\/my.stlflix.com\/wp-content\/uploads\/2025\/09\/Reap_in_Peace_thumb_80d7a3f461.png\",\"datePublished\":\"2025-09-05T19:44:48+00:00\",\"dateModified\":\"2025-09-13T00:20:28+00:00\",\"breadcrumb\":{\"@id\":\"https:\/\/www.stlflix-store.com\/product\/reap-in-peace-68bb3a258b246\/#breadcrumb\"},\"inLanguage\":\"fr-FR\",\"potentialAction\":[{\"@type\":\"ReadAction\",\"target\":[\"https:\/\/www.stlflix-store.com\/product\/reap-in-peace-68bb3a258b246\/\"]}]},{\"@type\":\"ImageObject\",\"inLanguage\":\"fr-FR\",\"@id\":\"https:\/\/www.stlflix-store.com\/product\/reap-in-peace-68bb3a258b246\/#primaryimage\",\"url\":\"https:\/\/my.stlflix.com\/wp-content\/uploads\/2025\/09\/Reap_in_Peace_thumb_80d7a3f461.png\",\"contentUrl\":\"https:\/\/my.stlflix.com\/wp-content\/uploads\/2025\/09\/Reap_in_Peace_thumb_80d7a3f461.png\",\"width\":1080,\"height\":1350},{\"@type\":\"BreadcrumbList\",\"@id\":\"https:\/\/www.stlflix-store.com\/product\/reap-in-peace-68bb3a258b246\/#breadcrumb\",\"itemListElement\":[{\"@type\":\"ListItem\",\"position\":1,\"name\":\"Home\",\"item\":\"https:\/\/my.stlflix.com\/\"},{\"@type\":\"ListItem\",\"position\":2,\"name\":\"Products\",\"item\":\"https:\/\/my.stlflix.com\/fr\/shop\/\"},{\"@type\":\"ListItem\",\"position\":3,\"name\":\"Reap in Peace\"}]},{\"@type\":\"WebSite\",\"@id\":\"https:\/\/my.stlflix.com\/tr\/#website\",\"url\":\"https:\/\/my.stlflix.com\/tr\/\",\"name\":\"MyStore - By STLFLIX\",\"description\":\"\",\"publisher\":{\"@id\":\"https:\/\/my.stlflix.com\/tr\/#organization\"},\"potentialAction\":[{\"@type\":\"SearchAction\",\"target\":{\"@type\":\"EntryPoint\",\"urlTemplate\":\"https:\/\/my.stlflix.com\/tr\/?s={search_term_string}\"},\"query-input\":{\"@type\":\"PropertyValueSpecification\",\"valueRequired\":true,\"valueName\":\"search_term_string\"}}],\"inLanguage\":\"fr-FR\"},{\"@type\":\"Organization\",\"@id\":\"https:\/\/my.stlflix.com\/tr\/#organization\",\"name\":\"MyStore - By STLFLIX\",\"url\":\"https:\/\/my.stlflix.com\/tr\/\",\"logo\":{\"@type\":\"ImageObject\",\"inLanguage\":\"fr-FR\",\"@id\":\"https:\/\/my.stlflix.com\/tr\/#\/schema\/logo\/image\/\",\"url\":\"https:\/\/my.stlflix.com\/wp-content\/uploads\/2024\/06\/logo-mystore.png\",\"contentUrl\":\"https:\/\/my.stlflix.com\/wp-content\/uploads\/2024\/06\/logo-mystore.png\",\"width\":150,\"height\":41,\"caption\":\"MyStore - By STLFLIX\"},\"image\":{\"@id\":\"https:\/\/my.stlflix.com\/tr\/#\/schema\/logo\/image\/\"},\"sameAs\":[\"https:\/\/www.facebook.com\/STLFLIX\",\"https:\/\/www.instagram.com\/stlflix_\/\",\"https:\/\/www.tiktok.com\/@stlflix\"]}]}<\/script>\n<!-- \/ Yoast SEO plugin. -->","yoast_head_json":{"title":"Reap in Peace - MyStore - By STLFLIX","robots":{"index":"index","follow":"follow","max-snippet":"max-snippet:-1","max-image-preview":"max-image-preview:large","max-video-preview":"max-video-preview:-1"},"canonical":"https:\/\/www.stlflix-store.com\/product\/reap-in-peace-68bb3a258b246\/","og_locale":"fr_FR","og_type":"article","og_title":"Reap in Peace - MyStore - By STLFLIX","og_description":"\u26b0\ufe0f\ud83d\udd4a\ufe0f Reap in Peace \u2013 A Serenidade do Al\u00e9m \ud83d\udc80\ud83c\udf19 Uma pe\u00e7a que combina o lado sombrio com uma calma envolvente. Reap in Peace traz um toque de mist\u00e9rio e tranquilidade \u00e0 decora\u00e7\u00e3o de Halloween, ideal para quem gosta de algo com estilo e presen\u00e7a. Tamanho: Aproximadamente 9cm \ud83d\udda4 Caracter\u00edsticas: Design elegante e expressivo Perfeita [&hellip;]","og_url":"https:\/\/www.stlflix-store.com\/product\/reap-in-peace-68bb3a258b246\/","og_site_name":"MyStore - By STLFLIX","article_publisher":"https:\/\/www.facebook.com\/STLFLIX","article_modified_time":"2025-09-13T00:20:28+00:00","og_image":[{"width":1080,"height":1350,"url":"https:\/\/www.stlflix-store.com\/wp-content\/uploads\/2025\/09\/Reap_in_Peace_thumb_80d7a3f461.png","type":"image\/png"}],"twitter_card":"summary_large_image","twitter_misc":{"Est. reading time":"1 minute"},"schema":{"@context":"https:\/\/schema.org","@graph":[{"@type":"WebPage","@id":"https:\/\/www.stlflix-store.com\/product\/reap-in-peace-68bb3a258b246\/","url":"https:\/\/www.stlflix-store.com\/product\/reap-in-peace-68bb3a258b246\/","name":"Reap in Peace - MyStore - By STLFLIX","isPartOf":{"@id":"https:\/\/my.stlflix.com\/tr\/#website"},"primaryImageOfPage":{"@id":"https:\/\/www.stlflix-store.com\/product\/reap-in-peace-68bb3a258b246\/#primaryimage"},"image":{"@id":"https:\/\/www.stlflix-store.com\/product\/reap-in-peace-68bb3a258b246\/#primaryimage"},"thumbnailUrl":"https:\/\/my.stlflix.com\/wp-content\/uploads\/2025\/09\/Reap_in_Peace_thumb_80d7a3f461.png","datePublished":"2025-09-05T19:44:48+00:00","dateModified":"2025-09-13T00:20:28+00:00","breadcrumb":{"@id":"https:\/\/www.stlflix-store.com\/product\/reap-in-peace-68bb3a258b246\/#breadcrumb"},"inLanguage":"fr-FR","potentialAction":[{"@type":"ReadAction","target":["https:\/\/www.stlflix-store.com\/product\/reap-in-peace-68bb3a258b246\/"]}]},{"@type":"ImageObject","inLanguage":"fr-FR","@id":"https:\/\/www.stlflix-store.com\/product\/reap-in-peace-68bb3a258b246\/#primaryimage","url":"https:\/\/my.stlflix.com\/wp-content\/uploads\/2025\/09\/Reap_in_Peace_thumb_80d7a3f461.png","contentUrl":"https:\/\/my.stlflix.com\/wp-content\/uploads\/2025\/09\/Reap_in_Peace_thumb_80d7a3f461.png","width":1080,"height":1350},{"@type":"BreadcrumbList","@id":"https:\/\/www.stlflix-store.com\/product\/reap-in-peace-68bb3a258b246\/#breadcrumb","itemListElement":[{"@type":"ListItem","position":1,"name":"Home","item":"https:\/\/my.stlflix.com\/"},{"@type":"ListItem","position":2,"name":"Products","item":"https:\/\/my.stlflix.com\/fr\/shop\/"},{"@type":"ListItem","position":3,"name":"Reap in Peace"}]},{"@type":"WebSite","@id":"https:\/\/my.stlflix.com\/tr\/#website","url":"https:\/\/my.stlflix.com\/tr\/","name":"MyStore - By STLFLIX","description":"","publisher":{"@id":"https:\/\/my.stlflix.com\/tr\/#organization"},"potentialAction":[{"@type":"SearchAction","target":{"@type":"EntryPoint","urlTemplate":"https:\/\/my.stlflix.com\/tr\/?s={search_term_string}"},"query-input":{"@type":"PropertyValueSpecification","valueRequired":true,"valueName":"search_term_string"}}],"inLanguage":"fr-FR"},{"@type":"Organization","@id":"https:\/\/my.stlflix.com\/tr\/#organization","name":"MyStore - By STLFLIX","url":"https:\/\/my.stlflix.com\/tr\/","logo":{"@type":"ImageObject","inLanguage":"fr-FR","@id":"https:\/\/my.stlflix.com\/tr\/#\/schema\/logo\/image\/","url":"https:\/\/my.stlflix.com\/wp-content\/uploads\/2024\/06\/logo-mystore.png","contentUrl":"https:\/\/my.stlflix.com\/wp-content\/uploads\/2024\/06\/logo-mystore.png","width":150,"height":41,"caption":"MyStore - By STLFLIX"},"image":{"@id":"https:\/\/my.stlflix.com\/tr\/#\/schema\/logo\/image\/"},"sameAs":["https:\/\/www.facebook.com\/STLFLIX","https:\/\/www.instagram.com\/stlflix_\/","https:\/\/www.tiktok.com\/@stlflix"]}]}},"_links":{"self":[{"href":"https:\/\/my.stlflix.com\/fr\/wp-json\/wp\/v2\/product\/430439","targetHints":{"allow":["GET"]}}],"collection":[{"href":"https:\/\/my.stlflix.com\/fr\/wp-json\/wp\/v2\/product"}],"about":[{"href":"https:\/\/my.stlflix.com\/fr\/wp-json\/wp\/v2\/types\/product"}],"replies":[{"embeddable":true,"href":"https:\/\/my.stlflix.com\/fr\/wp-json\/wp\/v2\/comments?post=430439"}],"wp:featuredmedia":[{"embeddable":true,"href":"https:\/\/my.stlflix.com\/fr\/wp-json\/wp\/v2\/media\/430310"}],"wp:attachment":[{"href":"https:\/\/my.stlflix.com\/fr\/wp-json\/wp\/v2\/media?parent=430439"}],"wp:term":[{"taxonomy":"product_brand","embeddable":true,"href":"https:\/\/my.stlflix.com\/fr\/wp-json\/wp\/v2\/product_brand?post=430439"},{"taxonomy":"product_cat","embeddable":true,"href":"https:\/\/my.stlflix.com\/fr\/wp-json\/wp\/v2\/product_cat?post=430439"},{"taxonomy":"product_tag","embeddable":true,"href":"https:\/\/my.stlflix.com\/fr\/wp-json\/wp\/v2\/product_tag?post=430439"}],"curies":[{"name":"wp","href":"https:\/\/api.w.org\/{rel}","templated":true}]}}