{"id":430443,"date":"2025-09-05T19:52:00","date_gmt":"2025-09-05T19:52:00","guid":{"rendered":"https:\/\/my.stlflix.com\/?post_type=product&#038;p=430443"},"modified":"2025-09-08T20:28:06","modified_gmt":"2025-09-08T20:28:06","slug":"the-fly-man-68bb3a31afbd7","status":"publish","type":"product","link":"https:\/\/my.stlflix.com\/fr\/product\/the-fly-man-68bb3a31afbd7\/","title":{"rendered":"The Fly Man"},"content":{"rendered":"<p data-start=\"77\" data-end=\"131\">\ud83e\udeb0\ud83d\udd76\ufe0f <strong data-start=\"83\" data-end=\"126\">The Fly Man \u2013 O Enigm\u00e1tico do Halloween<\/strong> \ud83c\udf83\ud83d\udc80<\/p>\n<p data-start=\"133\" data-end=\"327\">Uma figura \u00fanica que mistura mist\u00e9rio e um toque de surrealismo. <strong data-start=\"198\" data-end=\"213\">The Fly Man<\/strong> traz uma presen\u00e7a inesquec\u00edvel \u00e0 tua decora\u00e7\u00e3o de Halloween, com um design que combina o estranho e o fascinante.<\/p>\n<p data-start=\"329\" data-end=\"442\">Perfeito para quem gosta de pe\u00e7as originais e marcantes, que criam um ambiente distinto e cheio de personalidade.<\/p>\n<p data-start=\"329\" data-end=\"442\">Tamanho: Aproximadamente 19,5cm<\/p>\n<p data-start=\"444\" data-end=\"461\">\ud83d\udda4 <strong data-start=\"447\" data-end=\"461\">Destaques:<\/strong><\/p>\n<ul data-start=\"462\" data-end=\"584\">\n<li data-start=\"462\" data-end=\"494\">\n<p data-start=\"464\" data-end=\"494\">Design inovador e expressivo<\/p>\n<\/li>\n<li data-start=\"495\" data-end=\"537\">\n<p data-start=\"497\" data-end=\"537\">Ideal para decora\u00e7\u00e3o ousada e criativa<\/p>\n<\/li>\n<li data-start=\"538\" data-end=\"584\">\n<p data-start=\"540\" data-end=\"584\">Uma pe\u00e7a que desperta curiosidade e estilo<\/p>\n<\/li>\n<\/ul>\n<p data-start=\"586\" data-end=\"625\">\u2728 Para uma decora\u00e7\u00e3o que foge do comum.<\/p>\n<p data-start=\"586\" data-end=\"625\"><strong>Gostou do modelo? Fa\u00e7a j\u00e1 a sua encomenda enviando uma mensagem para o nosso Instagram! Basta clicar <a href=\"https:\/\/www.instagram.com\/mind_3d_\/\" target=\"_blank\" rel=\"noopener\">aqui \u2197<\/a> e indicar o nome do artigo.<\/strong><\/p>\n","protected":false},"excerpt":{"rendered":"<p>\ud83e\udeb0\ud83d\udd76\ufe0f The Fly Man \u2013 O Enigm\u00e1tico do Halloween \ud83c\udf83\ud83d\udc80 Uma figura \u00fanica que mistura mist\u00e9rio e um toque de surrealismo. The Fly Man traz uma presen\u00e7a inesquec\u00edvel \u00e0 tua decora\u00e7\u00e3o de Halloween, com um design que combina o estranho e o fascinante. Perfeito para quem gosta de pe\u00e7as originais e marcantes, que criam um [&hellip;]<\/p>\n","protected":false},"featured_media":427268,"comment_status":"open","ping_status":"closed","template":"","meta":[],"product_brand":[],"product_cat":[15],"product_tag":[6371],"class_list":{"0":"post-430443","1":"product","2":"type-product","3":"status-publish","4":"has-post-thumbnail","6":"product_cat-uncategorized","7":"product_tag-especial-halloween","9":"first","10":"instock","11":"sold-individually","12":"product-type-simple"},"yoast_head":"<!-- This site is optimized with the Yoast SEO plugin v25.1 - https:\/\/yoast.com\/wordpress\/plugins\/seo\/ -->\n<title>The Fly Man - MyStore - By STLFLIX<\/title>\n<meta name=\"robots\" content=\"index, follow, max-snippet:-1, max-image-preview:large, max-video-preview:-1\" \/>\n<link rel=\"canonical\" href=\"https:\/\/www.stlflix-store.com\/product\/the-fly-man-68bb3a31afbd7\/\" \/>\n<meta property=\"og:locale\" content=\"fr_FR\" \/>\n<meta property=\"og:type\" content=\"article\" \/>\n<meta property=\"og:title\" content=\"The Fly Man - MyStore - By STLFLIX\" \/>\n<meta property=\"og:description\" content=\"\ud83e\udeb0\ud83d\udd76\ufe0f The Fly Man \u2013 O Enigm\u00e1tico do Halloween \ud83c\udf83\ud83d\udc80 Uma figura \u00fanica que mistura mist\u00e9rio e um toque de surrealismo. The Fly Man traz uma presen\u00e7a inesquec\u00edvel \u00e0 tua decora\u00e7\u00e3o de Halloween, com um design que combina o estranho e o fascinante. Perfeito para quem gosta de pe\u00e7as originais e marcantes, que criam um [&hellip;]\" \/>\n<meta property=\"og:url\" content=\"https:\/\/www.stlflix-store.com\/product\/the-fly-man-68bb3a31afbd7\/\" \/>\n<meta property=\"og:site_name\" content=\"MyStore - By STLFLIX\" \/>\n<meta property=\"article:publisher\" content=\"https:\/\/www.facebook.com\/STLFLIX\" \/>\n<meta property=\"article:modified_time\" content=\"2025-09-08T20:28:06+00:00\" \/>\n<meta property=\"og:image\" content=\"https:\/\/www.stlflix-store.com\/wp-content\/uploads\/2025\/08\/The_Fly_Manthumb_5a940367d1.jpg\" \/>\n\t<meta property=\"og:image:width\" content=\"1080\" \/>\n\t<meta property=\"og:image:height\" content=\"1350\" \/>\n\t<meta property=\"og:image:type\" content=\"image\/jpeg\" \/>\n<meta name=\"twitter:card\" content=\"summary_large_image\" \/>\n<meta name=\"twitter:label1\" content=\"Est. reading time\" \/>\n\t<meta name=\"twitter:data1\" content=\"1 minute\" \/>\n<script type=\"application\/ld+json\" class=\"yoast-schema-graph\">{\"@context\":\"https:\/\/schema.org\",\"@graph\":[{\"@type\":\"WebPage\",\"@id\":\"https:\/\/www.stlflix-store.com\/product\/the-fly-man-68bb3a31afbd7\/\",\"url\":\"https:\/\/www.stlflix-store.com\/product\/the-fly-man-68bb3a31afbd7\/\",\"name\":\"The Fly Man - MyStore - By STLFLIX\",\"isPartOf\":{\"@id\":\"https:\/\/my.stlflix.com\/tr\/#website\"},\"primaryImageOfPage\":{\"@id\":\"https:\/\/www.stlflix-store.com\/product\/the-fly-man-68bb3a31afbd7\/#primaryimage\"},\"image\":{\"@id\":\"https:\/\/www.stlflix-store.com\/product\/the-fly-man-68bb3a31afbd7\/#primaryimage\"},\"thumbnailUrl\":\"https:\/\/my.stlflix.com\/wp-content\/uploads\/2025\/08\/The_Fly_Manthumb_5a940367d1.jpg\",\"datePublished\":\"2025-09-05T19:52:00+00:00\",\"dateModified\":\"2025-09-08T20:28:06+00:00\",\"breadcrumb\":{\"@id\":\"https:\/\/www.stlflix-store.com\/product\/the-fly-man-68bb3a31afbd7\/#breadcrumb\"},\"inLanguage\":\"fr-FR\",\"potentialAction\":[{\"@type\":\"ReadAction\",\"target\":[\"https:\/\/www.stlflix-store.com\/product\/the-fly-man-68bb3a31afbd7\/\"]}]},{\"@type\":\"ImageObject\",\"inLanguage\":\"fr-FR\",\"@id\":\"https:\/\/www.stlflix-store.com\/product\/the-fly-man-68bb3a31afbd7\/#primaryimage\",\"url\":\"https:\/\/my.stlflix.com\/wp-content\/uploads\/2025\/08\/The_Fly_Manthumb_5a940367d1.jpg\",\"contentUrl\":\"https:\/\/my.stlflix.com\/wp-content\/uploads\/2025\/08\/The_Fly_Manthumb_5a940367d1.jpg\",\"width\":1080,\"height\":1350},{\"@type\":\"BreadcrumbList\",\"@id\":\"https:\/\/www.stlflix-store.com\/product\/the-fly-man-68bb3a31afbd7\/#breadcrumb\",\"itemListElement\":[{\"@type\":\"ListItem\",\"position\":1,\"name\":\"Home\",\"item\":\"https:\/\/my.stlflix.com\/\"},{\"@type\":\"ListItem\",\"position\":2,\"name\":\"Products\",\"item\":\"https:\/\/my.stlflix.com\/fr\/shop\/\"},{\"@type\":\"ListItem\",\"position\":3,\"name\":\"The Fly Man\"}]},{\"@type\":\"WebSite\",\"@id\":\"https:\/\/my.stlflix.com\/tr\/#website\",\"url\":\"https:\/\/my.stlflix.com\/tr\/\",\"name\":\"MyStore - By STLFLIX\",\"description\":\"\",\"publisher\":{\"@id\":\"https:\/\/my.stlflix.com\/tr\/#organization\"},\"potentialAction\":[{\"@type\":\"SearchAction\",\"target\":{\"@type\":\"EntryPoint\",\"urlTemplate\":\"https:\/\/my.stlflix.com\/tr\/?s={search_term_string}\"},\"query-input\":{\"@type\":\"PropertyValueSpecification\",\"valueRequired\":true,\"valueName\":\"search_term_string\"}}],\"inLanguage\":\"fr-FR\"},{\"@type\":\"Organization\",\"@id\":\"https:\/\/my.stlflix.com\/tr\/#organization\",\"name\":\"MyStore - By STLFLIX\",\"url\":\"https:\/\/my.stlflix.com\/tr\/\",\"logo\":{\"@type\":\"ImageObject\",\"inLanguage\":\"fr-FR\",\"@id\":\"https:\/\/my.stlflix.com\/tr\/#\/schema\/logo\/image\/\",\"url\":\"https:\/\/my.stlflix.com\/wp-content\/uploads\/2024\/06\/logo-mystore.png\",\"contentUrl\":\"https:\/\/my.stlflix.com\/wp-content\/uploads\/2024\/06\/logo-mystore.png\",\"width\":150,\"height\":41,\"caption\":\"MyStore - By STLFLIX\"},\"image\":{\"@id\":\"https:\/\/my.stlflix.com\/tr\/#\/schema\/logo\/image\/\"},\"sameAs\":[\"https:\/\/www.facebook.com\/STLFLIX\",\"https:\/\/www.instagram.com\/stlflix_\/\",\"https:\/\/www.tiktok.com\/@stlflix\"]}]}<\/script>\n<!-- \/ Yoast SEO plugin. -->","yoast_head_json":{"title":"The Fly Man - MyStore - By STLFLIX","robots":{"index":"index","follow":"follow","max-snippet":"max-snippet:-1","max-image-preview":"max-image-preview:large","max-video-preview":"max-video-preview:-1"},"canonical":"https:\/\/www.stlflix-store.com\/product\/the-fly-man-68bb3a31afbd7\/","og_locale":"fr_FR","og_type":"article","og_title":"The Fly Man - MyStore - By STLFLIX","og_description":"\ud83e\udeb0\ud83d\udd76\ufe0f The Fly Man \u2013 O Enigm\u00e1tico do Halloween \ud83c\udf83\ud83d\udc80 Uma figura \u00fanica que mistura mist\u00e9rio e um toque de surrealismo. The Fly Man traz uma presen\u00e7a inesquec\u00edvel \u00e0 tua decora\u00e7\u00e3o de Halloween, com um design que combina o estranho e o fascinante. Perfeito para quem gosta de pe\u00e7as originais e marcantes, que criam um [&hellip;]","og_url":"https:\/\/www.stlflix-store.com\/product\/the-fly-man-68bb3a31afbd7\/","og_site_name":"MyStore - By STLFLIX","article_publisher":"https:\/\/www.facebook.com\/STLFLIX","article_modified_time":"2025-09-08T20:28:06+00:00","og_image":[{"width":1080,"height":1350,"url":"https:\/\/www.stlflix-store.com\/wp-content\/uploads\/2025\/08\/The_Fly_Manthumb_5a940367d1.jpg","type":"image\/jpeg"}],"twitter_card":"summary_large_image","twitter_misc":{"Est. reading time":"1 minute"},"schema":{"@context":"https:\/\/schema.org","@graph":[{"@type":"WebPage","@id":"https:\/\/www.stlflix-store.com\/product\/the-fly-man-68bb3a31afbd7\/","url":"https:\/\/www.stlflix-store.com\/product\/the-fly-man-68bb3a31afbd7\/","name":"The Fly Man - MyStore - By STLFLIX","isPartOf":{"@id":"https:\/\/my.stlflix.com\/tr\/#website"},"primaryImageOfPage":{"@id":"https:\/\/www.stlflix-store.com\/product\/the-fly-man-68bb3a31afbd7\/#primaryimage"},"image":{"@id":"https:\/\/www.stlflix-store.com\/product\/the-fly-man-68bb3a31afbd7\/#primaryimage"},"thumbnailUrl":"https:\/\/my.stlflix.com\/wp-content\/uploads\/2025\/08\/The_Fly_Manthumb_5a940367d1.jpg","datePublished":"2025-09-05T19:52:00+00:00","dateModified":"2025-09-08T20:28:06+00:00","breadcrumb":{"@id":"https:\/\/www.stlflix-store.com\/product\/the-fly-man-68bb3a31afbd7\/#breadcrumb"},"inLanguage":"fr-FR","potentialAction":[{"@type":"ReadAction","target":["https:\/\/www.stlflix-store.com\/product\/the-fly-man-68bb3a31afbd7\/"]}]},{"@type":"ImageObject","inLanguage":"fr-FR","@id":"https:\/\/www.stlflix-store.com\/product\/the-fly-man-68bb3a31afbd7\/#primaryimage","url":"https:\/\/my.stlflix.com\/wp-content\/uploads\/2025\/08\/The_Fly_Manthumb_5a940367d1.jpg","contentUrl":"https:\/\/my.stlflix.com\/wp-content\/uploads\/2025\/08\/The_Fly_Manthumb_5a940367d1.jpg","width":1080,"height":1350},{"@type":"BreadcrumbList","@id":"https:\/\/www.stlflix-store.com\/product\/the-fly-man-68bb3a31afbd7\/#breadcrumb","itemListElement":[{"@type":"ListItem","position":1,"name":"Home","item":"https:\/\/my.stlflix.com\/"},{"@type":"ListItem","position":2,"name":"Products","item":"https:\/\/my.stlflix.com\/fr\/shop\/"},{"@type":"ListItem","position":3,"name":"The Fly Man"}]},{"@type":"WebSite","@id":"https:\/\/my.stlflix.com\/tr\/#website","url":"https:\/\/my.stlflix.com\/tr\/","name":"MyStore - By STLFLIX","description":"","publisher":{"@id":"https:\/\/my.stlflix.com\/tr\/#organization"},"potentialAction":[{"@type":"SearchAction","target":{"@type":"EntryPoint","urlTemplate":"https:\/\/my.stlflix.com\/tr\/?s={search_term_string}"},"query-input":{"@type":"PropertyValueSpecification","valueRequired":true,"valueName":"search_term_string"}}],"inLanguage":"fr-FR"},{"@type":"Organization","@id":"https:\/\/my.stlflix.com\/tr\/#organization","name":"MyStore - By STLFLIX","url":"https:\/\/my.stlflix.com\/tr\/","logo":{"@type":"ImageObject","inLanguage":"fr-FR","@id":"https:\/\/my.stlflix.com\/tr\/#\/schema\/logo\/image\/","url":"https:\/\/my.stlflix.com\/wp-content\/uploads\/2024\/06\/logo-mystore.png","contentUrl":"https:\/\/my.stlflix.com\/wp-content\/uploads\/2024\/06\/logo-mystore.png","width":150,"height":41,"caption":"MyStore - By STLFLIX"},"image":{"@id":"https:\/\/my.stlflix.com\/tr\/#\/schema\/logo\/image\/"},"sameAs":["https:\/\/www.facebook.com\/STLFLIX","https:\/\/www.instagram.com\/stlflix_\/","https:\/\/www.tiktok.com\/@stlflix"]}]}},"_links":{"self":[{"href":"https:\/\/my.stlflix.com\/fr\/wp-json\/wp\/v2\/product\/430443","targetHints":{"allow":["GET"]}}],"collection":[{"href":"https:\/\/my.stlflix.com\/fr\/wp-json\/wp\/v2\/product"}],"about":[{"href":"https:\/\/my.stlflix.com\/fr\/wp-json\/wp\/v2\/types\/product"}],"replies":[{"embeddable":true,"href":"https:\/\/my.stlflix.com\/fr\/wp-json\/wp\/v2\/comments?post=430443"}],"wp:featuredmedia":[{"embeddable":true,"href":"https:\/\/my.stlflix.com\/fr\/wp-json\/wp\/v2\/media\/427268"}],"wp:attachment":[{"href":"https:\/\/my.stlflix.com\/fr\/wp-json\/wp\/v2\/media?parent=430443"}],"wp:term":[{"taxonomy":"product_brand","embeddable":true,"href":"https:\/\/my.stlflix.com\/fr\/wp-json\/wp\/v2\/product_brand?post=430443"},{"taxonomy":"product_cat","embeddable":true,"href":"https:\/\/my.stlflix.com\/fr\/wp-json\/wp\/v2\/product_cat?post=430443"},{"taxonomy":"product_tag","embeddable":true,"href":"https:\/\/my.stlflix.com\/fr\/wp-json\/wp\/v2\/product_tag?post=430443"}],"curies":[{"name":"wp","href":"https:\/\/api.w.org\/{rel}","templated":true}]}}