{"id":430445,"date":"2025-09-05T19:49:57","date_gmt":"2025-09-05T19:49:57","guid":{"rendered":"https:\/\/my.stlflix.com\/?post_type=product&#038;p=430445"},"modified":"2025-09-24T20:28:10","modified_gmt":"2025-09-24T20:28:10","slug":"melted-treatkeeper-candy-holder-68bb3a37ce64c","status":"publish","type":"product","link":"https:\/\/my.stlflix.com\/fr\/product\/melted-treatkeeper-candy-holder-68bb3a37ce64c\/","title":{"rendered":"Melted Treatkeeper &#8211; Candy Holder"},"content":{"rendered":"<p data-start=\"99\" data-end=\"154\">\ud83c\udf6c\ud83c\udf6b <strong data-start=\"104\" data-end=\"149\">Melted Treatkeeper \u2013 Porta-Doces Tem\u00e1tico<\/strong> \ud83c\udf83\ud83d\udd25<\/p>\n<p data-start=\"156\" data-end=\"385\">Mant\u00e9m os teus doces organizados com estilo neste Halloween com o <strong data-start=\"222\" data-end=\"244\">Melted Treatkeeper<\/strong>. Um porta-doces inspirado num doce derretido, que combina funcionalidade com um design divertido e tem\u00e1tico, ideal para festas ou decora\u00e7\u00e3o.<\/p>\n<p data-start=\"387\" data-end=\"511\">Pr\u00e1tico e original, \u00e9 o acess\u00f3rio perfeito para guardar os teus treats de forma criativa e manter a magia do Halloween viva!<\/p>\n<p data-start=\"387\" data-end=\"511\">Tamanho: Aproximadamente 16cm<\/p>\n<p data-start=\"513\" data-end=\"530\">\ud83d\udda4 <strong data-start=\"516\" data-end=\"530\">Destaques:<\/strong><\/p>\n<ul data-start=\"531\" data-end=\"658\">\n<li data-start=\"531\" data-end=\"559\">\n<p data-start=\"533\" data-end=\"559\">Design \u00fanico e divertido<\/p>\n<\/li>\n<li data-start=\"560\" data-end=\"609\">\n<p data-start=\"562\" data-end=\"609\">Ideal para festas, casas ou eventos tem\u00e1ticos<\/p>\n<\/li>\n<li data-start=\"610\" data-end=\"658\">\n<p data-start=\"612\" data-end=\"658\">Combina utilidade e decora\u00e7\u00e3o num s\u00f3 produto<\/p>\n<\/li>\n<\/ul>\n<p data-start=\"660\" data-end=\"740\">\ud83c\udf6d Guarda os teus doces com charme e personalidade com o <strong data-start=\"717\" data-end=\"739\">Melted Treatkeeper<\/strong>.<\/p>\n<h3 data-start=\"735\" data-end=\"774\"><strong>Gostou do modelo? Fa\u00e7a j\u00e1 a sua encomenda enviando uma mensagem para o nosso Instagram! Basta clicar <a href=\"https:\/\/www.instagram.com\/mind_3d_\/\" target=\"_blank\" rel=\"noopener\">aqui \u2197<\/a> e indicar o nome do artigo.<\/strong><\/h3>\n","protected":false},"excerpt":{"rendered":"<p>\ud83c\udf6c\ud83c\udf6b Melted Treatkeeper \u2013 Porta-Doces Tem\u00e1tico \ud83c\udf83\ud83d\udd25 Mant\u00e9m os teus doces organizados com estilo neste Halloween com o Melted Treatkeeper. Um porta-doces inspirado num doce derretido, que combina funcionalidade com um design divertido e tem\u00e1tico, ideal para festas ou decora\u00e7\u00e3o. Pr\u00e1tico e original, \u00e9 o acess\u00f3rio perfeito para guardar os teus treats de forma criativa [&hellip;]<\/p>\n","protected":false},"featured_media":426262,"comment_status":"open","ping_status":"closed","template":"","meta":[],"product_brand":[],"product_cat":[15],"product_tag":[6371],"class_list":{"0":"post-430445","1":"product","2":"type-product","3":"status-publish","4":"has-post-thumbnail","6":"product_cat-uncategorized","7":"product_tag-especial-halloween","9":"first","10":"outofstock","11":"purchasable","12":"product-type-simple"},"yoast_head":"<!-- This site is optimized with the Yoast SEO plugin v25.1 - https:\/\/yoast.com\/wordpress\/plugins\/seo\/ -->\n<title>Melted Treatkeeper - Candy Holder - MyStore - By STLFLIX<\/title>\n<meta name=\"robots\" content=\"index, follow, max-snippet:-1, max-image-preview:large, max-video-preview:-1\" \/>\n<link rel=\"canonical\" href=\"https:\/\/my.stlflix.com\/tr\/product\/melted-treatkeeper-candy-holder-68bb3a37ce64c\/\" \/>\n<meta property=\"og:locale\" content=\"fr_FR\" \/>\n<meta property=\"og:type\" content=\"article\" \/>\n<meta property=\"og:title\" content=\"Melted Treatkeeper - Candy Holder - MyStore - By STLFLIX\" \/>\n<meta property=\"og:description\" content=\"\ud83c\udf6c\ud83c\udf6b Melted Treatkeeper \u2013 Porta-Doces Tem\u00e1tico \ud83c\udf83\ud83d\udd25 Mant\u00e9m os teus doces organizados com estilo neste Halloween com o Melted Treatkeeper. Um porta-doces inspirado num doce derretido, que combina funcionalidade com um design divertido e tem\u00e1tico, ideal para festas ou decora\u00e7\u00e3o. Pr\u00e1tico e original, \u00e9 o acess\u00f3rio perfeito para guardar os teus treats de forma criativa [&hellip;]\" \/>\n<meta property=\"og:url\" content=\"https:\/\/my.stlflix.com\/tr\/product\/melted-treatkeeper-candy-holder-68bb3a37ce64c\/\" \/>\n<meta property=\"og:site_name\" content=\"MyStore - By STLFLIX\" \/>\n<meta property=\"article:publisher\" content=\"https:\/\/www.facebook.com\/STLFLIX\" \/>\n<meta property=\"article:modified_time\" content=\"2025-09-24T20:28:10+00:00\" \/>\n<meta property=\"og:image\" content=\"https:\/\/my.stlflix.com\/wp-content\/uploads\/2025\/08\/Melted_Treatkeeper_Candy_Holderthumb_740da81c2e.jpg\" \/>\n\t<meta property=\"og:image:width\" content=\"1080\" \/>\n\t<meta property=\"og:image:height\" content=\"1350\" \/>\n\t<meta property=\"og:image:type\" content=\"image\/jpeg\" \/>\n<meta name=\"twitter:card\" content=\"summary_large_image\" \/>\n<meta name=\"twitter:label1\" content=\"Est. reading time\" \/>\n\t<meta name=\"twitter:data1\" content=\"1 minute\" \/>\n<script type=\"application\/ld+json\" class=\"yoast-schema-graph\">{\"@context\":\"https:\/\/schema.org\",\"@graph\":[{\"@type\":\"WebPage\",\"@id\":\"https:\/\/my.stlflix.com\/tr\/product\/melted-treatkeeper-candy-holder-68bb3a37ce64c\/\",\"url\":\"https:\/\/my.stlflix.com\/tr\/product\/melted-treatkeeper-candy-holder-68bb3a37ce64c\/\",\"name\":\"Melted Treatkeeper - Candy Holder - MyStore - By STLFLIX\",\"isPartOf\":{\"@id\":\"https:\/\/my.stlflix.com\/tr\/#website\"},\"primaryImageOfPage\":{\"@id\":\"https:\/\/my.stlflix.com\/tr\/product\/melted-treatkeeper-candy-holder-68bb3a37ce64c\/#primaryimage\"},\"image\":{\"@id\":\"https:\/\/my.stlflix.com\/tr\/product\/melted-treatkeeper-candy-holder-68bb3a37ce64c\/#primaryimage\"},\"thumbnailUrl\":\"https:\/\/my.stlflix.com\/wp-content\/uploads\/2025\/08\/Melted_Treatkeeper_Candy_Holderthumb_740da81c2e.jpg\",\"datePublished\":\"2025-09-05T19:49:57+00:00\",\"dateModified\":\"2025-09-24T20:28:10+00:00\",\"breadcrumb\":{\"@id\":\"https:\/\/my.stlflix.com\/tr\/product\/melted-treatkeeper-candy-holder-68bb3a37ce64c\/#breadcrumb\"},\"inLanguage\":\"fr-FR\",\"potentialAction\":[{\"@type\":\"ReadAction\",\"target\":[\"https:\/\/my.stlflix.com\/tr\/product\/melted-treatkeeper-candy-holder-68bb3a37ce64c\/\"]}]},{\"@type\":\"ImageObject\",\"inLanguage\":\"fr-FR\",\"@id\":\"https:\/\/my.stlflix.com\/tr\/product\/melted-treatkeeper-candy-holder-68bb3a37ce64c\/#primaryimage\",\"url\":\"https:\/\/my.stlflix.com\/wp-content\/uploads\/2025\/08\/Melted_Treatkeeper_Candy_Holderthumb_740da81c2e.jpg\",\"contentUrl\":\"https:\/\/my.stlflix.com\/wp-content\/uploads\/2025\/08\/Melted_Treatkeeper_Candy_Holderthumb_740da81c2e.jpg\",\"width\":1080,\"height\":1350},{\"@type\":\"BreadcrumbList\",\"@id\":\"https:\/\/my.stlflix.com\/tr\/product\/melted-treatkeeper-candy-holder-68bb3a37ce64c\/#breadcrumb\",\"itemListElement\":[{\"@type\":\"ListItem\",\"position\":1,\"name\":\"Home\",\"item\":\"https:\/\/my.stlflix.com\/\"},{\"@type\":\"ListItem\",\"position\":2,\"name\":\"Products\",\"item\":\"https:\/\/my.stlflix.com\/fr\/shop\/\"},{\"@type\":\"ListItem\",\"position\":3,\"name\":\"Melted Treatkeeper &#8211; Candy Holder\"}]},{\"@type\":\"WebSite\",\"@id\":\"https:\/\/my.stlflix.com\/tr\/#website\",\"url\":\"https:\/\/my.stlflix.com\/tr\/\",\"name\":\"MyStore - By STLFLIX\",\"description\":\"\",\"publisher\":{\"@id\":\"https:\/\/my.stlflix.com\/tr\/#organization\"},\"potentialAction\":[{\"@type\":\"SearchAction\",\"target\":{\"@type\":\"EntryPoint\",\"urlTemplate\":\"https:\/\/my.stlflix.com\/tr\/?s={search_term_string}\"},\"query-input\":{\"@type\":\"PropertyValueSpecification\",\"valueRequired\":true,\"valueName\":\"search_term_string\"}}],\"inLanguage\":\"fr-FR\"},{\"@type\":\"Organization\",\"@id\":\"https:\/\/my.stlflix.com\/tr\/#organization\",\"name\":\"MyStore - By STLFLIX\",\"url\":\"https:\/\/my.stlflix.com\/tr\/\",\"logo\":{\"@type\":\"ImageObject\",\"inLanguage\":\"fr-FR\",\"@id\":\"https:\/\/my.stlflix.com\/tr\/#\/schema\/logo\/image\/\",\"url\":\"https:\/\/my.stlflix.com\/wp-content\/uploads\/2024\/06\/logo-mystore.png\",\"contentUrl\":\"https:\/\/my.stlflix.com\/wp-content\/uploads\/2024\/06\/logo-mystore.png\",\"width\":150,\"height\":41,\"caption\":\"MyStore - By STLFLIX\"},\"image\":{\"@id\":\"https:\/\/my.stlflix.com\/tr\/#\/schema\/logo\/image\/\"},\"sameAs\":[\"https:\/\/www.facebook.com\/STLFLIX\",\"https:\/\/www.instagram.com\/stlflix_\/\",\"https:\/\/www.tiktok.com\/@stlflix\"]}]}<\/script>\n<!-- \/ Yoast SEO plugin. -->","yoast_head_json":{"title":"Melted Treatkeeper - Candy Holder - MyStore - By STLFLIX","robots":{"index":"index","follow":"follow","max-snippet":"max-snippet:-1","max-image-preview":"max-image-preview:large","max-video-preview":"max-video-preview:-1"},"canonical":"https:\/\/my.stlflix.com\/tr\/product\/melted-treatkeeper-candy-holder-68bb3a37ce64c\/","og_locale":"fr_FR","og_type":"article","og_title":"Melted Treatkeeper - Candy Holder - MyStore - By STLFLIX","og_description":"\ud83c\udf6c\ud83c\udf6b Melted Treatkeeper \u2013 Porta-Doces Tem\u00e1tico \ud83c\udf83\ud83d\udd25 Mant\u00e9m os teus doces organizados com estilo neste Halloween com o Melted Treatkeeper. Um porta-doces inspirado num doce derretido, que combina funcionalidade com um design divertido e tem\u00e1tico, ideal para festas ou decora\u00e7\u00e3o. Pr\u00e1tico e original, \u00e9 o acess\u00f3rio perfeito para guardar os teus treats de forma criativa [&hellip;]","og_url":"https:\/\/my.stlflix.com\/tr\/product\/melted-treatkeeper-candy-holder-68bb3a37ce64c\/","og_site_name":"MyStore - By STLFLIX","article_publisher":"https:\/\/www.facebook.com\/STLFLIX","article_modified_time":"2025-09-24T20:28:10+00:00","og_image":[{"width":1080,"height":1350,"url":"https:\/\/my.stlflix.com\/wp-content\/uploads\/2025\/08\/Melted_Treatkeeper_Candy_Holderthumb_740da81c2e.jpg","type":"image\/jpeg"}],"twitter_card":"summary_large_image","twitter_misc":{"Est. reading time":"1 minute"},"schema":{"@context":"https:\/\/schema.org","@graph":[{"@type":"WebPage","@id":"https:\/\/my.stlflix.com\/tr\/product\/melted-treatkeeper-candy-holder-68bb3a37ce64c\/","url":"https:\/\/my.stlflix.com\/tr\/product\/melted-treatkeeper-candy-holder-68bb3a37ce64c\/","name":"Melted Treatkeeper - Candy Holder - MyStore - By STLFLIX","isPartOf":{"@id":"https:\/\/my.stlflix.com\/tr\/#website"},"primaryImageOfPage":{"@id":"https:\/\/my.stlflix.com\/tr\/product\/melted-treatkeeper-candy-holder-68bb3a37ce64c\/#primaryimage"},"image":{"@id":"https:\/\/my.stlflix.com\/tr\/product\/melted-treatkeeper-candy-holder-68bb3a37ce64c\/#primaryimage"},"thumbnailUrl":"https:\/\/my.stlflix.com\/wp-content\/uploads\/2025\/08\/Melted_Treatkeeper_Candy_Holderthumb_740da81c2e.jpg","datePublished":"2025-09-05T19:49:57+00:00","dateModified":"2025-09-24T20:28:10+00:00","breadcrumb":{"@id":"https:\/\/my.stlflix.com\/tr\/product\/melted-treatkeeper-candy-holder-68bb3a37ce64c\/#breadcrumb"},"inLanguage":"fr-FR","potentialAction":[{"@type":"ReadAction","target":["https:\/\/my.stlflix.com\/tr\/product\/melted-treatkeeper-candy-holder-68bb3a37ce64c\/"]}]},{"@type":"ImageObject","inLanguage":"fr-FR","@id":"https:\/\/my.stlflix.com\/tr\/product\/melted-treatkeeper-candy-holder-68bb3a37ce64c\/#primaryimage","url":"https:\/\/my.stlflix.com\/wp-content\/uploads\/2025\/08\/Melted_Treatkeeper_Candy_Holderthumb_740da81c2e.jpg","contentUrl":"https:\/\/my.stlflix.com\/wp-content\/uploads\/2025\/08\/Melted_Treatkeeper_Candy_Holderthumb_740da81c2e.jpg","width":1080,"height":1350},{"@type":"BreadcrumbList","@id":"https:\/\/my.stlflix.com\/tr\/product\/melted-treatkeeper-candy-holder-68bb3a37ce64c\/#breadcrumb","itemListElement":[{"@type":"ListItem","position":1,"name":"Home","item":"https:\/\/my.stlflix.com\/"},{"@type":"ListItem","position":2,"name":"Products","item":"https:\/\/my.stlflix.com\/fr\/shop\/"},{"@type":"ListItem","position":3,"name":"Melted Treatkeeper &#8211; Candy Holder"}]},{"@type":"WebSite","@id":"https:\/\/my.stlflix.com\/tr\/#website","url":"https:\/\/my.stlflix.com\/tr\/","name":"MyStore - By STLFLIX","description":"","publisher":{"@id":"https:\/\/my.stlflix.com\/tr\/#organization"},"potentialAction":[{"@type":"SearchAction","target":{"@type":"EntryPoint","urlTemplate":"https:\/\/my.stlflix.com\/tr\/?s={search_term_string}"},"query-input":{"@type":"PropertyValueSpecification","valueRequired":true,"valueName":"search_term_string"}}],"inLanguage":"fr-FR"},{"@type":"Organization","@id":"https:\/\/my.stlflix.com\/tr\/#organization","name":"MyStore - By STLFLIX","url":"https:\/\/my.stlflix.com\/tr\/","logo":{"@type":"ImageObject","inLanguage":"fr-FR","@id":"https:\/\/my.stlflix.com\/tr\/#\/schema\/logo\/image\/","url":"https:\/\/my.stlflix.com\/wp-content\/uploads\/2024\/06\/logo-mystore.png","contentUrl":"https:\/\/my.stlflix.com\/wp-content\/uploads\/2024\/06\/logo-mystore.png","width":150,"height":41,"caption":"MyStore - By STLFLIX"},"image":{"@id":"https:\/\/my.stlflix.com\/tr\/#\/schema\/logo\/image\/"},"sameAs":["https:\/\/www.facebook.com\/STLFLIX","https:\/\/www.instagram.com\/stlflix_\/","https:\/\/www.tiktok.com\/@stlflix"]}]}},"_links":{"self":[{"href":"https:\/\/my.stlflix.com\/fr\/wp-json\/wp\/v2\/product\/430445","targetHints":{"allow":["GET"]}}],"collection":[{"href":"https:\/\/my.stlflix.com\/fr\/wp-json\/wp\/v2\/product"}],"about":[{"href":"https:\/\/my.stlflix.com\/fr\/wp-json\/wp\/v2\/types\/product"}],"replies":[{"embeddable":true,"href":"https:\/\/my.stlflix.com\/fr\/wp-json\/wp\/v2\/comments?post=430445"}],"wp:featuredmedia":[{"embeddable":true,"href":"https:\/\/my.stlflix.com\/fr\/wp-json\/wp\/v2\/media\/426262"}],"wp:attachment":[{"href":"https:\/\/my.stlflix.com\/fr\/wp-json\/wp\/v2\/media?parent=430445"}],"wp:term":[{"taxonomy":"product_brand","embeddable":true,"href":"https:\/\/my.stlflix.com\/fr\/wp-json\/wp\/v2\/product_brand?post=430445"},{"taxonomy":"product_cat","embeddable":true,"href":"https:\/\/my.stlflix.com\/fr\/wp-json\/wp\/v2\/product_cat?post=430445"},{"taxonomy":"product_tag","embeddable":true,"href":"https:\/\/my.stlflix.com\/fr\/wp-json\/wp\/v2\/product_tag?post=430445"}],"curies":[{"name":"wp","href":"https:\/\/api.w.org\/{rel}","templated":true}]}}