{"id":433475,"date":"2025-09-11T16:35:50","date_gmt":"2025-09-11T16:35:50","guid":{"rendered":"https:\/\/my.stlflix.com\/?post_type=product&#038;p=433475"},"modified":"2025-09-23T23:34:13","modified_gmt":"2025-09-23T23:34:13","slug":"bella-la-shih-tzu-68c2ddf051a89","status":"publish","type":"product","link":"https:\/\/my.stlflix.com\/fr\/product\/bella-la-shih-tzu-68c2ddf051a89\/","title":{"rendered":"Bella, la Shih Tzu"},"content":{"rendered":"<p>\ud83c\udf80 Bella, la Shih Tzu imprim\u00e9e en 3D \ud83d\udc36\u2728<\/p>\n<p>D\u00e9couvrez Bella, l&#8217;adorable petite chienne \u00e0 la forte personnalit\u00e9 et au n\u0153ud encore plus grand ! \ud83c\udf80 Cette mignonne petite chienne imprim\u00e9e en 3D est pr\u00eate \u00e0 conqu\u00e9rir votre c\u0153ur avec ses grands yeux de chiot \ud83d\udc40, ses oreilles tombantes \ud83d\udc3e et son charme irr\u00e9sistible \ud83d\udc95.<\/p>\n<p>\ud83c\udf1f Caract\u00e9ristiques :<\/p>\n<p>Impression 3D tr\u00e8s d\u00e9taill\u00e9e avec une finition lisse \ud83d\udda8\ufe0f<\/p>\n<p>Parfaite pour \u00eatre expos\u00e9e, offerte en cadeau \ud83c\udf81 ou comme compagnon de bureau \ud83d\udda5\ufe0f<\/p>\n<p>Robuste, l\u00e9g\u00e8re et pleine de caract\u00e8re \ud83c\udfaf<\/p>\n<p>Que vous soyez un amoureux des chiens \ud83d\udc15 ou que vous souhaitiez simplement ajouter une touche de mignonnerie \u00e0 votre vie, Bella est pr\u00eate \u00e0 devenir votre fid\u00e8le petite compagne ! \ud83d\udc36\ud83d\udc96<\/p>\n<p>Dimension approximative: 85 x 80 x 30 mm<\/p>\n","protected":false},"excerpt":{"rendered":"<p>\ud83c\udf80 Bella, la Shih Tzu imprim\u00e9e en 3D \ud83d\udc36\u2728 D\u00e9couvrez Bella, l&#8217;adorable petite chienne \u00e0 la forte personnalit\u00e9 et au n\u0153ud encore plus grand ! \ud83c\udf80 Cette mignonne petite chienne imprim\u00e9e en 3D est pr\u00eate \u00e0 conqu\u00e9rir votre c\u0153ur avec ses grands yeux de chiot \ud83d\udc40, ses oreilles tombantes \ud83d\udc3e et son charme irr\u00e9sistible \ud83d\udc95. [&hellip;]<\/p>\n","protected":false},"featured_media":369071,"comment_status":"open","ping_status":"closed","template":"","meta":[],"product_brand":[],"product_cat":[15],"product_tag":[6403],"class_list":{"0":"post-433475","1":"product","2":"type-product","3":"status-publish","4":"has-post-thumbnail","6":"product_cat-uncategorized","7":"product_tag-arttoys-articulated-toys-articulated-creatures","9":"first","10":"instock","11":"taxable","12":"shipping-taxable","13":"purchasable","14":"product-type-simple"},"yoast_head":"<!-- This site is optimized with the Yoast SEO plugin v25.1 - https:\/\/yoast.com\/wordpress\/plugins\/seo\/ -->\n<title>Bella, la Shih Tzu - MyStore - By STLFLIX<\/title>\n<meta name=\"robots\" content=\"index, follow, max-snippet:-1, max-image-preview:large, max-video-preview:-1\" \/>\n<link rel=\"canonical\" href=\"https:\/\/www.testeminhalojamandela.biz\/product\/bella-la-shih-tzu-68c2ddf051a89\/\" \/>\n<meta property=\"og:locale\" content=\"fr_FR\" \/>\n<meta property=\"og:type\" content=\"article\" \/>\n<meta property=\"og:title\" content=\"Bella, la Shih Tzu - MyStore - By STLFLIX\" \/>\n<meta property=\"og:description\" content=\"\ud83c\udf80 Bella, la Shih Tzu imprim\u00e9e en 3D \ud83d\udc36\u2728 D\u00e9couvrez Bella, l&#8217;adorable petite chienne \u00e0 la forte personnalit\u00e9 et au n\u0153ud encore plus grand ! \ud83c\udf80 Cette mignonne petite chienne imprim\u00e9e en 3D est pr\u00eate \u00e0 conqu\u00e9rir votre c\u0153ur avec ses grands yeux de chiot \ud83d\udc40, ses oreilles tombantes \ud83d\udc3e et son charme irr\u00e9sistible \ud83d\udc95. [&hellip;]\" \/>\n<meta property=\"og:url\" content=\"https:\/\/www.testeminhalojamandela.biz\/product\/bella-la-shih-tzu-68c2ddf051a89\/\" \/>\n<meta property=\"og:site_name\" content=\"MyStore - By STLFLIX\" \/>\n<meta property=\"article:publisher\" content=\"https:\/\/www.facebook.com\/STLFLIX\" \/>\n<meta property=\"article:modified_time\" content=\"2025-09-23T23:34:13+00:00\" \/>\n<meta property=\"og:image\" content=\"https:\/\/www.testeminhalojamandela.biz\/wp-content\/uploads\/2025\/05\/Rachel_the_Shih_Tzuthumb_b0e2f75baa.jpg\" \/>\n\t<meta property=\"og:image:width\" content=\"1080\" \/>\n\t<meta property=\"og:image:height\" content=\"1350\" \/>\n\t<meta property=\"og:image:type\" content=\"image\/jpeg\" \/>\n<meta name=\"twitter:card\" content=\"summary_large_image\" \/>\n<meta name=\"twitter:label1\" content=\"Est. reading time\" \/>\n\t<meta name=\"twitter:data1\" content=\"1 minute\" \/>\n<script type=\"application\/ld+json\" class=\"yoast-schema-graph\">{\"@context\":\"https:\/\/schema.org\",\"@graph\":[{\"@type\":\"WebPage\",\"@id\":\"https:\/\/www.testeminhalojamandela.biz\/product\/bella-la-shih-tzu-68c2ddf051a89\/\",\"url\":\"https:\/\/www.testeminhalojamandela.biz\/product\/bella-la-shih-tzu-68c2ddf051a89\/\",\"name\":\"Bella, la Shih Tzu - MyStore - By STLFLIX\",\"isPartOf\":{\"@id\":\"https:\/\/my.stlflix.com\/tr\/#website\"},\"primaryImageOfPage\":{\"@id\":\"https:\/\/www.testeminhalojamandela.biz\/product\/bella-la-shih-tzu-68c2ddf051a89\/#primaryimage\"},\"image\":{\"@id\":\"https:\/\/www.testeminhalojamandela.biz\/product\/bella-la-shih-tzu-68c2ddf051a89\/#primaryimage\"},\"thumbnailUrl\":\"https:\/\/my.stlflix.com\/wp-content\/uploads\/2025\/05\/Rachel_the_Shih_Tzuthumb_b0e2f75baa.jpg\",\"datePublished\":\"2025-09-11T16:35:50+00:00\",\"dateModified\":\"2025-09-23T23:34:13+00:00\",\"breadcrumb\":{\"@id\":\"https:\/\/www.testeminhalojamandela.biz\/product\/bella-la-shih-tzu-68c2ddf051a89\/#breadcrumb\"},\"inLanguage\":\"fr-FR\",\"potentialAction\":[{\"@type\":\"ReadAction\",\"target\":[\"https:\/\/www.testeminhalojamandela.biz\/product\/bella-la-shih-tzu-68c2ddf051a89\/\"]}]},{\"@type\":\"ImageObject\",\"inLanguage\":\"fr-FR\",\"@id\":\"https:\/\/www.testeminhalojamandela.biz\/product\/bella-la-shih-tzu-68c2ddf051a89\/#primaryimage\",\"url\":\"https:\/\/my.stlflix.com\/wp-content\/uploads\/2025\/05\/Rachel_the_Shih_Tzuthumb_b0e2f75baa.jpg\",\"contentUrl\":\"https:\/\/my.stlflix.com\/wp-content\/uploads\/2025\/05\/Rachel_the_Shih_Tzuthumb_b0e2f75baa.jpg\",\"width\":1080,\"height\":1350},{\"@type\":\"BreadcrumbList\",\"@id\":\"https:\/\/www.testeminhalojamandela.biz\/product\/bella-la-shih-tzu-68c2ddf051a89\/#breadcrumb\",\"itemListElement\":[{\"@type\":\"ListItem\",\"position\":1,\"name\":\"Home\",\"item\":\"https:\/\/my.stlflix.com\/\"},{\"@type\":\"ListItem\",\"position\":2,\"name\":\"Products\",\"item\":\"https:\/\/my.stlflix.com\/fr\/shop\/\"},{\"@type\":\"ListItem\",\"position\":3,\"name\":\"Bella, la Shih Tzu\"}]},{\"@type\":\"WebSite\",\"@id\":\"https:\/\/my.stlflix.com\/tr\/#website\",\"url\":\"https:\/\/my.stlflix.com\/tr\/\",\"name\":\"MyStore - By STLFLIX\",\"description\":\"\",\"publisher\":{\"@id\":\"https:\/\/my.stlflix.com\/tr\/#organization\"},\"potentialAction\":[{\"@type\":\"SearchAction\",\"target\":{\"@type\":\"EntryPoint\",\"urlTemplate\":\"https:\/\/my.stlflix.com\/tr\/?s={search_term_string}\"},\"query-input\":{\"@type\":\"PropertyValueSpecification\",\"valueRequired\":true,\"valueName\":\"search_term_string\"}}],\"inLanguage\":\"fr-FR\"},{\"@type\":\"Organization\",\"@id\":\"https:\/\/my.stlflix.com\/tr\/#organization\",\"name\":\"MyStore - By STLFLIX\",\"url\":\"https:\/\/my.stlflix.com\/tr\/\",\"logo\":{\"@type\":\"ImageObject\",\"inLanguage\":\"fr-FR\",\"@id\":\"https:\/\/my.stlflix.com\/tr\/#\/schema\/logo\/image\/\",\"url\":\"https:\/\/my.stlflix.com\/wp-content\/uploads\/2024\/06\/logo-mystore.png\",\"contentUrl\":\"https:\/\/my.stlflix.com\/wp-content\/uploads\/2024\/06\/logo-mystore.png\",\"width\":150,\"height\":41,\"caption\":\"MyStore - By STLFLIX\"},\"image\":{\"@id\":\"https:\/\/my.stlflix.com\/tr\/#\/schema\/logo\/image\/\"},\"sameAs\":[\"https:\/\/www.facebook.com\/STLFLIX\",\"https:\/\/www.instagram.com\/stlflix_\/\",\"https:\/\/www.tiktok.com\/@stlflix\"]}]}<\/script>\n<!-- \/ Yoast SEO plugin. -->","yoast_head_json":{"title":"Bella, la Shih Tzu - MyStore - By STLFLIX","robots":{"index":"index","follow":"follow","max-snippet":"max-snippet:-1","max-image-preview":"max-image-preview:large","max-video-preview":"max-video-preview:-1"},"canonical":"https:\/\/www.testeminhalojamandela.biz\/product\/bella-la-shih-tzu-68c2ddf051a89\/","og_locale":"fr_FR","og_type":"article","og_title":"Bella, la Shih Tzu - MyStore - By STLFLIX","og_description":"\ud83c\udf80 Bella, la Shih Tzu imprim\u00e9e en 3D \ud83d\udc36\u2728 D\u00e9couvrez Bella, l&#8217;adorable petite chienne \u00e0 la forte personnalit\u00e9 et au n\u0153ud encore plus grand ! \ud83c\udf80 Cette mignonne petite chienne imprim\u00e9e en 3D est pr\u00eate \u00e0 conqu\u00e9rir votre c\u0153ur avec ses grands yeux de chiot \ud83d\udc40, ses oreilles tombantes \ud83d\udc3e et son charme irr\u00e9sistible \ud83d\udc95. [&hellip;]","og_url":"https:\/\/www.testeminhalojamandela.biz\/product\/bella-la-shih-tzu-68c2ddf051a89\/","og_site_name":"MyStore - By STLFLIX","article_publisher":"https:\/\/www.facebook.com\/STLFLIX","article_modified_time":"2025-09-23T23:34:13+00:00","og_image":[{"width":1080,"height":1350,"url":"https:\/\/www.testeminhalojamandela.biz\/wp-content\/uploads\/2025\/05\/Rachel_the_Shih_Tzuthumb_b0e2f75baa.jpg","type":"image\/jpeg"}],"twitter_card":"summary_large_image","twitter_misc":{"Est. reading time":"1 minute"},"schema":{"@context":"https:\/\/schema.org","@graph":[{"@type":"WebPage","@id":"https:\/\/www.testeminhalojamandela.biz\/product\/bella-la-shih-tzu-68c2ddf051a89\/","url":"https:\/\/www.testeminhalojamandela.biz\/product\/bella-la-shih-tzu-68c2ddf051a89\/","name":"Bella, la Shih Tzu - MyStore - By STLFLIX","isPartOf":{"@id":"https:\/\/my.stlflix.com\/tr\/#website"},"primaryImageOfPage":{"@id":"https:\/\/www.testeminhalojamandela.biz\/product\/bella-la-shih-tzu-68c2ddf051a89\/#primaryimage"},"image":{"@id":"https:\/\/www.testeminhalojamandela.biz\/product\/bella-la-shih-tzu-68c2ddf051a89\/#primaryimage"},"thumbnailUrl":"https:\/\/my.stlflix.com\/wp-content\/uploads\/2025\/05\/Rachel_the_Shih_Tzuthumb_b0e2f75baa.jpg","datePublished":"2025-09-11T16:35:50+00:00","dateModified":"2025-09-23T23:34:13+00:00","breadcrumb":{"@id":"https:\/\/www.testeminhalojamandela.biz\/product\/bella-la-shih-tzu-68c2ddf051a89\/#breadcrumb"},"inLanguage":"fr-FR","potentialAction":[{"@type":"ReadAction","target":["https:\/\/www.testeminhalojamandela.biz\/product\/bella-la-shih-tzu-68c2ddf051a89\/"]}]},{"@type":"ImageObject","inLanguage":"fr-FR","@id":"https:\/\/www.testeminhalojamandela.biz\/product\/bella-la-shih-tzu-68c2ddf051a89\/#primaryimage","url":"https:\/\/my.stlflix.com\/wp-content\/uploads\/2025\/05\/Rachel_the_Shih_Tzuthumb_b0e2f75baa.jpg","contentUrl":"https:\/\/my.stlflix.com\/wp-content\/uploads\/2025\/05\/Rachel_the_Shih_Tzuthumb_b0e2f75baa.jpg","width":1080,"height":1350},{"@type":"BreadcrumbList","@id":"https:\/\/www.testeminhalojamandela.biz\/product\/bella-la-shih-tzu-68c2ddf051a89\/#breadcrumb","itemListElement":[{"@type":"ListItem","position":1,"name":"Home","item":"https:\/\/my.stlflix.com\/"},{"@type":"ListItem","position":2,"name":"Products","item":"https:\/\/my.stlflix.com\/fr\/shop\/"},{"@type":"ListItem","position":3,"name":"Bella, la Shih Tzu"}]},{"@type":"WebSite","@id":"https:\/\/my.stlflix.com\/tr\/#website","url":"https:\/\/my.stlflix.com\/tr\/","name":"MyStore - By STLFLIX","description":"","publisher":{"@id":"https:\/\/my.stlflix.com\/tr\/#organization"},"potentialAction":[{"@type":"SearchAction","target":{"@type":"EntryPoint","urlTemplate":"https:\/\/my.stlflix.com\/tr\/?s={search_term_string}"},"query-input":{"@type":"PropertyValueSpecification","valueRequired":true,"valueName":"search_term_string"}}],"inLanguage":"fr-FR"},{"@type":"Organization","@id":"https:\/\/my.stlflix.com\/tr\/#organization","name":"MyStore - By STLFLIX","url":"https:\/\/my.stlflix.com\/tr\/","logo":{"@type":"ImageObject","inLanguage":"fr-FR","@id":"https:\/\/my.stlflix.com\/tr\/#\/schema\/logo\/image\/","url":"https:\/\/my.stlflix.com\/wp-content\/uploads\/2024\/06\/logo-mystore.png","contentUrl":"https:\/\/my.stlflix.com\/wp-content\/uploads\/2024\/06\/logo-mystore.png","width":150,"height":41,"caption":"MyStore - By STLFLIX"},"image":{"@id":"https:\/\/my.stlflix.com\/tr\/#\/schema\/logo\/image\/"},"sameAs":["https:\/\/www.facebook.com\/STLFLIX","https:\/\/www.instagram.com\/stlflix_\/","https:\/\/www.tiktok.com\/@stlflix"]}]}},"_links":{"self":[{"href":"https:\/\/my.stlflix.com\/fr\/wp-json\/wp\/v2\/product\/433475","targetHints":{"allow":["GET"]}}],"collection":[{"href":"https:\/\/my.stlflix.com\/fr\/wp-json\/wp\/v2\/product"}],"about":[{"href":"https:\/\/my.stlflix.com\/fr\/wp-json\/wp\/v2\/types\/product"}],"replies":[{"embeddable":true,"href":"https:\/\/my.stlflix.com\/fr\/wp-json\/wp\/v2\/comments?post=433475"}],"wp:featuredmedia":[{"embeddable":true,"href":"https:\/\/my.stlflix.com\/fr\/wp-json\/wp\/v2\/media\/369071"}],"wp:attachment":[{"href":"https:\/\/my.stlflix.com\/fr\/wp-json\/wp\/v2\/media?parent=433475"}],"wp:term":[{"taxonomy":"product_brand","embeddable":true,"href":"https:\/\/my.stlflix.com\/fr\/wp-json\/wp\/v2\/product_brand?post=433475"},{"taxonomy":"product_cat","embeddable":true,"href":"https:\/\/my.stlflix.com\/fr\/wp-json\/wp\/v2\/product_cat?post=433475"},{"taxonomy":"product_tag","embeddable":true,"href":"https:\/\/my.stlflix.com\/fr\/wp-json\/wp\/v2\/product_tag?post=433475"}],"curies":[{"name":"wp","href":"https:\/\/api.w.org\/{rel}","templated":true}]}}