{"id":455040,"date":"2025-10-21T23:51:29","date_gmt":"2025-10-21T23:51:29","guid":{"rendered":"https:\/\/my.stlflix.com\/?post_type=product&#038;p=455040"},"modified":"2025-10-30T17:06:15","modified_gmt":"2025-10-30T17:06:15","slug":"lions-courage-tabletop-fountain-68f6dba11db6a","status":"publish","type":"product","link":"https:\/\/my.stlflix.com\/fr\/product\/lions-courage-tabletop-fountain-68f6dba11db6a\/","title":{"rendered":"Fonte de mesa Coragem do Le\u00e3o"},"content":{"rendered":"<p data-start=\"69\" data-end=\"126\">\ud83e\udd81 <strong data-start=\"72\" data-end=\"124\"><span dir=\"auto\" style=\"vertical-align: inherit\"><span dir=\"auto\" style=\"vertical-align: inherit\">Fonte Decorativa Cl\u00e1ssica \u2013 Estilo Le\u00e3o Imperial<\/span><\/span><\/strong><\/p>\n<p data-start=\"128\" data-end=\"408\"><span dir=\"auto\" style=\"vertical-align: inherit\"><span dir=\"auto\" style=\"vertical-align: inherit\">Transforme seu espa\u00e7o com essa impressionante fonte decorativa inspirada na arquitetura cl\u00e1ssica europeia. O design com <\/span><\/span><strong data-start=\"248\" data-end=\"282\"><span dir=\"auto\" style=\"vertical-align: inherit\"><span dir=\"auto\" style=\"vertical-align: inherit\">esculturas de le\u00f5es majestosos<\/span><\/span><\/strong><span dir=\"auto\" style=\"vertical-align: inherit\"><span dir=\"auto\" style=\"vertical-align: inherit\"> e detalhes ornamentados cria um ambiente <\/span><\/span><strong data-start=\"324\" data-end=\"351\"><span dir=\"auto\" style=\"vertical-align: inherit\"><span dir=\"auto\" style=\"vertical-align: inherit\">sofisticado e imponente<\/span><\/span><\/strong><span dir=\"auto\" style=\"vertical-align: inherit\"><span dir=\"auto\" style=\"vertical-align: inherit\"> , ideal para quem deseja um toque de luxo na decora\u00e7\u00e3o.<\/span><\/span><\/p>\n<p data-start=\"410\" data-end=\"445\">\u2728 <strong data-start=\"412\" data-end=\"443\"><span dir=\"auto\" style=\"vertical-align: inherit\"><span dir=\"auto\" style=\"vertical-align: inherit\">Caracter\u00edsticas do produto:<\/span><\/span><\/strong><\/p>\n<ul data-start=\"446\" data-end=\"721\">\n<li data-start=\"446\" data-end=\"492\">\n<p data-start=\"448\" data-end=\"492\"><span dir=\"auto\" style=\"vertical-align: inherit\"><span dir=\"auto\" style=\"vertical-align: inherit\">Design cl\u00e1ssico com 3 esculturas de le\u00f5es;<\/span><\/span><\/p>\n<\/li>\n<li data-start=\"493\" data-end=\"547\">\n<p data-start=\"495\" data-end=\"547\"><span dir=\"auto\" style=\"vertical-align: inherit\"><span dir=\"auto\" style=\"vertical-align: inherit\">Acabamento texturizado e detalhado em alto relevo;<\/span><\/span><\/p>\n<\/li>\n<li data-start=\"548\" data-end=\"605\">\n<p data-start=\"550\" data-end=\"605\"><span dir=\"auto\" style=\"vertical-align: inherit\"><span dir=\"auto\" style=\"vertical-align: inherit\">Fluxo de \u00e1gua cont\u00ednuo, conforto e tranquilidade;<\/span><\/span><\/p>\n<\/li>\n<li data-start=\"606\" data-end=\"684\">\n<p data-start=\"608\" data-end=\"684\"><span dir=\"auto\" style=\"vertical-align: inherit\"><span dir=\"auto\" style=\"vertical-align: inherit\">Ideal para halls de entrada, salas, interiores, jardins ou \u00e1reas de descanso;<\/span><\/span><\/p>\n<\/li>\n<li data-start=\"685\" data-end=\"721\">\n<p data-start=\"687\" data-end=\"721\"><span dir=\"auto\" style=\"vertical-align: inherit\"><span dir=\"auto\" style=\"vertical-align: inherit\">Personaliz\u00e1vel em cor e tamanho.<\/span><\/span><\/p>\n<\/li>\n<\/ul>\n<p data-start=\"723\" data-end=\"838\">\ud83d\udee0\ufe0f<span dir=\"auto\" style=\"vertical-align: inherit\"><span dir=\"auto\" style=\"vertical-align: inherit\">Produzida com <\/span><\/span><strong data-start=\"741\" data-end=\"775\"><span dir=\"auto\" style=\"vertical-align: inherit\"><span dir=\"auto\" style=\"vertical-align: inherit\">impress\u00e3o 3D de alta qualidade<\/span><\/span><\/strong><span dir=\"auto\" style=\"vertical-align: inherit\"><span dir=\"auto\" style=\"vertical-align: inherit\"> , garantindo garantia e excelente defini\u00e7\u00e3o dos detalhes.<\/span><\/span><\/p>\n<p>&nbsp;<\/p>\n<p><span dir=\"auto\" style=\"vertical-align: inherit\"><span dir=\"auto\" style=\"vertical-align: inherit\">ATEN\u00c7\u00c3O AP\u00d3S COMPRA NECESS\u00c1RIA 2 DIAS PARA FABRICA\u00c7\u00c3O!<\/span><\/span><\/p>\n<p>&nbsp;<\/p>\n<p><span dir=\"auto\" style=\"vertical-align: inherit\"><span dir=\"auto\" style=\"vertical-align: inherit\">https:\/\/static.stlflix.com\/Lion_s_Courage_Tabletop_Fountain_d19850a84e.webm<\/span><\/span><\/p>\n","protected":false},"excerpt":{"rendered":"<p>\ud83e\udd81 Fonte Decorativa Cl\u00e1ssica \u2013 Estilo Le\u00e3o Imperial Transforme seu espa\u00e7o com essa impressionante fonte decorativa inspirada na arquitetura cl\u00e1ssica europeia. O design com esculturas de le\u00f5es majestosos e detalhes ornamentados cria um ambiente sofisticado e imponente , ideal para quem deseja um toque de luxo na decora\u00e7\u00e3o. \u2728 Caracter\u00edsticas do produto: Design cl\u00e1ssico com [&hellip;]<\/p>\n","protected":false},"featured_media":321070,"comment_status":"open","ping_status":"closed","template":"","meta":[],"product_brand":[],"product_cat":[15],"product_tag":[6099],"class_list":{"0":"post-455040","1":"product","2":"type-product","3":"status-publish","4":"has-post-thumbnail","6":"product_cat-uncategorized","7":"product_tag-fontes","9":"first","10":"instock","11":"sale","12":"purchasable","13":"product-type-simple"},"yoast_head":"<!-- This site is optimized with the Yoast SEO plugin v25.1 - https:\/\/yoast.com\/wordpress\/plugins\/seo\/ -->\n<title>Fonte de mesa Coragem do Le\u00e3o - MyStore - By STLFLIX<\/title>\n<meta name=\"robots\" content=\"index, follow, max-snippet:-1, max-image-preview:large, max-video-preview:-1\" \/>\n<link rel=\"canonical\" href=\"https:\/\/my.stlflix.com\/fr\/product\/lions-courage-tabletop-fountain-68f6dba11db6a\/\" \/>\n<meta property=\"og:locale\" content=\"fr_FR\" \/>\n<meta property=\"og:type\" content=\"article\" \/>\n<meta property=\"og:title\" content=\"Fonte de mesa Coragem do Le\u00e3o - MyStore - By STLFLIX\" \/>\n<meta property=\"og:description\" content=\"\ud83e\udd81 Fonte Decorativa Cl\u00e1ssica \u2013 Estilo Le\u00e3o Imperial Transforme seu espa\u00e7o com essa impressionante fonte decorativa inspirada na arquitetura cl\u00e1ssica europeia. O design com esculturas de le\u00f5es majestosos e detalhes ornamentados cria um ambiente sofisticado e imponente , ideal para quem deseja um toque de luxo na decora\u00e7\u00e3o. \u2728 Caracter\u00edsticas do produto: Design cl\u00e1ssico com [&hellip;]\" \/>\n<meta property=\"og:url\" content=\"https:\/\/my.stlflix.com\/fr\/product\/lions-courage-tabletop-fountain-68f6dba11db6a\/\" \/>\n<meta property=\"og:site_name\" content=\"MyStore - By STLFLIX\" \/>\n<meta property=\"article:publisher\" content=\"https:\/\/www.facebook.com\/STLFLIX\" \/>\n<meta property=\"article:modified_time\" content=\"2025-10-30T17:06:15+00:00\" \/>\n<meta property=\"og:image\" content=\"https:\/\/my.stlflix.com\/wp-content\/uploads\/2025\/04\/Lion_s_Courage_Tabletop_Fountain_thumb_80ba20fca4.jpg\" \/>\n\t<meta property=\"og:image:width\" content=\"1080\" \/>\n\t<meta property=\"og:image:height\" content=\"1350\" \/>\n\t<meta property=\"og:image:type\" content=\"image\/jpeg\" \/>\n<meta name=\"twitter:card\" content=\"summary_large_image\" \/>\n<meta name=\"twitter:label1\" content=\"Est. reading time\" \/>\n\t<meta name=\"twitter:data1\" content=\"1 minute\" \/>\n<script type=\"application\/ld+json\" class=\"yoast-schema-graph\">{\"@context\":\"https:\/\/schema.org\",\"@graph\":[{\"@type\":\"WebPage\",\"@id\":\"https:\/\/my.stlflix.com\/fr\/product\/lions-courage-tabletop-fountain-68f6dba11db6a\/\",\"url\":\"https:\/\/my.stlflix.com\/fr\/product\/lions-courage-tabletop-fountain-68f6dba11db6a\/\",\"name\":\"Fonte de mesa Coragem do Le\u00e3o - MyStore - By STLFLIX\",\"isPartOf\":{\"@id\":\"https:\/\/my.stlflix.com\/fr\/#website\"},\"primaryImageOfPage\":{\"@id\":\"https:\/\/my.stlflix.com\/fr\/product\/lions-courage-tabletop-fountain-68f6dba11db6a\/#primaryimage\"},\"image\":{\"@id\":\"https:\/\/my.stlflix.com\/fr\/product\/lions-courage-tabletop-fountain-68f6dba11db6a\/#primaryimage\"},\"thumbnailUrl\":\"https:\/\/my.stlflix.com\/wp-content\/uploads\/2025\/04\/Lion_s_Courage_Tabletop_Fountain_thumb_80ba20fca4.jpg\",\"datePublished\":\"2025-10-21T23:51:29+00:00\",\"dateModified\":\"2025-10-30T17:06:15+00:00\",\"breadcrumb\":{\"@id\":\"https:\/\/my.stlflix.com\/fr\/product\/lions-courage-tabletop-fountain-68f6dba11db6a\/#breadcrumb\"},\"inLanguage\":\"fr-FR\",\"potentialAction\":[{\"@type\":\"ReadAction\",\"target\":[\"https:\/\/my.stlflix.com\/fr\/product\/lions-courage-tabletop-fountain-68f6dba11db6a\/\"]}]},{\"@type\":\"ImageObject\",\"inLanguage\":\"fr-FR\",\"@id\":\"https:\/\/my.stlflix.com\/fr\/product\/lions-courage-tabletop-fountain-68f6dba11db6a\/#primaryimage\",\"url\":\"https:\/\/my.stlflix.com\/wp-content\/uploads\/2025\/04\/Lion_s_Courage_Tabletop_Fountain_thumb_80ba20fca4.jpg\",\"contentUrl\":\"https:\/\/my.stlflix.com\/wp-content\/uploads\/2025\/04\/Lion_s_Courage_Tabletop_Fountain_thumb_80ba20fca4.jpg\",\"width\":1080,\"height\":1350},{\"@type\":\"BreadcrumbList\",\"@id\":\"https:\/\/my.stlflix.com\/fr\/product\/lions-courage-tabletop-fountain-68f6dba11db6a\/#breadcrumb\",\"itemListElement\":[{\"@type\":\"ListItem\",\"position\":1,\"name\":\"Home\",\"item\":\"https:\/\/my.stlflix.com\/\"},{\"@type\":\"ListItem\",\"position\":2,\"name\":\"Products\",\"item\":\"https:\/\/www.stlflix-store.com\/shop\/\"},{\"@type\":\"ListItem\",\"position\":3,\"name\":\"Fonte de mesa Coragem do Le\u00e3o\"}]},{\"@type\":\"WebSite\",\"@id\":\"https:\/\/my.stlflix.com\/fr\/#website\",\"url\":\"https:\/\/my.stlflix.com\/fr\/\",\"name\":\"MyStore - By STLFLIX\",\"description\":\"\",\"publisher\":{\"@id\":\"https:\/\/my.stlflix.com\/fr\/#organization\"},\"potentialAction\":[{\"@type\":\"SearchAction\",\"target\":{\"@type\":\"EntryPoint\",\"urlTemplate\":\"https:\/\/my.stlflix.com\/fr\/?s={search_term_string}\"},\"query-input\":{\"@type\":\"PropertyValueSpecification\",\"valueRequired\":true,\"valueName\":\"search_term_string\"}}],\"inLanguage\":\"fr-FR\"},{\"@type\":\"Organization\",\"@id\":\"https:\/\/my.stlflix.com\/fr\/#organization\",\"name\":\"MyStore - By STLFLIX\",\"url\":\"https:\/\/my.stlflix.com\/fr\/\",\"logo\":{\"@type\":\"ImageObject\",\"inLanguage\":\"fr-FR\",\"@id\":\"https:\/\/my.stlflix.com\/fr\/#\/schema\/logo\/image\/\",\"url\":\"https:\/\/my.stlflix.com\/wp-content\/uploads\/2024\/06\/logo-mystore.png\",\"contentUrl\":\"https:\/\/my.stlflix.com\/wp-content\/uploads\/2024\/06\/logo-mystore.png\",\"width\":150,\"height\":41,\"caption\":\"MyStore - By STLFLIX\"},\"image\":{\"@id\":\"https:\/\/my.stlflix.com\/fr\/#\/schema\/logo\/image\/\"},\"sameAs\":[\"https:\/\/www.facebook.com\/STLFLIX\",\"https:\/\/www.instagram.com\/stlflix_\/\",\"https:\/\/www.tiktok.com\/@stlflix\"]}]}<\/script>\n<!-- \/ Yoast SEO plugin. -->","yoast_head_json":{"title":"Fonte de mesa Coragem do Le\u00e3o - MyStore - By STLFLIX","robots":{"index":"index","follow":"follow","max-snippet":"max-snippet:-1","max-image-preview":"max-image-preview:large","max-video-preview":"max-video-preview:-1"},"canonical":"https:\/\/my.stlflix.com\/fr\/product\/lions-courage-tabletop-fountain-68f6dba11db6a\/","og_locale":"fr_FR","og_type":"article","og_title":"Fonte de mesa Coragem do Le\u00e3o - MyStore - By STLFLIX","og_description":"\ud83e\udd81 Fonte Decorativa Cl\u00e1ssica \u2013 Estilo Le\u00e3o Imperial Transforme seu espa\u00e7o com essa impressionante fonte decorativa inspirada na arquitetura cl\u00e1ssica europeia. O design com esculturas de le\u00f5es majestosos e detalhes ornamentados cria um ambiente sofisticado e imponente , ideal para quem deseja um toque de luxo na decora\u00e7\u00e3o. \u2728 Caracter\u00edsticas do produto: Design cl\u00e1ssico com [&hellip;]","og_url":"https:\/\/my.stlflix.com\/fr\/product\/lions-courage-tabletop-fountain-68f6dba11db6a\/","og_site_name":"MyStore - By STLFLIX","article_publisher":"https:\/\/www.facebook.com\/STLFLIX","article_modified_time":"2025-10-30T17:06:15+00:00","og_image":[{"width":1080,"height":1350,"url":"https:\/\/my.stlflix.com\/wp-content\/uploads\/2025\/04\/Lion_s_Courage_Tabletop_Fountain_thumb_80ba20fca4.jpg","type":"image\/jpeg"}],"twitter_card":"summary_large_image","twitter_misc":{"Est. reading time":"1 minute"},"schema":{"@context":"https:\/\/schema.org","@graph":[{"@type":"WebPage","@id":"https:\/\/my.stlflix.com\/fr\/product\/lions-courage-tabletop-fountain-68f6dba11db6a\/","url":"https:\/\/my.stlflix.com\/fr\/product\/lions-courage-tabletop-fountain-68f6dba11db6a\/","name":"Fonte de mesa Coragem do Le\u00e3o - MyStore - By STLFLIX","isPartOf":{"@id":"https:\/\/my.stlflix.com\/fr\/#website"},"primaryImageOfPage":{"@id":"https:\/\/my.stlflix.com\/fr\/product\/lions-courage-tabletop-fountain-68f6dba11db6a\/#primaryimage"},"image":{"@id":"https:\/\/my.stlflix.com\/fr\/product\/lions-courage-tabletop-fountain-68f6dba11db6a\/#primaryimage"},"thumbnailUrl":"https:\/\/my.stlflix.com\/wp-content\/uploads\/2025\/04\/Lion_s_Courage_Tabletop_Fountain_thumb_80ba20fca4.jpg","datePublished":"2025-10-21T23:51:29+00:00","dateModified":"2025-10-30T17:06:15+00:00","breadcrumb":{"@id":"https:\/\/my.stlflix.com\/fr\/product\/lions-courage-tabletop-fountain-68f6dba11db6a\/#breadcrumb"},"inLanguage":"fr-FR","potentialAction":[{"@type":"ReadAction","target":["https:\/\/my.stlflix.com\/fr\/product\/lions-courage-tabletop-fountain-68f6dba11db6a\/"]}]},{"@type":"ImageObject","inLanguage":"fr-FR","@id":"https:\/\/my.stlflix.com\/fr\/product\/lions-courage-tabletop-fountain-68f6dba11db6a\/#primaryimage","url":"https:\/\/my.stlflix.com\/wp-content\/uploads\/2025\/04\/Lion_s_Courage_Tabletop_Fountain_thumb_80ba20fca4.jpg","contentUrl":"https:\/\/my.stlflix.com\/wp-content\/uploads\/2025\/04\/Lion_s_Courage_Tabletop_Fountain_thumb_80ba20fca4.jpg","width":1080,"height":1350},{"@type":"BreadcrumbList","@id":"https:\/\/my.stlflix.com\/fr\/product\/lions-courage-tabletop-fountain-68f6dba11db6a\/#breadcrumb","itemListElement":[{"@type":"ListItem","position":1,"name":"Home","item":"https:\/\/my.stlflix.com\/"},{"@type":"ListItem","position":2,"name":"Products","item":"https:\/\/www.stlflix-store.com\/shop\/"},{"@type":"ListItem","position":3,"name":"Fonte de mesa Coragem do Le\u00e3o"}]},{"@type":"WebSite","@id":"https:\/\/my.stlflix.com\/fr\/#website","url":"https:\/\/my.stlflix.com\/fr\/","name":"MyStore - By STLFLIX","description":"","publisher":{"@id":"https:\/\/my.stlflix.com\/fr\/#organization"},"potentialAction":[{"@type":"SearchAction","target":{"@type":"EntryPoint","urlTemplate":"https:\/\/my.stlflix.com\/fr\/?s={search_term_string}"},"query-input":{"@type":"PropertyValueSpecification","valueRequired":true,"valueName":"search_term_string"}}],"inLanguage":"fr-FR"},{"@type":"Organization","@id":"https:\/\/my.stlflix.com\/fr\/#organization","name":"MyStore - By STLFLIX","url":"https:\/\/my.stlflix.com\/fr\/","logo":{"@type":"ImageObject","inLanguage":"fr-FR","@id":"https:\/\/my.stlflix.com\/fr\/#\/schema\/logo\/image\/","url":"https:\/\/my.stlflix.com\/wp-content\/uploads\/2024\/06\/logo-mystore.png","contentUrl":"https:\/\/my.stlflix.com\/wp-content\/uploads\/2024\/06\/logo-mystore.png","width":150,"height":41,"caption":"MyStore - By STLFLIX"},"image":{"@id":"https:\/\/my.stlflix.com\/fr\/#\/schema\/logo\/image\/"},"sameAs":["https:\/\/www.facebook.com\/STLFLIX","https:\/\/www.instagram.com\/stlflix_\/","https:\/\/www.tiktok.com\/@stlflix"]}]}},"_links":{"self":[{"href":"https:\/\/my.stlflix.com\/fr\/wp-json\/wp\/v2\/product\/455040","targetHints":{"allow":["GET"]}}],"collection":[{"href":"https:\/\/my.stlflix.com\/fr\/wp-json\/wp\/v2\/product"}],"about":[{"href":"https:\/\/my.stlflix.com\/fr\/wp-json\/wp\/v2\/types\/product"}],"replies":[{"embeddable":true,"href":"https:\/\/my.stlflix.com\/fr\/wp-json\/wp\/v2\/comments?post=455040"}],"wp:featuredmedia":[{"embeddable":true,"href":"https:\/\/my.stlflix.com\/fr\/wp-json\/wp\/v2\/media\/321070"}],"wp:attachment":[{"href":"https:\/\/my.stlflix.com\/fr\/wp-json\/wp\/v2\/media?parent=455040"}],"wp:term":[{"taxonomy":"product_brand","embeddable":true,"href":"https:\/\/my.stlflix.com\/fr\/wp-json\/wp\/v2\/product_brand?post=455040"},{"taxonomy":"product_cat","embeddable":true,"href":"https:\/\/my.stlflix.com\/fr\/wp-json\/wp\/v2\/product_cat?post=455040"},{"taxonomy":"product_tag","embeddable":true,"href":"https:\/\/my.stlflix.com\/fr\/wp-json\/wp\/v2\/product_tag?post=455040"}],"curies":[{"name":"wp","href":"https:\/\/api.w.org\/{rel}","templated":true}]}}