{"id":455042,"date":"2025-10-21T23:50:09","date_gmt":"2025-10-21T23:50:09","guid":{"rendered":"https:\/\/my.stlflix.com\/?post_type=product&#038;p=455042"},"modified":"2025-10-30T17:07:28","modified_gmt":"2025-10-30T17:07:28","slug":"serenity-falls-tabletop-fountain-68f6dbadaeb25","status":"publish","type":"product","link":"https:\/\/my.stlflix.com\/fr\/product\/serenity-falls-tabletop-fountain-68f6dbadaeb25\/","title":{"rendered":"Fonte de mesa Serenity Falls"},"content":{"rendered":"<p data-start=\"111\" data-end=\"172\">\ud83c\udfe1 <strong data-start=\"114\" data-end=\"170\"><span dir=\"auto\" style=\"vertical-align: inherit\"><span dir=\"auto\" style=\"vertical-align: inherit\">Fonte Decorativa de Parede \u2013 Estilo Cl\u00e1ssico R\u00fastico<\/span><\/span><\/strong><\/p>\n<p data-start=\"174\" data-end=\"457\"><span dir=\"auto\" style=\"vertical-align: inherit\"><span dir=\"auto\" style=\"vertical-align: inherit\">Adicione um toque de <\/span><\/span><strong data-start=\"195\" data-end=\"221\"><span dir=\"auto\" style=\"vertical-align: inherit\"><span dir=\"auto\" style=\"vertical-align: inherit\">moda e serenidade<\/span><\/span><\/strong><span dir=\"auto\" style=\"vertical-align: inherit\"><span dir=\"auto\" style=\"vertical-align: inherit\"> ao seu ambiente com essa linda fonte decorativa de parede. Seu design cl\u00e1ssico com curvas suaves e acabamento r\u00fastico cria uma sensa\u00e7\u00e3o de <\/span><\/span><strong data-start=\"361\" data-end=\"382\"><span dir=\"auto\" style=\"vertical-align: inherit\"><span dir=\"auto\" style=\"vertical-align: inherit\">ref\u00fagio tranquilo<\/span><\/span><\/strong><span dir=\"auto\" style=\"vertical-align: inherit\"><span dir=\"auto\" style=\"vertical-align: inherit\"> , ideal para varandas, halls de entrada, salas e \u00e1reas externas cobertas.<\/span><\/span><\/p>\n<p data-start=\"459\" data-end=\"494\">\u2728 <strong data-start=\"461\" data-end=\"492\"><span dir=\"auto\" style=\"vertical-align: inherit\"><span dir=\"auto\" style=\"vertical-align: inherit\">Caracter\u00edsticas do produto:<\/span><\/span><\/strong><\/p>\n<ul data-start=\"495\" data-end=\"736\">\n<li data-start=\"495\" data-end=\"527\">\n<p data-start=\"497\" data-end=\"527\"><span dir=\"auto\" style=\"vertical-align: inherit\"><span dir=\"auto\" style=\"vertical-align: inherit\">Design padr\u00e3o e atemporal;<\/span><\/span><\/p>\n<\/li>\n<li data-start=\"528\" data-end=\"580\">\n<p data-start=\"530\" data-end=\"580\"><span dir=\"auto\" style=\"vertical-align: inherit\"><span dir=\"auto\" style=\"vertical-align: inherit\">Estrutura em camadas com fluxo cont\u00ednuo de \u00e1gua;<\/span><\/span><\/p>\n<\/li>\n<li data-start=\"581\" data-end=\"630\">\n<p data-start=\"583\" data-end=\"630\"><span dir=\"auto\" style=\"vertical-align: inherit\"><span dir=\"auto\" style=\"vertical-align: inherit\">Acabamento texturizado com apar\u00eancia natural;<\/span><\/span><\/p>\n<\/li>\n<li data-start=\"631\" data-end=\"691\">\n<p data-start=\"633\" data-end=\"691\"><span dir=\"auto\" style=\"vertical-align: inherit\"><span dir=\"auto\" style=\"vertical-align: inherit\">Ideal para decora\u00e7\u00e3o de interiores ou varandas cobertas;<\/span><\/span><\/p>\n<\/li>\n<li data-start=\"692\" data-end=\"736\">\n<p data-start=\"694\" data-end=\"736\"><span dir=\"auto\" style=\"vertical-align: inherit\"><span dir=\"auto\" style=\"vertical-align: inherit\">Pode ser personalizado em cor e tamanho.<\/span><\/span><\/p>\n<\/li>\n<\/ul>\n<p data-start=\"738\" data-end=\"860\">\ud83d\udee0\ufe0f<span dir=\"auto\" style=\"vertical-align: inherit\"><span dir=\"auto\" style=\"vertical-align: inherit\">Produzida com <\/span><\/span><strong data-start=\"756\" data-end=\"790\"><span dir=\"auto\" style=\"vertical-align: inherit\"><span dir=\"auto\" style=\"vertical-align: inherit\">impress\u00e3o 3D de alta qualidade<\/span><\/span><\/strong><span dir=\"auto\" style=\"vertical-align: inherit\"><span dir=\"auto\" style=\"vertical-align: inherit\"> , garantindo resist\u00eancia, leveza e excelente defini\u00e7\u00e3o dos detalhes.<\/span><\/span><\/p>\n<p data-start=\"738\" data-end=\"860\"><span dir=\"auto\" style=\"vertical-align: inherit\"><span dir=\"auto\" style=\"vertical-align: inherit\">ATEN\u00c7\u00c3O AP\u00d3S COMPRA NECESS\u00c1RIA 2 DIAS PARA FABRICA\u00c7\u00c3O!<\/span><\/span><\/p>\n<p data-start=\"738\" data-end=\"860\"><span dir=\"auto\" style=\"vertical-align: inherit\"><span dir=\"auto\" style=\"vertical-align: inherit\">https:\/\/static.stlflix.com\/Serenity_Falls_Tabletop_Fountain_7619141c48.webm<\/span><\/span><\/p>\n","protected":false},"excerpt":{"rendered":"<p>\ud83c\udfe1 Fonte Decorativa de Parede \u2013 Estilo Cl\u00e1ssico R\u00fastico Adicione um toque de moda e serenidade ao seu ambiente com essa linda fonte decorativa de parede. Seu design cl\u00e1ssico com curvas suaves e acabamento r\u00fastico cria uma sensa\u00e7\u00e3o de ref\u00fagio tranquilo , ideal para varandas, halls de entrada, salas e \u00e1reas externas cobertas. \u2728 Caracter\u00edsticas [&hellip;]<\/p>\n","protected":false},"featured_media":320813,"comment_status":"open","ping_status":"closed","template":"","meta":[],"product_brand":[],"product_cat":[15],"product_tag":[6099],"class_list":{"0":"post-455042","1":"product","2":"type-product","3":"status-publish","4":"has-post-thumbnail","6":"product_cat-uncategorized","7":"product_tag-fontes","9":"first","10":"instock","11":"sale","12":"purchasable","13":"product-type-simple"},"yoast_head":"<!-- This site is optimized with the Yoast SEO plugin v25.1 - https:\/\/yoast.com\/wordpress\/plugins\/seo\/ -->\n<title>Fonte de mesa Serenity Falls - MyStore - By STLFLIX<\/title>\n<meta name=\"robots\" content=\"index, follow, max-snippet:-1, max-image-preview:large, max-video-preview:-1\" \/>\n<link rel=\"canonical\" href=\"https:\/\/my.stlflix.com\/fr\/product\/serenity-falls-tabletop-fountain-68f6dbadaeb25\/\" \/>\n<meta property=\"og:locale\" content=\"fr_FR\" \/>\n<meta property=\"og:type\" content=\"article\" \/>\n<meta property=\"og:title\" content=\"Fonte de mesa Serenity Falls - MyStore - By STLFLIX\" \/>\n<meta property=\"og:description\" content=\"\ud83c\udfe1 Fonte Decorativa de Parede \u2013 Estilo Cl\u00e1ssico R\u00fastico Adicione um toque de moda e serenidade ao seu ambiente com essa linda fonte decorativa de parede. Seu design cl\u00e1ssico com curvas suaves e acabamento r\u00fastico cria uma sensa\u00e7\u00e3o de ref\u00fagio tranquilo , ideal para varandas, halls de entrada, salas e \u00e1reas externas cobertas. \u2728 Caracter\u00edsticas [&hellip;]\" \/>\n<meta property=\"og:url\" content=\"https:\/\/my.stlflix.com\/fr\/product\/serenity-falls-tabletop-fountain-68f6dbadaeb25\/\" \/>\n<meta property=\"og:site_name\" content=\"MyStore - By STLFLIX\" \/>\n<meta property=\"article:publisher\" content=\"https:\/\/www.facebook.com\/STLFLIX\" \/>\n<meta property=\"article:modified_time\" content=\"2025-10-30T17:07:28+00:00\" \/>\n<meta property=\"og:image\" content=\"https:\/\/my.stlflix.com\/wp-content\/uploads\/2025\/04\/Serenity_Falls_Tabletop_Fountain_thumb_f9e84be69a.jpg\" \/>\n\t<meta property=\"og:image:width\" content=\"1080\" \/>\n\t<meta property=\"og:image:height\" content=\"1350\" \/>\n\t<meta property=\"og:image:type\" content=\"image\/jpeg\" \/>\n<meta name=\"twitter:card\" content=\"summary_large_image\" \/>\n<meta name=\"twitter:label1\" content=\"Est. reading time\" \/>\n\t<meta name=\"twitter:data1\" content=\"1 minute\" \/>\n<script type=\"application\/ld+json\" class=\"yoast-schema-graph\">{\"@context\":\"https:\/\/schema.org\",\"@graph\":[{\"@type\":\"WebPage\",\"@id\":\"https:\/\/my.stlflix.com\/fr\/product\/serenity-falls-tabletop-fountain-68f6dbadaeb25\/\",\"url\":\"https:\/\/my.stlflix.com\/fr\/product\/serenity-falls-tabletop-fountain-68f6dbadaeb25\/\",\"name\":\"Fonte de mesa Serenity Falls - MyStore - By STLFLIX\",\"isPartOf\":{\"@id\":\"https:\/\/my.stlflix.com\/fr\/#website\"},\"primaryImageOfPage\":{\"@id\":\"https:\/\/my.stlflix.com\/fr\/product\/serenity-falls-tabletop-fountain-68f6dbadaeb25\/#primaryimage\"},\"image\":{\"@id\":\"https:\/\/my.stlflix.com\/fr\/product\/serenity-falls-tabletop-fountain-68f6dbadaeb25\/#primaryimage\"},\"thumbnailUrl\":\"https:\/\/my.stlflix.com\/wp-content\/uploads\/2025\/04\/Serenity_Falls_Tabletop_Fountain_thumb_f9e84be69a.jpg\",\"datePublished\":\"2025-10-21T23:50:09+00:00\",\"dateModified\":\"2025-10-30T17:07:28+00:00\",\"breadcrumb\":{\"@id\":\"https:\/\/my.stlflix.com\/fr\/product\/serenity-falls-tabletop-fountain-68f6dbadaeb25\/#breadcrumb\"},\"inLanguage\":\"fr-FR\",\"potentialAction\":[{\"@type\":\"ReadAction\",\"target\":[\"https:\/\/my.stlflix.com\/fr\/product\/serenity-falls-tabletop-fountain-68f6dbadaeb25\/\"]}]},{\"@type\":\"ImageObject\",\"inLanguage\":\"fr-FR\",\"@id\":\"https:\/\/my.stlflix.com\/fr\/product\/serenity-falls-tabletop-fountain-68f6dbadaeb25\/#primaryimage\",\"url\":\"https:\/\/my.stlflix.com\/wp-content\/uploads\/2025\/04\/Serenity_Falls_Tabletop_Fountain_thumb_f9e84be69a.jpg\",\"contentUrl\":\"https:\/\/my.stlflix.com\/wp-content\/uploads\/2025\/04\/Serenity_Falls_Tabletop_Fountain_thumb_f9e84be69a.jpg\",\"width\":1080,\"height\":1350},{\"@type\":\"BreadcrumbList\",\"@id\":\"https:\/\/my.stlflix.com\/fr\/product\/serenity-falls-tabletop-fountain-68f6dbadaeb25\/#breadcrumb\",\"itemListElement\":[{\"@type\":\"ListItem\",\"position\":1,\"name\":\"Home\",\"item\":\"https:\/\/my.stlflix.com\/\"},{\"@type\":\"ListItem\",\"position\":2,\"name\":\"Products\",\"item\":\"https:\/\/www.stlflix-store.com\/shop\/\"},{\"@type\":\"ListItem\",\"position\":3,\"name\":\"Fonte de mesa Serenity Falls\"}]},{\"@type\":\"WebSite\",\"@id\":\"https:\/\/my.stlflix.com\/fr\/#website\",\"url\":\"https:\/\/my.stlflix.com\/fr\/\",\"name\":\"MyStore - By STLFLIX\",\"description\":\"\",\"publisher\":{\"@id\":\"https:\/\/my.stlflix.com\/fr\/#organization\"},\"potentialAction\":[{\"@type\":\"SearchAction\",\"target\":{\"@type\":\"EntryPoint\",\"urlTemplate\":\"https:\/\/my.stlflix.com\/fr\/?s={search_term_string}\"},\"query-input\":{\"@type\":\"PropertyValueSpecification\",\"valueRequired\":true,\"valueName\":\"search_term_string\"}}],\"inLanguage\":\"fr-FR\"},{\"@type\":\"Organization\",\"@id\":\"https:\/\/my.stlflix.com\/fr\/#organization\",\"name\":\"MyStore - By STLFLIX\",\"url\":\"https:\/\/my.stlflix.com\/fr\/\",\"logo\":{\"@type\":\"ImageObject\",\"inLanguage\":\"fr-FR\",\"@id\":\"https:\/\/my.stlflix.com\/fr\/#\/schema\/logo\/image\/\",\"url\":\"https:\/\/my.stlflix.com\/wp-content\/uploads\/2024\/06\/logo-mystore.png\",\"contentUrl\":\"https:\/\/my.stlflix.com\/wp-content\/uploads\/2024\/06\/logo-mystore.png\",\"width\":150,\"height\":41,\"caption\":\"MyStore - By STLFLIX\"},\"image\":{\"@id\":\"https:\/\/my.stlflix.com\/fr\/#\/schema\/logo\/image\/\"},\"sameAs\":[\"https:\/\/www.facebook.com\/STLFLIX\",\"https:\/\/www.instagram.com\/stlflix_\/\",\"https:\/\/www.tiktok.com\/@stlflix\"]}]}<\/script>\n<!-- \/ Yoast SEO plugin. -->","yoast_head_json":{"title":"Fonte de mesa Serenity Falls - MyStore - By STLFLIX","robots":{"index":"index","follow":"follow","max-snippet":"max-snippet:-1","max-image-preview":"max-image-preview:large","max-video-preview":"max-video-preview:-1"},"canonical":"https:\/\/my.stlflix.com\/fr\/product\/serenity-falls-tabletop-fountain-68f6dbadaeb25\/","og_locale":"fr_FR","og_type":"article","og_title":"Fonte de mesa Serenity Falls - MyStore - By STLFLIX","og_description":"\ud83c\udfe1 Fonte Decorativa de Parede \u2013 Estilo Cl\u00e1ssico R\u00fastico Adicione um toque de moda e serenidade ao seu ambiente com essa linda fonte decorativa de parede. Seu design cl\u00e1ssico com curvas suaves e acabamento r\u00fastico cria uma sensa\u00e7\u00e3o de ref\u00fagio tranquilo , ideal para varandas, halls de entrada, salas e \u00e1reas externas cobertas. \u2728 Caracter\u00edsticas [&hellip;]","og_url":"https:\/\/my.stlflix.com\/fr\/product\/serenity-falls-tabletop-fountain-68f6dbadaeb25\/","og_site_name":"MyStore - By STLFLIX","article_publisher":"https:\/\/www.facebook.com\/STLFLIX","article_modified_time":"2025-10-30T17:07:28+00:00","og_image":[{"width":1080,"height":1350,"url":"https:\/\/my.stlflix.com\/wp-content\/uploads\/2025\/04\/Serenity_Falls_Tabletop_Fountain_thumb_f9e84be69a.jpg","type":"image\/jpeg"}],"twitter_card":"summary_large_image","twitter_misc":{"Est. reading time":"1 minute"},"schema":{"@context":"https:\/\/schema.org","@graph":[{"@type":"WebPage","@id":"https:\/\/my.stlflix.com\/fr\/product\/serenity-falls-tabletop-fountain-68f6dbadaeb25\/","url":"https:\/\/my.stlflix.com\/fr\/product\/serenity-falls-tabletop-fountain-68f6dbadaeb25\/","name":"Fonte de mesa Serenity Falls - MyStore - By STLFLIX","isPartOf":{"@id":"https:\/\/my.stlflix.com\/fr\/#website"},"primaryImageOfPage":{"@id":"https:\/\/my.stlflix.com\/fr\/product\/serenity-falls-tabletop-fountain-68f6dbadaeb25\/#primaryimage"},"image":{"@id":"https:\/\/my.stlflix.com\/fr\/product\/serenity-falls-tabletop-fountain-68f6dbadaeb25\/#primaryimage"},"thumbnailUrl":"https:\/\/my.stlflix.com\/wp-content\/uploads\/2025\/04\/Serenity_Falls_Tabletop_Fountain_thumb_f9e84be69a.jpg","datePublished":"2025-10-21T23:50:09+00:00","dateModified":"2025-10-30T17:07:28+00:00","breadcrumb":{"@id":"https:\/\/my.stlflix.com\/fr\/product\/serenity-falls-tabletop-fountain-68f6dbadaeb25\/#breadcrumb"},"inLanguage":"fr-FR","potentialAction":[{"@type":"ReadAction","target":["https:\/\/my.stlflix.com\/fr\/product\/serenity-falls-tabletop-fountain-68f6dbadaeb25\/"]}]},{"@type":"ImageObject","inLanguage":"fr-FR","@id":"https:\/\/my.stlflix.com\/fr\/product\/serenity-falls-tabletop-fountain-68f6dbadaeb25\/#primaryimage","url":"https:\/\/my.stlflix.com\/wp-content\/uploads\/2025\/04\/Serenity_Falls_Tabletop_Fountain_thumb_f9e84be69a.jpg","contentUrl":"https:\/\/my.stlflix.com\/wp-content\/uploads\/2025\/04\/Serenity_Falls_Tabletop_Fountain_thumb_f9e84be69a.jpg","width":1080,"height":1350},{"@type":"BreadcrumbList","@id":"https:\/\/my.stlflix.com\/fr\/product\/serenity-falls-tabletop-fountain-68f6dbadaeb25\/#breadcrumb","itemListElement":[{"@type":"ListItem","position":1,"name":"Home","item":"https:\/\/my.stlflix.com\/"},{"@type":"ListItem","position":2,"name":"Products","item":"https:\/\/www.stlflix-store.com\/shop\/"},{"@type":"ListItem","position":3,"name":"Fonte de mesa Serenity Falls"}]},{"@type":"WebSite","@id":"https:\/\/my.stlflix.com\/fr\/#website","url":"https:\/\/my.stlflix.com\/fr\/","name":"MyStore - By STLFLIX","description":"","publisher":{"@id":"https:\/\/my.stlflix.com\/fr\/#organization"},"potentialAction":[{"@type":"SearchAction","target":{"@type":"EntryPoint","urlTemplate":"https:\/\/my.stlflix.com\/fr\/?s={search_term_string}"},"query-input":{"@type":"PropertyValueSpecification","valueRequired":true,"valueName":"search_term_string"}}],"inLanguage":"fr-FR"},{"@type":"Organization","@id":"https:\/\/my.stlflix.com\/fr\/#organization","name":"MyStore - By STLFLIX","url":"https:\/\/my.stlflix.com\/fr\/","logo":{"@type":"ImageObject","inLanguage":"fr-FR","@id":"https:\/\/my.stlflix.com\/fr\/#\/schema\/logo\/image\/","url":"https:\/\/my.stlflix.com\/wp-content\/uploads\/2024\/06\/logo-mystore.png","contentUrl":"https:\/\/my.stlflix.com\/wp-content\/uploads\/2024\/06\/logo-mystore.png","width":150,"height":41,"caption":"MyStore - By STLFLIX"},"image":{"@id":"https:\/\/my.stlflix.com\/fr\/#\/schema\/logo\/image\/"},"sameAs":["https:\/\/www.facebook.com\/STLFLIX","https:\/\/www.instagram.com\/stlflix_\/","https:\/\/www.tiktok.com\/@stlflix"]}]}},"_links":{"self":[{"href":"https:\/\/my.stlflix.com\/fr\/wp-json\/wp\/v2\/product\/455042","targetHints":{"allow":["GET"]}}],"collection":[{"href":"https:\/\/my.stlflix.com\/fr\/wp-json\/wp\/v2\/product"}],"about":[{"href":"https:\/\/my.stlflix.com\/fr\/wp-json\/wp\/v2\/types\/product"}],"replies":[{"embeddable":true,"href":"https:\/\/my.stlflix.com\/fr\/wp-json\/wp\/v2\/comments?post=455042"}],"wp:featuredmedia":[{"embeddable":true,"href":"https:\/\/my.stlflix.com\/fr\/wp-json\/wp\/v2\/media\/320813"}],"wp:attachment":[{"href":"https:\/\/my.stlflix.com\/fr\/wp-json\/wp\/v2\/media?parent=455042"}],"wp:term":[{"taxonomy":"product_brand","embeddable":true,"href":"https:\/\/my.stlflix.com\/fr\/wp-json\/wp\/v2\/product_brand?post=455042"},{"taxonomy":"product_cat","embeddable":true,"href":"https:\/\/my.stlflix.com\/fr\/wp-json\/wp\/v2\/product_cat?post=455042"},{"taxonomy":"product_tag","embeddable":true,"href":"https:\/\/my.stlflix.com\/fr\/wp-json\/wp\/v2\/product_tag?post=455042"}],"curies":[{"name":"wp","href":"https:\/\/api.w.org\/{rel}","templated":true}]}}