{"id":455046,"date":"2025-10-21T17:16:46","date_gmt":"2025-10-21T17:16:46","guid":{"rendered":"https:\/\/my.stlflix.com\/?post_type=product&#038;p=455046"},"modified":"2025-11-08T01:56:08","modified_gmt":"2025-11-08T01:56:08","slug":"quiet-principle-tabletop-fountain-68f6dbc0d1427","status":"publish","type":"product","link":"https:\/\/my.stlflix.com\/fr\/product\/quiet-principle-tabletop-fountain-68f6dbc0d1427\/","title":{"rendered":"Fonte de mesa Quiet Principle"},"content":{"rendered":"<p data-start=\"112\" data-end=\"173\"><span dir=\"auto\" style=\"vertical-align: inherit\"><span dir=\"auto\" style=\"vertical-align: inherit\">\ud83e\udeb4 <\/span><\/span><strong data-start=\"115\" data-end=\"171\"><span dir=\"auto\" style=\"vertical-align: inherit\"><span dir=\"auto\" style=\"vertical-align: inherit\"><span dir=\"auto\" style=\"vertical-align: inherit\"><span dir=\"auto\" style=\"vertical-align: inherit\">Fonte Decorativa em Camadas \u2013 Modelo Cascata Moderna<\/span><\/span><\/span><\/span><\/strong><\/p>\n<p data-start=\"175\" data-end=\"464\"><span dir=\"auto\" style=\"vertical-align: inherit\"><span dir=\"auto\" style=\"vertical-align: inherit\"><span dir=\"auto\" style=\"vertical-align: inherit\"><span dir=\"auto\" style=\"vertical-align: inherit\">Transforme qualquer ambiente em um espa\u00e7o mais <\/span><\/span><\/span><\/span><strong data-start=\"222\" data-end=\"246\"><span dir=\"auto\" style=\"vertical-align: inherit\"><span dir=\"auto\" style=\"vertical-align: inherit\"><span dir=\"auto\" style=\"vertical-align: inherit\"><span dir=\"auto\" style=\"vertical-align: inherit\">tranquilo e elegante<\/span><\/span><\/span><\/span><\/strong><span dir=\"auto\" style=\"vertical-align: inherit\"><span dir=\"auto\" style=\"vertical-align: inherit\"><span dir=\"auto\" style=\"vertical-align: inherit\"><span dir=\"auto\" style=\"vertical-align: inherit\"> com esta linda fonte decorativa. O design em <\/span><\/span><\/span><\/span><strong data-start=\"292\" data-end=\"313\"><span dir=\"auto\" style=\"vertical-align: inherit\"><span dir=\"auto\" style=\"vertical-align: inherit\"><span dir=\"auto\" style=\"vertical-align: inherit\"><span dir=\"auto\" style=\"vertical-align: inherit\">camadas verticais<\/span><\/span><\/span><\/span><\/strong><span dir=\"auto\" style=\"vertical-align: inherit\"><span dir=\"auto\" style=\"vertical-align: inherit\"><span dir=\"auto\" style=\"vertical-align: inherit\"><span dir=\"auto\" style=\"vertical-align: inherit\"> cria um fluxo cont\u00ednuo de \u00e1gua que transmite <\/span><\/span><\/span><\/span><strong data-start=\"359\" data-end=\"389\"><span dir=\"auto\" style=\"vertical-align: inherit\"><span dir=\"auto\" style=\"vertical-align: inherit\"><span dir=\"auto\" style=\"vertical-align: inherit\"><span dir=\"auto\" style=\"vertical-align: inherit\">sensa\u00e7\u00e3o de paz e harmonia<\/span><\/span><\/span><\/span><\/strong><span dir=\"auto\" style=\"vertical-align: inherit\"><span dir=\"auto\" style=\"vertical-align: inherit\"><span dir=\"auto\" style=\"vertical-align: inherit\"><span dir=\"auto\" style=\"vertical-align: inherit\"> , perfeito para casas, escrit\u00f3rios, recep\u00e7\u00f5es ou \u00e1reas externas cobertas.<\/span><\/span><\/span><\/span><\/p>\n<p data-start=\"466\" data-end=\"501\"><span dir=\"auto\" style=\"vertical-align: inherit\"><span dir=\"auto\" style=\"vertical-align: inherit\">\u2728 <\/span><\/span><strong data-start=\"468\" data-end=\"499\"><span dir=\"auto\" style=\"vertical-align: inherit\"><span dir=\"auto\" style=\"vertical-align: inherit\"><span dir=\"auto\" style=\"vertical-align: inherit\"><span dir=\"auto\" style=\"vertical-align: inherit\">Caracter\u00edsticas do produto:<\/span><\/span><\/span><\/span><\/strong><\/p>\n<ul data-start=\"502\" data-end=\"747\">\n<li data-start=\"502\" data-end=\"552\">\n<p data-start=\"504\" data-end=\"552\"><span dir=\"auto\" style=\"vertical-align: inherit\"><span dir=\"auto\" style=\"vertical-align: inherit\"><span dir=\"auto\" style=\"vertical-align: inherit\"><span dir=\"auto\" style=\"vertical-align: inherit\">Design moderno em estilo cascata com 4 n\u00edveis;<\/span><\/span><\/span><\/span><\/p>\n<\/li>\n<li data-start=\"553\" data-end=\"590\">\n<p data-start=\"555\" data-end=\"590\"><span dir=\"auto\" style=\"vertical-align: inherit\"><span dir=\"auto\" style=\"vertical-align: inherit\"><span dir=\"auto\" style=\"vertical-align: inherit\"><span dir=\"auto\" style=\"vertical-align: inherit\">Efeito visual e sonoro relaxante;<\/span><\/span><\/span><\/span><\/p>\n<\/li>\n<li data-start=\"591\" data-end=\"638\">\n<p data-start=\"593\" data-end=\"638\"><span dir=\"auto\" style=\"vertical-align: inherit\"><span dir=\"auto\" style=\"vertical-align: inherit\"><span dir=\"auto\" style=\"vertical-align: inherit\"><span dir=\"auto\" style=\"vertical-align: inherit\">Base resistente com acabamento texturizado;<\/span><\/span><\/span><\/span><\/p>\n<\/li>\n<li data-start=\"639\" data-end=\"678\">\n<p data-start=\"641\" data-end=\"678\"><span dir=\"auto\" style=\"vertical-align: inherit\"><span dir=\"auto\" style=\"vertical-align: inherit\"><span dir=\"auto\" style=\"vertical-align: inherit\"><span dir=\"auto\" style=\"vertical-align: inherit\">Ideal para decora\u00e7\u00e3o de interiores;<\/span><\/span><\/span><\/span><\/p>\n<\/li>\n<li data-start=\"679\" data-end=\"747\">\n<p data-start=\"681\" data-end=\"747\"><span dir=\"auto\" style=\"vertical-align: inherit\"><span dir=\"auto\" style=\"vertical-align: inherit\"><span dir=\"auto\" style=\"vertical-align: inherit\"><span dir=\"auto\" style=\"vertical-align: inherit\">Possibilidade de personaliza\u00e7\u00e3o (cor e tamanho) mediante pedido.<\/span><\/span><\/span><\/span><\/p>\n<\/li>\n<\/ul>\n<p data-start=\"749\" data-end=\"852\"><span dir=\"auto\" style=\"vertical-align: inherit\"><span dir=\"auto\" style=\"vertical-align: inherit\">\ud83d\udee0\ufe0f <\/span><\/span><strong data-start=\"753\" data-end=\"801\"><span dir=\"auto\" style=\"vertical-align: inherit\"><span dir=\"auto\" style=\"vertical-align: inherit\"><span dir=\"auto\" style=\"vertical-align: inherit\"><span dir=\"auto\" style=\"vertical-align: inherit\">Produzido com impress\u00e3o 3D de alta qualidade<\/span><\/span><\/span><\/span><\/strong><span dir=\"auto\" style=\"vertical-align: inherit\"><span dir=\"auto\" style=\"vertical-align: inherit\"><span dir=\"auto\" style=\"vertical-align: inherit\"><span dir=\"auto\" style=\"vertical-align: inherit\"> , garantindo garantia e acabamento impec\u00e1vel.<\/span><\/span><\/span><\/span><\/p>\n<p><span dir=\"auto\" style=\"vertical-align: inherit\"><span dir=\"auto\" style=\"vertical-align: inherit\"><span dir=\"auto\" style=\"vertical-align: inherit\"><span dir=\"auto\" style=\"vertical-align: inherit\">ATEN\u00c7\u00c3O AP\u00d3S COMPRA NECESS\u00c1RIA 2 DIAS PARA FABRICA\u00c7\u00c3O!<\/span><\/span><\/span><\/span><\/p>\n<div style=\"width: 640px;\" class=\"wp-video\"><video class=\"wp-video-shortcode\" id=\"video-455046-1\" width=\"640\" height=\"360\" preload=\"metadata\" controls=\"controls\"><source type=\"video\/webm\" src=\"https:\/\/static.stlflix.com\/Quiet_Principle_Tabletop_Fountain_bf2b0401a8.webm?_=1\" \/><a href=\"https:\/\/static.stlflix.com\/Quiet_Principle_Tabletop_Fountain_bf2b0401a8.webm\">https:\/\/static.stlflix.com\/Quiet_Principle_Tabletop_Fountain_bf2b0401a8.webm<\/a><\/video><\/div>\n","protected":false},"excerpt":{"rendered":"<p>\ud83e\udeb4 Fonte Decorativa em Camadas \u2013 Modelo Cascata Moderna Transforme qualquer ambiente em um espa\u00e7o mais tranquilo e elegante com esta linda fonte decorativa. O design em camadas verticais cria um fluxo cont\u00ednuo de \u00e1gua que transmite sensa\u00e7\u00e3o de paz e harmonia , perfeito para casas, escrit\u00f3rios, recep\u00e7\u00f5es ou \u00e1reas externas cobertas. \u2728 Caracter\u00edsticas do [&hellip;]<\/p>\n","protected":false},"featured_media":321001,"comment_status":"open","ping_status":"closed","template":"","meta":[],"product_brand":[],"product_cat":[15],"product_tag":[6099],"class_list":{"0":"post-455046","1":"product","2":"type-product","3":"status-publish","4":"has-post-thumbnail","6":"product_cat-uncategorized","7":"product_tag-fontes","9":"first","10":"instock","11":"sale","12":"purchasable","13":"product-type-simple"},"yoast_head":"<!-- This site is optimized with the Yoast SEO plugin v25.1 - https:\/\/yoast.com\/wordpress\/plugins\/seo\/ -->\n<title>Fonte de mesa Quiet Principle - MyStore - By STLFLIX<\/title>\n<meta name=\"robots\" content=\"index, follow, max-snippet:-1, max-image-preview:large, max-video-preview:-1\" \/>\n<link rel=\"canonical\" href=\"https:\/\/my.stlflix.com\/fr\/product\/quiet-principle-tabletop-fountain-68f6dbc0d1427\/\" \/>\n<meta property=\"og:locale\" content=\"fr_FR\" \/>\n<meta property=\"og:type\" content=\"article\" \/>\n<meta property=\"og:title\" content=\"Fonte de mesa Quiet Principle - MyStore - By STLFLIX\" \/>\n<meta property=\"og:description\" content=\"\ud83e\udeb4 Fonte Decorativa em Camadas \u2013 Modelo Cascata Moderna Transforme qualquer ambiente em um espa\u00e7o mais tranquilo e elegante com esta linda fonte decorativa. O design em camadas verticais cria um fluxo cont\u00ednuo de \u00e1gua que transmite sensa\u00e7\u00e3o de paz e harmonia , perfeito para casas, escrit\u00f3rios, recep\u00e7\u00f5es ou \u00e1reas externas cobertas. \u2728 Caracter\u00edsticas do [&hellip;]\" \/>\n<meta property=\"og:url\" content=\"https:\/\/my.stlflix.com\/fr\/product\/quiet-principle-tabletop-fountain-68f6dbc0d1427\/\" \/>\n<meta property=\"og:site_name\" content=\"MyStore - By STLFLIX\" \/>\n<meta property=\"article:publisher\" content=\"https:\/\/www.facebook.com\/STLFLIX\" \/>\n<meta property=\"article:modified_time\" content=\"2025-11-08T01:56:08+00:00\" \/>\n<meta property=\"og:image\" content=\"https:\/\/my.stlflix.com\/wp-content\/uploads\/2025\/04\/Quiet_Principle_Tabletop_Fountain_thumb_482be16476.jpg\" \/>\n\t<meta property=\"og:image:width\" content=\"1080\" \/>\n\t<meta property=\"og:image:height\" content=\"1350\" \/>\n\t<meta property=\"og:image:type\" content=\"image\/jpeg\" \/>\n<meta name=\"twitter:card\" content=\"summary_large_image\" \/>\n<meta name=\"twitter:label1\" content=\"Est. reading time\" \/>\n\t<meta name=\"twitter:data1\" content=\"1 minute\" \/>\n<script type=\"application\/ld+json\" class=\"yoast-schema-graph\">{\"@context\":\"https:\/\/schema.org\",\"@graph\":[{\"@type\":\"WebPage\",\"@id\":\"https:\/\/my.stlflix.com\/fr\/product\/quiet-principle-tabletop-fountain-68f6dbc0d1427\/\",\"url\":\"https:\/\/my.stlflix.com\/fr\/product\/quiet-principle-tabletop-fountain-68f6dbc0d1427\/\",\"name\":\"Fonte de mesa Quiet Principle - MyStore - By STLFLIX\",\"isPartOf\":{\"@id\":\"https:\/\/my.stlflix.com\/fr\/#website\"},\"primaryImageOfPage\":{\"@id\":\"https:\/\/my.stlflix.com\/fr\/product\/quiet-principle-tabletop-fountain-68f6dbc0d1427\/#primaryimage\"},\"image\":{\"@id\":\"https:\/\/my.stlflix.com\/fr\/product\/quiet-principle-tabletop-fountain-68f6dbc0d1427\/#primaryimage\"},\"thumbnailUrl\":\"https:\/\/my.stlflix.com\/wp-content\/uploads\/2025\/04\/Quiet_Principle_Tabletop_Fountain_thumb_482be16476.jpg\",\"datePublished\":\"2025-10-21T17:16:46+00:00\",\"dateModified\":\"2025-11-08T01:56:08+00:00\",\"breadcrumb\":{\"@id\":\"https:\/\/my.stlflix.com\/fr\/product\/quiet-principle-tabletop-fountain-68f6dbc0d1427\/#breadcrumb\"},\"inLanguage\":\"fr-FR\",\"potentialAction\":[{\"@type\":\"ReadAction\",\"target\":[\"https:\/\/my.stlflix.com\/fr\/product\/quiet-principle-tabletop-fountain-68f6dbc0d1427\/\"]}]},{\"@type\":\"ImageObject\",\"inLanguage\":\"fr-FR\",\"@id\":\"https:\/\/my.stlflix.com\/fr\/product\/quiet-principle-tabletop-fountain-68f6dbc0d1427\/#primaryimage\",\"url\":\"https:\/\/my.stlflix.com\/wp-content\/uploads\/2025\/04\/Quiet_Principle_Tabletop_Fountain_thumb_482be16476.jpg\",\"contentUrl\":\"https:\/\/my.stlflix.com\/wp-content\/uploads\/2025\/04\/Quiet_Principle_Tabletop_Fountain_thumb_482be16476.jpg\",\"width\":1080,\"height\":1350},{\"@type\":\"BreadcrumbList\",\"@id\":\"https:\/\/my.stlflix.com\/fr\/product\/quiet-principle-tabletop-fountain-68f6dbc0d1427\/#breadcrumb\",\"itemListElement\":[{\"@type\":\"ListItem\",\"position\":1,\"name\":\"Home\",\"item\":\"https:\/\/my.stlflix.com\/\"},{\"@type\":\"ListItem\",\"position\":2,\"name\":\"Products\",\"item\":\"https:\/\/www.stlflix-store.com\/shop\/\"},{\"@type\":\"ListItem\",\"position\":3,\"name\":\"Fonte de mesa Quiet Principle\"}]},{\"@type\":\"WebSite\",\"@id\":\"https:\/\/my.stlflix.com\/fr\/#website\",\"url\":\"https:\/\/my.stlflix.com\/fr\/\",\"name\":\"MyStore - By STLFLIX\",\"description\":\"\",\"publisher\":{\"@id\":\"https:\/\/my.stlflix.com\/fr\/#organization\"},\"potentialAction\":[{\"@type\":\"SearchAction\",\"target\":{\"@type\":\"EntryPoint\",\"urlTemplate\":\"https:\/\/my.stlflix.com\/fr\/?s={search_term_string}\"},\"query-input\":{\"@type\":\"PropertyValueSpecification\",\"valueRequired\":true,\"valueName\":\"search_term_string\"}}],\"inLanguage\":\"fr-FR\"},{\"@type\":\"Organization\",\"@id\":\"https:\/\/my.stlflix.com\/fr\/#organization\",\"name\":\"MyStore - By STLFLIX\",\"url\":\"https:\/\/my.stlflix.com\/fr\/\",\"logo\":{\"@type\":\"ImageObject\",\"inLanguage\":\"fr-FR\",\"@id\":\"https:\/\/my.stlflix.com\/fr\/#\/schema\/logo\/image\/\",\"url\":\"https:\/\/my.stlflix.com\/wp-content\/uploads\/2024\/06\/logo-mystore.png\",\"contentUrl\":\"https:\/\/my.stlflix.com\/wp-content\/uploads\/2024\/06\/logo-mystore.png\",\"width\":150,\"height\":41,\"caption\":\"MyStore - By STLFLIX\"},\"image\":{\"@id\":\"https:\/\/my.stlflix.com\/fr\/#\/schema\/logo\/image\/\"},\"sameAs\":[\"https:\/\/www.facebook.com\/STLFLIX\",\"https:\/\/www.instagram.com\/stlflix_\/\",\"https:\/\/www.tiktok.com\/@stlflix\"]}]}<\/script>\n<!-- \/ Yoast SEO plugin. -->","yoast_head_json":{"title":"Fonte de mesa Quiet Principle - MyStore - By STLFLIX","robots":{"index":"index","follow":"follow","max-snippet":"max-snippet:-1","max-image-preview":"max-image-preview:large","max-video-preview":"max-video-preview:-1"},"canonical":"https:\/\/my.stlflix.com\/fr\/product\/quiet-principle-tabletop-fountain-68f6dbc0d1427\/","og_locale":"fr_FR","og_type":"article","og_title":"Fonte de mesa Quiet Principle - MyStore - By STLFLIX","og_description":"\ud83e\udeb4 Fonte Decorativa em Camadas \u2013 Modelo Cascata Moderna Transforme qualquer ambiente em um espa\u00e7o mais tranquilo e elegante com esta linda fonte decorativa. O design em camadas verticais cria um fluxo cont\u00ednuo de \u00e1gua que transmite sensa\u00e7\u00e3o de paz e harmonia , perfeito para casas, escrit\u00f3rios, recep\u00e7\u00f5es ou \u00e1reas externas cobertas. \u2728 Caracter\u00edsticas do [&hellip;]","og_url":"https:\/\/my.stlflix.com\/fr\/product\/quiet-principle-tabletop-fountain-68f6dbc0d1427\/","og_site_name":"MyStore - By STLFLIX","article_publisher":"https:\/\/www.facebook.com\/STLFLIX","article_modified_time":"2025-11-08T01:56:08+00:00","og_image":[{"width":1080,"height":1350,"url":"https:\/\/my.stlflix.com\/wp-content\/uploads\/2025\/04\/Quiet_Principle_Tabletop_Fountain_thumb_482be16476.jpg","type":"image\/jpeg"}],"twitter_card":"summary_large_image","twitter_misc":{"Est. reading time":"1 minute"},"schema":{"@context":"https:\/\/schema.org","@graph":[{"@type":"WebPage","@id":"https:\/\/my.stlflix.com\/fr\/product\/quiet-principle-tabletop-fountain-68f6dbc0d1427\/","url":"https:\/\/my.stlflix.com\/fr\/product\/quiet-principle-tabletop-fountain-68f6dbc0d1427\/","name":"Fonte de mesa Quiet Principle - MyStore - By STLFLIX","isPartOf":{"@id":"https:\/\/my.stlflix.com\/fr\/#website"},"primaryImageOfPage":{"@id":"https:\/\/my.stlflix.com\/fr\/product\/quiet-principle-tabletop-fountain-68f6dbc0d1427\/#primaryimage"},"image":{"@id":"https:\/\/my.stlflix.com\/fr\/product\/quiet-principle-tabletop-fountain-68f6dbc0d1427\/#primaryimage"},"thumbnailUrl":"https:\/\/my.stlflix.com\/wp-content\/uploads\/2025\/04\/Quiet_Principle_Tabletop_Fountain_thumb_482be16476.jpg","datePublished":"2025-10-21T17:16:46+00:00","dateModified":"2025-11-08T01:56:08+00:00","breadcrumb":{"@id":"https:\/\/my.stlflix.com\/fr\/product\/quiet-principle-tabletop-fountain-68f6dbc0d1427\/#breadcrumb"},"inLanguage":"fr-FR","potentialAction":[{"@type":"ReadAction","target":["https:\/\/my.stlflix.com\/fr\/product\/quiet-principle-tabletop-fountain-68f6dbc0d1427\/"]}]},{"@type":"ImageObject","inLanguage":"fr-FR","@id":"https:\/\/my.stlflix.com\/fr\/product\/quiet-principle-tabletop-fountain-68f6dbc0d1427\/#primaryimage","url":"https:\/\/my.stlflix.com\/wp-content\/uploads\/2025\/04\/Quiet_Principle_Tabletop_Fountain_thumb_482be16476.jpg","contentUrl":"https:\/\/my.stlflix.com\/wp-content\/uploads\/2025\/04\/Quiet_Principle_Tabletop_Fountain_thumb_482be16476.jpg","width":1080,"height":1350},{"@type":"BreadcrumbList","@id":"https:\/\/my.stlflix.com\/fr\/product\/quiet-principle-tabletop-fountain-68f6dbc0d1427\/#breadcrumb","itemListElement":[{"@type":"ListItem","position":1,"name":"Home","item":"https:\/\/my.stlflix.com\/"},{"@type":"ListItem","position":2,"name":"Products","item":"https:\/\/www.stlflix-store.com\/shop\/"},{"@type":"ListItem","position":3,"name":"Fonte de mesa Quiet Principle"}]},{"@type":"WebSite","@id":"https:\/\/my.stlflix.com\/fr\/#website","url":"https:\/\/my.stlflix.com\/fr\/","name":"MyStore - By STLFLIX","description":"","publisher":{"@id":"https:\/\/my.stlflix.com\/fr\/#organization"},"potentialAction":[{"@type":"SearchAction","target":{"@type":"EntryPoint","urlTemplate":"https:\/\/my.stlflix.com\/fr\/?s={search_term_string}"},"query-input":{"@type":"PropertyValueSpecification","valueRequired":true,"valueName":"search_term_string"}}],"inLanguage":"fr-FR"},{"@type":"Organization","@id":"https:\/\/my.stlflix.com\/fr\/#organization","name":"MyStore - By STLFLIX","url":"https:\/\/my.stlflix.com\/fr\/","logo":{"@type":"ImageObject","inLanguage":"fr-FR","@id":"https:\/\/my.stlflix.com\/fr\/#\/schema\/logo\/image\/","url":"https:\/\/my.stlflix.com\/wp-content\/uploads\/2024\/06\/logo-mystore.png","contentUrl":"https:\/\/my.stlflix.com\/wp-content\/uploads\/2024\/06\/logo-mystore.png","width":150,"height":41,"caption":"MyStore - By STLFLIX"},"image":{"@id":"https:\/\/my.stlflix.com\/fr\/#\/schema\/logo\/image\/"},"sameAs":["https:\/\/www.facebook.com\/STLFLIX","https:\/\/www.instagram.com\/stlflix_\/","https:\/\/www.tiktok.com\/@stlflix"]}]}},"_links":{"self":[{"href":"https:\/\/my.stlflix.com\/fr\/wp-json\/wp\/v2\/product\/455046","targetHints":{"allow":["GET"]}}],"collection":[{"href":"https:\/\/my.stlflix.com\/fr\/wp-json\/wp\/v2\/product"}],"about":[{"href":"https:\/\/my.stlflix.com\/fr\/wp-json\/wp\/v2\/types\/product"}],"replies":[{"embeddable":true,"href":"https:\/\/my.stlflix.com\/fr\/wp-json\/wp\/v2\/comments?post=455046"}],"wp:featuredmedia":[{"embeddable":true,"href":"https:\/\/my.stlflix.com\/fr\/wp-json\/wp\/v2\/media\/321001"}],"wp:attachment":[{"href":"https:\/\/my.stlflix.com\/fr\/wp-json\/wp\/v2\/media?parent=455046"}],"wp:term":[{"taxonomy":"product_brand","embeddable":true,"href":"https:\/\/my.stlflix.com\/fr\/wp-json\/wp\/v2\/product_brand?post=455046"},{"taxonomy":"product_cat","embeddable":true,"href":"https:\/\/my.stlflix.com\/fr\/wp-json\/wp\/v2\/product_cat?post=455046"},{"taxonomy":"product_tag","embeddable":true,"href":"https:\/\/my.stlflix.com\/fr\/wp-json\/wp\/v2\/product_tag?post=455046"}],"curies":[{"name":"wp","href":"https:\/\/api.w.org\/{rel}","templated":true}]}}