{"id":465892,"date":"2025-11-03T19:02:39","date_gmt":"2025-11-03T19:02:39","guid":{"rendered":"https:\/\/my.stlflix.com\/?post_type=product&#038;p=465892"},"modified":"2025-11-04T13:23:48","modified_gmt":"2025-11-04T13:23:48","slug":"escultura-de-mesa-moto-ducati-panigale","status":"publish","type":"product","link":"https:\/\/my.stlflix.com\/fr\/product\/escultura-de-mesa-moto-ducati-panigale\/","title":{"rendered":"Escultura de Mesa Moto Ducati Panigale"},"content":{"rendered":"<p><span dir=\"auto\" style=\"vertical-align: inherit\"><span dir=\"auto\" style=\"vertical-align: inherit\">Celebre a paix\u00e3o pelo design italiano e a adrenalina das pistas com esta deslumbrante escultura da Ducati Panigale. Uma pe\u00e7a de decora\u00e7\u00e3o que captura a ess\u00eancia e as linhas agressivas de uma das superbikes mais ic\u00f4nicas do mundo. <\/span><\/span><br \/>\n<span dir=\"auto\" style=\"vertical-align: inherit\"><span dir=\"auto\" style=\"vertical-align: inherit\">esta miniatura em estilo wireframe \u00e9 uma verdadeira obra de arte moderna. \u00c9 o item perfeito para dar um toque de sofistica\u00e7\u00e3o e personalidade \u00e0 sua mesa de escrit\u00f3rio, estante, quarto ou garagem.<\/span><\/span><\/p>\n<p><span dir=\"auto\" style=\"vertical-align: inherit\"><span dir=\"auto\" style=\"vertical-align: inherit\">Acabamento Premium: Acompanha uma base elegante com o logotipo da Ducati e o nome &#8220;Panigale&#8221; em relev\u00e2ncia, garantindo estabilidade e um visual imponente. <\/span><\/span><br \/>\n<span dir=\"auto\" style=\"vertical-align: inherit\"><span dir=\"auto\" style=\"vertical-align: inherit\">Presente Perfeito: Surpreenda aquele amigo ou familiar apaixonado pelo motociclismo. \u00c9 o presente ideal para anivers\u00e1rios, datas comemorativas ou para decorar um novo espa\u00e7o.<\/span><\/span><\/p>\n<p><span dir=\"auto\" style=\"vertical-align: inherit\"><span dir=\"auto\" style=\"vertical-align: inherit\">ESPECIFICA\u00c7\u00d5ES T\u00c9CNICAS:<\/span><\/span><\/p>\n<p><span dir=\"auto\" style=\"vertical-align: inherit\"><span dir=\"auto\" style=\"vertical-align: inherit\">Dimens\u00f5es: 2cm de comprimento x 15cm de altura x 25 cm de largura).<\/span><\/span><\/p>\n","protected":false},"excerpt":{"rendered":"<p>Celebre a paix\u00e3o pelo design italiano e a adrenalina das pistas com esta deslumbrante escultura da Ducati Panigale. Uma pe\u00e7a de decora\u00e7\u00e3o que captura a ess\u00eancia e as linhas agressivas de uma das superbikes mais ic\u00f4nicas do mundo. esta miniatura em estilo wireframe \u00e9 uma verdadeira obra de arte moderna. \u00c9 o item perfeito para [&hellip;]<\/p>\n","protected":false},"featured_media":466088,"comment_status":"open","ping_status":"closed","template":"","meta":[],"product_brand":[],"product_cat":[15],"product_tag":[6899,6900,4848],"class_list":{"0":"post-465892","1":"product","2":"type-product","3":"status-publish","4":"has-post-thumbnail","6":"product_cat-uncategorized","7":"product_tag-escultu","8":"product_tag-moto","9":"product_tag-motogp","11":"first","12":"instock","13":"taxable","14":"shipping-taxable","15":"purchasable","16":"product-type-simple"},"yoast_head":"<!-- This site is optimized with the Yoast SEO plugin v25.1 - https:\/\/yoast.com\/wordpress\/plugins\/seo\/ -->\n<title>Escultura de Mesa Moto Ducati Panigale - MyStore - By STLFLIX<\/title>\n<meta name=\"robots\" content=\"index, follow, max-snippet:-1, max-image-preview:large, max-video-preview:-1\" \/>\n<link rel=\"canonical\" href=\"https:\/\/my.stlflix.com\/es\/product\/escultura-de-mesa-moto-ducati-panigale\/\" \/>\n<meta property=\"og:locale\" content=\"fr_FR\" \/>\n<meta property=\"og:type\" content=\"article\" \/>\n<meta property=\"og:title\" content=\"Escultura de Mesa Moto Ducati Panigale - MyStore - By STLFLIX\" \/>\n<meta property=\"og:description\" content=\"Celebre a paix\u00e3o pelo design italiano e a adrenalina das pistas com esta deslumbrante escultura da Ducati Panigale. Uma pe\u00e7a de decora\u00e7\u00e3o que captura a ess\u00eancia e as linhas agressivas de uma das superbikes mais ic\u00f4nicas do mundo. esta miniatura em estilo wireframe \u00e9 uma verdadeira obra de arte moderna. \u00c9 o item perfeito para [&hellip;]\" \/>\n<meta property=\"og:url\" content=\"https:\/\/my.stlflix.com\/es\/product\/escultura-de-mesa-moto-ducati-panigale\/\" \/>\n<meta property=\"og:site_name\" content=\"MyStore - By STLFLIX\" \/>\n<meta property=\"article:publisher\" content=\"https:\/\/www.facebook.com\/STLFLIX\" \/>\n<meta property=\"article:modified_time\" content=\"2025-11-04T13:23:48+00:00\" \/>\n<meta property=\"og:image\" content=\"https:\/\/my.stlflix.com\/wp-content\/uploads\/2025\/11\/cropped-panigale3.png\" \/>\n\t<meta property=\"og:image:width\" content=\"1082\" \/>\n\t<meta property=\"og:image:height\" content=\"1440\" \/>\n\t<meta property=\"og:image:type\" content=\"image\/png\" \/>\n<meta name=\"twitter:card\" content=\"summary_large_image\" \/>\n<meta name=\"twitter:label1\" content=\"Est. reading time\" \/>\n\t<meta name=\"twitter:data1\" content=\"1 minute\" \/>\n<script type=\"application\/ld+json\" class=\"yoast-schema-graph\">{\"@context\":\"https:\/\/schema.org\",\"@graph\":[{\"@type\":\"WebPage\",\"@id\":\"https:\/\/my.stlflix.com\/es\/product\/escultura-de-mesa-moto-ducati-panigale\/\",\"url\":\"https:\/\/my.stlflix.com\/es\/product\/escultura-de-mesa-moto-ducati-panigale\/\",\"name\":\"Escultura de Mesa Moto Ducati Panigale - MyStore - By STLFLIX\",\"isPartOf\":{\"@id\":\"https:\/\/my.stlflix.com\/#website\"},\"primaryImageOfPage\":{\"@id\":\"https:\/\/my.stlflix.com\/es\/product\/escultura-de-mesa-moto-ducati-panigale\/#primaryimage\"},\"image\":{\"@id\":\"https:\/\/my.stlflix.com\/es\/product\/escultura-de-mesa-moto-ducati-panigale\/#primaryimage\"},\"thumbnailUrl\":\"https:\/\/my.stlflix.com\/wp-content\/uploads\/2025\/11\/cropped-panigale3.png\",\"datePublished\":\"2025-11-03T19:02:39+00:00\",\"dateModified\":\"2025-11-04T13:23:48+00:00\",\"breadcrumb\":{\"@id\":\"https:\/\/my.stlflix.com\/es\/product\/escultura-de-mesa-moto-ducati-panigale\/#breadcrumb\"},\"inLanguage\":\"fr-FR\",\"potentialAction\":[{\"@type\":\"ReadAction\",\"target\":[\"https:\/\/my.stlflix.com\/es\/product\/escultura-de-mesa-moto-ducati-panigale\/\"]}]},{\"@type\":\"ImageObject\",\"inLanguage\":\"fr-FR\",\"@id\":\"https:\/\/my.stlflix.com\/es\/product\/escultura-de-mesa-moto-ducati-panigale\/#primaryimage\",\"url\":\"https:\/\/my.stlflix.com\/wp-content\/uploads\/2025\/11\/cropped-panigale3.png\",\"contentUrl\":\"https:\/\/my.stlflix.com\/wp-content\/uploads\/2025\/11\/cropped-panigale3.png\",\"width\":1082,\"height\":1440},{\"@type\":\"BreadcrumbList\",\"@id\":\"https:\/\/my.stlflix.com\/es\/product\/escultura-de-mesa-moto-ducati-panigale\/#breadcrumb\",\"itemListElement\":[{\"@type\":\"ListItem\",\"position\":1,\"name\":\"Home\",\"item\":\"https:\/\/www.stlflix-store.com\/\"},{\"@type\":\"ListItem\",\"position\":2,\"name\":\"Products\",\"item\":\"https:\/\/www.stlflix-store.com\/shop\/\"},{\"@type\":\"ListItem\",\"position\":3,\"name\":\"Escultura de Mesa Moto Ducati Panigale\"}]},{\"@type\":\"WebSite\",\"@id\":\"https:\/\/my.stlflix.com\/#website\",\"url\":\"https:\/\/my.stlflix.com\/\",\"name\":\"MyStore - By STLFLIX\",\"description\":\"\",\"publisher\":{\"@id\":\"https:\/\/my.stlflix.com\/#organization\"},\"potentialAction\":[{\"@type\":\"SearchAction\",\"target\":{\"@type\":\"EntryPoint\",\"urlTemplate\":\"https:\/\/my.stlflix.com\/?s={search_term_string}\"},\"query-input\":{\"@type\":\"PropertyValueSpecification\",\"valueRequired\":true,\"valueName\":\"search_term_string\"}}],\"inLanguage\":\"fr-FR\"},{\"@type\":\"Organization\",\"@id\":\"https:\/\/my.stlflix.com\/#organization\",\"name\":\"MyStore - By STLFLIX\",\"url\":\"https:\/\/my.stlflix.com\/\",\"logo\":{\"@type\":\"ImageObject\",\"inLanguage\":\"fr-FR\",\"@id\":\"https:\/\/my.stlflix.com\/#\/schema\/logo\/image\/\",\"url\":\"https:\/\/my.stlflix.com\/wp-content\/uploads\/2024\/06\/logo-mystore.png\",\"contentUrl\":\"https:\/\/my.stlflix.com\/wp-content\/uploads\/2024\/06\/logo-mystore.png\",\"width\":150,\"height\":41,\"caption\":\"MyStore - By STLFLIX\"},\"image\":{\"@id\":\"https:\/\/my.stlflix.com\/#\/schema\/logo\/image\/\"},\"sameAs\":[\"https:\/\/www.facebook.com\/STLFLIX\",\"https:\/\/www.instagram.com\/stlflix_\/\",\"https:\/\/www.tiktok.com\/@stlflix\"]}]}<\/script>\n<!-- \/ Yoast SEO plugin. -->","yoast_head_json":{"title":"Escultura de Mesa Moto Ducati Panigale - MyStore - By STLFLIX","robots":{"index":"index","follow":"follow","max-snippet":"max-snippet:-1","max-image-preview":"max-image-preview:large","max-video-preview":"max-video-preview:-1"},"canonical":"https:\/\/my.stlflix.com\/es\/product\/escultura-de-mesa-moto-ducati-panigale\/","og_locale":"fr_FR","og_type":"article","og_title":"Escultura de Mesa Moto Ducati Panigale - MyStore - By STLFLIX","og_description":"Celebre a paix\u00e3o pelo design italiano e a adrenalina das pistas com esta deslumbrante escultura da Ducati Panigale. Uma pe\u00e7a de decora\u00e7\u00e3o que captura a ess\u00eancia e as linhas agressivas de uma das superbikes mais ic\u00f4nicas do mundo. esta miniatura em estilo wireframe \u00e9 uma verdadeira obra de arte moderna. \u00c9 o item perfeito para [&hellip;]","og_url":"https:\/\/my.stlflix.com\/es\/product\/escultura-de-mesa-moto-ducati-panigale\/","og_site_name":"MyStore - By STLFLIX","article_publisher":"https:\/\/www.facebook.com\/STLFLIX","article_modified_time":"2025-11-04T13:23:48+00:00","og_image":[{"width":1082,"height":1440,"url":"https:\/\/my.stlflix.com\/wp-content\/uploads\/2025\/11\/cropped-panigale3.png","type":"image\/png"}],"twitter_card":"summary_large_image","twitter_misc":{"Est. reading time":"1 minute"},"schema":{"@context":"https:\/\/schema.org","@graph":[{"@type":"WebPage","@id":"https:\/\/my.stlflix.com\/es\/product\/escultura-de-mesa-moto-ducati-panigale\/","url":"https:\/\/my.stlflix.com\/es\/product\/escultura-de-mesa-moto-ducati-panigale\/","name":"Escultura de Mesa Moto Ducati Panigale - MyStore - By STLFLIX","isPartOf":{"@id":"https:\/\/my.stlflix.com\/#website"},"primaryImageOfPage":{"@id":"https:\/\/my.stlflix.com\/es\/product\/escultura-de-mesa-moto-ducati-panigale\/#primaryimage"},"image":{"@id":"https:\/\/my.stlflix.com\/es\/product\/escultura-de-mesa-moto-ducati-panigale\/#primaryimage"},"thumbnailUrl":"https:\/\/my.stlflix.com\/wp-content\/uploads\/2025\/11\/cropped-panigale3.png","datePublished":"2025-11-03T19:02:39+00:00","dateModified":"2025-11-04T13:23:48+00:00","breadcrumb":{"@id":"https:\/\/my.stlflix.com\/es\/product\/escultura-de-mesa-moto-ducati-panigale\/#breadcrumb"},"inLanguage":"fr-FR","potentialAction":[{"@type":"ReadAction","target":["https:\/\/my.stlflix.com\/es\/product\/escultura-de-mesa-moto-ducati-panigale\/"]}]},{"@type":"ImageObject","inLanguage":"fr-FR","@id":"https:\/\/my.stlflix.com\/es\/product\/escultura-de-mesa-moto-ducati-panigale\/#primaryimage","url":"https:\/\/my.stlflix.com\/wp-content\/uploads\/2025\/11\/cropped-panigale3.png","contentUrl":"https:\/\/my.stlflix.com\/wp-content\/uploads\/2025\/11\/cropped-panigale3.png","width":1082,"height":1440},{"@type":"BreadcrumbList","@id":"https:\/\/my.stlflix.com\/es\/product\/escultura-de-mesa-moto-ducati-panigale\/#breadcrumb","itemListElement":[{"@type":"ListItem","position":1,"name":"Home","item":"https:\/\/www.stlflix-store.com\/"},{"@type":"ListItem","position":2,"name":"Products","item":"https:\/\/www.stlflix-store.com\/shop\/"},{"@type":"ListItem","position":3,"name":"Escultura de Mesa Moto Ducati Panigale"}]},{"@type":"WebSite","@id":"https:\/\/my.stlflix.com\/#website","url":"https:\/\/my.stlflix.com\/","name":"MyStore - By STLFLIX","description":"","publisher":{"@id":"https:\/\/my.stlflix.com\/#organization"},"potentialAction":[{"@type":"SearchAction","target":{"@type":"EntryPoint","urlTemplate":"https:\/\/my.stlflix.com\/?s={search_term_string}"},"query-input":{"@type":"PropertyValueSpecification","valueRequired":true,"valueName":"search_term_string"}}],"inLanguage":"fr-FR"},{"@type":"Organization","@id":"https:\/\/my.stlflix.com\/#organization","name":"MyStore - By STLFLIX","url":"https:\/\/my.stlflix.com\/","logo":{"@type":"ImageObject","inLanguage":"fr-FR","@id":"https:\/\/my.stlflix.com\/#\/schema\/logo\/image\/","url":"https:\/\/my.stlflix.com\/wp-content\/uploads\/2024\/06\/logo-mystore.png","contentUrl":"https:\/\/my.stlflix.com\/wp-content\/uploads\/2024\/06\/logo-mystore.png","width":150,"height":41,"caption":"MyStore - By STLFLIX"},"image":{"@id":"https:\/\/my.stlflix.com\/#\/schema\/logo\/image\/"},"sameAs":["https:\/\/www.facebook.com\/STLFLIX","https:\/\/www.instagram.com\/stlflix_\/","https:\/\/www.tiktok.com\/@stlflix"]}]}},"_links":{"self":[{"href":"https:\/\/my.stlflix.com\/fr\/wp-json\/wp\/v2\/product\/465892","targetHints":{"allow":["GET"]}}],"collection":[{"href":"https:\/\/my.stlflix.com\/fr\/wp-json\/wp\/v2\/product"}],"about":[{"href":"https:\/\/my.stlflix.com\/fr\/wp-json\/wp\/v2\/types\/product"}],"replies":[{"embeddable":true,"href":"https:\/\/my.stlflix.com\/fr\/wp-json\/wp\/v2\/comments?post=465892"}],"wp:featuredmedia":[{"embeddable":true,"href":"https:\/\/my.stlflix.com\/fr\/wp-json\/wp\/v2\/media\/466088"}],"wp:attachment":[{"href":"https:\/\/my.stlflix.com\/fr\/wp-json\/wp\/v2\/media?parent=465892"}],"wp:term":[{"taxonomy":"product_brand","embeddable":true,"href":"https:\/\/my.stlflix.com\/fr\/wp-json\/wp\/v2\/product_brand?post=465892"},{"taxonomy":"product_cat","embeddable":true,"href":"https:\/\/my.stlflix.com\/fr\/wp-json\/wp\/v2\/product_cat?post=465892"},{"taxonomy":"product_tag","embeddable":true,"href":"https:\/\/my.stlflix.com\/fr\/wp-json\/wp\/v2\/product_tag?post=465892"}],"curies":[{"name":"wp","href":"https:\/\/api.w.org\/{rel}","templated":true}]}}