{"id":508544,"date":"2026-01-12T20:28:40","date_gmt":"2026-01-12T20:28:40","guid":{"rendered":"https:\/\/my.stlflix.com\/?post_type=product&#038;p=508544"},"modified":"2026-02-01T19:39:53","modified_gmt":"2026-02-01T19:39:53","slug":"lulis-a-lula-articulada","status":"publish","type":"product","link":"https:\/\/my.stlflix.com\/fr\/product\/lulis-a-lula-articulada\/","title":{"rendered":"Lulis a Lula articulada"},"content":{"rendered":"<p data-path-to-node=\"0\">\ud83e\udd91\u2728 <b data-path-to-node=\"0\" data-index-in-node=\"4\">Direto das Profundezas: Conhe\u00e7a Lulis, a Lula Articulada!<\/b> \u2728\ud83e\udd91<\/p>\n<p data-path-to-node=\"1\">A nossa fam\u00edlia marinha n\u00e3o para de crescer! Apresentamos a <b data-path-to-node=\"1\" data-index-in-node=\"60\">Lulis<\/b>, uma lula cheia de personalidade e movimento, pronta para conquistar um espa\u00e7o na sua cole\u00e7\u00e3o.<\/p>\n<p data-path-to-node=\"2\">Com um design vibrante e tent\u00e1culos totalmente <b data-path-to-node=\"2\" data-index-in-node=\"47\">articulados<\/b>, a Lulis combina a fluidez das criaturas oce\u00e2nicas com a precis\u00e3o tecnol\u00f3gica da impress\u00e3o 3D. Seus olhos expressivos d\u00e3o um toque de carisma \u00fanico, tornando-a a companhia perfeita para decorar seu setup, estante ou mesa de trabalho.<\/p>\n<p data-path-to-node=\"3\">Seja para quem \u00e9 f\u00e3 da vida marinha ou para quem busca um item decorativo criativo e interativo, a Lulis \u00e9 a escolha ideal!<\/p>\n<hr data-path-to-node=\"4\" \/>\n<p data-path-to-node=\"5\">\ud83c\udfa8 Cores: Laranja Vibrante e Detalhes em Preto\/Branco<br \/>\n\ud83c\udff7 Material: PLA de alta qualidade<br \/>\n\u2692\ufe0f Produ\u00e7\u00e3o: Impress\u00e3o 3D por Styllus3D , Artista Kogi3d<\/p>\n","protected":false},"excerpt":{"rendered":"<p>\ud83e\udd91\u2728 Direto das Profundezas: Conhe\u00e7a Lulis, a Lula Articulada! \u2728\ud83e\udd91 A nossa fam\u00edlia marinha n\u00e3o para de crescer! Apresentamos a Lulis, uma lula cheia de personalidade e movimento, pronta para conquistar um espa\u00e7o na sua cole\u00e7\u00e3o. Com um design vibrante e tent\u00e1culos totalmente articulados, a Lulis combina a fluidez das criaturas oce\u00e2nicas com a precis\u00e3o [&hellip;]<\/p>\n","protected":false},"featured_media":508595,"comment_status":"open","ping_status":"closed","template":"","meta":[],"product_brand":[],"product_cat":[15],"product_tag":[7187,7183],"class_list":{"0":"post-508544","1":"product","2":"type-product","3":"status-publish","4":"has-post-thumbnail","6":"product_cat-uncategorized","7":"product_tag-articulado-fundo-do-mar","8":"product_tag-articulados-fundo-do-mar","10":"first","11":"outofstock","12":"sale","13":"purchasable","14":"product-type-simple"},"yoast_head":"<!-- This site is optimized with the Yoast SEO plugin v25.1 - https:\/\/yoast.com\/wordpress\/plugins\/seo\/ -->\n<title>Lulis a Lula articulada - MyStore - By STLFLIX<\/title>\n<meta name=\"robots\" content=\"index, follow, max-snippet:-1, max-image-preview:large, max-video-preview:-1\" \/>\n<link rel=\"canonical\" href=\"https:\/\/my.stlflix.com\/fr\/product\/lulis-a-lula-articulada\/\" \/>\n<meta property=\"og:locale\" content=\"fr_FR\" \/>\n<meta property=\"og:type\" content=\"article\" \/>\n<meta property=\"og:title\" content=\"Lulis a Lula articulada - MyStore - By STLFLIX\" \/>\n<meta property=\"og:description\" content=\"\ud83e\udd91\u2728 Direto das Profundezas: Conhe\u00e7a Lulis, a Lula Articulada! \u2728\ud83e\udd91 A nossa fam\u00edlia marinha n\u00e3o para de crescer! Apresentamos a Lulis, uma lula cheia de personalidade e movimento, pronta para conquistar um espa\u00e7o na sua cole\u00e7\u00e3o. Com um design vibrante e tent\u00e1culos totalmente articulados, a Lulis combina a fluidez das criaturas oce\u00e2nicas com a precis\u00e3o [&hellip;]\" \/>\n<meta property=\"og:url\" content=\"https:\/\/my.stlflix.com\/fr\/product\/lulis-a-lula-articulada\/\" \/>\n<meta property=\"og:site_name\" content=\"MyStore - By STLFLIX\" \/>\n<meta property=\"article:publisher\" content=\"https:\/\/www.facebook.com\/STLFLIX\" \/>\n<meta property=\"article:modified_time\" content=\"2026-02-01T19:39:53+00:00\" \/>\n<meta property=\"og:image\" content=\"https:\/\/my.stlflix.com\/wp-content\/uploads\/2026\/01\/Cartaz-de-energia-solar-amarelo-e-azul-escuro-moderno-3-scaled.png\" \/>\n\t<meta property=\"og:image:width\" content=\"1920\" \/>\n\t<meta property=\"og:image:height\" content=\"2560\" \/>\n\t<meta property=\"og:image:type\" content=\"image\/png\" \/>\n<meta name=\"twitter:card\" content=\"summary_large_image\" \/>\n<meta name=\"twitter:label1\" content=\"Est. reading time\" \/>\n\t<meta name=\"twitter:data1\" content=\"1 minute\" \/>\n<script type=\"application\/ld+json\" class=\"yoast-schema-graph\">{\"@context\":\"https:\/\/schema.org\",\"@graph\":[{\"@type\":\"WebPage\",\"@id\":\"https:\/\/my.stlflix.com\/fr\/product\/lulis-a-lula-articulada\/\",\"url\":\"https:\/\/my.stlflix.com\/fr\/product\/lulis-a-lula-articulada\/\",\"name\":\"Lulis a Lula articulada - MyStore - By STLFLIX\",\"isPartOf\":{\"@id\":\"https:\/\/my.stlflix.com\/tr\/#website\"},\"primaryImageOfPage\":{\"@id\":\"https:\/\/my.stlflix.com\/fr\/product\/lulis-a-lula-articulada\/#primaryimage\"},\"image\":{\"@id\":\"https:\/\/my.stlflix.com\/fr\/product\/lulis-a-lula-articulada\/#primaryimage\"},\"thumbnailUrl\":\"https:\/\/my.stlflix.com\/wp-content\/uploads\/2026\/01\/Cartaz-de-energia-solar-amarelo-e-azul-escuro-moderno-3-scaled.png\",\"datePublished\":\"2026-01-12T20:28:40+00:00\",\"dateModified\":\"2026-02-01T19:39:53+00:00\",\"breadcrumb\":{\"@id\":\"https:\/\/my.stlflix.com\/fr\/product\/lulis-a-lula-articulada\/#breadcrumb\"},\"inLanguage\":\"fr-FR\",\"potentialAction\":[{\"@type\":\"ReadAction\",\"target\":[\"https:\/\/my.stlflix.com\/fr\/product\/lulis-a-lula-articulada\/\"]}]},{\"@type\":\"ImageObject\",\"inLanguage\":\"fr-FR\",\"@id\":\"https:\/\/my.stlflix.com\/fr\/product\/lulis-a-lula-articulada\/#primaryimage\",\"url\":\"https:\/\/my.stlflix.com\/wp-content\/uploads\/2026\/01\/Cartaz-de-energia-solar-amarelo-e-azul-escuro-moderno-3-scaled.png\",\"contentUrl\":\"https:\/\/my.stlflix.com\/wp-content\/uploads\/2026\/01\/Cartaz-de-energia-solar-amarelo-e-azul-escuro-moderno-3-scaled.png\",\"width\":1920,\"height\":2560},{\"@type\":\"BreadcrumbList\",\"@id\":\"https:\/\/my.stlflix.com\/fr\/product\/lulis-a-lula-articulada\/#breadcrumb\",\"itemListElement\":[{\"@type\":\"ListItem\",\"position\":1,\"name\":\"Home\",\"item\":\"https:\/\/my.stlflix.com\/\"},{\"@type\":\"ListItem\",\"position\":2,\"name\":\"Products\",\"item\":\"https:\/\/my.stlflix.com\/fr\/shop\/\"},{\"@type\":\"ListItem\",\"position\":3,\"name\":\"Lulis a Lula articulada\"}]},{\"@type\":\"WebSite\",\"@id\":\"https:\/\/my.stlflix.com\/tr\/#website\",\"url\":\"https:\/\/my.stlflix.com\/tr\/\",\"name\":\"MyStore - By STLFLIX\",\"description\":\"\",\"publisher\":{\"@id\":\"https:\/\/my.stlflix.com\/tr\/#organization\"},\"potentialAction\":[{\"@type\":\"SearchAction\",\"target\":{\"@type\":\"EntryPoint\",\"urlTemplate\":\"https:\/\/my.stlflix.com\/tr\/?s={search_term_string}\"},\"query-input\":{\"@type\":\"PropertyValueSpecification\",\"valueRequired\":true,\"valueName\":\"search_term_string\"}}],\"inLanguage\":\"fr-FR\"},{\"@type\":\"Organization\",\"@id\":\"https:\/\/my.stlflix.com\/tr\/#organization\",\"name\":\"MyStore - By STLFLIX\",\"url\":\"https:\/\/my.stlflix.com\/tr\/\",\"logo\":{\"@type\":\"ImageObject\",\"inLanguage\":\"fr-FR\",\"@id\":\"https:\/\/my.stlflix.com\/tr\/#\/schema\/logo\/image\/\",\"url\":\"https:\/\/my.stlflix.com\/wp-content\/uploads\/2024\/06\/logo-mystore.png\",\"contentUrl\":\"https:\/\/my.stlflix.com\/wp-content\/uploads\/2024\/06\/logo-mystore.png\",\"width\":150,\"height\":41,\"caption\":\"MyStore - By STLFLIX\"},\"image\":{\"@id\":\"https:\/\/my.stlflix.com\/tr\/#\/schema\/logo\/image\/\"},\"sameAs\":[\"https:\/\/www.facebook.com\/STLFLIX\",\"https:\/\/www.instagram.com\/stlflix_\/\",\"https:\/\/www.tiktok.com\/@stlflix\"]}]}<\/script>\n<!-- \/ Yoast SEO plugin. -->","yoast_head_json":{"title":"Lulis a Lula articulada - MyStore - By STLFLIX","robots":{"index":"index","follow":"follow","max-snippet":"max-snippet:-1","max-image-preview":"max-image-preview:large","max-video-preview":"max-video-preview:-1"},"canonical":"https:\/\/my.stlflix.com\/fr\/product\/lulis-a-lula-articulada\/","og_locale":"fr_FR","og_type":"article","og_title":"Lulis a Lula articulada - MyStore - By STLFLIX","og_description":"\ud83e\udd91\u2728 Direto das Profundezas: Conhe\u00e7a Lulis, a Lula Articulada! \u2728\ud83e\udd91 A nossa fam\u00edlia marinha n\u00e3o para de crescer! Apresentamos a Lulis, uma lula cheia de personalidade e movimento, pronta para conquistar um espa\u00e7o na sua cole\u00e7\u00e3o. Com um design vibrante e tent\u00e1culos totalmente articulados, a Lulis combina a fluidez das criaturas oce\u00e2nicas com a precis\u00e3o [&hellip;]","og_url":"https:\/\/my.stlflix.com\/fr\/product\/lulis-a-lula-articulada\/","og_site_name":"MyStore - By STLFLIX","article_publisher":"https:\/\/www.facebook.com\/STLFLIX","article_modified_time":"2026-02-01T19:39:53+00:00","og_image":[{"width":1920,"height":2560,"url":"https:\/\/my.stlflix.com\/wp-content\/uploads\/2026\/01\/Cartaz-de-energia-solar-amarelo-e-azul-escuro-moderno-3-scaled.png","type":"image\/png"}],"twitter_card":"summary_large_image","twitter_misc":{"Est. reading time":"1 minute"},"schema":{"@context":"https:\/\/schema.org","@graph":[{"@type":"WebPage","@id":"https:\/\/my.stlflix.com\/fr\/product\/lulis-a-lula-articulada\/","url":"https:\/\/my.stlflix.com\/fr\/product\/lulis-a-lula-articulada\/","name":"Lulis a Lula articulada - MyStore - By STLFLIX","isPartOf":{"@id":"https:\/\/my.stlflix.com\/tr\/#website"},"primaryImageOfPage":{"@id":"https:\/\/my.stlflix.com\/fr\/product\/lulis-a-lula-articulada\/#primaryimage"},"image":{"@id":"https:\/\/my.stlflix.com\/fr\/product\/lulis-a-lula-articulada\/#primaryimage"},"thumbnailUrl":"https:\/\/my.stlflix.com\/wp-content\/uploads\/2026\/01\/Cartaz-de-energia-solar-amarelo-e-azul-escuro-moderno-3-scaled.png","datePublished":"2026-01-12T20:28:40+00:00","dateModified":"2026-02-01T19:39:53+00:00","breadcrumb":{"@id":"https:\/\/my.stlflix.com\/fr\/product\/lulis-a-lula-articulada\/#breadcrumb"},"inLanguage":"fr-FR","potentialAction":[{"@type":"ReadAction","target":["https:\/\/my.stlflix.com\/fr\/product\/lulis-a-lula-articulada\/"]}]},{"@type":"ImageObject","inLanguage":"fr-FR","@id":"https:\/\/my.stlflix.com\/fr\/product\/lulis-a-lula-articulada\/#primaryimage","url":"https:\/\/my.stlflix.com\/wp-content\/uploads\/2026\/01\/Cartaz-de-energia-solar-amarelo-e-azul-escuro-moderno-3-scaled.png","contentUrl":"https:\/\/my.stlflix.com\/wp-content\/uploads\/2026\/01\/Cartaz-de-energia-solar-amarelo-e-azul-escuro-moderno-3-scaled.png","width":1920,"height":2560},{"@type":"BreadcrumbList","@id":"https:\/\/my.stlflix.com\/fr\/product\/lulis-a-lula-articulada\/#breadcrumb","itemListElement":[{"@type":"ListItem","position":1,"name":"Home","item":"https:\/\/my.stlflix.com\/"},{"@type":"ListItem","position":2,"name":"Products","item":"https:\/\/my.stlflix.com\/fr\/shop\/"},{"@type":"ListItem","position":3,"name":"Lulis a Lula articulada"}]},{"@type":"WebSite","@id":"https:\/\/my.stlflix.com\/tr\/#website","url":"https:\/\/my.stlflix.com\/tr\/","name":"MyStore - By STLFLIX","description":"","publisher":{"@id":"https:\/\/my.stlflix.com\/tr\/#organization"},"potentialAction":[{"@type":"SearchAction","target":{"@type":"EntryPoint","urlTemplate":"https:\/\/my.stlflix.com\/tr\/?s={search_term_string}"},"query-input":{"@type":"PropertyValueSpecification","valueRequired":true,"valueName":"search_term_string"}}],"inLanguage":"fr-FR"},{"@type":"Organization","@id":"https:\/\/my.stlflix.com\/tr\/#organization","name":"MyStore - By STLFLIX","url":"https:\/\/my.stlflix.com\/tr\/","logo":{"@type":"ImageObject","inLanguage":"fr-FR","@id":"https:\/\/my.stlflix.com\/tr\/#\/schema\/logo\/image\/","url":"https:\/\/my.stlflix.com\/wp-content\/uploads\/2024\/06\/logo-mystore.png","contentUrl":"https:\/\/my.stlflix.com\/wp-content\/uploads\/2024\/06\/logo-mystore.png","width":150,"height":41,"caption":"MyStore - By STLFLIX"},"image":{"@id":"https:\/\/my.stlflix.com\/tr\/#\/schema\/logo\/image\/"},"sameAs":["https:\/\/www.facebook.com\/STLFLIX","https:\/\/www.instagram.com\/stlflix_\/","https:\/\/www.tiktok.com\/@stlflix"]}]}},"_links":{"self":[{"href":"https:\/\/my.stlflix.com\/fr\/wp-json\/wp\/v2\/product\/508544","targetHints":{"allow":["GET"]}}],"collection":[{"href":"https:\/\/my.stlflix.com\/fr\/wp-json\/wp\/v2\/product"}],"about":[{"href":"https:\/\/my.stlflix.com\/fr\/wp-json\/wp\/v2\/types\/product"}],"replies":[{"embeddable":true,"href":"https:\/\/my.stlflix.com\/fr\/wp-json\/wp\/v2\/comments?post=508544"}],"wp:featuredmedia":[{"embeddable":true,"href":"https:\/\/my.stlflix.com\/fr\/wp-json\/wp\/v2\/media\/508595"}],"wp:attachment":[{"href":"https:\/\/my.stlflix.com\/fr\/wp-json\/wp\/v2\/media?parent=508544"}],"wp:term":[{"taxonomy":"product_brand","embeddable":true,"href":"https:\/\/my.stlflix.com\/fr\/wp-json\/wp\/v2\/product_brand?post=508544"},{"taxonomy":"product_cat","embeddable":true,"href":"https:\/\/my.stlflix.com\/fr\/wp-json\/wp\/v2\/product_cat?post=508544"},{"taxonomy":"product_tag","embeddable":true,"href":"https:\/\/my.stlflix.com\/fr\/wp-json\/wp\/v2\/product_tag?post=508544"}],"curies":[{"name":"wp","href":"https:\/\/api.w.org\/{rel}","templated":true}]}}