{"id":508622,"date":"2026-01-12T23:48:50","date_gmt":"2026-01-12T23:48:50","guid":{"rendered":"https:\/\/my.stlflix.com\/?post_type=product&#038;p=508622"},"modified":"2026-02-04T21:01:40","modified_gmt":"2026-02-04T21:01:40","slug":"betsie-the-bat-sea-star-69657efa13ae1","status":"publish","type":"product","link":"https:\/\/my.stlflix.com\/fr\/product\/betsie-the-bat-sea-star-69657efa13ae1\/","title":{"rendered":"Patrick, a estrela do mar"},"content":{"rendered":"<p data-path-to-node=\"2\">\ud83c\udf1f\ud83e\udde1 <strong>A estrela do mar <\/strong><b data-path-to-node=\"2\" data-index-in-node=\"5\">: Conhe\u00e7a o Patrick Articulado!<\/b> \ud83e\udde1\ud83c\udf1f<\/p>\n<p data-path-to-node=\"3\">Apresentamos o <b data-path-to-node=\"3\" data-index-in-node=\"83\">Patrick<\/b>, nossa nova estrela do mar totalmente <b data-path-to-node=\"3\" data-index-in-node=\"129\">articulada<\/b> e cheia de estilo!<\/p>\n<p data-path-to-node=\"4\">Com uma textura detalhada que remete \u00e0 pele real de uma estrela do mar e um design totalmente male\u00e1vel, o Patrick \u00e9 perfeito para decorar seu espa\u00e7o com um toque de divers\u00e3o e nostalgia. Seja na sua estante, mesa de trabalho ou setup gamer, ele est\u00e1 pronto para ser a estrela da sua cole\u00e7\u00e3o!<\/p>\n<p data-path-to-node=\"5\">Leve para casa toda a personalidade desse \u00edcone da cultura pop, recriado com a precis\u00e3o e a qualidade da Impress\u00e3o 3D.<\/p>\n<hr data-path-to-node=\"6\" \/>\n<p data-path-to-node=\"7\">\ud83c\udfa8 <b data-path-to-node=\"7\" data-index-in-node=\"3\">Cores:<\/b> Laranja Vibrante<\/p>\n<p data-path-to-node=\"7\">\ud83c\udff7 <b data-path-to-node=\"7\" data-index-in-node=\"30\">Material:<\/b> PLA de alta qualidade<\/p>\n<p data-path-to-node=\"7\">\u00a0\u2692\ufe0f <b data-path-to-node=\"7\" data-index-in-node=\"98\">Produ\u00e7\u00e3o:<\/b> Impress\u00e3o 3D por Styllus3D e modelos Stlflix<\/p>\n","protected":false},"excerpt":{"rendered":"<p>\ud83c\udf1f\ud83e\udde1 A estrela do mar : Conhe\u00e7a o Patrick Articulado! \ud83e\udde1\ud83c\udf1f Apresentamos o Patrick, nossa nova estrela do mar totalmente articulada e cheia de estilo! Com uma textura detalhada que remete \u00e0 pele real de uma estrela do mar e um design totalmente male\u00e1vel, o Patrick \u00e9 perfeito para decorar seu espa\u00e7o com um toque [&hellip;]<\/p>\n","protected":false},"featured_media":508640,"comment_status":"open","ping_status":"closed","template":"","meta":[],"product_brand":[],"product_cat":[19],"product_tag":[7183],"class_list":{"0":"post-508622","1":"product","2":"type-product","3":"status-publish","4":"has-post-thumbnail","6":"product_cat-animals","7":"product_tag-articulados-fundo-do-mar","9":"first","10":"onbackorder","11":"sale","12":"purchasable","13":"product-type-simple"},"yoast_head":"<!-- This site is optimized with the Yoast SEO plugin v25.1 - https:\/\/yoast.com\/wordpress\/plugins\/seo\/ -->\n<title>Patrick, a estrela do mar - MyStore - By STLFLIX<\/title>\n<meta name=\"robots\" content=\"index, follow, max-snippet:-1, max-image-preview:large, max-video-preview:-1\" \/>\n<link rel=\"canonical\" href=\"https:\/\/www.my3dstore-example.com\/product\/betsie-the-bat-sea-star-69657efa13ae1\/\" \/>\n<meta property=\"og:locale\" content=\"fr_FR\" \/>\n<meta property=\"og:type\" content=\"article\" \/>\n<meta property=\"og:title\" content=\"Patrick, a estrela do mar - MyStore - By STLFLIX\" \/>\n<meta property=\"og:description\" content=\"\ud83c\udf1f\ud83e\udde1 A estrela do mar : Conhe\u00e7a o Patrick Articulado! \ud83e\udde1\ud83c\udf1f Apresentamos o Patrick, nossa nova estrela do mar totalmente articulada e cheia de estilo! Com uma textura detalhada que remete \u00e0 pele real de uma estrela do mar e um design totalmente male\u00e1vel, o Patrick \u00e9 perfeito para decorar seu espa\u00e7o com um toque [&hellip;]\" \/>\n<meta property=\"og:url\" content=\"https:\/\/www.my3dstore-example.com\/product\/betsie-the-bat-sea-star-69657efa13ae1\/\" \/>\n<meta property=\"og:site_name\" content=\"MyStore - By STLFLIX\" \/>\n<meta property=\"article:publisher\" content=\"https:\/\/www.facebook.com\/STLFLIX\" \/>\n<meta property=\"article:modified_time\" content=\"2026-02-04T21:01:40+00:00\" \/>\n<meta property=\"og:image\" content=\"https:\/\/www.my3dstore-example.com\/wp-content\/uploads\/2026\/01\/Cartaz-de-energia-solar-amarelo-e-azul-escuro-moderno-9-scaled.png\" \/>\n\t<meta property=\"og:image:width\" content=\"1920\" \/>\n\t<meta property=\"og:image:height\" content=\"2560\" \/>\n\t<meta property=\"og:image:type\" content=\"image\/png\" \/>\n<meta name=\"twitter:card\" content=\"summary_large_image\" \/>\n<meta name=\"twitter:label1\" content=\"Est. reading time\" \/>\n\t<meta name=\"twitter:data1\" content=\"1 minute\" \/>\n<script type=\"application\/ld+json\" class=\"yoast-schema-graph\">{\"@context\":\"https:\/\/schema.org\",\"@graph\":[{\"@type\":\"WebPage\",\"@id\":\"https:\/\/www.my3dstore-example.com\/product\/betsie-the-bat-sea-star-69657efa13ae1\/\",\"url\":\"https:\/\/www.my3dstore-example.com\/product\/betsie-the-bat-sea-star-69657efa13ae1\/\",\"name\":\"Patrick, a estrela do mar - MyStore - By STLFLIX\",\"isPartOf\":{\"@id\":\"https:\/\/my.stlflix.com\/tr\/#website\"},\"primaryImageOfPage\":{\"@id\":\"https:\/\/www.my3dstore-example.com\/product\/betsie-the-bat-sea-star-69657efa13ae1\/#primaryimage\"},\"image\":{\"@id\":\"https:\/\/www.my3dstore-example.com\/product\/betsie-the-bat-sea-star-69657efa13ae1\/#primaryimage\"},\"thumbnailUrl\":\"https:\/\/my.stlflix.com\/wp-content\/uploads\/2026\/01\/Cartaz-de-energia-solar-amarelo-e-azul-escuro-moderno-9-scaled.png\",\"datePublished\":\"2026-01-12T23:48:50+00:00\",\"dateModified\":\"2026-02-04T21:01:40+00:00\",\"breadcrumb\":{\"@id\":\"https:\/\/www.my3dstore-example.com\/product\/betsie-the-bat-sea-star-69657efa13ae1\/#breadcrumb\"},\"inLanguage\":\"fr-FR\",\"potentialAction\":[{\"@type\":\"ReadAction\",\"target\":[\"https:\/\/www.my3dstore-example.com\/product\/betsie-the-bat-sea-star-69657efa13ae1\/\"]}]},{\"@type\":\"ImageObject\",\"inLanguage\":\"fr-FR\",\"@id\":\"https:\/\/www.my3dstore-example.com\/product\/betsie-the-bat-sea-star-69657efa13ae1\/#primaryimage\",\"url\":\"https:\/\/my.stlflix.com\/wp-content\/uploads\/2026\/01\/Cartaz-de-energia-solar-amarelo-e-azul-escuro-moderno-9-scaled.png\",\"contentUrl\":\"https:\/\/my.stlflix.com\/wp-content\/uploads\/2026\/01\/Cartaz-de-energia-solar-amarelo-e-azul-escuro-moderno-9-scaled.png\",\"width\":1920,\"height\":2560},{\"@type\":\"BreadcrumbList\",\"@id\":\"https:\/\/www.my3dstore-example.com\/product\/betsie-the-bat-sea-star-69657efa13ae1\/#breadcrumb\",\"itemListElement\":[{\"@type\":\"ListItem\",\"position\":1,\"name\":\"Home\",\"item\":\"https:\/\/my.stlflix.com\/\"},{\"@type\":\"ListItem\",\"position\":2,\"name\":\"Products\",\"item\":\"https:\/\/my.stlflix.com\/fr\/shop\/\"},{\"@type\":\"ListItem\",\"position\":3,\"name\":\"Patrick, a estrela do mar\"}]},{\"@type\":\"WebSite\",\"@id\":\"https:\/\/my.stlflix.com\/tr\/#website\",\"url\":\"https:\/\/my.stlflix.com\/tr\/\",\"name\":\"MyStore - By STLFLIX\",\"description\":\"\",\"publisher\":{\"@id\":\"https:\/\/my.stlflix.com\/tr\/#organization\"},\"potentialAction\":[{\"@type\":\"SearchAction\",\"target\":{\"@type\":\"EntryPoint\",\"urlTemplate\":\"https:\/\/my.stlflix.com\/tr\/?s={search_term_string}\"},\"query-input\":{\"@type\":\"PropertyValueSpecification\",\"valueRequired\":true,\"valueName\":\"search_term_string\"}}],\"inLanguage\":\"fr-FR\"},{\"@type\":\"Organization\",\"@id\":\"https:\/\/my.stlflix.com\/tr\/#organization\",\"name\":\"MyStore - By STLFLIX\",\"url\":\"https:\/\/my.stlflix.com\/tr\/\",\"logo\":{\"@type\":\"ImageObject\",\"inLanguage\":\"fr-FR\",\"@id\":\"https:\/\/my.stlflix.com\/tr\/#\/schema\/logo\/image\/\",\"url\":\"https:\/\/my.stlflix.com\/wp-content\/uploads\/2024\/06\/logo-mystore.png\",\"contentUrl\":\"https:\/\/my.stlflix.com\/wp-content\/uploads\/2024\/06\/logo-mystore.png\",\"width\":150,\"height\":41,\"caption\":\"MyStore - By STLFLIX\"},\"image\":{\"@id\":\"https:\/\/my.stlflix.com\/tr\/#\/schema\/logo\/image\/\"},\"sameAs\":[\"https:\/\/www.facebook.com\/STLFLIX\",\"https:\/\/www.instagram.com\/stlflix_\/\",\"https:\/\/www.tiktok.com\/@stlflix\"]}]}<\/script>\n<!-- \/ Yoast SEO plugin. -->","yoast_head_json":{"title":"Patrick, a estrela do mar - MyStore - By STLFLIX","robots":{"index":"index","follow":"follow","max-snippet":"max-snippet:-1","max-image-preview":"max-image-preview:large","max-video-preview":"max-video-preview:-1"},"canonical":"https:\/\/www.my3dstore-example.com\/product\/betsie-the-bat-sea-star-69657efa13ae1\/","og_locale":"fr_FR","og_type":"article","og_title":"Patrick, a estrela do mar - MyStore - By STLFLIX","og_description":"\ud83c\udf1f\ud83e\udde1 A estrela do mar : Conhe\u00e7a o Patrick Articulado! \ud83e\udde1\ud83c\udf1f Apresentamos o Patrick, nossa nova estrela do mar totalmente articulada e cheia de estilo! Com uma textura detalhada que remete \u00e0 pele real de uma estrela do mar e um design totalmente male\u00e1vel, o Patrick \u00e9 perfeito para decorar seu espa\u00e7o com um toque [&hellip;]","og_url":"https:\/\/www.my3dstore-example.com\/product\/betsie-the-bat-sea-star-69657efa13ae1\/","og_site_name":"MyStore - By STLFLIX","article_publisher":"https:\/\/www.facebook.com\/STLFLIX","article_modified_time":"2026-02-04T21:01:40+00:00","og_image":[{"width":1920,"height":2560,"url":"https:\/\/www.my3dstore-example.com\/wp-content\/uploads\/2026\/01\/Cartaz-de-energia-solar-amarelo-e-azul-escuro-moderno-9-scaled.png","type":"image\/png"}],"twitter_card":"summary_large_image","twitter_misc":{"Est. reading time":"1 minute"},"schema":{"@context":"https:\/\/schema.org","@graph":[{"@type":"WebPage","@id":"https:\/\/www.my3dstore-example.com\/product\/betsie-the-bat-sea-star-69657efa13ae1\/","url":"https:\/\/www.my3dstore-example.com\/product\/betsie-the-bat-sea-star-69657efa13ae1\/","name":"Patrick, a estrela do mar - MyStore - By STLFLIX","isPartOf":{"@id":"https:\/\/my.stlflix.com\/tr\/#website"},"primaryImageOfPage":{"@id":"https:\/\/www.my3dstore-example.com\/product\/betsie-the-bat-sea-star-69657efa13ae1\/#primaryimage"},"image":{"@id":"https:\/\/www.my3dstore-example.com\/product\/betsie-the-bat-sea-star-69657efa13ae1\/#primaryimage"},"thumbnailUrl":"https:\/\/my.stlflix.com\/wp-content\/uploads\/2026\/01\/Cartaz-de-energia-solar-amarelo-e-azul-escuro-moderno-9-scaled.png","datePublished":"2026-01-12T23:48:50+00:00","dateModified":"2026-02-04T21:01:40+00:00","breadcrumb":{"@id":"https:\/\/www.my3dstore-example.com\/product\/betsie-the-bat-sea-star-69657efa13ae1\/#breadcrumb"},"inLanguage":"fr-FR","potentialAction":[{"@type":"ReadAction","target":["https:\/\/www.my3dstore-example.com\/product\/betsie-the-bat-sea-star-69657efa13ae1\/"]}]},{"@type":"ImageObject","inLanguage":"fr-FR","@id":"https:\/\/www.my3dstore-example.com\/product\/betsie-the-bat-sea-star-69657efa13ae1\/#primaryimage","url":"https:\/\/my.stlflix.com\/wp-content\/uploads\/2026\/01\/Cartaz-de-energia-solar-amarelo-e-azul-escuro-moderno-9-scaled.png","contentUrl":"https:\/\/my.stlflix.com\/wp-content\/uploads\/2026\/01\/Cartaz-de-energia-solar-amarelo-e-azul-escuro-moderno-9-scaled.png","width":1920,"height":2560},{"@type":"BreadcrumbList","@id":"https:\/\/www.my3dstore-example.com\/product\/betsie-the-bat-sea-star-69657efa13ae1\/#breadcrumb","itemListElement":[{"@type":"ListItem","position":1,"name":"Home","item":"https:\/\/my.stlflix.com\/"},{"@type":"ListItem","position":2,"name":"Products","item":"https:\/\/my.stlflix.com\/fr\/shop\/"},{"@type":"ListItem","position":3,"name":"Patrick, a estrela do mar"}]},{"@type":"WebSite","@id":"https:\/\/my.stlflix.com\/tr\/#website","url":"https:\/\/my.stlflix.com\/tr\/","name":"MyStore - By STLFLIX","description":"","publisher":{"@id":"https:\/\/my.stlflix.com\/tr\/#organization"},"potentialAction":[{"@type":"SearchAction","target":{"@type":"EntryPoint","urlTemplate":"https:\/\/my.stlflix.com\/tr\/?s={search_term_string}"},"query-input":{"@type":"PropertyValueSpecification","valueRequired":true,"valueName":"search_term_string"}}],"inLanguage":"fr-FR"},{"@type":"Organization","@id":"https:\/\/my.stlflix.com\/tr\/#organization","name":"MyStore - By STLFLIX","url":"https:\/\/my.stlflix.com\/tr\/","logo":{"@type":"ImageObject","inLanguage":"fr-FR","@id":"https:\/\/my.stlflix.com\/tr\/#\/schema\/logo\/image\/","url":"https:\/\/my.stlflix.com\/wp-content\/uploads\/2024\/06\/logo-mystore.png","contentUrl":"https:\/\/my.stlflix.com\/wp-content\/uploads\/2024\/06\/logo-mystore.png","width":150,"height":41,"caption":"MyStore - By STLFLIX"},"image":{"@id":"https:\/\/my.stlflix.com\/tr\/#\/schema\/logo\/image\/"},"sameAs":["https:\/\/www.facebook.com\/STLFLIX","https:\/\/www.instagram.com\/stlflix_\/","https:\/\/www.tiktok.com\/@stlflix"]}]}},"_links":{"self":[{"href":"https:\/\/my.stlflix.com\/fr\/wp-json\/wp\/v2\/product\/508622","targetHints":{"allow":["GET"]}}],"collection":[{"href":"https:\/\/my.stlflix.com\/fr\/wp-json\/wp\/v2\/product"}],"about":[{"href":"https:\/\/my.stlflix.com\/fr\/wp-json\/wp\/v2\/types\/product"}],"replies":[{"embeddable":true,"href":"https:\/\/my.stlflix.com\/fr\/wp-json\/wp\/v2\/comments?post=508622"}],"wp:featuredmedia":[{"embeddable":true,"href":"https:\/\/my.stlflix.com\/fr\/wp-json\/wp\/v2\/media\/508640"}],"wp:attachment":[{"href":"https:\/\/my.stlflix.com\/fr\/wp-json\/wp\/v2\/media?parent=508622"}],"wp:term":[{"taxonomy":"product_brand","embeddable":true,"href":"https:\/\/my.stlflix.com\/fr\/wp-json\/wp\/v2\/product_brand?post=508622"},{"taxonomy":"product_cat","embeddable":true,"href":"https:\/\/my.stlflix.com\/fr\/wp-json\/wp\/v2\/product_cat?post=508622"},{"taxonomy":"product_tag","embeddable":true,"href":"https:\/\/my.stlflix.com\/fr\/wp-json\/wp\/v2\/product_tag?post=508622"}],"curies":[{"name":"wp","href":"https:\/\/api.w.org\/{rel}","templated":true}]}}