{"id":514003,"date":"2026-01-22T17:44:36","date_gmt":"2026-01-22T17:44:36","guid":{"rendered":"https:\/\/my.stlflix.com\/?post_type=product&#038;p=514003"},"modified":"2026-02-01T19:38:01","modified_gmt":"2026-02-01T19:38:01","slug":"skeleton-stegosaurus-69723aba4105f","status":"publish","type":"product","link":"https:\/\/my.stlflix.com\/fr\/product\/skeleton-stegosaurus-69723aba4105f\/","title":{"rendered":"Stegosaurus Skeleton"},"content":{"rendered":"<h3 data-path-to-node=\"32\">\ud83c\udf35 O Tit\u00e3 Espinhoso: Conhe\u00e7a o Stegosaurus Skeleton!<\/h3>\n<p data-path-to-node=\"33\">Apresentamos o Stegosaurus Skeleton, onde a natureza ex\u00f3tica encontra a engenharia da impress\u00e3o 3D! \ud83c\udf35\ud83e\udd95 Famoso por suas placas dorsais inconfund\u00edveis e a cauda com espinhos, este modelo oferece uma silhueta \u00fanica que chama a aten\u00e7\u00e3o de longe. \ud83c\udf1f\ud83e\uddb4 O sistema de articula\u00e7\u00e3o permite que ele se mova com uma eleg\u00e2ncia hipnotizante, destacando o alinhamento perfeito de cada placa \u00f3ssea.<\/p>\n<p data-path-to-node=\"34\">Uma pe\u00e7a essencial para amantes de design e dinossauros, ele traz um visual cl\u00e1ssico, por\u00e9m futurista, perfeito para compor ambientes criativos e modernos. \ud83c\udfa8\u2728<\/p>\n<p data-path-to-node=\"35\">Eleve o n\u00edvel da sua cole\u00e7\u00e3o com o charme espinhoso e a qualidade impec\u00e1vel da Styllus 3D! \u2694\ufe0f\ud83e\udde1<\/p>\n<hr data-path-to-node=\"36\" \/>\n<p data-path-to-node=\"37\">\ud83c\udfa8 Cores: Verde Musgo (ou personalize a sua!)<\/p>\n<p data-path-to-node=\"37\">\u267b\ufe0f Material: PLA de alta qualidade<\/p>\n<p data-path-to-node=\"37\">\ud83d\udee0\ufe0f Produ\u00e7\u00e3o: Impress\u00e3o 3D por Styllus3D e modelos Stlflix<\/p>\n","protected":false},"excerpt":{"rendered":"<p>\ud83c\udf35 O Tit\u00e3 Espinhoso: Conhe\u00e7a o Stegosaurus Skeleton! Apresentamos o Stegosaurus Skeleton, onde a natureza ex\u00f3tica encontra a engenharia da impress\u00e3o 3D! \ud83c\udf35\ud83e\udd95 Famoso por suas placas dorsais inconfund\u00edveis e a cauda com espinhos, este modelo oferece uma silhueta \u00fanica que chama a aten\u00e7\u00e3o de longe. \ud83c\udf1f\ud83e\uddb4 O sistema de articula\u00e7\u00e3o permite que ele se [&hellip;]<\/p>\n","protected":false},"featured_media":455952,"comment_status":"open","ping_status":"closed","template":"","meta":[],"product_brand":[],"product_cat":[15],"product_tag":[7204],"class_list":{"0":"post-514003","1":"product","2":"type-product","3":"status-publish","4":"has-post-thumbnail","6":"product_cat-uncategorized","7":"product_tag-era-dos-dinossauros","9":"first","10":"outofstock","11":"sale","12":"purchasable","13":"product-type-simple"},"yoast_head":"<!-- This site is optimized with the Yoast SEO plugin v25.1 - https:\/\/yoast.com\/wordpress\/plugins\/seo\/ -->\n<title>Stegosaurus Skeleton - MyStore - By STLFLIX<\/title>\n<meta name=\"robots\" content=\"index, follow, max-snippet:-1, max-image-preview:large, max-video-preview:-1\" \/>\n<link rel=\"canonical\" href=\"https:\/\/www.monitorstlflix.online\/product\/skeleton-stegosaurus-69723aba4105f\/\" \/>\n<meta property=\"og:locale\" content=\"fr_FR\" \/>\n<meta property=\"og:type\" content=\"article\" \/>\n<meta property=\"og:title\" content=\"Stegosaurus Skeleton - MyStore - By STLFLIX\" \/>\n<meta property=\"og:description\" content=\"\ud83c\udf35 O Tit\u00e3 Espinhoso: Conhe\u00e7a o Stegosaurus Skeleton! Apresentamos o Stegosaurus Skeleton, onde a natureza ex\u00f3tica encontra a engenharia da impress\u00e3o 3D! \ud83c\udf35\ud83e\udd95 Famoso por suas placas dorsais inconfund\u00edveis e a cauda com espinhos, este modelo oferece uma silhueta \u00fanica que chama a aten\u00e7\u00e3o de longe. \ud83c\udf1f\ud83e\uddb4 O sistema de articula\u00e7\u00e3o permite que ele se [&hellip;]\" \/>\n<meta property=\"og:url\" content=\"https:\/\/www.monitorstlflix.online\/product\/skeleton-stegosaurus-69723aba4105f\/\" \/>\n<meta property=\"og:site_name\" content=\"MyStore - By STLFLIX\" \/>\n<meta property=\"article:publisher\" content=\"https:\/\/www.facebook.com\/STLFLIX\" \/>\n<meta property=\"article:modified_time\" content=\"2026-02-01T19:38:01+00:00\" \/>\n<meta property=\"og:image\" content=\"https:\/\/www.monitorstlflix.online\/wp-content\/uploads\/2025\/10\/Skeleton_Stegosaurusthumb_9aad468541.jpg\" \/>\n\t<meta property=\"og:image:width\" content=\"1080\" \/>\n\t<meta property=\"og:image:height\" content=\"1350\" \/>\n\t<meta property=\"og:image:type\" content=\"image\/jpeg\" \/>\n<meta name=\"twitter:card\" content=\"summary_large_image\" \/>\n<meta name=\"twitter:label1\" content=\"Est. reading time\" \/>\n\t<meta name=\"twitter:data1\" content=\"1 minute\" \/>\n<script type=\"application\/ld+json\" class=\"yoast-schema-graph\">{\"@context\":\"https:\/\/schema.org\",\"@graph\":[{\"@type\":\"WebPage\",\"@id\":\"https:\/\/www.monitorstlflix.online\/product\/skeleton-stegosaurus-69723aba4105f\/\",\"url\":\"https:\/\/www.monitorstlflix.online\/product\/skeleton-stegosaurus-69723aba4105f\/\",\"name\":\"Stegosaurus Skeleton - MyStore - By STLFLIX\",\"isPartOf\":{\"@id\":\"https:\/\/my.stlflix.com\/tr\/#website\"},\"primaryImageOfPage\":{\"@id\":\"https:\/\/www.monitorstlflix.online\/product\/skeleton-stegosaurus-69723aba4105f\/#primaryimage\"},\"image\":{\"@id\":\"https:\/\/www.monitorstlflix.online\/product\/skeleton-stegosaurus-69723aba4105f\/#primaryimage\"},\"thumbnailUrl\":\"https:\/\/my.stlflix.com\/wp-content\/uploads\/2025\/10\/Skeleton_Stegosaurusthumb_9aad468541.jpg\",\"datePublished\":\"2026-01-22T17:44:36+00:00\",\"dateModified\":\"2026-02-01T19:38:01+00:00\",\"breadcrumb\":{\"@id\":\"https:\/\/www.monitorstlflix.online\/product\/skeleton-stegosaurus-69723aba4105f\/#breadcrumb\"},\"inLanguage\":\"fr-FR\",\"potentialAction\":[{\"@type\":\"ReadAction\",\"target\":[\"https:\/\/www.monitorstlflix.online\/product\/skeleton-stegosaurus-69723aba4105f\/\"]}]},{\"@type\":\"ImageObject\",\"inLanguage\":\"fr-FR\",\"@id\":\"https:\/\/www.monitorstlflix.online\/product\/skeleton-stegosaurus-69723aba4105f\/#primaryimage\",\"url\":\"https:\/\/my.stlflix.com\/wp-content\/uploads\/2025\/10\/Skeleton_Stegosaurusthumb_9aad468541.jpg\",\"contentUrl\":\"https:\/\/my.stlflix.com\/wp-content\/uploads\/2025\/10\/Skeleton_Stegosaurusthumb_9aad468541.jpg\",\"width\":1080,\"height\":1350},{\"@type\":\"BreadcrumbList\",\"@id\":\"https:\/\/www.monitorstlflix.online\/product\/skeleton-stegosaurus-69723aba4105f\/#breadcrumb\",\"itemListElement\":[{\"@type\":\"ListItem\",\"position\":1,\"name\":\"Home\",\"item\":\"https:\/\/my.stlflix.com\/\"},{\"@type\":\"ListItem\",\"position\":2,\"name\":\"Products\",\"item\":\"https:\/\/my.stlflix.com\/fr\/shop\/\"},{\"@type\":\"ListItem\",\"position\":3,\"name\":\"Stegosaurus Skeleton\"}]},{\"@type\":\"WebSite\",\"@id\":\"https:\/\/my.stlflix.com\/tr\/#website\",\"url\":\"https:\/\/my.stlflix.com\/tr\/\",\"name\":\"MyStore - By STLFLIX\",\"description\":\"\",\"publisher\":{\"@id\":\"https:\/\/my.stlflix.com\/tr\/#organization\"},\"potentialAction\":[{\"@type\":\"SearchAction\",\"target\":{\"@type\":\"EntryPoint\",\"urlTemplate\":\"https:\/\/my.stlflix.com\/tr\/?s={search_term_string}\"},\"query-input\":{\"@type\":\"PropertyValueSpecification\",\"valueRequired\":true,\"valueName\":\"search_term_string\"}}],\"inLanguage\":\"fr-FR\"},{\"@type\":\"Organization\",\"@id\":\"https:\/\/my.stlflix.com\/tr\/#organization\",\"name\":\"MyStore - By STLFLIX\",\"url\":\"https:\/\/my.stlflix.com\/tr\/\",\"logo\":{\"@type\":\"ImageObject\",\"inLanguage\":\"fr-FR\",\"@id\":\"https:\/\/my.stlflix.com\/tr\/#\/schema\/logo\/image\/\",\"url\":\"https:\/\/my.stlflix.com\/wp-content\/uploads\/2024\/06\/logo-mystore.png\",\"contentUrl\":\"https:\/\/my.stlflix.com\/wp-content\/uploads\/2024\/06\/logo-mystore.png\",\"width\":150,\"height\":41,\"caption\":\"MyStore - By STLFLIX\"},\"image\":{\"@id\":\"https:\/\/my.stlflix.com\/tr\/#\/schema\/logo\/image\/\"},\"sameAs\":[\"https:\/\/www.facebook.com\/STLFLIX\",\"https:\/\/www.instagram.com\/stlflix_\/\",\"https:\/\/www.tiktok.com\/@stlflix\"]}]}<\/script>\n<!-- \/ Yoast SEO plugin. -->","yoast_head_json":{"title":"Stegosaurus Skeleton - MyStore - By STLFLIX","robots":{"index":"index","follow":"follow","max-snippet":"max-snippet:-1","max-image-preview":"max-image-preview:large","max-video-preview":"max-video-preview:-1"},"canonical":"https:\/\/www.monitorstlflix.online\/product\/skeleton-stegosaurus-69723aba4105f\/","og_locale":"fr_FR","og_type":"article","og_title":"Stegosaurus Skeleton - MyStore - By STLFLIX","og_description":"\ud83c\udf35 O Tit\u00e3 Espinhoso: Conhe\u00e7a o Stegosaurus Skeleton! Apresentamos o Stegosaurus Skeleton, onde a natureza ex\u00f3tica encontra a engenharia da impress\u00e3o 3D! \ud83c\udf35\ud83e\udd95 Famoso por suas placas dorsais inconfund\u00edveis e a cauda com espinhos, este modelo oferece uma silhueta \u00fanica que chama a aten\u00e7\u00e3o de longe. \ud83c\udf1f\ud83e\uddb4 O sistema de articula\u00e7\u00e3o permite que ele se [&hellip;]","og_url":"https:\/\/www.monitorstlflix.online\/product\/skeleton-stegosaurus-69723aba4105f\/","og_site_name":"MyStore - By STLFLIX","article_publisher":"https:\/\/www.facebook.com\/STLFLIX","article_modified_time":"2026-02-01T19:38:01+00:00","og_image":[{"width":1080,"height":1350,"url":"https:\/\/www.monitorstlflix.online\/wp-content\/uploads\/2025\/10\/Skeleton_Stegosaurusthumb_9aad468541.jpg","type":"image\/jpeg"}],"twitter_card":"summary_large_image","twitter_misc":{"Est. reading time":"1 minute"},"schema":{"@context":"https:\/\/schema.org","@graph":[{"@type":"WebPage","@id":"https:\/\/www.monitorstlflix.online\/product\/skeleton-stegosaurus-69723aba4105f\/","url":"https:\/\/www.monitorstlflix.online\/product\/skeleton-stegosaurus-69723aba4105f\/","name":"Stegosaurus Skeleton - MyStore - By STLFLIX","isPartOf":{"@id":"https:\/\/my.stlflix.com\/tr\/#website"},"primaryImageOfPage":{"@id":"https:\/\/www.monitorstlflix.online\/product\/skeleton-stegosaurus-69723aba4105f\/#primaryimage"},"image":{"@id":"https:\/\/www.monitorstlflix.online\/product\/skeleton-stegosaurus-69723aba4105f\/#primaryimage"},"thumbnailUrl":"https:\/\/my.stlflix.com\/wp-content\/uploads\/2025\/10\/Skeleton_Stegosaurusthumb_9aad468541.jpg","datePublished":"2026-01-22T17:44:36+00:00","dateModified":"2026-02-01T19:38:01+00:00","breadcrumb":{"@id":"https:\/\/www.monitorstlflix.online\/product\/skeleton-stegosaurus-69723aba4105f\/#breadcrumb"},"inLanguage":"fr-FR","potentialAction":[{"@type":"ReadAction","target":["https:\/\/www.monitorstlflix.online\/product\/skeleton-stegosaurus-69723aba4105f\/"]}]},{"@type":"ImageObject","inLanguage":"fr-FR","@id":"https:\/\/www.monitorstlflix.online\/product\/skeleton-stegosaurus-69723aba4105f\/#primaryimage","url":"https:\/\/my.stlflix.com\/wp-content\/uploads\/2025\/10\/Skeleton_Stegosaurusthumb_9aad468541.jpg","contentUrl":"https:\/\/my.stlflix.com\/wp-content\/uploads\/2025\/10\/Skeleton_Stegosaurusthumb_9aad468541.jpg","width":1080,"height":1350},{"@type":"BreadcrumbList","@id":"https:\/\/www.monitorstlflix.online\/product\/skeleton-stegosaurus-69723aba4105f\/#breadcrumb","itemListElement":[{"@type":"ListItem","position":1,"name":"Home","item":"https:\/\/my.stlflix.com\/"},{"@type":"ListItem","position":2,"name":"Products","item":"https:\/\/my.stlflix.com\/fr\/shop\/"},{"@type":"ListItem","position":3,"name":"Stegosaurus Skeleton"}]},{"@type":"WebSite","@id":"https:\/\/my.stlflix.com\/tr\/#website","url":"https:\/\/my.stlflix.com\/tr\/","name":"MyStore - By STLFLIX","description":"","publisher":{"@id":"https:\/\/my.stlflix.com\/tr\/#organization"},"potentialAction":[{"@type":"SearchAction","target":{"@type":"EntryPoint","urlTemplate":"https:\/\/my.stlflix.com\/tr\/?s={search_term_string}"},"query-input":{"@type":"PropertyValueSpecification","valueRequired":true,"valueName":"search_term_string"}}],"inLanguage":"fr-FR"},{"@type":"Organization","@id":"https:\/\/my.stlflix.com\/tr\/#organization","name":"MyStore - By STLFLIX","url":"https:\/\/my.stlflix.com\/tr\/","logo":{"@type":"ImageObject","inLanguage":"fr-FR","@id":"https:\/\/my.stlflix.com\/tr\/#\/schema\/logo\/image\/","url":"https:\/\/my.stlflix.com\/wp-content\/uploads\/2024\/06\/logo-mystore.png","contentUrl":"https:\/\/my.stlflix.com\/wp-content\/uploads\/2024\/06\/logo-mystore.png","width":150,"height":41,"caption":"MyStore - By STLFLIX"},"image":{"@id":"https:\/\/my.stlflix.com\/tr\/#\/schema\/logo\/image\/"},"sameAs":["https:\/\/www.facebook.com\/STLFLIX","https:\/\/www.instagram.com\/stlflix_\/","https:\/\/www.tiktok.com\/@stlflix"]}]}},"_links":{"self":[{"href":"https:\/\/my.stlflix.com\/fr\/wp-json\/wp\/v2\/product\/514003","targetHints":{"allow":["GET"]}}],"collection":[{"href":"https:\/\/my.stlflix.com\/fr\/wp-json\/wp\/v2\/product"}],"about":[{"href":"https:\/\/my.stlflix.com\/fr\/wp-json\/wp\/v2\/types\/product"}],"replies":[{"embeddable":true,"href":"https:\/\/my.stlflix.com\/fr\/wp-json\/wp\/v2\/comments?post=514003"}],"wp:featuredmedia":[{"embeddable":true,"href":"https:\/\/my.stlflix.com\/fr\/wp-json\/wp\/v2\/media\/455952"}],"wp:attachment":[{"href":"https:\/\/my.stlflix.com\/fr\/wp-json\/wp\/v2\/media?parent=514003"}],"wp:term":[{"taxonomy":"product_brand","embeddable":true,"href":"https:\/\/my.stlflix.com\/fr\/wp-json\/wp\/v2\/product_brand?post=514003"},{"taxonomy":"product_cat","embeddable":true,"href":"https:\/\/my.stlflix.com\/fr\/wp-json\/wp\/v2\/product_cat?post=514003"},{"taxonomy":"product_tag","embeddable":true,"href":"https:\/\/my.stlflix.com\/fr\/wp-json\/wp\/v2\/product_tag?post=514003"}],"curies":[{"name":"wp","href":"https:\/\/api.w.org\/{rel}","templated":true}]}}