{"id":514152,"date":"2026-01-22T18:16:43","date_gmt":"2026-01-22T18:16:43","guid":{"rendered":"https:\/\/my.stlflix.com\/?post_type=product&#038;p=514152"},"modified":"2026-02-01T19:38:01","modified_gmt":"2026-02-01T19:38:01","slug":"low-poly-dinos-i-697264eb726ff","status":"publish","type":"product","link":"https:\/\/my.stlflix.com\/fr\/product\/low-poly-dinos-i-697264eb726ff\/","title":{"rendered":"3 Dinos"},"content":{"rendered":"<h3 data-path-to-node=\"2\">\ud83d\udc8e A Geometria da Pr\u00e9-Hist\u00f3ria: Conhe\u00e7a o Trio Jur\u00e1ssico Low Poly!<\/h3>\n<p data-path-to-node=\"3\">Apresentamos a Cole\u00e7\u00e3o Low Poly Dino, onde a brutalidade pr\u00e9-hist\u00f3rica encontra a eleg\u00e2ncia do design minimalista moderno! \ud83d\udcd0\ud83e\udd95 Esque\u00e7a as escamas por um momento e aprecie a perfei\u00e7\u00e3o das arestas. Nesta s\u00e9rie, transformamos gigantes do passado em obras de arte facetadas, capturando a ess\u00eancia do <b data-path-to-node=\"3\" data-index-in-node=\"297\">Stegosaurus<\/b>, do majestoso <b data-path-to-node=\"3\" data-index-in-node=\"323\">Brachiosaurus<\/b> e do elegante <b data-path-to-node=\"3\" data-index-in-node=\"351\">Parasaurolophus<\/b> atrav\u00e9s de pol\u00edgonos precisos. \u2728\ud83c\udfa8<\/p>\n<p data-path-to-node=\"4\">O acabamento brilhante reflete a luz em cada \u00e2ngulo, criando um jogo de sombras e cores que hipnotiza. N\u00e3o s\u00e3o apenas dinossauros; s\u00e3o pe\u00e7as de <i data-path-to-node=\"4\" data-index-in-node=\"144\">design<\/i> contempor\u00e2neo feitas para quem busca uma decora\u00e7\u00e3o sofisticada, geek e cheia de personalidade. Seja no setup gamer, no escrit\u00f3rio ou na estante da sala, eles trazem um toque de cor vibrante e modernidade imediata. \ud83d\udda5\ufe0f\ud83c\udf3f<\/p>\n<p data-path-to-node=\"5\">Atualize sua decora\u00e7\u00e3o com a fus\u00e3o perfeita entre o passado remoto e a tecnologia do futuro que s\u00f3 a Styllus 3D proporciona! \ud83d\ude80\ud83e\udd96<\/p>\n<hr data-path-to-node=\"6\" \/>\n<p data-path-to-node=\"7\">\ud83c\udfa8 Cores: Roxo , Verde\u00a0 e Cobre Met\u00e1lico ou a cor que voce escolher !<\/p>\n<p data-path-to-node=\"7\">\u267b\ufe0f Material: PLA de alta qualidade<\/p>\n<p data-path-to-node=\"7\">\ud83d\udee0\ufe0f Produ\u00e7\u00e3o: Impress\u00e3o 3D por Styllus3D e modelos Stlflix<\/p>\n","protected":false},"excerpt":{"rendered":"<p>\ud83d\udc8e A Geometria da Pr\u00e9-Hist\u00f3ria: Conhe\u00e7a o Trio Jur\u00e1ssico Low Poly! Apresentamos a Cole\u00e7\u00e3o Low Poly Dino, onde a brutalidade pr\u00e9-hist\u00f3rica encontra a eleg\u00e2ncia do design minimalista moderno! \ud83d\udcd0\ud83e\udd95 Esque\u00e7a as escamas por um momento e aprecie a perfei\u00e7\u00e3o das arestas. Nesta s\u00e9rie, transformamos gigantes do passado em obras de arte facetadas, capturando a ess\u00eancia [&hellip;]<\/p>\n","protected":false},"featured_media":514158,"comment_status":"open","ping_status":"closed","template":"","meta":[],"product_brand":[],"product_cat":[57],"product_tag":[7204],"class_list":{"0":"post-514152","1":"product","2":"type-product","3":"status-publish","4":"has-post-thumbnail","6":"product_cat-dinosaurs","7":"product_tag-era-dos-dinossauros","9":"first","10":"outofstock","11":"sale","12":"purchasable","13":"product-type-simple"},"yoast_head":"<!-- This site is optimized with the Yoast SEO plugin v25.1 - https:\/\/yoast.com\/wordpress\/plugins\/seo\/ -->\n<title>3 Dinos - MyStore - By STLFLIX<\/title>\n<meta name=\"robots\" content=\"index, follow, max-snippet:-1, max-image-preview:large, max-video-preview:-1\" \/>\n<link rel=\"canonical\" href=\"https:\/\/www.testeminhalojamandela.biz\/product\/low-poly-dinos-i-697264eb726ff\/\" \/>\n<meta property=\"og:locale\" content=\"fr_FR\" \/>\n<meta property=\"og:type\" content=\"article\" \/>\n<meta property=\"og:title\" content=\"3 Dinos - MyStore - By STLFLIX\" \/>\n<meta property=\"og:description\" content=\"\ud83d\udc8e A Geometria da Pr\u00e9-Hist\u00f3ria: Conhe\u00e7a o Trio Jur\u00e1ssico Low Poly! Apresentamos a Cole\u00e7\u00e3o Low Poly Dino, onde a brutalidade pr\u00e9-hist\u00f3rica encontra a eleg\u00e2ncia do design minimalista moderno! \ud83d\udcd0\ud83e\udd95 Esque\u00e7a as escamas por um momento e aprecie a perfei\u00e7\u00e3o das arestas. Nesta s\u00e9rie, transformamos gigantes do passado em obras de arte facetadas, capturando a ess\u00eancia [&hellip;]\" \/>\n<meta property=\"og:url\" content=\"https:\/\/www.testeminhalojamandela.biz\/product\/low-poly-dinos-i-697264eb726ff\/\" \/>\n<meta property=\"og:site_name\" content=\"MyStore - By STLFLIX\" \/>\n<meta property=\"article:publisher\" content=\"https:\/\/www.facebook.com\/STLFLIX\" \/>\n<meta property=\"article:modified_time\" content=\"2026-02-01T19:38:01+00:00\" \/>\n<meta property=\"og:image\" content=\"https:\/\/www.testeminhalojamandela.biz\/wp-content\/uploads\/2026\/01\/Cartaz-de-energia-solar-amarelo-e-azul-escuro-moderno-16-scaled.png\" \/>\n\t<meta property=\"og:image:width\" content=\"1920\" \/>\n\t<meta property=\"og:image:height\" content=\"2560\" \/>\n\t<meta property=\"og:image:type\" content=\"image\/png\" \/>\n<meta name=\"twitter:card\" content=\"summary_large_image\" \/>\n<meta name=\"twitter:label1\" content=\"Est. reading time\" \/>\n\t<meta name=\"twitter:data1\" content=\"1 minute\" \/>\n<script type=\"application\/ld+json\" class=\"yoast-schema-graph\">{\"@context\":\"https:\/\/schema.org\",\"@graph\":[{\"@type\":\"WebPage\",\"@id\":\"https:\/\/www.testeminhalojamandela.biz\/product\/low-poly-dinos-i-697264eb726ff\/\",\"url\":\"https:\/\/www.testeminhalojamandela.biz\/product\/low-poly-dinos-i-697264eb726ff\/\",\"name\":\"3 Dinos - MyStore - By STLFLIX\",\"isPartOf\":{\"@id\":\"https:\/\/my.stlflix.com\/tr\/#website\"},\"primaryImageOfPage\":{\"@id\":\"https:\/\/www.testeminhalojamandela.biz\/product\/low-poly-dinos-i-697264eb726ff\/#primaryimage\"},\"image\":{\"@id\":\"https:\/\/www.testeminhalojamandela.biz\/product\/low-poly-dinos-i-697264eb726ff\/#primaryimage\"},\"thumbnailUrl\":\"https:\/\/my.stlflix.com\/wp-content\/uploads\/2026\/01\/Cartaz-de-energia-solar-amarelo-e-azul-escuro-moderno-16-scaled.png\",\"datePublished\":\"2026-01-22T18:16:43+00:00\",\"dateModified\":\"2026-02-01T19:38:01+00:00\",\"breadcrumb\":{\"@id\":\"https:\/\/www.testeminhalojamandela.biz\/product\/low-poly-dinos-i-697264eb726ff\/#breadcrumb\"},\"inLanguage\":\"fr-FR\",\"potentialAction\":[{\"@type\":\"ReadAction\",\"target\":[\"https:\/\/www.testeminhalojamandela.biz\/product\/low-poly-dinos-i-697264eb726ff\/\"]}]},{\"@type\":\"ImageObject\",\"inLanguage\":\"fr-FR\",\"@id\":\"https:\/\/www.testeminhalojamandela.biz\/product\/low-poly-dinos-i-697264eb726ff\/#primaryimage\",\"url\":\"https:\/\/my.stlflix.com\/wp-content\/uploads\/2026\/01\/Cartaz-de-energia-solar-amarelo-e-azul-escuro-moderno-16-scaled.png\",\"contentUrl\":\"https:\/\/my.stlflix.com\/wp-content\/uploads\/2026\/01\/Cartaz-de-energia-solar-amarelo-e-azul-escuro-moderno-16-scaled.png\",\"width\":1920,\"height\":2560},{\"@type\":\"BreadcrumbList\",\"@id\":\"https:\/\/www.testeminhalojamandela.biz\/product\/low-poly-dinos-i-697264eb726ff\/#breadcrumb\",\"itemListElement\":[{\"@type\":\"ListItem\",\"position\":1,\"name\":\"Home\",\"item\":\"https:\/\/my.stlflix.com\/\"},{\"@type\":\"ListItem\",\"position\":2,\"name\":\"Products\",\"item\":\"https:\/\/my.stlflix.com\/fr\/shop\/\"},{\"@type\":\"ListItem\",\"position\":3,\"name\":\"3 Dinos\"}]},{\"@type\":\"WebSite\",\"@id\":\"https:\/\/my.stlflix.com\/tr\/#website\",\"url\":\"https:\/\/my.stlflix.com\/tr\/\",\"name\":\"MyStore - By STLFLIX\",\"description\":\"\",\"publisher\":{\"@id\":\"https:\/\/my.stlflix.com\/tr\/#organization\"},\"potentialAction\":[{\"@type\":\"SearchAction\",\"target\":{\"@type\":\"EntryPoint\",\"urlTemplate\":\"https:\/\/my.stlflix.com\/tr\/?s={search_term_string}\"},\"query-input\":{\"@type\":\"PropertyValueSpecification\",\"valueRequired\":true,\"valueName\":\"search_term_string\"}}],\"inLanguage\":\"fr-FR\"},{\"@type\":\"Organization\",\"@id\":\"https:\/\/my.stlflix.com\/tr\/#organization\",\"name\":\"MyStore - By STLFLIX\",\"url\":\"https:\/\/my.stlflix.com\/tr\/\",\"logo\":{\"@type\":\"ImageObject\",\"inLanguage\":\"fr-FR\",\"@id\":\"https:\/\/my.stlflix.com\/tr\/#\/schema\/logo\/image\/\",\"url\":\"https:\/\/my.stlflix.com\/wp-content\/uploads\/2024\/06\/logo-mystore.png\",\"contentUrl\":\"https:\/\/my.stlflix.com\/wp-content\/uploads\/2024\/06\/logo-mystore.png\",\"width\":150,\"height\":41,\"caption\":\"MyStore - By STLFLIX\"},\"image\":{\"@id\":\"https:\/\/my.stlflix.com\/tr\/#\/schema\/logo\/image\/\"},\"sameAs\":[\"https:\/\/www.facebook.com\/STLFLIX\",\"https:\/\/www.instagram.com\/stlflix_\/\",\"https:\/\/www.tiktok.com\/@stlflix\"]}]}<\/script>\n<!-- \/ Yoast SEO plugin. -->","yoast_head_json":{"title":"3 Dinos - MyStore - By STLFLIX","robots":{"index":"index","follow":"follow","max-snippet":"max-snippet:-1","max-image-preview":"max-image-preview:large","max-video-preview":"max-video-preview:-1"},"canonical":"https:\/\/www.testeminhalojamandela.biz\/product\/low-poly-dinos-i-697264eb726ff\/","og_locale":"fr_FR","og_type":"article","og_title":"3 Dinos - MyStore - By STLFLIX","og_description":"\ud83d\udc8e A Geometria da Pr\u00e9-Hist\u00f3ria: Conhe\u00e7a o Trio Jur\u00e1ssico Low Poly! Apresentamos a Cole\u00e7\u00e3o Low Poly Dino, onde a brutalidade pr\u00e9-hist\u00f3rica encontra a eleg\u00e2ncia do design minimalista moderno! \ud83d\udcd0\ud83e\udd95 Esque\u00e7a as escamas por um momento e aprecie a perfei\u00e7\u00e3o das arestas. Nesta s\u00e9rie, transformamos gigantes do passado em obras de arte facetadas, capturando a ess\u00eancia [&hellip;]","og_url":"https:\/\/www.testeminhalojamandela.biz\/product\/low-poly-dinos-i-697264eb726ff\/","og_site_name":"MyStore - By STLFLIX","article_publisher":"https:\/\/www.facebook.com\/STLFLIX","article_modified_time":"2026-02-01T19:38:01+00:00","og_image":[{"width":1920,"height":2560,"url":"https:\/\/www.testeminhalojamandela.biz\/wp-content\/uploads\/2026\/01\/Cartaz-de-energia-solar-amarelo-e-azul-escuro-moderno-16-scaled.png","type":"image\/png"}],"twitter_card":"summary_large_image","twitter_misc":{"Est. reading time":"1 minute"},"schema":{"@context":"https:\/\/schema.org","@graph":[{"@type":"WebPage","@id":"https:\/\/www.testeminhalojamandela.biz\/product\/low-poly-dinos-i-697264eb726ff\/","url":"https:\/\/www.testeminhalojamandela.biz\/product\/low-poly-dinos-i-697264eb726ff\/","name":"3 Dinos - MyStore - By STLFLIX","isPartOf":{"@id":"https:\/\/my.stlflix.com\/tr\/#website"},"primaryImageOfPage":{"@id":"https:\/\/www.testeminhalojamandela.biz\/product\/low-poly-dinos-i-697264eb726ff\/#primaryimage"},"image":{"@id":"https:\/\/www.testeminhalojamandela.biz\/product\/low-poly-dinos-i-697264eb726ff\/#primaryimage"},"thumbnailUrl":"https:\/\/my.stlflix.com\/wp-content\/uploads\/2026\/01\/Cartaz-de-energia-solar-amarelo-e-azul-escuro-moderno-16-scaled.png","datePublished":"2026-01-22T18:16:43+00:00","dateModified":"2026-02-01T19:38:01+00:00","breadcrumb":{"@id":"https:\/\/www.testeminhalojamandela.biz\/product\/low-poly-dinos-i-697264eb726ff\/#breadcrumb"},"inLanguage":"fr-FR","potentialAction":[{"@type":"ReadAction","target":["https:\/\/www.testeminhalojamandela.biz\/product\/low-poly-dinos-i-697264eb726ff\/"]}]},{"@type":"ImageObject","inLanguage":"fr-FR","@id":"https:\/\/www.testeminhalojamandela.biz\/product\/low-poly-dinos-i-697264eb726ff\/#primaryimage","url":"https:\/\/my.stlflix.com\/wp-content\/uploads\/2026\/01\/Cartaz-de-energia-solar-amarelo-e-azul-escuro-moderno-16-scaled.png","contentUrl":"https:\/\/my.stlflix.com\/wp-content\/uploads\/2026\/01\/Cartaz-de-energia-solar-amarelo-e-azul-escuro-moderno-16-scaled.png","width":1920,"height":2560},{"@type":"BreadcrumbList","@id":"https:\/\/www.testeminhalojamandela.biz\/product\/low-poly-dinos-i-697264eb726ff\/#breadcrumb","itemListElement":[{"@type":"ListItem","position":1,"name":"Home","item":"https:\/\/my.stlflix.com\/"},{"@type":"ListItem","position":2,"name":"Products","item":"https:\/\/my.stlflix.com\/fr\/shop\/"},{"@type":"ListItem","position":3,"name":"3 Dinos"}]},{"@type":"WebSite","@id":"https:\/\/my.stlflix.com\/tr\/#website","url":"https:\/\/my.stlflix.com\/tr\/","name":"MyStore - By STLFLIX","description":"","publisher":{"@id":"https:\/\/my.stlflix.com\/tr\/#organization"},"potentialAction":[{"@type":"SearchAction","target":{"@type":"EntryPoint","urlTemplate":"https:\/\/my.stlflix.com\/tr\/?s={search_term_string}"},"query-input":{"@type":"PropertyValueSpecification","valueRequired":true,"valueName":"search_term_string"}}],"inLanguage":"fr-FR"},{"@type":"Organization","@id":"https:\/\/my.stlflix.com\/tr\/#organization","name":"MyStore - By STLFLIX","url":"https:\/\/my.stlflix.com\/tr\/","logo":{"@type":"ImageObject","inLanguage":"fr-FR","@id":"https:\/\/my.stlflix.com\/tr\/#\/schema\/logo\/image\/","url":"https:\/\/my.stlflix.com\/wp-content\/uploads\/2024\/06\/logo-mystore.png","contentUrl":"https:\/\/my.stlflix.com\/wp-content\/uploads\/2024\/06\/logo-mystore.png","width":150,"height":41,"caption":"MyStore - By STLFLIX"},"image":{"@id":"https:\/\/my.stlflix.com\/tr\/#\/schema\/logo\/image\/"},"sameAs":["https:\/\/www.facebook.com\/STLFLIX","https:\/\/www.instagram.com\/stlflix_\/","https:\/\/www.tiktok.com\/@stlflix"]}]}},"_links":{"self":[{"href":"https:\/\/my.stlflix.com\/fr\/wp-json\/wp\/v2\/product\/514152","targetHints":{"allow":["GET"]}}],"collection":[{"href":"https:\/\/my.stlflix.com\/fr\/wp-json\/wp\/v2\/product"}],"about":[{"href":"https:\/\/my.stlflix.com\/fr\/wp-json\/wp\/v2\/types\/product"}],"replies":[{"embeddable":true,"href":"https:\/\/my.stlflix.com\/fr\/wp-json\/wp\/v2\/comments?post=514152"}],"wp:featuredmedia":[{"embeddable":true,"href":"https:\/\/my.stlflix.com\/fr\/wp-json\/wp\/v2\/media\/514158"}],"wp:attachment":[{"href":"https:\/\/my.stlflix.com\/fr\/wp-json\/wp\/v2\/media?parent=514152"}],"wp:term":[{"taxonomy":"product_brand","embeddable":true,"href":"https:\/\/my.stlflix.com\/fr\/wp-json\/wp\/v2\/product_brand?post=514152"},{"taxonomy":"product_cat","embeddable":true,"href":"https:\/\/my.stlflix.com\/fr\/wp-json\/wp\/v2\/product_cat?post=514152"},{"taxonomy":"product_tag","embeddable":true,"href":"https:\/\/my.stlflix.com\/fr\/wp-json\/wp\/v2\/product_tag?post=514152"}],"curies":[{"name":"wp","href":"https:\/\/api.w.org\/{rel}","templated":true}]}}