{"id":514888,"date":"2026-01-23T18:08:41","date_gmt":"2026-01-23T18:08:41","guid":{"rendered":"https:\/\/my.stlflix.com\/?post_type=product&#038;p=514888"},"modified":"2026-02-09T18:47:46","modified_gmt":"2026-02-09T18:47:46","slug":"sitana-697388dac805e","status":"publish","type":"product","link":"https:\/\/my.stlflix.com\/fr\/product\/sitana-697388dac805e\/","title":{"rendered":"Sitana &#8211; O calango"},"content":{"rendered":"<h3 data-path-to-node=\"3\">\u26a0\ufe0f\u26a0\ufe0f Aten\u00e7\u00e3o o item que est\u00e1 a venda \u00e9 somente a iguana, para comprar o cen\u00e1rio tamb\u00e9m entrar em contato via Instagram: Styllus_3d ou por whatssap : 359884745504\u26a0\ufe0f\u26a0\ufe0f<\/h3>\n<p>__________________________________________________________________________________________________________________<\/p>\n<h3 data-path-to-node=\"3\">\ud83e\udead A Exibi\u00e7\u00e3o de Cores: Conhe\u00e7a o Sitana!<\/h3>\n<p data-path-to-node=\"4\">Apresentamos o Sitana, a prova de que o tamanho n\u00e3o define a grandiosidade! \ud83c\udf08\ud83e\udd8e Inspirado no ex\u00f3tico <i data-path-to-node=\"4\" data-index-in-node=\"102\">Fan-Throated Lizard<\/i>, este modelo captura o momento exato em que ele exibe sua magn\u00edfica &#8220;gola&#8221; (dewlap) para o mundo. \ud83c\udf1f\u2728 A escultura detalha cada dobra dessa membrana impressionante, criando um ponto focal visual que pede por cores vibrantes e acabamentos art\u00edsticos.<\/p>\n<p data-path-to-node=\"5\">Pousado sobre sua base rochosa texturizada, ele transmite uma postura de orgulho e beleza natural. \u00c9 a pe\u00e7a perfeita para quem aprecia os detalhes curiosos da biodiversidade e quer algo que fuja do comum na decora\u00e7\u00e3o. Seja em cores realistas ou em tons fantasiosos, o Sitana \u00e9 feito para brilhar. \ud83c\udfa8\ud83d\udc40<\/p>\n<p data-path-to-node=\"6\">Deixe sua cole\u00e7\u00e3o mostrar suas verdadeiras cores com a delicadeza e precis\u00e3o da Styllus 3D! \ud83c\udff5\ufe0f\ud83e\udde1<\/p>\n<hr data-path-to-node=\"7\" \/>\n<p data-path-to-node=\"8\">\ud83c\udfa8 Cores: Laranja, Azul ou as cores que voc\u00ea escolher<\/p>\n<p data-path-to-node=\"8\">\u267b\ufe0f Material: PLA de alta qualidade<\/p>\n<p data-path-to-node=\"8\">\ud83d\udee0\ufe0f Produ\u00e7\u00e3o: Impress\u00e3o 3D por Styllus3D e modelos Stlflix<\/p>\n","protected":false},"excerpt":{"rendered":"<p>\u26a0\ufe0f\u26a0\ufe0f Aten\u00e7\u00e3o o item que est\u00e1 a venda \u00e9 somente a iguana, para comprar o cen\u00e1rio tamb\u00e9m entrar em contato via Instagram: Styllus_3d ou por whatssap : 359884745504\u26a0\ufe0f\u26a0\ufe0f __________________________________________________________________________________________________________________ \ud83e\udead A Exibi\u00e7\u00e3o de Cores: Conhe\u00e7a o Sitana! Apresentamos o Sitana, a prova de que o tamanho n\u00e3o define a grandiosidade! \ud83c\udf08\ud83e\udd8e Inspirado no ex\u00f3tico Fan-Throated [&hellip;]<\/p>\n","protected":false},"featured_media":52214,"comment_status":"open","ping_status":"closed","template":"","meta":[],"product_brand":[],"product_cat":[19],"product_tag":[7189],"class_list":{"0":"post-514888","1":"product","2":"type-product","3":"status-publish","4":"has-post-thumbnail","6":"product_cat-animals","7":"product_tag-articulado-terrestre","9":"first","10":"instock","11":"sale","12":"purchasable","13":"product-type-simple"},"yoast_head":"<!-- This site is optimized with the Yoast SEO plugin v25.1 - https:\/\/yoast.com\/wordpress\/plugins\/seo\/ -->\n<title>[Calango articulado<\/title>\n<meta name=\"description\" content=\"Sitana - O calango\" \/>\n<meta name=\"robots\" content=\"index, follow, max-snippet:-1, max-image-preview:large, max-video-preview:-1\" \/>\n<link rel=\"canonical\" href=\"https:\/\/www.stlflix-store.com\/product\/sitana-697388dac805e\/\" \/>\n<meta property=\"og:locale\" content=\"fr_FR\" \/>\n<meta property=\"og:type\" content=\"article\" \/>\n<meta property=\"og:title\" content=\"[Calango articulado\" \/>\n<meta property=\"og:description\" content=\"Sitana - O calango\" \/>\n<meta property=\"og:url\" content=\"https:\/\/www.stlflix-store.com\/product\/sitana-697388dac805e\/\" \/>\n<meta property=\"og:site_name\" content=\"MyStore - By STLFLIX\" \/>\n<meta property=\"article:publisher\" content=\"https:\/\/www.facebook.com\/STLFLIX\" \/>\n<meta property=\"article:modified_time\" content=\"2026-02-09T18:47:46+00:00\" \/>\n<meta property=\"og:image\" content=\"https:\/\/www.stlflix-store.com\/wp-content\/uploads\/2024\/07\/Sitanathumb_950a405a35.jpg\" \/>\n\t<meta property=\"og:image:width\" content=\"1080\" \/>\n\t<meta property=\"og:image:height\" content=\"1350\" \/>\n\t<meta property=\"og:image:type\" content=\"image\/jpeg\" \/>\n<meta name=\"twitter:card\" content=\"summary_large_image\" \/>\n<meta name=\"twitter:label1\" content=\"Est. reading time\" \/>\n\t<meta name=\"twitter:data1\" content=\"1 minute\" \/>\n<script type=\"application\/ld+json\" class=\"yoast-schema-graph\">{\"@context\":\"https:\/\/schema.org\",\"@graph\":[{\"@type\":\"WebPage\",\"@id\":\"https:\/\/www.stlflix-store.com\/product\/sitana-697388dac805e\/\",\"url\":\"https:\/\/www.stlflix-store.com\/product\/sitana-697388dac805e\/\",\"name\":\"[Calango articulado\",\"isPartOf\":{\"@id\":\"https:\/\/my.stlflix.com\/tr\/#website\"},\"primaryImageOfPage\":{\"@id\":\"https:\/\/www.stlflix-store.com\/product\/sitana-697388dac805e\/#primaryimage\"},\"image\":{\"@id\":\"https:\/\/www.stlflix-store.com\/product\/sitana-697388dac805e\/#primaryimage\"},\"thumbnailUrl\":\"https:\/\/my.stlflix.com\/wp-content\/uploads\/2024\/07\/Sitanathumb_950a405a35.jpg\",\"datePublished\":\"2026-01-23T18:08:41+00:00\",\"dateModified\":\"2026-02-09T18:47:46+00:00\",\"description\":\"Sitana - O calango\",\"breadcrumb\":{\"@id\":\"https:\/\/www.stlflix-store.com\/product\/sitana-697388dac805e\/#breadcrumb\"},\"inLanguage\":\"fr-FR\",\"potentialAction\":[{\"@type\":\"ReadAction\",\"target\":[\"https:\/\/www.stlflix-store.com\/product\/sitana-697388dac805e\/\"]}]},{\"@type\":\"ImageObject\",\"inLanguage\":\"fr-FR\",\"@id\":\"https:\/\/www.stlflix-store.com\/product\/sitana-697388dac805e\/#primaryimage\",\"url\":\"https:\/\/my.stlflix.com\/wp-content\/uploads\/2024\/07\/Sitanathumb_950a405a35.jpg\",\"contentUrl\":\"https:\/\/my.stlflix.com\/wp-content\/uploads\/2024\/07\/Sitanathumb_950a405a35.jpg\",\"width\":1080,\"height\":1350},{\"@type\":\"BreadcrumbList\",\"@id\":\"https:\/\/www.stlflix-store.com\/product\/sitana-697388dac805e\/#breadcrumb\",\"itemListElement\":[{\"@type\":\"ListItem\",\"position\":1,\"name\":\"Home\",\"item\":\"https:\/\/my.stlflix.com\/\"},{\"@type\":\"ListItem\",\"position\":2,\"name\":\"Products\",\"item\":\"https:\/\/my.stlflix.com\/fr\/shop\/\"},{\"@type\":\"ListItem\",\"position\":3,\"name\":\"Sitana &#8211; O calango\"}]},{\"@type\":\"WebSite\",\"@id\":\"https:\/\/my.stlflix.com\/tr\/#website\",\"url\":\"https:\/\/my.stlflix.com\/tr\/\",\"name\":\"MyStore - By STLFLIX\",\"description\":\"\",\"publisher\":{\"@id\":\"https:\/\/my.stlflix.com\/tr\/#organization\"},\"potentialAction\":[{\"@type\":\"SearchAction\",\"target\":{\"@type\":\"EntryPoint\",\"urlTemplate\":\"https:\/\/my.stlflix.com\/tr\/?s={search_term_string}\"},\"query-input\":{\"@type\":\"PropertyValueSpecification\",\"valueRequired\":true,\"valueName\":\"search_term_string\"}}],\"inLanguage\":\"fr-FR\"},{\"@type\":\"Organization\",\"@id\":\"https:\/\/my.stlflix.com\/tr\/#organization\",\"name\":\"MyStore - By STLFLIX\",\"url\":\"https:\/\/my.stlflix.com\/tr\/\",\"logo\":{\"@type\":\"ImageObject\",\"inLanguage\":\"fr-FR\",\"@id\":\"https:\/\/my.stlflix.com\/tr\/#\/schema\/logo\/image\/\",\"url\":\"https:\/\/my.stlflix.com\/wp-content\/uploads\/2024\/06\/logo-mystore.png\",\"contentUrl\":\"https:\/\/my.stlflix.com\/wp-content\/uploads\/2024\/06\/logo-mystore.png\",\"width\":150,\"height\":41,\"caption\":\"MyStore - By STLFLIX\"},\"image\":{\"@id\":\"https:\/\/my.stlflix.com\/tr\/#\/schema\/logo\/image\/\"},\"sameAs\":[\"https:\/\/www.facebook.com\/STLFLIX\",\"https:\/\/www.instagram.com\/stlflix_\/\",\"https:\/\/www.tiktok.com\/@stlflix\"]}]}<\/script>\n<!-- \/ Yoast SEO plugin. -->","yoast_head_json":{"title":"[Calango articulado","description":"Sitana - O calango","robots":{"index":"index","follow":"follow","max-snippet":"max-snippet:-1","max-image-preview":"max-image-preview:large","max-video-preview":"max-video-preview:-1"},"canonical":"https:\/\/www.stlflix-store.com\/product\/sitana-697388dac805e\/","og_locale":"fr_FR","og_type":"article","og_title":"[Calango articulado","og_description":"Sitana - O calango","og_url":"https:\/\/www.stlflix-store.com\/product\/sitana-697388dac805e\/","og_site_name":"MyStore - By STLFLIX","article_publisher":"https:\/\/www.facebook.com\/STLFLIX","article_modified_time":"2026-02-09T18:47:46+00:00","og_image":[{"width":1080,"height":1350,"url":"https:\/\/www.stlflix-store.com\/wp-content\/uploads\/2024\/07\/Sitanathumb_950a405a35.jpg","type":"image\/jpeg"}],"twitter_card":"summary_large_image","twitter_misc":{"Est. reading time":"1 minute"},"schema":{"@context":"https:\/\/schema.org","@graph":[{"@type":"WebPage","@id":"https:\/\/www.stlflix-store.com\/product\/sitana-697388dac805e\/","url":"https:\/\/www.stlflix-store.com\/product\/sitana-697388dac805e\/","name":"[Calango articulado","isPartOf":{"@id":"https:\/\/my.stlflix.com\/tr\/#website"},"primaryImageOfPage":{"@id":"https:\/\/www.stlflix-store.com\/product\/sitana-697388dac805e\/#primaryimage"},"image":{"@id":"https:\/\/www.stlflix-store.com\/product\/sitana-697388dac805e\/#primaryimage"},"thumbnailUrl":"https:\/\/my.stlflix.com\/wp-content\/uploads\/2024\/07\/Sitanathumb_950a405a35.jpg","datePublished":"2026-01-23T18:08:41+00:00","dateModified":"2026-02-09T18:47:46+00:00","description":"Sitana - O calango","breadcrumb":{"@id":"https:\/\/www.stlflix-store.com\/product\/sitana-697388dac805e\/#breadcrumb"},"inLanguage":"fr-FR","potentialAction":[{"@type":"ReadAction","target":["https:\/\/www.stlflix-store.com\/product\/sitana-697388dac805e\/"]}]},{"@type":"ImageObject","inLanguage":"fr-FR","@id":"https:\/\/www.stlflix-store.com\/product\/sitana-697388dac805e\/#primaryimage","url":"https:\/\/my.stlflix.com\/wp-content\/uploads\/2024\/07\/Sitanathumb_950a405a35.jpg","contentUrl":"https:\/\/my.stlflix.com\/wp-content\/uploads\/2024\/07\/Sitanathumb_950a405a35.jpg","width":1080,"height":1350},{"@type":"BreadcrumbList","@id":"https:\/\/www.stlflix-store.com\/product\/sitana-697388dac805e\/#breadcrumb","itemListElement":[{"@type":"ListItem","position":1,"name":"Home","item":"https:\/\/my.stlflix.com\/"},{"@type":"ListItem","position":2,"name":"Products","item":"https:\/\/my.stlflix.com\/fr\/shop\/"},{"@type":"ListItem","position":3,"name":"Sitana &#8211; O calango"}]},{"@type":"WebSite","@id":"https:\/\/my.stlflix.com\/tr\/#website","url":"https:\/\/my.stlflix.com\/tr\/","name":"MyStore - By STLFLIX","description":"","publisher":{"@id":"https:\/\/my.stlflix.com\/tr\/#organization"},"potentialAction":[{"@type":"SearchAction","target":{"@type":"EntryPoint","urlTemplate":"https:\/\/my.stlflix.com\/tr\/?s={search_term_string}"},"query-input":{"@type":"PropertyValueSpecification","valueRequired":true,"valueName":"search_term_string"}}],"inLanguage":"fr-FR"},{"@type":"Organization","@id":"https:\/\/my.stlflix.com\/tr\/#organization","name":"MyStore - By STLFLIX","url":"https:\/\/my.stlflix.com\/tr\/","logo":{"@type":"ImageObject","inLanguage":"fr-FR","@id":"https:\/\/my.stlflix.com\/tr\/#\/schema\/logo\/image\/","url":"https:\/\/my.stlflix.com\/wp-content\/uploads\/2024\/06\/logo-mystore.png","contentUrl":"https:\/\/my.stlflix.com\/wp-content\/uploads\/2024\/06\/logo-mystore.png","width":150,"height":41,"caption":"MyStore - By STLFLIX"},"image":{"@id":"https:\/\/my.stlflix.com\/tr\/#\/schema\/logo\/image\/"},"sameAs":["https:\/\/www.facebook.com\/STLFLIX","https:\/\/www.instagram.com\/stlflix_\/","https:\/\/www.tiktok.com\/@stlflix"]}]}},"_links":{"self":[{"href":"https:\/\/my.stlflix.com\/fr\/wp-json\/wp\/v2\/product\/514888","targetHints":{"allow":["GET"]}}],"collection":[{"href":"https:\/\/my.stlflix.com\/fr\/wp-json\/wp\/v2\/product"}],"about":[{"href":"https:\/\/my.stlflix.com\/fr\/wp-json\/wp\/v2\/types\/product"}],"replies":[{"embeddable":true,"href":"https:\/\/my.stlflix.com\/fr\/wp-json\/wp\/v2\/comments?post=514888"}],"wp:featuredmedia":[{"embeddable":true,"href":"https:\/\/my.stlflix.com\/fr\/wp-json\/wp\/v2\/media\/52214"}],"wp:attachment":[{"href":"https:\/\/my.stlflix.com\/fr\/wp-json\/wp\/v2\/media?parent=514888"}],"wp:term":[{"taxonomy":"product_brand","embeddable":true,"href":"https:\/\/my.stlflix.com\/fr\/wp-json\/wp\/v2\/product_brand?post=514888"},{"taxonomy":"product_cat","embeddable":true,"href":"https:\/\/my.stlflix.com\/fr\/wp-json\/wp\/v2\/product_cat?post=514888"},{"taxonomy":"product_tag","embeddable":true,"href":"https:\/\/my.stlflix.com\/fr\/wp-json\/wp\/v2\/product_tag?post=514888"}],"curies":[{"name":"wp","href":"https:\/\/api.w.org\/{rel}","templated":true}]}}