{"id":514893,"date":"2026-01-23T18:58:21","date_gmt":"2026-01-23T18:58:21","guid":{"rendered":"https:\/\/my.stlflix.com\/?post_type=product&#038;p=514893"},"modified":"2026-02-01T19:37:59","modified_gmt":"2026-02-01T19:37:59","slug":"frilled-neck-lizard-697388efb84b7","status":"publish","type":"product","link":"https:\/\/my.stlflix.com\/fr\/product\/frilled-neck-lizard-697388efb84b7\/","title":{"rendered":"Lagarto Imperial"},"content":{"rendered":"<h3 data-path-to-node=\"3\">\u26a0\ufe0f\u26a0\ufe0f Aten\u00e7\u00e3o o item que est\u00e1 a venda \u00e9 somente a iguana, para comprar o cen\u00e1rio tamb\u00e9m entrar em contato via Instagram: Styllus_3d ou por whatssap : 359884745504\u26a0\ufe0f\u26a0\ufe0f<\/h3>\n<p>__________________________________________________________________________________________________________________<\/p>\n<p data-path-to-node=\"4\">Apresentamos o Lagarto Imperial, uma escultura que exala autoridade, beleza e exotismo! \ud83c\udff5\ufe0f\ud83e\udd8e Com sua coroa natural totalmente expandida, esta pe\u00e7a domina o ambiente com uma silhueta inconfund\u00edvel. Inspirado na nobreza da natureza, o design captura o momento exato em que o animal se torna maior que a vida para impor respeito \u2014 transformando um mecanismo de defesa em uma verdadeira obra de arte. \u2728\ud83d\udc41\ufe0f<\/p>\n<p data-path-to-node=\"5\">A precis\u00e3o da <b data-path-to-node=\"5\" data-index-in-node=\"14\">Styllus 3D<\/b> brilha aqui: cada dobra da &#8220;gola&#8221; \u00e9 impressa com finura extrema, permitindo um jogo de luz e sombra que d\u00e1 profundidade e realismo \u00e0 pe\u00e7a. Pousado sobre seu tronco texturizado, ele n\u00e3o \u00e9 apenas um r\u00e9ptil; \u00e9 um monarca observando seu reino (a sua mesa!). \ud83c\udff0\ud83c\udf3f<\/p>\n<p data-path-to-node=\"6\">Adicione um toque de realeza selvagem \u00e0 sua decora\u00e7\u00e3o e impressione com o n\u00edvel de detalhe que s\u00f3 n\u00f3s entregamos. \u269c\ufe0f\ud83d\udd25<\/p>\n<hr data-path-to-node=\"7\" \/>\n<p data-path-to-node=\"8\">\ud83c\udfa8 Cores: A cor que voc\u00ea escolher<\/p>\n<p data-path-to-node=\"8\">\u267b\ufe0f Material: PLA de alta qualidade<\/p>\n<p data-path-to-node=\"8\">\ud83d\udee0\ufe0f Produ\u00e7\u00e3o: Impress\u00e3o 3D por Styllus3D e modelos Stlflix<\/p>\n","protected":false},"excerpt":{"rendered":"<p>\u26a0\ufe0f\u26a0\ufe0f Aten\u00e7\u00e3o o item que est\u00e1 a venda \u00e9 somente a iguana, para comprar o cen\u00e1rio tamb\u00e9m entrar em contato via Instagram: Styllus_3d ou por whatssap : 359884745504\u26a0\ufe0f\u26a0\ufe0f __________________________________________________________________________________________________________________ Apresentamos o Lagarto Imperial, uma escultura que exala autoridade, beleza e exotismo! \ud83c\udff5\ufe0f\ud83e\udd8e Com sua coroa natural totalmente expandida, esta pe\u00e7a domina o ambiente com uma [&hellip;]<\/p>\n","protected":false},"featured_media":515087,"comment_status":"open","ping_status":"closed","template":"","meta":[],"product_brand":[],"product_cat":[19],"product_tag":[7189],"class_list":{"0":"post-514893","1":"product","2":"type-product","3":"status-publish","4":"has-post-thumbnail","6":"product_cat-animals","7":"product_tag-articulado-terrestre","9":"first","10":"outofstock","11":"sale","12":"purchasable","13":"product-type-simple"},"yoast_head":"<!-- This site is optimized with the Yoast SEO plugin v25.1 - https:\/\/yoast.com\/wordpress\/plugins\/seo\/ -->\n<title>Lagarto Imperial - MyStore - By STLFLIX<\/title>\n<meta name=\"robots\" content=\"index, follow, max-snippet:-1, max-image-preview:large, max-video-preview:-1\" \/>\n<link rel=\"canonical\" href=\"https:\/\/my.stlflix.com\/fr\/product\/frilled-neck-lizard-697388efb84b7\/\" \/>\n<meta property=\"og:locale\" content=\"fr_FR\" \/>\n<meta property=\"og:type\" content=\"article\" \/>\n<meta property=\"og:title\" content=\"Lagarto Imperial - MyStore - By STLFLIX\" \/>\n<meta property=\"og:description\" content=\"\u26a0\ufe0f\u26a0\ufe0f Aten\u00e7\u00e3o o item que est\u00e1 a venda \u00e9 somente a iguana, para comprar o cen\u00e1rio tamb\u00e9m entrar em contato via Instagram: Styllus_3d ou por whatssap : 359884745504\u26a0\ufe0f\u26a0\ufe0f __________________________________________________________________________________________________________________ Apresentamos o Lagarto Imperial, uma escultura que exala autoridade, beleza e exotismo! \ud83c\udff5\ufe0f\ud83e\udd8e Com sua coroa natural totalmente expandida, esta pe\u00e7a domina o ambiente com uma [&hellip;]\" \/>\n<meta property=\"og:url\" content=\"https:\/\/my.stlflix.com\/fr\/product\/frilled-neck-lizard-697388efb84b7\/\" \/>\n<meta property=\"og:site_name\" content=\"MyStore - By STLFLIX\" \/>\n<meta property=\"article:publisher\" content=\"https:\/\/www.facebook.com\/STLFLIX\" \/>\n<meta property=\"article:modified_time\" content=\"2026-02-01T19:37:59+00:00\" \/>\n<meta property=\"og:image\" content=\"https:\/\/my.stlflix.com\/wp-content\/uploads\/2026\/01\/Cartaz-de-energia-solar-amarelo-e-azul-escuro-moderno-17-scaled.png\" \/>\n\t<meta property=\"og:image:width\" content=\"1920\" \/>\n\t<meta property=\"og:image:height\" content=\"2560\" \/>\n\t<meta property=\"og:image:type\" content=\"image\/png\" \/>\n<meta name=\"twitter:card\" content=\"summary_large_image\" \/>\n<meta name=\"twitter:label1\" content=\"Est. reading time\" \/>\n\t<meta name=\"twitter:data1\" content=\"1 minute\" \/>\n<script type=\"application\/ld+json\" class=\"yoast-schema-graph\">{\"@context\":\"https:\/\/schema.org\",\"@graph\":[{\"@type\":\"WebPage\",\"@id\":\"https:\/\/my.stlflix.com\/fr\/product\/frilled-neck-lizard-697388efb84b7\/\",\"url\":\"https:\/\/my.stlflix.com\/fr\/product\/frilled-neck-lizard-697388efb84b7\/\",\"name\":\"Lagarto Imperial - MyStore - By STLFLIX\",\"isPartOf\":{\"@id\":\"https:\/\/my.stlflix.com\/tr\/#website\"},\"primaryImageOfPage\":{\"@id\":\"https:\/\/my.stlflix.com\/fr\/product\/frilled-neck-lizard-697388efb84b7\/#primaryimage\"},\"image\":{\"@id\":\"https:\/\/my.stlflix.com\/fr\/product\/frilled-neck-lizard-697388efb84b7\/#primaryimage\"},\"thumbnailUrl\":\"https:\/\/my.stlflix.com\/wp-content\/uploads\/2026\/01\/Cartaz-de-energia-solar-amarelo-e-azul-escuro-moderno-17-scaled.png\",\"datePublished\":\"2026-01-23T18:58:21+00:00\",\"dateModified\":\"2026-02-01T19:37:59+00:00\",\"breadcrumb\":{\"@id\":\"https:\/\/my.stlflix.com\/fr\/product\/frilled-neck-lizard-697388efb84b7\/#breadcrumb\"},\"inLanguage\":\"fr-FR\",\"potentialAction\":[{\"@type\":\"ReadAction\",\"target\":[\"https:\/\/my.stlflix.com\/fr\/product\/frilled-neck-lizard-697388efb84b7\/\"]}]},{\"@type\":\"ImageObject\",\"inLanguage\":\"fr-FR\",\"@id\":\"https:\/\/my.stlflix.com\/fr\/product\/frilled-neck-lizard-697388efb84b7\/#primaryimage\",\"url\":\"https:\/\/my.stlflix.com\/wp-content\/uploads\/2026\/01\/Cartaz-de-energia-solar-amarelo-e-azul-escuro-moderno-17-scaled.png\",\"contentUrl\":\"https:\/\/my.stlflix.com\/wp-content\/uploads\/2026\/01\/Cartaz-de-energia-solar-amarelo-e-azul-escuro-moderno-17-scaled.png\",\"width\":1920,\"height\":2560},{\"@type\":\"BreadcrumbList\",\"@id\":\"https:\/\/my.stlflix.com\/fr\/product\/frilled-neck-lizard-697388efb84b7\/#breadcrumb\",\"itemListElement\":[{\"@type\":\"ListItem\",\"position\":1,\"name\":\"Home\",\"item\":\"https:\/\/my.stlflix.com\/\"},{\"@type\":\"ListItem\",\"position\":2,\"name\":\"Products\",\"item\":\"https:\/\/my.stlflix.com\/fr\/shop\/\"},{\"@type\":\"ListItem\",\"position\":3,\"name\":\"Lagarto Imperial\"}]},{\"@type\":\"WebSite\",\"@id\":\"https:\/\/my.stlflix.com\/tr\/#website\",\"url\":\"https:\/\/my.stlflix.com\/tr\/\",\"name\":\"MyStore - By STLFLIX\",\"description\":\"\",\"publisher\":{\"@id\":\"https:\/\/my.stlflix.com\/tr\/#organization\"},\"potentialAction\":[{\"@type\":\"SearchAction\",\"target\":{\"@type\":\"EntryPoint\",\"urlTemplate\":\"https:\/\/my.stlflix.com\/tr\/?s={search_term_string}\"},\"query-input\":{\"@type\":\"PropertyValueSpecification\",\"valueRequired\":true,\"valueName\":\"search_term_string\"}}],\"inLanguage\":\"fr-FR\"},{\"@type\":\"Organization\",\"@id\":\"https:\/\/my.stlflix.com\/tr\/#organization\",\"name\":\"MyStore - By STLFLIX\",\"url\":\"https:\/\/my.stlflix.com\/tr\/\",\"logo\":{\"@type\":\"ImageObject\",\"inLanguage\":\"fr-FR\",\"@id\":\"https:\/\/my.stlflix.com\/tr\/#\/schema\/logo\/image\/\",\"url\":\"https:\/\/my.stlflix.com\/wp-content\/uploads\/2024\/06\/logo-mystore.png\",\"contentUrl\":\"https:\/\/my.stlflix.com\/wp-content\/uploads\/2024\/06\/logo-mystore.png\",\"width\":150,\"height\":41,\"caption\":\"MyStore - By STLFLIX\"},\"image\":{\"@id\":\"https:\/\/my.stlflix.com\/tr\/#\/schema\/logo\/image\/\"},\"sameAs\":[\"https:\/\/www.facebook.com\/STLFLIX\",\"https:\/\/www.instagram.com\/stlflix_\/\",\"https:\/\/www.tiktok.com\/@stlflix\"]}]}<\/script>\n<!-- \/ Yoast SEO plugin. -->","yoast_head_json":{"title":"Lagarto Imperial - MyStore - By STLFLIX","robots":{"index":"index","follow":"follow","max-snippet":"max-snippet:-1","max-image-preview":"max-image-preview:large","max-video-preview":"max-video-preview:-1"},"canonical":"https:\/\/my.stlflix.com\/fr\/product\/frilled-neck-lizard-697388efb84b7\/","og_locale":"fr_FR","og_type":"article","og_title":"Lagarto Imperial - MyStore - By STLFLIX","og_description":"\u26a0\ufe0f\u26a0\ufe0f Aten\u00e7\u00e3o o item que est\u00e1 a venda \u00e9 somente a iguana, para comprar o cen\u00e1rio tamb\u00e9m entrar em contato via Instagram: Styllus_3d ou por whatssap : 359884745504\u26a0\ufe0f\u26a0\ufe0f __________________________________________________________________________________________________________________ Apresentamos o Lagarto Imperial, uma escultura que exala autoridade, beleza e exotismo! \ud83c\udff5\ufe0f\ud83e\udd8e Com sua coroa natural totalmente expandida, esta pe\u00e7a domina o ambiente com uma [&hellip;]","og_url":"https:\/\/my.stlflix.com\/fr\/product\/frilled-neck-lizard-697388efb84b7\/","og_site_name":"MyStore - By STLFLIX","article_publisher":"https:\/\/www.facebook.com\/STLFLIX","article_modified_time":"2026-02-01T19:37:59+00:00","og_image":[{"width":1920,"height":2560,"url":"https:\/\/my.stlflix.com\/wp-content\/uploads\/2026\/01\/Cartaz-de-energia-solar-amarelo-e-azul-escuro-moderno-17-scaled.png","type":"image\/png"}],"twitter_card":"summary_large_image","twitter_misc":{"Est. reading time":"1 minute"},"schema":{"@context":"https:\/\/schema.org","@graph":[{"@type":"WebPage","@id":"https:\/\/my.stlflix.com\/fr\/product\/frilled-neck-lizard-697388efb84b7\/","url":"https:\/\/my.stlflix.com\/fr\/product\/frilled-neck-lizard-697388efb84b7\/","name":"Lagarto Imperial - MyStore - By STLFLIX","isPartOf":{"@id":"https:\/\/my.stlflix.com\/tr\/#website"},"primaryImageOfPage":{"@id":"https:\/\/my.stlflix.com\/fr\/product\/frilled-neck-lizard-697388efb84b7\/#primaryimage"},"image":{"@id":"https:\/\/my.stlflix.com\/fr\/product\/frilled-neck-lizard-697388efb84b7\/#primaryimage"},"thumbnailUrl":"https:\/\/my.stlflix.com\/wp-content\/uploads\/2026\/01\/Cartaz-de-energia-solar-amarelo-e-azul-escuro-moderno-17-scaled.png","datePublished":"2026-01-23T18:58:21+00:00","dateModified":"2026-02-01T19:37:59+00:00","breadcrumb":{"@id":"https:\/\/my.stlflix.com\/fr\/product\/frilled-neck-lizard-697388efb84b7\/#breadcrumb"},"inLanguage":"fr-FR","potentialAction":[{"@type":"ReadAction","target":["https:\/\/my.stlflix.com\/fr\/product\/frilled-neck-lizard-697388efb84b7\/"]}]},{"@type":"ImageObject","inLanguage":"fr-FR","@id":"https:\/\/my.stlflix.com\/fr\/product\/frilled-neck-lizard-697388efb84b7\/#primaryimage","url":"https:\/\/my.stlflix.com\/wp-content\/uploads\/2026\/01\/Cartaz-de-energia-solar-amarelo-e-azul-escuro-moderno-17-scaled.png","contentUrl":"https:\/\/my.stlflix.com\/wp-content\/uploads\/2026\/01\/Cartaz-de-energia-solar-amarelo-e-azul-escuro-moderno-17-scaled.png","width":1920,"height":2560},{"@type":"BreadcrumbList","@id":"https:\/\/my.stlflix.com\/fr\/product\/frilled-neck-lizard-697388efb84b7\/#breadcrumb","itemListElement":[{"@type":"ListItem","position":1,"name":"Home","item":"https:\/\/my.stlflix.com\/"},{"@type":"ListItem","position":2,"name":"Products","item":"https:\/\/my.stlflix.com\/fr\/shop\/"},{"@type":"ListItem","position":3,"name":"Lagarto Imperial"}]},{"@type":"WebSite","@id":"https:\/\/my.stlflix.com\/tr\/#website","url":"https:\/\/my.stlflix.com\/tr\/","name":"MyStore - By STLFLIX","description":"","publisher":{"@id":"https:\/\/my.stlflix.com\/tr\/#organization"},"potentialAction":[{"@type":"SearchAction","target":{"@type":"EntryPoint","urlTemplate":"https:\/\/my.stlflix.com\/tr\/?s={search_term_string}"},"query-input":{"@type":"PropertyValueSpecification","valueRequired":true,"valueName":"search_term_string"}}],"inLanguage":"fr-FR"},{"@type":"Organization","@id":"https:\/\/my.stlflix.com\/tr\/#organization","name":"MyStore - By STLFLIX","url":"https:\/\/my.stlflix.com\/tr\/","logo":{"@type":"ImageObject","inLanguage":"fr-FR","@id":"https:\/\/my.stlflix.com\/tr\/#\/schema\/logo\/image\/","url":"https:\/\/my.stlflix.com\/wp-content\/uploads\/2024\/06\/logo-mystore.png","contentUrl":"https:\/\/my.stlflix.com\/wp-content\/uploads\/2024\/06\/logo-mystore.png","width":150,"height":41,"caption":"MyStore - By STLFLIX"},"image":{"@id":"https:\/\/my.stlflix.com\/tr\/#\/schema\/logo\/image\/"},"sameAs":["https:\/\/www.facebook.com\/STLFLIX","https:\/\/www.instagram.com\/stlflix_\/","https:\/\/www.tiktok.com\/@stlflix"]}]}},"_links":{"self":[{"href":"https:\/\/my.stlflix.com\/fr\/wp-json\/wp\/v2\/product\/514893","targetHints":{"allow":["GET"]}}],"collection":[{"href":"https:\/\/my.stlflix.com\/fr\/wp-json\/wp\/v2\/product"}],"about":[{"href":"https:\/\/my.stlflix.com\/fr\/wp-json\/wp\/v2\/types\/product"}],"replies":[{"embeddable":true,"href":"https:\/\/my.stlflix.com\/fr\/wp-json\/wp\/v2\/comments?post=514893"}],"wp:featuredmedia":[{"embeddable":true,"href":"https:\/\/my.stlflix.com\/fr\/wp-json\/wp\/v2\/media\/515087"}],"wp:attachment":[{"href":"https:\/\/my.stlflix.com\/fr\/wp-json\/wp\/v2\/media?parent=514893"}],"wp:term":[{"taxonomy":"product_brand","embeddable":true,"href":"https:\/\/my.stlflix.com\/fr\/wp-json\/wp\/v2\/product_brand?post=514893"},{"taxonomy":"product_cat","embeddable":true,"href":"https:\/\/my.stlflix.com\/fr\/wp-json\/wp\/v2\/product_cat?post=514893"},{"taxonomy":"product_tag","embeddable":true,"href":"https:\/\/my.stlflix.com\/fr\/wp-json\/wp\/v2\/product_tag?post=514893"}],"curies":[{"name":"wp","href":"https:\/\/api.w.org\/{rel}","templated":true}]}}