{"id":60032,"date":"2024-08-17T00:35:48","date_gmt":"2024-08-17T00:35:48","guid":{"rendered":"https:\/\/my.stlflix.com\/?post_type=product&#038;p=60032"},"modified":"2024-12-22T11:18:51","modified_gmt":"2024-12-22T11:18:51","slug":"cupid-wine-holder-66bb87be5f2a3","status":"publish","type":"product","link":"https:\/\/my.stlflix.com\/fr\/product\/cupid-wine-holder-66bb87be5f2a3\/","title":{"rendered":"Suporte de Vinho Cupido"},"content":{"rendered":"<p>Adicione um toque de eleg\u00e2ncia e romantismo \u00e0 sua decora\u00e7\u00e3o com o Suporte de Vinho Cupido. Feito de materiais de alta qualidade, este suporte \u00e9 ideal para exibir sua garrafa de vinho favorita de maneira charmosa e sofisticada. Com um design exclusivo inspirado no cupido, ele \u00e9 perfeito para ocasi\u00f5es especiais ou para presentear algu\u00e9m especial. Transforme qualquer ambiente com este belo acess\u00f3rio que combina funcionalidade e estilo.<\/p>\n","protected":false},"excerpt":{"rendered":"<p>Adicione um toque de eleg\u00e2ncia e romantismo \u00e0 sua decora\u00e7\u00e3o com o Suporte de Vinho Cupido. Feito de materiais de alta qualidade, este suporte \u00e9 ideal para exibir sua garrafa de vinho favorita de maneira charmosa e sofisticada. Com um design exclusivo inspirado no cupido, ele \u00e9 perfeito para ocasi\u00f5es especiais ou para presentear algu\u00e9m [&hellip;]<\/p>\n","protected":false},"featured_media":8075,"comment_status":"open","ping_status":"closed","template":"","meta":[],"product_brand":[],"product_cat":[21],"product_tag":[657,725,678],"class_list":{"0":"post-60032","1":"product","2":"type-product","3":"status-publish","4":"has-post-thumbnail","6":"product_cat-useful-prints","7":"product_tag-cozinha","8":"product_tag-dia-dos-namorados","9":"product_tag-vinhos","11":"first","12":"instock","13":"sold-individually","14":"taxable","15":"shipping-taxable","16":"purchasable","17":"product-type-simple"},"yoast_head":"<!-- This site is optimized with the Yoast SEO plugin v25.1 - https:\/\/yoast.com\/wordpress\/plugins\/seo\/ -->\n<title>Suporte de Vinho Cupido - MyStore - By STLFLIX<\/title>\n<meta name=\"robots\" content=\"index, follow, max-snippet:-1, max-image-preview:large, max-video-preview:-1\" \/>\n<link rel=\"canonical\" href=\"https:\/\/www.my3dstore-example.com\/product\/cupid-wine-holder-66bb87be5f2a3\/\" \/>\n<meta property=\"og:locale\" content=\"fr_FR\" \/>\n<meta property=\"og:type\" content=\"article\" \/>\n<meta property=\"og:title\" content=\"Suporte de Vinho Cupido - MyStore - By STLFLIX\" \/>\n<meta property=\"og:description\" content=\"Adicione um toque de eleg\u00e2ncia e romantismo \u00e0 sua decora\u00e7\u00e3o com o Suporte de Vinho Cupido. Feito de materiais de alta qualidade, este suporte \u00e9 ideal para exibir sua garrafa de vinho favorita de maneira charmosa e sofisticada. Com um design exclusivo inspirado no cupido, ele \u00e9 perfeito para ocasi\u00f5es especiais ou para presentear algu\u00e9m [&hellip;]\" \/>\n<meta property=\"og:url\" content=\"https:\/\/www.my3dstore-example.com\/product\/cupid-wine-holder-66bb87be5f2a3\/\" \/>\n<meta property=\"og:site_name\" content=\"MyStore - By STLFLIX\" \/>\n<meta property=\"article:publisher\" content=\"https:\/\/www.facebook.com\/STLFLIX\" \/>\n<meta property=\"article:modified_time\" content=\"2024-12-22T11:18:51+00:00\" \/>\n<meta property=\"og:image\" content=\"https:\/\/www.my3dstore-example.com\/wp-content\/uploads\/2024\/03\/feed_f71d690bc1.webp\" \/>\n\t<meta property=\"og:image:width\" content=\"1079\" \/>\n\t<meta property=\"og:image:height\" content=\"1350\" \/>\n\t<meta property=\"og:image:type\" content=\"image\/webp\" \/>\n<meta name=\"twitter:card\" content=\"summary_large_image\" \/>\n<script type=\"application\/ld+json\" class=\"yoast-schema-graph\">{\"@context\":\"https:\/\/schema.org\",\"@graph\":[{\"@type\":\"WebPage\",\"@id\":\"https:\/\/www.my3dstore-example.com\/product\/cupid-wine-holder-66bb87be5f2a3\/\",\"url\":\"https:\/\/www.my3dstore-example.com\/product\/cupid-wine-holder-66bb87be5f2a3\/\",\"name\":\"Suporte de Vinho Cupido - MyStore - By STLFLIX\",\"isPartOf\":{\"@id\":\"https:\/\/my.stlflix.com\/#website\"},\"primaryImageOfPage\":{\"@id\":\"https:\/\/www.my3dstore-example.com\/product\/cupid-wine-holder-66bb87be5f2a3\/#primaryimage\"},\"image\":{\"@id\":\"https:\/\/www.my3dstore-example.com\/product\/cupid-wine-holder-66bb87be5f2a3\/#primaryimage\"},\"thumbnailUrl\":\"https:\/\/my.stlflix.com\/wp-content\/uploads\/2024\/03\/feed_f71d690bc1.webp\",\"datePublished\":\"2024-08-17T00:35:48+00:00\",\"dateModified\":\"2024-12-22T11:18:51+00:00\",\"breadcrumb\":{\"@id\":\"https:\/\/www.my3dstore-example.com\/product\/cupid-wine-holder-66bb87be5f2a3\/#breadcrumb\"},\"inLanguage\":\"fr-FR\",\"potentialAction\":[{\"@type\":\"ReadAction\",\"target\":[\"https:\/\/www.my3dstore-example.com\/product\/cupid-wine-holder-66bb87be5f2a3\/\"]}]},{\"@type\":\"ImageObject\",\"inLanguage\":\"fr-FR\",\"@id\":\"https:\/\/www.my3dstore-example.com\/product\/cupid-wine-holder-66bb87be5f2a3\/#primaryimage\",\"url\":\"https:\/\/my.stlflix.com\/wp-content\/uploads\/2024\/03\/feed_f71d690bc1.webp\",\"contentUrl\":\"https:\/\/my.stlflix.com\/wp-content\/uploads\/2024\/03\/feed_f71d690bc1.webp\",\"width\":1079,\"height\":1350},{\"@type\":\"BreadcrumbList\",\"@id\":\"https:\/\/www.my3dstore-example.com\/product\/cupid-wine-holder-66bb87be5f2a3\/#breadcrumb\",\"itemListElement\":[{\"@type\":\"ListItem\",\"position\":1,\"name\":\"Home\",\"item\":\"https:\/\/www.stlflix-store.com\/\"},{\"@type\":\"ListItem\",\"position\":2,\"name\":\"Products\",\"item\":\"https:\/\/www.stlflix-store.com\/shop\/\"},{\"@type\":\"ListItem\",\"position\":3,\"name\":\"Suporte de Vinho Cupido\"}]},{\"@type\":\"WebSite\",\"@id\":\"https:\/\/my.stlflix.com\/#website\",\"url\":\"https:\/\/my.stlflix.com\/\",\"name\":\"MyStore - By STLFLIX\",\"description\":\"\",\"publisher\":{\"@id\":\"https:\/\/my.stlflix.com\/#organization\"},\"potentialAction\":[{\"@type\":\"SearchAction\",\"target\":{\"@type\":\"EntryPoint\",\"urlTemplate\":\"https:\/\/my.stlflix.com\/?s={search_term_string}\"},\"query-input\":{\"@type\":\"PropertyValueSpecification\",\"valueRequired\":true,\"valueName\":\"search_term_string\"}}],\"inLanguage\":\"fr-FR\"},{\"@type\":\"Organization\",\"@id\":\"https:\/\/my.stlflix.com\/#organization\",\"name\":\"MyStore - By STLFLIX\",\"url\":\"https:\/\/my.stlflix.com\/\",\"logo\":{\"@type\":\"ImageObject\",\"inLanguage\":\"fr-FR\",\"@id\":\"https:\/\/my.stlflix.com\/#\/schema\/logo\/image\/\",\"url\":\"https:\/\/my.stlflix.com\/wp-content\/uploads\/2024\/06\/logo-mystore.png\",\"contentUrl\":\"https:\/\/my.stlflix.com\/wp-content\/uploads\/2024\/06\/logo-mystore.png\",\"width\":150,\"height\":41,\"caption\":\"MyStore - By STLFLIX\"},\"image\":{\"@id\":\"https:\/\/my.stlflix.com\/#\/schema\/logo\/image\/\"},\"sameAs\":[\"https:\/\/www.facebook.com\/STLFLIX\",\"https:\/\/www.instagram.com\/stlflix_\/\",\"https:\/\/www.tiktok.com\/@stlflix\"]}]}<\/script>\n<!-- \/ Yoast SEO plugin. -->","yoast_head_json":{"title":"Suporte de Vinho Cupido - MyStore - By STLFLIX","robots":{"index":"index","follow":"follow","max-snippet":"max-snippet:-1","max-image-preview":"max-image-preview:large","max-video-preview":"max-video-preview:-1"},"canonical":"https:\/\/www.my3dstore-example.com\/product\/cupid-wine-holder-66bb87be5f2a3\/","og_locale":"fr_FR","og_type":"article","og_title":"Suporte de Vinho Cupido - MyStore - By STLFLIX","og_description":"Adicione um toque de eleg\u00e2ncia e romantismo \u00e0 sua decora\u00e7\u00e3o com o Suporte de Vinho Cupido. Feito de materiais de alta qualidade, este suporte \u00e9 ideal para exibir sua garrafa de vinho favorita de maneira charmosa e sofisticada. Com um design exclusivo inspirado no cupido, ele \u00e9 perfeito para ocasi\u00f5es especiais ou para presentear algu\u00e9m [&hellip;]","og_url":"https:\/\/www.my3dstore-example.com\/product\/cupid-wine-holder-66bb87be5f2a3\/","og_site_name":"MyStore - By STLFLIX","article_publisher":"https:\/\/www.facebook.com\/STLFLIX","article_modified_time":"2024-12-22T11:18:51+00:00","og_image":[{"width":1079,"height":1350,"url":"https:\/\/www.my3dstore-example.com\/wp-content\/uploads\/2024\/03\/feed_f71d690bc1.webp","type":"image\/webp"}],"twitter_card":"summary_large_image","schema":{"@context":"https:\/\/schema.org","@graph":[{"@type":"WebPage","@id":"https:\/\/www.my3dstore-example.com\/product\/cupid-wine-holder-66bb87be5f2a3\/","url":"https:\/\/www.my3dstore-example.com\/product\/cupid-wine-holder-66bb87be5f2a3\/","name":"Suporte de Vinho Cupido - MyStore - By STLFLIX","isPartOf":{"@id":"https:\/\/my.stlflix.com\/#website"},"primaryImageOfPage":{"@id":"https:\/\/www.my3dstore-example.com\/product\/cupid-wine-holder-66bb87be5f2a3\/#primaryimage"},"image":{"@id":"https:\/\/www.my3dstore-example.com\/product\/cupid-wine-holder-66bb87be5f2a3\/#primaryimage"},"thumbnailUrl":"https:\/\/my.stlflix.com\/wp-content\/uploads\/2024\/03\/feed_f71d690bc1.webp","datePublished":"2024-08-17T00:35:48+00:00","dateModified":"2024-12-22T11:18:51+00:00","breadcrumb":{"@id":"https:\/\/www.my3dstore-example.com\/product\/cupid-wine-holder-66bb87be5f2a3\/#breadcrumb"},"inLanguage":"fr-FR","potentialAction":[{"@type":"ReadAction","target":["https:\/\/www.my3dstore-example.com\/product\/cupid-wine-holder-66bb87be5f2a3\/"]}]},{"@type":"ImageObject","inLanguage":"fr-FR","@id":"https:\/\/www.my3dstore-example.com\/product\/cupid-wine-holder-66bb87be5f2a3\/#primaryimage","url":"https:\/\/my.stlflix.com\/wp-content\/uploads\/2024\/03\/feed_f71d690bc1.webp","contentUrl":"https:\/\/my.stlflix.com\/wp-content\/uploads\/2024\/03\/feed_f71d690bc1.webp","width":1079,"height":1350},{"@type":"BreadcrumbList","@id":"https:\/\/www.my3dstore-example.com\/product\/cupid-wine-holder-66bb87be5f2a3\/#breadcrumb","itemListElement":[{"@type":"ListItem","position":1,"name":"Home","item":"https:\/\/www.stlflix-store.com\/"},{"@type":"ListItem","position":2,"name":"Products","item":"https:\/\/www.stlflix-store.com\/shop\/"},{"@type":"ListItem","position":3,"name":"Suporte de Vinho Cupido"}]},{"@type":"WebSite","@id":"https:\/\/my.stlflix.com\/#website","url":"https:\/\/my.stlflix.com\/","name":"MyStore - By STLFLIX","description":"","publisher":{"@id":"https:\/\/my.stlflix.com\/#organization"},"potentialAction":[{"@type":"SearchAction","target":{"@type":"EntryPoint","urlTemplate":"https:\/\/my.stlflix.com\/?s={search_term_string}"},"query-input":{"@type":"PropertyValueSpecification","valueRequired":true,"valueName":"search_term_string"}}],"inLanguage":"fr-FR"},{"@type":"Organization","@id":"https:\/\/my.stlflix.com\/#organization","name":"MyStore - By STLFLIX","url":"https:\/\/my.stlflix.com\/","logo":{"@type":"ImageObject","inLanguage":"fr-FR","@id":"https:\/\/my.stlflix.com\/#\/schema\/logo\/image\/","url":"https:\/\/my.stlflix.com\/wp-content\/uploads\/2024\/06\/logo-mystore.png","contentUrl":"https:\/\/my.stlflix.com\/wp-content\/uploads\/2024\/06\/logo-mystore.png","width":150,"height":41,"caption":"MyStore - By STLFLIX"},"image":{"@id":"https:\/\/my.stlflix.com\/#\/schema\/logo\/image\/"},"sameAs":["https:\/\/www.facebook.com\/STLFLIX","https:\/\/www.instagram.com\/stlflix_\/","https:\/\/www.tiktok.com\/@stlflix"]}]}},"_links":{"self":[{"href":"https:\/\/my.stlflix.com\/fr\/wp-json\/wp\/v2\/product\/60032","targetHints":{"allow":["GET"]}}],"collection":[{"href":"https:\/\/my.stlflix.com\/fr\/wp-json\/wp\/v2\/product"}],"about":[{"href":"https:\/\/my.stlflix.com\/fr\/wp-json\/wp\/v2\/types\/product"}],"replies":[{"embeddable":true,"href":"https:\/\/my.stlflix.com\/fr\/wp-json\/wp\/v2\/comments?post=60032"}],"wp:featuredmedia":[{"embeddable":true,"href":"https:\/\/my.stlflix.com\/fr\/wp-json\/wp\/v2\/media\/8075"}],"wp:attachment":[{"href":"https:\/\/my.stlflix.com\/fr\/wp-json\/wp\/v2\/media?parent=60032"}],"wp:term":[{"taxonomy":"product_brand","embeddable":true,"href":"https:\/\/my.stlflix.com\/fr\/wp-json\/wp\/v2\/product_brand?post=60032"},{"taxonomy":"product_cat","embeddable":true,"href":"https:\/\/my.stlflix.com\/fr\/wp-json\/wp\/v2\/product_cat?post=60032"},{"taxonomy":"product_tag","embeddable":true,"href":"https:\/\/my.stlflix.com\/fr\/wp-json\/wp\/v2\/product_tag?post=60032"}],"curies":[{"name":"wp","href":"https:\/\/api.w.org\/{rel}","templated":true}]}}