{"id":76456,"date":"2024-08-23T12:07:50","date_gmt":"2024-08-23T12:07:50","guid":{"rendered":"https:\/\/my.stlflix.com\/?post_type=product&#038;p=76456"},"modified":"2024-12-22T11:35:52","modified_gmt":"2024-12-22T11:35:52","slug":"attitude-wine-holder-66c5243297962","status":"publish","type":"product","link":"https:\/\/my.stlflix.com\/fr\/product\/attitude-wine-holder-66c5243297962\/","title":{"rendered":"Attitude Wine Holder (Farbauswahl)"},"content":{"rendered":"<div class=\"elementor-element elementor-element-3f22bc0 e-con-full e-flex e-con e-child\" data-id=\"3f22bc0\" data-element_type=\"container\">\n<div class=\"elementor-element elementor-element-6c64e7c elementor-widget elementor-widget-text-editor\" data-id=\"6c64e7c\" data-element_type=\"widget\" data-widget_type=\"text-editor.default\">\n<div class=\"elementor-widget-container\">\n<p>Sie tanzt! T\u00e4nzerisch umschlingt dieser Weinhalter Ihren Lieblingswein und h\u00e4lt ihn f\u00fcr Sie fest. Pr\u00e4sentieren Sie Ihren Lieblingswein mal auf eine ganz besondere Art und Weise.<\/p>\n<p>Dieses Produkt wird f\u00fcr Sie individuell in der Farbe angepasst und hergestellt.<\/p>\n<p>Ihre Auswahlm\u00f6glichkeiten:<\/p>\n<ul>\n<li>Einfarbig [39,90 \u20ac]<\/li>\n<li>Zweifarbig (Schleierfarbe + T\u00e4nzerin) [59,90 \u20ac]<\/li>\n<li>Dreifarbig (Schleier 1, Schleier 2, T\u00e4nzerin) [89,90 \u20ac]<\/li>\n<\/ul>\n<p><a href=\"mailto:info@yvoprojects.de\">Hier Anfragen<\/a><\/p>\n<\/div>\n<\/div>\n<\/div>\n","protected":false},"excerpt":{"rendered":"<p>Sie tanzt! T\u00e4nzerisch umschlingt dieser Weinhalter Ihren Lieblingswein und h\u00e4lt ihn f\u00fcr Sie fest. Pr\u00e4sentieren Sie Ihren Lieblingswein mal auf eine ganz besondere Art und Weise. Dieses Produkt wird f\u00fcr Sie individuell in der Farbe angepasst und hergestellt. Ihre Auswahlm\u00f6glichkeiten: Einfarbig [39,90 \u20ac] Zweifarbig (Schleierfarbe + T\u00e4nzerin) [59,90 \u20ac] Dreifarbig (Schleier 1, Schleier 2, T\u00e4nzerin) [&hellip;]<\/p>\n","protected":false},"featured_media":725,"comment_status":"open","ping_status":"closed","template":"","meta":[],"product_brand":[],"product_cat":[25],"product_tag":[824],"class_list":{"0":"post-76456","1":"product","2":"type-product","3":"status-publish","4":"has-post-thumbnail","6":"product_cat-home-decor","7":"product_tag-wein","9":"first","10":"instock","11":"purchasable","12":"product-type-simple"},"yoast_head":"<!-- This site is optimized with the Yoast SEO plugin v25.1 - https:\/\/yoast.com\/wordpress\/plugins\/seo\/ -->\n<title>Attitude Wine Holder (Farbauswahl)<\/title>\n<meta name=\"description\" content=\"Entscheiden Sie, ob die T\u00e4nzerin in einzelner Farbe sein soll, oder in 3 verschiedenen Farben.\" \/>\n<meta name=\"robots\" content=\"index, follow, max-snippet:-1, max-image-preview:large, max-video-preview:-1\" \/>\n<link rel=\"canonical\" href=\"https:\/\/www.monitorstlflix.online\/product\/attitude-wine-holder-66c5243297962\/\" \/>\n<meta property=\"og:locale\" content=\"fr_FR\" \/>\n<meta property=\"og:type\" content=\"article\" \/>\n<meta property=\"og:title\" content=\"Attitude Wine Holder (Farbauswahl)\" \/>\n<meta property=\"og:description\" content=\"Entscheiden Sie, ob die T\u00e4nzerin in einzelner Farbe sein soll, oder in 3 verschiedenen Farben.\" \/>\n<meta property=\"og:url\" content=\"https:\/\/www.monitorstlflix.online\/product\/attitude-wine-holder-66c5243297962\/\" \/>\n<meta property=\"og:site_name\" content=\"MyStore - By STLFLIX\" \/>\n<meta property=\"article:publisher\" content=\"https:\/\/www.facebook.com\/STLFLIX\" \/>\n<meta property=\"article:modified_time\" content=\"2024-12-22T11:35:52+00:00\" \/>\n<meta property=\"og:image\" content=\"https:\/\/www.monitorstlflix.online\/wp-content\/uploads\/2024\/03\/Attitude_Wine_Holder_thumb_89b020ed18.jpg\" \/>\n\t<meta property=\"og:image:width\" content=\"1080\" \/>\n\t<meta property=\"og:image:height\" content=\"1350\" \/>\n\t<meta property=\"og:image:type\" content=\"image\/jpeg\" \/>\n<meta name=\"twitter:card\" content=\"summary_large_image\" \/>\n<script type=\"application\/ld+json\" class=\"yoast-schema-graph\">{\"@context\":\"https:\/\/schema.org\",\"@graph\":[{\"@type\":\"WebPage\",\"@id\":\"https:\/\/www.monitorstlflix.online\/product\/attitude-wine-holder-66c5243297962\/\",\"url\":\"https:\/\/www.monitorstlflix.online\/product\/attitude-wine-holder-66c5243297962\/\",\"name\":\"Attitude Wine Holder (Farbauswahl)\",\"isPartOf\":{\"@id\":\"https:\/\/my.stlflix.com\/tr\/#website\"},\"primaryImageOfPage\":{\"@id\":\"https:\/\/www.monitorstlflix.online\/product\/attitude-wine-holder-66c5243297962\/#primaryimage\"},\"image\":{\"@id\":\"https:\/\/www.monitorstlflix.online\/product\/attitude-wine-holder-66c5243297962\/#primaryimage\"},\"thumbnailUrl\":\"https:\/\/my.stlflix.com\/wp-content\/uploads\/2024\/03\/Attitude_Wine_Holder_thumb_89b020ed18.jpg\",\"datePublished\":\"2024-08-23T12:07:50+00:00\",\"dateModified\":\"2024-12-22T11:35:52+00:00\",\"description\":\"Entscheiden Sie, ob die T\u00e4nzerin in einzelner Farbe sein soll, oder in 3 verschiedenen Farben.\",\"breadcrumb\":{\"@id\":\"https:\/\/www.monitorstlflix.online\/product\/attitude-wine-holder-66c5243297962\/#breadcrumb\"},\"inLanguage\":\"fr-FR\",\"potentialAction\":[{\"@type\":\"ReadAction\",\"target\":[\"https:\/\/www.monitorstlflix.online\/product\/attitude-wine-holder-66c5243297962\/\"]}]},{\"@type\":\"ImageObject\",\"inLanguage\":\"fr-FR\",\"@id\":\"https:\/\/www.monitorstlflix.online\/product\/attitude-wine-holder-66c5243297962\/#primaryimage\",\"url\":\"https:\/\/my.stlflix.com\/wp-content\/uploads\/2024\/03\/Attitude_Wine_Holder_thumb_89b020ed18.jpg\",\"contentUrl\":\"https:\/\/my.stlflix.com\/wp-content\/uploads\/2024\/03\/Attitude_Wine_Holder_thumb_89b020ed18.jpg\",\"width\":1080,\"height\":1350},{\"@type\":\"BreadcrumbList\",\"@id\":\"https:\/\/www.monitorstlflix.online\/product\/attitude-wine-holder-66c5243297962\/#breadcrumb\",\"itemListElement\":[{\"@type\":\"ListItem\",\"position\":1,\"name\":\"Home\",\"item\":\"https:\/\/my.stlflix.com\/\"},{\"@type\":\"ListItem\",\"position\":2,\"name\":\"Products\",\"item\":\"https:\/\/my.stlflix.com\/fr\/shop\/\"},{\"@type\":\"ListItem\",\"position\":3,\"name\":\"Attitude Wine Holder (Farbauswahl)\"}]},{\"@type\":\"WebSite\",\"@id\":\"https:\/\/my.stlflix.com\/tr\/#website\",\"url\":\"https:\/\/my.stlflix.com\/tr\/\",\"name\":\"MyStore - By STLFLIX\",\"description\":\"\",\"publisher\":{\"@id\":\"https:\/\/my.stlflix.com\/tr\/#organization\"},\"potentialAction\":[{\"@type\":\"SearchAction\",\"target\":{\"@type\":\"EntryPoint\",\"urlTemplate\":\"https:\/\/my.stlflix.com\/tr\/?s={search_term_string}\"},\"query-input\":{\"@type\":\"PropertyValueSpecification\",\"valueRequired\":true,\"valueName\":\"search_term_string\"}}],\"inLanguage\":\"fr-FR\"},{\"@type\":\"Organization\",\"@id\":\"https:\/\/my.stlflix.com\/tr\/#organization\",\"name\":\"MyStore - By STLFLIX\",\"url\":\"https:\/\/my.stlflix.com\/tr\/\",\"logo\":{\"@type\":\"ImageObject\",\"inLanguage\":\"fr-FR\",\"@id\":\"https:\/\/my.stlflix.com\/tr\/#\/schema\/logo\/image\/\",\"url\":\"https:\/\/my.stlflix.com\/wp-content\/uploads\/2024\/06\/logo-mystore.png\",\"contentUrl\":\"https:\/\/my.stlflix.com\/wp-content\/uploads\/2024\/06\/logo-mystore.png\",\"width\":150,\"height\":41,\"caption\":\"MyStore - By STLFLIX\"},\"image\":{\"@id\":\"https:\/\/my.stlflix.com\/tr\/#\/schema\/logo\/image\/\"},\"sameAs\":[\"https:\/\/www.facebook.com\/STLFLIX\",\"https:\/\/www.instagram.com\/stlflix_\/\",\"https:\/\/www.tiktok.com\/@stlflix\"]}]}<\/script>\n<!-- \/ Yoast SEO plugin. -->","yoast_head_json":{"title":"Attitude Wine Holder (Farbauswahl)","description":"Entscheiden Sie, ob die T\u00e4nzerin in einzelner Farbe sein soll, oder in 3 verschiedenen Farben.","robots":{"index":"index","follow":"follow","max-snippet":"max-snippet:-1","max-image-preview":"max-image-preview:large","max-video-preview":"max-video-preview:-1"},"canonical":"https:\/\/www.monitorstlflix.online\/product\/attitude-wine-holder-66c5243297962\/","og_locale":"fr_FR","og_type":"article","og_title":"Attitude Wine Holder (Farbauswahl)","og_description":"Entscheiden Sie, ob die T\u00e4nzerin in einzelner Farbe sein soll, oder in 3 verschiedenen Farben.","og_url":"https:\/\/www.monitorstlflix.online\/product\/attitude-wine-holder-66c5243297962\/","og_site_name":"MyStore - By STLFLIX","article_publisher":"https:\/\/www.facebook.com\/STLFLIX","article_modified_time":"2024-12-22T11:35:52+00:00","og_image":[{"width":1080,"height":1350,"url":"https:\/\/www.monitorstlflix.online\/wp-content\/uploads\/2024\/03\/Attitude_Wine_Holder_thumb_89b020ed18.jpg","type":"image\/jpeg"}],"twitter_card":"summary_large_image","schema":{"@context":"https:\/\/schema.org","@graph":[{"@type":"WebPage","@id":"https:\/\/www.monitorstlflix.online\/product\/attitude-wine-holder-66c5243297962\/","url":"https:\/\/www.monitorstlflix.online\/product\/attitude-wine-holder-66c5243297962\/","name":"Attitude Wine Holder (Farbauswahl)","isPartOf":{"@id":"https:\/\/my.stlflix.com\/tr\/#website"},"primaryImageOfPage":{"@id":"https:\/\/www.monitorstlflix.online\/product\/attitude-wine-holder-66c5243297962\/#primaryimage"},"image":{"@id":"https:\/\/www.monitorstlflix.online\/product\/attitude-wine-holder-66c5243297962\/#primaryimage"},"thumbnailUrl":"https:\/\/my.stlflix.com\/wp-content\/uploads\/2024\/03\/Attitude_Wine_Holder_thumb_89b020ed18.jpg","datePublished":"2024-08-23T12:07:50+00:00","dateModified":"2024-12-22T11:35:52+00:00","description":"Entscheiden Sie, ob die T\u00e4nzerin in einzelner Farbe sein soll, oder in 3 verschiedenen Farben.","breadcrumb":{"@id":"https:\/\/www.monitorstlflix.online\/product\/attitude-wine-holder-66c5243297962\/#breadcrumb"},"inLanguage":"fr-FR","potentialAction":[{"@type":"ReadAction","target":["https:\/\/www.monitorstlflix.online\/product\/attitude-wine-holder-66c5243297962\/"]}]},{"@type":"ImageObject","inLanguage":"fr-FR","@id":"https:\/\/www.monitorstlflix.online\/product\/attitude-wine-holder-66c5243297962\/#primaryimage","url":"https:\/\/my.stlflix.com\/wp-content\/uploads\/2024\/03\/Attitude_Wine_Holder_thumb_89b020ed18.jpg","contentUrl":"https:\/\/my.stlflix.com\/wp-content\/uploads\/2024\/03\/Attitude_Wine_Holder_thumb_89b020ed18.jpg","width":1080,"height":1350},{"@type":"BreadcrumbList","@id":"https:\/\/www.monitorstlflix.online\/product\/attitude-wine-holder-66c5243297962\/#breadcrumb","itemListElement":[{"@type":"ListItem","position":1,"name":"Home","item":"https:\/\/my.stlflix.com\/"},{"@type":"ListItem","position":2,"name":"Products","item":"https:\/\/my.stlflix.com\/fr\/shop\/"},{"@type":"ListItem","position":3,"name":"Attitude Wine Holder (Farbauswahl)"}]},{"@type":"WebSite","@id":"https:\/\/my.stlflix.com\/tr\/#website","url":"https:\/\/my.stlflix.com\/tr\/","name":"MyStore - By STLFLIX","description":"","publisher":{"@id":"https:\/\/my.stlflix.com\/tr\/#organization"},"potentialAction":[{"@type":"SearchAction","target":{"@type":"EntryPoint","urlTemplate":"https:\/\/my.stlflix.com\/tr\/?s={search_term_string}"},"query-input":{"@type":"PropertyValueSpecification","valueRequired":true,"valueName":"search_term_string"}}],"inLanguage":"fr-FR"},{"@type":"Organization","@id":"https:\/\/my.stlflix.com\/tr\/#organization","name":"MyStore - By STLFLIX","url":"https:\/\/my.stlflix.com\/tr\/","logo":{"@type":"ImageObject","inLanguage":"fr-FR","@id":"https:\/\/my.stlflix.com\/tr\/#\/schema\/logo\/image\/","url":"https:\/\/my.stlflix.com\/wp-content\/uploads\/2024\/06\/logo-mystore.png","contentUrl":"https:\/\/my.stlflix.com\/wp-content\/uploads\/2024\/06\/logo-mystore.png","width":150,"height":41,"caption":"MyStore - By STLFLIX"},"image":{"@id":"https:\/\/my.stlflix.com\/tr\/#\/schema\/logo\/image\/"},"sameAs":["https:\/\/www.facebook.com\/STLFLIX","https:\/\/www.instagram.com\/stlflix_\/","https:\/\/www.tiktok.com\/@stlflix"]}]}},"_links":{"self":[{"href":"https:\/\/my.stlflix.com\/fr\/wp-json\/wp\/v2\/product\/76456","targetHints":{"allow":["GET"]}}],"collection":[{"href":"https:\/\/my.stlflix.com\/fr\/wp-json\/wp\/v2\/product"}],"about":[{"href":"https:\/\/my.stlflix.com\/fr\/wp-json\/wp\/v2\/types\/product"}],"replies":[{"embeddable":true,"href":"https:\/\/my.stlflix.com\/fr\/wp-json\/wp\/v2\/comments?post=76456"}],"wp:featuredmedia":[{"embeddable":true,"href":"https:\/\/my.stlflix.com\/fr\/wp-json\/wp\/v2\/media\/725"}],"wp:attachment":[{"href":"https:\/\/my.stlflix.com\/fr\/wp-json\/wp\/v2\/media?parent=76456"}],"wp:term":[{"taxonomy":"product_brand","embeddable":true,"href":"https:\/\/my.stlflix.com\/fr\/wp-json\/wp\/v2\/product_brand?post=76456"},{"taxonomy":"product_cat","embeddable":true,"href":"https:\/\/my.stlflix.com\/fr\/wp-json\/wp\/v2\/product_cat?post=76456"},{"taxonomy":"product_tag","embeddable":true,"href":"https:\/\/my.stlflix.com\/fr\/wp-json\/wp\/v2\/product_tag?post=76456"}],"curies":[{"name":"wp","href":"https:\/\/api.w.org\/{rel}","templated":true}]}}