{"id":76458,"date":"2024-08-23T12:10:29","date_gmt":"2024-08-23T12:10:29","guid":{"rendered":"https:\/\/my.stlflix.com\/?post_type=product&#038;p=76458"},"modified":"2024-12-22T11:35:52","modified_gmt":"2024-12-22T11:35:52","slug":"bordeaux-the-octopus-wine-holder-66c5244c32f4d","status":"publish","type":"product","link":"https:\/\/my.stlflix.com\/fr\/product\/bordeaux-the-octopus-wine-holder-66c5244c32f4d\/","title":{"rendered":"Bordeaux, The Octopus Wine Holder"},"content":{"rendered":"<div class=\"elementor-element elementor-element-b48b0b8 e-con-full e-flex e-con e-child\" data-id=\"b48b0b8\" data-element_type=\"container\">\n<div class=\"elementor-element elementor-element-4a0517a elementor-widget elementor-widget-text-editor\" data-id=\"4a0517a\" data-element_type=\"widget\" data-widget_type=\"text-editor.default\">\n<div class=\"elementor-widget-container\">\n<p>\u201eDas ist meine Flasche!\u201c \u2013 Der Oktopus passt stylisch auf Ihre Weinflasche auf.<br \/>\nEntscheiden Sie, in welcher Farbe Ihr Weinhalter strahlen soll und mit welcher Augenfarbe der Oktopus die Umgebung beobachtet.<\/p>\n<p>Dieses Produkt wird f\u00fcr Sie individuell in der Farbe angepasst und hergestellt.<\/p>\n<p>Ihre Auswahlm\u00f6glichkeiten:<\/p>\n<ul>\n<li>K\u00f6rperfarbe<\/li>\n<li>Augenfarbe<\/li>\n<li>Gr\u00f6\u00dfe\n<ul>\n<li>19 \u00d7 23,8 \u00d7 24 cm [66,99 \u20ac]<\/li>\n<\/ul>\n<\/li>\n<\/ul>\n<p><a href=\"mailto:info@yvoprojects.de\">Hier Anfragen<\/a><\/p>\n<\/div>\n<\/div>\n<\/div>\n","protected":false},"excerpt":{"rendered":"<p>\u201eDas ist meine Flasche!\u201c \u2013 Der Oktopus passt stylisch auf Ihre Weinflasche auf. Entscheiden Sie, in welcher Farbe Ihr Weinhalter strahlen soll und mit welcher Augenfarbe der Oktopus die Umgebung beobachtet. Dieses Produkt wird f\u00fcr Sie individuell in der Farbe angepasst und hergestellt. Ihre Auswahlm\u00f6glichkeiten: K\u00f6rperfarbe Augenfarbe Gr\u00f6\u00dfe 19 \u00d7 23,8 \u00d7 24 cm [66,99 [&hellip;]<\/p>\n","protected":false},"featured_media":9320,"comment_status":"open","ping_status":"closed","template":"","meta":[],"product_brand":[],"product_cat":[52],"product_tag":[824],"class_list":{"0":"post-76458","1":"product","2":"type-product","3":"status-publish","4":"has-post-thumbnail","6":"product_cat-best-sellers","7":"product_tag-wein","9":"first","10":"instock","11":"purchasable","12":"product-type-simple"},"yoast_head":"<!-- This site is optimized with the Yoast SEO plugin v25.1 - https:\/\/yoast.com\/wordpress\/plugins\/seo\/ -->\n<title>Bordeaux, The Octopus Wine Holder<\/title>\n<meta name=\"description\" content=\"Ihr Weinhalter f\u00fcr den extra Touch!\" \/>\n<meta name=\"robots\" content=\"index, follow, max-snippet:-1, max-image-preview:large, max-video-preview:-1\" \/>\n<link rel=\"canonical\" href=\"https:\/\/my.stlflix.com\/product\/bordeaux-the-octopus-wine-holder-66c5244c32f4d\/\" \/>\n<meta property=\"og:locale\" content=\"fr_FR\" \/>\n<meta property=\"og:type\" content=\"article\" \/>\n<meta property=\"og:title\" content=\"Bordeaux, The Octopus Wine Holder\" \/>\n<meta property=\"og:description\" content=\"Ihr Weinhalter f\u00fcr den extra Touch!\" \/>\n<meta property=\"og:url\" content=\"https:\/\/my.stlflix.com\/product\/bordeaux-the-octopus-wine-holder-66c5244c32f4d\/\" \/>\n<meta property=\"og:site_name\" content=\"MyStore - By STLFLIX\" \/>\n<meta property=\"article:publisher\" content=\"https:\/\/www.facebook.com\/STLFLIX\" \/>\n<meta property=\"article:modified_time\" content=\"2024-12-22T11:35:52+00:00\" \/>\n<meta property=\"og:image\" content=\"https:\/\/my.stlflix.com\/wp-content\/uploads\/2024\/03\/Bordeaux_the_octopus_142bcaedc2.png\" \/>\n\t<meta property=\"og:image:width\" content=\"542\" \/>\n\t<meta property=\"og:image:height\" content=\"678\" \/>\n\t<meta property=\"og:image:type\" content=\"image\/png\" \/>\n<meta name=\"twitter:card\" content=\"summary_large_image\" \/>\n<script type=\"application\/ld+json\" class=\"yoast-schema-graph\">{\"@context\":\"https:\/\/schema.org\",\"@graph\":[{\"@type\":\"WebPage\",\"@id\":\"https:\/\/my.stlflix.com\/product\/bordeaux-the-octopus-wine-holder-66c5244c32f4d\/\",\"url\":\"https:\/\/my.stlflix.com\/product\/bordeaux-the-octopus-wine-holder-66c5244c32f4d\/\",\"name\":\"Bordeaux, The Octopus Wine Holder\",\"isPartOf\":{\"@id\":\"https:\/\/my.stlflix.com\/tr\/#website\"},\"primaryImageOfPage\":{\"@id\":\"https:\/\/my.stlflix.com\/product\/bordeaux-the-octopus-wine-holder-66c5244c32f4d\/#primaryimage\"},\"image\":{\"@id\":\"https:\/\/my.stlflix.com\/product\/bordeaux-the-octopus-wine-holder-66c5244c32f4d\/#primaryimage\"},\"thumbnailUrl\":\"https:\/\/my.stlflix.com\/wp-content\/uploads\/2024\/03\/Bordeaux_the_octopus_142bcaedc2.png\",\"datePublished\":\"2024-08-23T12:10:29+00:00\",\"dateModified\":\"2024-12-22T11:35:52+00:00\",\"description\":\"Ihr Weinhalter f\u00fcr den extra Touch!\",\"breadcrumb\":{\"@id\":\"https:\/\/my.stlflix.com\/product\/bordeaux-the-octopus-wine-holder-66c5244c32f4d\/#breadcrumb\"},\"inLanguage\":\"fr-FR\",\"potentialAction\":[{\"@type\":\"ReadAction\",\"target\":[\"https:\/\/my.stlflix.com\/product\/bordeaux-the-octopus-wine-holder-66c5244c32f4d\/\"]}]},{\"@type\":\"ImageObject\",\"inLanguage\":\"fr-FR\",\"@id\":\"https:\/\/my.stlflix.com\/product\/bordeaux-the-octopus-wine-holder-66c5244c32f4d\/#primaryimage\",\"url\":\"https:\/\/my.stlflix.com\/wp-content\/uploads\/2024\/03\/Bordeaux_the_octopus_142bcaedc2.png\",\"contentUrl\":\"https:\/\/my.stlflix.com\/wp-content\/uploads\/2024\/03\/Bordeaux_the_octopus_142bcaedc2.png\",\"width\":542,\"height\":678},{\"@type\":\"BreadcrumbList\",\"@id\":\"https:\/\/my.stlflix.com\/product\/bordeaux-the-octopus-wine-holder-66c5244c32f4d\/#breadcrumb\",\"itemListElement\":[{\"@type\":\"ListItem\",\"position\":1,\"name\":\"Home\",\"item\":\"https:\/\/my.stlflix.com\/\"},{\"@type\":\"ListItem\",\"position\":2,\"name\":\"Products\",\"item\":\"https:\/\/my.stlflix.com\/fr\/shop\/\"},{\"@type\":\"ListItem\",\"position\":3,\"name\":\"Bordeaux, The Octopus Wine Holder\"}]},{\"@type\":\"WebSite\",\"@id\":\"https:\/\/my.stlflix.com\/tr\/#website\",\"url\":\"https:\/\/my.stlflix.com\/tr\/\",\"name\":\"MyStore - By STLFLIX\",\"description\":\"\",\"publisher\":{\"@id\":\"https:\/\/my.stlflix.com\/tr\/#organization\"},\"potentialAction\":[{\"@type\":\"SearchAction\",\"target\":{\"@type\":\"EntryPoint\",\"urlTemplate\":\"https:\/\/my.stlflix.com\/tr\/?s={search_term_string}\"},\"query-input\":{\"@type\":\"PropertyValueSpecification\",\"valueRequired\":true,\"valueName\":\"search_term_string\"}}],\"inLanguage\":\"fr-FR\"},{\"@type\":\"Organization\",\"@id\":\"https:\/\/my.stlflix.com\/tr\/#organization\",\"name\":\"MyStore - By STLFLIX\",\"url\":\"https:\/\/my.stlflix.com\/tr\/\",\"logo\":{\"@type\":\"ImageObject\",\"inLanguage\":\"fr-FR\",\"@id\":\"https:\/\/my.stlflix.com\/tr\/#\/schema\/logo\/image\/\",\"url\":\"https:\/\/my.stlflix.com\/wp-content\/uploads\/2024\/06\/logo-mystore.png\",\"contentUrl\":\"https:\/\/my.stlflix.com\/wp-content\/uploads\/2024\/06\/logo-mystore.png\",\"width\":150,\"height\":41,\"caption\":\"MyStore - By STLFLIX\"},\"image\":{\"@id\":\"https:\/\/my.stlflix.com\/tr\/#\/schema\/logo\/image\/\"},\"sameAs\":[\"https:\/\/www.facebook.com\/STLFLIX\",\"https:\/\/www.instagram.com\/stlflix_\/\",\"https:\/\/www.tiktok.com\/@stlflix\"]}]}<\/script>\n<!-- \/ Yoast SEO plugin. -->","yoast_head_json":{"title":"Bordeaux, The Octopus Wine Holder","description":"Ihr Weinhalter f\u00fcr den extra Touch!","robots":{"index":"index","follow":"follow","max-snippet":"max-snippet:-1","max-image-preview":"max-image-preview:large","max-video-preview":"max-video-preview:-1"},"canonical":"https:\/\/my.stlflix.com\/product\/bordeaux-the-octopus-wine-holder-66c5244c32f4d\/","og_locale":"fr_FR","og_type":"article","og_title":"Bordeaux, The Octopus Wine Holder","og_description":"Ihr Weinhalter f\u00fcr den extra Touch!","og_url":"https:\/\/my.stlflix.com\/product\/bordeaux-the-octopus-wine-holder-66c5244c32f4d\/","og_site_name":"MyStore - By STLFLIX","article_publisher":"https:\/\/www.facebook.com\/STLFLIX","article_modified_time":"2024-12-22T11:35:52+00:00","og_image":[{"width":542,"height":678,"url":"https:\/\/my.stlflix.com\/wp-content\/uploads\/2024\/03\/Bordeaux_the_octopus_142bcaedc2.png","type":"image\/png"}],"twitter_card":"summary_large_image","schema":{"@context":"https:\/\/schema.org","@graph":[{"@type":"WebPage","@id":"https:\/\/my.stlflix.com\/product\/bordeaux-the-octopus-wine-holder-66c5244c32f4d\/","url":"https:\/\/my.stlflix.com\/product\/bordeaux-the-octopus-wine-holder-66c5244c32f4d\/","name":"Bordeaux, The Octopus Wine Holder","isPartOf":{"@id":"https:\/\/my.stlflix.com\/tr\/#website"},"primaryImageOfPage":{"@id":"https:\/\/my.stlflix.com\/product\/bordeaux-the-octopus-wine-holder-66c5244c32f4d\/#primaryimage"},"image":{"@id":"https:\/\/my.stlflix.com\/product\/bordeaux-the-octopus-wine-holder-66c5244c32f4d\/#primaryimage"},"thumbnailUrl":"https:\/\/my.stlflix.com\/wp-content\/uploads\/2024\/03\/Bordeaux_the_octopus_142bcaedc2.png","datePublished":"2024-08-23T12:10:29+00:00","dateModified":"2024-12-22T11:35:52+00:00","description":"Ihr Weinhalter f\u00fcr den extra Touch!","breadcrumb":{"@id":"https:\/\/my.stlflix.com\/product\/bordeaux-the-octopus-wine-holder-66c5244c32f4d\/#breadcrumb"},"inLanguage":"fr-FR","potentialAction":[{"@type":"ReadAction","target":["https:\/\/my.stlflix.com\/product\/bordeaux-the-octopus-wine-holder-66c5244c32f4d\/"]}]},{"@type":"ImageObject","inLanguage":"fr-FR","@id":"https:\/\/my.stlflix.com\/product\/bordeaux-the-octopus-wine-holder-66c5244c32f4d\/#primaryimage","url":"https:\/\/my.stlflix.com\/wp-content\/uploads\/2024\/03\/Bordeaux_the_octopus_142bcaedc2.png","contentUrl":"https:\/\/my.stlflix.com\/wp-content\/uploads\/2024\/03\/Bordeaux_the_octopus_142bcaedc2.png","width":542,"height":678},{"@type":"BreadcrumbList","@id":"https:\/\/my.stlflix.com\/product\/bordeaux-the-octopus-wine-holder-66c5244c32f4d\/#breadcrumb","itemListElement":[{"@type":"ListItem","position":1,"name":"Home","item":"https:\/\/my.stlflix.com\/"},{"@type":"ListItem","position":2,"name":"Products","item":"https:\/\/my.stlflix.com\/fr\/shop\/"},{"@type":"ListItem","position":3,"name":"Bordeaux, The Octopus Wine Holder"}]},{"@type":"WebSite","@id":"https:\/\/my.stlflix.com\/tr\/#website","url":"https:\/\/my.stlflix.com\/tr\/","name":"MyStore - By STLFLIX","description":"","publisher":{"@id":"https:\/\/my.stlflix.com\/tr\/#organization"},"potentialAction":[{"@type":"SearchAction","target":{"@type":"EntryPoint","urlTemplate":"https:\/\/my.stlflix.com\/tr\/?s={search_term_string}"},"query-input":{"@type":"PropertyValueSpecification","valueRequired":true,"valueName":"search_term_string"}}],"inLanguage":"fr-FR"},{"@type":"Organization","@id":"https:\/\/my.stlflix.com\/tr\/#organization","name":"MyStore - By STLFLIX","url":"https:\/\/my.stlflix.com\/tr\/","logo":{"@type":"ImageObject","inLanguage":"fr-FR","@id":"https:\/\/my.stlflix.com\/tr\/#\/schema\/logo\/image\/","url":"https:\/\/my.stlflix.com\/wp-content\/uploads\/2024\/06\/logo-mystore.png","contentUrl":"https:\/\/my.stlflix.com\/wp-content\/uploads\/2024\/06\/logo-mystore.png","width":150,"height":41,"caption":"MyStore - By STLFLIX"},"image":{"@id":"https:\/\/my.stlflix.com\/tr\/#\/schema\/logo\/image\/"},"sameAs":["https:\/\/www.facebook.com\/STLFLIX","https:\/\/www.instagram.com\/stlflix_\/","https:\/\/www.tiktok.com\/@stlflix"]}]}},"_links":{"self":[{"href":"https:\/\/my.stlflix.com\/fr\/wp-json\/wp\/v2\/product\/76458","targetHints":{"allow":["GET"]}}],"collection":[{"href":"https:\/\/my.stlflix.com\/fr\/wp-json\/wp\/v2\/product"}],"about":[{"href":"https:\/\/my.stlflix.com\/fr\/wp-json\/wp\/v2\/types\/product"}],"replies":[{"embeddable":true,"href":"https:\/\/my.stlflix.com\/fr\/wp-json\/wp\/v2\/comments?post=76458"}],"wp:featuredmedia":[{"embeddable":true,"href":"https:\/\/my.stlflix.com\/fr\/wp-json\/wp\/v2\/media\/9320"}],"wp:attachment":[{"href":"https:\/\/my.stlflix.com\/fr\/wp-json\/wp\/v2\/media?parent=76458"}],"wp:term":[{"taxonomy":"product_brand","embeddable":true,"href":"https:\/\/my.stlflix.com\/fr\/wp-json\/wp\/v2\/product_brand?post=76458"},{"taxonomy":"product_cat","embeddable":true,"href":"https:\/\/my.stlflix.com\/fr\/wp-json\/wp\/v2\/product_cat?post=76458"},{"taxonomy":"product_tag","embeddable":true,"href":"https:\/\/my.stlflix.com\/fr\/wp-json\/wp\/v2\/product_tag?post=76458"}],"curies":[{"name":"wp","href":"https:\/\/api.w.org\/{rel}","templated":true}]}}